{"id":22118,"date":"2025-10-20T15:54:32","date_gmt":"2025-10-20T15:54:32","guid":{"rendered":"https:\/\/www.ghostysky.com\/?post_type=product&#038;p=22118"},"modified":"2025-10-20T16:10:45","modified_gmt":"2025-10-20T16:10:45","slug":"ufactory-xarm-6-with-direct-drive-linear-motor","status":"publish","type":"product","link":"https:\/\/www.ghostysky.com\/es\/product\/ufactory-xarm-6-with-direct-drive-linear-motor\/","title":{"rendered":"UFACTORY xArm 6 con motor lineal de accionamiento directo"},"content":{"rendered":"<h4>Caracter\u00edsticas y beneficios clave<\/h4>\n<ul>\n<li><b>Rango de trabajo extendido:<\/b><span class=\"citation-1600\"> El motor lineal de accionamiento directo integrado proporciona un adicional <\/span><b><span class=\"citation-1600\">700 mm de recorrido<\/span><\/b><span class=\"citation-1600\"> (disponible en varias longitudes) al alcance nativo de 700 mm del xArm 6, efectivamente <\/span><b><span class=\"citation-1600\">aumentando la dotaci\u00f3n operativa general hasta en 50%<\/span><\/b><span class=\"citation-1600 citation-end-1600\">.<sup class=\"superscript\" data-turn-source-index=\"2\">2<\/sup><\/span> Esto es esencial para aplicaciones que requieren trabajar en una l\u00ednea de producci\u00f3n larga, selecci\u00f3n y colocaci\u00f3n a gran escala o cuidado de m\u00e1quinas con \u00e1reas de entrada\/salida muy espaciadas.<\/li>\n<li><b>Alta precisi\u00f3n y repetibilidad:<\/b><span class=\"citation-1599 citation-end-1599\"> El xArm 6 mantiene su rendimiento de grado industrial con un <sup class=\"superscript\" data-turn-source-index=\"3\">3<\/sup><\/span><span class=\"math-inline\" data-math=\"\\mathbf{5}\">$\\mathbf{5}$<\/span> <b><span class=\"citation-1598\">kg de carga \u00fatil<\/span><\/b><span class=\"citation-1598 citation-end-1598\"> capacidad y <sup class=\"superscript\" data-turn-source-index=\"4\">4<\/sup><\/span><b><span class=\"math-inline\" data-math=\"\\mathbf{\\pm0.1}\">$\\mathbf{\\pm0.1}$<\/span><span class=\"citation-1597\"> repetibilidad en mm<\/span><\/b><span class=\"citation-1597 citation-end-1597\">.<sup class=\"superscript\" data-turn-source-index=\"5\">5<\/sup><\/span> El motor lineal de accionamiento directo cuenta con un movimiento de precisi\u00f3n extremadamente alta con una repetibilidad de <b><span class=\"math-inline\" data-math=\"\\mathbf{\\pm5}\">$\\mathbf{\\pm5}$<\/span> $\\mathbf{\\mu}$m<\/b> (micr\u00f3metros), lo que garantiza que el sistema combinado ofrezca resultados precisos y consistentes en todo el rango extendido.<\/li>\n<li><b>Tecnolog\u00eda de accionamiento directo:<\/b><span class=\"citation-1596 citation-end-1596\"> El motor lineal utiliza un mecanismo de accionamiento directo, lo que contribuye a su precisi\u00f3n y velocidad superiores (hasta <sup class=\"superscript\" data-turn-source-index=\"6\">6<\/sup><\/span><b><span class=\"math-inline\" data-math=\"\\mathbf{1}\">$\\mathbf{1}$<\/span><span class=\"citation-1595 citation-end-1595\"> <sup class=\"superscript\" data-turn-source-index=\"7\">7<\/sup><\/span><span class=\"math-inline\" data-math=\"\\mathbf{m\/s}\">$\\mathbf{m\/s}$<\/span><\/b><span class=\"citation-1594 citation-end-1594\">) y durabilidad.<sup class=\"superscript\" data-turn-source-index=\"8\">8<\/sup><\/span> Esta tecnolog\u00eda ofrece una excelente respuesta y elimina el juego asociado con las transmisiones por tornillo o correa tradicionales.<\/li>\n<li><b><span class=\"citation-1593\">Dise\u00f1o colaborativo y seguro:<\/span><\/b><span class=\"citation-1593\"> El xArm 6 est\u00e1 construido con protocolos de seguridad, incluido un <\/span><b><span class=\"citation-1593\">funci\u00f3n de detecci\u00f3n de colisiones<\/span><\/b><span class=\"citation-1593 citation-end-1593\">, para trabajar en armon\u00eda junto a operadores humanos, lo que lo hace ideal para entornos de fabricaci\u00f3n colaborativa modernos.<sup class=\"superscript\" data-turn-source-index=\"9\">9<\/sup><\/span> <span class=\"citation-1592\">El brazo rob\u00f3tico est\u00e1 construido a partir de <\/span><b><span class=\"citation-1592\">fibra de carbono ligera y aluminio<\/span><\/b><span class=\"citation-1592 citation-end-1592\">, reduciendo el peso del sistema para una implementaci\u00f3n m\u00e1s sencilla.<\/span><\/li>\n<li><b><span class=\"citation-1591\">Integraci\u00f3n y control sin fisuras:<\/span><\/b><span class=\"citation-1591\"> El motor lineal est\u00e1 dise\u00f1ado para <\/span><b><span class=\"citation-1591\">f\u00e1cil integraci\u00f3n<\/span><\/b><span class=\"citation-1591 citation-end-1591\"> con el xArm 6, gestionado a trav\u00e9s de una soluci\u00f3n de sistema unificada.<sup class=\"superscript\" data-turn-source-index=\"11\">11<\/sup><\/span> <span class=\"citation-1590\">La programaci\u00f3n y el funcionamiento se simplifican utilizando <\/span><b><span class=\"citation-1590\">Estudio UFACTORY<\/span><\/b><span class=\"citation-1590\">, un completo <\/span><b><span class=\"citation-1590\">Interfaz gr\u00e1fica de usuario (GUI)<\/span><\/b><span class=\"citation-1590\"> plataforma que soporta <\/span><b><span class=\"citation-1590\">ense\u00f1anza del drag<\/span><\/b><span class=\"citation-1590 citation-end-1590\"> para configurar tareas r\u00e1pidamente sin codificaci\u00f3n compleja.<\/span><\/li>\n<li><b><span class=\"citation-1589\">Flexibilidad de c\u00f3digo abierto:<\/span><\/b><span class=\"citation-1589\"> Para un desarrollo avanzado, el sistema admite plataformas de c\u00f3digo abierto y ofrece una <\/span><b><span class=\"citation-1589\">Kit de desarrollo de software (SDK)<\/span><\/b><span class=\"citation-1589\"> con <\/span><b><span class=\"citation-1589\">Python, ROS y C++<\/span><\/b><span class=\"citation-1589 citation-end-1589\"> compatibilidad, proporcionando la m\u00e1xima flexibilidad para la investigaci\u00f3n, personalizaci\u00f3n e integraci\u00f3n en marcos de automatizaci\u00f3n existentes.<\/span><\/li>\n<\/ul>\n<h4>Especificaciones t\u00e9cnicas (aspectos destacados del sistema combinado)<\/h4>\n<table>\n<thead>\n<tr>\n<td><strong>Caracter\u00edstica<\/strong><\/td>\n<td><strong>Especificaci\u00f3n<\/strong><\/td>\n<\/tr>\n<\/thead>\n<tbody>\n<tr>\n<td><b>DoF del brazo rob\u00f3tico<\/b><\/td>\n<td>6 grados de libertad<\/td>\n<\/tr>\n<tr>\n<td><b>Carga \u00fatil<\/b><\/td>\n<td><span class=\"math-inline\" data-math=\"5\\text{ kg}\">$5\\texto{ kg}$<\/span><\/td>\n<\/tr>\n<tr>\n<td><b>Alcance del brazo<\/b><\/td>\n<td><span class=\"math-inline\" data-math=\"700\\text{ mm}\">$700\\texto{ mm}$<\/span> (m\u00e1s recorrido del motor lineal)<\/td>\n<\/tr>\n<tr>\n<td><b>Recorrido del motor lineal<\/b><\/td>\n<td><span class=\"math-inline\" data-math=\"700\\text{ mm}\">$700\\texto{ mm}$<\/span> (Modelo est\u00e1ndar)<\/td>\n<\/tr>\n<tr>\n<td><b>Repetibilidad del brazo<\/b><\/td>\n<td><span class=\"math-inline\" data-math=\"\\pm0.1\\text{ mm}\">$\\pm0.1\\texto{ mm}$<\/span><\/td>\n<\/tr>\n<tr>\n<td><b>Repetibilidad del motor lineal<\/b><\/td>\n<td><span class=\"math-inline\" data-math=\"\\pm5\\text{ }\\mu\\text{m}\">$\\pm5\\texto{ }\\mu\\texto{m}$<\/span><\/td>\n<\/tr>\n<tr>\n<td><b>Velocidad m\u00e1xima<\/b><\/td>\n<td><span class=\"math-inline\" data-math=\"1\\text{ m\/s}\">$1\\texto{ m\/s}$<\/span><\/td>\n<\/tr>\n<tr>\n<td><b>Carga m\u00e1xima del motor<\/b><\/td>\n<td><span class=\"math-inline\" data-math=\"200\\text{ kg}\">$200\\texto{kg}$<\/span> (Clasificaci\u00f3n del motor)<\/td>\n<\/tr>\n<tr>\n<td><b>Materiales<\/b><\/td>\n<td>Aluminio, fibra de carbono<\/td>\n<\/tr>\n<\/tbody>\n<\/table>\n<p>&nbsp;<\/p>\n<h4>Aplicaciones ideales<\/h4>\n<p>El xArm 6 con motor lineal de accionamiento directo es ideal para tareas complejas y repetitivas en \u00e1reas grandes, que incluyen:<\/p>\n<ul>\n<li><b><span class=\"citation-1588 interactive-span-hovered\">Cuidado de m\u00e1quinas<\/span><\/b><span class=\"citation-1588 citation-end-1588 interactive-span-hovered\"> (carga\/descarga de varias m\u00e1quinas distantes)<\/span><\/li>\n<li><b>Pick-and-Place de alto volumen<\/b> y automatizaci\u00f3n log\u00edstica<\/li>\n<li><b><span class=\"citation-1587\">Asamblea<\/span><\/b><span class=\"citation-1587\"> y <\/span><b><span class=\"citation-1587\">Embalaje<\/span><\/b><span class=\"citation-1587 citation-end-1587\"> a trav\u00e9s de l\u00edneas de producci\u00f3n extendidas<\/span><\/li>\n<li><b><span class=\"citation-1586\">Inspecci\u00f3n<\/span><\/b><span class=\"citation-1586\"> y <\/span><b><span class=\"citation-1586\">Control de calidad<\/span><\/b><span class=\"citation-1586 citation-end-1586\"> Uso de sistemas de visi\u00f3n sobre componentes de gran tama\u00f1o<\/span><\/li>\n<li><b><span class=\"citation-1585 interactive-span-hovered\">Investigaci\u00f3n y desarrollo<\/span><\/b><span class=\"citation-1585 citation-end-1585 interactive-span-hovered\"> requiriendo movimiento lineal de alta precisi\u00f3n.<\/span><\/li>\n<\/ul>","protected":false},"excerpt":{"rendered":"<p><span class=\"citation-1601\">El <\/span><b><span class=\"citation-1601\">UFACTORY xArm 6 con motor lineal de accionamiento directo<\/span><\/b><span class=\"citation-1601\"> es un sistema rob\u00f3tico colaborativo de alto rendimiento dise\u00f1ado para mejorar significativamente <\/span><b><span class=\"citation-1601\">ampliar el espacio de trabajo y la precisi\u00f3n<\/span><\/b><span class=\"citation-1601 citation-end-1601\"> del manipulador est\u00e1ndar xArm 6 para aplicaciones industriales y de investigaci\u00f3n avanzada.<\/span><\/p>\n<ul>\n<li>700 mm de recorrido<\/li>\n<li>Repetibilidad \u00b15 um<\/li>\n<li>Velocidad m\u00e1xima 1 m\/s<\/li>\n<li>Programaci\u00f3n gr\u00e1fica<\/li>\n<\/ul>","protected":false},"featured_media":22120,"comment_status":"open","ping_status":"closed","template":"","meta":[],"product_brand":[1148],"product_cat":[1037,1145,1146],"product_tag":[1149,1151,1153],"class_list":{"0":"post-22118","1":"product","2":"type-product","3":"status-publish","4":"has-post-thumbnail","6":"product_brand-ufactory","7":"product_cat-robotics","8":"product_cat-ufactory","9":"product_cat-arms","10":"product_tag-ufactory","11":"product_tag-ufactory-arm","12":"product_tag-ufactory-xarm6","14":"first","15":"onbackorder","16":"taxable","17":"shipping-taxable","18":"purchasable","19":"product-type-simple"},"yoast_head":"<!-- This site is optimized with the Yoast SEO plugin v27.4 - https:\/\/yoast.com\/product\/yoast-seo-wordpress\/ -->\n<title>UFACTORY xArm 6 With Direct-drive Linear Motor - Ghostysky<\/title>\n<meta name=\"description\" content=\"The UFACTORY xArm 6 With Direct-drive Linear Motor is a high-performance, collaborative robotic system engineered to significantly extend the workspace and precision of the standard xArm 6 manipulator for industrial and advanced research applications.\" \/>\n<meta name=\"robots\" content=\"index, follow, max-snippet:-1, max-image-preview:large, max-video-preview:-1\" \/>\n<link rel=\"canonical\" href=\"https:\/\/www.ghostysky.com\/es\/producto-2\/ufactory-xarm-6-with-direct-drive-linear-motor\/\" \/>\n<meta property=\"og:locale\" content=\"es_ES\" \/>\n<meta property=\"og:type\" content=\"article\" \/>\n<meta property=\"og:title\" content=\"UFACTORY xArm 6 With Direct-drive Linear Motor - Ghostysky\" \/>\n<meta property=\"og:description\" content=\"The UFACTORY xArm 6 With Direct-drive Linear Motor is a high-performance, collaborative robotic system engineered to significantly extend the workspace and precision of the standard xArm 6 manipulator for industrial and advanced research applications.\" \/>\n<meta property=\"og:url\" content=\"https:\/\/www.ghostysky.com\/es\/producto-2\/ufactory-xarm-6-with-direct-drive-linear-motor\/\" \/>\n<meta property=\"og:site_name\" content=\"Ghostysky\" \/>\n<meta property=\"article:publisher\" content=\"https:\/\/www.facebook.com\/people\/Ghostysky\/100057676170234\/\" \/>\n<meta property=\"article:modified_time\" content=\"2025-10-20T16:10:45+00:00\" \/>\n<meta property=\"og:image\" content=\"https:\/\/www.ghostysky.com\/wp-content\/uploads\/2025\/10\/GH_UFACTORY-xArm-6-With-Direct-drive-Linear-Motor_1.png\" \/>\n\t<meta property=\"og:image:width\" content=\"2084\" \/>\n\t<meta property=\"og:image:height\" content=\"2084\" \/>\n\t<meta property=\"og:image:type\" content=\"image\/png\" \/>\n<meta name=\"twitter:card\" content=\"summary_large_image\" \/>\n<meta name=\"twitter:site\" content=\"@Gh0stysky\" \/>\n<meta name=\"twitter:label1\" content=\"Tiempo de lectura\" \/>\n\t<meta name=\"twitter:data1\" content=\"2 minutos\" \/>\n<script type=\"application\/ld+json\" class=\"yoast-schema-graph\">{\"@context\":\"https:\\\/\\\/schema.org\",\"@graph\":[{\"@type\":\"WebPage\",\"@id\":\"https:\\\/\\\/www.ghostysky.com\\\/product\\\/ufactory-xarm-6-with-direct-drive-linear-motor\\\/\",\"url\":\"https:\\\/\\\/www.ghostysky.com\\\/product\\\/ufactory-xarm-6-with-direct-drive-linear-motor\\\/\",\"name\":\"UFACTORY xArm 6 With Direct-drive Linear Motor - Ghostysky\",\"isPartOf\":{\"@id\":\"https:\\\/\\\/www.ghostysky.com\\\/#website\"},\"primaryImageOfPage\":{\"@id\":\"https:\\\/\\\/www.ghostysky.com\\\/product\\\/ufactory-xarm-6-with-direct-drive-linear-motor\\\/#primaryimage\"},\"image\":{\"@id\":\"https:\\\/\\\/www.ghostysky.com\\\/product\\\/ufactory-xarm-6-with-direct-drive-linear-motor\\\/#primaryimage\"},\"thumbnailUrl\":\"https:\\\/\\\/www.ghostysky.com\\\/wp-content\\\/uploads\\\/2025\\\/10\\\/GH_UFACTORY-xArm-6-With-Direct-drive-Linear-Motor_1.png\",\"datePublished\":\"2025-10-20T15:54:32+00:00\",\"dateModified\":\"2025-10-20T16:10:45+00:00\",\"description\":\"The UFACTORY xArm 6 With Direct-drive Linear Motor is a high-performance, collaborative robotic system engineered to significantly extend the workspace and precision of the standard xArm 6 manipulator for industrial and advanced research applications.\",\"breadcrumb\":{\"@id\":\"https:\\\/\\\/www.ghostysky.com\\\/product\\\/ufactory-xarm-6-with-direct-drive-linear-motor\\\/#breadcrumb\"},\"inLanguage\":\"es\",\"potentialAction\":[{\"@type\":\"ReadAction\",\"target\":[\"https:\\\/\\\/www.ghostysky.com\\\/product\\\/ufactory-xarm-6-with-direct-drive-linear-motor\\\/\"]}]},{\"@type\":\"ImageObject\",\"inLanguage\":\"es\",\"@id\":\"https:\\\/\\\/www.ghostysky.com\\\/product\\\/ufactory-xarm-6-with-direct-drive-linear-motor\\\/#primaryimage\",\"url\":\"https:\\\/\\\/www.ghostysky.com\\\/wp-content\\\/uploads\\\/2025\\\/10\\\/GH_UFACTORY-xArm-6-With-Direct-drive-Linear-Motor_1.png\",\"contentUrl\":\"https:\\\/\\\/www.ghostysky.com\\\/wp-content\\\/uploads\\\/2025\\\/10\\\/GH_UFACTORY-xArm-6-With-Direct-drive-Linear-Motor_1.png\",\"width\":2084,\"height\":2084},{\"@type\":\"BreadcrumbList\",\"@id\":\"https:\\\/\\\/www.ghostysky.com\\\/product\\\/ufactory-xarm-6-with-direct-drive-linear-motor\\\/#breadcrumb\",\"itemListElement\":[{\"@type\":\"ListItem\",\"position\":1,\"name\":\"Home\",\"item\":\"https:\\\/\\\/www.ghostysky.com\\\/\"},{\"@type\":\"ListItem\",\"position\":2,\"name\":\"Shop\",\"item\":\"https:\\\/\\\/www.ghostysky.com\\\/shop\\\/\"},{\"@type\":\"ListItem\",\"position\":3,\"name\":\"UFACTORY xArm 6 With Direct-drive Linear Motor\"}]},{\"@type\":\"WebSite\",\"@id\":\"https:\\\/\\\/www.ghostysky.com\\\/#website\",\"url\":\"https:\\\/\\\/www.ghostysky.com\\\/\",\"name\":\"Ghostysky\",\"description\":\"Delivering professional drones and services\",\"publisher\":{\"@id\":\"https:\\\/\\\/www.ghostysky.com\\\/#organization\"},\"potentialAction\":[{\"@type\":\"SearchAction\",\"target\":{\"@type\":\"EntryPoint\",\"urlTemplate\":\"https:\\\/\\\/www.ghostysky.com\\\/?s={search_term_string}\"},\"query-input\":{\"@type\":\"PropertyValueSpecification\",\"valueRequired\":true,\"valueName\":\"search_term_string\"}}],\"inLanguage\":\"es\"},{\"@type\":\"Organization\",\"@id\":\"https:\\\/\\\/www.ghostysky.com\\\/#organization\",\"name\":\"Ghostysky\",\"url\":\"https:\\\/\\\/www.ghostysky.com\\\/\",\"logo\":{\"@type\":\"ImageObject\",\"inLanguage\":\"es\",\"@id\":\"https:\\\/\\\/www.ghostysky.com\\\/#\\\/schema\\\/logo\\\/image\\\/\",\"url\":\"https:\\\/\\\/www.ghostysky.com\\\/wp-content\\\/uploads\\\/2020\\\/06\\\/cropped-ghostyskylogo_text_white2.png\",\"contentUrl\":\"https:\\\/\\\/www.ghostysky.com\\\/wp-content\\\/uploads\\\/2020\\\/06\\\/cropped-ghostyskylogo_text_white2.png\",\"width\":169,\"height\":56,\"caption\":\"Ghostysky\"},\"image\":{\"@id\":\"https:\\\/\\\/www.ghostysky.com\\\/#\\\/schema\\\/logo\\\/image\\\/\"},\"sameAs\":[\"https:\\\/\\\/www.facebook.com\\\/people\\\/Ghostysky\\\/100057676170234\\\/\",\"https:\\\/\\\/x.com\\\/Gh0stysky\",\"https:\\\/\\\/www.linkedin.com\\\/company\\\/34739653\",\"https:\\\/\\\/www.instagram.com\\\/gh0stysky\"]}]}<\/script>\n<!-- \/ Yoast SEO plugin. -->","yoast_head_json":{"title":"UFACTORY xArm 6 con motor lineal de accionamiento directo - Ghostysky","description":"El UFACTORY xArm 6 con motor lineal de accionamiento directo es un sistema rob\u00f3tico colaborativo de alto rendimiento dise\u00f1ado para ampliar significativamente el espacio de trabajo y la precisi\u00f3n del manipulador xArm 6 est\u00e1ndar para aplicaciones industriales y de investigaci\u00f3n avanzada.","robots":{"index":"index","follow":"follow","max-snippet":"max-snippet:-1","max-image-preview":"max-image-preview:large","max-video-preview":"max-video-preview:-1"},"canonical":"https:\/\/www.ghostysky.com\/es\/producto-2\/ufactory-xarm-6-with-direct-drive-linear-motor\/","og_locale":"es_ES","og_type":"article","og_title":"UFACTORY xArm 6 With Direct-drive Linear Motor - Ghostysky","og_description":"The UFACTORY xArm 6 With Direct-drive Linear Motor is a high-performance, collaborative robotic system engineered to significantly extend the workspace and precision of the standard xArm 6 manipulator for industrial and advanced research applications.","og_url":"https:\/\/www.ghostysky.com\/es\/producto-2\/ufactory-xarm-6-with-direct-drive-linear-motor\/","og_site_name":"Ghostysky","article_publisher":"https:\/\/www.facebook.com\/people\/Ghostysky\/100057676170234\/","article_modified_time":"2025-10-20T16:10:45+00:00","og_image":[{"width":2084,"height":2084,"url":"https:\/\/www.ghostysky.com\/wp-content\/uploads\/2025\/10\/GH_UFACTORY-xArm-6-With-Direct-drive-Linear-Motor_1.png","type":"image\/png"}],"twitter_card":"summary_large_image","twitter_site":"@Gh0stysky","twitter_misc":{"Tiempo de lectura":"2 minutos"},"schema":{"@context":"https:\/\/schema.org","@graph":[{"@type":"WebPage","@id":"https:\/\/www.ghostysky.com\/product\/ufactory-xarm-6-with-direct-drive-linear-motor\/","url":"https:\/\/www.ghostysky.com\/product\/ufactory-xarm-6-with-direct-drive-linear-motor\/","name":"UFACTORY xArm 6 con motor lineal de accionamiento directo - Ghostysky","isPartOf":{"@id":"https:\/\/www.ghostysky.com\/#website"},"primaryImageOfPage":{"@id":"https:\/\/www.ghostysky.com\/product\/ufactory-xarm-6-with-direct-drive-linear-motor\/#primaryimage"},"image":{"@id":"https:\/\/www.ghostysky.com\/product\/ufactory-xarm-6-with-direct-drive-linear-motor\/#primaryimage"},"thumbnailUrl":"https:\/\/www.ghostysky.com\/wp-content\/uploads\/2025\/10\/GH_UFACTORY-xArm-6-With-Direct-drive-Linear-Motor_1.png","datePublished":"2025-10-20T15:54:32+00:00","dateModified":"2025-10-20T16:10:45+00:00","description":"El UFACTORY xArm 6 con motor lineal de accionamiento directo es un sistema rob\u00f3tico colaborativo de alto rendimiento dise\u00f1ado para ampliar significativamente el espacio de trabajo y la precisi\u00f3n del manipulador xArm 6 est\u00e1ndar para aplicaciones industriales y de investigaci\u00f3n avanzada.","breadcrumb":{"@id":"https:\/\/www.ghostysky.com\/product\/ufactory-xarm-6-with-direct-drive-linear-motor\/#breadcrumb"},"inLanguage":"es","potentialAction":[{"@type":"ReadAction","target":["https:\/\/www.ghostysky.com\/product\/ufactory-xarm-6-with-direct-drive-linear-motor\/"]}]},{"@type":"ImageObject","inLanguage":"es","@id":"https:\/\/www.ghostysky.com\/product\/ufactory-xarm-6-with-direct-drive-linear-motor\/#primaryimage","url":"https:\/\/www.ghostysky.com\/wp-content\/uploads\/2025\/10\/GH_UFACTORY-xArm-6-With-Direct-drive-Linear-Motor_1.png","contentUrl":"https:\/\/www.ghostysky.com\/wp-content\/uploads\/2025\/10\/GH_UFACTORY-xArm-6-With-Direct-drive-Linear-Motor_1.png","width":2084,"height":2084},{"@type":"BreadcrumbList","@id":"https:\/\/www.ghostysky.com\/product\/ufactory-xarm-6-with-direct-drive-linear-motor\/#breadcrumb","itemListElement":[{"@type":"ListItem","position":1,"name":"Home","item":"https:\/\/www.ghostysky.com\/"},{"@type":"ListItem","position":2,"name":"Shop","item":"https:\/\/www.ghostysky.com\/shop\/"},{"@type":"ListItem","position":3,"name":"UFACTORY xArm 6 With Direct-drive Linear Motor"}]},{"@type":"WebSite","@id":"https:\/\/www.ghostysky.com\/#website","url":"https:\/\/www.ghostysky.com\/","name":"Ghostysky","description":"Entrega de drones y servicios profesionales","publisher":{"@id":"https:\/\/www.ghostysky.com\/#organization"},"potentialAction":[{"@type":"SearchAction","target":{"@type":"EntryPoint","urlTemplate":"https:\/\/www.ghostysky.com\/?s={search_term_string}"},"query-input":{"@type":"PropertyValueSpecification","valueRequired":true,"valueName":"search_term_string"}}],"inLanguage":"es"},{"@type":"Organization","@id":"https:\/\/www.ghostysky.com\/#organization","name":"Ghostysky","url":"https:\/\/www.ghostysky.com\/","logo":{"@type":"ImageObject","inLanguage":"es","@id":"https:\/\/www.ghostysky.com\/#\/schema\/logo\/image\/","url":"https:\/\/www.ghostysky.com\/wp-content\/uploads\/2020\/06\/cropped-ghostyskylogo_text_white2.png","contentUrl":"https:\/\/www.ghostysky.com\/wp-content\/uploads\/2020\/06\/cropped-ghostyskylogo_text_white2.png","width":169,"height":56,"caption":"Ghostysky"},"image":{"@id":"https:\/\/www.ghostysky.com\/#\/schema\/logo\/image\/"},"sameAs":["https:\/\/www.facebook.com\/people\/Ghostysky\/100057676170234\/","https:\/\/x.com\/Gh0stysky","https:\/\/www.linkedin.com\/company\/34739653","https:\/\/www.instagram.com\/gh0stysky"]}]}},"_links":{"self":[{"href":"https:\/\/www.ghostysky.com\/es\/wp-json\/wp\/v2\/product\/22118","targetHints":{"allow":["GET"]}}],"collection":[{"href":"https:\/\/www.ghostysky.com\/es\/wp-json\/wp\/v2\/product"}],"about":[{"href":"https:\/\/www.ghostysky.com\/es\/wp-json\/wp\/v2\/types\/product"}],"replies":[{"embeddable":true,"href":"https:\/\/www.ghostysky.com\/es\/wp-json\/wp\/v2\/comments?post=22118"}],"wp:featuredmedia":[{"embeddable":true,"href":"https:\/\/www.ghostysky.com\/es\/wp-json\/wp\/v2\/media\/22120"}],"wp:attachment":[{"href":"https:\/\/www.ghostysky.com\/es\/wp-json\/wp\/v2\/media?parent=22118"}],"wp:term":[{"taxonomy":"product_brand","embeddable":true,"href":"https:\/\/www.ghostysky.com\/es\/wp-json\/wp\/v2\/product_brand?post=22118"},{"taxonomy":"product_cat","embeddable":true,"href":"https:\/\/www.ghostysky.com\/es\/wp-json\/wp\/v2\/product_cat?post=22118"},{"taxonomy":"product_tag","embeddable":true,"href":"https:\/\/www.ghostysky.com\/es\/wp-json\/wp\/v2\/product_tag?post=22118"}],"curies":[{"name":"wp","href":"https:\/\/api.w.org\/{rel}","templated":true}]}}