{"id":22132,"date":"2025-10-20T16:51:38","date_gmt":"2025-10-20T16:51:38","guid":{"rendered":"https:\/\/www.ghostysky.com\/?post_type=product&#038;p=22132"},"modified":"2025-10-20T16:57:23","modified_gmt":"2025-10-20T16:57:23","slug":"ufactory-lite-6","status":"publish","type":"product","link":"https:\/\/www.ghostysky.com\/es\/product\/ufactory-lite-6\/","title":{"rendered":"UFACTORY Lite 6"},"content":{"rendered":"<div id=\"model-response-message-contentr_4e76f402e5aca471\" class=\"markdown markdown-main-panel stronger enable-updated-hr-color\" dir=\"ltr\">\n<div id=\"model-response-message-contentr_031a45f75ce1ac2f\" class=\"markdown markdown-main-panel stronger enable-updated-hr-color\" dir=\"ltr\">\n<h4><b>Caracter\u00edsticas clave<\/b><\/h4>\n<ul>\n<li><b><span class=\"citation-1687\">Dise\u00f1o compacto de 6 ejes:<\/span><\/b><span class=\"citation-1687 citation-end-1687\"> Cuenta con 6 grados de libertad (DoF) y una estructura liviana, lo que lo hace perfecto para su integraci\u00f3n en bancos de laboratorio o superficies de trabajo sin requerir un espacio significativo.<\/span><\/li>\n<li><b><span class=\"citation-1686\">Rendimiento asequible:<\/span><\/b><span class=\"citation-1686 citation-end-1686\"> Dise\u00f1ado para ser uno de los brazos rob\u00f3ticos de tama\u00f1o de mesa de 6 ejes m\u00e1s accesibles del mercado, combina componentes de grado industrial con un dise\u00f1o f\u00e1cil de usar para adaptarse a presupuestos m\u00e1s ajustados.<\/span><\/li>\n<li><b>Especificaciones:<\/b>\n<ul>\n<li><b><span class=\"citation-1685\">Carga \u00fatil:<\/span><\/b> <span class=\"math-inline\" data-math=\"600\\text{ g}\"><span class=\"katex\"><span class=\"katex-html\" aria-hidden=\"true\"><span class=\"base\"><span class=\"mord\">600<\/span><span class=\"mord text\"><span class=\"mord\">\u00a0gramo<\/span><\/span><\/span><\/span><\/span><\/span><span class=\"citation-1684 citation-end-1684\"> (Algunas fuentes indican <\/span><span class=\"math-inline\" data-math=\"1\\text{ kg}\"><span class=\"katex\"><span class=\"katex-html\" aria-hidden=\"true\"><span class=\"base\"><span class=\"mord\">1<\/span><span class=\"mord text\"><span class=\"mord\">\u00a0kg<\/span><\/span><\/span><\/span><\/span><\/span><span class=\"citation-1683 citation-end-1683\">)<\/span><\/li>\n<li><b>Alcanzar:<\/b> <span class=\"math-inline\" data-math=\"440\\text{ mm}\"><span class=\"katex\"><span class=\"katex-html\" aria-hidden=\"true\"><span class=\"base\"><span class=\"mord\">440<\/span><span class=\"mord text\"><span class=\"mord\">\u00a0mil\u00edmetros<\/span><\/span><\/span><\/span><\/span><\/span><\/li>\n<li><b>Repetibilidad:<\/b> <span class=\"math-inline\" data-math=\"\\pm 0.5\\text{ mm}\"><span class=\"katex\"><span class=\"katex-html\" aria-hidden=\"true\"><span class=\"base\"><span class=\"mord\">\u00b1<\/span><span class=\"mord\">0.5<\/span><span class=\"mord text\"><span class=\"mord\">\u00a0mil\u00edmetros<\/span><\/span><\/span><\/span><\/span><\/span><span class=\"citation-1680 citation-end-1680\"> (Algunas fuentes indican <\/span><span class=\"math-inline\" data-math=\"\\pm 0.2\\text{ mm}\"><span class=\"katex\"><span class=\"katex-html\" aria-hidden=\"true\"><span class=\"base\"><span class=\"mord\">\u00b1<\/span><span class=\"mord\">0.2<\/span><span class=\"mord text\"><span class=\"mord\">\u00a0mil\u00edmetros<\/span><\/span><\/span><\/span><\/span><\/span><span class=\"citation-1679 citation-end-1679\">)<\/span><\/li>\n<li><b><span class=\"citation-1678\">Velocidad m\u00e1xima:<\/span><\/b> <span class=\"math-inline\" data-math=\"500\\text{ mm\/s}\"><span class=\"katex\"><span class=\"katex-html\" aria-hidden=\"true\"><span class=\"base\"><span class=\"mord\">500<\/span><span class=\"mord text\"><span class=\"mord\">\u00a0mm\/s<\/span><\/span><\/span><\/span><\/span><\/span><\/li>\n<\/ul>\n<\/li>\n<li><b><span class=\"citation-1677\">Caja de control integrada:<\/span><\/b><span class=\"citation-1677 citation-end-1677\"> La unidad de control est\u00e1 integrada en la base del brazo rob\u00f3tico, lo que contribuye a su tama\u00f1o compacto y f\u00e1cil implementaci\u00f3n.<\/span><\/li>\n<li><b>C\u00f3digo abierto y amigable para desarrolladores:<\/b><span class=\"citation-1676\"> Admite un potente entorno de desarrollo de c\u00f3digo abierto, que incluye <\/span><b><span class=\"citation-1676\">Pit\u00f3n<\/span><\/b><span class=\"citation-1676\">, <\/span><b><span class=\"citation-1676\">C++<\/span><\/b><span class=\"citation-1676\">, <\/span><b><span class=\"citation-1676\">ROS<\/span><\/b><span class=\"citation-1676\">, y <\/span><b><span class=\"citation-1676\">ROS2<\/span><\/b><span class=\"citation-1676 citation-end-1676\"> con paquetes y SDK f\u00e1cilmente disponibles.<\/span> <span class=\"citation-1675\">La programaci\u00f3n tambi\u00e9n se hace amigable para los principiantes a trav\u00e9s de <\/span><b><span class=\"citation-1675\">Estudio UFACTORY<\/span><\/b><span class=\"citation-1675 citation-end-1675\"> Interfaz gr\u00e1fica de usuario, que admite la ense\u00f1anza manual y el registro de trayectorias.<\/span><\/li>\n<li><b>Durable y seguro:<\/b><span class=\"citation-1674 citation-end-1674\"> Construido con una combinaci\u00f3n de motores de accionamiento directo y accionamientos arm\u00f3nicos para lograr durabilidad y rentabilidad.<\/span> <span class=\"citation-1673 citation-end-1673\">Incluye funciones de seguridad como detecci\u00f3n de colisiones y est\u00e1 dise\u00f1ado para funcionar las 24 horas del d\u00eda, los 7 d\u00edas de la semana.<\/span><\/li>\n<li><b>Aplicaciones:<\/b> El Lite 6 es excelente para tareas que no requieren una precisi\u00f3n extremadamente alta, como:\n<ul>\n<li><span class=\"citation-1672 citation-end-1672\">Investigaci\u00f3n y desarrollo rob\u00f3tico<\/span><\/li>\n<li><span class=\"citation-1671 citation-end-1671\">Automatizaci\u00f3n de laboratorio<\/span><\/li>\n<li><span class=\"citation-1670 citation-end-1670\">Pick-and-Place ligero<\/span><\/li>\n<li><span class=\"citation-1669 citation-end-1669\">Formaci\u00f3n Educativa en Rob\u00f3tica y ROS<\/span><\/li>\n<\/ul>\n<\/li>\n<\/ul>\n<p>UFACTORY Lite 6 proporciona un punto de entrada s\u00f3lido, flexible y econ\u00f3mico a la rob\u00f3tica colaborativa para peque\u00f1as y medianas empresas, investigadores e instituciones educativas. <span class=\"citation-1668 citation-end-1668\">(Opcional: Se pueden agregar al kit accesorios como Lite Gripper y Vacuum Gripper para mejorar la funcionalidad).<\/span><\/p>\n<div class=\"source-inline-chip-container ng-star-inserted\"><\/div>\n<\/div>\n<\/div>","protected":false},"excerpt":{"rendered":"<p><span class=\"citation-1689\">El <\/span><b><span class=\"citation-1689\">UFACTORY Lite 6<\/span><\/b><span class=\"citation-1689 citation-end-1689\"> es un brazo rob\u00f3tico colaborativo de 6 ejes altamente vers\u00e1til y rentable, dise\u00f1ado espec\u00edficamente para tareas de automatizaci\u00f3n de escritorio y que ahorran espacio.<\/span> <span class=\"citation-1688 citation-end-1688\">Es una soluci\u00f3n ideal para la manipulaci\u00f3n de la luz, la investigaci\u00f3n y los fines educativos donde la flexibilidad y la eficiencia son claves.<\/span><\/p>\n<ul>\n<li>6 ejes<\/li>\n<li>Carga \u00fatil 600 g<\/li>\n<li>Alcance 440 mm<\/li>\n<li>Repetibilidad 0,5 mm<\/li>\n<li>Velocidad m\u00e1xima 500 mm\/s<\/li>\n<\/ul>\n<p>\u00bfQu\u00e9 hay en la caja?<\/p>\n<ul>\n<li>Robot Lite 6*1<\/li>\n<li>Caja de control integrada<\/li>\n<li>Cable Ethernet<\/li>\n<\/ul>","protected":false},"featured_media":22135,"comment_status":"open","ping_status":"closed","template":"","meta":[],"product_brand":[1148],"product_cat":[1037,1145,1146],"product_tag":[1149,1151,1156],"class_list":{"0":"post-22132","1":"product","2":"type-product","3":"status-publish","4":"has-post-thumbnail","6":"product_brand-ufactory","7":"product_cat-robotics","8":"product_cat-ufactory","9":"product_cat-arms","10":"product_tag-ufactory","11":"product_tag-ufactory-arm","12":"product_tag-ufactory-lite-6","14":"first","15":"onbackorder","16":"taxable","17":"shipping-taxable","18":"purchasable","19":"product-type-simple"},"yoast_head":"<!-- This site is optimized with the Yoast SEO plugin v27.1.1 - https:\/\/yoast.com\/product\/yoast-seo-wordpress\/ -->\n<title>UFACTORY Lite 6 - Ghostysky<\/title>\n<meta name=\"description\" content=\"The UFACTORY Lite 6 is a highly versatile and cost-effective 6-axis collaborative robotic arm, specifically designed for desktop and space-saving automation tasks. It is an ideal solution for light manipulation, research, and educational purposes where flexibility and efficiency are key.\" \/>\n<meta name=\"robots\" content=\"index, follow, max-snippet:-1, max-image-preview:large, max-video-preview:-1\" \/>\n<link rel=\"canonical\" href=\"https:\/\/www.ghostysky.com\/es\/producto-2\/ufactory-lite-6\/\" \/>\n<meta property=\"og:locale\" content=\"es_ES\" \/>\n<meta property=\"og:type\" content=\"article\" \/>\n<meta property=\"og:title\" content=\"UFACTORY Lite 6 - Ghostysky\" \/>\n<meta property=\"og:description\" content=\"The UFACTORY Lite 6 is a highly versatile and cost-effective 6-axis collaborative robotic arm, specifically designed for desktop and space-saving automation tasks. It is an ideal solution for light manipulation, research, and educational purposes where flexibility and efficiency are key.\" \/>\n<meta property=\"og:url\" content=\"https:\/\/www.ghostysky.com\/es\/producto-2\/ufactory-lite-6\/\" \/>\n<meta property=\"og:site_name\" content=\"Ghostysky\" \/>\n<meta property=\"article:publisher\" content=\"https:\/\/www.facebook.com\/people\/Ghostysky\/100057676170234\/\" \/>\n<meta property=\"article:modified_time\" content=\"2025-10-20T16:57:23+00:00\" \/>\n<meta property=\"og:image\" content=\"https:\/\/www.ghostysky.com\/wp-content\/uploads\/2025\/10\/GH_UFACTORY-Lite-6_1.png\" \/>\n\t<meta property=\"og:image:width\" content=\"2560\" \/>\n\t<meta property=\"og:image:height\" content=\"2560\" \/>\n\t<meta property=\"og:image:type\" content=\"image\/png\" \/>\n<meta name=\"twitter:card\" content=\"summary_large_image\" \/>\n<meta name=\"twitter:site\" content=\"@Gh0stysky\" \/>\n<meta name=\"twitter:label1\" content=\"Tiempo de lectura\" \/>\n\t<meta name=\"twitter:data1\" content=\"2 minutos\" \/>\n<script type=\"application\/ld+json\" class=\"yoast-schema-graph\">{\"@context\":\"https:\/\/schema.org\",\"@graph\":[{\"@type\":\"WebPage\",\"@id\":\"https:\/\/www.ghostysky.com\/product\/ufactory-lite-6\/\",\"url\":\"https:\/\/www.ghostysky.com\/product\/ufactory-lite-6\/\",\"name\":\"UFACTORY Lite 6 - Ghostysky\",\"isPartOf\":{\"@id\":\"https:\/\/www.ghostysky.com\/#website\"},\"primaryImageOfPage\":{\"@id\":\"https:\/\/www.ghostysky.com\/product\/ufactory-lite-6\/#primaryimage\"},\"image\":{\"@id\":\"https:\/\/www.ghostysky.com\/product\/ufactory-lite-6\/#primaryimage\"},\"thumbnailUrl\":\"https:\/\/www.ghostysky.com\/wp-content\/uploads\/2025\/10\/GH_UFACTORY-Lite-6_1.png\",\"datePublished\":\"2025-10-20T16:51:38+00:00\",\"dateModified\":\"2025-10-20T16:57:23+00:00\",\"description\":\"The UFACTORY Lite 6 is a highly versatile and cost-effective 6-axis collaborative robotic arm, specifically designed for desktop and space-saving automation tasks. It is an ideal solution for light manipulation, research, and educational purposes where flexibility and efficiency are key.\",\"breadcrumb\":{\"@id\":\"https:\/\/www.ghostysky.com\/product\/ufactory-lite-6\/#breadcrumb\"},\"inLanguage\":\"es\",\"potentialAction\":[{\"@type\":\"ReadAction\",\"target\":[\"https:\/\/www.ghostysky.com\/product\/ufactory-lite-6\/\"]}]},{\"@type\":\"ImageObject\",\"inLanguage\":\"es\",\"@id\":\"https:\/\/www.ghostysky.com\/product\/ufactory-lite-6\/#primaryimage\",\"url\":\"https:\/\/www.ghostysky.com\/wp-content\/uploads\/2025\/10\/GH_UFACTORY-Lite-6_1.png\",\"contentUrl\":\"https:\/\/www.ghostysky.com\/wp-content\/uploads\/2025\/10\/GH_UFACTORY-Lite-6_1.png\",\"width\":2560,\"height\":2560},{\"@type\":\"BreadcrumbList\",\"@id\":\"https:\/\/www.ghostysky.com\/product\/ufactory-lite-6\/#breadcrumb\",\"itemListElement\":[{\"@type\":\"ListItem\",\"position\":1,\"name\":\"Home\",\"item\":\"https:\/\/www.ghostysky.com\/\"},{\"@type\":\"ListItem\",\"position\":2,\"name\":\"Shop\",\"item\":\"https:\/\/www.ghostysky.com\/shop\/\"},{\"@type\":\"ListItem\",\"position\":3,\"name\":\"UFACTORY Lite 6\"}]},{\"@type\":\"WebSite\",\"@id\":\"https:\/\/www.ghostysky.com\/#website\",\"url\":\"https:\/\/www.ghostysky.com\/\",\"name\":\"Ghostysky\",\"description\":\"Delivering professional drones and services\",\"publisher\":{\"@id\":\"https:\/\/www.ghostysky.com\/#organization\"},\"potentialAction\":[{\"@type\":\"SearchAction\",\"target\":{\"@type\":\"EntryPoint\",\"urlTemplate\":\"https:\/\/www.ghostysky.com\/?s={search_term_string}\"},\"query-input\":{\"@type\":\"PropertyValueSpecification\",\"valueRequired\":true,\"valueName\":\"search_term_string\"}}],\"inLanguage\":\"es\"},{\"@type\":\"Organization\",\"@id\":\"https:\/\/www.ghostysky.com\/#organization\",\"name\":\"Ghostysky\",\"url\":\"https:\/\/www.ghostysky.com\/\",\"logo\":{\"@type\":\"ImageObject\",\"inLanguage\":\"es\",\"@id\":\"https:\/\/www.ghostysky.com\/#\/schema\/logo\/image\/\",\"url\":\"https:\/\/www.ghostysky.com\/wp-content\/uploads\/2020\/06\/cropped-ghostyskylogo_text_white2.png\",\"contentUrl\":\"https:\/\/www.ghostysky.com\/wp-content\/uploads\/2020\/06\/cropped-ghostyskylogo_text_white2.png\",\"width\":169,\"height\":56,\"caption\":\"Ghostysky\"},\"image\":{\"@id\":\"https:\/\/www.ghostysky.com\/#\/schema\/logo\/image\/\"},\"sameAs\":[\"https:\/\/www.facebook.com\/people\/Ghostysky\/100057676170234\/\",\"https:\/\/x.com\/Gh0stysky\",\"https:\/\/www.linkedin.com\/company\/34739653\",\"https:\/\/www.instagram.com\/gh0stysky\"]}]}<\/script>\n<!-- \/ Yoast SEO plugin. -->","yoast_head_json":{"title":"UFACTORY Lite 6 - Ghostysky","description":"El UFACTORY Lite 6 es un brazo rob\u00f3tico colaborativo de 6 ejes, altamente vers\u00e1til y econ\u00f3mico, dise\u00f1ado espec\u00edficamente para tareas de automatizaci\u00f3n de escritorio y que ahorran espacio. Es una soluci\u00f3n ideal para la manipulaci\u00f3n de luz, la investigaci\u00f3n y la educaci\u00f3n, donde la flexibilidad y la eficiencia son clave.","robots":{"index":"index","follow":"follow","max-snippet":"max-snippet:-1","max-image-preview":"max-image-preview:large","max-video-preview":"max-video-preview:-1"},"canonical":"https:\/\/www.ghostysky.com\/es\/producto-2\/ufactory-lite-6\/","og_locale":"es_ES","og_type":"article","og_title":"UFACTORY Lite 6 - Ghostysky","og_description":"The UFACTORY Lite 6 is a highly versatile and cost-effective 6-axis collaborative robotic arm, specifically designed for desktop and space-saving automation tasks. It is an ideal solution for light manipulation, research, and educational purposes where flexibility and efficiency are key.","og_url":"https:\/\/www.ghostysky.com\/es\/producto-2\/ufactory-lite-6\/","og_site_name":"Ghostysky","article_publisher":"https:\/\/www.facebook.com\/people\/Ghostysky\/100057676170234\/","article_modified_time":"2025-10-20T16:57:23+00:00","og_image":[{"width":2560,"height":2560,"url":"https:\/\/www.ghostysky.com\/wp-content\/uploads\/2025\/10\/GH_UFACTORY-Lite-6_1.png","type":"image\/png"}],"twitter_card":"summary_large_image","twitter_site":"@Gh0stysky","twitter_misc":{"Tiempo de lectura":"2 minutos"},"schema":{"@context":"https:\/\/schema.org","@graph":[{"@type":"WebPage","@id":"https:\/\/www.ghostysky.com\/product\/ufactory-lite-6\/","url":"https:\/\/www.ghostysky.com\/product\/ufactory-lite-6\/","name":"UFACTORY Lite 6 - Ghostysky","isPartOf":{"@id":"https:\/\/www.ghostysky.com\/#website"},"primaryImageOfPage":{"@id":"https:\/\/www.ghostysky.com\/product\/ufactory-lite-6\/#primaryimage"},"image":{"@id":"https:\/\/www.ghostysky.com\/product\/ufactory-lite-6\/#primaryimage"},"thumbnailUrl":"https:\/\/www.ghostysky.com\/wp-content\/uploads\/2025\/10\/GH_UFACTORY-Lite-6_1.png","datePublished":"2025-10-20T16:51:38+00:00","dateModified":"2025-10-20T16:57:23+00:00","description":"El UFACTORY Lite 6 es un brazo rob\u00f3tico colaborativo de 6 ejes, altamente vers\u00e1til y econ\u00f3mico, dise\u00f1ado espec\u00edficamente para tareas de automatizaci\u00f3n de escritorio y que ahorran espacio. Es una soluci\u00f3n ideal para la manipulaci\u00f3n de luz, la investigaci\u00f3n y la educaci\u00f3n, donde la flexibilidad y la eficiencia son clave.","breadcrumb":{"@id":"https:\/\/www.ghostysky.com\/product\/ufactory-lite-6\/#breadcrumb"},"inLanguage":"es","potentialAction":[{"@type":"ReadAction","target":["https:\/\/www.ghostysky.com\/product\/ufactory-lite-6\/"]}]},{"@type":"ImageObject","inLanguage":"es","@id":"https:\/\/www.ghostysky.com\/product\/ufactory-lite-6\/#primaryimage","url":"https:\/\/www.ghostysky.com\/wp-content\/uploads\/2025\/10\/GH_UFACTORY-Lite-6_1.png","contentUrl":"https:\/\/www.ghostysky.com\/wp-content\/uploads\/2025\/10\/GH_UFACTORY-Lite-6_1.png","width":2560,"height":2560},{"@type":"BreadcrumbList","@id":"https:\/\/www.ghostysky.com\/product\/ufactory-lite-6\/#breadcrumb","itemListElement":[{"@type":"ListItem","position":1,"name":"Home","item":"https:\/\/www.ghostysky.com\/"},{"@type":"ListItem","position":2,"name":"Shop","item":"https:\/\/www.ghostysky.com\/shop\/"},{"@type":"ListItem","position":3,"name":"UFACTORY Lite 6"}]},{"@type":"WebSite","@id":"https:\/\/www.ghostysky.com\/#website","url":"https:\/\/www.ghostysky.com\/","name":"Ghostysky","description":"Entrega de drones y servicios profesionales","publisher":{"@id":"https:\/\/www.ghostysky.com\/#organization"},"potentialAction":[{"@type":"SearchAction","target":{"@type":"EntryPoint","urlTemplate":"https:\/\/www.ghostysky.com\/?s={search_term_string}"},"query-input":{"@type":"PropertyValueSpecification","valueRequired":true,"valueName":"search_term_string"}}],"inLanguage":"es"},{"@type":"Organization","@id":"https:\/\/www.ghostysky.com\/#organization","name":"Ghostysky","url":"https:\/\/www.ghostysky.com\/","logo":{"@type":"ImageObject","inLanguage":"es","@id":"https:\/\/www.ghostysky.com\/#\/schema\/logo\/image\/","url":"https:\/\/www.ghostysky.com\/wp-content\/uploads\/2020\/06\/cropped-ghostyskylogo_text_white2.png","contentUrl":"https:\/\/www.ghostysky.com\/wp-content\/uploads\/2020\/06\/cropped-ghostyskylogo_text_white2.png","width":169,"height":56,"caption":"Ghostysky"},"image":{"@id":"https:\/\/www.ghostysky.com\/#\/schema\/logo\/image\/"},"sameAs":["https:\/\/www.facebook.com\/people\/Ghostysky\/100057676170234\/","https:\/\/x.com\/Gh0stysky","https:\/\/www.linkedin.com\/company\/34739653","https:\/\/www.instagram.com\/gh0stysky"]}]}},"_links":{"self":[{"href":"https:\/\/www.ghostysky.com\/es\/wp-json\/wp\/v2\/product\/22132","targetHints":{"allow":["GET"]}}],"collection":[{"href":"https:\/\/www.ghostysky.com\/es\/wp-json\/wp\/v2\/product"}],"about":[{"href":"https:\/\/www.ghostysky.com\/es\/wp-json\/wp\/v2\/types\/product"}],"replies":[{"embeddable":true,"href":"https:\/\/www.ghostysky.com\/es\/wp-json\/wp\/v2\/comments?post=22132"}],"wp:featuredmedia":[{"embeddable":true,"href":"https:\/\/www.ghostysky.com\/es\/wp-json\/wp\/v2\/media\/22135"}],"wp:attachment":[{"href":"https:\/\/www.ghostysky.com\/es\/wp-json\/wp\/v2\/media?parent=22132"}],"wp:term":[{"taxonomy":"product_brand","embeddable":true,"href":"https:\/\/www.ghostysky.com\/es\/wp-json\/wp\/v2\/product_brand?post=22132"},{"taxonomy":"product_cat","embeddable":true,"href":"https:\/\/www.ghostysky.com\/es\/wp-json\/wp\/v2\/product_cat?post=22132"},{"taxonomy":"product_tag","embeddable":true,"href":"https:\/\/www.ghostysky.com\/es\/wp-json\/wp\/v2\/product_tag?post=22132"}],"curies":[{"name":"wp","href":"https:\/\/api.w.org\/{rel}","templated":true}]}}