{"id":22142,"date":"2025-10-20T17:23:31","date_gmt":"2025-10-20T17:23:31","guid":{"rendered":"https:\/\/www.ghostysky.com\/?post_type=product&#038;p=22142"},"modified":"2025-10-20T17:24:22","modified_gmt":"2025-10-20T17:24:22","slug":"ufactory-850-ac-control-box","status":"publish","type":"product","link":"https:\/\/www.ghostysky.com\/es\/product\/ufactory-850-ac-control-box\/","title":{"rendered":"Caja de control de CA UFACTORY 850"},"content":{"rendered":"<div id=\"model-response-message-contentr_20b013c2d27dc29b\" class=\"markdown markdown-main-panel stronger enable-updated-hr-color\" dir=\"ltr\">\n<h4><b>Caracter\u00edsticas y beneficios clave<\/b><\/h4>\n<ul>\n<li><b><span class=\"citation-1702\">Fuente de alimentaci\u00f3n integrada:<\/span><\/b><span class=\"citation-1702 citation-end-1702\"> Dise\u00f1ada para una implementaci\u00f3n r\u00e1pida y sencilla, la caja de control de CA contiene un adaptador de CA-CC incorporado, lo que permite alimentarla directamente desde un tomacorriente de pared est\u00e1ndar.<\/span> <span class=\"citation-1701\">Acepta un amplio voltaje de entrada de <\/span><b><span class=\"citation-1701\">100-240 V CA (50\/60 Hz)<\/span><\/b><span class=\"citation-1701\"> y genera los resultados necesarios <\/span><b><span class=\"citation-1701\">48 V CC<\/span><\/b><span class=\"citation-1701 citation-end-1701\"> Alimentaci\u00f3n (normalmente 20,8 A) para el brazo rob\u00f3tico UFACTORY 850.<\/span><\/li>\n<li><b>Control centralizado y conectividad:<\/b> Act\u00faa como cerebro y centro de interfaz para el brazo rob\u00f3tico.\n<ul>\n<li><b><span class=\"citation-1700\">Expansi\u00f3n de E\/S:<\/span><\/b><span class=\"citation-1700\"> Proporciona amplios puertos de entrada\/salida para la integraci\u00f3n con equipos externos, incluidos <\/span><b><span class=\"citation-1700\">Entradas\/Salidas digitales<\/span><\/b><span class=\"citation-1700\"> (CI\/DI y CO\/DO) y <\/span><b><span class=\"citation-1700\">Entradas\/salidas anal\u00f3gicas<\/span><\/b><span class=\"citation-1700 citation-end-1700\"> (AI\/AO).<\/span><\/li>\n<li><b><span class=\"citation-1699\">Comunicaci\u00f3n:<\/span><\/b><span class=\"citation-1699\"> Soportes <\/span><b><span class=\"citation-1699\">Ethernet<\/span><\/b><span class=\"citation-1699\"> y cuenta con una <\/span><b><span class=\"citation-1699\">Maestro RS485<\/span><\/b><span class=\"citation-1699 citation-end-1699\"> Puerto para comunicaci\u00f3n y control robustos.<\/span><\/li>\n<\/ul>\n<\/li>\n<li><b>Host de software:<\/b><span class=\"citation-1698\"> La caja de control ejecuta el sistema f\u00e1cil de usar, basado en la web. <\/span><b><span class=\"citation-1698\">Estudio UFACTORY<\/span><\/b><span class=\"citation-1698 citation-end-1698\"> software que permite la programaci\u00f3n gr\u00e1fica y configuraci\u00f3n del brazo rob\u00f3tico sin necesidad de instalar software adicional en su PC.<\/span><\/li>\n<li><b><span class=\"citation-1697\">Seguridad y funcionamiento:<\/span><\/b><span class=\"citation-1697\"> Cuenta con una <\/span><b><span class=\"citation-1697\">Parada de emergencia<\/span><\/b><span class=\"citation-1697 citation-end-1697\"> Bot\u00f3n de corte inmediato de energ\u00eda para garantizar la seguridad del personal y del equipo.<\/span> Facilita la conexi\u00f3n entre los cables de alimentaci\u00f3n y se\u00f1al del brazo rob\u00f3tico.<\/li>\n<li><b>Soluci\u00f3n estacionaria:<\/b> Espec\u00edficamente optimizado para talleres y entornos de producci\u00f3n industrial donde hay disponible una fuente de alimentaci\u00f3n de CA estable, proporcionando una soluci\u00f3n completa plug-and-play para tareas de automatizaci\u00f3n de alta precisi\u00f3n realizadas por UFACTORY 850.<\/li>\n<\/ul>\n<p><b>En resumen, la caja de control de CA UFACTORY 850 es una unidad de control potente e integrada que simplifica la implementaci\u00f3n y el funcionamiento del brazo rob\u00f3tico 850 al proporcionar toda la conversi\u00f3n de energ\u00eda necesaria, las interfaces de comunicaci\u00f3n y la plataforma para su software de control.<\/b><\/p>\n<\/div>","protected":false},"excerpt":{"rendered":"<p><span class=\"citation-1703\">El <\/span><b><span class=\"citation-1703\">Caja de control de CA UFACTORY 850<\/span><\/b><span class=\"citation-1703 citation-end-1703\"> es el componente de hardware esencial para operar su brazo rob\u00f3tico UFACTORY 850 en un entorno estacionario basado en un banco de trabajo.<\/span><\/p>\n<ul>\n<li>Dise\u00f1o compacto<\/li>\n<li>Entrada: 100-240 V CA, 50\/60 Hz<\/li>\n<\/ul>","protected":false},"featured_media":22146,"comment_status":"open","ping_status":"closed","template":"","meta":[],"product_brand":[1148],"product_cat":[1041,1037,1145,1147],"product_tag":[1149,1158,1157],"class_list":{"0":"post-22142","1":"product","2":"type-product","3":"status-publish","4":"has-post-thumbnail","6":"product_brand-ufactory","7":"product_cat-arms-grippers","8":"product_cat-robotics","9":"product_cat-ufactory","10":"product_cat-ufactory-accessories","11":"product_tag-ufactory","12":"product_tag-ufactory-850-accessories","13":"product_tag-ufactory-accessories","15":"first","16":"onbackorder","17":"taxable","18":"shipping-taxable","19":"purchasable","20":"product-type-simple"},"yoast_head":"<!-- This site is optimized with the Yoast SEO plugin v27.1.1 - https:\/\/yoast.com\/product\/yoast-seo-wordpress\/ -->\n<title>UFACTORY 850 AC Control Box - Ghostysky<\/title>\n<meta name=\"description\" content=\"The UFACTORY 850 AC Control Box is the essential hardware component for operating your UFACTORY 850 robotic arm in a stationary, workbench-based setting.\" \/>\n<meta name=\"robots\" content=\"index, follow, max-snippet:-1, max-image-preview:large, max-video-preview:-1\" \/>\n<link rel=\"canonical\" href=\"https:\/\/www.ghostysky.com\/es\/producto-2\/ufactory-850-ac-control-box\/\" \/>\n<meta property=\"og:locale\" content=\"es_ES\" \/>\n<meta property=\"og:type\" content=\"article\" \/>\n<meta property=\"og:title\" content=\"UFACTORY 850 AC Control Box - Ghostysky\" \/>\n<meta property=\"og:description\" content=\"The UFACTORY 850 AC Control Box is the essential hardware component for operating your UFACTORY 850 robotic arm in a stationary, workbench-based setting.\" \/>\n<meta property=\"og:url\" content=\"https:\/\/www.ghostysky.com\/es\/producto-2\/ufactory-850-ac-control-box\/\" \/>\n<meta property=\"og:site_name\" content=\"Ghostysky\" \/>\n<meta property=\"article:publisher\" content=\"https:\/\/www.facebook.com\/people\/Ghostysky\/100057676170234\/\" \/>\n<meta property=\"article:modified_time\" content=\"2025-10-20T17:24:22+00:00\" \/>\n<meta property=\"og:image\" content=\"https:\/\/www.ghostysky.com\/wp-content\/uploads\/2025\/10\/GH_UFACTORY-850-AC-Control-Box_1.png\" \/>\n\t<meta property=\"og:image:width\" content=\"2560\" \/>\n\t<meta property=\"og:image:height\" content=\"2560\" \/>\n\t<meta property=\"og:image:type\" content=\"image\/png\" \/>\n<meta name=\"twitter:card\" content=\"summary_large_image\" \/>\n<meta name=\"twitter:site\" content=\"@Gh0stysky\" \/>\n<meta name=\"twitter:label1\" content=\"Tiempo de lectura\" \/>\n\t<meta name=\"twitter:data1\" content=\"2 minutos\" \/>\n<script type=\"application\/ld+json\" class=\"yoast-schema-graph\">{\"@context\":\"https:\/\/schema.org\",\"@graph\":[{\"@type\":\"WebPage\",\"@id\":\"https:\/\/www.ghostysky.com\/product\/ufactory-850-ac-control-box\/\",\"url\":\"https:\/\/www.ghostysky.com\/product\/ufactory-850-ac-control-box\/\",\"name\":\"UFACTORY 850 AC Control Box - Ghostysky\",\"isPartOf\":{\"@id\":\"https:\/\/www.ghostysky.com\/#website\"},\"primaryImageOfPage\":{\"@id\":\"https:\/\/www.ghostysky.com\/product\/ufactory-850-ac-control-box\/#primaryimage\"},\"image\":{\"@id\":\"https:\/\/www.ghostysky.com\/product\/ufactory-850-ac-control-box\/#primaryimage\"},\"thumbnailUrl\":\"https:\/\/www.ghostysky.com\/wp-content\/uploads\/2025\/10\/GH_UFACTORY-850-AC-Control-Box_1.png\",\"datePublished\":\"2025-10-20T17:23:31+00:00\",\"dateModified\":\"2025-10-20T17:24:22+00:00\",\"description\":\"The UFACTORY 850 AC Control Box is the essential hardware component for operating your UFACTORY 850 robotic arm in a stationary, workbench-based setting.\",\"breadcrumb\":{\"@id\":\"https:\/\/www.ghostysky.com\/product\/ufactory-850-ac-control-box\/#breadcrumb\"},\"inLanguage\":\"es\",\"potentialAction\":[{\"@type\":\"ReadAction\",\"target\":[\"https:\/\/www.ghostysky.com\/product\/ufactory-850-ac-control-box\/\"]}]},{\"@type\":\"ImageObject\",\"inLanguage\":\"es\",\"@id\":\"https:\/\/www.ghostysky.com\/product\/ufactory-850-ac-control-box\/#primaryimage\",\"url\":\"https:\/\/www.ghostysky.com\/wp-content\/uploads\/2025\/10\/GH_UFACTORY-850-AC-Control-Box_1.png\",\"contentUrl\":\"https:\/\/www.ghostysky.com\/wp-content\/uploads\/2025\/10\/GH_UFACTORY-850-AC-Control-Box_1.png\",\"width\":2560,\"height\":2560},{\"@type\":\"BreadcrumbList\",\"@id\":\"https:\/\/www.ghostysky.com\/product\/ufactory-850-ac-control-box\/#breadcrumb\",\"itemListElement\":[{\"@type\":\"ListItem\",\"position\":1,\"name\":\"Home\",\"item\":\"https:\/\/www.ghostysky.com\/\"},{\"@type\":\"ListItem\",\"position\":2,\"name\":\"Shop\",\"item\":\"https:\/\/www.ghostysky.com\/shop\/\"},{\"@type\":\"ListItem\",\"position\":3,\"name\":\"UFACTORY 850 AC Control Box\"}]},{\"@type\":\"WebSite\",\"@id\":\"https:\/\/www.ghostysky.com\/#website\",\"url\":\"https:\/\/www.ghostysky.com\/\",\"name\":\"Ghostysky\",\"description\":\"Delivering professional drones and services\",\"publisher\":{\"@id\":\"https:\/\/www.ghostysky.com\/#organization\"},\"potentialAction\":[{\"@type\":\"SearchAction\",\"target\":{\"@type\":\"EntryPoint\",\"urlTemplate\":\"https:\/\/www.ghostysky.com\/?s={search_term_string}\"},\"query-input\":{\"@type\":\"PropertyValueSpecification\",\"valueRequired\":true,\"valueName\":\"search_term_string\"}}],\"inLanguage\":\"es\"},{\"@type\":\"Organization\",\"@id\":\"https:\/\/www.ghostysky.com\/#organization\",\"name\":\"Ghostysky\",\"url\":\"https:\/\/www.ghostysky.com\/\",\"logo\":{\"@type\":\"ImageObject\",\"inLanguage\":\"es\",\"@id\":\"https:\/\/www.ghostysky.com\/#\/schema\/logo\/image\/\",\"url\":\"https:\/\/www.ghostysky.com\/wp-content\/uploads\/2020\/06\/cropped-ghostyskylogo_text_white2.png\",\"contentUrl\":\"https:\/\/www.ghostysky.com\/wp-content\/uploads\/2020\/06\/cropped-ghostyskylogo_text_white2.png\",\"width\":169,\"height\":56,\"caption\":\"Ghostysky\"},\"image\":{\"@id\":\"https:\/\/www.ghostysky.com\/#\/schema\/logo\/image\/\"},\"sameAs\":[\"https:\/\/www.facebook.com\/people\/Ghostysky\/100057676170234\/\",\"https:\/\/x.com\/Gh0stysky\",\"https:\/\/www.linkedin.com\/company\/34739653\",\"https:\/\/www.instagram.com\/gh0stysky\"]}]}<\/script>\n<!-- \/ Yoast SEO plugin. -->","yoast_head_json":{"title":"Caja de control de CA UFACTORY 850 - Ghostysky","description":"La caja de control de CA UFACTORY 850 es el componente de hardware esencial para operar su brazo rob\u00f3tico UFACTORY 850 en un entorno estacionario basado en un banco de trabajo.","robots":{"index":"index","follow":"follow","max-snippet":"max-snippet:-1","max-image-preview":"max-image-preview:large","max-video-preview":"max-video-preview:-1"},"canonical":"https:\/\/www.ghostysky.com\/es\/producto-2\/ufactory-850-ac-control-box\/","og_locale":"es_ES","og_type":"article","og_title":"UFACTORY 850 AC Control Box - Ghostysky","og_description":"The UFACTORY 850 AC Control Box is the essential hardware component for operating your UFACTORY 850 robotic arm in a stationary, workbench-based setting.","og_url":"https:\/\/www.ghostysky.com\/es\/producto-2\/ufactory-850-ac-control-box\/","og_site_name":"Ghostysky","article_publisher":"https:\/\/www.facebook.com\/people\/Ghostysky\/100057676170234\/","article_modified_time":"2025-10-20T17:24:22+00:00","og_image":[{"width":2560,"height":2560,"url":"https:\/\/www.ghostysky.com\/wp-content\/uploads\/2025\/10\/GH_UFACTORY-850-AC-Control-Box_1.png","type":"image\/png"}],"twitter_card":"summary_large_image","twitter_site":"@Gh0stysky","twitter_misc":{"Tiempo de lectura":"2 minutos"},"schema":{"@context":"https:\/\/schema.org","@graph":[{"@type":"WebPage","@id":"https:\/\/www.ghostysky.com\/product\/ufactory-850-ac-control-box\/","url":"https:\/\/www.ghostysky.com\/product\/ufactory-850-ac-control-box\/","name":"Caja de control de CA UFACTORY 850 - Ghostysky","isPartOf":{"@id":"https:\/\/www.ghostysky.com\/#website"},"primaryImageOfPage":{"@id":"https:\/\/www.ghostysky.com\/product\/ufactory-850-ac-control-box\/#primaryimage"},"image":{"@id":"https:\/\/www.ghostysky.com\/product\/ufactory-850-ac-control-box\/#primaryimage"},"thumbnailUrl":"https:\/\/www.ghostysky.com\/wp-content\/uploads\/2025\/10\/GH_UFACTORY-850-AC-Control-Box_1.png","datePublished":"2025-10-20T17:23:31+00:00","dateModified":"2025-10-20T17:24:22+00:00","description":"La caja de control de CA UFACTORY 850 es el componente de hardware esencial para operar su brazo rob\u00f3tico UFACTORY 850 en un entorno estacionario basado en un banco de trabajo.","breadcrumb":{"@id":"https:\/\/www.ghostysky.com\/product\/ufactory-850-ac-control-box\/#breadcrumb"},"inLanguage":"es","potentialAction":[{"@type":"ReadAction","target":["https:\/\/www.ghostysky.com\/product\/ufactory-850-ac-control-box\/"]}]},{"@type":"ImageObject","inLanguage":"es","@id":"https:\/\/www.ghostysky.com\/product\/ufactory-850-ac-control-box\/#primaryimage","url":"https:\/\/www.ghostysky.com\/wp-content\/uploads\/2025\/10\/GH_UFACTORY-850-AC-Control-Box_1.png","contentUrl":"https:\/\/www.ghostysky.com\/wp-content\/uploads\/2025\/10\/GH_UFACTORY-850-AC-Control-Box_1.png","width":2560,"height":2560},{"@type":"BreadcrumbList","@id":"https:\/\/www.ghostysky.com\/product\/ufactory-850-ac-control-box\/#breadcrumb","itemListElement":[{"@type":"ListItem","position":1,"name":"Home","item":"https:\/\/www.ghostysky.com\/"},{"@type":"ListItem","position":2,"name":"Shop","item":"https:\/\/www.ghostysky.com\/shop\/"},{"@type":"ListItem","position":3,"name":"UFACTORY 850 AC Control Box"}]},{"@type":"WebSite","@id":"https:\/\/www.ghostysky.com\/#website","url":"https:\/\/www.ghostysky.com\/","name":"Ghostysky","description":"Entrega de drones y servicios profesionales","publisher":{"@id":"https:\/\/www.ghostysky.com\/#organization"},"potentialAction":[{"@type":"SearchAction","target":{"@type":"EntryPoint","urlTemplate":"https:\/\/www.ghostysky.com\/?s={search_term_string}"},"query-input":{"@type":"PropertyValueSpecification","valueRequired":true,"valueName":"search_term_string"}}],"inLanguage":"es"},{"@type":"Organization","@id":"https:\/\/www.ghostysky.com\/#organization","name":"Ghostysky","url":"https:\/\/www.ghostysky.com\/","logo":{"@type":"ImageObject","inLanguage":"es","@id":"https:\/\/www.ghostysky.com\/#\/schema\/logo\/image\/","url":"https:\/\/www.ghostysky.com\/wp-content\/uploads\/2020\/06\/cropped-ghostyskylogo_text_white2.png","contentUrl":"https:\/\/www.ghostysky.com\/wp-content\/uploads\/2020\/06\/cropped-ghostyskylogo_text_white2.png","width":169,"height":56,"caption":"Ghostysky"},"image":{"@id":"https:\/\/www.ghostysky.com\/#\/schema\/logo\/image\/"},"sameAs":["https:\/\/www.facebook.com\/people\/Ghostysky\/100057676170234\/","https:\/\/x.com\/Gh0stysky","https:\/\/www.linkedin.com\/company\/34739653","https:\/\/www.instagram.com\/gh0stysky"]}]}},"_links":{"self":[{"href":"https:\/\/www.ghostysky.com\/es\/wp-json\/wp\/v2\/product\/22142","targetHints":{"allow":["GET"]}}],"collection":[{"href":"https:\/\/www.ghostysky.com\/es\/wp-json\/wp\/v2\/product"}],"about":[{"href":"https:\/\/www.ghostysky.com\/es\/wp-json\/wp\/v2\/types\/product"}],"replies":[{"embeddable":true,"href":"https:\/\/www.ghostysky.com\/es\/wp-json\/wp\/v2\/comments?post=22142"}],"wp:featuredmedia":[{"embeddable":true,"href":"https:\/\/www.ghostysky.com\/es\/wp-json\/wp\/v2\/media\/22146"}],"wp:attachment":[{"href":"https:\/\/www.ghostysky.com\/es\/wp-json\/wp\/v2\/media?parent=22142"}],"wp:term":[{"taxonomy":"product_brand","embeddable":true,"href":"https:\/\/www.ghostysky.com\/es\/wp-json\/wp\/v2\/product_brand?post=22142"},{"taxonomy":"product_cat","embeddable":true,"href":"https:\/\/www.ghostysky.com\/es\/wp-json\/wp\/v2\/product_cat?post=22142"},{"taxonomy":"product_tag","embeddable":true,"href":"https:\/\/www.ghostysky.com\/es\/wp-json\/wp\/v2\/product_tag?post=22142"}],"curies":[{"name":"wp","href":"https:\/\/api.w.org\/{rel}","templated":true}]}}