{"id":22153,"date":"2025-10-20T17:29:00","date_gmt":"2025-10-20T17:29:00","guid":{"rendered":"https:\/\/www.ghostysky.com\/?post_type=product&#038;p=22153"},"modified":"2025-10-20T17:40:22","modified_gmt":"2025-10-20T17:40:22","slug":"ufactory-xarm-ac-control-box","status":"publish","type":"product","link":"https:\/\/www.ghostysky.com\/es\/product\/ufactory-xarm-ac-control-box\/","title":{"rendered":"Caja de control de CA UFACTORY xArm"},"content":{"rendered":"<div id=\"model-response-message-contentr_20b013c2d27dc29b\" class=\"markdown markdown-main-panel stronger enable-updated-hr-color\" dir=\"ltr\">\n<div id=\"model-response-message-contentr_21cd3f5f85e11e01\" class=\"markdown markdown-main-panel stronger enable-updated-hr-color\" dir=\"ltr\">\n<h4><b>Caracter\u00edsticas y beneficios clave<\/b><\/h4>\n<ul>\n<li><b><span class=\"citation-1715\">Soluci\u00f3n de energ\u00eda est\u00e1ndar:<\/span><\/b><span class=\"citation-1715\"> La caja de control de CA est\u00e1 dise\u00f1ada para ser alimentada por un tomacorriente de pared est\u00e1ndar, que acepta <\/span><b><span class=\"citation-1715\">100-240 V CA, 50\/60 Hz<\/span><\/b><span class=\"citation-1715 citation-end-1715\"> entrada, lo que la convierte en la unidad de control predeterminada y m\u00e1s com\u00fan para configuraciones xArm estacionarias.<\/span><\/li>\n<li><b><span class=\"citation-1714\">Comando y comunicaci\u00f3n centralizados:<\/span><\/b><span class=\"citation-1714 citation-end-1714\"> Alberga la placa base y act\u00faa como centro principal, manejando toda la comunicaci\u00f3n entre el brazo rob\u00f3tico y los sistemas externos.<\/span> <span class=\"citation-1713\">Es compatible <\/span><b><span class=\"citation-1713\">Ethernet<\/span><\/b><span class=\"citation-1713\"> y <\/span><b><span class=\"citation-1713\">RS-485<\/span><\/b><span class=\"citation-1713\"> modos de comunicaci\u00f3n, que normalmente utilizan <\/span><b><span class=\"citation-1713\">Modbus TCP<\/span><\/b><span class=\"citation-1713\"> y <\/span><b><span class=\"citation-1713\">RS-485 Maestro\/Esclavo<\/span><\/b><span class=\"citation-1713 citation-end-1713\"> protocolos.<\/span><\/li>\n<li><b>Puertos de E\/S completos:<\/b> La caja de control ofrece una amplia conectividad para dispositivos perif\u00e9ricos, sensores y actuadores, incluidos:\n<ul>\n<li><b>Entrada digital (CI\/DI):<\/b> 8+8 (16 en total)<\/li>\n<li><b>Salida digital (CO\/DO):<\/b> 8+8 (16 en total)<\/li>\n<li><b>Entrada anal\u00f3gica (AI):<\/b> 2<\/li>\n<li><b>Salida anal\u00f3gica (AO):<\/b> 2<\/li>\n<\/ul>\n<\/li>\n<li><b><span class=\"citation-1712\">Conversi\u00f3n de potencia integrada:<\/span><\/b><span class=\"citation-1712\"> Cuenta con una fuente de alimentaci\u00f3n conmutada interna que convierte la entrada de CA en la necesaria <\/span><b><span class=\"citation-1712\">24 VCC<\/span><\/b><span class=\"citation-1712 citation-end-1712\"> salida (por ejemplo, <\/span><span class=\"math-inline\" data-math=\"24VDC \\ 20.8A\"><span class=\"katex\"><span class=\"katex-html\" aria-hidden=\"true\"><span class=\"base\"><span class=\"mord\">24<\/span><span class=\"mord mathnormal\">V<\/span><span class=\"mord mathnormal\">D<\/span><span class=\"mord mathnormal\">do<\/span><span class=\"mspace\">\u00a0<\/span><span class=\"mord\">20.8<\/span><span class=\"mord mathnormal\">A<\/span><\/span><\/span><\/span><\/span><span class=\"citation-1711 citation-end-1711\"> o <\/span><span class=\"math-inline\" data-math=\"16.5A\"><span class=\"katex\"><span class=\"katex-html\" aria-hidden=\"true\"><span class=\"base\"><span class=\"mord\">16.5<\/span><span class=\"mord mathnormal\">A<\/span><\/span><\/span><\/span><\/span><span class=\"citation-1710 citation-end-1710\">) para alimentar el brazo rob\u00f3tico y los componentes internos de la caja de control.<\/span><\/li>\n<li><b>Caracteristicas de seguridad:<\/b> Incluye un <b>Bot\u00f3n de parada de emergencia<\/b> para el corte inmediato de energ\u00eda al robot, garantizando la seguridad del personal y el equipo.<\/li>\n<li><b>Compatibilidad:<\/b> Totalmente compatible con toda la serie xArm de UFACTORY (por ejemplo, xArm 5, xArm 6, xArm 7) y ejecuta el mismo c\u00f3digo y firmware que la caja de control de CC, lo que permite una integraci\u00f3n perfecta con el <b>Estudio xArm<\/b> Interfaz gr\u00e1fica de usuario y SDK (Python, C++, ROS).<\/li>\n<\/ul>\n<p><b>Ideal para:<\/b> Aplicaciones rob\u00f3ticas fijas o estacionarias en fabricaci\u00f3n, ensamblaje, inspecci\u00f3n, cuidado de m\u00e1quinas y automatizaci\u00f3n de laboratorio donde hay disponible f\u00e1cilmente una fuente de alimentaci\u00f3n de CA est\u00e1ndar.<\/p>\n<\/div>\n<\/div>","protected":false},"excerpt":{"rendered":"<p>La caja de control de CA xArm de UFACTORY es el centro de comando esencial para su brazo rob\u00f3tico colaborativo xArm, que proporciona administraci\u00f3n de energ\u00eda robusta, interfaces de comunicaci\u00f3n y expansi\u00f3n de E\/S para una amplia gama de aplicaciones industriales y de investigaci\u00f3n.<\/p>\n<ul>\n<li>Dise\u00f1o compacto<\/li>\n<li>Entrada: 100-240 V CA 50\/60 Hz<\/li>\n<\/ul>","protected":false},"featured_media":22146,"comment_status":"open","ping_status":"closed","template":"","meta":[],"product_brand":[1148],"product_cat":[1041,1037,1145,1147],"product_tag":[1149,1157,1159,1160],"class_list":{"0":"post-22153","1":"product","2":"type-product","3":"status-publish","4":"has-post-thumbnail","6":"product_brand-ufactory","7":"product_cat-arms-grippers","8":"product_cat-robotics","9":"product_cat-ufactory","10":"product_cat-ufactory-accessories","11":"product_tag-ufactory","12":"product_tag-ufactory-accessories","13":"product_tag-ufactory-xarm-accessories","14":"product_tag-ufactory-xarm-series-accessories","16":"first","17":"onbackorder","18":"taxable","19":"shipping-taxable","20":"purchasable","21":"product-type-simple"},"yoast_head":"<!-- This site is optimized with the Yoast SEO plugin v27.1.1 - https:\/\/yoast.com\/product\/yoast-seo-wordpress\/ -->\n<title>UFACTORY xArm AC Control Box - Ghostysky<\/title>\n<meta name=\"description\" content=\"The UFACTORY xArm AC Control Box is the essential command center for your xArm collaborative robotic arm, providing robust power management, communication interfaces, and I\/O expansion for a wide range of industrial and research applications.\" \/>\n<meta name=\"robots\" content=\"index, follow, max-snippet:-1, max-image-preview:large, max-video-preview:-1\" \/>\n<link rel=\"canonical\" href=\"https:\/\/www.ghostysky.com\/es\/producto-2\/ufactory-xarm-ac-control-box\/\" \/>\n<meta property=\"og:locale\" content=\"es_ES\" \/>\n<meta property=\"og:type\" content=\"article\" \/>\n<meta property=\"og:title\" content=\"UFACTORY xArm AC Control Box - Ghostysky\" \/>\n<meta property=\"og:description\" content=\"The UFACTORY xArm AC Control Box is the essential command center for your xArm collaborative robotic arm, providing robust power management, communication interfaces, and I\/O expansion for a wide range of industrial and research applications.\" \/>\n<meta property=\"og:url\" content=\"https:\/\/www.ghostysky.com\/es\/producto-2\/ufactory-xarm-ac-control-box\/\" \/>\n<meta property=\"og:site_name\" content=\"Ghostysky\" \/>\n<meta property=\"article:publisher\" content=\"https:\/\/www.facebook.com\/people\/Ghostysky\/100057676170234\/\" \/>\n<meta property=\"article:modified_time\" content=\"2025-10-20T17:40:22+00:00\" \/>\n<meta property=\"og:image\" content=\"https:\/\/www.ghostysky.com\/wp-content\/uploads\/2025\/10\/GH_UFACTORY-850-AC-Control-Box_1.png\" \/>\n\t<meta property=\"og:image:width\" content=\"2560\" \/>\n\t<meta property=\"og:image:height\" content=\"2560\" \/>\n\t<meta property=\"og:image:type\" content=\"image\/png\" \/>\n<meta name=\"twitter:card\" content=\"summary_large_image\" \/>\n<meta name=\"twitter:site\" content=\"@Gh0stysky\" \/>\n<meta name=\"twitter:label1\" content=\"Tiempo de lectura\" \/>\n\t<meta name=\"twitter:data1\" content=\"2 minutos\" \/>\n<script type=\"application\/ld+json\" class=\"yoast-schema-graph\">{\"@context\":\"https:\/\/schema.org\",\"@graph\":[{\"@type\":\"WebPage\",\"@id\":\"https:\/\/www.ghostysky.com\/product\/ufactory-xarm-ac-control-box\/\",\"url\":\"https:\/\/www.ghostysky.com\/product\/ufactory-xarm-ac-control-box\/\",\"name\":\"UFACTORY xArm AC Control Box - Ghostysky\",\"isPartOf\":{\"@id\":\"https:\/\/www.ghostysky.com\/#website\"},\"primaryImageOfPage\":{\"@id\":\"https:\/\/www.ghostysky.com\/product\/ufactory-xarm-ac-control-box\/#primaryimage\"},\"image\":{\"@id\":\"https:\/\/www.ghostysky.com\/product\/ufactory-xarm-ac-control-box\/#primaryimage\"},\"thumbnailUrl\":\"https:\/\/www.ghostysky.com\/wp-content\/uploads\/2025\/10\/GH_UFACTORY-850-AC-Control-Box_1.png\",\"datePublished\":\"2025-10-20T17:29:00+00:00\",\"dateModified\":\"2025-10-20T17:40:22+00:00\",\"description\":\"The UFACTORY xArm AC Control Box is the essential command center for your xArm collaborative robotic arm, providing robust power management, communication interfaces, and I\/O expansion for a wide range of industrial and research applications.\",\"breadcrumb\":{\"@id\":\"https:\/\/www.ghostysky.com\/product\/ufactory-xarm-ac-control-box\/#breadcrumb\"},\"inLanguage\":\"es\",\"potentialAction\":[{\"@type\":\"ReadAction\",\"target\":[\"https:\/\/www.ghostysky.com\/product\/ufactory-xarm-ac-control-box\/\"]}]},{\"@type\":\"ImageObject\",\"inLanguage\":\"es\",\"@id\":\"https:\/\/www.ghostysky.com\/product\/ufactory-xarm-ac-control-box\/#primaryimage\",\"url\":\"https:\/\/www.ghostysky.com\/wp-content\/uploads\/2025\/10\/GH_UFACTORY-850-AC-Control-Box_1.png\",\"contentUrl\":\"https:\/\/www.ghostysky.com\/wp-content\/uploads\/2025\/10\/GH_UFACTORY-850-AC-Control-Box_1.png\",\"width\":2560,\"height\":2560},{\"@type\":\"BreadcrumbList\",\"@id\":\"https:\/\/www.ghostysky.com\/product\/ufactory-xarm-ac-control-box\/#breadcrumb\",\"itemListElement\":[{\"@type\":\"ListItem\",\"position\":1,\"name\":\"Home\",\"item\":\"https:\/\/www.ghostysky.com\/\"},{\"@type\":\"ListItem\",\"position\":2,\"name\":\"Shop\",\"item\":\"https:\/\/www.ghostysky.com\/shop\/\"},{\"@type\":\"ListItem\",\"position\":3,\"name\":\"UFACTORY xArm AC Control Box\"}]},{\"@type\":\"WebSite\",\"@id\":\"https:\/\/www.ghostysky.com\/#website\",\"url\":\"https:\/\/www.ghostysky.com\/\",\"name\":\"Ghostysky\",\"description\":\"Delivering professional drones and services\",\"publisher\":{\"@id\":\"https:\/\/www.ghostysky.com\/#organization\"},\"potentialAction\":[{\"@type\":\"SearchAction\",\"target\":{\"@type\":\"EntryPoint\",\"urlTemplate\":\"https:\/\/www.ghostysky.com\/?s={search_term_string}\"},\"query-input\":{\"@type\":\"PropertyValueSpecification\",\"valueRequired\":true,\"valueName\":\"search_term_string\"}}],\"inLanguage\":\"es\"},{\"@type\":\"Organization\",\"@id\":\"https:\/\/www.ghostysky.com\/#organization\",\"name\":\"Ghostysky\",\"url\":\"https:\/\/www.ghostysky.com\/\",\"logo\":{\"@type\":\"ImageObject\",\"inLanguage\":\"es\",\"@id\":\"https:\/\/www.ghostysky.com\/#\/schema\/logo\/image\/\",\"url\":\"https:\/\/www.ghostysky.com\/wp-content\/uploads\/2020\/06\/cropped-ghostyskylogo_text_white2.png\",\"contentUrl\":\"https:\/\/www.ghostysky.com\/wp-content\/uploads\/2020\/06\/cropped-ghostyskylogo_text_white2.png\",\"width\":169,\"height\":56,\"caption\":\"Ghostysky\"},\"image\":{\"@id\":\"https:\/\/www.ghostysky.com\/#\/schema\/logo\/image\/\"},\"sameAs\":[\"https:\/\/www.facebook.com\/people\/Ghostysky\/100057676170234\/\",\"https:\/\/x.com\/Gh0stysky\",\"https:\/\/www.linkedin.com\/company\/34739653\",\"https:\/\/www.instagram.com\/gh0stysky\"]}]}<\/script>\n<!-- \/ Yoast SEO plugin. -->","yoast_head_json":{"title":"Caja de control de aire acondicionado UFACTORY xArm - Ghostysky","description":"La caja de control de CA xArm de UFACTORY es el centro de comando esencial para su brazo rob\u00f3tico colaborativo xArm, que proporciona administraci\u00f3n de energ\u00eda robusta, interfaces de comunicaci\u00f3n y expansi\u00f3n de E\/S para una amplia gama de aplicaciones industriales y de investigaci\u00f3n.","robots":{"index":"index","follow":"follow","max-snippet":"max-snippet:-1","max-image-preview":"max-image-preview:large","max-video-preview":"max-video-preview:-1"},"canonical":"https:\/\/www.ghostysky.com\/es\/producto-2\/ufactory-xarm-ac-control-box\/","og_locale":"es_ES","og_type":"article","og_title":"UFACTORY xArm AC Control Box - Ghostysky","og_description":"The UFACTORY xArm AC Control Box is the essential command center for your xArm collaborative robotic arm, providing robust power management, communication interfaces, and I\/O expansion for a wide range of industrial and research applications.","og_url":"https:\/\/www.ghostysky.com\/es\/producto-2\/ufactory-xarm-ac-control-box\/","og_site_name":"Ghostysky","article_publisher":"https:\/\/www.facebook.com\/people\/Ghostysky\/100057676170234\/","article_modified_time":"2025-10-20T17:40:22+00:00","og_image":[{"width":2560,"height":2560,"url":"https:\/\/www.ghostysky.com\/wp-content\/uploads\/2025\/10\/GH_UFACTORY-850-AC-Control-Box_1.png","type":"image\/png"}],"twitter_card":"summary_large_image","twitter_site":"@Gh0stysky","twitter_misc":{"Tiempo de lectura":"2 minutos"},"schema":{"@context":"https:\/\/schema.org","@graph":[{"@type":"WebPage","@id":"https:\/\/www.ghostysky.com\/product\/ufactory-xarm-ac-control-box\/","url":"https:\/\/www.ghostysky.com\/product\/ufactory-xarm-ac-control-box\/","name":"Caja de control de aire acondicionado UFACTORY xArm - Ghostysky","isPartOf":{"@id":"https:\/\/www.ghostysky.com\/#website"},"primaryImageOfPage":{"@id":"https:\/\/www.ghostysky.com\/product\/ufactory-xarm-ac-control-box\/#primaryimage"},"image":{"@id":"https:\/\/www.ghostysky.com\/product\/ufactory-xarm-ac-control-box\/#primaryimage"},"thumbnailUrl":"https:\/\/www.ghostysky.com\/wp-content\/uploads\/2025\/10\/GH_UFACTORY-850-AC-Control-Box_1.png","datePublished":"2025-10-20T17:29:00+00:00","dateModified":"2025-10-20T17:40:22+00:00","description":"La caja de control de CA xArm de UFACTORY es el centro de comando esencial para su brazo rob\u00f3tico colaborativo xArm, que proporciona administraci\u00f3n de energ\u00eda robusta, interfaces de comunicaci\u00f3n y expansi\u00f3n de E\/S para una amplia gama de aplicaciones industriales y de investigaci\u00f3n.","breadcrumb":{"@id":"https:\/\/www.ghostysky.com\/product\/ufactory-xarm-ac-control-box\/#breadcrumb"},"inLanguage":"es","potentialAction":[{"@type":"ReadAction","target":["https:\/\/www.ghostysky.com\/product\/ufactory-xarm-ac-control-box\/"]}]},{"@type":"ImageObject","inLanguage":"es","@id":"https:\/\/www.ghostysky.com\/product\/ufactory-xarm-ac-control-box\/#primaryimage","url":"https:\/\/www.ghostysky.com\/wp-content\/uploads\/2025\/10\/GH_UFACTORY-850-AC-Control-Box_1.png","contentUrl":"https:\/\/www.ghostysky.com\/wp-content\/uploads\/2025\/10\/GH_UFACTORY-850-AC-Control-Box_1.png","width":2560,"height":2560},{"@type":"BreadcrumbList","@id":"https:\/\/www.ghostysky.com\/product\/ufactory-xarm-ac-control-box\/#breadcrumb","itemListElement":[{"@type":"ListItem","position":1,"name":"Home","item":"https:\/\/www.ghostysky.com\/"},{"@type":"ListItem","position":2,"name":"Shop","item":"https:\/\/www.ghostysky.com\/shop\/"},{"@type":"ListItem","position":3,"name":"UFACTORY xArm AC Control Box"}]},{"@type":"WebSite","@id":"https:\/\/www.ghostysky.com\/#website","url":"https:\/\/www.ghostysky.com\/","name":"Ghostysky","description":"Entrega de drones y servicios profesionales","publisher":{"@id":"https:\/\/www.ghostysky.com\/#organization"},"potentialAction":[{"@type":"SearchAction","target":{"@type":"EntryPoint","urlTemplate":"https:\/\/www.ghostysky.com\/?s={search_term_string}"},"query-input":{"@type":"PropertyValueSpecification","valueRequired":true,"valueName":"search_term_string"}}],"inLanguage":"es"},{"@type":"Organization","@id":"https:\/\/www.ghostysky.com\/#organization","name":"Ghostysky","url":"https:\/\/www.ghostysky.com\/","logo":{"@type":"ImageObject","inLanguage":"es","@id":"https:\/\/www.ghostysky.com\/#\/schema\/logo\/image\/","url":"https:\/\/www.ghostysky.com\/wp-content\/uploads\/2020\/06\/cropped-ghostyskylogo_text_white2.png","contentUrl":"https:\/\/www.ghostysky.com\/wp-content\/uploads\/2020\/06\/cropped-ghostyskylogo_text_white2.png","width":169,"height":56,"caption":"Ghostysky"},"image":{"@id":"https:\/\/www.ghostysky.com\/#\/schema\/logo\/image\/"},"sameAs":["https:\/\/www.facebook.com\/people\/Ghostysky\/100057676170234\/","https:\/\/x.com\/Gh0stysky","https:\/\/www.linkedin.com\/company\/34739653","https:\/\/www.instagram.com\/gh0stysky"]}]}},"_links":{"self":[{"href":"https:\/\/www.ghostysky.com\/es\/wp-json\/wp\/v2\/product\/22153","targetHints":{"allow":["GET"]}}],"collection":[{"href":"https:\/\/www.ghostysky.com\/es\/wp-json\/wp\/v2\/product"}],"about":[{"href":"https:\/\/www.ghostysky.com\/es\/wp-json\/wp\/v2\/types\/product"}],"replies":[{"embeddable":true,"href":"https:\/\/www.ghostysky.com\/es\/wp-json\/wp\/v2\/comments?post=22153"}],"wp:featuredmedia":[{"embeddable":true,"href":"https:\/\/www.ghostysky.com\/es\/wp-json\/wp\/v2\/media\/22146"}],"wp:attachment":[{"href":"https:\/\/www.ghostysky.com\/es\/wp-json\/wp\/v2\/media?parent=22153"}],"wp:term":[{"taxonomy":"product_brand","embeddable":true,"href":"https:\/\/www.ghostysky.com\/es\/wp-json\/wp\/v2\/product_brand?post=22153"},{"taxonomy":"product_cat","embeddable":true,"href":"https:\/\/www.ghostysky.com\/es\/wp-json\/wp\/v2\/product_cat?post=22153"},{"taxonomy":"product_tag","embeddable":true,"href":"https:\/\/www.ghostysky.com\/es\/wp-json\/wp\/v2\/product_tag?post=22153"}],"curies":[{"name":"wp","href":"https:\/\/api.w.org\/{rel}","templated":true}]}}