{"id":22202,"date":"2025-10-22T13:55:30","date_gmt":"2025-10-22T13:55:30","guid":{"rendered":"https:\/\/www.ghostysky.com\/?post_type=product&#038;p=22202"},"modified":"2026-01-30T15:45:28","modified_gmt":"2026-01-30T15:45:28","slug":"booster-robotics-k1","status":"publish","type":"product","link":"https:\/\/www.ghostysky.com\/es\/product\/booster-robotics-k1\/","title":{"rendered":"Rob\u00f3tica Booster K1 (Geek\/Edu\/Pro)"},"content":{"rendered":"<h4><b>Caracter\u00edsticas clave<\/b><\/h4>\n<ul>\n<li><b><span class=\"citation-1777\">Movilidad avanzada:<\/span><\/b><span class=\"citation-1777\"> Caracter\u00edsticas <\/span><b><span class=\"citation-1777\">22 grados de libertad (GdL)<\/span><\/b><span class=\"citation-1777 citation-end-1777\"> en las caderas, rodillas, tobillos, brazos y cabeza, lo que permite movimientos suaves, realistas y \u00e1giles similares a los humanos, incluidos caminar y mantener el equilibrio.<\/span><\/li>\n<li><b>Potencia de IA a bordo:<\/b><span class=\"citation-1776\"> Impulsado por un <\/span><b><span class=\"citation-1776\">NVIDIA Jetson Orin NX<\/span><\/b><span class=\"citation-1776 citation-end-1776\">, proporcionando una importante potencia inform\u00e1tica de IA (hasta 117 TOPS) para tareas complejas como reconocimiento visual, interpretaci\u00f3n de comandos de voz y aprendizaje de refuerzo.<\/span><\/li>\n<li><b><span class=\"citation-1775\">Conjunto completo de sensores:<\/span><\/b><span class=\"citation-1775\"> Equipado con un <\/span><b><span class=\"citation-1775\">C\u00e1mara de profundidad 3D<\/span><\/b><span class=\"citation-1775\"> Para la percepci\u00f3n y la navegaci\u00f3n, una <\/span><b><span class=\"citation-1775\">IMU de 9 ejes<\/span><\/b><span class=\"citation-1775\"> Para controlar el equilibrio, una <\/span><b><span class=\"citation-1775\">Matriz de micr\u00f3fonos<\/span><\/b><span class=\"citation-1775\"> y <\/span><b><span class=\"citation-1775\">Altavoz<\/span><\/b><span class=\"citation-1775\"> para la interacci\u00f3n de audio y <\/span><b><span class=\"citation-1775\">Sensores t\u00e1ctiles<\/span><\/b><span class=\"citation-1775 citation-end-1775\"> para un contacto f\u00edsico seguro.<\/span><\/li>\n<li><b>Port\u00e1til y listo para usar:<\/b><span class=\"citation-1774\"> De pie aproximadamente <\/span><b><span class=\"citation-1774\">95 cm de altura<\/span><\/b><span class=\"citation-1774\"> y pesando aproximadamente <\/span><b><span class=\"citation-1774\">19,5 kilogramos<\/span><\/b><span class=\"citation-1774\">El K1 est\u00e1 dise\u00f1ado para transportarse f\u00e1cilmente (a menudo en una sola maleta) con <\/span><b><span class=\"citation-1774\">No requiere ensamblaje<\/span><\/b><span class=\"citation-1774 citation-end-1774\">, lo que lo hace perfecto para laboratorios, aulas y eventos.<\/span><\/li>\n<li><b>Plataforma abierta y programable:<\/b><span class=\"citation-1773\"> Soportes <\/span><b><span class=\"citation-1773\">desarrollo secundario<\/span><\/b><span class=\"citation-1773\"> y es compatible con est\u00e1ndares de la industria como <\/span><b><span class=\"citation-1773\">ROS2<\/span><\/b><span class=\"citation-1773\"> y lenguajes de programaci\u00f3n como <\/span><b><span class=\"citation-1773\">Pit\u00f3n<\/span><\/b><span class=\"citation-1773 citation-end-1773\">, ofreciendo total flexibilidad para proyectos personalizados y experimentaci\u00f3n.<\/span><\/li>\n<li><b>Dise\u00f1ado para uso intensivo:<\/b><span class=\"citation-1772 citation-end-1772\"> Construido con juntas de codificador dual con control de fuerza total para un control preciso del torque, la velocidad y la posici\u00f3n, lo que garantiza que sea sensible y preciso para entornos educativos o de competencia exigentes.<\/span>\n<div class=\"source-inline-chip-container ng-star-inserted\"><\/div>\n<\/li>\n<\/ul>\n<h3>Especificaciones t\u00e9cnicas<\/h3>\n<p><a href=\"https:\/\/www.ghostysky.com\/wp-content\/uploads\/2025\/10\/GH_BoosterK1_prod_2_Info.png\"><img fetchpriority=\"high\" decoding=\"async\" class=\"alignnone wp-image-23920 size-full lazyload\" src=\"datos:imagen\/gif;base64,R0lGODlhAQABAAAAACH5BAEKAAEALAAAAAABAAEAAAICTAEAOw==\" alt=\"\" width=\"1200\" height=\"1805\" sizes=\"(max-width: 1200px) 100vw, 1200px\" data-src=\"datos:imagen\/gif;base64,R0lGODlhAQABAAAAACH5BAEKAAEALAAAAAABAAEAAAICTAEAOw==\" data-srcset=\"\" srcset=\"\"><\/a><\/p>\n<p><b>Ideal para:<\/b><\/p>\n<ul>\n<li><b><span class=\"citation-1771\">Educaci\u00f3n STEM:<\/span><\/b><span class=\"citation-1771 citation-end-1771\"> Una herramienta perfecta para ense\u00f1ar conceptos de programaci\u00f3n, rob\u00f3tica e IA.<\/span><\/li>\n<li><b><span class=\"citation-1770\">Investigaci\u00f3n:<\/span><\/b><span class=\"citation-1770 citation-end-1770\"> Realizaci\u00f3n de experimentos en rob\u00f3tica m\u00f3vil, percepci\u00f3n visual, interacci\u00f3n humano-robot y sistemas de control.<\/span><\/li>\n<li><b><span class=\"citation-1769\">Competiciones de rob\u00f3tica:<\/span><\/b><span class=\"citation-1769 citation-end-1769\"> Optimizado para agilidad y rendimiento en desaf\u00edos como RoboCup.<\/span>\n<div class=\"source-inline-chip-container ng-star-inserted\"><\/div>\n<\/li>\n<\/ul>\n<p>Experimente la pr\u00f3xima generaci\u00f3n de rob\u00f3tica humanoide asequible y de alto rendimiento con el Booster K1.<\/p>","protected":false},"excerpt":{"rendered":"<p><span class=\"citation-1779\">El <\/span><b><span class=\"citation-1779\">Refuerzo K1<\/span><\/b><span class=\"citation-1779 citation-end-1779\"> es un robot humanoide potente, compacto y accesible dise\u00f1ado para ser la plataforma ideal para la educaci\u00f3n STEM, la investigaci\u00f3n rob\u00f3tica avanzada y los desaf\u00edos competitivos como RoboCup.<\/span> <span class=\"citation-1778 citation-end-1778\">Al combinar movilidad avanzada con potencia inform\u00e1tica de IA robusta en un formato listo para usar, el K1 lleva el futuro de la rob\u00f3tica humanoide a su laboratorio o aula.<\/span><\/p>\n<div class=\"source-inline-chip-container ng-star-inserted\"><\/div>\n<p>&nbsp;<\/p>","protected":false},"featured_media":22203,"comment_status":"open","ping_status":"closed","template":"","meta":[],"product_brand":[1165],"product_cat":[1162,1163,1038,1037],"product_tag":[1166,1168,1167],"class_list":{"0":"post-22202","1":"product","2":"type-product","3":"status-publish","4":"has-post-thumbnail","6":"product_brand-booster-robotics","7":"product_cat-booster-robotics","8":"product_cat-booster-robotics-robots","9":"product_cat-humanoid","10":"product_cat-robotics","11":"product_tag-booster-robotics","12":"product_tag-booster-robotics-k1","13":"product_tag-booster-robotics-robots","15":"first","16":"onbackorder","17":"taxable","18":"shipping-taxable","19":"purchasable","20":"product-type-simple"},"yoast_head":"<!-- This site is optimized with the Yoast SEO plugin v27.4 - https:\/\/yoast.com\/product\/yoast-seo-wordpress\/ -->\n<title>Booster Robotics K1 (Geek\/Edu\/Pro) - Ghostysky<\/title>\n<meta name=\"description\" content=\"The Booster K1 is a powerful, compact, and accessible humanoid robot engineered to be the ideal platform for STEM education, advanced robotics research, and competitive challenges like RoboCup. Combining advanced mobility with robust AI computing power in a ready-to-use format, the K1 brings the future of humanoid robotics into your lab or classroom.\" \/>\n<meta name=\"robots\" content=\"index, follow, max-snippet:-1, max-image-preview:large, max-video-preview:-1\" \/>\n<link rel=\"canonical\" href=\"https:\/\/www.ghostysky.com\/es\/producto-2\/booster-robotics-k1\/\" \/>\n<meta property=\"og:locale\" content=\"es_ES\" \/>\n<meta property=\"og:type\" content=\"article\" \/>\n<meta property=\"og:title\" content=\"Booster Robotics K1 (Geek\/Edu\/Pro) - Ghostysky\" \/>\n<meta property=\"og:description\" content=\"The Booster K1 is a powerful, compact, and accessible humanoid robot engineered to be the ideal platform for STEM education, advanced robotics research, and competitive challenges like RoboCup. Combining advanced mobility with robust AI computing power in a ready-to-use format, the K1 brings the future of humanoid robotics into your lab or classroom.\" \/>\n<meta property=\"og:url\" content=\"https:\/\/www.ghostysky.com\/es\/producto-2\/booster-robotics-k1\/\" \/>\n<meta property=\"og:site_name\" content=\"Ghostysky\" \/>\n<meta property=\"article:publisher\" content=\"https:\/\/www.facebook.com\/people\/Ghostysky\/100057676170234\/\" \/>\n<meta property=\"article:modified_time\" content=\"2026-01-30T15:45:28+00:00\" \/>\n<meta property=\"og:image\" content=\"https:\/\/www.ghostysky.com\/wp-content\/uploads\/2025\/10\/GH_Booster-K1_1.webp\" \/>\n\t<meta property=\"og:image:width\" content=\"700\" \/>\n\t<meta property=\"og:image:height\" content=\"700\" \/>\n\t<meta property=\"og:image:type\" content=\"image\/webp\" \/>\n<meta name=\"twitter:card\" content=\"summary_large_image\" \/>\n<meta name=\"twitter:site\" content=\"@Gh0stysky\" \/>\n<meta name=\"twitter:label1\" content=\"Tiempo de lectura\" \/>\n\t<meta name=\"twitter:data1\" content=\"2 minutos\" \/>\n<script type=\"application\/ld+json\" class=\"yoast-schema-graph\">{\"@context\":\"https:\\\/\\\/schema.org\",\"@graph\":[{\"@type\":\"WebPage\",\"@id\":\"https:\\\/\\\/www.ghostysky.com\\\/product\\\/booster-robotics-k1\\\/\",\"url\":\"https:\\\/\\\/www.ghostysky.com\\\/product\\\/booster-robotics-k1\\\/\",\"name\":\"Booster Robotics K1 (Geek\\\/Edu\\\/Pro) - Ghostysky\",\"isPartOf\":{\"@id\":\"https:\\\/\\\/www.ghostysky.com\\\/#website\"},\"primaryImageOfPage\":{\"@id\":\"https:\\\/\\\/www.ghostysky.com\\\/product\\\/booster-robotics-k1\\\/#primaryimage\"},\"image\":{\"@id\":\"https:\\\/\\\/www.ghostysky.com\\\/product\\\/booster-robotics-k1\\\/#primaryimage\"},\"thumbnailUrl\":\"https:\\\/\\\/www.ghostysky.com\\\/wp-content\\\/uploads\\\/2025\\\/10\\\/GH_Booster-K1_1.webp\",\"datePublished\":\"2025-10-22T13:55:30+00:00\",\"dateModified\":\"2026-01-30T15:45:28+00:00\",\"description\":\"The Booster K1 is a powerful, compact, and accessible humanoid robot engineered to be the ideal platform for STEM education, advanced robotics research, and competitive challenges like RoboCup. Combining advanced mobility with robust AI computing power in a ready-to-use format, the K1 brings the future of humanoid robotics into your lab or classroom.\",\"breadcrumb\":{\"@id\":\"https:\\\/\\\/www.ghostysky.com\\\/product\\\/booster-robotics-k1\\\/#breadcrumb\"},\"inLanguage\":\"es\",\"potentialAction\":[{\"@type\":\"ReadAction\",\"target\":[\"https:\\\/\\\/www.ghostysky.com\\\/product\\\/booster-robotics-k1\\\/\"]}]},{\"@type\":\"ImageObject\",\"inLanguage\":\"es\",\"@id\":\"https:\\\/\\\/www.ghostysky.com\\\/product\\\/booster-robotics-k1\\\/#primaryimage\",\"url\":\"https:\\\/\\\/www.ghostysky.com\\\/wp-content\\\/uploads\\\/2025\\\/10\\\/GH_Booster-K1_1.webp\",\"contentUrl\":\"https:\\\/\\\/www.ghostysky.com\\\/wp-content\\\/uploads\\\/2025\\\/10\\\/GH_Booster-K1_1.webp\",\"width\":700,\"height\":700},{\"@type\":\"BreadcrumbList\",\"@id\":\"https:\\\/\\\/www.ghostysky.com\\\/product\\\/booster-robotics-k1\\\/#breadcrumb\",\"itemListElement\":[{\"@type\":\"ListItem\",\"position\":1,\"name\":\"Home\",\"item\":\"https:\\\/\\\/www.ghostysky.com\\\/\"},{\"@type\":\"ListItem\",\"position\":2,\"name\":\"Shop\",\"item\":\"https:\\\/\\\/www.ghostysky.com\\\/shop\\\/\"},{\"@type\":\"ListItem\",\"position\":3,\"name\":\"Booster Robotics K1 (Geek\\\/Edu\\\/Pro)\"}]},{\"@type\":\"WebSite\",\"@id\":\"https:\\\/\\\/www.ghostysky.com\\\/#website\",\"url\":\"https:\\\/\\\/www.ghostysky.com\\\/\",\"name\":\"Ghostysky\",\"description\":\"Delivering professional drones and robotics solutions\",\"publisher\":{\"@id\":\"https:\\\/\\\/www.ghostysky.com\\\/#organization\"},\"potentialAction\":[{\"@type\":\"SearchAction\",\"target\":{\"@type\":\"EntryPoint\",\"urlTemplate\":\"https:\\\/\\\/www.ghostysky.com\\\/?s={search_term_string}\"},\"query-input\":{\"@type\":\"PropertyValueSpecification\",\"valueRequired\":true,\"valueName\":\"search_term_string\"}}],\"inLanguage\":\"es\"},{\"@type\":\"Organization\",\"@id\":\"https:\\\/\\\/www.ghostysky.com\\\/#organization\",\"name\":\"Ghostysky\",\"url\":\"https:\\\/\\\/www.ghostysky.com\\\/\",\"logo\":{\"@type\":\"ImageObject\",\"inLanguage\":\"es\",\"@id\":\"https:\\\/\\\/www.ghostysky.com\\\/#\\\/schema\\\/logo\\\/image\\\/\",\"url\":\"https:\\\/\\\/www.ghostysky.com\\\/wp-content\\\/uploads\\\/2020\\\/06\\\/cropped-ghostyskylogo_text_white2.png\",\"contentUrl\":\"https:\\\/\\\/www.ghostysky.com\\\/wp-content\\\/uploads\\\/2020\\\/06\\\/cropped-ghostyskylogo_text_white2.png\",\"width\":169,\"height\":56,\"caption\":\"Ghostysky\"},\"image\":{\"@id\":\"https:\\\/\\\/www.ghostysky.com\\\/#\\\/schema\\\/logo\\\/image\\\/\"},\"sameAs\":[\"https:\\\/\\\/www.facebook.com\\\/people\\\/Ghostysky\\\/100057676170234\\\/\",\"https:\\\/\\\/x.com\\\/Gh0stysky\",\"https:\\\/\\\/www.linkedin.com\\\/company\\\/34739653\",\"https:\\\/\\\/www.instagram.com\\\/gh0stysky\"]}]}<\/script>\n<!-- \/ Yoast SEO plugin. -->","yoast_head_json":{"title":"Rob\u00f3tica Booster K1 (Geek\/Edu\/Pro) - Ghostysky","description":"El Booster K1 es un robot humanoide potente, compacto y accesible, dise\u00f1ado para ser la plataforma ideal para la educaci\u00f3n STEM, la investigaci\u00f3n rob\u00f3tica avanzada y desaf\u00edos competitivos como la RoboCup. Combinando movilidad avanzada con la robusta capacidad de procesamiento de IA en un formato listo para usar, el K1 lleva el futuro de la rob\u00f3tica humanoide a su laboratorio o aula.","robots":{"index":"index","follow":"follow","max-snippet":"max-snippet:-1","max-image-preview":"max-image-preview:large","max-video-preview":"max-video-preview:-1"},"canonical":"https:\/\/www.ghostysky.com\/es\/producto-2\/booster-robotics-k1\/","og_locale":"es_ES","og_type":"article","og_title":"Booster Robotics K1 (Geek\/Edu\/Pro) - Ghostysky","og_description":"The Booster K1 is a powerful, compact, and accessible humanoid robot engineered to be the ideal platform for STEM education, advanced robotics research, and competitive challenges like RoboCup. Combining advanced mobility with robust AI computing power in a ready-to-use format, the K1 brings the future of humanoid robotics into your lab or classroom.","og_url":"https:\/\/www.ghostysky.com\/es\/producto-2\/booster-robotics-k1\/","og_site_name":"Ghostysky","article_publisher":"https:\/\/www.facebook.com\/people\/Ghostysky\/100057676170234\/","article_modified_time":"2026-01-30T15:45:28+00:00","og_image":[{"width":700,"height":700,"url":"https:\/\/www.ghostysky.com\/wp-content\/uploads\/2025\/10\/GH_Booster-K1_1.webp","type":"image\/webp"}],"twitter_card":"summary_large_image","twitter_site":"@Gh0stysky","twitter_misc":{"Tiempo de lectura":"2 minutos"},"schema":{"@context":"https:\/\/schema.org","@graph":[{"@type":"WebPage","@id":"https:\/\/www.ghostysky.com\/product\/booster-robotics-k1\/","url":"https:\/\/www.ghostysky.com\/product\/booster-robotics-k1\/","name":"Rob\u00f3tica Booster K1 (Geek\/Edu\/Pro) - Ghostysky","isPartOf":{"@id":"https:\/\/www.ghostysky.com\/#website"},"primaryImageOfPage":{"@id":"https:\/\/www.ghostysky.com\/product\/booster-robotics-k1\/#primaryimage"},"image":{"@id":"https:\/\/www.ghostysky.com\/product\/booster-robotics-k1\/#primaryimage"},"thumbnailUrl":"https:\/\/www.ghostysky.com\/wp-content\/uploads\/2025\/10\/GH_Booster-K1_1.webp","datePublished":"2025-10-22T13:55:30+00:00","dateModified":"2026-01-30T15:45:28+00:00","description":"El Booster K1 es un robot humanoide potente, compacto y accesible, dise\u00f1ado para ser la plataforma ideal para la educaci\u00f3n STEM, la investigaci\u00f3n rob\u00f3tica avanzada y desaf\u00edos competitivos como la RoboCup. Combinando movilidad avanzada con la robusta capacidad de procesamiento de IA en un formato listo para usar, el K1 lleva el futuro de la rob\u00f3tica humanoide a su laboratorio o aula.","breadcrumb":{"@id":"https:\/\/www.ghostysky.com\/product\/booster-robotics-k1\/#breadcrumb"},"inLanguage":"es","potentialAction":[{"@type":"ReadAction","target":["https:\/\/www.ghostysky.com\/product\/booster-robotics-k1\/"]}]},{"@type":"ImageObject","inLanguage":"es","@id":"https:\/\/www.ghostysky.com\/product\/booster-robotics-k1\/#primaryimage","url":"https:\/\/www.ghostysky.com\/wp-content\/uploads\/2025\/10\/GH_Booster-K1_1.webp","contentUrl":"https:\/\/www.ghostysky.com\/wp-content\/uploads\/2025\/10\/GH_Booster-K1_1.webp","width":700,"height":700},{"@type":"BreadcrumbList","@id":"https:\/\/www.ghostysky.com\/product\/booster-robotics-k1\/#breadcrumb","itemListElement":[{"@type":"ListItem","position":1,"name":"Home","item":"https:\/\/www.ghostysky.com\/"},{"@type":"ListItem","position":2,"name":"Shop","item":"https:\/\/www.ghostysky.com\/shop\/"},{"@type":"ListItem","position":3,"name":"Booster Robotics K1 (Geek\/Edu\/Pro)"}]},{"@type":"WebSite","@id":"https:\/\/www.ghostysky.com\/#website","url":"https:\/\/www.ghostysky.com\/","name":"Ghostysky","description":"Ofrecemos soluciones profesionales de drones y rob\u00f3tica.","publisher":{"@id":"https:\/\/www.ghostysky.com\/#organization"},"potentialAction":[{"@type":"SearchAction","target":{"@type":"EntryPoint","urlTemplate":"https:\/\/www.ghostysky.com\/?s={search_term_string}"},"query-input":{"@type":"PropertyValueSpecification","valueRequired":true,"valueName":"search_term_string"}}],"inLanguage":"es"},{"@type":"Organization","@id":"https:\/\/www.ghostysky.com\/#organization","name":"Ghostysky","url":"https:\/\/www.ghostysky.com\/","logo":{"@type":"ImageObject","inLanguage":"es","@id":"https:\/\/www.ghostysky.com\/#\/schema\/logo\/image\/","url":"https:\/\/www.ghostysky.com\/wp-content\/uploads\/2020\/06\/cropped-ghostyskylogo_text_white2.png","contentUrl":"https:\/\/www.ghostysky.com\/wp-content\/uploads\/2020\/06\/cropped-ghostyskylogo_text_white2.png","width":169,"height":56,"caption":"Ghostysky"},"image":{"@id":"https:\/\/www.ghostysky.com\/#\/schema\/logo\/image\/"},"sameAs":["https:\/\/www.facebook.com\/people\/Ghostysky\/100057676170234\/","https:\/\/x.com\/Gh0stysky","https:\/\/www.linkedin.com\/company\/34739653","https:\/\/www.instagram.com\/gh0stysky"]}]}},"_links":{"self":[{"href":"https:\/\/www.ghostysky.com\/es\/wp-json\/wp\/v2\/product\/22202","targetHints":{"allow":["GET"]}}],"collection":[{"href":"https:\/\/www.ghostysky.com\/es\/wp-json\/wp\/v2\/product"}],"about":[{"href":"https:\/\/www.ghostysky.com\/es\/wp-json\/wp\/v2\/types\/product"}],"replies":[{"embeddable":true,"href":"https:\/\/www.ghostysky.com\/es\/wp-json\/wp\/v2\/comments?post=22202"}],"version-history":[{"count":0,"href":"https:\/\/www.ghostysky.com\/es\/wp-json\/wp\/v2\/product\/22202\/revisions"}],"wp:featuredmedia":[{"embeddable":true,"href":"https:\/\/www.ghostysky.com\/es\/wp-json\/wp\/v2\/media\/22203"}],"wp:attachment":[{"href":"https:\/\/www.ghostysky.com\/es\/wp-json\/wp\/v2\/media?parent=22202"}],"wp:term":[{"taxonomy":"product_brand","embeddable":true,"href":"https:\/\/www.ghostysky.com\/es\/wp-json\/wp\/v2\/product_brand?post=22202"},{"taxonomy":"product_cat","embeddable":true,"href":"https:\/\/www.ghostysky.com\/es\/wp-json\/wp\/v2\/product_cat?post=22202"},{"taxonomy":"product_tag","embeddable":true,"href":"https:\/\/www.ghostysky.com\/es\/wp-json\/wp\/v2\/product_tag?post=22202"}],"curies":[{"name":"wp","href":"https:\/\/api.w.org\/{rel}","templated":true}]}}