{"id":22226,"date":"2025-10-22T15:06:12","date_gmt":"2025-10-22T15:06:12","guid":{"rendered":"https:\/\/www.ghostysky.com\/?post_type=product&#038;p=22226"},"modified":"2025-10-22T15:14:00","modified_gmt":"2025-10-22T15:14:00","slug":"dji-mavic-4-pro-fly-more-combo-dji-rc-2","status":"publish","type":"product","link":"https:\/\/www.ghostysky.com\/es\/product\/dji-mavic-4-pro-fly-more-combo-dji-rc-2\/","title":{"rendered":"Combo DJI Mavic 4 Pro Vuela M\u00e1s (DJI RC 2)"},"content":{"rendered":"<h4><b>Sistema de im\u00e1genes inigualable<\/b><\/h4>\n<ul>\n<li><b>Excelencia de tres c\u00e1maras:<\/b> Domina cada \u00e1ngulo con un vers\u00e1til sistema de triple lente:\n<ul>\n<li><b><span class=\"citation-100\">C\u00e1mara Hasselblad de 100 MP (4\/3 CMOS):<\/span><\/b><span class=\"citation-100\"> Captura im\u00e1genes \u00e9picas y llenas de detalles con fotos de 100 MP y una calidad de imagen impresionante. <\/span><b><span class=\"citation-100\">V\u00eddeo HDR de 6K\/60 fps<\/span><\/b><span class=\"citation-100 citation-end-100\">.<sup class=\"superscript\" data-turn-source-index=\"4\">4<\/sup><\/span> <span class=\"citation-99 citation-end-99\">Cuenta con una apertura ajustable desde <sup class=\"superscript\" data-turn-source-index=\"5\">5<\/sup><\/span><span class=\"math-inline\" data-math=\"f\/2.0\">$f\/2.0$<\/span><span class=\"citation-98 citation-end-98\"> a <sup class=\"superscript\" data-turn-source-index=\"6\">6<\/sup><\/span><span class=\"math-inline\" data-math=\"f\/11\">$f\/11$<\/span><span class=\"citation-97 citation-end-97\"> y hasta 15,5 pasos de rango din\u00e1mico.<\/span><\/li>\n<li><b><span class=\"citation-96\">C\u00e1mara telesc\u00f3pica mediana (CMOS 1\/1,3\u2033, equivalente a 70 mm):<\/span><\/b><span class=\"citation-96\"> Ideal para retratos y perspectivas comprimidas, capturando <\/span><b><span class=\"citation-96\">48MP<\/span><\/b><span class=\"citation-96 citation-end-96\"> fotos y <sup class=\"superscript\" data-turn-source-index=\"8\">8<\/sup><\/span><span class=\"math-inline\" data-math=\"4\\text{K}\/60\\text{fps}\">$4\\texto{K}\/60\\texto{fps}$<\/span><span class=\"citation-95 citation-end-95\"> V\u00eddeo HDR.<\/span><\/li>\n<li><b><span class=\"citation-94 citation-end-94\">C\u00e1mara telesc\u00f3pica larga (CMOS de 1\/1,5\u2033, equivalente a 168 mm):<sup class=\"superscript\" data-turn-source-index=\"10\">10<\/sup><\/span><\/b><span class=\"citation-93\"> Una mejora significativa para tomar fotograf\u00edas con zoom de alta calidad, capturando <\/span><b><span class=\"citation-93\">50MP<\/span><\/b><span class=\"citation-93 citation-end-93\"> fotos y <sup class=\"superscript\" data-turn-source-index=\"11\">11<\/sup><\/span><span class=\"math-inline\" data-math=\"4\\text{K}\/60\\text{fps}\">$4\\texto{K}\/60\\texto{fps}$<\/span><span class=\"citation-92 citation-end-92\"> V\u00eddeo HDR, con notable claridad y estabilidad.<\/span><\/li>\n<\/ul>\n<\/li>\n<li><b>Gimbal infinito:<\/b><span class=\"citation-91\"> Rompa las barreras creativas con un innovador card\u00e1n que permite <\/span><b><span class=\"citation-91 citation-end-91\">lleno <sup class=\"superscript\" data-turn-source-index=\"13\">13<\/sup><\/span><span class=\"math-inline\" data-math=\"360^{\\circ}\">$360^{\\circ}$<\/span><span class=\"citation-90\"> rotaci\u00f3n<\/span><\/b><span class=\"citation-90 citation-end-90\"> y sin esfuerzo <sup class=\"superscript\" data-turn-source-index=\"14\">14<\/sup><\/span><b><span class=\"math-inline\" data-math=\"70^{\\circ}\">$70^{\\circ}$<\/span><span class=\"citation-89\"> tiro hacia arriba<\/span><\/b><span class=\"citation-89 citation-end-89\"> Capacidad para realizar movimientos de c\u00e1mara din\u00e1micos que desaf\u00edan la gravedad.<\/span><\/li>\n<li><b><span class=\"citation-88\">V\u00eddeo de calidad profesional:<\/span><\/b><span class=\"citation-88 citation-end-88\"> Todas las c\u00e1maras admiten perfiles de color D-Log, D-Log M y HLG de 10 bits para lograr un color uniforme y m\u00e1xima flexibilidad de posproducci\u00f3n, con opciones de c\u00e1mara lenta de hasta <sup class=\"superscript\" data-turn-source-index=\"16\">16<\/sup><\/span><span class=\"math-inline\" data-math=\"4\\text{K}\/120\\text{fps}\">$4\\texto{K}\/120\\texto{fps}$<\/span><span class=\"citation-87 citation-end-87\">.<\/span><\/li>\n<\/ul>\n<p><b>Vuelo extendido y transmisi\u00f3n:<\/b><\/p>\n<ul>\n<li><b>Tiempo m\u00e1ximo de vuelo de 51 minutos:<\/b><span class=\"citation-86\"> El dise\u00f1o aerodin\u00e1micamente eficiente y la potente bater\u00eda brindan un tiempo de vuelo excepcional de hasta <\/span><b><span class=\"citation-86\">51 minutos<\/span><\/b><span class=\"citation-86 citation-end-86\">, lo que le da m\u00e1s tiempo para explorar y capturar.<\/span><\/li>\n<li><b><span class=\"citation-85\">Transmisi\u00f3n de video HD del DJI O4+:<\/span><\/b><span class=\"citation-85\"> Experimente una transmisi\u00f3n de alcance ultra largo y altamente estable <\/span><b><span class=\"citation-85\">V\u00eddeo HDR de 10 bits<\/span><\/b><span class=\"citation-85\"> arriba a <\/span><b><span class=\"citation-85\">30 kil\u00f3metros (FCC)<\/span><\/b><span class=\"citation-85 citation-end-85\">, garantizando una conexi\u00f3n confiable y una calidad de imagen superior incluso en entornos complejos.<\/span><\/li>\n<\/ul>\n<p><b>Seguridad e inteligencia avanzadas:<\/b><\/p>\n<ul>\n<li><b>Detecci\u00f3n de obst\u00e1culos omnidireccional de paisaje nocturno de 0,1 lux:<\/b> Vuele con confianza de d\u00eda o de noche. <span class=\"citation-84\">El dron cuenta con un avanzado sistema de visi\u00f3n omnidireccional con <\/span><b><span class=\"citation-84\">LiDAR orientado hacia adelante<\/span><\/b><span class=\"citation-84 citation-end-84\"> que proporciona una robusta evitaci\u00f3n de obst\u00e1culos y funciona incluso en condiciones de luz extremadamente baja (hasta 0,1 lux).<\/span><\/li>\n<li><b>ActiveTrack <span class=\"math-inline\" data-math=\"360^{\\circ}\">$360^{\\circ}$<\/span>:<\/b><span class=\"citation-83 citation-end-83\"> El sistema de seguimiento significativamente mejorado proporciona un seguimiento del sujeto estable y cinematogr\u00e1fico, incluso con poca luz y cuando el sujeto est\u00e1 parcialmente oscurecido.<\/span><\/li>\n<\/ul>\n<p>Combo Fly More para una creaci\u00f3n integral:<\/p>\n<p>El Fly More Combo es el paquete esencial para maximizar su tiempo en el aire y la eficiencia del flujo de trabajo, que incluye:<\/p>\n<ul>\n<li><span class=\"citation-82\">El <\/span><b><span class=\"citation-82\">Avi\u00f3n DJI Mavic 4 Pro<\/span><\/b><span class=\"citation-82 citation-end-82\"> (con 64 GB de almacenamiento interno).<\/span><\/li>\n<li><span class=\"citation-81\">El <\/span><b><span class=\"citation-81\">DJI RC 2<\/span><\/b><span class=\"citation-81 citation-end-81\"> Control remoto con pantalla FHD de alto brillo de 5,5 pulgadas incorporada.<\/span><\/li>\n<li><b><span class=\"citation-80\">Tres<\/span><\/b><span class=\"citation-80 citation-end-80\"> Bater\u00edas de vuelo inteligentes totales para sesiones prolongadas.<\/span><\/li>\n<li><span class=\"citation-79\">A <\/span><b><span class=\"citation-79\">Centro de carga paralela<\/span><\/b><span class=\"citation-79 citation-end-79\"> para cargar eficientemente m\u00faltiples bater\u00edas.<\/span><\/li>\n<li><span class=\"citation-78\">H\u00e9lices de repuesto, una funda de almacenamiento, un adaptador de corriente USB-C DJI de 100 W y un <\/span><b><span class=\"citation-78\">Bolso de hombro para DJI Mavic<\/span><\/b><span class=\"citation-78 citation-end-78\"> para llevar todo tu equipo.<\/span><\/li>\n<\/ul>\n<p>El DJI Mavic 4 Pro Fly More Combo (DJI RC 2) es la plataforma de im\u00e1genes a\u00e9reas definitiva, que combina tecnolog\u00eda de c\u00e1mara innovadora, movimiento de nivel profesional y una resistencia de vuelo incomparable.<\/p>\n<h4>En el cuadro<\/h4>\n<ul>\n<li>1 DJI Mavic 4 Pro<\/li>\n<li>1x DJI RC 2<\/li>\n<li>3 bater\u00edas de vuelo inteligente DJI Mavic 4 Pro<\/li>\n<li>4 h\u00e9lices de repuesto para DJI Mavic 4 Pro (par)<\/li>\n<li>1x Estuche de almacenamiento para DJI Mavic 4 Pro<\/li>\n<li>2 cables de datos USB-C a USB-C<\/li>\n<li>1 adaptador de corriente DJI de 100 W USB-C<\/li>\n<li>1x Bolsa de hombro para DJI Mavic 4 Series<\/li>\n<li>1x Centro de carga paralela para DJI Mavic 4 Pro<\/li>\n<\/ul>","protected":false},"excerpt":{"rendered":"<p><b><span class=\"citation-103 citation-end-103\">DJI Mavic 4 Pro Fly More Combo (DJI RC 2): El dron insignia de triple lente<\/span><\/b><\/p>\n<p><span class=\"citation-102\">Eleve su cinematograf\u00eda a\u00e9rea a un nivel sin precedentes con el <\/span><b><span class=\"citation-102\">Combo DJI Mavic 4 Pro Vuela m\u00e1s<\/span><\/b><span class=\"citation-102\">, combinado con la pantalla brillante integrada <\/span><b><span class=\"citation-102\">DJI RC 2<\/span><\/b><span class=\"citation-102 citation-end-102\"> controlador.<\/span> <span class=\"citation-101 citation-end-101\">Este dron insignia con triple c\u00e1mara est\u00e1 dise\u00f1ado para profesionales y creadores de contenido que exigen im\u00e1genes superiores, un rendimiento de vuelo prolongado y funciones de seguridad de vanguardia.<\/span><\/p>","protected":false},"featured_media":22222,"comment_status":"open","ping_status":"closed","template":"","meta":[],"product_brand":[1031],"product_cat":[37,29,1171,1172],"product_tag":[1175,1174,1176],"class_list":{"0":"post-22226","1":"product","2":"type-product","3":"status-publish","4":"has-post-thumbnail","6":"product_brand-dji","7":"product_cat-dji","8":"product_cat-drones","9":"product_cat-mavic-4-pro","10":"product_cat-mavic-4-pro-drones","11":"product_tag-dji-consumer-drones","12":"product_tag-dji-drones","13":"product_tag-dji-mavic-4-pro-drones","15":"first","16":"instock","17":"taxable","18":"shipping-taxable","19":"purchasable","20":"product-type-simple"},"yoast_head":"<!-- This site is optimized with the Yoast SEO plugin v27.1.1 - https:\/\/yoast.com\/product\/yoast-seo-wordpress\/ -->\n<title>DJI Mavic 4 Pro Fly More Combo (DJI RC 2) - Ghostysky<\/title>\n<meta name=\"description\" content=\"DJI Mavic 4 Pro Fly More Combo (DJI RC 2): The Triple-Lens Flagship DroneElevate your aerial cinematography to an unprecedented level with the DJI Mavic 4 Pro Fly More Combo, paired with the bright, integrated-screen DJI RC 2 controller. This triple-camera flagship drone is engineered for professionals and content creators who demand superior imaging, extended flight performance, and cutting-edge safety features.\" \/>\n<meta name=\"robots\" content=\"index, follow, max-snippet:-1, max-image-preview:large, max-video-preview:-1\" \/>\n<link rel=\"canonical\" href=\"https:\/\/www.ghostysky.com\/es\/producto-2\/dji-mavic-4-pro-fly-more-combo-dji-rc-2\/\" \/>\n<meta property=\"og:locale\" content=\"es_ES\" \/>\n<meta property=\"og:type\" content=\"article\" \/>\n<meta property=\"og:title\" content=\"DJI Mavic 4 Pro Fly More Combo (DJI RC 2) - Ghostysky\" \/>\n<meta property=\"og:description\" content=\"DJI Mavic 4 Pro Fly More Combo (DJI RC 2): The Triple-Lens Flagship DroneElevate your aerial cinematography to an unprecedented level with the DJI Mavic 4 Pro Fly More Combo, paired with the bright, integrated-screen DJI RC 2 controller. This triple-camera flagship drone is engineered for professionals and content creators who demand superior imaging, extended flight performance, and cutting-edge safety features.\" \/>\n<meta property=\"og:url\" content=\"https:\/\/www.ghostysky.com\/es\/producto-2\/dji-mavic-4-pro-fly-more-combo-dji-rc-2\/\" \/>\n<meta property=\"og:site_name\" content=\"Ghostysky\" \/>\n<meta property=\"article:publisher\" content=\"https:\/\/www.facebook.com\/people\/Ghostysky\/100057676170234\/\" \/>\n<meta property=\"article:modified_time\" content=\"2025-10-22T15:14:00+00:00\" \/>\n<meta property=\"og:image\" content=\"https:\/\/www.ghostysky.com\/wp-content\/uploads\/2025\/10\/GH_DJI-Mavic-4-Pro-512GB-Creator-Combo-DJI-RC-Pro-2_1.jpg\" \/>\n\t<meta property=\"og:image:width\" content=\"800\" \/>\n\t<meta property=\"og:image:height\" content=\"800\" \/>\n\t<meta property=\"og:image:type\" content=\"image\/jpeg\" \/>\n<meta name=\"twitter:card\" content=\"summary_large_image\" \/>\n<meta name=\"twitter:site\" content=\"@Gh0stysky\" \/>\n<meta name=\"twitter:label1\" content=\"Tiempo de lectura\" \/>\n\t<meta name=\"twitter:data1\" content=\"3 minutos\" \/>\n<script type=\"application\/ld+json\" class=\"yoast-schema-graph\">{\"@context\":\"https:\/\/schema.org\",\"@graph\":[{\"@type\":\"WebPage\",\"@id\":\"https:\/\/www.ghostysky.com\/product\/dji-mavic-4-pro-fly-more-combo-dji-rc-2\/\",\"url\":\"https:\/\/www.ghostysky.com\/product\/dji-mavic-4-pro-fly-more-combo-dji-rc-2\/\",\"name\":\"DJI Mavic 4 Pro Fly More Combo (DJI RC 2) - Ghostysky\",\"isPartOf\":{\"@id\":\"https:\/\/www.ghostysky.com\/#website\"},\"primaryImageOfPage\":{\"@id\":\"https:\/\/www.ghostysky.com\/product\/dji-mavic-4-pro-fly-more-combo-dji-rc-2\/#primaryimage\"},\"image\":{\"@id\":\"https:\/\/www.ghostysky.com\/product\/dji-mavic-4-pro-fly-more-combo-dji-rc-2\/#primaryimage\"},\"thumbnailUrl\":\"https:\/\/www.ghostysky.com\/wp-content\/uploads\/2025\/10\/GH_DJI-Mavic-4-Pro-512GB-Creator-Combo-DJI-RC-Pro-2_1.jpg\",\"datePublished\":\"2025-10-22T15:06:12+00:00\",\"dateModified\":\"2025-10-22T15:14:00+00:00\",\"description\":\"DJI Mavic 4 Pro Fly More Combo (DJI RC 2): The Triple-Lens Flagship DroneElevate your aerial cinematography to an unprecedented level with the DJI Mavic 4 Pro Fly More Combo, paired with the bright, integrated-screen DJI RC 2 controller. This triple-camera flagship drone is engineered for professionals and content creators who demand superior imaging, extended flight performance, and cutting-edge safety features.\",\"breadcrumb\":{\"@id\":\"https:\/\/www.ghostysky.com\/product\/dji-mavic-4-pro-fly-more-combo-dji-rc-2\/#breadcrumb\"},\"inLanguage\":\"es\",\"potentialAction\":[{\"@type\":\"ReadAction\",\"target\":[\"https:\/\/www.ghostysky.com\/product\/dji-mavic-4-pro-fly-more-combo-dji-rc-2\/\"]}]},{\"@type\":\"ImageObject\",\"inLanguage\":\"es\",\"@id\":\"https:\/\/www.ghostysky.com\/product\/dji-mavic-4-pro-fly-more-combo-dji-rc-2\/#primaryimage\",\"url\":\"https:\/\/www.ghostysky.com\/wp-content\/uploads\/2025\/10\/GH_DJI-Mavic-4-Pro-512GB-Creator-Combo-DJI-RC-Pro-2_1.jpg\",\"contentUrl\":\"https:\/\/www.ghostysky.com\/wp-content\/uploads\/2025\/10\/GH_DJI-Mavic-4-Pro-512GB-Creator-Combo-DJI-RC-Pro-2_1.jpg\",\"width\":800,\"height\":800},{\"@type\":\"BreadcrumbList\",\"@id\":\"https:\/\/www.ghostysky.com\/product\/dji-mavic-4-pro-fly-more-combo-dji-rc-2\/#breadcrumb\",\"itemListElement\":[{\"@type\":\"ListItem\",\"position\":1,\"name\":\"Home\",\"item\":\"https:\/\/www.ghostysky.com\/\"},{\"@type\":\"ListItem\",\"position\":2,\"name\":\"Shop\",\"item\":\"https:\/\/www.ghostysky.com\/shop\/\"},{\"@type\":\"ListItem\",\"position\":3,\"name\":\"DJI Mavic 4 Pro Fly More Combo (DJI RC 2)\"}]},{\"@type\":\"WebSite\",\"@id\":\"https:\/\/www.ghostysky.com\/#website\",\"url\":\"https:\/\/www.ghostysky.com\/\",\"name\":\"Ghostysky\",\"description\":\"Delivering professional drones and services\",\"publisher\":{\"@id\":\"https:\/\/www.ghostysky.com\/#organization\"},\"potentialAction\":[{\"@type\":\"SearchAction\",\"target\":{\"@type\":\"EntryPoint\",\"urlTemplate\":\"https:\/\/www.ghostysky.com\/?s={search_term_string}\"},\"query-input\":{\"@type\":\"PropertyValueSpecification\",\"valueRequired\":true,\"valueName\":\"search_term_string\"}}],\"inLanguage\":\"es\"},{\"@type\":\"Organization\",\"@id\":\"https:\/\/www.ghostysky.com\/#organization\",\"name\":\"Ghostysky\",\"url\":\"https:\/\/www.ghostysky.com\/\",\"logo\":{\"@type\":\"ImageObject\",\"inLanguage\":\"es\",\"@id\":\"https:\/\/www.ghostysky.com\/#\/schema\/logo\/image\/\",\"url\":\"https:\/\/www.ghostysky.com\/wp-content\/uploads\/2020\/06\/cropped-ghostyskylogo_text_white2.png\",\"contentUrl\":\"https:\/\/www.ghostysky.com\/wp-content\/uploads\/2020\/06\/cropped-ghostyskylogo_text_white2.png\",\"width\":169,\"height\":56,\"caption\":\"Ghostysky\"},\"image\":{\"@id\":\"https:\/\/www.ghostysky.com\/#\/schema\/logo\/image\/\"},\"sameAs\":[\"https:\/\/www.facebook.com\/people\/Ghostysky\/100057676170234\/\",\"https:\/\/x.com\/Gh0stysky\",\"https:\/\/www.linkedin.com\/company\/34739653\",\"https:\/\/www.instagram.com\/gh0stysky\"]}]}<\/script>\n<!-- \/ Yoast SEO plugin. -->","yoast_head_json":{"title":"Combo DJI Mavic 4 Pro Vuela M\u00e1s (DJI RC 2) - Ghostysky","description":"DJI Mavic 4 Pro Fly More Combo (DJI RC 2): El dron insignia de triple lente. Lleva tu cinematograf\u00eda a\u00e9rea a un nivel sin precedentes con el DJI Mavic 4 Pro Fly More Combo, combinado con el controlador DJI RC 2 con pantalla brillante e integrada. Este dron insignia de triple c\u00e1mara est\u00e1 dise\u00f1ado para profesionales y creadores de contenido que exigen im\u00e1genes superiores, un rendimiento de vuelo prolongado y funciones de seguridad de vanguardia.","robots":{"index":"index","follow":"follow","max-snippet":"max-snippet:-1","max-image-preview":"max-image-preview:large","max-video-preview":"max-video-preview:-1"},"canonical":"https:\/\/www.ghostysky.com\/es\/producto-2\/dji-mavic-4-pro-fly-more-combo-dji-rc-2\/","og_locale":"es_ES","og_type":"article","og_title":"DJI Mavic 4 Pro Fly More Combo (DJI RC 2) - Ghostysky","og_description":"DJI Mavic 4 Pro Fly More Combo (DJI RC 2): The Triple-Lens Flagship DroneElevate your aerial cinematography to an unprecedented level with the DJI Mavic 4 Pro Fly More Combo, paired with the bright, integrated-screen DJI RC 2 controller. This triple-camera flagship drone is engineered for professionals and content creators who demand superior imaging, extended flight performance, and cutting-edge safety features.","og_url":"https:\/\/www.ghostysky.com\/es\/producto-2\/dji-mavic-4-pro-fly-more-combo-dji-rc-2\/","og_site_name":"Ghostysky","article_publisher":"https:\/\/www.facebook.com\/people\/Ghostysky\/100057676170234\/","article_modified_time":"2025-10-22T15:14:00+00:00","og_image":[{"width":800,"height":800,"url":"https:\/\/www.ghostysky.com\/wp-content\/uploads\/2025\/10\/GH_DJI-Mavic-4-Pro-512GB-Creator-Combo-DJI-RC-Pro-2_1.jpg","type":"image\/jpeg"}],"twitter_card":"summary_large_image","twitter_site":"@Gh0stysky","twitter_misc":{"Tiempo de lectura":"3 minutos"},"schema":{"@context":"https:\/\/schema.org","@graph":[{"@type":"WebPage","@id":"https:\/\/www.ghostysky.com\/product\/dji-mavic-4-pro-fly-more-combo-dji-rc-2\/","url":"https:\/\/www.ghostysky.com\/product\/dji-mavic-4-pro-fly-more-combo-dji-rc-2\/","name":"Combo DJI Mavic 4 Pro Vuela M\u00e1s (DJI RC 2) - Ghostysky","isPartOf":{"@id":"https:\/\/www.ghostysky.com\/#website"},"primaryImageOfPage":{"@id":"https:\/\/www.ghostysky.com\/product\/dji-mavic-4-pro-fly-more-combo-dji-rc-2\/#primaryimage"},"image":{"@id":"https:\/\/www.ghostysky.com\/product\/dji-mavic-4-pro-fly-more-combo-dji-rc-2\/#primaryimage"},"thumbnailUrl":"https:\/\/www.ghostysky.com\/wp-content\/uploads\/2025\/10\/GH_DJI-Mavic-4-Pro-512GB-Creator-Combo-DJI-RC-Pro-2_1.jpg","datePublished":"2025-10-22T15:06:12+00:00","dateModified":"2025-10-22T15:14:00+00:00","description":"DJI Mavic 4 Pro Fly More Combo (DJI RC 2): El dron insignia de triple lente. Lleva tu cinematograf\u00eda a\u00e9rea a un nivel sin precedentes con el DJI Mavic 4 Pro Fly More Combo, combinado con el controlador DJI RC 2 con pantalla brillante e integrada. Este dron insignia de triple c\u00e1mara est\u00e1 dise\u00f1ado para profesionales y creadores de contenido que exigen im\u00e1genes superiores, un rendimiento de vuelo prolongado y funciones de seguridad de vanguardia.","breadcrumb":{"@id":"https:\/\/www.ghostysky.com\/product\/dji-mavic-4-pro-fly-more-combo-dji-rc-2\/#breadcrumb"},"inLanguage":"es","potentialAction":[{"@type":"ReadAction","target":["https:\/\/www.ghostysky.com\/product\/dji-mavic-4-pro-fly-more-combo-dji-rc-2\/"]}]},{"@type":"ImageObject","inLanguage":"es","@id":"https:\/\/www.ghostysky.com\/product\/dji-mavic-4-pro-fly-more-combo-dji-rc-2\/#primaryimage","url":"https:\/\/www.ghostysky.com\/wp-content\/uploads\/2025\/10\/GH_DJI-Mavic-4-Pro-512GB-Creator-Combo-DJI-RC-Pro-2_1.jpg","contentUrl":"https:\/\/www.ghostysky.com\/wp-content\/uploads\/2025\/10\/GH_DJI-Mavic-4-Pro-512GB-Creator-Combo-DJI-RC-Pro-2_1.jpg","width":800,"height":800},{"@type":"BreadcrumbList","@id":"https:\/\/www.ghostysky.com\/product\/dji-mavic-4-pro-fly-more-combo-dji-rc-2\/#breadcrumb","itemListElement":[{"@type":"ListItem","position":1,"name":"Home","item":"https:\/\/www.ghostysky.com\/"},{"@type":"ListItem","position":2,"name":"Shop","item":"https:\/\/www.ghostysky.com\/shop\/"},{"@type":"ListItem","position":3,"name":"DJI Mavic 4 Pro Fly More Combo (DJI RC 2)"}]},{"@type":"WebSite","@id":"https:\/\/www.ghostysky.com\/#website","url":"https:\/\/www.ghostysky.com\/","name":"Ghostysky","description":"Entrega de drones y servicios profesionales","publisher":{"@id":"https:\/\/www.ghostysky.com\/#organization"},"potentialAction":[{"@type":"SearchAction","target":{"@type":"EntryPoint","urlTemplate":"https:\/\/www.ghostysky.com\/?s={search_term_string}"},"query-input":{"@type":"PropertyValueSpecification","valueRequired":true,"valueName":"search_term_string"}}],"inLanguage":"es"},{"@type":"Organization","@id":"https:\/\/www.ghostysky.com\/#organization","name":"Ghostysky","url":"https:\/\/www.ghostysky.com\/","logo":{"@type":"ImageObject","inLanguage":"es","@id":"https:\/\/www.ghostysky.com\/#\/schema\/logo\/image\/","url":"https:\/\/www.ghostysky.com\/wp-content\/uploads\/2020\/06\/cropped-ghostyskylogo_text_white2.png","contentUrl":"https:\/\/www.ghostysky.com\/wp-content\/uploads\/2020\/06\/cropped-ghostyskylogo_text_white2.png","width":169,"height":56,"caption":"Ghostysky"},"image":{"@id":"https:\/\/www.ghostysky.com\/#\/schema\/logo\/image\/"},"sameAs":["https:\/\/www.facebook.com\/people\/Ghostysky\/100057676170234\/","https:\/\/x.com\/Gh0stysky","https:\/\/www.linkedin.com\/company\/34739653","https:\/\/www.instagram.com\/gh0stysky"]}]}},"_links":{"self":[{"href":"https:\/\/www.ghostysky.com\/es\/wp-json\/wp\/v2\/product\/22226","targetHints":{"allow":["GET"]}}],"collection":[{"href":"https:\/\/www.ghostysky.com\/es\/wp-json\/wp\/v2\/product"}],"about":[{"href":"https:\/\/www.ghostysky.com\/es\/wp-json\/wp\/v2\/types\/product"}],"replies":[{"embeddable":true,"href":"https:\/\/www.ghostysky.com\/es\/wp-json\/wp\/v2\/comments?post=22226"}],"wp:featuredmedia":[{"embeddable":true,"href":"https:\/\/www.ghostysky.com\/es\/wp-json\/wp\/v2\/media\/22222"}],"wp:attachment":[{"href":"https:\/\/www.ghostysky.com\/es\/wp-json\/wp\/v2\/media?parent=22226"}],"wp:term":[{"taxonomy":"product_brand","embeddable":true,"href":"https:\/\/www.ghostysky.com\/es\/wp-json\/wp\/v2\/product_brand?post=22226"},{"taxonomy":"product_cat","embeddable":true,"href":"https:\/\/www.ghostysky.com\/es\/wp-json\/wp\/v2\/product_cat?post=22226"},{"taxonomy":"product_tag","embeddable":true,"href":"https:\/\/www.ghostysky.com\/es\/wp-json\/wp\/v2\/product_tag?post=22226"}],"curies":[{"name":"wp","href":"https:\/\/api.w.org\/{rel}","templated":true}]}}