{"id":22243,"date":"2025-10-22T15:37:16","date_gmt":"2025-10-22T15:37:16","guid":{"rendered":"https:\/\/www.ghostysky.com\/?post_type=product&#038;p=22243"},"modified":"2025-10-22T15:39:26","modified_gmt":"2025-10-22T15:39:26","slug":"dji-rc-pro-2-2","status":"publish","type":"product","link":"https:\/\/www.ghostysky.com\/es\/product\/dji-rc-pro-2-2\/","title":{"rendered":"DJI RC Pro 2"},"content":{"rendered":"<p><b>Visualizaciones y elementos visuales inigualables:<\/b> <span class=\"citation-174\">En el n\u00facleo del RC Pro 2 se encuentra un potente <\/span><b><span class=\"citation-174\">Pantalla Mini-LED de 7 pulgadas de alto brillo<\/span><\/b><span class=\"citation-174\">, ofreciendo un ultra alto <\/span><b><span class=\"citation-174\">Brillo m\u00e1ximo de 2000 nits<\/span><\/b><span class=\"citation-174\"> y <\/span><b><span class=\"citation-174\">Relaci\u00f3n de contraste de 1.000.000:1<\/span><\/b><span class=\"citation-174 citation-end-174\">.<\/span> <span class=\"citation-173 citation-end-173\">Con una profundidad de color de 10 bits y una cobertura de gama de colores DCI-P3 98%, proporciona im\u00e1genes sorprendentes y con colores precisos, lo que garantiza un control preciso de su metraje incluso bajo la luz solar directa.<\/span><\/p>\n<p><b>Dise\u00f1o intuitivo y funcionamiento instant\u00e1neo:<\/b> <span class=\"citation-172\">El controlador cuenta con una <\/span><b><span class=\"citation-172\">dise\u00f1o plegable inteligente<\/span><\/b><span class=\"citation-172 citation-end-172\"> Para una m\u00e1xima eficiencia.<\/span> <span class=\"citation-171\">Simplemente <\/span><b><span class=\"citation-171\">extender la pantalla para encender<\/span><\/b><span class=\"citation-171 citation-end-171\"> la unidad y desplegar autom\u00e1ticamente las palancas de control, sin necesidad de ensamblaje.<\/span> <span class=\"citation-170 citation-end-170\">Cuando haya terminado, al contraer la pantalla la unidad pasar\u00e1 autom\u00e1ticamente al modo de suspensi\u00f3n.<\/span> <span class=\"citation-169 citation-end-169\">Los joysticks est\u00e1n dise\u00f1ados para elevarse sin problemas junto con la pantalla, lo que ofrece un funcionamiento r\u00e1pido y suave.<\/span><\/p>\n<p><b>Domina el tiro vertical:<\/b> <span class=\"citation-168\">Una caracter\u00edstica innovadora para los creadores de contenido de redes sociales, la pantalla es <\/span><b><span class=\"citation-168\">giratorio<\/span><\/b><span class=\"citation-168\"> Para habilitar <\/span><b><span class=\"citation-168\">disparo vertical instant\u00e1neo<\/span><\/b><span class=\"citation-168 citation-end-168\">.<\/span> <span class=\"citation-167 citation-end-167\">Esto se sincroniza instant\u00e1neamente con el estabilizador del dron para cambiar al modo vertical, lo que proporciona un \u00e1rea de visualizaci\u00f3n de contenido vertical hasta 5,5 veces mayor que la del DJI RC 2, lo que le permite ver detalles mejorados y perfeccionar su encuadre para plataformas verticales.<\/span><\/p>\n<p><b>Caracter\u00edsticas profesionales y conectividad:<\/b><\/p>\n<ul>\n<li><b><span class=\"citation-166\">Transmisi\u00f3n de nivel empresarial:<\/span><\/b><span class=\"citation-166 citation-end-166\"> Equipado con antenas multihaz de alta ganancia, el RC Pro 2 ofrece una transmisi\u00f3n de video robusta y ultra confiable (hasta O4+ con drones compatibles como el Mavic 4 Pro).<\/span><\/li>\n<li><b>Audio mejorado:<\/b><span class=\"citation-165\"> Captura audio de alta calidad con el <\/span><b><span class=\"citation-165\">micr\u00f3fono incorporado<\/span><\/b><span class=\"citation-165\"> o conectarse directamente a la <\/span><b><span class=\"citation-165\">Serie de micr\u00f3fonos DJI<\/span><\/b><span class=\"citation-165 citation-end-165\"> para un sonido de calidad profesional en sus transmisiones en vivo o comentarios.<\/span><\/li>\n<li><b><span class=\"citation-164\">Poder duradero:<\/span><\/b><span class=\"citation-164\"> A <\/span><b><span class=\"citation-164\">Duraci\u00f3n de la bater\u00eda de 4 horas<\/span><\/b><span class=\"citation-164 citation-end-164\"> es suficiente para m\u00faltiples vuelos de drones.<\/span><\/li>\n<li><b>Amplio almacenamiento:<\/b><span class=\"citation-163\"> Caracter\u00edsticas <\/span><b><span class=\"citation-163\">128 GB de almacenamiento integrado<\/span><\/b><span class=\"citation-163 citation-end-163\"> con soporte para mayor expansi\u00f3n a trav\u00e9s de una tarjeta microSD.<\/span><\/li>\n<li><b><span class=\"citation-162\">Control personalizado:<\/span><\/b><span class=\"citation-162\"> A <\/span><b><span class=\"citation-162\">nuevo bot\u00f3n de marcaci\u00f3n<\/span><\/b><span class=\"citation-162 citation-end-162\"> Permite realizar ajustes r\u00e1pidos de par\u00e1metros en el modo Pro o una navegaci\u00f3n r\u00e1pida en el \u00e1lbum.<\/span><\/li>\n<\/ul>\n<p><span class=\"citation-161 citation-end-161\">Desde su pantalla insignia hasta sus funciones profesionales, el DJI RC Pro 2 es el compa\u00f1ero perfecto para creadores serios y pilotos profesionales que utilizan drones con c\u00e1mara DJI compatibles (como Mavic 4 Pro, Mini 4 Pro, Air 3S y Air 3).<\/span><\/p>\n<p>&nbsp;<\/p>","protected":false},"excerpt":{"rendered":"<p><span class=\"citation-175\">El DJI RC Pro 2 es el <\/span><b><span class=\"citation-175\">control remoto insignia<\/span><\/b><span class=\"citation-175 citation-end-175\"> Dise\u00f1ado para elevar la experiencia profesional de realizaci\u00f3n de pel\u00edculas a\u00e9reas.<\/span><\/p>","protected":false},"featured_media":22247,"comment_status":"open","ping_status":"closed","template":"","meta":[],"product_brand":[1031],"product_cat":[37,29,1171,1173],"product_tag":[42,1178,1179],"class_list":{"0":"post-22243","1":"product","2":"type-product","3":"status-publish","4":"has-post-thumbnail","6":"product_brand-dji","7":"product_cat-dji","8":"product_cat-drones","9":"product_cat-mavic-4-pro","10":"product_cat-mavic-4-pro-accessories","11":"product_tag-dji","12":"product_tag-dji-mavic-4-pro","13":"product_tag-dji-mavic-4-pro-accessories","15":"first","16":"onbackorder","17":"taxable","18":"shipping-taxable","19":"purchasable","20":"product-type-simple"},"yoast_head":"<!-- This site is optimized with the Yoast SEO plugin v27.1.1 - https:\/\/yoast.com\/product\/yoast-seo-wordpress\/ -->\n<title>DJI RC Pro 2 - Ghostysky<\/title>\n<meta name=\"description\" content=\"The DJI RC Pro 2 is the flagship remote controller designed to elevate the professional aerial filmmaking experience.\" \/>\n<meta name=\"robots\" content=\"index, follow, max-snippet:-1, max-image-preview:large, max-video-preview:-1\" \/>\n<link rel=\"canonical\" href=\"https:\/\/www.ghostysky.com\/es\/producto-2\/dji-rc-pro-2-2\/\" \/>\n<meta property=\"og:locale\" content=\"es_ES\" \/>\n<meta property=\"og:type\" content=\"article\" \/>\n<meta property=\"og:title\" content=\"DJI RC Pro 2 - Ghostysky\" \/>\n<meta property=\"og:description\" content=\"The DJI RC Pro 2 is the flagship remote controller designed to elevate the professional aerial filmmaking experience.\" \/>\n<meta property=\"og:url\" content=\"https:\/\/www.ghostysky.com\/es\/producto-2\/dji-rc-pro-2-2\/\" \/>\n<meta property=\"og:site_name\" content=\"Ghostysky\" \/>\n<meta property=\"article:publisher\" content=\"https:\/\/www.facebook.com\/people\/Ghostysky\/100057676170234\/\" \/>\n<meta property=\"article:modified_time\" content=\"2025-10-22T15:39:26+00:00\" \/>\n<meta property=\"og:image\" content=\"https:\/\/www.ghostysky.com\/wp-content\/uploads\/2025\/10\/GH_DJI-RC-Pro-2_1.jpg\" \/>\n\t<meta property=\"og:image:width\" content=\"800\" \/>\n\t<meta property=\"og:image:height\" content=\"800\" \/>\n\t<meta property=\"og:image:type\" content=\"image\/jpeg\" \/>\n<meta name=\"twitter:card\" content=\"summary_large_image\" \/>\n<meta name=\"twitter:site\" content=\"@Gh0stysky\" \/>\n<meta name=\"twitter:label1\" content=\"Tiempo de lectura\" \/>\n\t<meta name=\"twitter:data1\" content=\"2 minutos\" \/>\n<script type=\"application\/ld+json\" class=\"yoast-schema-graph\">{\"@context\":\"https:\/\/schema.org\",\"@graph\":[{\"@type\":\"WebPage\",\"@id\":\"https:\/\/www.ghostysky.com\/product\/dji-rc-pro-2-2\/\",\"url\":\"https:\/\/www.ghostysky.com\/product\/dji-rc-pro-2-2\/\",\"name\":\"DJI RC Pro 2 - Ghostysky\",\"isPartOf\":{\"@id\":\"https:\/\/www.ghostysky.com\/#website\"},\"primaryImageOfPage\":{\"@id\":\"https:\/\/www.ghostysky.com\/product\/dji-rc-pro-2-2\/#primaryimage\"},\"image\":{\"@id\":\"https:\/\/www.ghostysky.com\/product\/dji-rc-pro-2-2\/#primaryimage\"},\"thumbnailUrl\":\"https:\/\/www.ghostysky.com\/wp-content\/uploads\/2025\/10\/GH_DJI-RC-Pro-2_1.jpg\",\"datePublished\":\"2025-10-22T15:37:16+00:00\",\"dateModified\":\"2025-10-22T15:39:26+00:00\",\"description\":\"The DJI RC Pro 2 is the flagship remote controller designed to elevate the professional aerial filmmaking experience.\",\"breadcrumb\":{\"@id\":\"https:\/\/www.ghostysky.com\/product\/dji-rc-pro-2-2\/#breadcrumb\"},\"inLanguage\":\"es\",\"potentialAction\":[{\"@type\":\"ReadAction\",\"target\":[\"https:\/\/www.ghostysky.com\/product\/dji-rc-pro-2-2\/\"]}]},{\"@type\":\"ImageObject\",\"inLanguage\":\"es\",\"@id\":\"https:\/\/www.ghostysky.com\/product\/dji-rc-pro-2-2\/#primaryimage\",\"url\":\"https:\/\/www.ghostysky.com\/wp-content\/uploads\/2025\/10\/GH_DJI-RC-Pro-2_1.jpg\",\"contentUrl\":\"https:\/\/www.ghostysky.com\/wp-content\/uploads\/2025\/10\/GH_DJI-RC-Pro-2_1.jpg\",\"width\":800,\"height\":800},{\"@type\":\"BreadcrumbList\",\"@id\":\"https:\/\/www.ghostysky.com\/product\/dji-rc-pro-2-2\/#breadcrumb\",\"itemListElement\":[{\"@type\":\"ListItem\",\"position\":1,\"name\":\"Home\",\"item\":\"https:\/\/www.ghostysky.com\/\"},{\"@type\":\"ListItem\",\"position\":2,\"name\":\"Shop\",\"item\":\"https:\/\/www.ghostysky.com\/shop\/\"},{\"@type\":\"ListItem\",\"position\":3,\"name\":\"DJI RC Pro 2\"}]},{\"@type\":\"WebSite\",\"@id\":\"https:\/\/www.ghostysky.com\/#website\",\"url\":\"https:\/\/www.ghostysky.com\/\",\"name\":\"Ghostysky\",\"description\":\"Delivering professional drones and services\",\"publisher\":{\"@id\":\"https:\/\/www.ghostysky.com\/#organization\"},\"potentialAction\":[{\"@type\":\"SearchAction\",\"target\":{\"@type\":\"EntryPoint\",\"urlTemplate\":\"https:\/\/www.ghostysky.com\/?s={search_term_string}\"},\"query-input\":{\"@type\":\"PropertyValueSpecification\",\"valueRequired\":true,\"valueName\":\"search_term_string\"}}],\"inLanguage\":\"es\"},{\"@type\":\"Organization\",\"@id\":\"https:\/\/www.ghostysky.com\/#organization\",\"name\":\"Ghostysky\",\"url\":\"https:\/\/www.ghostysky.com\/\",\"logo\":{\"@type\":\"ImageObject\",\"inLanguage\":\"es\",\"@id\":\"https:\/\/www.ghostysky.com\/#\/schema\/logo\/image\/\",\"url\":\"https:\/\/www.ghostysky.com\/wp-content\/uploads\/2020\/06\/cropped-ghostyskylogo_text_white2.png\",\"contentUrl\":\"https:\/\/www.ghostysky.com\/wp-content\/uploads\/2020\/06\/cropped-ghostyskylogo_text_white2.png\",\"width\":169,\"height\":56,\"caption\":\"Ghostysky\"},\"image\":{\"@id\":\"https:\/\/www.ghostysky.com\/#\/schema\/logo\/image\/\"},\"sameAs\":[\"https:\/\/www.facebook.com\/people\/Ghostysky\/100057676170234\/\",\"https:\/\/x.com\/Gh0stysky\",\"https:\/\/www.linkedin.com\/company\/34739653\",\"https:\/\/www.instagram.com\/gh0stysky\"]}]}<\/script>\n<!-- \/ Yoast SEO plugin. -->","yoast_head_json":{"title":"DJI RC Pro 2 - Ghostysky","description":"El DJI RC Pro 2 es el control remoto insignia dise\u00f1ado para mejorar la experiencia de filmaci\u00f3n a\u00e9rea profesional.","robots":{"index":"index","follow":"follow","max-snippet":"max-snippet:-1","max-image-preview":"max-image-preview:large","max-video-preview":"max-video-preview:-1"},"canonical":"https:\/\/www.ghostysky.com\/es\/producto-2\/dji-rc-pro-2-2\/","og_locale":"es_ES","og_type":"article","og_title":"DJI RC Pro 2 - Ghostysky","og_description":"The DJI RC Pro 2 is the flagship remote controller designed to elevate the professional aerial filmmaking experience.","og_url":"https:\/\/www.ghostysky.com\/es\/producto-2\/dji-rc-pro-2-2\/","og_site_name":"Ghostysky","article_publisher":"https:\/\/www.facebook.com\/people\/Ghostysky\/100057676170234\/","article_modified_time":"2025-10-22T15:39:26+00:00","og_image":[{"width":800,"height":800,"url":"https:\/\/www.ghostysky.com\/wp-content\/uploads\/2025\/10\/GH_DJI-RC-Pro-2_1.jpg","type":"image\/jpeg"}],"twitter_card":"summary_large_image","twitter_site":"@Gh0stysky","twitter_misc":{"Tiempo de lectura":"2 minutos"},"schema":{"@context":"https:\/\/schema.org","@graph":[{"@type":"WebPage","@id":"https:\/\/www.ghostysky.com\/product\/dji-rc-pro-2-2\/","url":"https:\/\/www.ghostysky.com\/product\/dji-rc-pro-2-2\/","name":"DJI RC Pro 2 - Ghostysky","isPartOf":{"@id":"https:\/\/www.ghostysky.com\/#website"},"primaryImageOfPage":{"@id":"https:\/\/www.ghostysky.com\/product\/dji-rc-pro-2-2\/#primaryimage"},"image":{"@id":"https:\/\/www.ghostysky.com\/product\/dji-rc-pro-2-2\/#primaryimage"},"thumbnailUrl":"https:\/\/www.ghostysky.com\/wp-content\/uploads\/2025\/10\/GH_DJI-RC-Pro-2_1.jpg","datePublished":"2025-10-22T15:37:16+00:00","dateModified":"2025-10-22T15:39:26+00:00","description":"El DJI RC Pro 2 es el control remoto insignia dise\u00f1ado para mejorar la experiencia de filmaci\u00f3n a\u00e9rea profesional.","breadcrumb":{"@id":"https:\/\/www.ghostysky.com\/product\/dji-rc-pro-2-2\/#breadcrumb"},"inLanguage":"es","potentialAction":[{"@type":"ReadAction","target":["https:\/\/www.ghostysky.com\/product\/dji-rc-pro-2-2\/"]}]},{"@type":"ImageObject","inLanguage":"es","@id":"https:\/\/www.ghostysky.com\/product\/dji-rc-pro-2-2\/#primaryimage","url":"https:\/\/www.ghostysky.com\/wp-content\/uploads\/2025\/10\/GH_DJI-RC-Pro-2_1.jpg","contentUrl":"https:\/\/www.ghostysky.com\/wp-content\/uploads\/2025\/10\/GH_DJI-RC-Pro-2_1.jpg","width":800,"height":800},{"@type":"BreadcrumbList","@id":"https:\/\/www.ghostysky.com\/product\/dji-rc-pro-2-2\/#breadcrumb","itemListElement":[{"@type":"ListItem","position":1,"name":"Home","item":"https:\/\/www.ghostysky.com\/"},{"@type":"ListItem","position":2,"name":"Shop","item":"https:\/\/www.ghostysky.com\/shop\/"},{"@type":"ListItem","position":3,"name":"DJI RC Pro 2"}]},{"@type":"WebSite","@id":"https:\/\/www.ghostysky.com\/#website","url":"https:\/\/www.ghostysky.com\/","name":"Ghostysky","description":"Entrega de drones y servicios profesionales","publisher":{"@id":"https:\/\/www.ghostysky.com\/#organization"},"potentialAction":[{"@type":"SearchAction","target":{"@type":"EntryPoint","urlTemplate":"https:\/\/www.ghostysky.com\/?s={search_term_string}"},"query-input":{"@type":"PropertyValueSpecification","valueRequired":true,"valueName":"search_term_string"}}],"inLanguage":"es"},{"@type":"Organization","@id":"https:\/\/www.ghostysky.com\/#organization","name":"Ghostysky","url":"https:\/\/www.ghostysky.com\/","logo":{"@type":"ImageObject","inLanguage":"es","@id":"https:\/\/www.ghostysky.com\/#\/schema\/logo\/image\/","url":"https:\/\/www.ghostysky.com\/wp-content\/uploads\/2020\/06\/cropped-ghostyskylogo_text_white2.png","contentUrl":"https:\/\/www.ghostysky.com\/wp-content\/uploads\/2020\/06\/cropped-ghostyskylogo_text_white2.png","width":169,"height":56,"caption":"Ghostysky"},"image":{"@id":"https:\/\/www.ghostysky.com\/#\/schema\/logo\/image\/"},"sameAs":["https:\/\/www.facebook.com\/people\/Ghostysky\/100057676170234\/","https:\/\/x.com\/Gh0stysky","https:\/\/www.linkedin.com\/company\/34739653","https:\/\/www.instagram.com\/gh0stysky"]}]}},"_links":{"self":[{"href":"https:\/\/www.ghostysky.com\/es\/wp-json\/wp\/v2\/product\/22243","targetHints":{"allow":["GET"]}}],"collection":[{"href":"https:\/\/www.ghostysky.com\/es\/wp-json\/wp\/v2\/product"}],"about":[{"href":"https:\/\/www.ghostysky.com\/es\/wp-json\/wp\/v2\/types\/product"}],"replies":[{"embeddable":true,"href":"https:\/\/www.ghostysky.com\/es\/wp-json\/wp\/v2\/comments?post=22243"}],"wp:featuredmedia":[{"embeddable":true,"href":"https:\/\/www.ghostysky.com\/es\/wp-json\/wp\/v2\/media\/22247"}],"wp:attachment":[{"href":"https:\/\/www.ghostysky.com\/es\/wp-json\/wp\/v2\/media?parent=22243"}],"wp:term":[{"taxonomy":"product_brand","embeddable":true,"href":"https:\/\/www.ghostysky.com\/es\/wp-json\/wp\/v2\/product_brand?post=22243"},{"taxonomy":"product_cat","embeddable":true,"href":"https:\/\/www.ghostysky.com\/es\/wp-json\/wp\/v2\/product_cat?post=22243"},{"taxonomy":"product_tag","embeddable":true,"href":"https:\/\/www.ghostysky.com\/es\/wp-json\/wp\/v2\/product_tag?post=22243"}],"curies":[{"name":"wp","href":"https:\/\/api.w.org\/{rel}","templated":true}]}}