{"id":22253,"date":"2025-10-22T15:43:52","date_gmt":"2025-10-22T15:43:52","guid":{"rendered":"https:\/\/www.ghostysky.com\/?post_type=product&#038;p=22253"},"modified":"2025-10-22T15:48:50","modified_gmt":"2025-10-22T15:48:50","slug":"dji-care-refresh-2-year-plan-dji-mavic-4-pro","status":"publish","type":"product","link":"https:\/\/www.ghostysky.com\/es\/product\/dji-care-refresh-2-year-plan-dji-mavic-4-pro\/","title":{"rendered":"Plan DJI Care Refresh de 2 a\u00f1os (DJI Mavic 4 Pro)"},"content":{"rendered":"<h4><b>Caracter\u00edsticas y beneficios clave<\/b><\/h4>\n<ul>\n<li><b><span class=\"citation-200\">2 a\u00f1os de cobertura integral:<\/span><\/b><span class=\"citation-200 citation-end-200\"> Disfrute de tranquilidad extendida durante 24 meses desde la activaci\u00f3n.<\/span><\/li>\n<li><b><span class=\"citation-199\">Hasta 4 reemplazos de bajo costo:<\/span><\/b><span class=\"citation-199\"> Recibe hasta <\/span><b><span class=\"citation-199\">4 aeronaves de reemplazo total<\/span><\/b><span class=\"citation-199 citation-end-199\"> durante el per\u00edodo de dos a\u00f1os por una peque\u00f1a tarifa de reemplazo, lo que le permitir\u00e1 volver a volar r\u00e1pidamente despu\u00e9s de un incidente.<\/span>\n<ul>\n<li><span class=\"citation-198\">Esto incluye hasta <\/span><b><span class=\"citation-198\">2 reemplazos de cobertura Flyaway<\/span><\/b><span class=\"citation-198 citation-end-198\"> Para aquellas situaciones desafortunadas en las que su dron se pierde durante el vuelo.<\/span>\n<div class=\"source-inline-chip-container ng-star-inserted\"><\/div>\n<\/li>\n<\/ul>\n<\/li>\n<li><b>Protecci\u00f3n contra accidentes:<\/b> Cubre da\u00f1os accidentales causados por:\n<ul>\n<li><b>Colisi\u00f3n<\/b><\/li>\n<li><b>Da\u00f1os por agua<\/b><\/li>\n<li><b><span class=\"citation-197\">Cabellos sueltos<\/span><\/b><span class=\"citation-197 citation-end-197\"> (si se cumplen los requisitos vinculantes)<\/span><\/li>\n<li><b><span class=\"citation-196\">Desgaste natural<\/span><\/b><span class=\"citation-196 citation-end-196\"> (para componentes cubiertos)<\/span><\/li>\n<\/ul>\n<\/li>\n<li><b>Atenci\u00f3n al cliente DJI Express:<\/b><span class=\"citation-195 citation-end-195\"> Utilice esta opci\u00f3n eficiente para recibir su producto de reemplazo m\u00e1s r\u00e1pido.<\/span><\/li>\n<li><b>Env\u00edo bidireccional gratuito:<\/b><span class=\"citation-194 citation-end-194\"> DJI cubre todos los costos de env\u00edo cuando env\u00eda su producto da\u00f1ado para servicio de reemplazo.<\/span><\/li>\n<li><b><span class=\"citation-193\">Extensi\u00f3n de garant\u00eda oficial:<\/span><\/b><span class=\"citation-193 citation-end-193\"> Las partes principales de su dron permanecen cubiertas por la garant\u00eda oficial durante todo el per\u00edodo de servicio de 2 a\u00f1os.<\/span><\/li>\n<li><b>Servicio T\u00e9cnico Exclusivo:<\/b><span class=\"citation-192 citation-end-192\"> Obtenga acceso a canales de soporte dedicados para asistencia t\u00e9cnica exclusiva.<\/span><\/li>\n<li><b>Los reemplazos no utilizados se transfieren:<\/b> Cualquier reemplazo no utilizado del primer a\u00f1o se transferir\u00e1 para su uso durante el segundo a\u00f1o.<\/li>\n<\/ul>\n<p>&nbsp;<\/p>\n<p><b>Proceso de reemplazo sin preocupaciones:<\/b><\/p>\n<p><span class=\"citation-191 citation-end-191\">En caso de accidente, puede recibir r\u00e1pidamente una unidad de reemplazo nueva o equivalente a una nueva por una tarifa de reemplazo baja y fija.<\/span> Se garantiza que los productos de reemplazo estar\u00e1n en excelentes condiciones, lo que le permitir\u00e1 minimizar el tiempo de inactividad y maximizar su tiempo de vuelo.<\/p>\n<p><b>Requisito de activaci\u00f3n:<\/b><\/p>\n<p><span class=\"citation-190\">Este plan debe adquirirse y vincularse a un <\/span><b><span class=\"citation-190\">nuevo, sin activar<\/span><\/b><span class=\"citation-190\"> DJI Mavic 4 Pro, o un dron que ha sido <\/span><b><span class=\"citation-190\">activado en las \u00faltimas 48 horas<\/span><\/b><span class=\"citation-190 citation-end-190\">.<\/span> <span class=\"citation-189 citation-end-189\">La verificaci\u00f3n por v\u00eddeo es una opci\u00f3n si no se cumplen las condiciones de compra iniciales.<\/span><\/p>","protected":false},"excerpt":{"rendered":"<p>Asegure su inversi\u00f3n a\u00e9rea profesional y vuele con total confianza durante dos a\u00f1os completos con <b>Plan DJI Care Refresh de 2 a\u00f1os para el DJI Mavic 4 Pro<\/b>. <span class=\"citation-201 citation-end-201\">Este plan de protecci\u00f3n integral ofrece un servicio de reemplazo eficiente y asequible, protegiendo su dron de una amplia gama de da\u00f1os accidentales comunes.<\/span><\/p>","protected":false},"featured_media":22257,"comment_status":"open","ping_status":"closed","template":"","meta":[],"product_brand":[1031],"product_cat":[37,29,1171,1173],"product_tag":[42,1178,1179],"class_list":{"0":"post-22253","1":"product","2":"type-product","3":"status-publish","4":"has-post-thumbnail","6":"product_brand-dji","7":"product_cat-dji","8":"product_cat-drones","9":"product_cat-mavic-4-pro","10":"product_cat-mavic-4-pro-accessories","11":"product_tag-dji","12":"product_tag-dji-mavic-4-pro","13":"product_tag-dji-mavic-4-pro-accessories","15":"first","16":"instock","17":"taxable","18":"shipping-taxable","19":"purchasable","20":"product-type-simple"},"yoast_head":"<!-- This site is optimized with the Yoast SEO plugin v27.1.1 - https:\/\/yoast.com\/product\/yoast-seo-wordpress\/ -->\n<title>DJI Care Refresh 2-Year Plan (DJI Mavic 4 Pro) - Ghostysky<\/title>\n<meta name=\"description\" content=\"Secure your professional aerial investment and fly with complete confidence for two full years with the DJI Care Refresh 2-Year Plan for the DJI Mavic 4 Pro. This comprehensive protection plan offers an efficient and affordable replacement service, shielding your drone from a wide range of common accidental damages.\" \/>\n<meta name=\"robots\" content=\"index, follow, max-snippet:-1, max-image-preview:large, max-video-preview:-1\" \/>\n<link rel=\"canonical\" href=\"https:\/\/www.ghostysky.com\/es\/producto-2\/dji-care-refresh-2-year-plan-dji-mavic-4-pro\/\" \/>\n<meta property=\"og:locale\" content=\"es_ES\" \/>\n<meta property=\"og:type\" content=\"article\" \/>\n<meta property=\"og:title\" content=\"DJI Care Refresh 2-Year Plan (DJI Mavic 4 Pro) - Ghostysky\" \/>\n<meta property=\"og:description\" content=\"Secure your professional aerial investment and fly with complete confidence for two full years with the DJI Care Refresh 2-Year Plan for the DJI Mavic 4 Pro. This comprehensive protection plan offers an efficient and affordable replacement service, shielding your drone from a wide range of common accidental damages.\" \/>\n<meta property=\"og:url\" content=\"https:\/\/www.ghostysky.com\/es\/producto-2\/dji-care-refresh-2-year-plan-dji-mavic-4-pro\/\" \/>\n<meta property=\"og:site_name\" content=\"Ghostysky\" \/>\n<meta property=\"article:publisher\" content=\"https:\/\/www.facebook.com\/people\/Ghostysky\/100057676170234\/\" \/>\n<meta property=\"article:modified_time\" content=\"2025-10-22T15:48:50+00:00\" \/>\n<meta property=\"og:image\" content=\"https:\/\/www.ghostysky.com\/wp-content\/uploads\/2025\/10\/GH_DJI-Care-Refresh-2-Year-Plan-DJI-Mavic-4-Pro_1.jpg\" \/>\n\t<meta property=\"og:image:width\" content=\"800\" \/>\n\t<meta property=\"og:image:height\" content=\"800\" \/>\n\t<meta property=\"og:image:type\" content=\"image\/jpeg\" \/>\n<meta name=\"twitter:card\" content=\"summary_large_image\" \/>\n<meta name=\"twitter:site\" content=\"@Gh0stysky\" \/>\n<meta name=\"twitter:label1\" content=\"Tiempo de lectura\" \/>\n\t<meta name=\"twitter:data1\" content=\"2 minutos\" \/>\n<script type=\"application\/ld+json\" class=\"yoast-schema-graph\">{\"@context\":\"https:\/\/schema.org\",\"@graph\":[{\"@type\":\"WebPage\",\"@id\":\"https:\/\/www.ghostysky.com\/product\/dji-care-refresh-2-year-plan-dji-mavic-4-pro\/\",\"url\":\"https:\/\/www.ghostysky.com\/product\/dji-care-refresh-2-year-plan-dji-mavic-4-pro\/\",\"name\":\"DJI Care Refresh 2-Year Plan (DJI Mavic 4 Pro) - Ghostysky\",\"isPartOf\":{\"@id\":\"https:\/\/www.ghostysky.com\/#website\"},\"primaryImageOfPage\":{\"@id\":\"https:\/\/www.ghostysky.com\/product\/dji-care-refresh-2-year-plan-dji-mavic-4-pro\/#primaryimage\"},\"image\":{\"@id\":\"https:\/\/www.ghostysky.com\/product\/dji-care-refresh-2-year-plan-dji-mavic-4-pro\/#primaryimage\"},\"thumbnailUrl\":\"https:\/\/www.ghostysky.com\/wp-content\/uploads\/2025\/10\/GH_DJI-Care-Refresh-2-Year-Plan-DJI-Mavic-4-Pro_1.jpg\",\"datePublished\":\"2025-10-22T15:43:52+00:00\",\"dateModified\":\"2025-10-22T15:48:50+00:00\",\"description\":\"Secure your professional aerial investment and fly with complete confidence for two full years with the DJI Care Refresh 2-Year Plan for the DJI Mavic 4 Pro. This comprehensive protection plan offers an efficient and affordable replacement service, shielding your drone from a wide range of common accidental damages.\",\"breadcrumb\":{\"@id\":\"https:\/\/www.ghostysky.com\/product\/dji-care-refresh-2-year-plan-dji-mavic-4-pro\/#breadcrumb\"},\"inLanguage\":\"es\",\"potentialAction\":[{\"@type\":\"ReadAction\",\"target\":[\"https:\/\/www.ghostysky.com\/product\/dji-care-refresh-2-year-plan-dji-mavic-4-pro\/\"]}]},{\"@type\":\"ImageObject\",\"inLanguage\":\"es\",\"@id\":\"https:\/\/www.ghostysky.com\/product\/dji-care-refresh-2-year-plan-dji-mavic-4-pro\/#primaryimage\",\"url\":\"https:\/\/www.ghostysky.com\/wp-content\/uploads\/2025\/10\/GH_DJI-Care-Refresh-2-Year-Plan-DJI-Mavic-4-Pro_1.jpg\",\"contentUrl\":\"https:\/\/www.ghostysky.com\/wp-content\/uploads\/2025\/10\/GH_DJI-Care-Refresh-2-Year-Plan-DJI-Mavic-4-Pro_1.jpg\",\"width\":800,\"height\":800},{\"@type\":\"BreadcrumbList\",\"@id\":\"https:\/\/www.ghostysky.com\/product\/dji-care-refresh-2-year-plan-dji-mavic-4-pro\/#breadcrumb\",\"itemListElement\":[{\"@type\":\"ListItem\",\"position\":1,\"name\":\"Home\",\"item\":\"https:\/\/www.ghostysky.com\/\"},{\"@type\":\"ListItem\",\"position\":2,\"name\":\"Shop\",\"item\":\"https:\/\/www.ghostysky.com\/shop\/\"},{\"@type\":\"ListItem\",\"position\":3,\"name\":\"DJI Care Refresh 2-Year Plan (DJI Mavic 4 Pro)\"}]},{\"@type\":\"WebSite\",\"@id\":\"https:\/\/www.ghostysky.com\/#website\",\"url\":\"https:\/\/www.ghostysky.com\/\",\"name\":\"Ghostysky\",\"description\":\"Delivering professional drones and services\",\"publisher\":{\"@id\":\"https:\/\/www.ghostysky.com\/#organization\"},\"potentialAction\":[{\"@type\":\"SearchAction\",\"target\":{\"@type\":\"EntryPoint\",\"urlTemplate\":\"https:\/\/www.ghostysky.com\/?s={search_term_string}\"},\"query-input\":{\"@type\":\"PropertyValueSpecification\",\"valueRequired\":true,\"valueName\":\"search_term_string\"}}],\"inLanguage\":\"es\"},{\"@type\":\"Organization\",\"@id\":\"https:\/\/www.ghostysky.com\/#organization\",\"name\":\"Ghostysky\",\"url\":\"https:\/\/www.ghostysky.com\/\",\"logo\":{\"@type\":\"ImageObject\",\"inLanguage\":\"es\",\"@id\":\"https:\/\/www.ghostysky.com\/#\/schema\/logo\/image\/\",\"url\":\"https:\/\/www.ghostysky.com\/wp-content\/uploads\/2020\/06\/cropped-ghostyskylogo_text_white2.png\",\"contentUrl\":\"https:\/\/www.ghostysky.com\/wp-content\/uploads\/2020\/06\/cropped-ghostyskylogo_text_white2.png\",\"width\":169,\"height\":56,\"caption\":\"Ghostysky\"},\"image\":{\"@id\":\"https:\/\/www.ghostysky.com\/#\/schema\/logo\/image\/\"},\"sameAs\":[\"https:\/\/www.facebook.com\/people\/Ghostysky\/100057676170234\/\",\"https:\/\/x.com\/Gh0stysky\",\"https:\/\/www.linkedin.com\/company\/34739653\",\"https:\/\/www.instagram.com\/gh0stysky\"]}]}<\/script>\n<!-- \/ Yoast SEO plugin. -->","yoast_head_json":{"title":"Plan DJI Care Refresh de 2 a\u00f1os (DJI Mavic 4 Pro) - Ghostysky","description":"Asegure su inversi\u00f3n a\u00e9rea profesional y vuele con total confianza durante dos a\u00f1os completos con el plan DJI Care Refresh de 2 a\u00f1os para el DJI Mavic 4 Pro. Este plan de protecci\u00f3n integral ofrece un servicio de reemplazo eficiente y asequible, protegiendo su dron de una amplia gama de da\u00f1os accidentales comunes.","robots":{"index":"index","follow":"follow","max-snippet":"max-snippet:-1","max-image-preview":"max-image-preview:large","max-video-preview":"max-video-preview:-1"},"canonical":"https:\/\/www.ghostysky.com\/es\/producto-2\/dji-care-refresh-2-year-plan-dji-mavic-4-pro\/","og_locale":"es_ES","og_type":"article","og_title":"DJI Care Refresh 2-Year Plan (DJI Mavic 4 Pro) - Ghostysky","og_description":"Secure your professional aerial investment and fly with complete confidence for two full years with the DJI Care Refresh 2-Year Plan for the DJI Mavic 4 Pro. This comprehensive protection plan offers an efficient and affordable replacement service, shielding your drone from a wide range of common accidental damages.","og_url":"https:\/\/www.ghostysky.com\/es\/producto-2\/dji-care-refresh-2-year-plan-dji-mavic-4-pro\/","og_site_name":"Ghostysky","article_publisher":"https:\/\/www.facebook.com\/people\/Ghostysky\/100057676170234\/","article_modified_time":"2025-10-22T15:48:50+00:00","og_image":[{"width":800,"height":800,"url":"https:\/\/www.ghostysky.com\/wp-content\/uploads\/2025\/10\/GH_DJI-Care-Refresh-2-Year-Plan-DJI-Mavic-4-Pro_1.jpg","type":"image\/jpeg"}],"twitter_card":"summary_large_image","twitter_site":"@Gh0stysky","twitter_misc":{"Tiempo de lectura":"2 minutos"},"schema":{"@context":"https:\/\/schema.org","@graph":[{"@type":"WebPage","@id":"https:\/\/www.ghostysky.com\/product\/dji-care-refresh-2-year-plan-dji-mavic-4-pro\/","url":"https:\/\/www.ghostysky.com\/product\/dji-care-refresh-2-year-plan-dji-mavic-4-pro\/","name":"Plan DJI Care Refresh de 2 a\u00f1os (DJI Mavic 4 Pro) - Ghostysky","isPartOf":{"@id":"https:\/\/www.ghostysky.com\/#website"},"primaryImageOfPage":{"@id":"https:\/\/www.ghostysky.com\/product\/dji-care-refresh-2-year-plan-dji-mavic-4-pro\/#primaryimage"},"image":{"@id":"https:\/\/www.ghostysky.com\/product\/dji-care-refresh-2-year-plan-dji-mavic-4-pro\/#primaryimage"},"thumbnailUrl":"https:\/\/www.ghostysky.com\/wp-content\/uploads\/2025\/10\/GH_DJI-Care-Refresh-2-Year-Plan-DJI-Mavic-4-Pro_1.jpg","datePublished":"2025-10-22T15:43:52+00:00","dateModified":"2025-10-22T15:48:50+00:00","description":"Asegure su inversi\u00f3n a\u00e9rea profesional y vuele con total confianza durante dos a\u00f1os completos con el plan DJI Care Refresh de 2 a\u00f1os para el DJI Mavic 4 Pro. Este plan de protecci\u00f3n integral ofrece un servicio de reemplazo eficiente y asequible, protegiendo su dron de una amplia gama de da\u00f1os accidentales comunes.","breadcrumb":{"@id":"https:\/\/www.ghostysky.com\/product\/dji-care-refresh-2-year-plan-dji-mavic-4-pro\/#breadcrumb"},"inLanguage":"es","potentialAction":[{"@type":"ReadAction","target":["https:\/\/www.ghostysky.com\/product\/dji-care-refresh-2-year-plan-dji-mavic-4-pro\/"]}]},{"@type":"ImageObject","inLanguage":"es","@id":"https:\/\/www.ghostysky.com\/product\/dji-care-refresh-2-year-plan-dji-mavic-4-pro\/#primaryimage","url":"https:\/\/www.ghostysky.com\/wp-content\/uploads\/2025\/10\/GH_DJI-Care-Refresh-2-Year-Plan-DJI-Mavic-4-Pro_1.jpg","contentUrl":"https:\/\/www.ghostysky.com\/wp-content\/uploads\/2025\/10\/GH_DJI-Care-Refresh-2-Year-Plan-DJI-Mavic-4-Pro_1.jpg","width":800,"height":800},{"@type":"BreadcrumbList","@id":"https:\/\/www.ghostysky.com\/product\/dji-care-refresh-2-year-plan-dji-mavic-4-pro\/#breadcrumb","itemListElement":[{"@type":"ListItem","position":1,"name":"Home","item":"https:\/\/www.ghostysky.com\/"},{"@type":"ListItem","position":2,"name":"Shop","item":"https:\/\/www.ghostysky.com\/shop\/"},{"@type":"ListItem","position":3,"name":"DJI Care Refresh 2-Year Plan (DJI Mavic 4 Pro)"}]},{"@type":"WebSite","@id":"https:\/\/www.ghostysky.com\/#website","url":"https:\/\/www.ghostysky.com\/","name":"Ghostysky","description":"Entrega de drones y servicios profesionales","publisher":{"@id":"https:\/\/www.ghostysky.com\/#organization"},"potentialAction":[{"@type":"SearchAction","target":{"@type":"EntryPoint","urlTemplate":"https:\/\/www.ghostysky.com\/?s={search_term_string}"},"query-input":{"@type":"PropertyValueSpecification","valueRequired":true,"valueName":"search_term_string"}}],"inLanguage":"es"},{"@type":"Organization","@id":"https:\/\/www.ghostysky.com\/#organization","name":"Ghostysky","url":"https:\/\/www.ghostysky.com\/","logo":{"@type":"ImageObject","inLanguage":"es","@id":"https:\/\/www.ghostysky.com\/#\/schema\/logo\/image\/","url":"https:\/\/www.ghostysky.com\/wp-content\/uploads\/2020\/06\/cropped-ghostyskylogo_text_white2.png","contentUrl":"https:\/\/www.ghostysky.com\/wp-content\/uploads\/2020\/06\/cropped-ghostyskylogo_text_white2.png","width":169,"height":56,"caption":"Ghostysky"},"image":{"@id":"https:\/\/www.ghostysky.com\/#\/schema\/logo\/image\/"},"sameAs":["https:\/\/www.facebook.com\/people\/Ghostysky\/100057676170234\/","https:\/\/x.com\/Gh0stysky","https:\/\/www.linkedin.com\/company\/34739653","https:\/\/www.instagram.com\/gh0stysky"]}]}},"_links":{"self":[{"href":"https:\/\/www.ghostysky.com\/es\/wp-json\/wp\/v2\/product\/22253","targetHints":{"allow":["GET"]}}],"collection":[{"href":"https:\/\/www.ghostysky.com\/es\/wp-json\/wp\/v2\/product"}],"about":[{"href":"https:\/\/www.ghostysky.com\/es\/wp-json\/wp\/v2\/types\/product"}],"replies":[{"embeddable":true,"href":"https:\/\/www.ghostysky.com\/es\/wp-json\/wp\/v2\/comments?post=22253"}],"wp:featuredmedia":[{"embeddable":true,"href":"https:\/\/www.ghostysky.com\/es\/wp-json\/wp\/v2\/media\/22257"}],"wp:attachment":[{"href":"https:\/\/www.ghostysky.com\/es\/wp-json\/wp\/v2\/media?parent=22253"}],"wp:term":[{"taxonomy":"product_brand","embeddable":true,"href":"https:\/\/www.ghostysky.com\/es\/wp-json\/wp\/v2\/product_brand?post=22253"},{"taxonomy":"product_cat","embeddable":true,"href":"https:\/\/www.ghostysky.com\/es\/wp-json\/wp\/v2\/product_cat?post=22253"},{"taxonomy":"product_tag","embeddable":true,"href":"https:\/\/www.ghostysky.com\/es\/wp-json\/wp\/v2\/product_tag?post=22253"}],"curies":[{"name":"wp","href":"https:\/\/api.w.org\/{rel}","templated":true}]}}