{"id":22268,"date":"2025-10-22T17:01:31","date_gmt":"2025-10-22T17:01:31","guid":{"rendered":"https:\/\/www.ghostysky.com\/?post_type=product&#038;p=22268"},"modified":"2025-10-22T17:06:53","modified_gmt":"2025-10-22T17:06:53","slug":"dji-mavic-4-pro-parallel-charging-hub","status":"publish","type":"product","link":"https:\/\/www.ghostysky.com\/es\/product\/dji-mavic-4-pro-parallel-charging-hub\/","title":{"rendered":"Centro de carga paralela para DJI Mavic 4 Pro"},"content":{"rendered":"<h3>Caracter\u00edsticas y funcionalidades clave<\/h3>\n<h4>Carga eficiente de la bater\u00eda<\/h4>\n<ul>\n<li><b><span class=\"citation-292\">Varias ranuras para bater\u00eda:<\/span><\/b><span class=\"citation-292\"> El concentrador admite la carga de hasta <\/span><b><span class=\"citation-292\">tres<\/span><\/b><span class=\"citation-292 citation-end-292\"> Bater\u00edas de vuelo inteligentes.<\/span><\/li>\n<li><b><span class=\"citation-291\">Carga r\u00e1pida:<\/span><\/b><span class=\"citation-291\"> Cuando se combina con el opcional <\/span><b><span class=\"citation-291\">Adaptador de corriente DJI de 240 W<\/span><\/b><span class=\"citation-291 citation-end-291\"> (se vende por separado):<\/span>\n<ul>\n<li><span class=\"citation-290\">Puede cargar completamente una sola bater\u00eda en aproximadamente <\/span><b><span class=\"citation-290\">51 minutos<\/span><\/b><span class=\"citation-290 citation-end-290\">.<\/span><\/li>\n<li><span class=\"citation-289\">Puede cargar tres bater\u00edas. <\/span><b><span class=\"citation-289\">simult\u00e1neamente<\/span><\/b><span class=\"citation-289\"> en casi <\/span><b><span class=\"citation-289\">90 minutos<\/span><\/b><span class=\"citation-289 citation-end-289\"> utilizando el puerto Mini SDC dedicado (entrada de hasta 240 W).<\/span><\/li>\n<\/ul>\n<\/li>\n<li><b>Modos de carga inteligentes:<\/b>\n<ul>\n<li><span class=\"citation-288 citation-end-288\">Utilizando el adaptador de 240W, prioriza llevar todas las bater\u00edas al mismo nivel de carga y luego las carga en paralelo.<\/span><\/li>\n<li><span class=\"citation-287 citation-end-287\">Al utilizar un cargador de menor potencia, como el adaptador de corriente USB-C de 100 W de DJI (a trav\u00e9s del puerto USB-C, hasta 100 W de entrada), carga las bater\u00edas de forma secuencial, comenzando por la que tiene el nivel de potencia m\u00e1s alto.<\/span>\n<div class=\"source-inline-chip-container ng-star-inserted\"><\/div>\n<\/li>\n<\/ul>\n<\/li>\n<\/ul>\n<h4>Acumulaci\u00f3n de energ\u00eda y banco de energ\u00eda<\/h4>\n<ul>\n<li><b><span class=\"citation-286\">Acumulaci\u00f3n de energ\u00eda:<\/span><\/b><span class=\"citation-286 citation-end-286\"> Una caracter\u00edstica \u00fanica le permite transferir la energ\u00eda restante de varias bater\u00edas de bajo consumo a la bater\u00eda con mayor consumo restante, consolidando eficazmente la energ\u00eda para un vuelo largo.<\/span><\/li>\n<li><b><span class=\"citation-285\">Banco de energ\u00eda de 100 W:<\/span><\/b><span class=\"citation-285\"> Al aprovechar la energ\u00eda almacenada de las bater\u00edas de vuelo insertadas, el concentrador se transforma en un potente <\/span><b><span class=\"citation-285\">Banco de energ\u00eda USB-C de 100 W<\/span><\/b><span class=\"citation-285 citation-end-285\">, lo que le permite cargar r\u00e1pidamente dispositivos externos como tel\u00e9fonos inteligentes, tabletas y computadoras port\u00e1tiles en el lugar.<\/span><\/li>\n<\/ul>\n<p>La inclusi\u00f3n de la capacidad de carga paralela reduce significativamente el tiempo de inactividad, mientras que las funciones de banco de energ\u00eda y acumulaci\u00f3n de energ\u00eda agregan versatilidad para los pilotos que necesitan m\u00e1xima eficiencia y portabilidad en sus operaciones.<\/p>","protected":false},"excerpt":{"rendered":"<p><span class=\"citation-293\">El <\/span><b><span class=\"citation-293\">Centro de carga paralela para DJI Mavic 4 Pro<\/span><\/b><span class=\"citation-293 citation-end-293\"> es un accesorio multifuncional dise\u00f1ado para agilizar la carga de las bater\u00edas de vuelo inteligente de su DJI Mavic 4 Pro y servir como banco de energ\u00eda port\u00e1til.<\/span><\/p>","protected":false},"featured_media":22270,"comment_status":"open","ping_status":"closed","template":"","meta":[],"product_brand":[1031],"product_cat":[37,29,1171,1173],"product_tag":[42,1178,1179],"class_list":{"0":"post-22268","1":"product","2":"type-product","3":"status-publish","4":"has-post-thumbnail","6":"product_brand-dji","7":"product_cat-dji","8":"product_cat-drones","9":"product_cat-mavic-4-pro","10":"product_cat-mavic-4-pro-accessories","11":"product_tag-dji","12":"product_tag-dji-mavic-4-pro","13":"product_tag-dji-mavic-4-pro-accessories","15":"first","16":"onbackorder","17":"taxable","18":"shipping-taxable","19":"purchasable","20":"product-type-simple"},"yoast_head":"<!-- This site is optimized with the Yoast SEO plugin v27.1.1 - https:\/\/yoast.com\/product\/yoast-seo-wordpress\/ -->\n<title>DJI Mavic 4 Pro Parallel Charging Hub - Ghostysky<\/title>\n<meta name=\"description\" content=\"The DJI Mavic 4 Pro Parallel Charging Hub is a multi-functional accessory designed to streamline the charging of your DJI Mavic 4 Pro Intelligent Flight Batteries and serve as a portable power bank.\" \/>\n<meta name=\"robots\" content=\"index, follow, max-snippet:-1, max-image-preview:large, max-video-preview:-1\" \/>\n<link rel=\"canonical\" href=\"https:\/\/www.ghostysky.com\/es\/producto-2\/dji-mavic-4-pro-parallel-charging-hub\/\" \/>\n<meta property=\"og:locale\" content=\"es_ES\" \/>\n<meta property=\"og:type\" content=\"article\" \/>\n<meta property=\"og:title\" content=\"DJI Mavic 4 Pro Parallel Charging Hub - Ghostysky\" \/>\n<meta property=\"og:description\" content=\"The DJI Mavic 4 Pro Parallel Charging Hub is a multi-functional accessory designed to streamline the charging of your DJI Mavic 4 Pro Intelligent Flight Batteries and serve as a portable power bank.\" \/>\n<meta property=\"og:url\" content=\"https:\/\/www.ghostysky.com\/es\/producto-2\/dji-mavic-4-pro-parallel-charging-hub\/\" \/>\n<meta property=\"og:site_name\" content=\"Ghostysky\" \/>\n<meta property=\"article:publisher\" content=\"https:\/\/www.facebook.com\/people\/Ghostysky\/100057676170234\/\" \/>\n<meta property=\"article:modified_time\" content=\"2025-10-22T17:06:53+00:00\" \/>\n<meta property=\"og:image\" content=\"https:\/\/www.ghostysky.com\/wp-content\/uploads\/2025\/10\/GH_DJI-Mavic-4-Pro-Parallel-Charging-Hub_1.jpg\" \/>\n\t<meta property=\"og:image:width\" content=\"800\" \/>\n\t<meta property=\"og:image:height\" content=\"800\" \/>\n\t<meta property=\"og:image:type\" content=\"image\/jpeg\" \/>\n<meta name=\"twitter:card\" content=\"summary_large_image\" \/>\n<meta name=\"twitter:site\" content=\"@Gh0stysky\" \/>\n<meta name=\"twitter:label1\" content=\"Tiempo de lectura\" \/>\n\t<meta name=\"twitter:data1\" content=\"2 minutos\" \/>\n<script type=\"application\/ld+json\" class=\"yoast-schema-graph\">{\"@context\":\"https:\/\/schema.org\",\"@graph\":[{\"@type\":\"WebPage\",\"@id\":\"https:\/\/www.ghostysky.com\/product\/dji-mavic-4-pro-parallel-charging-hub\/\",\"url\":\"https:\/\/www.ghostysky.com\/product\/dji-mavic-4-pro-parallel-charging-hub\/\",\"name\":\"DJI Mavic 4 Pro Parallel Charging Hub - Ghostysky\",\"isPartOf\":{\"@id\":\"https:\/\/www.ghostysky.com\/#website\"},\"primaryImageOfPage\":{\"@id\":\"https:\/\/www.ghostysky.com\/product\/dji-mavic-4-pro-parallel-charging-hub\/#primaryimage\"},\"image\":{\"@id\":\"https:\/\/www.ghostysky.com\/product\/dji-mavic-4-pro-parallel-charging-hub\/#primaryimage\"},\"thumbnailUrl\":\"https:\/\/www.ghostysky.com\/wp-content\/uploads\/2025\/10\/GH_DJI-Mavic-4-Pro-Parallel-Charging-Hub_1.jpg\",\"datePublished\":\"2025-10-22T17:01:31+00:00\",\"dateModified\":\"2025-10-22T17:06:53+00:00\",\"description\":\"The DJI Mavic 4 Pro Parallel Charging Hub is a multi-functional accessory designed to streamline the charging of your DJI Mavic 4 Pro Intelligent Flight Batteries and serve as a portable power bank.\",\"breadcrumb\":{\"@id\":\"https:\/\/www.ghostysky.com\/product\/dji-mavic-4-pro-parallel-charging-hub\/#breadcrumb\"},\"inLanguage\":\"es\",\"potentialAction\":[{\"@type\":\"ReadAction\",\"target\":[\"https:\/\/www.ghostysky.com\/product\/dji-mavic-4-pro-parallel-charging-hub\/\"]}]},{\"@type\":\"ImageObject\",\"inLanguage\":\"es\",\"@id\":\"https:\/\/www.ghostysky.com\/product\/dji-mavic-4-pro-parallel-charging-hub\/#primaryimage\",\"url\":\"https:\/\/www.ghostysky.com\/wp-content\/uploads\/2025\/10\/GH_DJI-Mavic-4-Pro-Parallel-Charging-Hub_1.jpg\",\"contentUrl\":\"https:\/\/www.ghostysky.com\/wp-content\/uploads\/2025\/10\/GH_DJI-Mavic-4-Pro-Parallel-Charging-Hub_1.jpg\",\"width\":800,\"height\":800},{\"@type\":\"BreadcrumbList\",\"@id\":\"https:\/\/www.ghostysky.com\/product\/dji-mavic-4-pro-parallel-charging-hub\/#breadcrumb\",\"itemListElement\":[{\"@type\":\"ListItem\",\"position\":1,\"name\":\"Home\",\"item\":\"https:\/\/www.ghostysky.com\/\"},{\"@type\":\"ListItem\",\"position\":2,\"name\":\"Shop\",\"item\":\"https:\/\/www.ghostysky.com\/shop\/\"},{\"@type\":\"ListItem\",\"position\":3,\"name\":\"DJI Mavic 4 Pro Parallel Charging Hub\"}]},{\"@type\":\"WebSite\",\"@id\":\"https:\/\/www.ghostysky.com\/#website\",\"url\":\"https:\/\/www.ghostysky.com\/\",\"name\":\"Ghostysky\",\"description\":\"Delivering professional drones and services\",\"publisher\":{\"@id\":\"https:\/\/www.ghostysky.com\/#organization\"},\"potentialAction\":[{\"@type\":\"SearchAction\",\"target\":{\"@type\":\"EntryPoint\",\"urlTemplate\":\"https:\/\/www.ghostysky.com\/?s={search_term_string}\"},\"query-input\":{\"@type\":\"PropertyValueSpecification\",\"valueRequired\":true,\"valueName\":\"search_term_string\"}}],\"inLanguage\":\"es\"},{\"@type\":\"Organization\",\"@id\":\"https:\/\/www.ghostysky.com\/#organization\",\"name\":\"Ghostysky\",\"url\":\"https:\/\/www.ghostysky.com\/\",\"logo\":{\"@type\":\"ImageObject\",\"inLanguage\":\"es\",\"@id\":\"https:\/\/www.ghostysky.com\/#\/schema\/logo\/image\/\",\"url\":\"https:\/\/www.ghostysky.com\/wp-content\/uploads\/2020\/06\/cropped-ghostyskylogo_text_white2.png\",\"contentUrl\":\"https:\/\/www.ghostysky.com\/wp-content\/uploads\/2020\/06\/cropped-ghostyskylogo_text_white2.png\",\"width\":169,\"height\":56,\"caption\":\"Ghostysky\"},\"image\":{\"@id\":\"https:\/\/www.ghostysky.com\/#\/schema\/logo\/image\/\"},\"sameAs\":[\"https:\/\/www.facebook.com\/people\/Ghostysky\/100057676170234\/\",\"https:\/\/x.com\/Gh0stysky\",\"https:\/\/www.linkedin.com\/company\/34739653\",\"https:\/\/www.instagram.com\/gh0stysky\"]}]}<\/script>\n<!-- \/ Yoast SEO plugin. -->","yoast_head_json":{"title":"Centro de carga paralela para DJI Mavic 4 Pro - Ghostysky","description":"El centro de carga paralelo DJI Mavic 4 Pro es un accesorio multifuncional dise\u00f1ado para agilizar la carga de las bater\u00edas de vuelo inteligente de su DJI Mavic 4 Pro y servir como banco de energ\u00eda port\u00e1til.","robots":{"index":"index","follow":"follow","max-snippet":"max-snippet:-1","max-image-preview":"max-image-preview:large","max-video-preview":"max-video-preview:-1"},"canonical":"https:\/\/www.ghostysky.com\/es\/producto-2\/dji-mavic-4-pro-parallel-charging-hub\/","og_locale":"es_ES","og_type":"article","og_title":"DJI Mavic 4 Pro Parallel Charging Hub - Ghostysky","og_description":"The DJI Mavic 4 Pro Parallel Charging Hub is a multi-functional accessory designed to streamline the charging of your DJI Mavic 4 Pro Intelligent Flight Batteries and serve as a portable power bank.","og_url":"https:\/\/www.ghostysky.com\/es\/producto-2\/dji-mavic-4-pro-parallel-charging-hub\/","og_site_name":"Ghostysky","article_publisher":"https:\/\/www.facebook.com\/people\/Ghostysky\/100057676170234\/","article_modified_time":"2025-10-22T17:06:53+00:00","og_image":[{"width":800,"height":800,"url":"https:\/\/www.ghostysky.com\/wp-content\/uploads\/2025\/10\/GH_DJI-Mavic-4-Pro-Parallel-Charging-Hub_1.jpg","type":"image\/jpeg"}],"twitter_card":"summary_large_image","twitter_site":"@Gh0stysky","twitter_misc":{"Tiempo de lectura":"2 minutos"},"schema":{"@context":"https:\/\/schema.org","@graph":[{"@type":"WebPage","@id":"https:\/\/www.ghostysky.com\/product\/dji-mavic-4-pro-parallel-charging-hub\/","url":"https:\/\/www.ghostysky.com\/product\/dji-mavic-4-pro-parallel-charging-hub\/","name":"Centro de carga paralela para DJI Mavic 4 Pro - Ghostysky","isPartOf":{"@id":"https:\/\/www.ghostysky.com\/#website"},"primaryImageOfPage":{"@id":"https:\/\/www.ghostysky.com\/product\/dji-mavic-4-pro-parallel-charging-hub\/#primaryimage"},"image":{"@id":"https:\/\/www.ghostysky.com\/product\/dji-mavic-4-pro-parallel-charging-hub\/#primaryimage"},"thumbnailUrl":"https:\/\/www.ghostysky.com\/wp-content\/uploads\/2025\/10\/GH_DJI-Mavic-4-Pro-Parallel-Charging-Hub_1.jpg","datePublished":"2025-10-22T17:01:31+00:00","dateModified":"2025-10-22T17:06:53+00:00","description":"El centro de carga paralelo DJI Mavic 4 Pro es un accesorio multifuncional dise\u00f1ado para agilizar la carga de las bater\u00edas de vuelo inteligente de su DJI Mavic 4 Pro y servir como banco de energ\u00eda port\u00e1til.","breadcrumb":{"@id":"https:\/\/www.ghostysky.com\/product\/dji-mavic-4-pro-parallel-charging-hub\/#breadcrumb"},"inLanguage":"es","potentialAction":[{"@type":"ReadAction","target":["https:\/\/www.ghostysky.com\/product\/dji-mavic-4-pro-parallel-charging-hub\/"]}]},{"@type":"ImageObject","inLanguage":"es","@id":"https:\/\/www.ghostysky.com\/product\/dji-mavic-4-pro-parallel-charging-hub\/#primaryimage","url":"https:\/\/www.ghostysky.com\/wp-content\/uploads\/2025\/10\/GH_DJI-Mavic-4-Pro-Parallel-Charging-Hub_1.jpg","contentUrl":"https:\/\/www.ghostysky.com\/wp-content\/uploads\/2025\/10\/GH_DJI-Mavic-4-Pro-Parallel-Charging-Hub_1.jpg","width":800,"height":800},{"@type":"BreadcrumbList","@id":"https:\/\/www.ghostysky.com\/product\/dji-mavic-4-pro-parallel-charging-hub\/#breadcrumb","itemListElement":[{"@type":"ListItem","position":1,"name":"Home","item":"https:\/\/www.ghostysky.com\/"},{"@type":"ListItem","position":2,"name":"Shop","item":"https:\/\/www.ghostysky.com\/shop\/"},{"@type":"ListItem","position":3,"name":"DJI Mavic 4 Pro Parallel Charging Hub"}]},{"@type":"WebSite","@id":"https:\/\/www.ghostysky.com\/#website","url":"https:\/\/www.ghostysky.com\/","name":"Ghostysky","description":"Entrega de drones y servicios profesionales","publisher":{"@id":"https:\/\/www.ghostysky.com\/#organization"},"potentialAction":[{"@type":"SearchAction","target":{"@type":"EntryPoint","urlTemplate":"https:\/\/www.ghostysky.com\/?s={search_term_string}"},"query-input":{"@type":"PropertyValueSpecification","valueRequired":true,"valueName":"search_term_string"}}],"inLanguage":"es"},{"@type":"Organization","@id":"https:\/\/www.ghostysky.com\/#organization","name":"Ghostysky","url":"https:\/\/www.ghostysky.com\/","logo":{"@type":"ImageObject","inLanguage":"es","@id":"https:\/\/www.ghostysky.com\/#\/schema\/logo\/image\/","url":"https:\/\/www.ghostysky.com\/wp-content\/uploads\/2020\/06\/cropped-ghostyskylogo_text_white2.png","contentUrl":"https:\/\/www.ghostysky.com\/wp-content\/uploads\/2020\/06\/cropped-ghostyskylogo_text_white2.png","width":169,"height":56,"caption":"Ghostysky"},"image":{"@id":"https:\/\/www.ghostysky.com\/#\/schema\/logo\/image\/"},"sameAs":["https:\/\/www.facebook.com\/people\/Ghostysky\/100057676170234\/","https:\/\/x.com\/Gh0stysky","https:\/\/www.linkedin.com\/company\/34739653","https:\/\/www.instagram.com\/gh0stysky"]}]}},"_links":{"self":[{"href":"https:\/\/www.ghostysky.com\/es\/wp-json\/wp\/v2\/product\/22268","targetHints":{"allow":["GET"]}}],"collection":[{"href":"https:\/\/www.ghostysky.com\/es\/wp-json\/wp\/v2\/product"}],"about":[{"href":"https:\/\/www.ghostysky.com\/es\/wp-json\/wp\/v2\/types\/product"}],"replies":[{"embeddable":true,"href":"https:\/\/www.ghostysky.com\/es\/wp-json\/wp\/v2\/comments?post=22268"}],"wp:featuredmedia":[{"embeddable":true,"href":"https:\/\/www.ghostysky.com\/es\/wp-json\/wp\/v2\/media\/22270"}],"wp:attachment":[{"href":"https:\/\/www.ghostysky.com\/es\/wp-json\/wp\/v2\/media?parent=22268"}],"wp:term":[{"taxonomy":"product_brand","embeddable":true,"href":"https:\/\/www.ghostysky.com\/es\/wp-json\/wp\/v2\/product_brand?post=22268"},{"taxonomy":"product_cat","embeddable":true,"href":"https:\/\/www.ghostysky.com\/es\/wp-json\/wp\/v2\/product_cat?post=22268"},{"taxonomy":"product_tag","embeddable":true,"href":"https:\/\/www.ghostysky.com\/es\/wp-json\/wp\/v2\/product_tag?post=22268"}],"curies":[{"name":"wp","href":"https:\/\/api.w.org\/{rel}","templated":true}]}}