{"id":22271,"date":"2025-10-22T17:11:04","date_gmt":"2025-10-22T17:11:04","guid":{"rendered":"https:\/\/www.ghostysky.com\/?post_type=product&#038;p=22271"},"modified":"2025-10-22T17:20:02","modified_gmt":"2025-10-22T17:20:02","slug":"dji-mavic-4-pro-propellers","status":"publish","type":"product","link":"https:\/\/www.ghostysky.com\/es\/product\/dji-mavic-4-pro-propellers\/","title":{"rendered":"H\u00e9lices del DJI Mavic 4 Pro"},"content":{"rendered":"<h3><b>Caracter\u00edsticas clave<\/b><\/h3>\n<ul>\n<li><b>Eficiencia aerodin\u00e1mica optimizada:<\/b><span class=\"citation-314 citation-end-314\"> Cada pala de la h\u00e9lice se somete a precisas pruebas de equilibrio din\u00e1mico para maximizar la eficiencia y contribuir a tiempos de vuelo m\u00e1s prolongados.<\/span><\/li>\n<li><b>Salida de ruido reducida:<\/b><span class=\"citation-313 citation-end-313\"> El dise\u00f1o est\u00e1 pensado para minimizar el ruido, lo que permite vuelos m\u00e1s silenciosos y menos disruptivos, perfecto para entornos sensibles.<\/span><\/li>\n<li><b><span class=\"citation-312\">Dise\u00f1o de liberaci\u00f3n r\u00e1pida:<\/span><\/b><span class=\"citation-312 citation-end-312\"> Cuenta con el cl\u00e1sico mecanismo de liberaci\u00f3n r\u00e1pida para una conexi\u00f3n y desconexi\u00f3n r\u00e1pida, segura y sencilla, lo que simplifica los cambios de h\u00e9lice en el campo.<\/span><\/li>\n<li><b><span class=\"citation-311\">Vuelo estable y confiable:<\/span><\/b><span class=\"citation-311 citation-end-311\"> Una calibraci\u00f3n meticulosa garantiza un vuelo equilibrado, lo que minimiza las vibraciones para un funcionamiento m\u00e1s suave y una mejor calidad de las im\u00e1genes a\u00e9reas.<\/span><\/li>\n<li><b><span class=\"citation-310\">Construcci\u00f3n duradera:<\/span><\/b><span class=\"citation-310 citation-end-310\"> Construido con materiales robustos (a menudo compuesto de nailon mejorado) para proporcionar el empuje y la durabilidad necesarios para un vuelo estable, incluso en condiciones dif\u00edciles.<\/span>\n<div class=\"source-inline-chip-container ng-star-inserted\"><\/div>\n<\/li>\n<\/ul>\n<p><b>Especificaciones (par t\u00edpico):<\/b><\/p>\n<ul>\n<li><b><span class=\"citation-309\">Compatibilidad:<\/span><\/b><span class=\"citation-309 citation-end-309\"> DJI Mavic 4 Pro<\/span><\/li>\n<li><b><span class=\"citation-308\">Di\u00e1metro \u00d7 Paso:<\/span><\/b><span class=\"citation-308 citation-end-308\"> 10,5 pulgadas \u00d7 5,8 pulgadas (26,7 cm \u00d7 14,7 cm)<\/span><\/li>\n<li><b>Peso (h\u00e9lice \u00fanica):<\/b><span class=\"citation-307 citation-end-307\"> Aproximadamente <sup class=\"superscript\" data-turn-source-index=\"9\">9<\/sup><\/span><span class=\"math-inline\" data-math=\"11.8 \\text{ g}\">$11.8 \\texto{ g}$<\/span><\/li>\n<li><b><span class=\"citation-306\">Incluye:<\/span><\/b><span class=\"citation-306 citation-end-306\"> H\u00e9lices (par) <sup class=\"superscript\" data-turn-source-index=\"10\">10<\/sup><\/span><span class=\"math-inline\" data-math=\"\\times 1\">$\\veces 1$<\/span><span class=\"citation-305 citation-end-305\"> (Uno en sentido horario (CW) y otro en sentido antihorario (CCW))<\/span><\/li>\n<\/ul>\n<p>Mantenga su Mavic 4 Pro volando suave y silenciosamente reemplazando siempre las h\u00e9lices da\u00f1adas con accesorios DJI originales.<\/p>\n<p>&nbsp;<\/p>\n<h4>En el cuadro<\/h4>\n<p>1 par de h\u00e9lices para DJI Mavic 4 Pro<\/p>","protected":false},"excerpt":{"rendered":"<p>Mejore su experiencia de vuelo y garantice un rendimiento \u00f3ptimo con el <b>H\u00e9lices del DJI Mavic 4 Pro<\/b>.<\/p>\n<p><span class=\"citation-315 citation-end-315\">Estas h\u00e9lices de repuesto o reemplazo originales est\u00e1n dise\u00f1adas espec\u00edficamente para el dron DJI Mavic 4 Pro, ofreciendo calidad superior e ingenier\u00eda de precisi\u00f3n.<\/span><\/p>","protected":false},"featured_media":22274,"comment_status":"open","ping_status":"closed","template":"","meta":[],"product_brand":[1031],"product_cat":[37,29,1171,1173],"product_tag":[42,1178,1179],"class_list":{"0":"post-22271","1":"product","2":"type-product","3":"status-publish","4":"has-post-thumbnail","6":"product_brand-dji","7":"product_cat-dji","8":"product_cat-drones","9":"product_cat-mavic-4-pro","10":"product_cat-mavic-4-pro-accessories","11":"product_tag-dji","12":"product_tag-dji-mavic-4-pro","13":"product_tag-dji-mavic-4-pro-accessories","15":"first","16":"onbackorder","17":"taxable","18":"shipping-taxable","19":"purchasable","20":"product-type-simple"},"yoast_head":"<!-- This site is optimized with the Yoast SEO plugin v27.1.1 - https:\/\/yoast.com\/product\/yoast-seo-wordpress\/ -->\n<title>DJI Mavic 4 Pro Propellers - Ghostysky<\/title>\n<meta name=\"description\" content=\"Enhance your flight experience and ensure optimal performance with the DJI Mavic 4 Pro Propellers.These genuine replacement or spare propellers are specifically designed for the DJI Mavic 4 Pro drone, offering superior quality and precision engineering.\" \/>\n<meta name=\"robots\" content=\"index, follow, max-snippet:-1, max-image-preview:large, max-video-preview:-1\" \/>\n<link rel=\"canonical\" href=\"https:\/\/www.ghostysky.com\/es\/producto-2\/dji-mavic-4-pro-propellers\/\" \/>\n<meta property=\"og:locale\" content=\"es_ES\" \/>\n<meta property=\"og:type\" content=\"article\" \/>\n<meta property=\"og:title\" content=\"DJI Mavic 4 Pro Propellers - Ghostysky\" \/>\n<meta property=\"og:description\" content=\"Enhance your flight experience and ensure optimal performance with the DJI Mavic 4 Pro Propellers.These genuine replacement or spare propellers are specifically designed for the DJI Mavic 4 Pro drone, offering superior quality and precision engineering.\" \/>\n<meta property=\"og:url\" content=\"https:\/\/www.ghostysky.com\/es\/producto-2\/dji-mavic-4-pro-propellers\/\" \/>\n<meta property=\"og:site_name\" content=\"Ghostysky\" \/>\n<meta property=\"article:publisher\" content=\"https:\/\/www.facebook.com\/people\/Ghostysky\/100057676170234\/\" \/>\n<meta property=\"article:modified_time\" content=\"2025-10-22T17:20:02+00:00\" \/>\n<meta property=\"og:image\" content=\"https:\/\/www.ghostysky.com\/wp-content\/uploads\/2025\/10\/GH_DJI-Mavic-4-Pro-Propellers_1.jpg\" \/>\n\t<meta property=\"og:image:width\" content=\"800\" \/>\n\t<meta property=\"og:image:height\" content=\"800\" \/>\n\t<meta property=\"og:image:type\" content=\"image\/jpeg\" \/>\n<meta name=\"twitter:card\" content=\"summary_large_image\" \/>\n<meta name=\"twitter:site\" content=\"@Gh0stysky\" \/>\n<meta name=\"twitter:label1\" content=\"Tiempo de lectura\" \/>\n\t<meta name=\"twitter:data1\" content=\"1 minuto\" \/>\n<script type=\"application\/ld+json\" class=\"yoast-schema-graph\">{\"@context\":\"https:\/\/schema.org\",\"@graph\":[{\"@type\":\"WebPage\",\"@id\":\"https:\/\/www.ghostysky.com\/product\/dji-mavic-4-pro-propellers\/\",\"url\":\"https:\/\/www.ghostysky.com\/product\/dji-mavic-4-pro-propellers\/\",\"name\":\"DJI Mavic 4 Pro Propellers - Ghostysky\",\"isPartOf\":{\"@id\":\"https:\/\/www.ghostysky.com\/#website\"},\"primaryImageOfPage\":{\"@id\":\"https:\/\/www.ghostysky.com\/product\/dji-mavic-4-pro-propellers\/#primaryimage\"},\"image\":{\"@id\":\"https:\/\/www.ghostysky.com\/product\/dji-mavic-4-pro-propellers\/#primaryimage\"},\"thumbnailUrl\":\"https:\/\/www.ghostysky.com\/wp-content\/uploads\/2025\/10\/GH_DJI-Mavic-4-Pro-Propellers_1.jpg\",\"datePublished\":\"2025-10-22T17:11:04+00:00\",\"dateModified\":\"2025-10-22T17:20:02+00:00\",\"description\":\"Enhance your flight experience and ensure optimal performance with the DJI Mavic 4 Pro Propellers.These genuine replacement or spare propellers are specifically designed for the DJI Mavic 4 Pro drone, offering superior quality and precision engineering.\",\"breadcrumb\":{\"@id\":\"https:\/\/www.ghostysky.com\/product\/dji-mavic-4-pro-propellers\/#breadcrumb\"},\"inLanguage\":\"es\",\"potentialAction\":[{\"@type\":\"ReadAction\",\"target\":[\"https:\/\/www.ghostysky.com\/product\/dji-mavic-4-pro-propellers\/\"]}]},{\"@type\":\"ImageObject\",\"inLanguage\":\"es\",\"@id\":\"https:\/\/www.ghostysky.com\/product\/dji-mavic-4-pro-propellers\/#primaryimage\",\"url\":\"https:\/\/www.ghostysky.com\/wp-content\/uploads\/2025\/10\/GH_DJI-Mavic-4-Pro-Propellers_1.jpg\",\"contentUrl\":\"https:\/\/www.ghostysky.com\/wp-content\/uploads\/2025\/10\/GH_DJI-Mavic-4-Pro-Propellers_1.jpg\",\"width\":800,\"height\":800},{\"@type\":\"BreadcrumbList\",\"@id\":\"https:\/\/www.ghostysky.com\/product\/dji-mavic-4-pro-propellers\/#breadcrumb\",\"itemListElement\":[{\"@type\":\"ListItem\",\"position\":1,\"name\":\"Home\",\"item\":\"https:\/\/www.ghostysky.com\/\"},{\"@type\":\"ListItem\",\"position\":2,\"name\":\"Shop\",\"item\":\"https:\/\/www.ghostysky.com\/shop\/\"},{\"@type\":\"ListItem\",\"position\":3,\"name\":\"DJI Mavic 4 Pro Propellers\"}]},{\"@type\":\"WebSite\",\"@id\":\"https:\/\/www.ghostysky.com\/#website\",\"url\":\"https:\/\/www.ghostysky.com\/\",\"name\":\"Ghostysky\",\"description\":\"Delivering professional drones and services\",\"publisher\":{\"@id\":\"https:\/\/www.ghostysky.com\/#organization\"},\"potentialAction\":[{\"@type\":\"SearchAction\",\"target\":{\"@type\":\"EntryPoint\",\"urlTemplate\":\"https:\/\/www.ghostysky.com\/?s={search_term_string}\"},\"query-input\":{\"@type\":\"PropertyValueSpecification\",\"valueRequired\":true,\"valueName\":\"search_term_string\"}}],\"inLanguage\":\"es\"},{\"@type\":\"Organization\",\"@id\":\"https:\/\/www.ghostysky.com\/#organization\",\"name\":\"Ghostysky\",\"url\":\"https:\/\/www.ghostysky.com\/\",\"logo\":{\"@type\":\"ImageObject\",\"inLanguage\":\"es\",\"@id\":\"https:\/\/www.ghostysky.com\/#\/schema\/logo\/image\/\",\"url\":\"https:\/\/www.ghostysky.com\/wp-content\/uploads\/2020\/06\/cropped-ghostyskylogo_text_white2.png\",\"contentUrl\":\"https:\/\/www.ghostysky.com\/wp-content\/uploads\/2020\/06\/cropped-ghostyskylogo_text_white2.png\",\"width\":169,\"height\":56,\"caption\":\"Ghostysky\"},\"image\":{\"@id\":\"https:\/\/www.ghostysky.com\/#\/schema\/logo\/image\/\"},\"sameAs\":[\"https:\/\/www.facebook.com\/people\/Ghostysky\/100057676170234\/\",\"https:\/\/x.com\/Gh0stysky\",\"https:\/\/www.linkedin.com\/company\/34739653\",\"https:\/\/www.instagram.com\/gh0stysky\"]}]}<\/script>\n<!-- \/ Yoast SEO plugin. -->","yoast_head_json":{"title":"H\u00e9lices para DJI Mavic 4 Pro - Ghostysky","description":"Mejore su experiencia de vuelo y garantice un rendimiento \u00f3ptimo con las h\u00e9lices DJI Mavic 4 Pro. Estas h\u00e9lices de repuesto o reemplazo originales est\u00e1n dise\u00f1adas espec\u00edficamente para el dron DJI Mavic 4 Pro, ofreciendo una calidad superior e ingenier\u00eda de precisi\u00f3n.","robots":{"index":"index","follow":"follow","max-snippet":"max-snippet:-1","max-image-preview":"max-image-preview:large","max-video-preview":"max-video-preview:-1"},"canonical":"https:\/\/www.ghostysky.com\/es\/producto-2\/dji-mavic-4-pro-propellers\/","og_locale":"es_ES","og_type":"article","og_title":"DJI Mavic 4 Pro Propellers - Ghostysky","og_description":"Enhance your flight experience and ensure optimal performance with the DJI Mavic 4 Pro Propellers.These genuine replacement or spare propellers are specifically designed for the DJI Mavic 4 Pro drone, offering superior quality and precision engineering.","og_url":"https:\/\/www.ghostysky.com\/es\/producto-2\/dji-mavic-4-pro-propellers\/","og_site_name":"Ghostysky","article_publisher":"https:\/\/www.facebook.com\/people\/Ghostysky\/100057676170234\/","article_modified_time":"2025-10-22T17:20:02+00:00","og_image":[{"width":800,"height":800,"url":"https:\/\/www.ghostysky.com\/wp-content\/uploads\/2025\/10\/GH_DJI-Mavic-4-Pro-Propellers_1.jpg","type":"image\/jpeg"}],"twitter_card":"summary_large_image","twitter_site":"@Gh0stysky","twitter_misc":{"Tiempo de lectura":"1 minuto"},"schema":{"@context":"https:\/\/schema.org","@graph":[{"@type":"WebPage","@id":"https:\/\/www.ghostysky.com\/product\/dji-mavic-4-pro-propellers\/","url":"https:\/\/www.ghostysky.com\/product\/dji-mavic-4-pro-propellers\/","name":"H\u00e9lices para DJI Mavic 4 Pro - Ghostysky","isPartOf":{"@id":"https:\/\/www.ghostysky.com\/#website"},"primaryImageOfPage":{"@id":"https:\/\/www.ghostysky.com\/product\/dji-mavic-4-pro-propellers\/#primaryimage"},"image":{"@id":"https:\/\/www.ghostysky.com\/product\/dji-mavic-4-pro-propellers\/#primaryimage"},"thumbnailUrl":"https:\/\/www.ghostysky.com\/wp-content\/uploads\/2025\/10\/GH_DJI-Mavic-4-Pro-Propellers_1.jpg","datePublished":"2025-10-22T17:11:04+00:00","dateModified":"2025-10-22T17:20:02+00:00","description":"Mejore su experiencia de vuelo y garantice un rendimiento \u00f3ptimo con las h\u00e9lices DJI Mavic 4 Pro. Estas h\u00e9lices de repuesto o reemplazo originales est\u00e1n dise\u00f1adas espec\u00edficamente para el dron DJI Mavic 4 Pro, ofreciendo una calidad superior e ingenier\u00eda de precisi\u00f3n.","breadcrumb":{"@id":"https:\/\/www.ghostysky.com\/product\/dji-mavic-4-pro-propellers\/#breadcrumb"},"inLanguage":"es","potentialAction":[{"@type":"ReadAction","target":["https:\/\/www.ghostysky.com\/product\/dji-mavic-4-pro-propellers\/"]}]},{"@type":"ImageObject","inLanguage":"es","@id":"https:\/\/www.ghostysky.com\/product\/dji-mavic-4-pro-propellers\/#primaryimage","url":"https:\/\/www.ghostysky.com\/wp-content\/uploads\/2025\/10\/GH_DJI-Mavic-4-Pro-Propellers_1.jpg","contentUrl":"https:\/\/www.ghostysky.com\/wp-content\/uploads\/2025\/10\/GH_DJI-Mavic-4-Pro-Propellers_1.jpg","width":800,"height":800},{"@type":"BreadcrumbList","@id":"https:\/\/www.ghostysky.com\/product\/dji-mavic-4-pro-propellers\/#breadcrumb","itemListElement":[{"@type":"ListItem","position":1,"name":"Home","item":"https:\/\/www.ghostysky.com\/"},{"@type":"ListItem","position":2,"name":"Shop","item":"https:\/\/www.ghostysky.com\/shop\/"},{"@type":"ListItem","position":3,"name":"DJI Mavic 4 Pro Propellers"}]},{"@type":"WebSite","@id":"https:\/\/www.ghostysky.com\/#website","url":"https:\/\/www.ghostysky.com\/","name":"Ghostysky","description":"Entrega de drones y servicios profesionales","publisher":{"@id":"https:\/\/www.ghostysky.com\/#organization"},"potentialAction":[{"@type":"SearchAction","target":{"@type":"EntryPoint","urlTemplate":"https:\/\/www.ghostysky.com\/?s={search_term_string}"},"query-input":{"@type":"PropertyValueSpecification","valueRequired":true,"valueName":"search_term_string"}}],"inLanguage":"es"},{"@type":"Organization","@id":"https:\/\/www.ghostysky.com\/#organization","name":"Ghostysky","url":"https:\/\/www.ghostysky.com\/","logo":{"@type":"ImageObject","inLanguage":"es","@id":"https:\/\/www.ghostysky.com\/#\/schema\/logo\/image\/","url":"https:\/\/www.ghostysky.com\/wp-content\/uploads\/2020\/06\/cropped-ghostyskylogo_text_white2.png","contentUrl":"https:\/\/www.ghostysky.com\/wp-content\/uploads\/2020\/06\/cropped-ghostyskylogo_text_white2.png","width":169,"height":56,"caption":"Ghostysky"},"image":{"@id":"https:\/\/www.ghostysky.com\/#\/schema\/logo\/image\/"},"sameAs":["https:\/\/www.facebook.com\/people\/Ghostysky\/100057676170234\/","https:\/\/x.com\/Gh0stysky","https:\/\/www.linkedin.com\/company\/34739653","https:\/\/www.instagram.com\/gh0stysky"]}]}},"_links":{"self":[{"href":"https:\/\/www.ghostysky.com\/es\/wp-json\/wp\/v2\/product\/22271","targetHints":{"allow":["GET"]}}],"collection":[{"href":"https:\/\/www.ghostysky.com\/es\/wp-json\/wp\/v2\/product"}],"about":[{"href":"https:\/\/www.ghostysky.com\/es\/wp-json\/wp\/v2\/types\/product"}],"replies":[{"embeddable":true,"href":"https:\/\/www.ghostysky.com\/es\/wp-json\/wp\/v2\/comments?post=22271"}],"wp:featuredmedia":[{"embeddable":true,"href":"https:\/\/www.ghostysky.com\/es\/wp-json\/wp\/v2\/media\/22274"}],"wp:attachment":[{"href":"https:\/\/www.ghostysky.com\/es\/wp-json\/wp\/v2\/media?parent=22271"}],"wp:term":[{"taxonomy":"product_brand","embeddable":true,"href":"https:\/\/www.ghostysky.com\/es\/wp-json\/wp\/v2\/product_brand?post=22271"},{"taxonomy":"product_cat","embeddable":true,"href":"https:\/\/www.ghostysky.com\/es\/wp-json\/wp\/v2\/product_cat?post=22271"},{"taxonomy":"product_tag","embeddable":true,"href":"https:\/\/www.ghostysky.com\/es\/wp-json\/wp\/v2\/product_tag?post=22271"}],"curies":[{"name":"wp","href":"https:\/\/api.w.org\/{rel}","templated":true}]}}