{"id":22275,"date":"2025-10-22T17:22:43","date_gmt":"2025-10-22T17:22:43","guid":{"rendered":"https:\/\/www.ghostysky.com\/?post_type=product&#038;p=22275"},"modified":"2026-03-04T17:14:09","modified_gmt":"2026-03-04T17:14:09","slug":"dji-mavic-4-pro-nd-filters-set-nd8-16-32-64","status":"publish","type":"product","link":"https:\/\/www.ghostysky.com\/es\/product\/dji-mavic-4-pro-nd-filters-set-nd8-16-32-64\/","title":{"rendered":"Juego de filtros ND para DJI Mavic 4 Pro (ND8\/16\/32\/64)"},"content":{"rendered":"<h4>Caracter\u00edsticas clave<\/h4>\n<ul>\n<li><b><span class=\"citation-353\">Control preciso de la velocidad de obturaci\u00f3n:<\/span><\/b><span class=\"citation-353\"> La funci\u00f3n principal es reducir la cantidad de luz que ingresa a la lente de la c\u00e1mara, lo que le permite usar <\/span><b><span class=\"citation-353\">velocidades de obturaci\u00f3n m\u00e1s bajas<\/span><\/b><span class=\"citation-353 citation-end-353\"> en ambientes luminosos.<sup class=\"superscript\" data-turn-source-index=\"3\">3<\/sup><\/span> <span class=\"citation-352 citation-end-352\">Esto es esencial para lograr el aspecto cinematogr\u00e1fico deseado (a menudo denominado \u201cregla del obturador de 180 grados\u201d) al introducir un desenfoque de movimiento natural en los objetos en movimiento.<\/span><\/li>\n<li><b><span class=\"citation-351\">\u00d3ptimo para condiciones de mucha luz:<\/span><\/b><span class=\"citation-351 citation-end-351\"> El conjunto incluye cuatro filtros con diferentes capacidades de reducci\u00f3n de luz:<\/span>\n<ul>\n<li><b><span class=\"citation-350\">ND8<\/span><\/b><span class=\"citation-350 citation-end-350\"> (reducci\u00f3n de 3 pasos)<\/span><\/li>\n<li><b><span class=\"citation-349\">ND16<\/span><\/b><span class=\"citation-349 citation-end-349\"> (reducci\u00f3n de 4 pasos)<\/span><\/li>\n<li><b><span class=\"citation-348\">ND32<\/span><\/b><span class=\"citation-348 citation-end-348\"> (reducci\u00f3n de 5 pasos)<\/span><\/li>\n<li>ND64 (reducci\u00f3n de 6 pasos) Estas variaciones satisfacen las necesidades de fotograf\u00eda desde luz diurna normal hasta muy brillante, y son perfectas para fotograf\u00edas de larga exposici\u00f3n y videos con lapso de tiempo.<\/li>\n<\/ul>\n<\/li>\n<li><b><span class=\"citation-345\">Optimizaci\u00f3n del sistema de tres c\u00e1maras:<\/span><\/b><span class=\"citation-345 citation-end-345\"> Los filtros est\u00e1n especialmente optimizados para el sistema de im\u00e1genes de tres c\u00e1maras del Mavic 4 Pro.<\/span>\u00a0<span class=\"citation-344\">Implementan una <\/span><b><span class=\"citation-344\">Menor reducci\u00f3n de luz para la c\u00e1mara telesc\u00f3pica<\/span><\/b><span class=\"citation-344 citation-end-344\"> para evitar que quede subexpuesto cuando las c\u00e1maras gran angular y telefoto media est\u00e1n correctamente expuestas.<\/span><\/li>\n<li><b>Im\u00e1genes de alta calidad:<\/b><span class=\"citation-343 citation-end-343\"> El uso flexible de estos filtros garantiza im\u00e1genes limpias y de aspecto profesional, incluso manteniendo una configuraci\u00f3n ISO baja.<\/span><\/li>\n<li><b><span class=\"citation-342\">Dise\u00f1o ligero:<\/span><\/b><span class=\"citation-342 citation-end-342\"> Cada filtro es liviano, pesa aproximadamente 5,1 g, lo que garantiza que no afecte negativamente el estabilizador del dron ni el rendimiento del vuelo.<\/span><\/li>\n<\/ul>\n<p>&nbsp;<\/p>\n<h4>En el cuadro<\/h4>\n<p>El conjunto incluye:<\/p>\n<ul>\n<li>Filtro ND8 <span class=\"math-inline\" data-math=\"\\times\">inc\u00f3gnita<\/span> 1<\/li>\n<li><span class=\"citation-341 citation-end-341\">Filtro ND16 x 1<\/span><\/li>\n<li><span class=\"citation-339 citation-end-339\">Filtro ND32 <span style=\"font-size: 13.3333px;\">inc\u00f3gnita <\/span><\/span><span class=\"citation-338 citation-end-338\">1<\/span><\/li>\n<li><span class=\"citation-337 citation-end-337\">Filtro ND64 <span style=\"font-size: 13.3333px;\">inc\u00f3gnita <span class=\"citation-338 citation-end-338\">1<\/span><\/span><\/span><\/li>\n<\/ul>","protected":false},"excerpt":{"rendered":"<p><span class=\"citation-355\">El <\/span><b><span class=\"citation-355\">Juego de filtros ND para DJI Mavic 4 Pro (ND8\/16\/32\/64)<\/span><\/b><span class=\"citation-355 citation-end-355\"> es un accesorio crucial dise\u00f1ado para fot\u00f3grafos y vide\u00f3grafos a\u00e9reos profesionales y entusiastas que utilizan el dron DJI Mavic 4 Pro.<\/span> <span class=\"citation-354\">Este conjunto de filtros de densidad neutra (ND) permite <\/span><b><span class=\"citation-354\">control preciso sobre la exposici\u00f3n de la c\u00e1mara<\/span><\/b><span class=\"citation-354 citation-end-354\"> en diversas condiciones de iluminaci\u00f3n brillante.<\/span><\/p>","protected":false},"featured_media":22278,"comment_status":"open","ping_status":"closed","template":"","meta":[],"product_brand":[1031],"product_cat":[37,29,1171,1173],"product_tag":[42,1178,1179],"class_list":{"0":"post-22275","1":"product","2":"type-product","3":"status-publish","4":"has-post-thumbnail","6":"product_brand-dji","7":"product_cat-dji","8":"product_cat-drones","9":"product_cat-mavic-4-pro","10":"product_cat-mavic-4-pro-accessories","11":"product_tag-dji","12":"product_tag-dji-mavic-4-pro","13":"product_tag-dji-mavic-4-pro-accessories","15":"first","16":"onbackorder","17":"taxable","18":"shipping-taxable","19":"purchasable","20":"product-type-simple"},"yoast_head":"<!-- This site is optimized with the Yoast SEO plugin v27.1.1 - https:\/\/yoast.com\/product\/yoast-seo-wordpress\/ -->\n<title>DJI Mavic 4 Pro ND Filters Set (ND8\/16\/32\/64) - Ghostysky<\/title>\n<meta name=\"description\" content=\"The DJI Mavic 4 Pro ND Filters Set (ND8\/16\/32\/64) is a crucial accessory designed for professional and enthusiast aerial photographers and videographers using the DJI Mavic 4 Pro drone. This set of neutral density (ND) filters allows for precise control over the camera&#039;s exposure in various bright lighting conditions.\" \/>\n<meta name=\"robots\" content=\"index, follow, max-snippet:-1, max-image-preview:large, max-video-preview:-1\" \/>\n<link rel=\"canonical\" href=\"https:\/\/www.ghostysky.com\/es\/producto-2\/dji-mavic-4-pro-nd-filters-set-nd8-16-32-64\/\" \/>\n<meta property=\"og:locale\" content=\"es_ES\" \/>\n<meta property=\"og:type\" content=\"article\" \/>\n<meta property=\"og:title\" content=\"DJI Mavic 4 Pro ND Filters Set (ND8\/16\/32\/64) - Ghostysky\" \/>\n<meta property=\"og:description\" content=\"The DJI Mavic 4 Pro ND Filters Set (ND8\/16\/32\/64) is a crucial accessory designed for professional and enthusiast aerial photographers and videographers using the DJI Mavic 4 Pro drone. This set of neutral density (ND) filters allows for precise control over the camera&#039;s exposure in various bright lighting conditions.\" \/>\n<meta property=\"og:url\" content=\"https:\/\/www.ghostysky.com\/es\/producto-2\/dji-mavic-4-pro-nd-filters-set-nd8-16-32-64\/\" \/>\n<meta property=\"og:site_name\" content=\"Ghostysky\" \/>\n<meta property=\"article:publisher\" content=\"https:\/\/www.facebook.com\/people\/Ghostysky\/100057676170234\/\" \/>\n<meta property=\"article:modified_time\" content=\"2026-03-04T17:14:09+00:00\" \/>\n<meta property=\"og:image\" content=\"https:\/\/www.ghostysky.com\/wp-content\/uploads\/2025\/10\/GH_DJI-Mavic-4-Pro-ND-Filters-Set-ND8-16-32-64_3.jpg\" \/>\n\t<meta property=\"og:image:width\" content=\"800\" \/>\n\t<meta property=\"og:image:height\" content=\"800\" \/>\n\t<meta property=\"og:image:type\" content=\"image\/jpeg\" \/>\n<meta name=\"twitter:card\" content=\"summary_large_image\" \/>\n<meta name=\"twitter:site\" content=\"@Gh0stysky\" \/>\n<meta name=\"twitter:label1\" content=\"Tiempo de lectura\" \/>\n\t<meta name=\"twitter:data1\" content=\"2 minutos\" \/>\n<script type=\"application\/ld+json\" class=\"yoast-schema-graph\">{\"@context\":\"https:\/\/schema.org\",\"@graph\":[{\"@type\":\"WebPage\",\"@id\":\"https:\/\/www.ghostysky.com\/product\/dji-mavic-4-pro-nd-filters-set-nd8-16-32-64\/\",\"url\":\"https:\/\/www.ghostysky.com\/product\/dji-mavic-4-pro-nd-filters-set-nd8-16-32-64\/\",\"name\":\"DJI Mavic 4 Pro ND Filters Set (ND8\/16\/32\/64) - Ghostysky\",\"isPartOf\":{\"@id\":\"https:\/\/www.ghostysky.com\/#website\"},\"primaryImageOfPage\":{\"@id\":\"https:\/\/www.ghostysky.com\/product\/dji-mavic-4-pro-nd-filters-set-nd8-16-32-64\/#primaryimage\"},\"image\":{\"@id\":\"https:\/\/www.ghostysky.com\/product\/dji-mavic-4-pro-nd-filters-set-nd8-16-32-64\/#primaryimage\"},\"thumbnailUrl\":\"https:\/\/www.ghostysky.com\/wp-content\/uploads\/2025\/10\/GH_DJI-Mavic-4-Pro-ND-Filters-Set-ND8-16-32-64_3.jpg\",\"datePublished\":\"2025-10-22T17:22:43+00:00\",\"dateModified\":\"2026-03-04T17:14:09+00:00\",\"description\":\"The DJI Mavic 4 Pro ND Filters Set (ND8\/16\/32\/64) is a crucial accessory designed for professional and enthusiast aerial photographers and videographers using the DJI Mavic 4 Pro drone. This set of neutral density (ND) filters allows for precise control over the camera's exposure in various bright lighting conditions.\",\"breadcrumb\":{\"@id\":\"https:\/\/www.ghostysky.com\/product\/dji-mavic-4-pro-nd-filters-set-nd8-16-32-64\/#breadcrumb\"},\"inLanguage\":\"es\",\"potentialAction\":[{\"@type\":\"ReadAction\",\"target\":[\"https:\/\/www.ghostysky.com\/product\/dji-mavic-4-pro-nd-filters-set-nd8-16-32-64\/\"]}]},{\"@type\":\"ImageObject\",\"inLanguage\":\"es\",\"@id\":\"https:\/\/www.ghostysky.com\/product\/dji-mavic-4-pro-nd-filters-set-nd8-16-32-64\/#primaryimage\",\"url\":\"https:\/\/www.ghostysky.com\/wp-content\/uploads\/2025\/10\/GH_DJI-Mavic-4-Pro-ND-Filters-Set-ND8-16-32-64_3.jpg\",\"contentUrl\":\"https:\/\/www.ghostysky.com\/wp-content\/uploads\/2025\/10\/GH_DJI-Mavic-4-Pro-ND-Filters-Set-ND8-16-32-64_3.jpg\",\"width\":800,\"height\":800},{\"@type\":\"BreadcrumbList\",\"@id\":\"https:\/\/www.ghostysky.com\/product\/dji-mavic-4-pro-nd-filters-set-nd8-16-32-64\/#breadcrumb\",\"itemListElement\":[{\"@type\":\"ListItem\",\"position\":1,\"name\":\"Home\",\"item\":\"https:\/\/www.ghostysky.com\/\"},{\"@type\":\"ListItem\",\"position\":2,\"name\":\"Shop\",\"item\":\"https:\/\/www.ghostysky.com\/shop\/\"},{\"@type\":\"ListItem\",\"position\":3,\"name\":\"DJI Mavic 4 Pro ND Filters Set (ND8\/16\/32\/64)\"}]},{\"@type\":\"WebSite\",\"@id\":\"https:\/\/www.ghostysky.com\/#website\",\"url\":\"https:\/\/www.ghostysky.com\/\",\"name\":\"Ghostysky\",\"description\":\"Delivering professional drones and services\",\"publisher\":{\"@id\":\"https:\/\/www.ghostysky.com\/#organization\"},\"potentialAction\":[{\"@type\":\"SearchAction\",\"target\":{\"@type\":\"EntryPoint\",\"urlTemplate\":\"https:\/\/www.ghostysky.com\/?s={search_term_string}\"},\"query-input\":{\"@type\":\"PropertyValueSpecification\",\"valueRequired\":true,\"valueName\":\"search_term_string\"}}],\"inLanguage\":\"es\"},{\"@type\":\"Organization\",\"@id\":\"https:\/\/www.ghostysky.com\/#organization\",\"name\":\"Ghostysky\",\"url\":\"https:\/\/www.ghostysky.com\/\",\"logo\":{\"@type\":\"ImageObject\",\"inLanguage\":\"es\",\"@id\":\"https:\/\/www.ghostysky.com\/#\/schema\/logo\/image\/\",\"url\":\"https:\/\/www.ghostysky.com\/wp-content\/uploads\/2020\/06\/cropped-ghostyskylogo_text_white2.png\",\"contentUrl\":\"https:\/\/www.ghostysky.com\/wp-content\/uploads\/2020\/06\/cropped-ghostyskylogo_text_white2.png\",\"width\":169,\"height\":56,\"caption\":\"Ghostysky\"},\"image\":{\"@id\":\"https:\/\/www.ghostysky.com\/#\/schema\/logo\/image\/\"},\"sameAs\":[\"https:\/\/www.facebook.com\/people\/Ghostysky\/100057676170234\/\",\"https:\/\/x.com\/Gh0stysky\",\"https:\/\/www.linkedin.com\/company\/34739653\",\"https:\/\/www.instagram.com\/gh0stysky\"]}]}<\/script>\n<!-- \/ Yoast SEO plugin. -->","yoast_head_json":{"title":"Juego de filtros ND para DJI Mavic 4 Pro (ND8\/16\/32\/64) - Ghostysky","description":"El juego de filtros ND para DJI Mavic 4 Pro (ND8\/16\/32\/64) es un accesorio esencial dise\u00f1ado para fot\u00f3grafos y vide\u00f3grafos a\u00e9reos, tanto profesionales como aficionados, que utilizan el dron DJI Mavic 4 Pro. Este juego de filtros de densidad neutra (ND) permite un control preciso de la exposici\u00f3n de la c\u00e1mara en diversas condiciones de iluminaci\u00f3n intensa.","robots":{"index":"index","follow":"follow","max-snippet":"max-snippet:-1","max-image-preview":"max-image-preview:large","max-video-preview":"max-video-preview:-1"},"canonical":"https:\/\/www.ghostysky.com\/es\/producto-2\/dji-mavic-4-pro-nd-filters-set-nd8-16-32-64\/","og_locale":"es_ES","og_type":"article","og_title":"DJI Mavic 4 Pro ND Filters Set (ND8\/16\/32\/64) - Ghostysky","og_description":"The DJI Mavic 4 Pro ND Filters Set (ND8\/16\/32\/64) is a crucial accessory designed for professional and enthusiast aerial photographers and videographers using the DJI Mavic 4 Pro drone. This set of neutral density (ND) filters allows for precise control over the camera's exposure in various bright lighting conditions.","og_url":"https:\/\/www.ghostysky.com\/es\/producto-2\/dji-mavic-4-pro-nd-filters-set-nd8-16-32-64\/","og_site_name":"Ghostysky","article_publisher":"https:\/\/www.facebook.com\/people\/Ghostysky\/100057676170234\/","article_modified_time":"2026-03-04T17:14:09+00:00","og_image":[{"width":800,"height":800,"url":"https:\/\/www.ghostysky.com\/wp-content\/uploads\/2025\/10\/GH_DJI-Mavic-4-Pro-ND-Filters-Set-ND8-16-32-64_3.jpg","type":"image\/jpeg"}],"twitter_card":"summary_large_image","twitter_site":"@Gh0stysky","twitter_misc":{"Tiempo de lectura":"2 minutos"},"schema":{"@context":"https:\/\/schema.org","@graph":[{"@type":"WebPage","@id":"https:\/\/www.ghostysky.com\/product\/dji-mavic-4-pro-nd-filters-set-nd8-16-32-64\/","url":"https:\/\/www.ghostysky.com\/product\/dji-mavic-4-pro-nd-filters-set-nd8-16-32-64\/","name":"Juego de filtros ND para DJI Mavic 4 Pro (ND8\/16\/32\/64) - Ghostysky","isPartOf":{"@id":"https:\/\/www.ghostysky.com\/#website"},"primaryImageOfPage":{"@id":"https:\/\/www.ghostysky.com\/product\/dji-mavic-4-pro-nd-filters-set-nd8-16-32-64\/#primaryimage"},"image":{"@id":"https:\/\/www.ghostysky.com\/product\/dji-mavic-4-pro-nd-filters-set-nd8-16-32-64\/#primaryimage"},"thumbnailUrl":"https:\/\/www.ghostysky.com\/wp-content\/uploads\/2025\/10\/GH_DJI-Mavic-4-Pro-ND-Filters-Set-ND8-16-32-64_3.jpg","datePublished":"2025-10-22T17:22:43+00:00","dateModified":"2026-03-04T17:14:09+00:00","description":"El juego de filtros ND para DJI Mavic 4 Pro (ND8\/16\/32\/64) es un accesorio esencial dise\u00f1ado para fot\u00f3grafos y vide\u00f3grafos a\u00e9reos, tanto profesionales como aficionados, que utilizan el dron DJI Mavic 4 Pro. Este juego de filtros de densidad neutra (ND) permite un control preciso de la exposici\u00f3n de la c\u00e1mara en diversas condiciones de iluminaci\u00f3n intensa.","breadcrumb":{"@id":"https:\/\/www.ghostysky.com\/product\/dji-mavic-4-pro-nd-filters-set-nd8-16-32-64\/#breadcrumb"},"inLanguage":"es","potentialAction":[{"@type":"ReadAction","target":["https:\/\/www.ghostysky.com\/product\/dji-mavic-4-pro-nd-filters-set-nd8-16-32-64\/"]}]},{"@type":"ImageObject","inLanguage":"es","@id":"https:\/\/www.ghostysky.com\/product\/dji-mavic-4-pro-nd-filters-set-nd8-16-32-64\/#primaryimage","url":"https:\/\/www.ghostysky.com\/wp-content\/uploads\/2025\/10\/GH_DJI-Mavic-4-Pro-ND-Filters-Set-ND8-16-32-64_3.jpg","contentUrl":"https:\/\/www.ghostysky.com\/wp-content\/uploads\/2025\/10\/GH_DJI-Mavic-4-Pro-ND-Filters-Set-ND8-16-32-64_3.jpg","width":800,"height":800},{"@type":"BreadcrumbList","@id":"https:\/\/www.ghostysky.com\/product\/dji-mavic-4-pro-nd-filters-set-nd8-16-32-64\/#breadcrumb","itemListElement":[{"@type":"ListItem","position":1,"name":"Home","item":"https:\/\/www.ghostysky.com\/"},{"@type":"ListItem","position":2,"name":"Shop","item":"https:\/\/www.ghostysky.com\/shop\/"},{"@type":"ListItem","position":3,"name":"DJI Mavic 4 Pro ND Filters Set (ND8\/16\/32\/64)"}]},{"@type":"WebSite","@id":"https:\/\/www.ghostysky.com\/#website","url":"https:\/\/www.ghostysky.com\/","name":"Ghostysky","description":"Entrega de drones y servicios profesionales","publisher":{"@id":"https:\/\/www.ghostysky.com\/#organization"},"potentialAction":[{"@type":"SearchAction","target":{"@type":"EntryPoint","urlTemplate":"https:\/\/www.ghostysky.com\/?s={search_term_string}"},"query-input":{"@type":"PropertyValueSpecification","valueRequired":true,"valueName":"search_term_string"}}],"inLanguage":"es"},{"@type":"Organization","@id":"https:\/\/www.ghostysky.com\/#organization","name":"Ghostysky","url":"https:\/\/www.ghostysky.com\/","logo":{"@type":"ImageObject","inLanguage":"es","@id":"https:\/\/www.ghostysky.com\/#\/schema\/logo\/image\/","url":"https:\/\/www.ghostysky.com\/wp-content\/uploads\/2020\/06\/cropped-ghostyskylogo_text_white2.png","contentUrl":"https:\/\/www.ghostysky.com\/wp-content\/uploads\/2020\/06\/cropped-ghostyskylogo_text_white2.png","width":169,"height":56,"caption":"Ghostysky"},"image":{"@id":"https:\/\/www.ghostysky.com\/#\/schema\/logo\/image\/"},"sameAs":["https:\/\/www.facebook.com\/people\/Ghostysky\/100057676170234\/","https:\/\/x.com\/Gh0stysky","https:\/\/www.linkedin.com\/company\/34739653","https:\/\/www.instagram.com\/gh0stysky"]}]}},"_links":{"self":[{"href":"https:\/\/www.ghostysky.com\/es\/wp-json\/wp\/v2\/product\/22275","targetHints":{"allow":["GET"]}}],"collection":[{"href":"https:\/\/www.ghostysky.com\/es\/wp-json\/wp\/v2\/product"}],"about":[{"href":"https:\/\/www.ghostysky.com\/es\/wp-json\/wp\/v2\/types\/product"}],"replies":[{"embeddable":true,"href":"https:\/\/www.ghostysky.com\/es\/wp-json\/wp\/v2\/comments?post=22275"}],"wp:featuredmedia":[{"embeddable":true,"href":"https:\/\/www.ghostysky.com\/es\/wp-json\/wp\/v2\/media\/22278"}],"wp:attachment":[{"href":"https:\/\/www.ghostysky.com\/es\/wp-json\/wp\/v2\/media?parent=22275"}],"wp:term":[{"taxonomy":"product_brand","embeddable":true,"href":"https:\/\/www.ghostysky.com\/es\/wp-json\/wp\/v2\/product_brand?post=22275"},{"taxonomy":"product_cat","embeddable":true,"href":"https:\/\/www.ghostysky.com\/es\/wp-json\/wp\/v2\/product_cat?post=22275"},{"taxonomy":"product_tag","embeddable":true,"href":"https:\/\/www.ghostysky.com\/es\/wp-json\/wp\/v2\/product_tag?post=22275"}],"curies":[{"name":"wp","href":"https:\/\/api.w.org\/{rel}","templated":true}]}}