{"id":22375,"date":"2025-10-24T07:15:39","date_gmt":"2025-10-24T07:15:39","guid":{"rendered":"https:\/\/www.ghostysky.com\/?post_type=product&#038;p=22375"},"modified":"2026-03-02T14:58:50","modified_gmt":"2026-03-02T14:58:50","slug":"emlid-rs4-pro-rover-kit-2","status":"publish","type":"product","link":"https:\/\/www.ghostysky.com\/es\/product\/emlid-rs4-pro-rover-kit-2\/","title":{"rendered":"Kit Emlid RS4 Pro Rover"},"content":{"rendered":"<h4>El paquete incluye<\/h4>\n<ul>\n<li>1x Emlid RS4 pro<\/li>\n<li>1x adaptador de liberaci\u00f3n r\u00e1pida<\/li>\n<li>1x Poste Emlid con soporte para tel\u00e9fono<\/li>\n<li>1x parachoques Emlid RS4 Pro<\/li>\n<\/ul>","protected":false},"excerpt":{"rendered":"<p><span class=\"citation-33\">El <\/span><b><span class=\"citation-33\">Kit Emlid Reach RS4 Pro Rover<\/span><\/b><span class=\"citation-33 citation-end-33\"> Es una soluci\u00f3n de receptor GNSS cinem\u00e1tico en tiempo real (RTK) multibanda de \u00faltima generaci\u00f3n, dise\u00f1ada para ofrecer precisi\u00f3n centim\u00e9trica en una amplia gama de aplicaciones profesionales, como topograf\u00eda, construcci\u00f3n, recopilaci\u00f3n de datos SIG y cartograf\u00eda con drones. Este kit incluye todos los accesorios para una soluci\u00f3n m\u00f3vil completa.<\/span><\/p>","protected":false},"featured_media":22450,"comment_status":"open","ping_status":"closed","template":"","meta":[],"product_brand":[1025],"product_cat":[89,1189,30],"product_tag":[58,1028,1187],"class_list":{"0":"post-22375","1":"product","2":"type-product","3":"status-publish","4":"has-post-thumbnail","6":"product_brand-emlid","7":"product_cat-emlid","8":"product_cat-kir-rs4_rs4pro_rs3","9":"product_cat-mobile-station","10":"product_tag-emlid","11":"product_tag-emlid-rs4-pro","12":"product_tag-emlid-rs4-pro-kit","14":"first","15":"instock","16":"taxable","17":"shipping-taxable","18":"purchasable","19":"product-type-woosb"},"yoast_head":"<!-- This site is optimized with the Yoast SEO plugin v27.1.1 - https:\/\/yoast.com\/product\/yoast-seo-wordpress\/ -->\n<title>Emlid RS4 Pro Rover Kit - Ghostysky<\/title>\n<meta name=\"description\" content=\"The Emlid Reach RS4 Pro Rover Kit is a state-of-the-art, multi-band Real-Time Kinematic (RTK) GNSS receiver solution designed to bring centimeter-level accuracy to a wide range of professional applications, including surveying, construction, GIS data collection, and drone mapping. This kit includes all accessories for a compete rover solution.\" \/>\n<meta name=\"robots\" content=\"index, follow, max-snippet:-1, max-image-preview:large, max-video-preview:-1\" \/>\n<link rel=\"canonical\" href=\"https:\/\/www.ghostysky.com\/es\/producto-2\/emlid-rs4-pro-rover-kit-2\/\" \/>\n<meta property=\"og:locale\" content=\"es_ES\" \/>\n<meta property=\"og:type\" content=\"article\" \/>\n<meta property=\"og:title\" content=\"Emlid RS4 Pro Rover Kit - Ghostysky\" \/>\n<meta property=\"og:description\" content=\"The Emlid Reach RS4 Pro Rover Kit is a state-of-the-art, multi-band Real-Time Kinematic (RTK) GNSS receiver solution designed to bring centimeter-level accuracy to a wide range of professional applications, including surveying, construction, GIS data collection, and drone mapping. This kit includes all accessories for a compete rover solution.\" \/>\n<meta property=\"og:url\" content=\"https:\/\/www.ghostysky.com\/es\/producto-2\/emlid-rs4-pro-rover-kit-2\/\" \/>\n<meta property=\"og:site_name\" content=\"Ghostysky\" \/>\n<meta property=\"article:publisher\" content=\"https:\/\/www.facebook.com\/people\/Ghostysky\/100057676170234\/\" \/>\n<meta property=\"article:modified_time\" content=\"2026-03-02T14:58:50+00:00\" \/>\n<meta property=\"og:image\" content=\"https:\/\/www.ghostysky.com\/wp-content\/uploads\/2025\/10\/GH_Emlid-RS4ProKit_2.webp\" \/>\n\t<meta property=\"og:image:width\" content=\"496\" \/>\n\t<meta property=\"og:image:height\" content=\"350\" \/>\n\t<meta property=\"og:image:type\" content=\"image\/webp\" \/>\n<meta name=\"twitter:card\" content=\"summary_large_image\" \/>\n<meta name=\"twitter:site\" content=\"@Gh0stysky\" \/>\n<meta name=\"twitter:label1\" content=\"Tiempo de lectura\" \/>\n\t<meta name=\"twitter:data1\" content=\"1 minuto\" \/>\n<script type=\"application\/ld+json\" class=\"yoast-schema-graph\">{\"@context\":\"https:\/\/schema.org\",\"@graph\":[{\"@type\":\"WebPage\",\"@id\":\"https:\/\/www.ghostysky.com\/product\/emlid-rs4-pro-rover-kit-2\/\",\"url\":\"https:\/\/www.ghostysky.com\/product\/emlid-rs4-pro-rover-kit-2\/\",\"name\":\"Emlid RS4 Pro Rover Kit - Ghostysky\",\"isPartOf\":{\"@id\":\"https:\/\/www.ghostysky.com\/#website\"},\"primaryImageOfPage\":{\"@id\":\"https:\/\/www.ghostysky.com\/product\/emlid-rs4-pro-rover-kit-2\/#primaryimage\"},\"image\":{\"@id\":\"https:\/\/www.ghostysky.com\/product\/emlid-rs4-pro-rover-kit-2\/#primaryimage\"},\"thumbnailUrl\":\"https:\/\/www.ghostysky.com\/wp-content\/uploads\/2025\/10\/GH_Emlid-RS4ProKit_2.webp\",\"datePublished\":\"2025-10-24T07:15:39+00:00\",\"dateModified\":\"2026-03-02T14:58:50+00:00\",\"description\":\"The Emlid Reach RS4 Pro Rover Kit is a state-of-the-art, multi-band Real-Time Kinematic (RTK) GNSS receiver solution designed to bring centimeter-level accuracy to a wide range of professional applications, including surveying, construction, GIS data collection, and drone mapping. This kit includes all accessories for a compete rover solution.\",\"breadcrumb\":{\"@id\":\"https:\/\/www.ghostysky.com\/product\/emlid-rs4-pro-rover-kit-2\/#breadcrumb\"},\"inLanguage\":\"es\",\"potentialAction\":[{\"@type\":\"ReadAction\",\"target\":[\"https:\/\/www.ghostysky.com\/product\/emlid-rs4-pro-rover-kit-2\/\"]}]},{\"@type\":\"ImageObject\",\"inLanguage\":\"es\",\"@id\":\"https:\/\/www.ghostysky.com\/product\/emlid-rs4-pro-rover-kit-2\/#primaryimage\",\"url\":\"https:\/\/www.ghostysky.com\/wp-content\/uploads\/2025\/10\/GH_Emlid-RS4ProKit_2.webp\",\"contentUrl\":\"https:\/\/www.ghostysky.com\/wp-content\/uploads\/2025\/10\/GH_Emlid-RS4ProKit_2.webp\",\"width\":496,\"height\":350},{\"@type\":\"BreadcrumbList\",\"@id\":\"https:\/\/www.ghostysky.com\/product\/emlid-rs4-pro-rover-kit-2\/#breadcrumb\",\"itemListElement\":[{\"@type\":\"ListItem\",\"position\":1,\"name\":\"Home\",\"item\":\"https:\/\/www.ghostysky.com\/\"},{\"@type\":\"ListItem\",\"position\":2,\"name\":\"Shop\",\"item\":\"https:\/\/www.ghostysky.com\/shop\/\"},{\"@type\":\"ListItem\",\"position\":3,\"name\":\"Emlid RS4 Pro Rover Kit\"}]},{\"@type\":\"WebSite\",\"@id\":\"https:\/\/www.ghostysky.com\/#website\",\"url\":\"https:\/\/www.ghostysky.com\/\",\"name\":\"Ghostysky\",\"description\":\"Delivering professional drones and services\",\"publisher\":{\"@id\":\"https:\/\/www.ghostysky.com\/#organization\"},\"potentialAction\":[{\"@type\":\"SearchAction\",\"target\":{\"@type\":\"EntryPoint\",\"urlTemplate\":\"https:\/\/www.ghostysky.com\/?s={search_term_string}\"},\"query-input\":{\"@type\":\"PropertyValueSpecification\",\"valueRequired\":true,\"valueName\":\"search_term_string\"}}],\"inLanguage\":\"es\"},{\"@type\":\"Organization\",\"@id\":\"https:\/\/www.ghostysky.com\/#organization\",\"name\":\"Ghostysky\",\"url\":\"https:\/\/www.ghostysky.com\/\",\"logo\":{\"@type\":\"ImageObject\",\"inLanguage\":\"es\",\"@id\":\"https:\/\/www.ghostysky.com\/#\/schema\/logo\/image\/\",\"url\":\"https:\/\/www.ghostysky.com\/wp-content\/uploads\/2020\/06\/cropped-ghostyskylogo_text_white2.png\",\"contentUrl\":\"https:\/\/www.ghostysky.com\/wp-content\/uploads\/2020\/06\/cropped-ghostyskylogo_text_white2.png\",\"width\":169,\"height\":56,\"caption\":\"Ghostysky\"},\"image\":{\"@id\":\"https:\/\/www.ghostysky.com\/#\/schema\/logo\/image\/\"},\"sameAs\":[\"https:\/\/www.facebook.com\/people\/Ghostysky\/100057676170234\/\",\"https:\/\/x.com\/Gh0stysky\",\"https:\/\/www.linkedin.com\/company\/34739653\",\"https:\/\/www.instagram.com\/gh0stysky\"]}]}<\/script>\n<!-- \/ Yoast SEO plugin. -->","yoast_head_json":{"title":"Kit Emlid RS4 Pro Rover - Ghostysky","description":"El kit Emlid Reach RS4 Pro Rover es una soluci\u00f3n de receptor GNSS cinem\u00e1tico en tiempo real (RTK) multibanda de \u00faltima generaci\u00f3n, dise\u00f1ada para ofrecer precisi\u00f3n centim\u00e9trica en una amplia gama de aplicaciones profesionales, como topograf\u00eda, construcci\u00f3n, recopilaci\u00f3n de datos SIG y cartograf\u00eda con drones. Este kit incluye todos los accesorios para una soluci\u00f3n completa de rover.","robots":{"index":"index","follow":"follow","max-snippet":"max-snippet:-1","max-image-preview":"max-image-preview:large","max-video-preview":"max-video-preview:-1"},"canonical":"https:\/\/www.ghostysky.com\/es\/producto-2\/emlid-rs4-pro-rover-kit-2\/","og_locale":"es_ES","og_type":"article","og_title":"Emlid RS4 Pro Rover Kit - Ghostysky","og_description":"The Emlid Reach RS4 Pro Rover Kit is a state-of-the-art, multi-band Real-Time Kinematic (RTK) GNSS receiver solution designed to bring centimeter-level accuracy to a wide range of professional applications, including surveying, construction, GIS data collection, and drone mapping. This kit includes all accessories for a compete rover solution.","og_url":"https:\/\/www.ghostysky.com\/es\/producto-2\/emlid-rs4-pro-rover-kit-2\/","og_site_name":"Ghostysky","article_publisher":"https:\/\/www.facebook.com\/people\/Ghostysky\/100057676170234\/","article_modified_time":"2026-03-02T14:58:50+00:00","og_image":[{"width":496,"height":350,"url":"https:\/\/www.ghostysky.com\/wp-content\/uploads\/2025\/10\/GH_Emlid-RS4ProKit_2.webp","type":"image\/webp"}],"twitter_card":"summary_large_image","twitter_site":"@Gh0stysky","twitter_misc":{"Tiempo de lectura":"1 minuto"},"schema":{"@context":"https:\/\/schema.org","@graph":[{"@type":"WebPage","@id":"https:\/\/www.ghostysky.com\/product\/emlid-rs4-pro-rover-kit-2\/","url":"https:\/\/www.ghostysky.com\/product\/emlid-rs4-pro-rover-kit-2\/","name":"Kit Emlid RS4 Pro Rover - Ghostysky","isPartOf":{"@id":"https:\/\/www.ghostysky.com\/#website"},"primaryImageOfPage":{"@id":"https:\/\/www.ghostysky.com\/product\/emlid-rs4-pro-rover-kit-2\/#primaryimage"},"image":{"@id":"https:\/\/www.ghostysky.com\/product\/emlid-rs4-pro-rover-kit-2\/#primaryimage"},"thumbnailUrl":"https:\/\/www.ghostysky.com\/wp-content\/uploads\/2025\/10\/GH_Emlid-RS4ProKit_2.webp","datePublished":"2025-10-24T07:15:39+00:00","dateModified":"2026-03-02T14:58:50+00:00","description":"El kit Emlid Reach RS4 Pro Rover es una soluci\u00f3n de receptor GNSS cinem\u00e1tico en tiempo real (RTK) multibanda de \u00faltima generaci\u00f3n, dise\u00f1ada para ofrecer precisi\u00f3n centim\u00e9trica en una amplia gama de aplicaciones profesionales, como topograf\u00eda, construcci\u00f3n, recopilaci\u00f3n de datos SIG y cartograf\u00eda con drones. Este kit incluye todos los accesorios para una soluci\u00f3n completa de rover.","breadcrumb":{"@id":"https:\/\/www.ghostysky.com\/product\/emlid-rs4-pro-rover-kit-2\/#breadcrumb"},"inLanguage":"es","potentialAction":[{"@type":"ReadAction","target":["https:\/\/www.ghostysky.com\/product\/emlid-rs4-pro-rover-kit-2\/"]}]},{"@type":"ImageObject","inLanguage":"es","@id":"https:\/\/www.ghostysky.com\/product\/emlid-rs4-pro-rover-kit-2\/#primaryimage","url":"https:\/\/www.ghostysky.com\/wp-content\/uploads\/2025\/10\/GH_Emlid-RS4ProKit_2.webp","contentUrl":"https:\/\/www.ghostysky.com\/wp-content\/uploads\/2025\/10\/GH_Emlid-RS4ProKit_2.webp","width":496,"height":350},{"@type":"BreadcrumbList","@id":"https:\/\/www.ghostysky.com\/product\/emlid-rs4-pro-rover-kit-2\/#breadcrumb","itemListElement":[{"@type":"ListItem","position":1,"name":"Home","item":"https:\/\/www.ghostysky.com\/"},{"@type":"ListItem","position":2,"name":"Shop","item":"https:\/\/www.ghostysky.com\/shop\/"},{"@type":"ListItem","position":3,"name":"Emlid RS4 Pro Rover Kit"}]},{"@type":"WebSite","@id":"https:\/\/www.ghostysky.com\/#website","url":"https:\/\/www.ghostysky.com\/","name":"Ghostysky","description":"Entrega de drones y servicios profesionales","publisher":{"@id":"https:\/\/www.ghostysky.com\/#organization"},"potentialAction":[{"@type":"SearchAction","target":{"@type":"EntryPoint","urlTemplate":"https:\/\/www.ghostysky.com\/?s={search_term_string}"},"query-input":{"@type":"PropertyValueSpecification","valueRequired":true,"valueName":"search_term_string"}}],"inLanguage":"es"},{"@type":"Organization","@id":"https:\/\/www.ghostysky.com\/#organization","name":"Ghostysky","url":"https:\/\/www.ghostysky.com\/","logo":{"@type":"ImageObject","inLanguage":"es","@id":"https:\/\/www.ghostysky.com\/#\/schema\/logo\/image\/","url":"https:\/\/www.ghostysky.com\/wp-content\/uploads\/2020\/06\/cropped-ghostyskylogo_text_white2.png","contentUrl":"https:\/\/www.ghostysky.com\/wp-content\/uploads\/2020\/06\/cropped-ghostyskylogo_text_white2.png","width":169,"height":56,"caption":"Ghostysky"},"image":{"@id":"https:\/\/www.ghostysky.com\/#\/schema\/logo\/image\/"},"sameAs":["https:\/\/www.facebook.com\/people\/Ghostysky\/100057676170234\/","https:\/\/x.com\/Gh0stysky","https:\/\/www.linkedin.com\/company\/34739653","https:\/\/www.instagram.com\/gh0stysky"]}]}},"_links":{"self":[{"href":"https:\/\/www.ghostysky.com\/es\/wp-json\/wp\/v2\/product\/22375","targetHints":{"allow":["GET"]}}],"collection":[{"href":"https:\/\/www.ghostysky.com\/es\/wp-json\/wp\/v2\/product"}],"about":[{"href":"https:\/\/www.ghostysky.com\/es\/wp-json\/wp\/v2\/types\/product"}],"replies":[{"embeddable":true,"href":"https:\/\/www.ghostysky.com\/es\/wp-json\/wp\/v2\/comments?post=22375"}],"wp:featuredmedia":[{"embeddable":true,"href":"https:\/\/www.ghostysky.com\/es\/wp-json\/wp\/v2\/media\/22450"}],"wp:attachment":[{"href":"https:\/\/www.ghostysky.com\/es\/wp-json\/wp\/v2\/media?parent=22375"}],"wp:term":[{"taxonomy":"product_brand","embeddable":true,"href":"https:\/\/www.ghostysky.com\/es\/wp-json\/wp\/v2\/product_brand?post=22375"},{"taxonomy":"product_cat","embeddable":true,"href":"https:\/\/www.ghostysky.com\/es\/wp-json\/wp\/v2\/product_cat?post=22375"},{"taxonomy":"product_tag","embeddable":true,"href":"https:\/\/www.ghostysky.com\/es\/wp-json\/wp\/v2\/product_tag?post=22375"}],"curies":[{"name":"wp","href":"https:\/\/api.w.org\/{rel}","templated":true}]}}