{"id":22436,"date":"2025-10-24T13:33:41","date_gmt":"2025-10-24T13:33:41","guid":{"rendered":"https:\/\/www.ghostysky.com\/?post_type=product&#038;p=22436"},"modified":"2026-03-04T15:57:20","modified_gmt":"2026-03-04T15:57:20","slug":"hexmove-echo-std","status":"publish","type":"product","link":"https:\/\/www.ghostysky.com\/es\/product\/hexmove-echo-std\/","title":{"rendered":"Hexmove ECHO STD"},"content":{"rendered":"<h4><b>Key Features and Specifications<\/b><\/h4>\n<ul>\n<li><b><span class=\"citation-124\">Design Focus:<\/span><\/b><span class=\"citation-124 citation-end-124\"> Exploratory level robot chassis, strong scalability, high engine power, and cost-effectiveness.<\/span><\/li>\n<li><b><span class=\"citation-123\">Application:<\/span><\/b><span class=\"citation-123 citation-end-123\"> Suitable for secondary development of indoor and outdoor mobile tasks.<\/span><\/li>\n<li><b>Payload:<\/b><span class=\"citation-122\"> Rated load of <\/span><b><span class=\"citation-122\">80 kg<\/span><\/b><span class=\"citation-122 citation-end-122\">.<\/span><\/li>\n<li><b>Speed:<\/b><span class=\"citation-121\"> Maximum speed of <\/span><b><span class=\"citation-121\">1.5 m\/s<\/span><\/b><span class=\"citation-121 citation-end-121\">.<\/span><\/li>\n<li><b><span class=\"citation-120\">Drive Mode:<\/span><\/b> <b><span class=\"citation-120\">2-wheel drive<\/span><\/b><span class=\"citation-120 citation-end-120\"> (differential steering).<\/span> The general ECHO model is described as a four-wheel drive for indoor\/shallow outdoor terrain, but the STD version specifically mentions 2-wheel drive.<\/li>\n<li><b><span class=\"citation-119\">Battery:<\/span><\/b> <b><span class=\"citation-119\">24 V \/ 10 Ah<\/span><\/b><span class=\"citation-119 citation-end-119\">.<\/span><\/li>\n<li><b><span class=\"citation-118\">Runtime:<\/span><\/b><span class=\"citation-118\"> Approximately <\/span><b><span class=\"citation-118\">8 \u2013 10 hours<\/span><\/b><span class=\"citation-118 citation-end-118\"> (for the general ECHO model).<\/span><\/li>\n<li><b><span class=\"citation-117\">Communication:<\/span><\/b> <b><span class=\"citation-117\">CAN bus<\/span><\/b><span class=\"citation-117 citation-end-117\">.<\/span><\/li>\n<li><b>Dimensions (L x W x H):<\/b><span class=\"citation-116\"> Approximately <\/span><b><span class=\"citation-116\">370 \u00d7 380 \u00d7 140 mm<\/span><\/b><span class=\"citation-116 citation-end-116\"> (for the general ECHO model).<\/span><\/li>\n<\/ul>\n<p>It serves as a robust foundation for Artificial Intelligence (AI) and research projects, offering a reliable mobile base for developers to integrate sensors, actuators, and custom software.<\/p>\n<p><b><span class=\"citation-115\">Includes (Typically):<\/span><\/b><span class=\"citation-115 citation-end-115\"> Robot chassis, battery charger, aviation plug adapter cable (4pin).<\/span> <span class=\"citation-114 citation-end-114\">Wireless remote control and toolbox are often optional accessories.<\/span><\/p>\n<h4><strong>SPECIFICATIONS<\/strong><\/h4>\n<table border=\"0\">\n<tbody>\n<tr>\n<td><strong>Model<\/strong><\/td>\n<td><strong>Echo Ed<\/strong><\/td>\n<\/tr>\n<tr>\n<td>Dimensions L x W x H<\/td>\n<td>370 \u00d7 380 \u00d7 140 mm<\/td>\n<\/tr>\n<tr>\n<td>Turning radius<\/td>\n<td>295 mm<\/td>\n<\/tr>\n<tr>\n<td>Ground clearance<\/td>\n<td>35 mm<\/td>\n<\/tr>\n<tr>\n<td>Weight<\/td>\n<td>13 kg<\/td>\n<\/tr>\n<tr>\n<td>Payload<\/td>\n<td>30 kg<\/td>\n<\/tr>\n<tr>\n<td>Speed<\/td>\n<td>2 m\/s<\/td>\n<\/tr>\n<tr>\n<td>Max slope<\/td>\n<td>5\u00b0<\/td>\n<\/tr>\n<tr>\n<td>Max obstacle height (unloaded)<\/td>\n<td>10 mm<\/td>\n<\/tr>\n<tr>\n<td>Steering<\/td>\n<td>2 differential wheels,<br \/>\n2 following wheels<\/td>\n<\/tr>\n<tr>\n<td>Runtime [1]<\/td>\n<td>3 \u2013 5 h<\/td>\n<\/tr>\n<tr>\n<td>Motors<\/td>\n<td>2 \u00d7 100 W<\/td>\n<\/tr>\n<tr>\n<td>Encoder<\/td>\n<td>4096<\/td>\n<\/tr>\n<tr>\n<td>Batteries<\/td>\n<td>24 V \/ 5 Ah<\/td>\n<\/tr>\n<tr>\n<td>Time to charge<\/td>\n<td>3 h<\/td>\n<\/tr>\n<tr>\n<td>Interface<\/td>\n<td>CAN<\/td>\n<\/tr>\n<tr>\n<td>Ingress protection<\/td>\n<td>IP22<\/td>\n<\/tr>\n<tr>\n<td>Operating temperature<\/td>\n<td>0 \u00b0C to 40 \u00b0C<\/td>\n<\/tr>\n<\/tbody>\n<\/table>\n<p>[1] The runtime is strongly influenced by the working conditions. Errors and technical modification subject to change.<\/p>\n<p>&nbsp;<\/p>\n","protected":false},"excerpt":{"rendered":"<p>El Hexmove ECHO STD es un chasis de robot m\u00f3vil de nivel exploratorio, dise\u00f1ado para ser una plataforma rentable y altamente escalable adecuada para el desarrollo secundario en tareas m\u00f3viles en interiores y exteriores.<\/p>","protected":false},"featured_media":22387,"comment_status":"open","ping_status":"closed","template":"","meta":[],"product_brand":[1193],"product_cat":[1042,1190,1191,1037],"product_tag":[1194,1196,1199],"class_list":{"0":"post-22436","1":"product","2":"type-product","3":"status-publish","4":"has-post-thumbnail","6":"product_brand-hexmove","7":"product_cat-chassis","8":"product_cat-hexmove","9":"product_cat-hexmove-chassis","10":"product_cat-robotics","11":"product_tag-hexmove","12":"product_tag-hexmove-chassis","13":"product_tag-hexmove-echo-std","15":"first","16":"onbackorder","17":"taxable","18":"shipping-taxable","19":"product-type-simple"},"yoast_head":"<!-- This site is optimized with the Yoast SEO plugin v27.1.1 - https:\/\/yoast.com\/product\/yoast-seo-wordpress\/ -->\n<title>Hexmove ECHO STD - Ghostysky<\/title>\n<meta name=\"description\" content=\"The Hexmove ECHO STD is an exploratory level mobile robot chassis, designed to be a cost-effective and highly scalable platform suitable for secondary development in indoor and outdoor mobile tasks.\" \/>\n<meta name=\"robots\" content=\"index, follow, max-snippet:-1, max-image-preview:large, max-video-preview:-1\" \/>\n<link rel=\"canonical\" href=\"https:\/\/www.ghostysky.com\/es\/producto-2\/hexmove-echo-std\/\" \/>\n<meta property=\"og:locale\" content=\"es_ES\" \/>\n<meta property=\"og:type\" content=\"article\" \/>\n<meta property=\"og:title\" content=\"Hexmove ECHO STD - Ghostysky\" \/>\n<meta property=\"og:description\" content=\"The Hexmove ECHO STD is an exploratory level mobile robot chassis, designed to be a cost-effective and highly scalable platform suitable for secondary development in indoor and outdoor mobile tasks.\" \/>\n<meta property=\"og:url\" content=\"https:\/\/www.ghostysky.com\/es\/producto-2\/hexmove-echo-std\/\" \/>\n<meta property=\"og:site_name\" content=\"Ghostysky\" \/>\n<meta property=\"article:publisher\" content=\"https:\/\/www.facebook.com\/people\/Ghostysky\/100057676170234\/\" \/>\n<meta property=\"article:modified_time\" content=\"2026-03-04T15:57:20+00:00\" \/>\n<meta property=\"og:image\" content=\"https:\/\/www.ghostysky.com\/wp-content\/uploads\/2025\/10\/GH_ECHO-ED_1.png\" \/>\n\t<meta property=\"og:image:width\" content=\"800\" \/>\n\t<meta property=\"og:image:height\" content=\"800\" \/>\n\t<meta property=\"og:image:type\" content=\"image\/png\" \/>\n<meta name=\"twitter:card\" content=\"summary_large_image\" \/>\n<meta name=\"twitter:site\" content=\"@Gh0stysky\" \/>\n<meta name=\"twitter:label1\" content=\"Tiempo de lectura\" \/>\n\t<meta name=\"twitter:data1\" content=\"2 minutos\" \/>\n<script type=\"application\/ld+json\" class=\"yoast-schema-graph\">{\"@context\":\"https:\/\/schema.org\",\"@graph\":[{\"@type\":\"WebPage\",\"@id\":\"https:\/\/www.ghostysky.com\/product\/hexmove-echo-std\/\",\"url\":\"https:\/\/www.ghostysky.com\/product\/hexmove-echo-std\/\",\"name\":\"Hexmove ECHO STD - Ghostysky\",\"isPartOf\":{\"@id\":\"https:\/\/www.ghostysky.com\/#website\"},\"primaryImageOfPage\":{\"@id\":\"https:\/\/www.ghostysky.com\/product\/hexmove-echo-std\/#primaryimage\"},\"image\":{\"@id\":\"https:\/\/www.ghostysky.com\/product\/hexmove-echo-std\/#primaryimage\"},\"thumbnailUrl\":\"https:\/\/www.ghostysky.com\/wp-content\/uploads\/2025\/10\/GH_ECHO-ED_1.png\",\"datePublished\":\"2025-10-24T13:33:41+00:00\",\"dateModified\":\"2026-03-04T15:57:20+00:00\",\"description\":\"The Hexmove ECHO STD is an exploratory level mobile robot chassis, designed to be a cost-effective and highly scalable platform suitable for secondary development in indoor and outdoor mobile tasks.\",\"breadcrumb\":{\"@id\":\"https:\/\/www.ghostysky.com\/product\/hexmove-echo-std\/#breadcrumb\"},\"inLanguage\":\"es\",\"potentialAction\":[{\"@type\":\"ReadAction\",\"target\":[\"https:\/\/www.ghostysky.com\/product\/hexmove-echo-std\/\"]}]},{\"@type\":\"ImageObject\",\"inLanguage\":\"es\",\"@id\":\"https:\/\/www.ghostysky.com\/product\/hexmove-echo-std\/#primaryimage\",\"url\":\"https:\/\/www.ghostysky.com\/wp-content\/uploads\/2025\/10\/GH_ECHO-ED_1.png\",\"contentUrl\":\"https:\/\/www.ghostysky.com\/wp-content\/uploads\/2025\/10\/GH_ECHO-ED_1.png\",\"width\":800,\"height\":800},{\"@type\":\"BreadcrumbList\",\"@id\":\"https:\/\/www.ghostysky.com\/product\/hexmove-echo-std\/#breadcrumb\",\"itemListElement\":[{\"@type\":\"ListItem\",\"position\":1,\"name\":\"Home\",\"item\":\"https:\/\/www.ghostysky.com\/\"},{\"@type\":\"ListItem\",\"position\":2,\"name\":\"Shop\",\"item\":\"https:\/\/www.ghostysky.com\/shop\/\"},{\"@type\":\"ListItem\",\"position\":3,\"name\":\"Hexmove ECHO STD\"}]},{\"@type\":\"WebSite\",\"@id\":\"https:\/\/www.ghostysky.com\/#website\",\"url\":\"https:\/\/www.ghostysky.com\/\",\"name\":\"Ghostysky\",\"description\":\"Delivering professional drones and services\",\"publisher\":{\"@id\":\"https:\/\/www.ghostysky.com\/#organization\"},\"potentialAction\":[{\"@type\":\"SearchAction\",\"target\":{\"@type\":\"EntryPoint\",\"urlTemplate\":\"https:\/\/www.ghostysky.com\/?s={search_term_string}\"},\"query-input\":{\"@type\":\"PropertyValueSpecification\",\"valueRequired\":true,\"valueName\":\"search_term_string\"}}],\"inLanguage\":\"es\"},{\"@type\":\"Organization\",\"@id\":\"https:\/\/www.ghostysky.com\/#organization\",\"name\":\"Ghostysky\",\"url\":\"https:\/\/www.ghostysky.com\/\",\"logo\":{\"@type\":\"ImageObject\",\"inLanguage\":\"es\",\"@id\":\"https:\/\/www.ghostysky.com\/#\/schema\/logo\/image\/\",\"url\":\"https:\/\/www.ghostysky.com\/wp-content\/uploads\/2020\/06\/cropped-ghostyskylogo_text_white2.png\",\"contentUrl\":\"https:\/\/www.ghostysky.com\/wp-content\/uploads\/2020\/06\/cropped-ghostyskylogo_text_white2.png\",\"width\":169,\"height\":56,\"caption\":\"Ghostysky\"},\"image\":{\"@id\":\"https:\/\/www.ghostysky.com\/#\/schema\/logo\/image\/\"},\"sameAs\":[\"https:\/\/www.facebook.com\/people\/Ghostysky\/100057676170234\/\",\"https:\/\/x.com\/Gh0stysky\",\"https:\/\/www.linkedin.com\/company\/34739653\",\"https:\/\/www.instagram.com\/gh0stysky\"]}]}<\/script>\n<!-- \/ Yoast SEO plugin. -->","yoast_head_json":{"title":"Hexmove ECHO STD - Ghostysky","description":"El Hexmove ECHO STD es un chasis de robot m\u00f3vil de nivel exploratorio, dise\u00f1ado para ser una plataforma rentable y altamente escalable adecuada para el desarrollo secundario en tareas m\u00f3viles en interiores y exteriores.","robots":{"index":"index","follow":"follow","max-snippet":"max-snippet:-1","max-image-preview":"max-image-preview:large","max-video-preview":"max-video-preview:-1"},"canonical":"https:\/\/www.ghostysky.com\/es\/producto-2\/hexmove-echo-std\/","og_locale":"es_ES","og_type":"article","og_title":"Hexmove ECHO STD - Ghostysky","og_description":"The Hexmove ECHO STD is an exploratory level mobile robot chassis, designed to be a cost-effective and highly scalable platform suitable for secondary development in indoor and outdoor mobile tasks.","og_url":"https:\/\/www.ghostysky.com\/es\/producto-2\/hexmove-echo-std\/","og_site_name":"Ghostysky","article_publisher":"https:\/\/www.facebook.com\/people\/Ghostysky\/100057676170234\/","article_modified_time":"2026-03-04T15:57:20+00:00","og_image":[{"width":800,"height":800,"url":"https:\/\/www.ghostysky.com\/wp-content\/uploads\/2025\/10\/GH_ECHO-ED_1.png","type":"image\/png"}],"twitter_card":"summary_large_image","twitter_site":"@Gh0stysky","twitter_misc":{"Tiempo de lectura":"2 minutos"},"schema":{"@context":"https:\/\/schema.org","@graph":[{"@type":"WebPage","@id":"https:\/\/www.ghostysky.com\/product\/hexmove-echo-std\/","url":"https:\/\/www.ghostysky.com\/product\/hexmove-echo-std\/","name":"Hexmove ECHO STD - Ghostysky","isPartOf":{"@id":"https:\/\/www.ghostysky.com\/#website"},"primaryImageOfPage":{"@id":"https:\/\/www.ghostysky.com\/product\/hexmove-echo-std\/#primaryimage"},"image":{"@id":"https:\/\/www.ghostysky.com\/product\/hexmove-echo-std\/#primaryimage"},"thumbnailUrl":"https:\/\/www.ghostysky.com\/wp-content\/uploads\/2025\/10\/GH_ECHO-ED_1.png","datePublished":"2025-10-24T13:33:41+00:00","dateModified":"2026-03-04T15:57:20+00:00","description":"El Hexmove ECHO STD es un chasis de robot m\u00f3vil de nivel exploratorio, dise\u00f1ado para ser una plataforma rentable y altamente escalable adecuada para el desarrollo secundario en tareas m\u00f3viles en interiores y exteriores.","breadcrumb":{"@id":"https:\/\/www.ghostysky.com\/product\/hexmove-echo-std\/#breadcrumb"},"inLanguage":"es","potentialAction":[{"@type":"ReadAction","target":["https:\/\/www.ghostysky.com\/product\/hexmove-echo-std\/"]}]},{"@type":"ImageObject","inLanguage":"es","@id":"https:\/\/www.ghostysky.com\/product\/hexmove-echo-std\/#primaryimage","url":"https:\/\/www.ghostysky.com\/wp-content\/uploads\/2025\/10\/GH_ECHO-ED_1.png","contentUrl":"https:\/\/www.ghostysky.com\/wp-content\/uploads\/2025\/10\/GH_ECHO-ED_1.png","width":800,"height":800},{"@type":"BreadcrumbList","@id":"https:\/\/www.ghostysky.com\/product\/hexmove-echo-std\/#breadcrumb","itemListElement":[{"@type":"ListItem","position":1,"name":"Home","item":"https:\/\/www.ghostysky.com\/"},{"@type":"ListItem","position":2,"name":"Shop","item":"https:\/\/www.ghostysky.com\/shop\/"},{"@type":"ListItem","position":3,"name":"Hexmove ECHO STD"}]},{"@type":"WebSite","@id":"https:\/\/www.ghostysky.com\/#website","url":"https:\/\/www.ghostysky.com\/","name":"Ghostysky","description":"Entrega de drones y servicios profesionales","publisher":{"@id":"https:\/\/www.ghostysky.com\/#organization"},"potentialAction":[{"@type":"SearchAction","target":{"@type":"EntryPoint","urlTemplate":"https:\/\/www.ghostysky.com\/?s={search_term_string}"},"query-input":{"@type":"PropertyValueSpecification","valueRequired":true,"valueName":"search_term_string"}}],"inLanguage":"es"},{"@type":"Organization","@id":"https:\/\/www.ghostysky.com\/#organization","name":"Ghostysky","url":"https:\/\/www.ghostysky.com\/","logo":{"@type":"ImageObject","inLanguage":"es","@id":"https:\/\/www.ghostysky.com\/#\/schema\/logo\/image\/","url":"https:\/\/www.ghostysky.com\/wp-content\/uploads\/2020\/06\/cropped-ghostyskylogo_text_white2.png","contentUrl":"https:\/\/www.ghostysky.com\/wp-content\/uploads\/2020\/06\/cropped-ghostyskylogo_text_white2.png","width":169,"height":56,"caption":"Ghostysky"},"image":{"@id":"https:\/\/www.ghostysky.com\/#\/schema\/logo\/image\/"},"sameAs":["https:\/\/www.facebook.com\/people\/Ghostysky\/100057676170234\/","https:\/\/x.com\/Gh0stysky","https:\/\/www.linkedin.com\/company\/34739653","https:\/\/www.instagram.com\/gh0stysky"]}]}},"_links":{"self":[{"href":"https:\/\/www.ghostysky.com\/es\/wp-json\/wp\/v2\/product\/22436","targetHints":{"allow":["GET"]}}],"collection":[{"href":"https:\/\/www.ghostysky.com\/es\/wp-json\/wp\/v2\/product"}],"about":[{"href":"https:\/\/www.ghostysky.com\/es\/wp-json\/wp\/v2\/types\/product"}],"replies":[{"embeddable":true,"href":"https:\/\/www.ghostysky.com\/es\/wp-json\/wp\/v2\/comments?post=22436"}],"wp:featuredmedia":[{"embeddable":true,"href":"https:\/\/www.ghostysky.com\/es\/wp-json\/wp\/v2\/media\/22387"}],"wp:attachment":[{"href":"https:\/\/www.ghostysky.com\/es\/wp-json\/wp\/v2\/media?parent=22436"}],"wp:term":[{"taxonomy":"product_brand","embeddable":true,"href":"https:\/\/www.ghostysky.com\/es\/wp-json\/wp\/v2\/product_brand?post=22436"},{"taxonomy":"product_cat","embeddable":true,"href":"https:\/\/www.ghostysky.com\/es\/wp-json\/wp\/v2\/product_cat?post=22436"},{"taxonomy":"product_tag","embeddable":true,"href":"https:\/\/www.ghostysky.com\/es\/wp-json\/wp\/v2\/product_tag?post=22436"}],"curies":[{"name":"wp","href":"https:\/\/api.w.org\/{rel}","templated":true}]}}