{"id":22443,"date":"2025-10-24T14:17:58","date_gmt":"2025-10-24T14:17:58","guid":{"rendered":"https:\/\/www.ghostysky.com\/?post_type=product&#038;p=22443"},"modified":"2026-03-04T15:57:50","modified_gmt":"2026-03-04T15:57:50","slug":"hexmove-neos","status":"publish","type":"product","link":"https:\/\/www.ghostysky.com\/es\/product\/hexmove-neos\/","title":{"rendered":"Hexmove NEOS"},"content":{"rendered":"<div id=\"model-response-message-contentr_50b42b9610f4820b\" class=\"markdown markdown-main-panel stronger enable-updated-hr-color\" dir=\"ltr\">\n<h4><b>Key Features and Applications<\/b><\/h4>\n<ul>\n<li><b>Outdoor Performance:<\/b><span class=\"citation-185 citation-end-185\"> Specifically designed for various outdoor terrains, including urban roads, gravel, and asphalt.<\/span> <span class=\"citation-184 citation-end-184\">It can handle a maximum slope of <\/span><span class=\"math-inline\" data-math=\"10^{\\circ}\"><span class=\"katex\"><span class=\"katex-html\" aria-hidden=\"true\"><span class=\"base\"><span class=\"mord\">1<\/span><span class=\"mord\">0<span class=\"msupsub\"><span class=\"vlist-t\"><span class=\"vlist-r\"><span class=\"vlist\"><span class=\"\"><span class=\"sizing reset-size6 size3 mtight\"><span class=\"mord mtight\">\u2218<\/span><\/span><\/span><\/span><\/span><\/span><\/span><\/span><\/span><\/span><\/span><\/span><span class=\"citation-183 citation-end-183\"> and obstacles up to <\/span><span class=\"math-inline\" data-math=\"100\\text{ mm}\"><span class=\"katex\"><span class=\"katex-html\" aria-hidden=\"true\"><span class=\"base\"><span class=\"mord\">100<\/span><span class=\"mord text\"><span class=\"mord\">\u00a0mm<\/span><\/span><\/span><\/span><\/span><\/span><span class=\"citation-182 citation-end-182\"> (unloaded).<\/span><\/li>\n<li><b><span class=\"citation-181\">High Payload Capacity:<\/span><\/b><span class=\"citation-181 citation-end-181\"> Capable of carrying a useful load of up to <\/span><b><span class=\"math-inline\" data-math=\"50\\text{ kg}\"><span class=\"katex\"><span class=\"katex-html\" aria-hidden=\"true\"><span class=\"base\"><span class=\"mord\">50<\/span><span class=\"mord text\"><span class=\"mord\">\u00a0kg<\/span><\/span><\/span><\/span><\/span><\/span><\/b><span class=\"citation-180 citation-end-180\"> (<\/span><span class=\"math-inline\" data-math=\"10^{\\circ}\"><span class=\"katex\"><span class=\"katex-html\" aria-hidden=\"true\"><span class=\"base\"><span class=\"mord\">1<\/span><span class=\"mord\">0<span class=\"msupsub\"><span class=\"vlist-t\"><span class=\"vlist-r\"><span class=\"vlist\"><span class=\"\"><span class=\"sizing reset-size6 size3 mtight\"><span class=\"mord mtight\">\u2218<\/span><\/span><\/span><\/span><\/span><\/span><\/span><\/span><\/span><\/span><\/span><\/span><span class=\"citation-179 citation-end-179\"> slope) or <\/span><b><span class=\"math-inline\" data-math=\"80\\text{ kg}\"><span class=\"katex\"><span class=\"katex-html\" aria-hidden=\"true\"><span class=\"base\"><span class=\"mord\">80<\/span><span class=\"mord text\"><span class=\"mord\">\u00a0kg<\/span><\/span><\/span><\/span><\/span><\/span><\/b><span class=\"citation-178 citation-end-178\"> (<\/span><span class=\"math-inline\" data-math=\"5^{\\circ}\"><span class=\"katex\"><span class=\"katex-html\" aria-hidden=\"true\"><span class=\"base\"><span class=\"mord\">5<span class=\"msupsub\"><span class=\"vlist-t\"><span class=\"vlist-r\"><span class=\"vlist\"><span class=\"\"><span class=\"sizing reset-size6 size3 mtight\"><span class=\"mord mtight\">\u2218<\/span><\/span><\/span><\/span><\/span><\/span><\/span><\/span><\/span><\/span><\/span><\/span><span class=\"citation-177 citation-end-177\"> slope), making it suitable for mounting various modules and sensors.<\/span><\/li>\n<li><b><span class=\"citation-176\">Versatile Development Platform:<\/span><\/b><span class=\"citation-176\"> An ideal foundation for developing and deploying applications such as <\/span><b><span class=\"citation-176\">outdoor distribution, inspection, unmanned driving, and remote driving<\/span><\/b><span class=\"citation-176 citation-end-176\">.<\/span> It is designed to be quickly equipped with various modules to build specific functions.<\/li>\n<li><b>Technical Specifications:<\/b>\n<ul>\n<li><b>Steering:<\/b><span class=\"citation-175 citation-end-175\"> Ackermann structure<\/span><\/li>\n<li><b><span class=\"citation-174\">Maximum Speed:<\/span><\/b> <span class=\"math-inline\" data-math=\"20\\text{ km\/h}\"><span class=\"katex\"><span class=\"katex-html\" aria-hidden=\"true\"><span class=\"base\"><span class=\"mord\">20<\/span><span class=\"mord text\"><span class=\"mord\">\u00a0km\/h<\/span><\/span><\/span><\/span><\/span><\/span><\/li>\n<li><b><span class=\"citation-173 citation-end-173\">Dimensions (L <\/span><span class=\"math-inline\" data-math=\"\\times\"><span class=\"katex\"><span class=\"katex-html\" aria-hidden=\"true\"><span class=\"base\"><span class=\"mord\">\u00d7<\/span><\/span><\/span><\/span><\/span><span class=\"citation-172 citation-end-172\"> W <\/span><span class=\"math-inline\" data-math=\"\\times\"><span class=\"katex\"><span class=\"katex-html\" aria-hidden=\"true\"><span class=\"base\"><span class=\"mord\">\u00d7<\/span><\/span><\/span><\/span><\/span><span class=\"citation-171\"> H):<\/span><\/b> <span class=\"math-inline\" data-math=\"840 \\times 626 \\times 338\\text{ mm}\"><span class=\"katex\"><span class=\"katex-html\" aria-hidden=\"true\"><span class=\"base\"><span class=\"mord\">840<\/span><span class=\"mbin\">\u00d7<\/span><\/span><span class=\"base\"><span class=\"mord\">626<\/span><span class=\"mbin\">\u00d7<\/span><\/span><span class=\"base\"><span class=\"mord\">338<\/span><span class=\"mord text\"><span class=\"mord\">\u00a0mm<\/span><\/span><\/span><\/span><\/span><\/span><\/li>\n<li><b>Runtime:<\/b> <span class=\"math-inline\" data-math=\"5-8\\text{ hours}\"><span class=\"katex\"><span class=\"katex-html\" aria-hidden=\"true\"><span class=\"base\"><span class=\"mord\">5<\/span><span class=\"mbin\">\u2212<\/span><\/span><span class=\"base\"><span class=\"mord\">8<\/span><span class=\"mord text\"><span class=\"mord\">\u00a0hours<\/span><\/span><\/span><\/span><\/span><\/span><\/li>\n<li><b><span class=\"citation-170\">Communication:<\/span><\/b><span class=\"citation-170 citation-end-170\"> CAN bus (USB optional)<\/span>\n<div class=\"source-inline-chip-container ng-star-inserted\"><\/div>\n<\/li>\n<\/ul>\n<\/li>\n<\/ul>\n<p>The Hexmove NEOS provides a reliable, high-speed, and durable platform for advanced robotic development and deployment in demanding environments.<\/p>\n<\/div>\n<h4><strong>SPECIFICATIONS<\/strong><\/h4>\n<table border=\"0\">\n<tbody>\n<tr>\n<td><strong>Model<\/strong><\/td>\n<td><strong>Neos<\/strong><\/td>\n<\/tr>\n<tr>\n<td>Dimensions L x W x H<\/td>\n<td>840 \u00d7 626 \u00d7 338 mm<\/td>\n<\/tr>\n<tr>\n<td>Turning radius<\/td>\n<td>1.34 m<\/td>\n<\/tr>\n<tr>\n<td>Ground clearance<\/td>\n<td>135 mm<\/td>\n<\/tr>\n<tr>\n<td>Weight<\/td>\n<td>47 kg<\/td>\n<\/tr>\n<tr>\n<td>Payload<\/td>\n<td>50 kg (10\u00b0) \/ 80 kg (5\u00b0)<\/td>\n<\/tr>\n<tr>\n<td>Speed<\/td>\n<td>20 km\/h<\/td>\n<\/tr>\n<tr>\n<td>Max slope<\/td>\n<td>10\u00b0<\/td>\n<\/tr>\n<tr>\n<td>Max obstacle height<\/td>\n<td>100 mm (unloaded)<\/td>\n<\/tr>\n<tr>\n<td>Steering<\/td>\n<td>Ackermann<\/td>\n<\/tr>\n<tr>\n<td>Runtime [1]<\/td>\n<td>5 \u2013 8 h<\/td>\n<\/tr>\n<tr>\n<td>Motors<\/td>\n<td>2 \u00d7 350 W<\/td>\n<\/tr>\n<tr>\n<td>Encoder<\/td>\n<td>4096<\/td>\n<\/tr>\n<tr>\n<td>Batteries<\/td>\n<td>48 V \/ 15 Ah<\/td>\n<\/tr>\n<tr>\n<td>Time to charge<\/td>\n<td>3.5 h<\/td>\n<\/tr>\n<tr>\n<td>Interface<\/td>\n<td>CAN (USB optional)<\/td>\n<\/tr>\n<tr>\n<td>Ingress protection<\/td>\n<td>IP42 (IP65 optional)<\/td>\n<\/tr>\n<tr>\n<td>Operating temperature<\/td>\n<td>0 \u00b0C to 40 \u00b0C<\/td>\n<\/tr>\n<\/tbody>\n<\/table>\n<p>[1] The runtime is strongly influenced by the working conditions. Errors and technical modification subject to change.<\/p>\n<p><a href=\"https:\/\/www.ghostysky.com\/wp-content\/uploads\/2025\/10\/GH_NEOS_99_3.png\"><img fetchpriority=\"high\" decoding=\"async\" class=\"alignnone size-medium wp-image-22444 lazyload\" src=\"data:image\/gif;base64,R0lGODlhAQABAAAAACH5BAEKAAEALAAAAAABAAEAAAICTAEAOw==\" alt=\"\" width=\"300\" height=\"190\" sizes=\"(max-width: 300px) 100vw, 300px\" data-src=\"https:\/\/www.ghostysky.com\/wp-content\/uploads\/2025\/10\/GH_NEOS_99_3-300x190.png\" data-srcset=\"https:\/\/www.ghostysky.com\/wp-content\/uploads\/2025\/10\/GH_NEOS_99_3-300x190.png 300w, https:\/\/www.ghostysky.com\/wp-content\/uploads\/2025\/10\/GH_NEOS_99_3-1024x650.png 1024w, https:\/\/www.ghostysky.com\/wp-content\/uploads\/2025\/10\/GH_NEOS_99_3-768x488.png 768w, https:\/\/www.ghostysky.com\/wp-content\/uploads\/2025\/10\/GH_NEOS_99_3-18x12.png 18w, https:\/\/www.ghostysky.com\/wp-content\/uploads\/2025\/10\/GH_NEOS_99_3-720x457.png 720w, https:\/\/www.ghostysky.com\/wp-content\/uploads\/2025\/10\/GH_NEOS_99_3-600x381.png 600w, https:\/\/www.ghostysky.com\/wp-content\/uploads\/2025\/10\/GH_NEOS_99_3.png 1260w\"><\/a> <a href=\"https:\/\/www.ghostysky.com\/wp-content\/uploads\/2025\/10\/GH_NEOS_99_2.png\"><img decoding=\"async\" class=\"alignnone size-medium wp-image-22445 lazyload\" src=\"data:image\/gif;base64,R0lGODlhAQABAAAAACH5BAEKAAEALAAAAAABAAEAAAICTAEAOw==\" alt=\"\" width=\"300\" height=\"213\" sizes=\"(max-width: 300px) 100vw, 300px\" data-src=\"https:\/\/www.ghostysky.com\/wp-content\/uploads\/2025\/10\/GH_NEOS_99_2-300x213.png\" data-srcset=\"https:\/\/www.ghostysky.com\/wp-content\/uploads\/2025\/10\/GH_NEOS_99_2-300x213.png 300w, https:\/\/www.ghostysky.com\/wp-content\/uploads\/2025\/10\/GH_NEOS_99_2-1024x726.png 1024w, https:\/\/www.ghostysky.com\/wp-content\/uploads\/2025\/10\/GH_NEOS_99_2-768x544.png 768w, https:\/\/www.ghostysky.com\/wp-content\/uploads\/2025\/10\/GH_NEOS_99_2-18x12.png 18w, https:\/\/www.ghostysky.com\/wp-content\/uploads\/2025\/10\/GH_NEOS_99_2-720x510.png 720w, https:\/\/www.ghostysky.com\/wp-content\/uploads\/2025\/10\/GH_NEOS_99_2-600x425.png 600w, https:\/\/www.ghostysky.com\/wp-content\/uploads\/2025\/10\/GH_NEOS_99_2.png 1129w\"><\/a> <a href=\"https:\/\/www.ghostysky.com\/wp-content\/uploads\/2025\/10\/GH_NEOS_99_1.png\"><img decoding=\"async\" class=\"alignnone size-medium wp-image-22446 lazyload\" src=\"data:image\/gif;base64,R0lGODlhAQABAAAAACH5BAEKAAEALAAAAAABAAEAAAICTAEAOw==\" alt=\"\" width=\"300\" height=\"233\" sizes=\"(max-width: 300px) 100vw, 300px\" data-src=\"https:\/\/www.ghostysky.com\/wp-content\/uploads\/2025\/10\/GH_NEOS_99_1-300x233.png\" data-srcset=\"https:\/\/www.ghostysky.com\/wp-content\/uploads\/2025\/10\/GH_NEOS_99_1-300x233.png 300w, https:\/\/www.ghostysky.com\/wp-content\/uploads\/2025\/10\/GH_NEOS_99_1-1024x794.png 1024w, https:\/\/www.ghostysky.com\/wp-content\/uploads\/2025\/10\/GH_NEOS_99_1-768x595.png 768w, https:\/\/www.ghostysky.com\/wp-content\/uploads\/2025\/10\/GH_NEOS_99_1-15x12.png 15w, https:\/\/www.ghostysky.com\/wp-content\/uploads\/2025\/10\/GH_NEOS_99_1-720x558.png 720w, https:\/\/www.ghostysky.com\/wp-content\/uploads\/2025\/10\/GH_NEOS_99_1-600x465.png 600w, https:\/\/www.ghostysky.com\/wp-content\/uploads\/2025\/10\/GH_NEOS_99_1.png 1032w\"><\/a><\/p>\n","protected":false},"excerpt":{"rendered":"<p><span class=\"citation-187 citation-end-187\">El Hexmove NEOS es un chasis rob\u00f3tico m\u00f3vil robusto y multiprop\u00f3sito dise\u00f1ado para aplicaciones profesionales en exteriores.<\/span> <span class=\"citation-186\">Presentando <\/span><b><span class=\"citation-186\">Direcci\u00f3n Ackermann<\/span><\/b><span class=\"citation-186\">El NEOS es muy maniobrable y capaz de alcanzar velocidades de hasta <\/span><b><span class=\"citation-186\">20 kil\u00f3metros por hora<\/span><\/b><span class=\"citation-186 citation-end-186\">.<\/span><\/p>","protected":false},"featured_media":22393,"comment_status":"open","ping_status":"closed","template":"","meta":[],"product_brand":[1193],"product_cat":[1042,1190,1191,1037],"product_tag":[1194,1196,1202],"class_list":{"0":"post-22443","1":"product","2":"type-product","3":"status-publish","4":"has-post-thumbnail","6":"product_brand-hexmove","7":"product_cat-chassis","8":"product_cat-hexmove","9":"product_cat-hexmove-chassis","10":"product_cat-robotics","11":"product_tag-hexmove","12":"product_tag-hexmove-chassis","13":"product_tag-hexmove-neos","15":"first","16":"onbackorder","17":"taxable","18":"shipping-taxable","19":"product-type-simple"},"yoast_head":"<!-- This site is optimized with the Yoast SEO plugin v27.1.1 - https:\/\/yoast.com\/product\/yoast-seo-wordpress\/ -->\n<title>Hexmove NEOS - Ghostysky<\/title>\n<meta name=\"description\" content=\"The Hexmove NEOS is a robust, all-purpose mobile robotic chassis built for professional-grade outdoor applications. Featuring Ackermann steering, the NEOS is highly maneuverable and capable of reaching speeds up to 20 km\/h.\" \/>\n<meta name=\"robots\" content=\"index, follow, max-snippet:-1, max-image-preview:large, max-video-preview:-1\" \/>\n<link rel=\"canonical\" href=\"https:\/\/www.ghostysky.com\/es\/producto-2\/hexmove-neos\/\" \/>\n<meta property=\"og:locale\" content=\"es_ES\" \/>\n<meta property=\"og:type\" content=\"article\" \/>\n<meta property=\"og:title\" content=\"Hexmove NEOS - Ghostysky\" \/>\n<meta property=\"og:description\" content=\"The Hexmove NEOS is a robust, all-purpose mobile robotic chassis built for professional-grade outdoor applications. Featuring Ackermann steering, the NEOS is highly maneuverable and capable of reaching speeds up to 20 km\/h.\" \/>\n<meta property=\"og:url\" content=\"https:\/\/www.ghostysky.com\/es\/producto-2\/hexmove-neos\/\" \/>\n<meta property=\"og:site_name\" content=\"Ghostysky\" \/>\n<meta property=\"article:publisher\" content=\"https:\/\/www.facebook.com\/people\/Ghostysky\/100057676170234\/\" \/>\n<meta property=\"article:modified_time\" content=\"2026-03-04T15:57:50+00:00\" \/>\n<meta property=\"og:image\" content=\"https:\/\/www.ghostysky.com\/wp-content\/uploads\/2025\/10\/GH_NEOS_1.png\" \/>\n\t<meta property=\"og:image:width\" content=\"800\" \/>\n\t<meta property=\"og:image:height\" content=\"800\" \/>\n\t<meta property=\"og:image:type\" content=\"image\/png\" \/>\n<meta name=\"twitter:card\" content=\"summary_large_image\" \/>\n<meta name=\"twitter:site\" content=\"@Gh0stysky\" \/>\n<meta name=\"twitter:label1\" content=\"Tiempo de lectura\" \/>\n\t<meta name=\"twitter:data1\" content=\"2 minutos\" \/>\n<script type=\"application\/ld+json\" class=\"yoast-schema-graph\">{\"@context\":\"https:\/\/schema.org\",\"@graph\":[{\"@type\":\"WebPage\",\"@id\":\"https:\/\/www.ghostysky.com\/product\/hexmove-neos\/\",\"url\":\"https:\/\/www.ghostysky.com\/product\/hexmove-neos\/\",\"name\":\"Hexmove NEOS - Ghostysky\",\"isPartOf\":{\"@id\":\"https:\/\/www.ghostysky.com\/#website\"},\"primaryImageOfPage\":{\"@id\":\"https:\/\/www.ghostysky.com\/product\/hexmove-neos\/#primaryimage\"},\"image\":{\"@id\":\"https:\/\/www.ghostysky.com\/product\/hexmove-neos\/#primaryimage\"},\"thumbnailUrl\":\"https:\/\/www.ghostysky.com\/wp-content\/uploads\/2025\/10\/GH_NEOS_1.png\",\"datePublished\":\"2025-10-24T14:17:58+00:00\",\"dateModified\":\"2026-03-04T15:57:50+00:00\",\"description\":\"The Hexmove NEOS is a robust, all-purpose mobile robotic chassis built for professional-grade outdoor applications. Featuring Ackermann steering, the NEOS is highly maneuverable and capable of reaching speeds up to 20 km\/h.\",\"breadcrumb\":{\"@id\":\"https:\/\/www.ghostysky.com\/product\/hexmove-neos\/#breadcrumb\"},\"inLanguage\":\"es\",\"potentialAction\":[{\"@type\":\"ReadAction\",\"target\":[\"https:\/\/www.ghostysky.com\/product\/hexmove-neos\/\"]}]},{\"@type\":\"ImageObject\",\"inLanguage\":\"es\",\"@id\":\"https:\/\/www.ghostysky.com\/product\/hexmove-neos\/#primaryimage\",\"url\":\"https:\/\/www.ghostysky.com\/wp-content\/uploads\/2025\/10\/GH_NEOS_1.png\",\"contentUrl\":\"https:\/\/www.ghostysky.com\/wp-content\/uploads\/2025\/10\/GH_NEOS_1.png\",\"width\":800,\"height\":800},{\"@type\":\"BreadcrumbList\",\"@id\":\"https:\/\/www.ghostysky.com\/product\/hexmove-neos\/#breadcrumb\",\"itemListElement\":[{\"@type\":\"ListItem\",\"position\":1,\"name\":\"Home\",\"item\":\"https:\/\/www.ghostysky.com\/\"},{\"@type\":\"ListItem\",\"position\":2,\"name\":\"Shop\",\"item\":\"https:\/\/www.ghostysky.com\/shop\/\"},{\"@type\":\"ListItem\",\"position\":3,\"name\":\"Hexmove NEOS\"}]},{\"@type\":\"WebSite\",\"@id\":\"https:\/\/www.ghostysky.com\/#website\",\"url\":\"https:\/\/www.ghostysky.com\/\",\"name\":\"Ghostysky\",\"description\":\"Delivering professional drones and services\",\"publisher\":{\"@id\":\"https:\/\/www.ghostysky.com\/#organization\"},\"potentialAction\":[{\"@type\":\"SearchAction\",\"target\":{\"@type\":\"EntryPoint\",\"urlTemplate\":\"https:\/\/www.ghostysky.com\/?s={search_term_string}\"},\"query-input\":{\"@type\":\"PropertyValueSpecification\",\"valueRequired\":true,\"valueName\":\"search_term_string\"}}],\"inLanguage\":\"es\"},{\"@type\":\"Organization\",\"@id\":\"https:\/\/www.ghostysky.com\/#organization\",\"name\":\"Ghostysky\",\"url\":\"https:\/\/www.ghostysky.com\/\",\"logo\":{\"@type\":\"ImageObject\",\"inLanguage\":\"es\",\"@id\":\"https:\/\/www.ghostysky.com\/#\/schema\/logo\/image\/\",\"url\":\"https:\/\/www.ghostysky.com\/wp-content\/uploads\/2020\/06\/cropped-ghostyskylogo_text_white2.png\",\"contentUrl\":\"https:\/\/www.ghostysky.com\/wp-content\/uploads\/2020\/06\/cropped-ghostyskylogo_text_white2.png\",\"width\":169,\"height\":56,\"caption\":\"Ghostysky\"},\"image\":{\"@id\":\"https:\/\/www.ghostysky.com\/#\/schema\/logo\/image\/\"},\"sameAs\":[\"https:\/\/www.facebook.com\/people\/Ghostysky\/100057676170234\/\",\"https:\/\/x.com\/Gh0stysky\",\"https:\/\/www.linkedin.com\/company\/34739653\",\"https:\/\/www.instagram.com\/gh0stysky\"]}]}<\/script>\n<!-- \/ Yoast SEO plugin. -->","yoast_head_json":{"title":"Hexmove NEOS - Cielo fantasmal","description":"El Hexmove NEOS es un chasis rob\u00f3tico m\u00f3vil robusto y multiusos, dise\u00f1ado para aplicaciones profesionales en exteriores. Con direcci\u00f3n Ackermann, el NEOS es muy maniobrable y capaz de alcanzar velocidades de hasta 20 km\/h.","robots":{"index":"index","follow":"follow","max-snippet":"max-snippet:-1","max-image-preview":"max-image-preview:large","max-video-preview":"max-video-preview:-1"},"canonical":"https:\/\/www.ghostysky.com\/es\/producto-2\/hexmove-neos\/","og_locale":"es_ES","og_type":"article","og_title":"Hexmove NEOS - Ghostysky","og_description":"The Hexmove NEOS is a robust, all-purpose mobile robotic chassis built for professional-grade outdoor applications. Featuring Ackermann steering, the NEOS is highly maneuverable and capable of reaching speeds up to 20 km\/h.","og_url":"https:\/\/www.ghostysky.com\/es\/producto-2\/hexmove-neos\/","og_site_name":"Ghostysky","article_publisher":"https:\/\/www.facebook.com\/people\/Ghostysky\/100057676170234\/","article_modified_time":"2026-03-04T15:57:50+00:00","og_image":[{"width":800,"height":800,"url":"https:\/\/www.ghostysky.com\/wp-content\/uploads\/2025\/10\/GH_NEOS_1.png","type":"image\/png"}],"twitter_card":"summary_large_image","twitter_site":"@Gh0stysky","twitter_misc":{"Tiempo de lectura":"2 minutos"},"schema":{"@context":"https:\/\/schema.org","@graph":[{"@type":"WebPage","@id":"https:\/\/www.ghostysky.com\/product\/hexmove-neos\/","url":"https:\/\/www.ghostysky.com\/product\/hexmove-neos\/","name":"Hexmove NEOS - Cielo fantasmal","isPartOf":{"@id":"https:\/\/www.ghostysky.com\/#website"},"primaryImageOfPage":{"@id":"https:\/\/www.ghostysky.com\/product\/hexmove-neos\/#primaryimage"},"image":{"@id":"https:\/\/www.ghostysky.com\/product\/hexmove-neos\/#primaryimage"},"thumbnailUrl":"https:\/\/www.ghostysky.com\/wp-content\/uploads\/2025\/10\/GH_NEOS_1.png","datePublished":"2025-10-24T14:17:58+00:00","dateModified":"2026-03-04T15:57:50+00:00","description":"El Hexmove NEOS es un chasis rob\u00f3tico m\u00f3vil robusto y multiusos, dise\u00f1ado para aplicaciones profesionales en exteriores. Con direcci\u00f3n Ackermann, el NEOS es muy maniobrable y capaz de alcanzar velocidades de hasta 20 km\/h.","breadcrumb":{"@id":"https:\/\/www.ghostysky.com\/product\/hexmove-neos\/#breadcrumb"},"inLanguage":"es","potentialAction":[{"@type":"ReadAction","target":["https:\/\/www.ghostysky.com\/product\/hexmove-neos\/"]}]},{"@type":"ImageObject","inLanguage":"es","@id":"https:\/\/www.ghostysky.com\/product\/hexmove-neos\/#primaryimage","url":"https:\/\/www.ghostysky.com\/wp-content\/uploads\/2025\/10\/GH_NEOS_1.png","contentUrl":"https:\/\/www.ghostysky.com\/wp-content\/uploads\/2025\/10\/GH_NEOS_1.png","width":800,"height":800},{"@type":"BreadcrumbList","@id":"https:\/\/www.ghostysky.com\/product\/hexmove-neos\/#breadcrumb","itemListElement":[{"@type":"ListItem","position":1,"name":"Home","item":"https:\/\/www.ghostysky.com\/"},{"@type":"ListItem","position":2,"name":"Shop","item":"https:\/\/www.ghostysky.com\/shop\/"},{"@type":"ListItem","position":3,"name":"Hexmove NEOS"}]},{"@type":"WebSite","@id":"https:\/\/www.ghostysky.com\/#website","url":"https:\/\/www.ghostysky.com\/","name":"Ghostysky","description":"Entrega de drones y servicios profesionales","publisher":{"@id":"https:\/\/www.ghostysky.com\/#organization"},"potentialAction":[{"@type":"SearchAction","target":{"@type":"EntryPoint","urlTemplate":"https:\/\/www.ghostysky.com\/?s={search_term_string}"},"query-input":{"@type":"PropertyValueSpecification","valueRequired":true,"valueName":"search_term_string"}}],"inLanguage":"es"},{"@type":"Organization","@id":"https:\/\/www.ghostysky.com\/#organization","name":"Ghostysky","url":"https:\/\/www.ghostysky.com\/","logo":{"@type":"ImageObject","inLanguage":"es","@id":"https:\/\/www.ghostysky.com\/#\/schema\/logo\/image\/","url":"https:\/\/www.ghostysky.com\/wp-content\/uploads\/2020\/06\/cropped-ghostyskylogo_text_white2.png","contentUrl":"https:\/\/www.ghostysky.com\/wp-content\/uploads\/2020\/06\/cropped-ghostyskylogo_text_white2.png","width":169,"height":56,"caption":"Ghostysky"},"image":{"@id":"https:\/\/www.ghostysky.com\/#\/schema\/logo\/image\/"},"sameAs":["https:\/\/www.facebook.com\/people\/Ghostysky\/100057676170234\/","https:\/\/x.com\/Gh0stysky","https:\/\/www.linkedin.com\/company\/34739653","https:\/\/www.instagram.com\/gh0stysky"]}]}},"_links":{"self":[{"href":"https:\/\/www.ghostysky.com\/es\/wp-json\/wp\/v2\/product\/22443","targetHints":{"allow":["GET"]}}],"collection":[{"href":"https:\/\/www.ghostysky.com\/es\/wp-json\/wp\/v2\/product"}],"about":[{"href":"https:\/\/www.ghostysky.com\/es\/wp-json\/wp\/v2\/types\/product"}],"replies":[{"embeddable":true,"href":"https:\/\/www.ghostysky.com\/es\/wp-json\/wp\/v2\/comments?post=22443"}],"wp:featuredmedia":[{"embeddable":true,"href":"https:\/\/www.ghostysky.com\/es\/wp-json\/wp\/v2\/media\/22393"}],"wp:attachment":[{"href":"https:\/\/www.ghostysky.com\/es\/wp-json\/wp\/v2\/media?parent=22443"}],"wp:term":[{"taxonomy":"product_brand","embeddable":true,"href":"https:\/\/www.ghostysky.com\/es\/wp-json\/wp\/v2\/product_brand?post=22443"},{"taxonomy":"product_cat","embeddable":true,"href":"https:\/\/www.ghostysky.com\/es\/wp-json\/wp\/v2\/product_cat?post=22443"},{"taxonomy":"product_tag","embeddable":true,"href":"https:\/\/www.ghostysky.com\/es\/wp-json\/wp\/v2\/product_tag?post=22443"}],"curies":[{"name":"wp","href":"https:\/\/api.w.org\/{rel}","templated":true}]}}