{"id":22447,"date":"2025-10-24T15:00:59","date_gmt":"2025-10-24T15:00:59","guid":{"rendered":"https:\/\/www.ghostysky.com\/?post_type=product&#038;p=22447"},"modified":"2025-10-24T15:01:38","modified_gmt":"2025-10-24T15:01:38","slug":"emlid-rx2-rover-kit","status":"publish","type":"product","link":"https:\/\/www.ghostysky.com\/es\/product\/emlid-rx2-rover-kit\/","title":{"rendered":"Kit Emlid RX2 Rover"},"content":{"rendered":"<h4>El paquete incluye<\/h4>\n<ul>\n<li>1x Emlid RX2<\/li>\n<li>1x adaptador de liberaci\u00f3n r\u00e1pida<\/li>\n<li>1x Poste Emlid con soporte para tel\u00e9fono<\/li>\n<\/ul>","protected":false},"excerpt":{"rendered":"<p><span class=\"citation-33\">El <\/span><b><span class=\"citation-33\">Kit de rover Emlid Reach RX2<\/span><\/b><span class=\"citation-33 citation-end-33\"> Es una soluci\u00f3n de receptor GNSS cinem\u00e1tico en tiempo real (RTK) multibanda de \u00faltima generaci\u00f3n, dise\u00f1ada para ofrecer precisi\u00f3n centim\u00e9trica en una amplia gama de aplicaciones profesionales, como topograf\u00eda, construcci\u00f3n, recopilaci\u00f3n de datos SIG y cartograf\u00eda con drones. Este kit incluye todos los accesorios para una soluci\u00f3n m\u00f3vil completa.<\/span><\/p>","protected":false},"featured_media":22449,"comment_status":"open","ping_status":"closed","template":"","meta":[],"product_brand":[1025],"product_cat":[89,1181,30],"product_tag":[58,1204,1203],"class_list":{"0":"post-22447","1":"product","2":"type-product","3":"status-publish","4":"has-post-thumbnail","6":"product_brand-emlid","7":"product_cat-emlid","8":"product_cat-kit-rx_rx2","9":"product_cat-mobile-station","10":"product_tag-emlid","11":"product_tag-emlid-kits","12":"product_tag-emlid-rx2-bundle","14":"first","15":"instock","16":"taxable","17":"shipping-taxable","18":"purchasable","19":"product-type-woosb"},"yoast_head":"<!-- This site is optimized with the Yoast SEO plugin v27.4 - https:\/\/yoast.com\/product\/yoast-seo-wordpress\/ -->\n<title>Emlid RX2 Rover Kit - Ghostysky<\/title>\n<meta name=\"description\" content=\"The Emlid Reach RX2 Rover Kit is a state-of-the-art, multi-band Real-Time Kinematic (RTK) GNSS receiver solution designed to bring centimeter-level accuracy to a wide range of professional applications, including surveying, construction, GIS data collection, and drone mapping. This kit includes all accessories for a compete rover solution.\" \/>\n<meta name=\"robots\" content=\"index, follow, max-snippet:-1, max-image-preview:large, max-video-preview:-1\" \/>\n<link rel=\"canonical\" href=\"https:\/\/www.ghostysky.com\/es\/producto-2\/emlid-rx2-rover-kit\/\" \/>\n<meta property=\"og:locale\" content=\"es_ES\" \/>\n<meta property=\"og:type\" content=\"article\" \/>\n<meta property=\"og:title\" content=\"Emlid RX2 Rover Kit - Ghostysky\" \/>\n<meta property=\"og:description\" content=\"The Emlid Reach RX2 Rover Kit is a state-of-the-art, multi-band Real-Time Kinematic (RTK) GNSS receiver solution designed to bring centimeter-level accuracy to a wide range of professional applications, including surveying, construction, GIS data collection, and drone mapping. This kit includes all accessories for a compete rover solution.\" \/>\n<meta property=\"og:url\" content=\"https:\/\/www.ghostysky.com\/es\/producto-2\/emlid-rx2-rover-kit\/\" \/>\n<meta property=\"og:site_name\" content=\"Ghostysky\" \/>\n<meta property=\"article:publisher\" content=\"https:\/\/www.facebook.com\/people\/Ghostysky\/100057676170234\/\" \/>\n<meta property=\"article:modified_time\" content=\"2025-10-24T15:01:38+00:00\" \/>\n<meta property=\"og:image\" content=\"https:\/\/www.ghostysky.com\/wp-content\/uploads\/2025\/10\/GH_ReachRX2RoverKit_350x.webp\" \/>\n\t<meta property=\"og:image:width\" content=\"350\" \/>\n\t<meta property=\"og:image:height\" content=\"350\" \/>\n\t<meta property=\"og:image:type\" content=\"image\/webp\" \/>\n<meta name=\"twitter:card\" content=\"summary_large_image\" \/>\n<meta name=\"twitter:site\" content=\"@Gh0stysky\" \/>\n<meta name=\"twitter:label1\" content=\"Tiempo de lectura\" \/>\n\t<meta name=\"twitter:data1\" content=\"1 minuto\" \/>\n<script type=\"application\/ld+json\" class=\"yoast-schema-graph\">{\"@context\":\"https:\\\/\\\/schema.org\",\"@graph\":[{\"@type\":\"WebPage\",\"@id\":\"https:\\\/\\\/www.ghostysky.com\\\/product\\\/emlid-rx2-rover-kit\\\/\",\"url\":\"https:\\\/\\\/www.ghostysky.com\\\/product\\\/emlid-rx2-rover-kit\\\/\",\"name\":\"Emlid RX2 Rover Kit - Ghostysky\",\"isPartOf\":{\"@id\":\"https:\\\/\\\/www.ghostysky.com\\\/#website\"},\"primaryImageOfPage\":{\"@id\":\"https:\\\/\\\/www.ghostysky.com\\\/product\\\/emlid-rx2-rover-kit\\\/#primaryimage\"},\"image\":{\"@id\":\"https:\\\/\\\/www.ghostysky.com\\\/product\\\/emlid-rx2-rover-kit\\\/#primaryimage\"},\"thumbnailUrl\":\"https:\\\/\\\/www.ghostysky.com\\\/wp-content\\\/uploads\\\/2025\\\/10\\\/GH_ReachRX2RoverKit_350x.webp\",\"datePublished\":\"2025-10-24T15:00:59+00:00\",\"dateModified\":\"2025-10-24T15:01:38+00:00\",\"description\":\"The Emlid Reach RX2 Rover Kit is a state-of-the-art, multi-band Real-Time Kinematic (RTK) GNSS receiver solution designed to bring centimeter-level accuracy to a wide range of professional applications, including surveying, construction, GIS data collection, and drone mapping. This kit includes all accessories for a compete rover solution.\",\"breadcrumb\":{\"@id\":\"https:\\\/\\\/www.ghostysky.com\\\/product\\\/emlid-rx2-rover-kit\\\/#breadcrumb\"},\"inLanguage\":\"es\",\"potentialAction\":[{\"@type\":\"ReadAction\",\"target\":[\"https:\\\/\\\/www.ghostysky.com\\\/product\\\/emlid-rx2-rover-kit\\\/\"]}]},{\"@type\":\"ImageObject\",\"inLanguage\":\"es\",\"@id\":\"https:\\\/\\\/www.ghostysky.com\\\/product\\\/emlid-rx2-rover-kit\\\/#primaryimage\",\"url\":\"https:\\\/\\\/www.ghostysky.com\\\/wp-content\\\/uploads\\\/2025\\\/10\\\/GH_ReachRX2RoverKit_350x.webp\",\"contentUrl\":\"https:\\\/\\\/www.ghostysky.com\\\/wp-content\\\/uploads\\\/2025\\\/10\\\/GH_ReachRX2RoverKit_350x.webp\",\"width\":350,\"height\":350},{\"@type\":\"BreadcrumbList\",\"@id\":\"https:\\\/\\\/www.ghostysky.com\\\/product\\\/emlid-rx2-rover-kit\\\/#breadcrumb\",\"itemListElement\":[{\"@type\":\"ListItem\",\"position\":1,\"name\":\"Home\",\"item\":\"https:\\\/\\\/www.ghostysky.com\\\/\"},{\"@type\":\"ListItem\",\"position\":2,\"name\":\"Shop\",\"item\":\"https:\\\/\\\/www.ghostysky.com\\\/shop\\\/\"},{\"@type\":\"ListItem\",\"position\":3,\"name\":\"Emlid RX2 Rover Kit\"}]},{\"@type\":\"WebSite\",\"@id\":\"https:\\\/\\\/www.ghostysky.com\\\/#website\",\"url\":\"https:\\\/\\\/www.ghostysky.com\\\/\",\"name\":\"Ghostysky\",\"description\":\"Delivering professional drones and services\",\"publisher\":{\"@id\":\"https:\\\/\\\/www.ghostysky.com\\\/#organization\"},\"potentialAction\":[{\"@type\":\"SearchAction\",\"target\":{\"@type\":\"EntryPoint\",\"urlTemplate\":\"https:\\\/\\\/www.ghostysky.com\\\/?s={search_term_string}\"},\"query-input\":{\"@type\":\"PropertyValueSpecification\",\"valueRequired\":true,\"valueName\":\"search_term_string\"}}],\"inLanguage\":\"es\"},{\"@type\":\"Organization\",\"@id\":\"https:\\\/\\\/www.ghostysky.com\\\/#organization\",\"name\":\"Ghostysky\",\"url\":\"https:\\\/\\\/www.ghostysky.com\\\/\",\"logo\":{\"@type\":\"ImageObject\",\"inLanguage\":\"es\",\"@id\":\"https:\\\/\\\/www.ghostysky.com\\\/#\\\/schema\\\/logo\\\/image\\\/\",\"url\":\"https:\\\/\\\/www.ghostysky.com\\\/wp-content\\\/uploads\\\/2020\\\/06\\\/cropped-ghostyskylogo_text_white2.png\",\"contentUrl\":\"https:\\\/\\\/www.ghostysky.com\\\/wp-content\\\/uploads\\\/2020\\\/06\\\/cropped-ghostyskylogo_text_white2.png\",\"width\":169,\"height\":56,\"caption\":\"Ghostysky\"},\"image\":{\"@id\":\"https:\\\/\\\/www.ghostysky.com\\\/#\\\/schema\\\/logo\\\/image\\\/\"},\"sameAs\":[\"https:\\\/\\\/www.facebook.com\\\/people\\\/Ghostysky\\\/100057676170234\\\/\",\"https:\\\/\\\/x.com\\\/Gh0stysky\",\"https:\\\/\\\/www.linkedin.com\\\/company\\\/34739653\",\"https:\\\/\\\/www.instagram.com\\\/gh0stysky\"]}]}<\/script>\n<!-- \/ Yoast SEO plugin. -->","yoast_head_json":{"title":"Kit de rover Emlid RX2 - Ghostysky","description":"El kit Emlid Reach RX2 Rover es una soluci\u00f3n de receptor GNSS cinem\u00e1tico en tiempo real (RTK) multibanda de \u00faltima generaci\u00f3n, dise\u00f1ada para ofrecer precisi\u00f3n centim\u00e9trica en una amplia gama de aplicaciones profesionales, como topograf\u00eda, construcci\u00f3n, recopilaci\u00f3n de datos SIG y cartograf\u00eda con drones. Este kit incluye todos los accesorios para una soluci\u00f3n completa de rover.","robots":{"index":"index","follow":"follow","max-snippet":"max-snippet:-1","max-image-preview":"max-image-preview:large","max-video-preview":"max-video-preview:-1"},"canonical":"https:\/\/www.ghostysky.com\/es\/producto-2\/emlid-rx2-rover-kit\/","og_locale":"es_ES","og_type":"article","og_title":"Emlid RX2 Rover Kit - Ghostysky","og_description":"The Emlid Reach RX2 Rover Kit is a state-of-the-art, multi-band Real-Time Kinematic (RTK) GNSS receiver solution designed to bring centimeter-level accuracy to a wide range of professional applications, including surveying, construction, GIS data collection, and drone mapping. This kit includes all accessories for a compete rover solution.","og_url":"https:\/\/www.ghostysky.com\/es\/producto-2\/emlid-rx2-rover-kit\/","og_site_name":"Ghostysky","article_publisher":"https:\/\/www.facebook.com\/people\/Ghostysky\/100057676170234\/","article_modified_time":"2025-10-24T15:01:38+00:00","og_image":[{"width":350,"height":350,"url":"https:\/\/www.ghostysky.com\/wp-content\/uploads\/2025\/10\/GH_ReachRX2RoverKit_350x.webp","type":"image\/webp"}],"twitter_card":"summary_large_image","twitter_site":"@Gh0stysky","twitter_misc":{"Tiempo de lectura":"1 minuto"},"schema":{"@context":"https:\/\/schema.org","@graph":[{"@type":"WebPage","@id":"https:\/\/www.ghostysky.com\/product\/emlid-rx2-rover-kit\/","url":"https:\/\/www.ghostysky.com\/product\/emlid-rx2-rover-kit\/","name":"Kit de rover Emlid RX2 - Ghostysky","isPartOf":{"@id":"https:\/\/www.ghostysky.com\/#website"},"primaryImageOfPage":{"@id":"https:\/\/www.ghostysky.com\/product\/emlid-rx2-rover-kit\/#primaryimage"},"image":{"@id":"https:\/\/www.ghostysky.com\/product\/emlid-rx2-rover-kit\/#primaryimage"},"thumbnailUrl":"https:\/\/www.ghostysky.com\/wp-content\/uploads\/2025\/10\/GH_ReachRX2RoverKit_350x.webp","datePublished":"2025-10-24T15:00:59+00:00","dateModified":"2025-10-24T15:01:38+00:00","description":"El kit Emlid Reach RX2 Rover es una soluci\u00f3n de receptor GNSS cinem\u00e1tico en tiempo real (RTK) multibanda de \u00faltima generaci\u00f3n, dise\u00f1ada para ofrecer precisi\u00f3n centim\u00e9trica en una amplia gama de aplicaciones profesionales, como topograf\u00eda, construcci\u00f3n, recopilaci\u00f3n de datos SIG y cartograf\u00eda con drones. Este kit incluye todos los accesorios para una soluci\u00f3n completa de rover.","breadcrumb":{"@id":"https:\/\/www.ghostysky.com\/product\/emlid-rx2-rover-kit\/#breadcrumb"},"inLanguage":"es","potentialAction":[{"@type":"ReadAction","target":["https:\/\/www.ghostysky.com\/product\/emlid-rx2-rover-kit\/"]}]},{"@type":"ImageObject","inLanguage":"es","@id":"https:\/\/www.ghostysky.com\/product\/emlid-rx2-rover-kit\/#primaryimage","url":"https:\/\/www.ghostysky.com\/wp-content\/uploads\/2025\/10\/GH_ReachRX2RoverKit_350x.webp","contentUrl":"https:\/\/www.ghostysky.com\/wp-content\/uploads\/2025\/10\/GH_ReachRX2RoverKit_350x.webp","width":350,"height":350},{"@type":"BreadcrumbList","@id":"https:\/\/www.ghostysky.com\/product\/emlid-rx2-rover-kit\/#breadcrumb","itemListElement":[{"@type":"ListItem","position":1,"name":"Home","item":"https:\/\/www.ghostysky.com\/"},{"@type":"ListItem","position":2,"name":"Shop","item":"https:\/\/www.ghostysky.com\/shop\/"},{"@type":"ListItem","position":3,"name":"Emlid RX2 Rover Kit"}]},{"@type":"WebSite","@id":"https:\/\/www.ghostysky.com\/#website","url":"https:\/\/www.ghostysky.com\/","name":"Ghostysky","description":"Entrega de drones y servicios profesionales","publisher":{"@id":"https:\/\/www.ghostysky.com\/#organization"},"potentialAction":[{"@type":"SearchAction","target":{"@type":"EntryPoint","urlTemplate":"https:\/\/www.ghostysky.com\/?s={search_term_string}"},"query-input":{"@type":"PropertyValueSpecification","valueRequired":true,"valueName":"search_term_string"}}],"inLanguage":"es"},{"@type":"Organization","@id":"https:\/\/www.ghostysky.com\/#organization","name":"Ghostysky","url":"https:\/\/www.ghostysky.com\/","logo":{"@type":"ImageObject","inLanguage":"es","@id":"https:\/\/www.ghostysky.com\/#\/schema\/logo\/image\/","url":"https:\/\/www.ghostysky.com\/wp-content\/uploads\/2020\/06\/cropped-ghostyskylogo_text_white2.png","contentUrl":"https:\/\/www.ghostysky.com\/wp-content\/uploads\/2020\/06\/cropped-ghostyskylogo_text_white2.png","width":169,"height":56,"caption":"Ghostysky"},"image":{"@id":"https:\/\/www.ghostysky.com\/#\/schema\/logo\/image\/"},"sameAs":["https:\/\/www.facebook.com\/people\/Ghostysky\/100057676170234\/","https:\/\/x.com\/Gh0stysky","https:\/\/www.linkedin.com\/company\/34739653","https:\/\/www.instagram.com\/gh0stysky"]}]}},"_links":{"self":[{"href":"https:\/\/www.ghostysky.com\/es\/wp-json\/wp\/v2\/product\/22447","targetHints":{"allow":["GET"]}}],"collection":[{"href":"https:\/\/www.ghostysky.com\/es\/wp-json\/wp\/v2\/product"}],"about":[{"href":"https:\/\/www.ghostysky.com\/es\/wp-json\/wp\/v2\/types\/product"}],"replies":[{"embeddable":true,"href":"https:\/\/www.ghostysky.com\/es\/wp-json\/wp\/v2\/comments?post=22447"}],"version-history":[{"count":0,"href":"https:\/\/www.ghostysky.com\/es\/wp-json\/wp\/v2\/product\/22447\/revisions"}],"wp:featuredmedia":[{"embeddable":true,"href":"https:\/\/www.ghostysky.com\/es\/wp-json\/wp\/v2\/media\/22449"}],"wp:attachment":[{"href":"https:\/\/www.ghostysky.com\/es\/wp-json\/wp\/v2\/media?parent=22447"}],"wp:term":[{"taxonomy":"product_brand","embeddable":true,"href":"https:\/\/www.ghostysky.com\/es\/wp-json\/wp\/v2\/product_brand?post=22447"},{"taxonomy":"product_cat","embeddable":true,"href":"https:\/\/www.ghostysky.com\/es\/wp-json\/wp\/v2\/product_cat?post=22447"},{"taxonomy":"product_tag","embeddable":true,"href":"https:\/\/www.ghostysky.com\/es\/wp-json\/wp\/v2\/product_tag?post=22447"}],"curies":[{"name":"wp","href":"https:\/\/api.w.org\/{rel}","templated":true}]}}