{"id":22472,"date":"2025-10-24T16:10:21","date_gmt":"2025-10-24T16:10:21","guid":{"rendered":"https:\/\/www.ghostysky.com\/?post_type=product&#038;p=22472"},"modified":"2025-10-24T16:18:20","modified_gmt":"2025-10-24T16:18:20","slug":"aplitop-tcpgps-for-android","status":"publish","type":"product","link":"https:\/\/www.ghostysky.com\/es\/product\/aplitop-tcpgps-for-android\/","title":{"rendered":"Aplicaci\u00f3n tcpGPS para Android"},"content":{"rendered":"<h4><b>Caracter\u00edsticas clave<\/b><\/h4>\n<div id=\"model-response-message-contentr_c462bb557af194b1\" class=\"markdown markdown-main-panel stronger enable-updated-hr-color\" dir=\"ltr\">\n<ul>\n<li><b><span class=\"citation-229\">Compatibilidad del receptor GNSS:<\/span><\/b><span class=\"citation-229\"> Se conecta f\u00e1cilmente con una amplia gama de dispositivos externos. <\/span><b><span class=\"citation-229\">Sistemas GNSS (GPS, GLONASS, BeiDou, Galileo)<\/span><\/b><span class=\"citation-229 citation-end-229\"> receptores v\u00eda Bluetooth, as\u00ed como dispositivo GPS integrado.<\/span> <span class=\"citation-228 citation-end-228\">Admite varias configuraciones para RTK (cinem\u00e1tica en tiempo real) utilizando correcciones UHF, GPRS o GSM.<\/span><\/li>\n<li><b>Topograf\u00eda integral:<\/b>\n<ul>\n<li><b><span class=\"citation-227\">Recopilaci\u00f3n de datos:<\/span><\/b><span class=\"citation-227 citation-end-227\"> Levante puntos topogr\u00e1ficos, objetos lineales y pol\u00edgonos con un simple toque.<\/span><\/li>\n<li><b>Encuesta continua:<\/b><span class=\"citation-226 citation-end-226\"> Registra autom\u00e1ticamente puntos en funci\u00f3n de la distancia, el tiempo o el intervalo de pendiente.<\/span><\/li>\n<li><b>Riqueza de datos:<\/b> Vincula fotos, notas de voz y atributos\/c\u00f3digos definidos por el usuario a puntos de estudio, lo que lo hace ideal para proyectos SIG.<\/li>\n<\/ul>\n<\/li>\n<li><b>Replanteo intuitivo:<\/b>\n<ul>\n<li><b>M\u00faltiples modos de orientaci\u00f3n:<\/b><span class=\"citation-225\"> Replantee puntos, l\u00edneas o polil\u00edneas utilizando un mapa, una br\u00fajula, una vista de objetivo o incluso <\/span><b><span class=\"citation-225\">Realidad aumentada<\/span><\/b><span class=\"citation-225 citation-end-225\"> para una gu\u00eda de campo intuitiva.<\/span><\/li>\n<li><b><span class=\"citation-224\">Indicaciones de voz:<\/span><\/b><span class=\"citation-224 citation-end-224\"> Un sistema de voz informa al usuario sobre la proximidad al punto objetivo.<\/span><\/li>\n<\/ul>\n<\/li>\n<li><b>Mapeo y Cartograf\u00eda:<\/b>\n<ul>\n<li><b>Mapas base:<\/b><span class=\"citation-223 citation-end-223\"> Utilice mapas base ESRI\u2122 de cobertura mundial (vista de calle, sat\u00e9lite o topogr\u00e1fica).<\/span><\/li>\n<li><b><span class=\"citation-222\">Integraci\u00f3n de datos:<\/span><\/b><span class=\"citation-222\"> Cargue cartograf\u00eda desde archivos CAD\/GIS como <\/span><b><span class=\"citation-222\">DXF, DWG, archivos Shape, KML,<\/span><\/b><span class=\"citation-222\"> o utilizar oficial <\/span><b><span class=\"citation-222\">Servicios de mapas web (WMS)<\/span><\/b><span class=\"citation-222 citation-end-222\">.<\/span><\/li>\n<\/ul>\n<\/li>\n<li><b><span class=\"citation-221\">Sistemas geod\u00e9sicos:<\/span><\/b><span class=\"citation-221\"> Incluye el <\/span><b><span class=\"citation-221\">Conjunto de datos de par\u00e1metros geod\u00e9sicos EPSG<\/span><\/b><span class=\"citation-221 citation-end-221\"> Trabajar con diversos sistemas de referencia de coordenadas nacionales y locales.<\/span><\/li>\n<li><b><span class=\"citation-220\">Funciones profesionales\/avanzadas (opcionales):<\/span><\/b><span class=\"citation-220\"> La versi\u00f3n profesional est\u00e1 dise\u00f1ada para proyectos civiles y permite la importaci\u00f3n de archivos de dise\u00f1o de carreteras, ferrocarriles y lineales (como <\/span><b><span class=\"citation-220\">LandXML<\/span><\/b><span class=\"citation-220 citation-end-220\">).<\/span> Ofrece herramientas para:\n<ul>\n<li><span class=\"citation-219 citation-end-219\">Replanteo relativo a alineaciones (bordes de calzada, bordillos, pendientes).<\/span><\/li>\n<li><span class=\"citation-218 citation-end-218\">Modelo Digital del Terreno (DTM) y generaci\u00f3n de curvas de nivel.<\/span><\/li>\n<li><span class=\"citation-217 citation-end-217\">Comparaci\u00f3n de elevaci\u00f3n con una superficie de referencia.<\/span><\/li>\n<\/ul>\n<\/li>\n<li><b>Gesti\u00f3n de datos:<\/b><span class=\"citation-216\"> Exporte los datos recopilados a m\u00faltiples formatos (TXT, DXF, KML, etc.) y sincronice toda la informaci\u00f3n con servicios en la nube como <\/span><b><span class=\"citation-216\">Google Drive\u2122<\/span><\/b><span class=\"citation-216 citation-end-216\">.<\/span>\n<div class=\"source-inline-chip-container ng-star-inserted\"><\/div>\n<\/li>\n<\/ul>\n<\/div>","protected":false},"excerpt":{"rendered":"<p><span class=\"citation-231\">El <\/span><b><span class=\"citation-231\">Aplicaci\u00f3n tcpGPS para Android<\/span><\/b><span class=\"citation-231\"> es una aplicaci\u00f3n de campo de nivel profesional que transforma su tel\u00e9fono inteligente o tableta Android en una soluci\u00f3n completa para <\/span><b><span class=\"citation-231\">topograf\u00eda y replanteo<\/span><\/b><span class=\"citation-231 citation-end-231\"> utilizando receptores GNSS de alta precisi\u00f3n.<\/span><\/p>\n<p><span class=\"citation-230 citation-end-230\">Es una herramienta todo en uno para top\u00f3grafos, ingenieros y t\u00e9cnicos de obra que necesitan realizar una recopilaci\u00f3n de datos precisa para proyectos que involucran parcelas, \u00e1reas urbanas e infraestructura.<\/span><\/p>\n<h3><\/h3>","protected":false},"featured_media":22481,"comment_status":"open","ping_status":"closed","template":"","meta":[],"product_brand":[1208],"product_cat":[1207,31],"product_tag":[1209,1210],"class_list":{"0":"post-22472","1":"product","2":"type-product","3":"status-publish","4":"has-post-thumbnail","6":"product_brand-aplitop","7":"product_cat-aplitop","8":"product_cat-software","9":"product_tag-aplitop","10":"product_tag-tcpgps","12":"first","13":"instock","14":"taxable","15":"shipping-taxable","16":"purchasable","17":"product-type-simple"},"yoast_head":"<!-- This site is optimized with the Yoast SEO plugin v27.1.1 - https:\/\/yoast.com\/product\/yoast-seo-wordpress\/ -->\n<title>Aplitop tcpGPS for Android - Ghostysky<\/title>\n<meta name=\"description\" content=\"The Aplitop tcpGPS for Android is a professional-grade field application that transforms your Android smartphone or tablet into a complete solution for surveying and staking out using high-precision GNSS receivers.It is an all-in-one tool for topographers, engineers, and site technicians who need to perform accurate data collection for projects involving plots, urban areas, and infrastructure.\" \/>\n<meta name=\"robots\" content=\"index, follow, max-snippet:-1, max-image-preview:large, max-video-preview:-1\" \/>\n<link rel=\"canonical\" href=\"https:\/\/www.ghostysky.com\/es\/producto-2\/aplitop-tcpgps-for-android\/\" \/>\n<meta property=\"og:locale\" content=\"es_ES\" \/>\n<meta property=\"og:type\" content=\"article\" \/>\n<meta property=\"og:title\" content=\"Aplitop tcpGPS for Android - Ghostysky\" \/>\n<meta property=\"og:description\" content=\"The Aplitop tcpGPS for Android is a professional-grade field application that transforms your Android smartphone or tablet into a complete solution for surveying and staking out using high-precision GNSS receivers.It is an all-in-one tool for topographers, engineers, and site technicians who need to perform accurate data collection for projects involving plots, urban areas, and infrastructure.\" \/>\n<meta property=\"og:url\" content=\"https:\/\/www.ghostysky.com\/es\/producto-2\/aplitop-tcpgps-for-android\/\" \/>\n<meta property=\"og:site_name\" content=\"Ghostysky\" \/>\n<meta property=\"article:publisher\" content=\"https:\/\/www.facebook.com\/people\/Ghostysky\/100057676170234\/\" \/>\n<meta property=\"article:modified_time\" content=\"2025-10-24T16:18:20+00:00\" \/>\n<meta property=\"og:image\" content=\"https:\/\/www.ghostysky.com\/wp-content\/uploads\/2025\/10\/GH_tcpGPS-for-Android_1.webp\" \/>\n\t<meta property=\"og:image:width\" content=\"240\" \/>\n\t<meta property=\"og:image:height\" content=\"240\" \/>\n\t<meta property=\"og:image:type\" content=\"image\/webp\" \/>\n<meta name=\"twitter:card\" content=\"summary_large_image\" \/>\n<meta name=\"twitter:site\" content=\"@Gh0stysky\" \/>\n<meta name=\"twitter:label1\" content=\"Tiempo de lectura\" \/>\n\t<meta name=\"twitter:data1\" content=\"2 minutos\" \/>\n<script type=\"application\/ld+json\" class=\"yoast-schema-graph\">{\"@context\":\"https:\/\/schema.org\",\"@graph\":[{\"@type\":\"WebPage\",\"@id\":\"https:\/\/www.ghostysky.com\/product\/aplitop-tcpgps-for-android\/\",\"url\":\"https:\/\/www.ghostysky.com\/product\/aplitop-tcpgps-for-android\/\",\"name\":\"Aplitop tcpGPS for Android - Ghostysky\",\"isPartOf\":{\"@id\":\"https:\/\/www.ghostysky.com\/#website\"},\"primaryImageOfPage\":{\"@id\":\"https:\/\/www.ghostysky.com\/product\/aplitop-tcpgps-for-android\/#primaryimage\"},\"image\":{\"@id\":\"https:\/\/www.ghostysky.com\/product\/aplitop-tcpgps-for-android\/#primaryimage\"},\"thumbnailUrl\":\"https:\/\/www.ghostysky.com\/wp-content\/uploads\/2025\/10\/GH_tcpGPS-for-Android_1.webp\",\"datePublished\":\"2025-10-24T16:10:21+00:00\",\"dateModified\":\"2025-10-24T16:18:20+00:00\",\"description\":\"The Aplitop tcpGPS for Android is a professional-grade field application that transforms your Android smartphone or tablet into a complete solution for surveying and staking out using high-precision GNSS receivers.It is an all-in-one tool for topographers, engineers, and site technicians who need to perform accurate data collection for projects involving plots, urban areas, and infrastructure.\",\"breadcrumb\":{\"@id\":\"https:\/\/www.ghostysky.com\/product\/aplitop-tcpgps-for-android\/#breadcrumb\"},\"inLanguage\":\"es\",\"potentialAction\":[{\"@type\":\"ReadAction\",\"target\":[\"https:\/\/www.ghostysky.com\/product\/aplitop-tcpgps-for-android\/\"]}]},{\"@type\":\"ImageObject\",\"inLanguage\":\"es\",\"@id\":\"https:\/\/www.ghostysky.com\/product\/aplitop-tcpgps-for-android\/#primaryimage\",\"url\":\"https:\/\/www.ghostysky.com\/wp-content\/uploads\/2025\/10\/GH_tcpGPS-for-Android_1.webp\",\"contentUrl\":\"https:\/\/www.ghostysky.com\/wp-content\/uploads\/2025\/10\/GH_tcpGPS-for-Android_1.webp\",\"width\":240,\"height\":240},{\"@type\":\"BreadcrumbList\",\"@id\":\"https:\/\/www.ghostysky.com\/product\/aplitop-tcpgps-for-android\/#breadcrumb\",\"itemListElement\":[{\"@type\":\"ListItem\",\"position\":1,\"name\":\"Home\",\"item\":\"https:\/\/www.ghostysky.com\/\"},{\"@type\":\"ListItem\",\"position\":2,\"name\":\"Shop\",\"item\":\"https:\/\/www.ghostysky.com\/shop\/\"},{\"@type\":\"ListItem\",\"position\":3,\"name\":\"Aplitop tcpGPS for Android\"}]},{\"@type\":\"WebSite\",\"@id\":\"https:\/\/www.ghostysky.com\/#website\",\"url\":\"https:\/\/www.ghostysky.com\/\",\"name\":\"Ghostysky\",\"description\":\"Delivering professional drones and services\",\"publisher\":{\"@id\":\"https:\/\/www.ghostysky.com\/#organization\"},\"potentialAction\":[{\"@type\":\"SearchAction\",\"target\":{\"@type\":\"EntryPoint\",\"urlTemplate\":\"https:\/\/www.ghostysky.com\/?s={search_term_string}\"},\"query-input\":{\"@type\":\"PropertyValueSpecification\",\"valueRequired\":true,\"valueName\":\"search_term_string\"}}],\"inLanguage\":\"es\"},{\"@type\":\"Organization\",\"@id\":\"https:\/\/www.ghostysky.com\/#organization\",\"name\":\"Ghostysky\",\"url\":\"https:\/\/www.ghostysky.com\/\",\"logo\":{\"@type\":\"ImageObject\",\"inLanguage\":\"es\",\"@id\":\"https:\/\/www.ghostysky.com\/#\/schema\/logo\/image\/\",\"url\":\"https:\/\/www.ghostysky.com\/wp-content\/uploads\/2020\/06\/cropped-ghostyskylogo_text_white2.png\",\"contentUrl\":\"https:\/\/www.ghostysky.com\/wp-content\/uploads\/2020\/06\/cropped-ghostyskylogo_text_white2.png\",\"width\":169,\"height\":56,\"caption\":\"Ghostysky\"},\"image\":{\"@id\":\"https:\/\/www.ghostysky.com\/#\/schema\/logo\/image\/\"},\"sameAs\":[\"https:\/\/www.facebook.com\/people\/Ghostysky\/100057676170234\/\",\"https:\/\/x.com\/Gh0stysky\",\"https:\/\/www.linkedin.com\/company\/34739653\",\"https:\/\/www.instagram.com\/gh0stysky\"]}]}<\/script>\n<!-- \/ Yoast SEO plugin. -->","yoast_head_json":{"title":"Aplicaci\u00f3n tcpGPS para Android - Ghostysky","description":"Aplitop tcpGPS para Android es una aplicaci\u00f3n de campo de nivel profesional que transforma su tel\u00e9fono inteligente o tableta Android en una soluci\u00f3n completa para realizar topograf\u00eda y replanteo utilizando receptores GNSS de alta precisi\u00f3n. Es una herramienta todo en uno para top\u00f3grafos, ingenieros y t\u00e9cnicos de sitio que necesitan realizar una recopilaci\u00f3n de datos precisa para proyectos que involucran parcelas, \u00e1reas urbanas e infraestructura.","robots":{"index":"index","follow":"follow","max-snippet":"max-snippet:-1","max-image-preview":"max-image-preview:large","max-video-preview":"max-video-preview:-1"},"canonical":"https:\/\/www.ghostysky.com\/es\/producto-2\/aplitop-tcpgps-for-android\/","og_locale":"es_ES","og_type":"article","og_title":"Aplitop tcpGPS for Android - Ghostysky","og_description":"The Aplitop tcpGPS for Android is a professional-grade field application that transforms your Android smartphone or tablet into a complete solution for surveying and staking out using high-precision GNSS receivers.It is an all-in-one tool for topographers, engineers, and site technicians who need to perform accurate data collection for projects involving plots, urban areas, and infrastructure.","og_url":"https:\/\/www.ghostysky.com\/es\/producto-2\/aplitop-tcpgps-for-android\/","og_site_name":"Ghostysky","article_publisher":"https:\/\/www.facebook.com\/people\/Ghostysky\/100057676170234\/","article_modified_time":"2025-10-24T16:18:20+00:00","og_image":[{"width":240,"height":240,"url":"https:\/\/www.ghostysky.com\/wp-content\/uploads\/2025\/10\/GH_tcpGPS-for-Android_1.webp","type":"image\/webp"}],"twitter_card":"summary_large_image","twitter_site":"@Gh0stysky","twitter_misc":{"Tiempo de lectura":"2 minutos"},"schema":{"@context":"https:\/\/schema.org","@graph":[{"@type":"WebPage","@id":"https:\/\/www.ghostysky.com\/product\/aplitop-tcpgps-for-android\/","url":"https:\/\/www.ghostysky.com\/product\/aplitop-tcpgps-for-android\/","name":"Aplicaci\u00f3n tcpGPS para Android - Ghostysky","isPartOf":{"@id":"https:\/\/www.ghostysky.com\/#website"},"primaryImageOfPage":{"@id":"https:\/\/www.ghostysky.com\/product\/aplitop-tcpgps-for-android\/#primaryimage"},"image":{"@id":"https:\/\/www.ghostysky.com\/product\/aplitop-tcpgps-for-android\/#primaryimage"},"thumbnailUrl":"https:\/\/www.ghostysky.com\/wp-content\/uploads\/2025\/10\/GH_tcpGPS-for-Android_1.webp","datePublished":"2025-10-24T16:10:21+00:00","dateModified":"2025-10-24T16:18:20+00:00","description":"Aplitop tcpGPS para Android es una aplicaci\u00f3n de campo de nivel profesional que transforma su tel\u00e9fono inteligente o tableta Android en una soluci\u00f3n completa para realizar topograf\u00eda y replanteo utilizando receptores GNSS de alta precisi\u00f3n. Es una herramienta todo en uno para top\u00f3grafos, ingenieros y t\u00e9cnicos de sitio que necesitan realizar una recopilaci\u00f3n de datos precisa para proyectos que involucran parcelas, \u00e1reas urbanas e infraestructura.","breadcrumb":{"@id":"https:\/\/www.ghostysky.com\/product\/aplitop-tcpgps-for-android\/#breadcrumb"},"inLanguage":"es","potentialAction":[{"@type":"ReadAction","target":["https:\/\/www.ghostysky.com\/product\/aplitop-tcpgps-for-android\/"]}]},{"@type":"ImageObject","inLanguage":"es","@id":"https:\/\/www.ghostysky.com\/product\/aplitop-tcpgps-for-android\/#primaryimage","url":"https:\/\/www.ghostysky.com\/wp-content\/uploads\/2025\/10\/GH_tcpGPS-for-Android_1.webp","contentUrl":"https:\/\/www.ghostysky.com\/wp-content\/uploads\/2025\/10\/GH_tcpGPS-for-Android_1.webp","width":240,"height":240},{"@type":"BreadcrumbList","@id":"https:\/\/www.ghostysky.com\/product\/aplitop-tcpgps-for-android\/#breadcrumb","itemListElement":[{"@type":"ListItem","position":1,"name":"Home","item":"https:\/\/www.ghostysky.com\/"},{"@type":"ListItem","position":2,"name":"Shop","item":"https:\/\/www.ghostysky.com\/shop\/"},{"@type":"ListItem","position":3,"name":"Aplitop tcpGPS for Android"}]},{"@type":"WebSite","@id":"https:\/\/www.ghostysky.com\/#website","url":"https:\/\/www.ghostysky.com\/","name":"Ghostysky","description":"Entrega de drones y servicios profesionales","publisher":{"@id":"https:\/\/www.ghostysky.com\/#organization"},"potentialAction":[{"@type":"SearchAction","target":{"@type":"EntryPoint","urlTemplate":"https:\/\/www.ghostysky.com\/?s={search_term_string}"},"query-input":{"@type":"PropertyValueSpecification","valueRequired":true,"valueName":"search_term_string"}}],"inLanguage":"es"},{"@type":"Organization","@id":"https:\/\/www.ghostysky.com\/#organization","name":"Ghostysky","url":"https:\/\/www.ghostysky.com\/","logo":{"@type":"ImageObject","inLanguage":"es","@id":"https:\/\/www.ghostysky.com\/#\/schema\/logo\/image\/","url":"https:\/\/www.ghostysky.com\/wp-content\/uploads\/2020\/06\/cropped-ghostyskylogo_text_white2.png","contentUrl":"https:\/\/www.ghostysky.com\/wp-content\/uploads\/2020\/06\/cropped-ghostyskylogo_text_white2.png","width":169,"height":56,"caption":"Ghostysky"},"image":{"@id":"https:\/\/www.ghostysky.com\/#\/schema\/logo\/image\/"},"sameAs":["https:\/\/www.facebook.com\/people\/Ghostysky\/100057676170234\/","https:\/\/x.com\/Gh0stysky","https:\/\/www.linkedin.com\/company\/34739653","https:\/\/www.instagram.com\/gh0stysky"]}]}},"_links":{"self":[{"href":"https:\/\/www.ghostysky.com\/es\/wp-json\/wp\/v2\/product\/22472","targetHints":{"allow":["GET"]}}],"collection":[{"href":"https:\/\/www.ghostysky.com\/es\/wp-json\/wp\/v2\/product"}],"about":[{"href":"https:\/\/www.ghostysky.com\/es\/wp-json\/wp\/v2\/types\/product"}],"replies":[{"embeddable":true,"href":"https:\/\/www.ghostysky.com\/es\/wp-json\/wp\/v2\/comments?post=22472"}],"wp:featuredmedia":[{"embeddable":true,"href":"https:\/\/www.ghostysky.com\/es\/wp-json\/wp\/v2\/media\/22481"}],"wp:attachment":[{"href":"https:\/\/www.ghostysky.com\/es\/wp-json\/wp\/v2\/media?parent=22472"}],"wp:term":[{"taxonomy":"product_brand","embeddable":true,"href":"https:\/\/www.ghostysky.com\/es\/wp-json\/wp\/v2\/product_brand?post=22472"},{"taxonomy":"product_cat","embeddable":true,"href":"https:\/\/www.ghostysky.com\/es\/wp-json\/wp\/v2\/product_cat?post=22472"},{"taxonomy":"product_tag","embeddable":true,"href":"https:\/\/www.ghostysky.com\/es\/wp-json\/wp\/v2\/product_tag?post=22472"}],"curies":[{"name":"wp","href":"https:\/\/api.w.org\/{rel}","templated":true}]}}