{"id":22528,"date":"2025-10-25T07:40:24","date_gmt":"2025-10-25T07:40:24","guid":{"rendered":"https:\/\/www.ghostysky.com\/?post_type=product&#038;p=22528"},"modified":"2025-10-25T07:53:06","modified_gmt":"2025-10-25T07:53:06","slug":"aplitop-tcpmdt-professional","status":"publish","type":"product","link":"https:\/\/www.ghostysky.com\/es\/product\/aplitop-tcpmdt-professional\/","title":{"rendered":"Aplitop tcpMDT Profesional"},"content":{"rendered":"<h4>Caracter\u00edsticas y aplicaciones clave<\/h4>\n<ul>\n<li><b>Dise\u00f1o de Infraestructura:<\/b><span class=\"citation-22\"> Incluye herramientas para dise\u00f1ar <\/span><b><span class=\"citation-22\">alineaciones horizontales y verticales<\/span><\/b><span class=\"citation-22 citation-end-22\"> para carreteras y otras infraestructuras.<\/span><\/li>\n<li><b>Modelado digital del terreno (DTM):<\/b><span class=\"citation-21\"> Funciones avanzadas para crear, editar y analizar <\/span><b><span class=\"citation-21\">modelos digitales del terreno<\/span><\/b><span class=\"citation-21\">, generando <\/span><b><span class=\"citation-21\">l\u00edneas de contorno<\/span><\/b><span class=\"citation-21\">, y trabajar con superficies, incluidas herramientas para <\/span><b><span class=\"citation-21\">subrasantes<\/span><\/b><span class=\"citation-21 citation-end-21\"> y an\u00e1lisis de pendientes.<\/span><\/li>\n<li><b><span class=\"citation-20\">Movimiento de tierras y c\u00e1lculo de vol\u00famenes:<\/span><\/b><span class=\"citation-20\"> Caracter\u00edsticas para definir <\/span><b><span class=\"citation-20\">secciones transversales del proyecto<\/span><\/b><span class=\"citation-20\"> (plataformas, cunetas, taludes, capas de pavimento), calculando <\/span><b><span class=\"citation-20\">vol\u00famenes de corte y relleno<\/span><\/b><span class=\"citation-20\">, y generar informaci\u00f3n detallada <\/span><b><span class=\"citation-20\">informes de \u00e1rea y volumen<\/span><\/b><span class=\"citation-20 citation-end-20\">.<\/span><\/li>\n<li><b><span class=\"citation-19\">Dise\u00f1o de red:<\/span><\/b><span class=\"citation-19\"> Herramientas para dibujar y dise\u00f1ar <\/span><b><span class=\"citation-19\">redes de agua, alcantarillado y aguas pluviales<\/span><\/b><span class=\"citation-19 citation-end-19\">, incluyendo representaci\u00f3n en vista superior, perfil y secciones transversales.<\/span><\/li>\n<li><b><span class=\"citation-18\">Replanteo:<\/span><\/b><span class=\"citation-18\"> Herramientas integrales para <\/span><b><span class=\"citation-18\">replanteo<\/span><\/b><span class=\"citation-18 citation-end-18\"> carreteras y puntos aislados, generando listados de v\u00e9rtices de plataforma, pendientes, etc.<\/span><\/li>\n<li><b><span class=\"citation-17\">Integraci\u00f3n BIM y GIS:<\/span><\/b><span class=\"citation-17\"> Admite la integraci\u00f3n en <\/span><b><span class=\"citation-17\">Flujos de trabajo OpenBIM<\/span><\/b><span class=\"citation-17\"> a trav\u00e9s del intercambio de archivos est\u00e1ndar de la industria como <\/span><b><span class=\"citation-17\">Corporaci\u00f3n Financiera Internacional<\/span><\/b><span class=\"citation-17\"> y <\/span><b><span class=\"citation-17\">LandXML<\/span><\/b><span class=\"citation-17 citation-end-17\">.<\/span> <span class=\"citation-16\">Tambi\u00e9n permite la importaci\u00f3n y exportaci\u00f3n. <\/span><b><span class=\"citation-16\">Datos SIG<\/span><\/b><span class=\"citation-16 citation-end-16\"> y servicios de mapas web.<\/span><\/li>\n<li><b>Visualizaci\u00f3n y generaci\u00f3n de informes:<\/b><span class=\"citation-15\"> Las caracter\u00edsticas incluyen una <\/span><b><span class=\"citation-15\">recorrido virtual<\/span><\/b><span class=\"citation-15 citation-end-15\"> con exportaci\u00f3n a v\u00eddeo y generaci\u00f3n de informes detallados de mediciones, despegues de cantidades y presupuestos.<\/span><\/li>\n<li><b><span class=\"citation-14\">Integraci\u00f3n CAD:<\/span><\/b><span class=\"citation-14 citation-end-14\"> Su funcionalidad se integra perfectamente en el entorno CAD elegido por el usuario.<\/span><\/li>\n<\/ul>\n<p><span class=\"citation-13\">El software es adecuado para una amplia gama de proyectos, como por ejemplo: <\/span><b><span class=\"citation-13\">carreteras, desarrollos urbanos, canteras, miner\u00eda y proyectos ambientales<\/span><\/b><span class=\"citation-13 citation-end-13\">.<\/span><\/p>","protected":false},"excerpt":{"rendered":"<p><span class=\"citation-25\">El <\/span><b><span class=\"citation-25\">Aplitop tcpMDT Profesional<\/span><\/b><span class=\"citation-25\"> El software es un <\/span><b><span class=\"citation-25\">Soluci\u00f3n integral para proyectos de Topograf\u00eda e Ingenier\u00eda Civil<\/span><\/b><span class=\"citation-25 citation-end-25\">.<\/span> <span class=\"citation-24\">Funciona como un complemento para varias plataformas CAD, incluidas <\/span><b><span class=\"citation-24\">AutoCAD<\/span><\/b><span class=\"citation-24\">, <\/span><b><span class=\"citation-24\">BricsCAD<\/span><\/b><span class=\"citation-24\">, <\/span><b><span class=\"citation-24\">GstarCAD<\/span><\/b><span class=\"citation-24\">, y <\/span><b><span class=\"citation-24\">ZWCAD<\/span><\/b><span class=\"citation-24 citation-end-24\">, ofreciendo un conjunto de herramientas modular y vers\u00e1til.<\/span><\/p>\n<p><span class=\"citation-23\">Esta versi\u00f3n profesional est\u00e1 dise\u00f1ada para ayudar al usuario a trav\u00e9s de <\/span><b><span class=\"citation-23\">todas las etapas de un proyecto de Topograf\u00eda e Ingenier\u00eda Civil<\/span><\/b><span class=\"citation-23 citation-end-23\">, que abarca todas las funcionalidades de la versi\u00f3n est\u00e1ndar m\u00e1s capacidades avanzadas.<\/span><\/p>","protected":false},"featured_media":22523,"comment_status":"open","ping_status":"closed","template":"","meta":[],"product_brand":[1208],"product_cat":[1207,31],"product_tag":[1209,1213],"class_list":{"0":"post-22528","1":"product","2":"type-product","3":"status-publish","4":"has-post-thumbnail","6":"product_brand-aplitop","7":"product_cat-aplitop","8":"product_cat-software","9":"product_tag-aplitop","10":"product_tag-aplitop-tcpmdt-professional","12":"first","13":"instock","14":"taxable","15":"shipping-taxable","16":"purchasable","17":"product-type-simple"},"yoast_head":"<!-- This site is optimized with the Yoast SEO plugin v27.1.1 - https:\/\/yoast.com\/product\/yoast-seo-wordpress\/ -->\n<title>Aplitop tcpMDT Professional - Ghostysky<\/title>\n<meta name=\"description\" content=\"The Aplitop tcpMDT Professional software is a comprehensive solution for Land Surveying and Civil Engineering projects. It operates as a plugin for various CAD platforms, including AutoCAD, BricsCAD, GstarCAD, and ZWCAD, offering a modular and versatile set of tools.This professional version is designed to support the user through all stages of a Topography and Civil Engineering project, encompassing all functionalities of the Standard Version plus advanced capabilities.\" \/>\n<meta name=\"robots\" content=\"index, follow, max-snippet:-1, max-image-preview:large, max-video-preview:-1\" \/>\n<link rel=\"canonical\" href=\"https:\/\/www.ghostysky.com\/es\/producto-2\/aplitop-tcpmdt-professional\/\" \/>\n<meta property=\"og:locale\" content=\"es_ES\" \/>\n<meta property=\"og:type\" content=\"article\" \/>\n<meta property=\"og:title\" content=\"Aplitop tcpMDT Professional - Ghostysky\" \/>\n<meta property=\"og:description\" content=\"The Aplitop tcpMDT Professional software is a comprehensive solution for Land Surveying and Civil Engineering projects. It operates as a plugin for various CAD platforms, including AutoCAD, BricsCAD, GstarCAD, and ZWCAD, offering a modular and versatile set of tools.This professional version is designed to support the user through all stages of a Topography and Civil Engineering project, encompassing all functionalities of the Standard Version plus advanced capabilities.\" \/>\n<meta property=\"og:url\" content=\"https:\/\/www.ghostysky.com\/es\/producto-2\/aplitop-tcpmdt-professional\/\" \/>\n<meta property=\"og:site_name\" content=\"Ghostysky\" \/>\n<meta property=\"article:publisher\" content=\"https:\/\/www.facebook.com\/people\/Ghostysky\/100057676170234\/\" \/>\n<meta property=\"article:modified_time\" content=\"2025-10-25T07:53:06+00:00\" \/>\n<meta property=\"og:image\" content=\"https:\/\/www.ghostysky.com\/wp-content\/uploads\/2025\/10\/GH_tcpMDT_1.jpg\" \/>\n\t<meta property=\"og:image:width\" content=\"500\" \/>\n\t<meta property=\"og:image:height\" content=\"500\" \/>\n\t<meta property=\"og:image:type\" content=\"image\/jpeg\" \/>\n<meta name=\"twitter:card\" content=\"summary_large_image\" \/>\n<meta name=\"twitter:site\" content=\"@Gh0stysky\" \/>\n<meta name=\"twitter:label1\" content=\"Tiempo de lectura\" \/>\n\t<meta name=\"twitter:data1\" content=\"2 minutos\" \/>\n<script type=\"application\/ld+json\" class=\"yoast-schema-graph\">{\"@context\":\"https:\/\/schema.org\",\"@graph\":[{\"@type\":\"WebPage\",\"@id\":\"https:\/\/www.ghostysky.com\/product\/aplitop-tcpmdt-professional\/\",\"url\":\"https:\/\/www.ghostysky.com\/product\/aplitop-tcpmdt-professional\/\",\"name\":\"Aplitop tcpMDT Professional - Ghostysky\",\"isPartOf\":{\"@id\":\"https:\/\/www.ghostysky.com\/#website\"},\"primaryImageOfPage\":{\"@id\":\"https:\/\/www.ghostysky.com\/product\/aplitop-tcpmdt-professional\/#primaryimage\"},\"image\":{\"@id\":\"https:\/\/www.ghostysky.com\/product\/aplitop-tcpmdt-professional\/#primaryimage\"},\"thumbnailUrl\":\"https:\/\/www.ghostysky.com\/wp-content\/uploads\/2025\/10\/GH_tcpMDT_1.jpg\",\"datePublished\":\"2025-10-25T07:40:24+00:00\",\"dateModified\":\"2025-10-25T07:53:06+00:00\",\"description\":\"The Aplitop tcpMDT Professional software is a comprehensive solution for Land Surveying and Civil Engineering projects. It operates as a plugin for various CAD platforms, including AutoCAD, BricsCAD, GstarCAD, and ZWCAD, offering a modular and versatile set of tools.This professional version is designed to support the user through all stages of a Topography and Civil Engineering project, encompassing all functionalities of the Standard Version plus advanced capabilities.\",\"breadcrumb\":{\"@id\":\"https:\/\/www.ghostysky.com\/product\/aplitop-tcpmdt-professional\/#breadcrumb\"},\"inLanguage\":\"es\",\"potentialAction\":[{\"@type\":\"ReadAction\",\"target\":[\"https:\/\/www.ghostysky.com\/product\/aplitop-tcpmdt-professional\/\"]}]},{\"@type\":\"ImageObject\",\"inLanguage\":\"es\",\"@id\":\"https:\/\/www.ghostysky.com\/product\/aplitop-tcpmdt-professional\/#primaryimage\",\"url\":\"https:\/\/www.ghostysky.com\/wp-content\/uploads\/2025\/10\/GH_tcpMDT_1.jpg\",\"contentUrl\":\"https:\/\/www.ghostysky.com\/wp-content\/uploads\/2025\/10\/GH_tcpMDT_1.jpg\",\"width\":500,\"height\":500},{\"@type\":\"BreadcrumbList\",\"@id\":\"https:\/\/www.ghostysky.com\/product\/aplitop-tcpmdt-professional\/#breadcrumb\",\"itemListElement\":[{\"@type\":\"ListItem\",\"position\":1,\"name\":\"Home\",\"item\":\"https:\/\/www.ghostysky.com\/\"},{\"@type\":\"ListItem\",\"position\":2,\"name\":\"Shop\",\"item\":\"https:\/\/www.ghostysky.com\/shop\/\"},{\"@type\":\"ListItem\",\"position\":3,\"name\":\"Aplitop tcpMDT Professional\"}]},{\"@type\":\"WebSite\",\"@id\":\"https:\/\/www.ghostysky.com\/#website\",\"url\":\"https:\/\/www.ghostysky.com\/\",\"name\":\"Ghostysky\",\"description\":\"Delivering professional drones and services\",\"publisher\":{\"@id\":\"https:\/\/www.ghostysky.com\/#organization\"},\"potentialAction\":[{\"@type\":\"SearchAction\",\"target\":{\"@type\":\"EntryPoint\",\"urlTemplate\":\"https:\/\/www.ghostysky.com\/?s={search_term_string}\"},\"query-input\":{\"@type\":\"PropertyValueSpecification\",\"valueRequired\":true,\"valueName\":\"search_term_string\"}}],\"inLanguage\":\"es\"},{\"@type\":\"Organization\",\"@id\":\"https:\/\/www.ghostysky.com\/#organization\",\"name\":\"Ghostysky\",\"url\":\"https:\/\/www.ghostysky.com\/\",\"logo\":{\"@type\":\"ImageObject\",\"inLanguage\":\"es\",\"@id\":\"https:\/\/www.ghostysky.com\/#\/schema\/logo\/image\/\",\"url\":\"https:\/\/www.ghostysky.com\/wp-content\/uploads\/2020\/06\/cropped-ghostyskylogo_text_white2.png\",\"contentUrl\":\"https:\/\/www.ghostysky.com\/wp-content\/uploads\/2020\/06\/cropped-ghostyskylogo_text_white2.png\",\"width\":169,\"height\":56,\"caption\":\"Ghostysky\"},\"image\":{\"@id\":\"https:\/\/www.ghostysky.com\/#\/schema\/logo\/image\/\"},\"sameAs\":[\"https:\/\/www.facebook.com\/people\/Ghostysky\/100057676170234\/\",\"https:\/\/x.com\/Gh0stysky\",\"https:\/\/www.linkedin.com\/company\/34739653\",\"https:\/\/www.instagram.com\/gh0stysky\"]}]}<\/script>\n<!-- \/ Yoast SEO plugin. -->","yoast_head_json":{"title":"Aplitop tcpMDT Profesional - Ghostysky","description":"El software Aplitop tcpMDT Professional es una soluci\u00f3n integral para proyectos de Topograf\u00eda e Ingenier\u00eda Civil. Funciona como complemento para diversas plataformas CAD, como AutoCAD, BricsCAD, GstarCAD y ZWCAD, ofreciendo un conjunto de herramientas modular y vers\u00e1til. Esta versi\u00f3n profesional est\u00e1 dise\u00f1ada para acompa\u00f1ar al usuario en todas las etapas de un proyecto de Topograf\u00eda e Ingenier\u00eda Civil, incluyendo todas las funcionalidades de la versi\u00f3n est\u00e1ndar y funciones avanzadas.","robots":{"index":"index","follow":"follow","max-snippet":"max-snippet:-1","max-image-preview":"max-image-preview:large","max-video-preview":"max-video-preview:-1"},"canonical":"https:\/\/www.ghostysky.com\/es\/producto-2\/aplitop-tcpmdt-professional\/","og_locale":"es_ES","og_type":"article","og_title":"Aplitop tcpMDT Professional - Ghostysky","og_description":"The Aplitop tcpMDT Professional software is a comprehensive solution for Land Surveying and Civil Engineering projects. It operates as a plugin for various CAD platforms, including AutoCAD, BricsCAD, GstarCAD, and ZWCAD, offering a modular and versatile set of tools.This professional version is designed to support the user through all stages of a Topography and Civil Engineering project, encompassing all functionalities of the Standard Version plus advanced capabilities.","og_url":"https:\/\/www.ghostysky.com\/es\/producto-2\/aplitop-tcpmdt-professional\/","og_site_name":"Ghostysky","article_publisher":"https:\/\/www.facebook.com\/people\/Ghostysky\/100057676170234\/","article_modified_time":"2025-10-25T07:53:06+00:00","og_image":[{"width":500,"height":500,"url":"https:\/\/www.ghostysky.com\/wp-content\/uploads\/2025\/10\/GH_tcpMDT_1.jpg","type":"image\/jpeg"}],"twitter_card":"summary_large_image","twitter_site":"@Gh0stysky","twitter_misc":{"Tiempo de lectura":"2 minutos"},"schema":{"@context":"https:\/\/schema.org","@graph":[{"@type":"WebPage","@id":"https:\/\/www.ghostysky.com\/product\/aplitop-tcpmdt-professional\/","url":"https:\/\/www.ghostysky.com\/product\/aplitop-tcpmdt-professional\/","name":"Aplitop tcpMDT Profesional - Ghostysky","isPartOf":{"@id":"https:\/\/www.ghostysky.com\/#website"},"primaryImageOfPage":{"@id":"https:\/\/www.ghostysky.com\/product\/aplitop-tcpmdt-professional\/#primaryimage"},"image":{"@id":"https:\/\/www.ghostysky.com\/product\/aplitop-tcpmdt-professional\/#primaryimage"},"thumbnailUrl":"https:\/\/www.ghostysky.com\/wp-content\/uploads\/2025\/10\/GH_tcpMDT_1.jpg","datePublished":"2025-10-25T07:40:24+00:00","dateModified":"2025-10-25T07:53:06+00:00","description":"El software Aplitop tcpMDT Professional es una soluci\u00f3n integral para proyectos de Topograf\u00eda e Ingenier\u00eda Civil. Funciona como complemento para diversas plataformas CAD, como AutoCAD, BricsCAD, GstarCAD y ZWCAD, ofreciendo un conjunto de herramientas modular y vers\u00e1til. Esta versi\u00f3n profesional est\u00e1 dise\u00f1ada para acompa\u00f1ar al usuario en todas las etapas de un proyecto de Topograf\u00eda e Ingenier\u00eda Civil, incluyendo todas las funcionalidades de la versi\u00f3n est\u00e1ndar y funciones avanzadas.","breadcrumb":{"@id":"https:\/\/www.ghostysky.com\/product\/aplitop-tcpmdt-professional\/#breadcrumb"},"inLanguage":"es","potentialAction":[{"@type":"ReadAction","target":["https:\/\/www.ghostysky.com\/product\/aplitop-tcpmdt-professional\/"]}]},{"@type":"ImageObject","inLanguage":"es","@id":"https:\/\/www.ghostysky.com\/product\/aplitop-tcpmdt-professional\/#primaryimage","url":"https:\/\/www.ghostysky.com\/wp-content\/uploads\/2025\/10\/GH_tcpMDT_1.jpg","contentUrl":"https:\/\/www.ghostysky.com\/wp-content\/uploads\/2025\/10\/GH_tcpMDT_1.jpg","width":500,"height":500},{"@type":"BreadcrumbList","@id":"https:\/\/www.ghostysky.com\/product\/aplitop-tcpmdt-professional\/#breadcrumb","itemListElement":[{"@type":"ListItem","position":1,"name":"Home","item":"https:\/\/www.ghostysky.com\/"},{"@type":"ListItem","position":2,"name":"Shop","item":"https:\/\/www.ghostysky.com\/shop\/"},{"@type":"ListItem","position":3,"name":"Aplitop tcpMDT Professional"}]},{"@type":"WebSite","@id":"https:\/\/www.ghostysky.com\/#website","url":"https:\/\/www.ghostysky.com\/","name":"Ghostysky","description":"Entrega de drones y servicios profesionales","publisher":{"@id":"https:\/\/www.ghostysky.com\/#organization"},"potentialAction":[{"@type":"SearchAction","target":{"@type":"EntryPoint","urlTemplate":"https:\/\/www.ghostysky.com\/?s={search_term_string}"},"query-input":{"@type":"PropertyValueSpecification","valueRequired":true,"valueName":"search_term_string"}}],"inLanguage":"es"},{"@type":"Organization","@id":"https:\/\/www.ghostysky.com\/#organization","name":"Ghostysky","url":"https:\/\/www.ghostysky.com\/","logo":{"@type":"ImageObject","inLanguage":"es","@id":"https:\/\/www.ghostysky.com\/#\/schema\/logo\/image\/","url":"https:\/\/www.ghostysky.com\/wp-content\/uploads\/2020\/06\/cropped-ghostyskylogo_text_white2.png","contentUrl":"https:\/\/www.ghostysky.com\/wp-content\/uploads\/2020\/06\/cropped-ghostyskylogo_text_white2.png","width":169,"height":56,"caption":"Ghostysky"},"image":{"@id":"https:\/\/www.ghostysky.com\/#\/schema\/logo\/image\/"},"sameAs":["https:\/\/www.facebook.com\/people\/Ghostysky\/100057676170234\/","https:\/\/x.com\/Gh0stysky","https:\/\/www.linkedin.com\/company\/34739653","https:\/\/www.instagram.com\/gh0stysky"]}]}},"_links":{"self":[{"href":"https:\/\/www.ghostysky.com\/es\/wp-json\/wp\/v2\/product\/22528","targetHints":{"allow":["GET"]}}],"collection":[{"href":"https:\/\/www.ghostysky.com\/es\/wp-json\/wp\/v2\/product"}],"about":[{"href":"https:\/\/www.ghostysky.com\/es\/wp-json\/wp\/v2\/types\/product"}],"replies":[{"embeddable":true,"href":"https:\/\/www.ghostysky.com\/es\/wp-json\/wp\/v2\/comments?post=22528"}],"wp:featuredmedia":[{"embeddable":true,"href":"https:\/\/www.ghostysky.com\/es\/wp-json\/wp\/v2\/media\/22523"}],"wp:attachment":[{"href":"https:\/\/www.ghostysky.com\/es\/wp-json\/wp\/v2\/media?parent=22528"}],"wp:term":[{"taxonomy":"product_brand","embeddable":true,"href":"https:\/\/www.ghostysky.com\/es\/wp-json\/wp\/v2\/product_brand?post=22528"},{"taxonomy":"product_cat","embeddable":true,"href":"https:\/\/www.ghostysky.com\/es\/wp-json\/wp\/v2\/product_cat?post=22528"},{"taxonomy":"product_tag","embeddable":true,"href":"https:\/\/www.ghostysky.com\/es\/wp-json\/wp\/v2\/product_tag?post=22528"}],"curies":[{"name":"wp","href":"https:\/\/api.w.org\/{rel}","templated":true}]}}