{"id":22570,"date":"2025-10-26T09:42:07","date_gmt":"2025-10-26T09:42:07","guid":{"rendered":"https:\/\/www.ghostysky.com\/?post_type=product&#038;p=22570"},"modified":"2025-10-26T20:16:50","modified_gmt":"2025-10-26T20:16:50","slug":"aplitop-tcpmdt-standard-surveying","status":"publish","type":"product","link":"https:\/\/www.ghostysky.com\/es\/product\/aplitop-tcpmdt-standard-surveying\/","title":{"rendered":"Aplitop tcpMDT Est\u00e1ndar + Topograf\u00eda"},"content":{"rendered":"<h4>Funcionalidades clave<\/h4>\n<ul>\n<li><span class=\"citation-50\">Generando <\/span><b><span class=\"citation-50 citation-end-50\">l\u00edneas de contorno<\/span><\/b><\/li>\n<li><span class=\"citation-49\">Dibujo <\/span><b><span class=\"citation-49 citation-end-49\">perfiles longitudinales y transversales<\/span><\/b><\/li>\n<li><span class=\"citation-48\">Calculador <\/span><b><span class=\"citation-48 citation-end-48\">vol\u00famenes<\/span><\/b><\/li>\n<li><b><span class=\"citation-47 citation-end-47\">Visualizaci\u00f3n 3D<\/span><\/b><\/li>\n<li><span class=\"citation-46\">Creando <\/span><b><span class=\"citation-46 citation-end-46\">mapas de pendientes<\/span><\/b><\/li>\n<li><b><span class=\"citation-45 citation-end-45\">Importaci\u00f3n y exportaci\u00f3n de SIG<\/span><\/b><\/li>\n<li><span class=\"citation-44\">Herramientas para trabajar con <\/span><b><span class=\"citation-44\">paquetes<\/span><\/b><span class=\"citation-44 citation-end-44\"> y varias utilidades<\/span>\n<div class=\"source-inline-chip-container ng-star-inserted\"><\/div>\n<\/li>\n<\/ul>\n<p><span class=\"citation-43\">El incluido <\/span><b><span class=\"citation-43\">Agrimensura<\/span><\/b><span class=\"citation-43\"> El m\u00f3dulo mejora este paquete, ofreciendo herramientas especializadas para <\/span><b><span class=\"citation-43\">c\u00e1lculos topogr\u00e1ficos y procesamiento de observaciones de estaciones totales<\/span><\/b><span class=\"citation-43 citation-end-43\">.<\/span> Esto es muy beneficioso para:<\/p>\n<ul>\n<li><span class=\"citation-42\">Calculador <\/span><b><span class=\"citation-42 citation-end-42\">coordenadas de puntos<\/span><\/b><\/li>\n<li><span class=\"citation-41\">Compensaci\u00f3n <\/span><b><span class=\"citation-41 citation-end-41\">traves\u00edas y redes<\/span><\/b><\/li>\n<li><span class=\"citation-40\">Amaestrado <\/span><b><span class=\"citation-40 citation-end-40\">transformaciones de coordenadas<\/span><\/b>\n<div class=\"source-inline-chip-container ng-star-inserted\"><\/div>\n<\/li>\n<\/ul>\n<p><span class=\"citation-39\">Este paquete combinado es adecuado para diversos proyectos como carreteras, urbanizaciones y canteras, y facilita la integraci\u00f3n en <\/span><b><span class=\"citation-39\">Flujos de trabajo OpenBIM<\/span><\/b><span class=\"citation-39 citation-end-39\"> a trav\u00e9s de intercambios de archivos como IFC y LandXML.<\/span><\/p>","protected":false},"excerpt":{"rendered":"<p><b><span class=\"citation-53\">Aplitop tcpMDT Est\u00e1ndar + Topograf\u00eda<\/span><\/b><span class=\"citation-53\"> es una soluci\u00f3n de software integral dise\u00f1ada para <\/span><b><span class=\"citation-53\">topograf\u00eda e ingenier\u00eda civil<\/span><\/b><span class=\"citation-53 citation-end-53\"> proyectos, proporcionando herramientas esenciales para el modelado del terreno y el procesamiento de datos.<\/span><\/p>\n<p><span class=\"citation-52\">El n\u00facleo <\/span><b><span class=\"citation-52\">tcpMDT<\/span><\/b><span class=\"citation-52\"> La aplicaci\u00f3n funciona como una <\/span><b><span class=\"citation-52\">complemento<\/span><\/b><span class=\"citation-52 citation-end-52\"> para plataformas CAD populares como AutoCAD, BricsCAD, GstarCAD o ZWCAD, ofreciendo una amplia gama de herramientas f\u00e1ciles de usar.<\/span> <span class=\"citation-51\">La versi\u00f3n est\u00e1ndar permite <\/span><b><span class=\"citation-51\">modelado del terreno<\/span><\/b><span class=\"citation-51 citation-end-51\"> utilizando datos de estaciones totales, receptores GNSS, importaciones de archivos o servicios web.<\/span><\/p>","protected":false},"featured_media":22523,"comment_status":"open","ping_status":"closed","template":"","meta":[],"product_brand":[1208],"product_cat":[1207,31],"product_tag":[1209,1214],"class_list":{"0":"post-22570","1":"product","2":"type-product","3":"status-publish","4":"has-post-thumbnail","6":"product_brand-aplitop","7":"product_cat-aplitop","8":"product_cat-software","9":"product_tag-aplitop","10":"product_tag-aplitop-tcpmdt-standard-surveying","12":"first","13":"instock","14":"taxable","15":"shipping-taxable","16":"purchasable","17":"product-type-simple"},"yoast_head":"<!-- This site is optimized with the Yoast SEO plugin v27.1.1 - https:\/\/yoast.com\/product\/yoast-seo-wordpress\/ -->\n<title>Aplitop tcpMDT Standard + Surveying - Ghostysky<\/title>\n<meta name=\"description\" content=\"Aplitop tcpMDT Standard + Surveying is a comprehensive software solution designed for surveying and civil engineering projects, providing essential tools for terrain modeling and data processing.The core tcpMDT application functions as a plug-in for popular CAD platforms like AutoCAD, BricsCAD, GstarCAD, or ZWCAD, offering a wide array of easy-to-use tools. The standard version allows for terrain modeling using data from total stations, GNSS receivers, file imports, or web services.\" \/>\n<meta name=\"robots\" content=\"index, follow, max-snippet:-1, max-image-preview:large, max-video-preview:-1\" \/>\n<link rel=\"canonical\" href=\"https:\/\/www.ghostysky.com\/es\/producto-2\/aplitop-tcpmdt-standard-surveying\/\" \/>\n<meta property=\"og:locale\" content=\"es_ES\" \/>\n<meta property=\"og:type\" content=\"article\" \/>\n<meta property=\"og:title\" content=\"Aplitop tcpMDT Standard + Surveying - Ghostysky\" \/>\n<meta property=\"og:description\" content=\"Aplitop tcpMDT Standard + Surveying is a comprehensive software solution designed for surveying and civil engineering projects, providing essential tools for terrain modeling and data processing.The core tcpMDT application functions as a plug-in for popular CAD platforms like AutoCAD, BricsCAD, GstarCAD, or ZWCAD, offering a wide array of easy-to-use tools. The standard version allows for terrain modeling using data from total stations, GNSS receivers, file imports, or web services.\" \/>\n<meta property=\"og:url\" content=\"https:\/\/www.ghostysky.com\/es\/producto-2\/aplitop-tcpmdt-standard-surveying\/\" \/>\n<meta property=\"og:site_name\" content=\"Ghostysky\" \/>\n<meta property=\"article:publisher\" content=\"https:\/\/www.facebook.com\/people\/Ghostysky\/100057676170234\/\" \/>\n<meta property=\"article:modified_time\" content=\"2025-10-26T20:16:50+00:00\" \/>\n<meta property=\"og:image\" content=\"https:\/\/www.ghostysky.com\/wp-content\/uploads\/2025\/10\/GH_tcpMDT_1.jpg\" \/>\n\t<meta property=\"og:image:width\" content=\"500\" \/>\n\t<meta property=\"og:image:height\" content=\"500\" \/>\n\t<meta property=\"og:image:type\" content=\"image\/jpeg\" \/>\n<meta name=\"twitter:card\" content=\"summary_large_image\" \/>\n<meta name=\"twitter:site\" content=\"@Gh0stysky\" \/>\n<meta name=\"twitter:label1\" content=\"Tiempo de lectura\" \/>\n\t<meta name=\"twitter:data1\" content=\"1 minuto\" \/>\n<script type=\"application\/ld+json\" class=\"yoast-schema-graph\">{\"@context\":\"https:\/\/schema.org\",\"@graph\":[{\"@type\":\"WebPage\",\"@id\":\"https:\/\/www.ghostysky.com\/product\/aplitop-tcpmdt-standard-surveying\/\",\"url\":\"https:\/\/www.ghostysky.com\/product\/aplitop-tcpmdt-standard-surveying\/\",\"name\":\"Aplitop tcpMDT Standard + Surveying - Ghostysky\",\"isPartOf\":{\"@id\":\"https:\/\/www.ghostysky.com\/#website\"},\"primaryImageOfPage\":{\"@id\":\"https:\/\/www.ghostysky.com\/product\/aplitop-tcpmdt-standard-surveying\/#primaryimage\"},\"image\":{\"@id\":\"https:\/\/www.ghostysky.com\/product\/aplitop-tcpmdt-standard-surveying\/#primaryimage\"},\"thumbnailUrl\":\"https:\/\/www.ghostysky.com\/wp-content\/uploads\/2025\/10\/GH_tcpMDT_1.jpg\",\"datePublished\":\"2025-10-26T09:42:07+00:00\",\"dateModified\":\"2025-10-26T20:16:50+00:00\",\"description\":\"Aplitop tcpMDT Standard + Surveying is a comprehensive software solution designed for surveying and civil engineering projects, providing essential tools for terrain modeling and data processing.The core tcpMDT application functions as a plug-in for popular CAD platforms like AutoCAD, BricsCAD, GstarCAD, or ZWCAD, offering a wide array of easy-to-use tools. The standard version allows for terrain modeling using data from total stations, GNSS receivers, file imports, or web services.\",\"breadcrumb\":{\"@id\":\"https:\/\/www.ghostysky.com\/product\/aplitop-tcpmdt-standard-surveying\/#breadcrumb\"},\"inLanguage\":\"es\",\"potentialAction\":[{\"@type\":\"ReadAction\",\"target\":[\"https:\/\/www.ghostysky.com\/product\/aplitop-tcpmdt-standard-surveying\/\"]}]},{\"@type\":\"ImageObject\",\"inLanguage\":\"es\",\"@id\":\"https:\/\/www.ghostysky.com\/product\/aplitop-tcpmdt-standard-surveying\/#primaryimage\",\"url\":\"https:\/\/www.ghostysky.com\/wp-content\/uploads\/2025\/10\/GH_tcpMDT_1.jpg\",\"contentUrl\":\"https:\/\/www.ghostysky.com\/wp-content\/uploads\/2025\/10\/GH_tcpMDT_1.jpg\",\"width\":500,\"height\":500},{\"@type\":\"BreadcrumbList\",\"@id\":\"https:\/\/www.ghostysky.com\/product\/aplitop-tcpmdt-standard-surveying\/#breadcrumb\",\"itemListElement\":[{\"@type\":\"ListItem\",\"position\":1,\"name\":\"Home\",\"item\":\"https:\/\/www.ghostysky.com\/\"},{\"@type\":\"ListItem\",\"position\":2,\"name\":\"Shop\",\"item\":\"https:\/\/www.ghostysky.com\/shop\/\"},{\"@type\":\"ListItem\",\"position\":3,\"name\":\"Aplitop tcpMDT Standard + Surveying\"}]},{\"@type\":\"WebSite\",\"@id\":\"https:\/\/www.ghostysky.com\/#website\",\"url\":\"https:\/\/www.ghostysky.com\/\",\"name\":\"Ghostysky\",\"description\":\"Delivering professional drones and services\",\"publisher\":{\"@id\":\"https:\/\/www.ghostysky.com\/#organization\"},\"potentialAction\":[{\"@type\":\"SearchAction\",\"target\":{\"@type\":\"EntryPoint\",\"urlTemplate\":\"https:\/\/www.ghostysky.com\/?s={search_term_string}\"},\"query-input\":{\"@type\":\"PropertyValueSpecification\",\"valueRequired\":true,\"valueName\":\"search_term_string\"}}],\"inLanguage\":\"es\"},{\"@type\":\"Organization\",\"@id\":\"https:\/\/www.ghostysky.com\/#organization\",\"name\":\"Ghostysky\",\"url\":\"https:\/\/www.ghostysky.com\/\",\"logo\":{\"@type\":\"ImageObject\",\"inLanguage\":\"es\",\"@id\":\"https:\/\/www.ghostysky.com\/#\/schema\/logo\/image\/\",\"url\":\"https:\/\/www.ghostysky.com\/wp-content\/uploads\/2020\/06\/cropped-ghostyskylogo_text_white2.png\",\"contentUrl\":\"https:\/\/www.ghostysky.com\/wp-content\/uploads\/2020\/06\/cropped-ghostyskylogo_text_white2.png\",\"width\":169,\"height\":56,\"caption\":\"Ghostysky\"},\"image\":{\"@id\":\"https:\/\/www.ghostysky.com\/#\/schema\/logo\/image\/\"},\"sameAs\":[\"https:\/\/www.facebook.com\/people\/Ghostysky\/100057676170234\/\",\"https:\/\/x.com\/Gh0stysky\",\"https:\/\/www.linkedin.com\/company\/34739653\",\"https:\/\/www.instagram.com\/gh0stysky\"]}]}<\/script>\n<!-- \/ Yoast SEO plugin. -->","yoast_head_json":{"title":"Aplitop tcpMDT Est\u00e1ndar + Topograf\u00eda - Ghostysky","description":"Aplitop tcpMDT Standard + Surveying es una soluci\u00f3n de software integral dise\u00f1ada para proyectos de topograf\u00eda e ingenier\u00eda civil, que proporciona herramientas esenciales para el modelado de terrenos y el procesamiento de datos. La aplicaci\u00f3n principal, tcpMDT, funciona como complemento para plataformas CAD populares como AutoCAD, BricsCAD, GstarCAD o ZWCAD, ofreciendo una amplia gama de herramientas f\u00e1ciles de usar. La versi\u00f3n est\u00e1ndar permite el modelado de terrenos utilizando datos de estaciones totales, receptores GNSS, importaci\u00f3n de archivos o servicios web.","robots":{"index":"index","follow":"follow","max-snippet":"max-snippet:-1","max-image-preview":"max-image-preview:large","max-video-preview":"max-video-preview:-1"},"canonical":"https:\/\/www.ghostysky.com\/es\/producto-2\/aplitop-tcpmdt-standard-surveying\/","og_locale":"es_ES","og_type":"article","og_title":"Aplitop tcpMDT Standard + Surveying - Ghostysky","og_description":"Aplitop tcpMDT Standard + Surveying is a comprehensive software solution designed for surveying and civil engineering projects, providing essential tools for terrain modeling and data processing.The core tcpMDT application functions as a plug-in for popular CAD platforms like AutoCAD, BricsCAD, GstarCAD, or ZWCAD, offering a wide array of easy-to-use tools. The standard version allows for terrain modeling using data from total stations, GNSS receivers, file imports, or web services.","og_url":"https:\/\/www.ghostysky.com\/es\/producto-2\/aplitop-tcpmdt-standard-surveying\/","og_site_name":"Ghostysky","article_publisher":"https:\/\/www.facebook.com\/people\/Ghostysky\/100057676170234\/","article_modified_time":"2025-10-26T20:16:50+00:00","og_image":[{"width":500,"height":500,"url":"https:\/\/www.ghostysky.com\/wp-content\/uploads\/2025\/10\/GH_tcpMDT_1.jpg","type":"image\/jpeg"}],"twitter_card":"summary_large_image","twitter_site":"@Gh0stysky","twitter_misc":{"Tiempo de lectura":"1 minuto"},"schema":{"@context":"https:\/\/schema.org","@graph":[{"@type":"WebPage","@id":"https:\/\/www.ghostysky.com\/product\/aplitop-tcpmdt-standard-surveying\/","url":"https:\/\/www.ghostysky.com\/product\/aplitop-tcpmdt-standard-surveying\/","name":"Aplitop tcpMDT Est\u00e1ndar + Topograf\u00eda - Ghostysky","isPartOf":{"@id":"https:\/\/www.ghostysky.com\/#website"},"primaryImageOfPage":{"@id":"https:\/\/www.ghostysky.com\/product\/aplitop-tcpmdt-standard-surveying\/#primaryimage"},"image":{"@id":"https:\/\/www.ghostysky.com\/product\/aplitop-tcpmdt-standard-surveying\/#primaryimage"},"thumbnailUrl":"https:\/\/www.ghostysky.com\/wp-content\/uploads\/2025\/10\/GH_tcpMDT_1.jpg","datePublished":"2025-10-26T09:42:07+00:00","dateModified":"2025-10-26T20:16:50+00:00","description":"Aplitop tcpMDT Standard + Surveying es una soluci\u00f3n de software integral dise\u00f1ada para proyectos de topograf\u00eda e ingenier\u00eda civil, que proporciona herramientas esenciales para el modelado de terrenos y el procesamiento de datos. La aplicaci\u00f3n principal, tcpMDT, funciona como complemento para plataformas CAD populares como AutoCAD, BricsCAD, GstarCAD o ZWCAD, ofreciendo una amplia gama de herramientas f\u00e1ciles de usar. La versi\u00f3n est\u00e1ndar permite el modelado de terrenos utilizando datos de estaciones totales, receptores GNSS, importaci\u00f3n de archivos o servicios web.","breadcrumb":{"@id":"https:\/\/www.ghostysky.com\/product\/aplitop-tcpmdt-standard-surveying\/#breadcrumb"},"inLanguage":"es","potentialAction":[{"@type":"ReadAction","target":["https:\/\/www.ghostysky.com\/product\/aplitop-tcpmdt-standard-surveying\/"]}]},{"@type":"ImageObject","inLanguage":"es","@id":"https:\/\/www.ghostysky.com\/product\/aplitop-tcpmdt-standard-surveying\/#primaryimage","url":"https:\/\/www.ghostysky.com\/wp-content\/uploads\/2025\/10\/GH_tcpMDT_1.jpg","contentUrl":"https:\/\/www.ghostysky.com\/wp-content\/uploads\/2025\/10\/GH_tcpMDT_1.jpg","width":500,"height":500},{"@type":"BreadcrumbList","@id":"https:\/\/www.ghostysky.com\/product\/aplitop-tcpmdt-standard-surveying\/#breadcrumb","itemListElement":[{"@type":"ListItem","position":1,"name":"Home","item":"https:\/\/www.ghostysky.com\/"},{"@type":"ListItem","position":2,"name":"Shop","item":"https:\/\/www.ghostysky.com\/shop\/"},{"@type":"ListItem","position":3,"name":"Aplitop tcpMDT Standard + Surveying"}]},{"@type":"WebSite","@id":"https:\/\/www.ghostysky.com\/#website","url":"https:\/\/www.ghostysky.com\/","name":"Ghostysky","description":"Entrega de drones y servicios profesionales","publisher":{"@id":"https:\/\/www.ghostysky.com\/#organization"},"potentialAction":[{"@type":"SearchAction","target":{"@type":"EntryPoint","urlTemplate":"https:\/\/www.ghostysky.com\/?s={search_term_string}"},"query-input":{"@type":"PropertyValueSpecification","valueRequired":true,"valueName":"search_term_string"}}],"inLanguage":"es"},{"@type":"Organization","@id":"https:\/\/www.ghostysky.com\/#organization","name":"Ghostysky","url":"https:\/\/www.ghostysky.com\/","logo":{"@type":"ImageObject","inLanguage":"es","@id":"https:\/\/www.ghostysky.com\/#\/schema\/logo\/image\/","url":"https:\/\/www.ghostysky.com\/wp-content\/uploads\/2020\/06\/cropped-ghostyskylogo_text_white2.png","contentUrl":"https:\/\/www.ghostysky.com\/wp-content\/uploads\/2020\/06\/cropped-ghostyskylogo_text_white2.png","width":169,"height":56,"caption":"Ghostysky"},"image":{"@id":"https:\/\/www.ghostysky.com\/#\/schema\/logo\/image\/"},"sameAs":["https:\/\/www.facebook.com\/people\/Ghostysky\/100057676170234\/","https:\/\/x.com\/Gh0stysky","https:\/\/www.linkedin.com\/company\/34739653","https:\/\/www.instagram.com\/gh0stysky"]}]}},"_links":{"self":[{"href":"https:\/\/www.ghostysky.com\/es\/wp-json\/wp\/v2\/product\/22570","targetHints":{"allow":["GET"]}}],"collection":[{"href":"https:\/\/www.ghostysky.com\/es\/wp-json\/wp\/v2\/product"}],"about":[{"href":"https:\/\/www.ghostysky.com\/es\/wp-json\/wp\/v2\/types\/product"}],"replies":[{"embeddable":true,"href":"https:\/\/www.ghostysky.com\/es\/wp-json\/wp\/v2\/comments?post=22570"}],"wp:featuredmedia":[{"embeddable":true,"href":"https:\/\/www.ghostysky.com\/es\/wp-json\/wp\/v2\/media\/22523"}],"wp:attachment":[{"href":"https:\/\/www.ghostysky.com\/es\/wp-json\/wp\/v2\/media?parent=22570"}],"wp:term":[{"taxonomy":"product_brand","embeddable":true,"href":"https:\/\/www.ghostysky.com\/es\/wp-json\/wp\/v2\/product_brand?post=22570"},{"taxonomy":"product_cat","embeddable":true,"href":"https:\/\/www.ghostysky.com\/es\/wp-json\/wp\/v2\/product_cat?post=22570"},{"taxonomy":"product_tag","embeddable":true,"href":"https:\/\/www.ghostysky.com\/es\/wp-json\/wp\/v2\/product_tag?post=22570"}],"curies":[{"name":"wp","href":"https:\/\/api.w.org\/{rel}","templated":true}]}}