{"id":22574,"date":"2025-10-28T06:40:00","date_gmt":"2025-10-28T06:40:00","guid":{"rendered":"https:\/\/www.ghostysky.com\/?post_type=product&#038;p=22574"},"modified":"2025-10-28T06:48:58","modified_gmt":"2025-10-28T06:48:58","slug":"tcpmdt-professional-surveying","status":"publish","type":"product","link":"https:\/\/www.ghostysky.com\/es\/product\/tcpmdt-professional-surveying\/","title":{"rendered":"tcpMDT Profesional + Topograf\u00eda"},"content":{"rendered":"<h3>Caracter\u00edsticas y funcionalidades clave<\/h3>\n<h4>1. Topograf\u00eda y procesamiento de datos<\/h4>\n<p><span class=\"citation-71\">El <\/span><b><span class=\"citation-71\">M\u00f3dulo de topograf\u00eda<\/span><\/b><span class=\"citation-71 citation-end-71\"> Proporciona herramientas esenciales para el procesamiento inicial de datos:<\/span><\/p>\n<ul>\n<li><b><span class=\"citation-70\">Datos de estaci\u00f3n total y GNSS:<\/span><\/b><span class=\"citation-70 citation-end-70\"> Importa y procesa observaciones de estaciones totales y receptores GNSS (GPS\/GLONASS).<\/span><\/li>\n<li><b><span class=\"citation-69\">Transformaciones de coordenadas:<\/span><\/b><span class=\"citation-69 citation-end-69\"> Realiza transformaciones de coordenadas globales y locales, incluida la base de datos EPSG de sistemas de referencia organizados por pa\u00eds.<\/span><\/li>\n<li><b><span class=\"citation-68\">C\u00e1lculos geod\u00e9sicos:<\/span><\/b><span class=\"citation-68 citation-end-68\"> Calcula coordenadas de puntos y ajusta traves\u00edas y redes para un posicionamiento espacial preciso.<\/span><\/li>\n<\/ul>\n<p>&nbsp;<\/p>\n<h4>2. <span class=\"citation-67 citation-end-67\">Modelado digital del terreno (DTM) y movimiento de tierras<\/span><\/h4>\n<ul>\n<li><b>Modelado del terreno:<\/b><span class=\"citation-66 citation-end-66\"> Crea, edita y analiza modelos digitales de terreno (DTM) a partir de puntos medidos o nubes de puntos.<\/span><\/li>\n<li><b>Visualizaci\u00f3n y an\u00e1lisis:<\/b><span class=\"citation-65\"> Genera <\/span><b><span class=\"citation-65\">l\u00edneas de contorno<\/span><\/b><span class=\"citation-65 citation-end-65\">, mapas de pendientes, mapas de sombras, mapas de elevaci\u00f3n y mapas de visibilidad.<\/span> <span class=\"citation-64\">Incluye un realista <\/span><b><span class=\"citation-64\">Representaci\u00f3n 3D<\/span><\/b><span class=\"citation-64 citation-end-64\"> y visor de realidad virtual.<\/span><\/li>\n<li><b><span class=\"citation-63\">C\u00e1lculo del volumen:<\/span><\/b><span class=\"citation-63\"> Realiza <\/span><b><span class=\"citation-63\">c\u00e1lculos de volumen de corte y relleno<\/span><\/b><span class=\"citation-63 citation-end-63\"> entre superficies, incluyendo c\u00e1lculos para existencias.<\/span><\/li>\n<li><b><span class=\"citation-62\">Movimiento de tierras avanzado:<\/span><\/b><span class=\"citation-62 citation-end-62\"> Caracter\u00edsticas para definir secciones transversales de proyecto (plataformas, cunetas, taludes, capas de pavimento) para explanadas y explanadas complejas.<\/span><\/li>\n<\/ul>\n<p>&nbsp;<\/p>\n<h4>3. Dise\u00f1o de ingenier\u00eda civil<\/h4>\n<ul>\n<li><b><span class=\"citation-61\">Dise\u00f1o de alineaci\u00f3n:<\/span><\/b><span class=\"citation-61\"> Herramientas para dise\u00f1ar ambos <\/span><b><span class=\"citation-61\">alineaciones horizontales y verticales<\/span><\/b><span class=\"citation-61 citation-end-61\"> para carreteras, ferrocarriles y otras infraestructuras lineales.<\/span><\/li>\n<li><b>Secciones transversales y plantillas:<\/b><span class=\"citation-60 citation-end-60\"> Define y dibuja secciones transversales\/plantillas del proyecto y sus componentes.<\/span><\/li>\n<li><b><span class=\"citation-59\">Dise\u00f1o de red:<\/span><\/b><span class=\"citation-59\"> Herramientas para dibujar y dise\u00f1ar redes de servicios p\u00fablicos, incluidas <\/span><b><span class=\"citation-59\">redes de agua, saneamiento y aguas pluviales<\/span><\/b><span class=\"citation-59 citation-end-59\">, con representaci\u00f3n en vista superior, perfil y secciones transversales.<\/span><\/li>\n<\/ul>\n<p>&nbsp;<\/p>\n<h4>4. Informes, replanteo e integraci\u00f3n<\/h4>\n<ul>\n<li><b>Informe:<\/b><span class=\"citation-58 citation-end-58\"> Genera informes detallados sobre mediciones de \u00e1rea y volumen, presupuestos, c\u00e1lculos de cantidades y m\u00e1s.<\/span><\/li>\n<li><b><span class=\"citation-57\">Replanteo:<\/span><\/b><span class=\"citation-57\"> Herramientas integrales para generar <\/span><b><span class=\"citation-57\">listados de replanteo<\/span><\/b><span class=\"citation-57 citation-end-57\"> para puntos aislados y proyectos lineales.<\/span><\/li>\n<li><b><span class=\"citation-56\">Integraci\u00f3n BIM y GIS:<\/span><\/b><span class=\"citation-56\"> Facilita la integraci\u00f3n en <\/span><b><span class=\"citation-56\">Flujos de trabajo OpenBIM<\/span><\/b><span class=\"citation-56\"> a trav\u00e9s del intercambio de archivos est\u00e1ndar de la industria como <\/span><b><span class=\"citation-56\">Corporaci\u00f3n Financiera Internacional<\/span><\/b><span class=\"citation-56\"> y <\/span><b><span class=\"citation-56\">LandXML<\/span><\/b><span class=\"citation-56 citation-end-56\">.<\/span> <span class=\"citation-55\">Tambi\u00e9n admite la importaci\u00f3n y exportaci\u00f3n. <\/span><b><span class=\"citation-55\">Datos SIG<\/span><\/b><span class=\"citation-55 citation-end-55\"> y acceder a servicios de mapas web.<\/span><\/li>\n<li><b>Visita virtual:<\/b><span class=\"citation-54 citation-end-54\"> Incluye una funci\u00f3n de recorrido virtual con exportaci\u00f3n a v\u00eddeo.<\/span>\n<div class=\"source-inline-chip-container ng-star-inserted\"><\/div>\n<\/li>\n<\/ul>\n<p><span class=\"citation-53 citation-end-53 interactive-span-hovered\">Este software es adecuado para una amplia gama de proyectos, incluidas carreteras, desarrollos urbanos, canteras, miner\u00eda, evaluaciones ambientales e infraestructura de servicios p\u00fablicos.<\/span><\/p>","protected":false},"excerpt":{"rendered":"<p class=\"first-token\"><span class=\"\">El <\/span><b class=\"\">tcpMDT Profesional + Topograf\u00eda<\/b><span class=\"\">es una soluci\u00f3n de software integral dise\u00f1ada para <\/span><b class=\"\">Agrimensura<\/b><span class=\"\"> y <\/span><b class=\"\">Ingenier\u00eda civil<\/b><span class=\"\"> proyectos.<\/span><span class=\"\"> Se ejecuta como una aplicaci\u00f3n o complemento dentro de varias plataformas de dise\u00f1o asistido por computadora (CAD) como AutoCAD,<\/span><span class=\"\"> BricsCAD,<\/span><span class=\"\"> GstarCAD,<\/span><span class=\"\"> y ZWCAD,<\/span><span class=\"\"> Aprovechar un entorno familiar para los profesionales.<\/span><\/p>\n<p><span class=\"\">Esta versi\u00f3n combina todas las capacidades de <\/span><b class=\"\">tcpMDT Profesional<\/b><span class=\"\"> con el especializado <\/span><b class=\"\">M\u00f3dulo de topograf\u00eda<\/b><span class=\"\">,<\/span><span class=\"\"> convirti\u00e9ndolo en una herramienta todo en uno para la gesti\u00f3n de proyectos, desde la adquisici\u00f3n de datos de campo hasta el dise\u00f1o final y la generaci\u00f3n de informes.<\/span><\/p>","protected":false},"featured_media":22523,"comment_status":"open","ping_status":"closed","template":"","meta":[],"product_brand":[1208],"product_cat":[1207,31],"product_tag":[1209,1215],"class_list":{"0":"post-22574","1":"product","2":"type-product","3":"status-publish","4":"has-post-thumbnail","6":"product_brand-aplitop","7":"product_cat-aplitop","8":"product_cat-software","9":"product_tag-aplitop","10":"product_tag-tcpmdt-professional-surveying","12":"first","13":"instock","14":"taxable","15":"shipping-taxable","16":"purchasable","17":"product-type-simple"},"yoast_head":"<!-- This site is optimized with the Yoast SEO plugin v27.4 - https:\/\/yoast.com\/product\/yoast-seo-wordpress\/ -->\n<title>tcpMDT Professional + Surveying - Ghostysky<\/title>\n<meta name=\"description\" content=\"The tcpMDT Professional + Surveying is a comprehensive software solution designed for Surveying and Civil Engineering projects. It runs as an application or plug-in within various Computer-Aided Design (CAD) platforms like AutoCAD, BricsCAD, GstarCAD, and ZWCAD, leveraging a familiar environment for professionals.This version combines the full capabilities of tcpMDT Professional with the specialized Surveying Module, making it an all-in-one tool for project management from field data acquisition to final design and reporting.\" \/>\n<meta name=\"robots\" content=\"index, follow, max-snippet:-1, max-image-preview:large, max-video-preview:-1\" \/>\n<link rel=\"canonical\" href=\"https:\/\/www.ghostysky.com\/es\/producto-2\/tcpmdt-professional-surveying\/\" \/>\n<meta property=\"og:locale\" content=\"es_ES\" \/>\n<meta property=\"og:type\" content=\"article\" \/>\n<meta property=\"og:title\" content=\"tcpMDT Professional + Surveying - Ghostysky\" \/>\n<meta property=\"og:description\" content=\"The tcpMDT Professional + Surveying is a comprehensive software solution designed for Surveying and Civil Engineering projects. It runs as an application or plug-in within various Computer-Aided Design (CAD) platforms like AutoCAD, BricsCAD, GstarCAD, and ZWCAD, leveraging a familiar environment for professionals.This version combines the full capabilities of tcpMDT Professional with the specialized Surveying Module, making it an all-in-one tool for project management from field data acquisition to final design and reporting.\" \/>\n<meta property=\"og:url\" content=\"https:\/\/www.ghostysky.com\/es\/producto-2\/tcpmdt-professional-surveying\/\" \/>\n<meta property=\"og:site_name\" content=\"Ghostysky\" \/>\n<meta property=\"article:publisher\" content=\"https:\/\/www.facebook.com\/people\/Ghostysky\/100057676170234\/\" \/>\n<meta property=\"article:modified_time\" content=\"2025-10-28T06:48:58+00:00\" \/>\n<meta property=\"og:image\" content=\"https:\/\/www.ghostysky.com\/wp-content\/uploads\/2025\/10\/GH_tcpMDT_1.jpg\" \/>\n\t<meta property=\"og:image:width\" content=\"500\" \/>\n\t<meta property=\"og:image:height\" content=\"500\" \/>\n\t<meta property=\"og:image:type\" content=\"image\/jpeg\" \/>\n<meta name=\"twitter:card\" content=\"summary_large_image\" \/>\n<meta name=\"twitter:site\" content=\"@Gh0stysky\" \/>\n<meta name=\"twitter:label1\" content=\"Tiempo de lectura\" \/>\n\t<meta name=\"twitter:data1\" content=\"2 minutos\" \/>\n<script type=\"application\/ld+json\" class=\"yoast-schema-graph\">{\"@context\":\"https:\\\/\\\/schema.org\",\"@graph\":[{\"@type\":\"WebPage\",\"@id\":\"https:\\\/\\\/www.ghostysky.com\\\/product\\\/tcpmdt-professional-surveying\\\/\",\"url\":\"https:\\\/\\\/www.ghostysky.com\\\/product\\\/tcpmdt-professional-surveying\\\/\",\"name\":\"tcpMDT Professional + Surveying - Ghostysky\",\"isPartOf\":{\"@id\":\"https:\\\/\\\/www.ghostysky.com\\\/#website\"},\"primaryImageOfPage\":{\"@id\":\"https:\\\/\\\/www.ghostysky.com\\\/product\\\/tcpmdt-professional-surveying\\\/#primaryimage\"},\"image\":{\"@id\":\"https:\\\/\\\/www.ghostysky.com\\\/product\\\/tcpmdt-professional-surveying\\\/#primaryimage\"},\"thumbnailUrl\":\"https:\\\/\\\/www.ghostysky.com\\\/wp-content\\\/uploads\\\/2025\\\/10\\\/GH_tcpMDT_1.jpg\",\"datePublished\":\"2025-10-28T06:40:00+00:00\",\"dateModified\":\"2025-10-28T06:48:58+00:00\",\"description\":\"The tcpMDT Professional + Surveying is a comprehensive software solution designed for Surveying and Civil Engineering projects. It runs as an application or plug-in within various Computer-Aided Design (CAD) platforms like AutoCAD, BricsCAD, GstarCAD, and ZWCAD, leveraging a familiar environment for professionals.This version combines the full capabilities of tcpMDT Professional with the specialized Surveying Module, making it an all-in-one tool for project management from field data acquisition to final design and reporting.\",\"breadcrumb\":{\"@id\":\"https:\\\/\\\/www.ghostysky.com\\\/product\\\/tcpmdt-professional-surveying\\\/#breadcrumb\"},\"inLanguage\":\"es\",\"potentialAction\":[{\"@type\":\"ReadAction\",\"target\":[\"https:\\\/\\\/www.ghostysky.com\\\/product\\\/tcpmdt-professional-surveying\\\/\"]}]},{\"@type\":\"ImageObject\",\"inLanguage\":\"es\",\"@id\":\"https:\\\/\\\/www.ghostysky.com\\\/product\\\/tcpmdt-professional-surveying\\\/#primaryimage\",\"url\":\"https:\\\/\\\/www.ghostysky.com\\\/wp-content\\\/uploads\\\/2025\\\/10\\\/GH_tcpMDT_1.jpg\",\"contentUrl\":\"https:\\\/\\\/www.ghostysky.com\\\/wp-content\\\/uploads\\\/2025\\\/10\\\/GH_tcpMDT_1.jpg\",\"width\":500,\"height\":500},{\"@type\":\"BreadcrumbList\",\"@id\":\"https:\\\/\\\/www.ghostysky.com\\\/product\\\/tcpmdt-professional-surveying\\\/#breadcrumb\",\"itemListElement\":[{\"@type\":\"ListItem\",\"position\":1,\"name\":\"Home\",\"item\":\"https:\\\/\\\/www.ghostysky.com\\\/\"},{\"@type\":\"ListItem\",\"position\":2,\"name\":\"Shop\",\"item\":\"https:\\\/\\\/www.ghostysky.com\\\/shop\\\/\"},{\"@type\":\"ListItem\",\"position\":3,\"name\":\"tcpMDT Professional + Surveying\"}]},{\"@type\":\"WebSite\",\"@id\":\"https:\\\/\\\/www.ghostysky.com\\\/#website\",\"url\":\"https:\\\/\\\/www.ghostysky.com\\\/\",\"name\":\"Ghostysky\",\"description\":\"Delivering professional drones and services\",\"publisher\":{\"@id\":\"https:\\\/\\\/www.ghostysky.com\\\/#organization\"},\"potentialAction\":[{\"@type\":\"SearchAction\",\"target\":{\"@type\":\"EntryPoint\",\"urlTemplate\":\"https:\\\/\\\/www.ghostysky.com\\\/?s={search_term_string}\"},\"query-input\":{\"@type\":\"PropertyValueSpecification\",\"valueRequired\":true,\"valueName\":\"search_term_string\"}}],\"inLanguage\":\"es\"},{\"@type\":\"Organization\",\"@id\":\"https:\\\/\\\/www.ghostysky.com\\\/#organization\",\"name\":\"Ghostysky\",\"url\":\"https:\\\/\\\/www.ghostysky.com\\\/\",\"logo\":{\"@type\":\"ImageObject\",\"inLanguage\":\"es\",\"@id\":\"https:\\\/\\\/www.ghostysky.com\\\/#\\\/schema\\\/logo\\\/image\\\/\",\"url\":\"https:\\\/\\\/www.ghostysky.com\\\/wp-content\\\/uploads\\\/2020\\\/06\\\/cropped-ghostyskylogo_text_white2.png\",\"contentUrl\":\"https:\\\/\\\/www.ghostysky.com\\\/wp-content\\\/uploads\\\/2020\\\/06\\\/cropped-ghostyskylogo_text_white2.png\",\"width\":169,\"height\":56,\"caption\":\"Ghostysky\"},\"image\":{\"@id\":\"https:\\\/\\\/www.ghostysky.com\\\/#\\\/schema\\\/logo\\\/image\\\/\"},\"sameAs\":[\"https:\\\/\\\/www.facebook.com\\\/people\\\/Ghostysky\\\/100057676170234\\\/\",\"https:\\\/\\\/x.com\\\/Gh0stysky\",\"https:\\\/\\\/www.linkedin.com\\\/company\\\/34739653\",\"https:\\\/\\\/www.instagram.com\\\/gh0stysky\"]}]}<\/script>\n<!-- \/ Yoast SEO plugin. -->","yoast_head_json":{"title":"tcpMDT Profesional + Topograf\u00eda - Ghostysky","description":"tcpMDT Professional + Topograf\u00eda es una soluci\u00f3n integral de software dise\u00f1ada para proyectos de Topograf\u00eda e Ingenier\u00eda Civil. Se ejecuta como aplicaci\u00f3n o complemento en diversas plataformas de Dise\u00f1o Asistido por Computadora (CAD) como AutoCAD, BricsCAD, GstarCAD y ZWCAD, aprovechando un entorno familiar para profesionales. Esta versi\u00f3n combina todas las capacidades de tcpMDT Professional con el m\u00f3dulo especializado de Topograf\u00eda, convirti\u00e9ndola en una herramienta integral para la gesti\u00f3n de proyectos, desde la adquisici\u00f3n de datos de campo hasta el dise\u00f1o final y la generaci\u00f3n de informes.","robots":{"index":"index","follow":"follow","max-snippet":"max-snippet:-1","max-image-preview":"max-image-preview:large","max-video-preview":"max-video-preview:-1"},"canonical":"https:\/\/www.ghostysky.com\/es\/producto-2\/tcpmdt-professional-surveying\/","og_locale":"es_ES","og_type":"article","og_title":"tcpMDT Professional + Surveying - Ghostysky","og_description":"The tcpMDT Professional + Surveying is a comprehensive software solution designed for Surveying and Civil Engineering projects. It runs as an application or plug-in within various Computer-Aided Design (CAD) platforms like AutoCAD, BricsCAD, GstarCAD, and ZWCAD, leveraging a familiar environment for professionals.This version combines the full capabilities of tcpMDT Professional with the specialized Surveying Module, making it an all-in-one tool for project management from field data acquisition to final design and reporting.","og_url":"https:\/\/www.ghostysky.com\/es\/producto-2\/tcpmdt-professional-surveying\/","og_site_name":"Ghostysky","article_publisher":"https:\/\/www.facebook.com\/people\/Ghostysky\/100057676170234\/","article_modified_time":"2025-10-28T06:48:58+00:00","og_image":[{"width":500,"height":500,"url":"https:\/\/www.ghostysky.com\/wp-content\/uploads\/2025\/10\/GH_tcpMDT_1.jpg","type":"image\/jpeg"}],"twitter_card":"summary_large_image","twitter_site":"@Gh0stysky","twitter_misc":{"Tiempo de lectura":"2 minutos"},"schema":{"@context":"https:\/\/schema.org","@graph":[{"@type":"WebPage","@id":"https:\/\/www.ghostysky.com\/product\/tcpmdt-professional-surveying\/","url":"https:\/\/www.ghostysky.com\/product\/tcpmdt-professional-surveying\/","name":"tcpMDT Profesional + Topograf\u00eda - Ghostysky","isPartOf":{"@id":"https:\/\/www.ghostysky.com\/#website"},"primaryImageOfPage":{"@id":"https:\/\/www.ghostysky.com\/product\/tcpmdt-professional-surveying\/#primaryimage"},"image":{"@id":"https:\/\/www.ghostysky.com\/product\/tcpmdt-professional-surveying\/#primaryimage"},"thumbnailUrl":"https:\/\/www.ghostysky.com\/wp-content\/uploads\/2025\/10\/GH_tcpMDT_1.jpg","datePublished":"2025-10-28T06:40:00+00:00","dateModified":"2025-10-28T06:48:58+00:00","description":"tcpMDT Professional + Topograf\u00eda es una soluci\u00f3n integral de software dise\u00f1ada para proyectos de Topograf\u00eda e Ingenier\u00eda Civil. Se ejecuta como aplicaci\u00f3n o complemento en diversas plataformas de Dise\u00f1o Asistido por Computadora (CAD) como AutoCAD, BricsCAD, GstarCAD y ZWCAD, aprovechando un entorno familiar para profesionales. Esta versi\u00f3n combina todas las capacidades de tcpMDT Professional con el m\u00f3dulo especializado de Topograf\u00eda, convirti\u00e9ndola en una herramienta integral para la gesti\u00f3n de proyectos, desde la adquisici\u00f3n de datos de campo hasta el dise\u00f1o final y la generaci\u00f3n de informes.","breadcrumb":{"@id":"https:\/\/www.ghostysky.com\/product\/tcpmdt-professional-surveying\/#breadcrumb"},"inLanguage":"es","potentialAction":[{"@type":"ReadAction","target":["https:\/\/www.ghostysky.com\/product\/tcpmdt-professional-surveying\/"]}]},{"@type":"ImageObject","inLanguage":"es","@id":"https:\/\/www.ghostysky.com\/product\/tcpmdt-professional-surveying\/#primaryimage","url":"https:\/\/www.ghostysky.com\/wp-content\/uploads\/2025\/10\/GH_tcpMDT_1.jpg","contentUrl":"https:\/\/www.ghostysky.com\/wp-content\/uploads\/2025\/10\/GH_tcpMDT_1.jpg","width":500,"height":500},{"@type":"BreadcrumbList","@id":"https:\/\/www.ghostysky.com\/product\/tcpmdt-professional-surveying\/#breadcrumb","itemListElement":[{"@type":"ListItem","position":1,"name":"Home","item":"https:\/\/www.ghostysky.com\/"},{"@type":"ListItem","position":2,"name":"Shop","item":"https:\/\/www.ghostysky.com\/shop\/"},{"@type":"ListItem","position":3,"name":"tcpMDT Professional + Surveying"}]},{"@type":"WebSite","@id":"https:\/\/www.ghostysky.com\/#website","url":"https:\/\/www.ghostysky.com\/","name":"Ghostysky","description":"Entrega de drones y servicios profesionales","publisher":{"@id":"https:\/\/www.ghostysky.com\/#organization"},"potentialAction":[{"@type":"SearchAction","target":{"@type":"EntryPoint","urlTemplate":"https:\/\/www.ghostysky.com\/?s={search_term_string}"},"query-input":{"@type":"PropertyValueSpecification","valueRequired":true,"valueName":"search_term_string"}}],"inLanguage":"es"},{"@type":"Organization","@id":"https:\/\/www.ghostysky.com\/#organization","name":"Ghostysky","url":"https:\/\/www.ghostysky.com\/","logo":{"@type":"ImageObject","inLanguage":"es","@id":"https:\/\/www.ghostysky.com\/#\/schema\/logo\/image\/","url":"https:\/\/www.ghostysky.com\/wp-content\/uploads\/2020\/06\/cropped-ghostyskylogo_text_white2.png","contentUrl":"https:\/\/www.ghostysky.com\/wp-content\/uploads\/2020\/06\/cropped-ghostyskylogo_text_white2.png","width":169,"height":56,"caption":"Ghostysky"},"image":{"@id":"https:\/\/www.ghostysky.com\/#\/schema\/logo\/image\/"},"sameAs":["https:\/\/www.facebook.com\/people\/Ghostysky\/100057676170234\/","https:\/\/x.com\/Gh0stysky","https:\/\/www.linkedin.com\/company\/34739653","https:\/\/www.instagram.com\/gh0stysky"]}]}},"_links":{"self":[{"href":"https:\/\/www.ghostysky.com\/es\/wp-json\/wp\/v2\/product\/22574","targetHints":{"allow":["GET"]}}],"collection":[{"href":"https:\/\/www.ghostysky.com\/es\/wp-json\/wp\/v2\/product"}],"about":[{"href":"https:\/\/www.ghostysky.com\/es\/wp-json\/wp\/v2\/types\/product"}],"replies":[{"embeddable":true,"href":"https:\/\/www.ghostysky.com\/es\/wp-json\/wp\/v2\/comments?post=22574"}],"version-history":[{"count":0,"href":"https:\/\/www.ghostysky.com\/es\/wp-json\/wp\/v2\/product\/22574\/revisions"}],"wp:featuredmedia":[{"embeddable":true,"href":"https:\/\/www.ghostysky.com\/es\/wp-json\/wp\/v2\/media\/22523"}],"wp:attachment":[{"href":"https:\/\/www.ghostysky.com\/es\/wp-json\/wp\/v2\/media?parent=22574"}],"wp:term":[{"taxonomy":"product_brand","embeddable":true,"href":"https:\/\/www.ghostysky.com\/es\/wp-json\/wp\/v2\/product_brand?post=22574"},{"taxonomy":"product_cat","embeddable":true,"href":"https:\/\/www.ghostysky.com\/es\/wp-json\/wp\/v2\/product_cat?post=22574"},{"taxonomy":"product_tag","embeddable":true,"href":"https:\/\/www.ghostysky.com\/es\/wp-json\/wp\/v2\/product_tag?post=22574"}],"curies":[{"name":"wp","href":"https:\/\/api.w.org\/{rel}","templated":true}]}}