{"id":22577,"date":"2025-10-28T07:10:18","date_gmt":"2025-10-28T07:10:18","guid":{"rendered":"https:\/\/www.ghostysky.com\/?post_type=product&#038;p=22577"},"modified":"2025-10-28T07:17:57","modified_gmt":"2025-10-28T07:17:57","slug":"aplitop-tcpmdt-photovoltaic","status":"publish","type":"product","link":"https:\/\/www.ghostysky.com\/es\/product\/aplitop-tcpmdt-photovoltaic\/","title":{"rendered":"Aplitop tcpMDT Fotovoltaica"},"content":{"rendered":"<h4><b>Caracter\u00edsticas y beneficios clave<\/b><\/h4>\n<ul>\n<li><b><span class=\"citation-23\">Optimizaci\u00f3n de movimiento de tierras:<\/span><\/b><span class=\"citation-23 citation-end-23\"> Maximiza la eficiencia de las operaciones de corte y relleno al generar un modelo final del terreno que se adapta a los criterios del proyecto, resultando en importantes ahorros de costos y recursos.<\/span><\/li>\n<li><b><span class=\"citation-22\">An\u00e1lisis del terreno:<\/span><\/b><span class=\"citation-22 citation-end-22\"> Realizar un an\u00e1lisis detallado del terreno existente, dividiendo el proyecto en zonas manejables.<\/span> <span class=\"citation-21 citation-end-21\">Visualice y analice pendientes Norte-Sur o Este-Oeste utilizando paletas de colores personalizables.<\/span><\/li>\n<li><b>Dise\u00f1o y maquetaci\u00f3n de sitios inteligentes:<\/b>\n<ul>\n<li><span class=\"citation-20 citation-end-20\">Definir y configurar varios tipos de seguidores solares (incluidas estructuras fijas y seguidores adaptativos), especificando marca, modelo, dimensiones f\u00edsicas y detalles de los postes de soporte.<\/span><\/li>\n<li><span class=\"citation-19\">Utilizar <\/span><b><span class=\"citation-19\">herramientas de dise\u00f1o autom\u00e1tico y asistido<\/span><\/b><span class=\"citation-19 citation-end-19\"> para colocar rastreadores con precisi\u00f3n dentro de zonas definidas.<\/span><\/li>\n<li>Numerar autom\u00e1ticamente seguidores solares y postes, que pueden vincularse a referencias externas.<\/li>\n<\/ul>\n<\/li>\n<li><b>C\u00e1lculo y Cumplimiento:<\/b>\n<ul>\n<li><span class=\"citation-18 citation-end-18\">Calcular pendientes longitudinales y transversales para cada seguidor solar.<\/span><\/li>\n<li><b><span class=\"citation-17\">Optimizaci\u00f3n automatizada<\/span><\/b><span class=\"citation-17 citation-end-17\"> ajusta la mejor pendiente para cada rastreador para garantizar el cumplimiento de los par\u00e1metros cr\u00edticos del proyecto, como pendientes m\u00e1ximas, inclinaci\u00f3n y diferencias de elevaci\u00f3n entre los rastreadores.<\/span><\/li>\n<li><span class=\"citation-16 citation-end-16\">Las herramientas interactivas ayudan a resolver errores con pendientes, saltos y otros problemas de cumplimiento.<\/span>\n<div class=\"source-inline-chip-container ng-star-inserted\"><\/div>\n<\/li>\n<\/ul>\n<\/li>\n<li><b>Entregables integrales del proyecto:<\/b>\n<ul>\n<li><span class=\"citation-15\">Generar una <\/span><b><span class=\"citation-15\">Modelo 3D<\/span><\/b><span class=\"citation-15 citation-end-15\"> de toda la instalaci\u00f3n, proporcionando una representaci\u00f3n realista del terreno final.<\/span><\/li>\n<li><span class=\"citation-14\">Exportar el modelo 3D a <\/span><b><span class=\"citation-14\">Formato IFC<\/span><\/b><span class=\"citation-14 citation-end-14\"> para una integraci\u00f3n perfecta en los flujos de trabajo OpenBIM.<\/span><\/li>\n<li>Produce informes detallados y resumidos sobre zonas, seguidores solares y postes, que pueden exportarse a Excel y otros formatos.<\/li>\n<li><span class=\"citation-13\">Generar <\/span><b><span class=\"citation-13\">despegues de cantidades<\/span><\/b><span class=\"citation-13 citation-end-13\"> (mediciones) e informes de replanteo listos para usar con equipos de campo GNSS o de estaci\u00f3n total.<\/span>\n<div class=\"source-inline-chip-container ng-star-inserted\"><\/div>\n<\/li>\n<\/ul>\n<\/li>\n<\/ul>\n<p>Aplitop tcpMDT Fotovoltaica es la soluci\u00f3n definitiva para reducir el tiempo de dise\u00f1o, minimizar los costes de preparaci\u00f3n del sitio y garantizar la precisi\u00f3n t\u00e9cnica de sus proyectos de instalaciones fotovoltaicas.<\/p>","protected":false},"excerpt":{"rendered":"<p class=\"first-token\"><span class=\"\">Aplitop tcpMDT Fotovoltaica es un m\u00f3dulo de software especializado desarrollado en colaboraci\u00f3n con SOLTEC,<\/span><span class=\"\"> Dise\u00f1ado espec\u00edficamente para agilizar y optimizar el <\/span><b class=\"\">Trabajos topogr\u00e1ficos y movimiento de tierras para proyectos de plantas fotovoltaicas (parques solares)<\/b><span class=\"\">.<\/span><span class=\"\"> Correr como complemento esencial para <\/span><b class=\"\">tcpMDT Profesional<\/b><span class=\"\">,<\/span><span class=\"\"> Esta poderosa herramienta proporciona a los ingenieros civiles y top\u00f3grafos la precisi\u00f3n y eficiencia necesarias para instalaciones solares a gran escala.<\/span><\/p>","protected":false},"featured_media":22523,"comment_status":"open","ping_status":"closed","template":"","meta":[],"product_brand":[1208],"product_cat":[1207,31],"product_tag":[1209,1217],"class_list":{"0":"post-22577","1":"product","2":"type-product","3":"status-publish","4":"has-post-thumbnail","6":"product_brand-aplitop","7":"product_cat-aplitop","8":"product_cat-software","9":"product_tag-aplitop","10":"product_tag-tcpmdt-photovoltaic","12":"first","13":"instock","14":"taxable","15":"shipping-taxable","16":"purchasable","17":"product-type-simple"},"yoast_head":"<!-- This site is optimized with the Yoast SEO plugin v27.1.1 - https:\/\/yoast.com\/product\/yoast-seo-wordpress\/ -->\n<title>Aplitop tcpMDT Photovoltaic - Ghostysky<\/title>\n<meta name=\"description\" content=\"Aplitop tcpMDT Photovoltaic is a specialized software module developed in collaboration with SOLTEC, specifically engineered to streamline and optimize the topographic work and earthworks for photovoltaic (solar farm) plant projects. Running as an essential add-on to tcpMDT Professional, this powerful tool provides civil engineers and surveyors with the precision and efficiency needed for large-scale solar installations.\" \/>\n<meta name=\"robots\" content=\"index, follow, max-snippet:-1, max-image-preview:large, max-video-preview:-1\" \/>\n<link rel=\"canonical\" href=\"https:\/\/www.ghostysky.com\/es\/producto-2\/aplitop-tcpmdt-photovoltaic\/\" \/>\n<meta property=\"og:locale\" content=\"es_ES\" \/>\n<meta property=\"og:type\" content=\"article\" \/>\n<meta property=\"og:title\" content=\"Aplitop tcpMDT Photovoltaic - Ghostysky\" \/>\n<meta property=\"og:description\" content=\"Aplitop tcpMDT Photovoltaic is a specialized software module developed in collaboration with SOLTEC, specifically engineered to streamline and optimize the topographic work and earthworks for photovoltaic (solar farm) plant projects. Running as an essential add-on to tcpMDT Professional, this powerful tool provides civil engineers and surveyors with the precision and efficiency needed for large-scale solar installations.\" \/>\n<meta property=\"og:url\" content=\"https:\/\/www.ghostysky.com\/es\/producto-2\/aplitop-tcpmdt-photovoltaic\/\" \/>\n<meta property=\"og:site_name\" content=\"Ghostysky\" \/>\n<meta property=\"article:publisher\" content=\"https:\/\/www.facebook.com\/people\/Ghostysky\/100057676170234\/\" \/>\n<meta property=\"article:modified_time\" content=\"2025-10-28T07:17:57+00:00\" \/>\n<meta property=\"og:image\" content=\"https:\/\/www.ghostysky.com\/wp-content\/uploads\/2025\/10\/GH_tcpMDT_1.jpg\" \/>\n\t<meta property=\"og:image:width\" content=\"500\" \/>\n\t<meta property=\"og:image:height\" content=\"500\" \/>\n\t<meta property=\"og:image:type\" content=\"image\/jpeg\" \/>\n<meta name=\"twitter:card\" content=\"summary_large_image\" \/>\n<meta name=\"twitter:site\" content=\"@Gh0stysky\" \/>\n<meta name=\"twitter:label1\" content=\"Tiempo de lectura\" \/>\n\t<meta name=\"twitter:data1\" content=\"2 minutos\" \/>\n<script type=\"application\/ld+json\" class=\"yoast-schema-graph\">{\"@context\":\"https:\/\/schema.org\",\"@graph\":[{\"@type\":\"WebPage\",\"@id\":\"https:\/\/www.ghostysky.com\/product\/aplitop-tcpmdt-photovoltaic\/\",\"url\":\"https:\/\/www.ghostysky.com\/product\/aplitop-tcpmdt-photovoltaic\/\",\"name\":\"Aplitop tcpMDT Photovoltaic - Ghostysky\",\"isPartOf\":{\"@id\":\"https:\/\/www.ghostysky.com\/#website\"},\"primaryImageOfPage\":{\"@id\":\"https:\/\/www.ghostysky.com\/product\/aplitop-tcpmdt-photovoltaic\/#primaryimage\"},\"image\":{\"@id\":\"https:\/\/www.ghostysky.com\/product\/aplitop-tcpmdt-photovoltaic\/#primaryimage\"},\"thumbnailUrl\":\"https:\/\/www.ghostysky.com\/wp-content\/uploads\/2025\/10\/GH_tcpMDT_1.jpg\",\"datePublished\":\"2025-10-28T07:10:18+00:00\",\"dateModified\":\"2025-10-28T07:17:57+00:00\",\"description\":\"Aplitop tcpMDT Photovoltaic is a specialized software module developed in collaboration with SOLTEC, specifically engineered to streamline and optimize the topographic work and earthworks for photovoltaic (solar farm) plant projects. Running as an essential add-on to tcpMDT Professional, this powerful tool provides civil engineers and surveyors with the precision and efficiency needed for large-scale solar installations.\",\"breadcrumb\":{\"@id\":\"https:\/\/www.ghostysky.com\/product\/aplitop-tcpmdt-photovoltaic\/#breadcrumb\"},\"inLanguage\":\"es\",\"potentialAction\":[{\"@type\":\"ReadAction\",\"target\":[\"https:\/\/www.ghostysky.com\/product\/aplitop-tcpmdt-photovoltaic\/\"]}]},{\"@type\":\"ImageObject\",\"inLanguage\":\"es\",\"@id\":\"https:\/\/www.ghostysky.com\/product\/aplitop-tcpmdt-photovoltaic\/#primaryimage\",\"url\":\"https:\/\/www.ghostysky.com\/wp-content\/uploads\/2025\/10\/GH_tcpMDT_1.jpg\",\"contentUrl\":\"https:\/\/www.ghostysky.com\/wp-content\/uploads\/2025\/10\/GH_tcpMDT_1.jpg\",\"width\":500,\"height\":500},{\"@type\":\"BreadcrumbList\",\"@id\":\"https:\/\/www.ghostysky.com\/product\/aplitop-tcpmdt-photovoltaic\/#breadcrumb\",\"itemListElement\":[{\"@type\":\"ListItem\",\"position\":1,\"name\":\"Home\",\"item\":\"https:\/\/www.ghostysky.com\/\"},{\"@type\":\"ListItem\",\"position\":2,\"name\":\"Shop\",\"item\":\"https:\/\/www.ghostysky.com\/shop\/\"},{\"@type\":\"ListItem\",\"position\":3,\"name\":\"Aplitop tcpMDT Photovoltaic\"}]},{\"@type\":\"WebSite\",\"@id\":\"https:\/\/www.ghostysky.com\/#website\",\"url\":\"https:\/\/www.ghostysky.com\/\",\"name\":\"Ghostysky\",\"description\":\"Delivering professional drones and services\",\"publisher\":{\"@id\":\"https:\/\/www.ghostysky.com\/#organization\"},\"potentialAction\":[{\"@type\":\"SearchAction\",\"target\":{\"@type\":\"EntryPoint\",\"urlTemplate\":\"https:\/\/www.ghostysky.com\/?s={search_term_string}\"},\"query-input\":{\"@type\":\"PropertyValueSpecification\",\"valueRequired\":true,\"valueName\":\"search_term_string\"}}],\"inLanguage\":\"es\"},{\"@type\":\"Organization\",\"@id\":\"https:\/\/www.ghostysky.com\/#organization\",\"name\":\"Ghostysky\",\"url\":\"https:\/\/www.ghostysky.com\/\",\"logo\":{\"@type\":\"ImageObject\",\"inLanguage\":\"es\",\"@id\":\"https:\/\/www.ghostysky.com\/#\/schema\/logo\/image\/\",\"url\":\"https:\/\/www.ghostysky.com\/wp-content\/uploads\/2020\/06\/cropped-ghostyskylogo_text_white2.png\",\"contentUrl\":\"https:\/\/www.ghostysky.com\/wp-content\/uploads\/2020\/06\/cropped-ghostyskylogo_text_white2.png\",\"width\":169,\"height\":56,\"caption\":\"Ghostysky\"},\"image\":{\"@id\":\"https:\/\/www.ghostysky.com\/#\/schema\/logo\/image\/\"},\"sameAs\":[\"https:\/\/www.facebook.com\/people\/Ghostysky\/100057676170234\/\",\"https:\/\/x.com\/Gh0stysky\",\"https:\/\/www.linkedin.com\/company\/34739653\",\"https:\/\/www.instagram.com\/gh0stysky\"]}]}<\/script>\n<!-- \/ Yoast SEO plugin. -->","yoast_head_json":{"title":"Aplitop tcpMDT Fotovoltaica - Ghostysky","description":"Aplitop tcpMDT Photovoltaic es un m\u00f3dulo de software especializado, desarrollado en colaboraci\u00f3n con SOLTEC, dise\u00f1ado espec\u00edficamente para agilizar y optimizar los trabajos topogr\u00e1ficos y el movimiento de tierras en proyectos de plantas fotovoltaicas (parques solares). Funciona como complemento esencial de tcpMDT Professional y proporciona a ingenieros civiles y top\u00f3grafos la precisi\u00f3n y eficiencia necesarias para instalaciones solares a gran escala.","robots":{"index":"index","follow":"follow","max-snippet":"max-snippet:-1","max-image-preview":"max-image-preview:large","max-video-preview":"max-video-preview:-1"},"canonical":"https:\/\/www.ghostysky.com\/es\/producto-2\/aplitop-tcpmdt-photovoltaic\/","og_locale":"es_ES","og_type":"article","og_title":"Aplitop tcpMDT Photovoltaic - Ghostysky","og_description":"Aplitop tcpMDT Photovoltaic is a specialized software module developed in collaboration with SOLTEC, specifically engineered to streamline and optimize the topographic work and earthworks for photovoltaic (solar farm) plant projects. Running as an essential add-on to tcpMDT Professional, this powerful tool provides civil engineers and surveyors with the precision and efficiency needed for large-scale solar installations.","og_url":"https:\/\/www.ghostysky.com\/es\/producto-2\/aplitop-tcpmdt-photovoltaic\/","og_site_name":"Ghostysky","article_publisher":"https:\/\/www.facebook.com\/people\/Ghostysky\/100057676170234\/","article_modified_time":"2025-10-28T07:17:57+00:00","og_image":[{"width":500,"height":500,"url":"https:\/\/www.ghostysky.com\/wp-content\/uploads\/2025\/10\/GH_tcpMDT_1.jpg","type":"image\/jpeg"}],"twitter_card":"summary_large_image","twitter_site":"@Gh0stysky","twitter_misc":{"Tiempo de lectura":"2 minutos"},"schema":{"@context":"https:\/\/schema.org","@graph":[{"@type":"WebPage","@id":"https:\/\/www.ghostysky.com\/product\/aplitop-tcpmdt-photovoltaic\/","url":"https:\/\/www.ghostysky.com\/product\/aplitop-tcpmdt-photovoltaic\/","name":"Aplitop tcpMDT Fotovoltaica - Ghostysky","isPartOf":{"@id":"https:\/\/www.ghostysky.com\/#website"},"primaryImageOfPage":{"@id":"https:\/\/www.ghostysky.com\/product\/aplitop-tcpmdt-photovoltaic\/#primaryimage"},"image":{"@id":"https:\/\/www.ghostysky.com\/product\/aplitop-tcpmdt-photovoltaic\/#primaryimage"},"thumbnailUrl":"https:\/\/www.ghostysky.com\/wp-content\/uploads\/2025\/10\/GH_tcpMDT_1.jpg","datePublished":"2025-10-28T07:10:18+00:00","dateModified":"2025-10-28T07:17:57+00:00","description":"Aplitop tcpMDT Photovoltaic es un m\u00f3dulo de software especializado, desarrollado en colaboraci\u00f3n con SOLTEC, dise\u00f1ado espec\u00edficamente para agilizar y optimizar los trabajos topogr\u00e1ficos y el movimiento de tierras en proyectos de plantas fotovoltaicas (parques solares). Funciona como complemento esencial de tcpMDT Professional y proporciona a ingenieros civiles y top\u00f3grafos la precisi\u00f3n y eficiencia necesarias para instalaciones solares a gran escala.","breadcrumb":{"@id":"https:\/\/www.ghostysky.com\/product\/aplitop-tcpmdt-photovoltaic\/#breadcrumb"},"inLanguage":"es","potentialAction":[{"@type":"ReadAction","target":["https:\/\/www.ghostysky.com\/product\/aplitop-tcpmdt-photovoltaic\/"]}]},{"@type":"ImageObject","inLanguage":"es","@id":"https:\/\/www.ghostysky.com\/product\/aplitop-tcpmdt-photovoltaic\/#primaryimage","url":"https:\/\/www.ghostysky.com\/wp-content\/uploads\/2025\/10\/GH_tcpMDT_1.jpg","contentUrl":"https:\/\/www.ghostysky.com\/wp-content\/uploads\/2025\/10\/GH_tcpMDT_1.jpg","width":500,"height":500},{"@type":"BreadcrumbList","@id":"https:\/\/www.ghostysky.com\/product\/aplitop-tcpmdt-photovoltaic\/#breadcrumb","itemListElement":[{"@type":"ListItem","position":1,"name":"Home","item":"https:\/\/www.ghostysky.com\/"},{"@type":"ListItem","position":2,"name":"Shop","item":"https:\/\/www.ghostysky.com\/shop\/"},{"@type":"ListItem","position":3,"name":"Aplitop tcpMDT Photovoltaic"}]},{"@type":"WebSite","@id":"https:\/\/www.ghostysky.com\/#website","url":"https:\/\/www.ghostysky.com\/","name":"Ghostysky","description":"Entrega de drones y servicios profesionales","publisher":{"@id":"https:\/\/www.ghostysky.com\/#organization"},"potentialAction":[{"@type":"SearchAction","target":{"@type":"EntryPoint","urlTemplate":"https:\/\/www.ghostysky.com\/?s={search_term_string}"},"query-input":{"@type":"PropertyValueSpecification","valueRequired":true,"valueName":"search_term_string"}}],"inLanguage":"es"},{"@type":"Organization","@id":"https:\/\/www.ghostysky.com\/#organization","name":"Ghostysky","url":"https:\/\/www.ghostysky.com\/","logo":{"@type":"ImageObject","inLanguage":"es","@id":"https:\/\/www.ghostysky.com\/#\/schema\/logo\/image\/","url":"https:\/\/www.ghostysky.com\/wp-content\/uploads\/2020\/06\/cropped-ghostyskylogo_text_white2.png","contentUrl":"https:\/\/www.ghostysky.com\/wp-content\/uploads\/2020\/06\/cropped-ghostyskylogo_text_white2.png","width":169,"height":56,"caption":"Ghostysky"},"image":{"@id":"https:\/\/www.ghostysky.com\/#\/schema\/logo\/image\/"},"sameAs":["https:\/\/www.facebook.com\/people\/Ghostysky\/100057676170234\/","https:\/\/x.com\/Gh0stysky","https:\/\/www.linkedin.com\/company\/34739653","https:\/\/www.instagram.com\/gh0stysky"]}]}},"_links":{"self":[{"href":"https:\/\/www.ghostysky.com\/es\/wp-json\/wp\/v2\/product\/22577","targetHints":{"allow":["GET"]}}],"collection":[{"href":"https:\/\/www.ghostysky.com\/es\/wp-json\/wp\/v2\/product"}],"about":[{"href":"https:\/\/www.ghostysky.com\/es\/wp-json\/wp\/v2\/types\/product"}],"replies":[{"embeddable":true,"href":"https:\/\/www.ghostysky.com\/es\/wp-json\/wp\/v2\/comments?post=22577"}],"wp:featuredmedia":[{"embeddable":true,"href":"https:\/\/www.ghostysky.com\/es\/wp-json\/wp\/v2\/media\/22523"}],"wp:attachment":[{"href":"https:\/\/www.ghostysky.com\/es\/wp-json\/wp\/v2\/media?parent=22577"}],"wp:term":[{"taxonomy":"product_brand","embeddable":true,"href":"https:\/\/www.ghostysky.com\/es\/wp-json\/wp\/v2\/product_brand?post=22577"},{"taxonomy":"product_cat","embeddable":true,"href":"https:\/\/www.ghostysky.com\/es\/wp-json\/wp\/v2\/product_cat?post=22577"},{"taxonomy":"product_tag","embeddable":true,"href":"https:\/\/www.ghostysky.com\/es\/wp-json\/wp\/v2\/product_tag?post=22577"}],"curies":[{"name":"wp","href":"https:\/\/api.w.org\/{rel}","templated":true}]}}