{"id":22586,"date":"2025-10-28T07:51:23","date_gmt":"2025-10-28T07:51:23","guid":{"rendered":"https:\/\/www.ghostysky.com\/?post_type=product&#038;p=22586"},"modified":"2025-10-28T07:55:54","modified_gmt":"2025-10-28T07:55:54","slug":"aplitop-tcpmdt-professional-surveying-network","status":"publish","type":"product","link":"https:\/\/www.ghostysky.com\/es\/product\/aplitop-tcpmdt-professional-surveying-network\/","title":{"rendered":"Aplitop tcpMDT Professional + Topograf\u00eda RED"},"content":{"rendered":"<h4><b>Caracter\u00edsticas y capacidades clave<\/b><\/h4>\n<ul>\n<li><b><span class=\"citation-126\">Licencias de red (RED):<\/span><\/b><span class=\"citation-126 citation-end-126\"> Esta versi\u00f3n incluye una licencia de red flotante, administrada a trav\u00e9s de un servidor de licencias, lo que la convierte en la soluci\u00f3n perfecta para equipos y organizaciones que necesitan compartir recursos y maximizar el uso del software en m\u00faltiples estaciones de trabajo.<\/span><\/li>\n<li><b><span class=\"citation-125\">M\u00f3dulo completo de Topograf\u00eda (Topograf\u00eda):<\/span><\/b><span class=\"citation-125 citation-end-125\"> Procese observaciones brutas de estaciones totales, realice c\u00e1lculos de coordenadas de puntos, compense traves\u00edas y redes, y ejecute transformaciones de coordenadas globales y locales con acceso a la base de datos global EPSG de sistemas de referencia.<\/span><\/li>\n<li><b><span class=\"citation-124\">Modelado digital avanzado del terreno (DTM):<\/span><\/b><span class=\"citation-124 citation-end-124\"> Cree, edite y analice modelos digitales de terreno, genere l\u00edneas de contorno precisas, perfiles (longitudinales y transversales) e informes de volumen para an\u00e1lisis de corte\/relleno y movimientos de tierra.<\/span><\/li>\n<li><b><span class=\"citation-123\">Dise\u00f1o Civil Integral:<\/span><\/b><span class=\"citation-123 citation-end-123\"> Dise\u00f1ar y gestionar alineaciones horizontales y verticales para carreteras, ferrocarriles e infraestructura.<\/span> <span class=\"citation-122 citation-end-122\">Defina plantillas de proyecto, secciones est\u00e1ndar (plataformas, zanjas, pendientes, capas de pavimento) y genere informes de replanteo detallados.<\/span><\/li>\n<li><b><span class=\"citation-121\">Dise\u00f1o de red de infraestructura:<\/span><\/b><span class=\"citation-121 citation-end-121\"> Herramientas especializadas para el dibujo y dise\u00f1o de redes de agua, alcantarillado y aguas pluviales, incluyendo representaci\u00f3n en planta, perfil y secciones transversales.<\/span><\/li>\n<li><b><span class=\"citation-120\">Integraci\u00f3n OpenBIM y GIS:<\/span><\/b><span class=\"citation-120\"> Se integra perfectamente en los flujos de trabajo de OpenBIM con soporte completo para importar y exportar formatos est\u00e1ndar de la industria como <\/span><b><span class=\"citation-120\">Corporaci\u00f3n Financiera Internacional<\/span><\/b><span class=\"citation-120\"> y <\/span><b><span class=\"citation-120\">LandXML<\/span><\/b><span class=\"citation-120 citation-end-120\">, junto con la importaci\u00f3n\/exportaci\u00f3n de datos SIG.<\/span><\/li>\n<li><b>Visualizaci\u00f3n y generaci\u00f3n de informes:<\/b><span class=\"citation-119 citation-end-119\"> Aproveche una funci\u00f3n de recorrido virtual con exportaci\u00f3n de video y genere informes detallados y personalizables sobre \u00e1reas, vol\u00famenes, medidas y presupuestos.<\/span><\/li>\n<li><b>Flexibilidad de la plataforma CAD:<\/b><span class=\"citation-118\"> Se integra directamente en los principales entornos CAD, incluidos <\/span><b><span class=\"citation-118\">AutoCAD, BricsCAD, GstarCAD y ZWCAD<\/span><\/b><span class=\"citation-118 citation-end-118\">, permitiendo que su equipo trabaje dentro de una interfaz familiar.<\/span>\n<div class=\"source-inline-chip-container ng-star-inserted\"><\/div>\n<\/li>\n<\/ul>\n<p>tcpMDT Professional + Surveying NETWORK ofrece la potencia, la precisi\u00f3n y la flexibilidad necesarias para proyectos colaborativos de gran escala, desde desarrollos urbanos y canteras hasta dise\u00f1o de carreteras y planificaci\u00f3n de infraestructura.<\/p>","protected":false},"excerpt":{"rendered":"<p><b>La soluci\u00f3n de red todo en uno para topograf\u00eda avanzada e ingenier\u00eda civil<\/b><\/p>\n<p><span class=\"citation-128 citation-end-128\">APLITOP tcpMDT Professional + Surveying NETWORK es una suite de software integral y modular dise\u00f1ada para agilizar cada etapa de proyectos complejos de topograf\u00eda e ingenier\u00eda civil.<\/span> <span class=\"citation-127 citation-end-127\">Este paquete avanzado, que funciona como un complemento robusto para su plataforma CAD preferida (AutoCAD, BricsCAD, GstarCAD o ZWCAD), proporciona un conjunto de herramientas inigualable para profesionales, incluidos ingenieros civiles, agrimensores y administradores de infraestructura.<\/span><\/p>","protected":false},"featured_media":22523,"comment_status":"open","ping_status":"closed","template":"","meta":[],"product_brand":[1208],"product_cat":[1207,31],"product_tag":[1209,1221],"class_list":{"0":"post-22586","1":"product","2":"type-product","3":"status-publish","4":"has-post-thumbnail","6":"product_brand-aplitop","7":"product_cat-aplitop","8":"product_cat-software","9":"product_tag-aplitop","10":"product_tag-tcpmdt-professional-surveying-network","12":"first","13":"instock","14":"taxable","15":"shipping-taxable","16":"product-type-simple"},"yoast_head":"<!-- This site is optimized with the Yoast SEO plugin v27.1.1 - https:\/\/yoast.com\/product\/yoast-seo-wordpress\/ -->\n<title>Aplitop tcpMDT Professional + Surveying NETWORK - Ghostysky<\/title>\n<meta name=\"description\" content=\"The All-in-One Network Solution for Advanced Land Surveying and Civil EngineeringAPLITOP tcpMDT Professional + Surveying NETWORK is a comprehensive, modular software suite built to streamline every stage of complex topography and civil engineering projects. Operating as a robust plug-in for your preferred CAD platform (AutoCAD, BricsCAD, GstarCAD, or ZWCAD), this advanced package provides an unrivaled toolset for professionals, including civil engineers, land surveyors, and infrastructure managers.\" \/>\n<meta name=\"robots\" content=\"index, follow, max-snippet:-1, max-image-preview:large, max-video-preview:-1\" \/>\n<link rel=\"canonical\" href=\"https:\/\/www.ghostysky.com\/es\/producto-2\/aplitop-tcpmdt-professional-surveying-network\/\" \/>\n<meta property=\"og:locale\" content=\"es_ES\" \/>\n<meta property=\"og:type\" content=\"article\" \/>\n<meta property=\"og:title\" content=\"Aplitop tcpMDT Professional + Surveying NETWORK - Ghostysky\" \/>\n<meta property=\"og:description\" content=\"The All-in-One Network Solution for Advanced Land Surveying and Civil EngineeringAPLITOP tcpMDT Professional + Surveying NETWORK is a comprehensive, modular software suite built to streamline every stage of complex topography and civil engineering projects. Operating as a robust plug-in for your preferred CAD platform (AutoCAD, BricsCAD, GstarCAD, or ZWCAD), this advanced package provides an unrivaled toolset for professionals, including civil engineers, land surveyors, and infrastructure managers.\" \/>\n<meta property=\"og:url\" content=\"https:\/\/www.ghostysky.com\/es\/producto-2\/aplitop-tcpmdt-professional-surveying-network\/\" \/>\n<meta property=\"og:site_name\" content=\"Ghostysky\" \/>\n<meta property=\"article:publisher\" content=\"https:\/\/www.facebook.com\/people\/Ghostysky\/100057676170234\/\" \/>\n<meta property=\"article:modified_time\" content=\"2025-10-28T07:55:54+00:00\" \/>\n<meta property=\"og:image\" content=\"https:\/\/www.ghostysky.com\/wp-content\/uploads\/2025\/10\/GH_tcpMDT_1.jpg\" \/>\n\t<meta property=\"og:image:width\" content=\"500\" \/>\n\t<meta property=\"og:image:height\" content=\"500\" \/>\n\t<meta property=\"og:image:type\" content=\"image\/jpeg\" \/>\n<meta name=\"twitter:card\" content=\"summary_large_image\" \/>\n<meta name=\"twitter:site\" content=\"@Gh0stysky\" \/>\n<meta name=\"twitter:label1\" content=\"Tiempo de lectura\" \/>\n\t<meta name=\"twitter:data1\" content=\"2 minutos\" \/>\n<script type=\"application\/ld+json\" class=\"yoast-schema-graph\">{\"@context\":\"https:\/\/schema.org\",\"@graph\":[{\"@type\":\"WebPage\",\"@id\":\"https:\/\/www.ghostysky.com\/product\/aplitop-tcpmdt-professional-surveying-network\/\",\"url\":\"https:\/\/www.ghostysky.com\/product\/aplitop-tcpmdt-professional-surveying-network\/\",\"name\":\"Aplitop tcpMDT Professional + Surveying NETWORK - Ghostysky\",\"isPartOf\":{\"@id\":\"https:\/\/www.ghostysky.com\/#website\"},\"primaryImageOfPage\":{\"@id\":\"https:\/\/www.ghostysky.com\/product\/aplitop-tcpmdt-professional-surveying-network\/#primaryimage\"},\"image\":{\"@id\":\"https:\/\/www.ghostysky.com\/product\/aplitop-tcpmdt-professional-surveying-network\/#primaryimage\"},\"thumbnailUrl\":\"https:\/\/www.ghostysky.com\/wp-content\/uploads\/2025\/10\/GH_tcpMDT_1.jpg\",\"datePublished\":\"2025-10-28T07:51:23+00:00\",\"dateModified\":\"2025-10-28T07:55:54+00:00\",\"description\":\"The All-in-One Network Solution for Advanced Land Surveying and Civil EngineeringAPLITOP tcpMDT Professional + Surveying NETWORK is a comprehensive, modular software suite built to streamline every stage of complex topography and civil engineering projects. Operating as a robust plug-in for your preferred CAD platform (AutoCAD, BricsCAD, GstarCAD, or ZWCAD), this advanced package provides an unrivaled toolset for professionals, including civil engineers, land surveyors, and infrastructure managers.\",\"breadcrumb\":{\"@id\":\"https:\/\/www.ghostysky.com\/product\/aplitop-tcpmdt-professional-surveying-network\/#breadcrumb\"},\"inLanguage\":\"es\",\"potentialAction\":[{\"@type\":\"ReadAction\",\"target\":[\"https:\/\/www.ghostysky.com\/product\/aplitop-tcpmdt-professional-surveying-network\/\"]}]},{\"@type\":\"ImageObject\",\"inLanguage\":\"es\",\"@id\":\"https:\/\/www.ghostysky.com\/product\/aplitop-tcpmdt-professional-surveying-network\/#primaryimage\",\"url\":\"https:\/\/www.ghostysky.com\/wp-content\/uploads\/2025\/10\/GH_tcpMDT_1.jpg\",\"contentUrl\":\"https:\/\/www.ghostysky.com\/wp-content\/uploads\/2025\/10\/GH_tcpMDT_1.jpg\",\"width\":500,\"height\":500},{\"@type\":\"BreadcrumbList\",\"@id\":\"https:\/\/www.ghostysky.com\/product\/aplitop-tcpmdt-professional-surveying-network\/#breadcrumb\",\"itemListElement\":[{\"@type\":\"ListItem\",\"position\":1,\"name\":\"Home\",\"item\":\"https:\/\/www.ghostysky.com\/\"},{\"@type\":\"ListItem\",\"position\":2,\"name\":\"Shop\",\"item\":\"https:\/\/www.ghostysky.com\/shop\/\"},{\"@type\":\"ListItem\",\"position\":3,\"name\":\"Aplitop tcpMDT Professional + Surveying NETWORK\"}]},{\"@type\":\"WebSite\",\"@id\":\"https:\/\/www.ghostysky.com\/#website\",\"url\":\"https:\/\/www.ghostysky.com\/\",\"name\":\"Ghostysky\",\"description\":\"Delivering professional drones and services\",\"publisher\":{\"@id\":\"https:\/\/www.ghostysky.com\/#organization\"},\"potentialAction\":[{\"@type\":\"SearchAction\",\"target\":{\"@type\":\"EntryPoint\",\"urlTemplate\":\"https:\/\/www.ghostysky.com\/?s={search_term_string}\"},\"query-input\":{\"@type\":\"PropertyValueSpecification\",\"valueRequired\":true,\"valueName\":\"search_term_string\"}}],\"inLanguage\":\"es\"},{\"@type\":\"Organization\",\"@id\":\"https:\/\/www.ghostysky.com\/#organization\",\"name\":\"Ghostysky\",\"url\":\"https:\/\/www.ghostysky.com\/\",\"logo\":{\"@type\":\"ImageObject\",\"inLanguage\":\"es\",\"@id\":\"https:\/\/www.ghostysky.com\/#\/schema\/logo\/image\/\",\"url\":\"https:\/\/www.ghostysky.com\/wp-content\/uploads\/2020\/06\/cropped-ghostyskylogo_text_white2.png\",\"contentUrl\":\"https:\/\/www.ghostysky.com\/wp-content\/uploads\/2020\/06\/cropped-ghostyskylogo_text_white2.png\",\"width\":169,\"height\":56,\"caption\":\"Ghostysky\"},\"image\":{\"@id\":\"https:\/\/www.ghostysky.com\/#\/schema\/logo\/image\/\"},\"sameAs\":[\"https:\/\/www.facebook.com\/people\/Ghostysky\/100057676170234\/\",\"https:\/\/x.com\/Gh0stysky\",\"https:\/\/www.linkedin.com\/company\/34739653\",\"https:\/\/www.instagram.com\/gh0stysky\"]}]}<\/script>\n<!-- \/ Yoast SEO plugin. -->","yoast_head_json":{"title":"Aplitop tcpMDT Professional + Topograf\u00eda RED - Ghostysky","description":"APLITOP tcpMDT Professional + Surveying NETWORK, la soluci\u00f3n integral en red para topograf\u00eda avanzada e ingenier\u00eda civil, es una suite de software completa y modular dise\u00f1ada para optimizar cada etapa de proyectos complejos de topograf\u00eda e ingenier\u00eda civil. Funciona como un potente complemento para su plataforma CAD preferida (AutoCAD, BricsCAD, GstarCAD o ZWCAD), y ofrece un conjunto de herramientas inigualable para profesionales, como ingenieros civiles, top\u00f3grafos y administradores de infraestructuras.","robots":{"index":"index","follow":"follow","max-snippet":"max-snippet:-1","max-image-preview":"max-image-preview:large","max-video-preview":"max-video-preview:-1"},"canonical":"https:\/\/www.ghostysky.com\/es\/producto-2\/aplitop-tcpmdt-professional-surveying-network\/","og_locale":"es_ES","og_type":"article","og_title":"Aplitop tcpMDT Professional + Surveying NETWORK - Ghostysky","og_description":"The All-in-One Network Solution for Advanced Land Surveying and Civil EngineeringAPLITOP tcpMDT Professional + Surveying NETWORK is a comprehensive, modular software suite built to streamline every stage of complex topography and civil engineering projects. Operating as a robust plug-in for your preferred CAD platform (AutoCAD, BricsCAD, GstarCAD, or ZWCAD), this advanced package provides an unrivaled toolset for professionals, including civil engineers, land surveyors, and infrastructure managers.","og_url":"https:\/\/www.ghostysky.com\/es\/producto-2\/aplitop-tcpmdt-professional-surveying-network\/","og_site_name":"Ghostysky","article_publisher":"https:\/\/www.facebook.com\/people\/Ghostysky\/100057676170234\/","article_modified_time":"2025-10-28T07:55:54+00:00","og_image":[{"width":500,"height":500,"url":"https:\/\/www.ghostysky.com\/wp-content\/uploads\/2025\/10\/GH_tcpMDT_1.jpg","type":"image\/jpeg"}],"twitter_card":"summary_large_image","twitter_site":"@Gh0stysky","twitter_misc":{"Tiempo de lectura":"2 minutos"},"schema":{"@context":"https:\/\/schema.org","@graph":[{"@type":"WebPage","@id":"https:\/\/www.ghostysky.com\/product\/aplitop-tcpmdt-professional-surveying-network\/","url":"https:\/\/www.ghostysky.com\/product\/aplitop-tcpmdt-professional-surveying-network\/","name":"Aplitop tcpMDT Professional + Topograf\u00eda RED - Ghostysky","isPartOf":{"@id":"https:\/\/www.ghostysky.com\/#website"},"primaryImageOfPage":{"@id":"https:\/\/www.ghostysky.com\/product\/aplitop-tcpmdt-professional-surveying-network\/#primaryimage"},"image":{"@id":"https:\/\/www.ghostysky.com\/product\/aplitop-tcpmdt-professional-surveying-network\/#primaryimage"},"thumbnailUrl":"https:\/\/www.ghostysky.com\/wp-content\/uploads\/2025\/10\/GH_tcpMDT_1.jpg","datePublished":"2025-10-28T07:51:23+00:00","dateModified":"2025-10-28T07:55:54+00:00","description":"APLITOP tcpMDT Professional + Surveying NETWORK, la soluci\u00f3n integral en red para topograf\u00eda avanzada e ingenier\u00eda civil, es una suite de software completa y modular dise\u00f1ada para optimizar cada etapa de proyectos complejos de topograf\u00eda e ingenier\u00eda civil. Funciona como un potente complemento para su plataforma CAD preferida (AutoCAD, BricsCAD, GstarCAD o ZWCAD), y ofrece un conjunto de herramientas inigualable para profesionales, como ingenieros civiles, top\u00f3grafos y administradores de infraestructuras.","breadcrumb":{"@id":"https:\/\/www.ghostysky.com\/product\/aplitop-tcpmdt-professional-surveying-network\/#breadcrumb"},"inLanguage":"es","potentialAction":[{"@type":"ReadAction","target":["https:\/\/www.ghostysky.com\/product\/aplitop-tcpmdt-professional-surveying-network\/"]}]},{"@type":"ImageObject","inLanguage":"es","@id":"https:\/\/www.ghostysky.com\/product\/aplitop-tcpmdt-professional-surveying-network\/#primaryimage","url":"https:\/\/www.ghostysky.com\/wp-content\/uploads\/2025\/10\/GH_tcpMDT_1.jpg","contentUrl":"https:\/\/www.ghostysky.com\/wp-content\/uploads\/2025\/10\/GH_tcpMDT_1.jpg","width":500,"height":500},{"@type":"BreadcrumbList","@id":"https:\/\/www.ghostysky.com\/product\/aplitop-tcpmdt-professional-surveying-network\/#breadcrumb","itemListElement":[{"@type":"ListItem","position":1,"name":"Home","item":"https:\/\/www.ghostysky.com\/"},{"@type":"ListItem","position":2,"name":"Shop","item":"https:\/\/www.ghostysky.com\/shop\/"},{"@type":"ListItem","position":3,"name":"Aplitop tcpMDT Professional + Surveying NETWORK"}]},{"@type":"WebSite","@id":"https:\/\/www.ghostysky.com\/#website","url":"https:\/\/www.ghostysky.com\/","name":"Ghostysky","description":"Entrega de drones y servicios profesionales","publisher":{"@id":"https:\/\/www.ghostysky.com\/#organization"},"potentialAction":[{"@type":"SearchAction","target":{"@type":"EntryPoint","urlTemplate":"https:\/\/www.ghostysky.com\/?s={search_term_string}"},"query-input":{"@type":"PropertyValueSpecification","valueRequired":true,"valueName":"search_term_string"}}],"inLanguage":"es"},{"@type":"Organization","@id":"https:\/\/www.ghostysky.com\/#organization","name":"Ghostysky","url":"https:\/\/www.ghostysky.com\/","logo":{"@type":"ImageObject","inLanguage":"es","@id":"https:\/\/www.ghostysky.com\/#\/schema\/logo\/image\/","url":"https:\/\/www.ghostysky.com\/wp-content\/uploads\/2020\/06\/cropped-ghostyskylogo_text_white2.png","contentUrl":"https:\/\/www.ghostysky.com\/wp-content\/uploads\/2020\/06\/cropped-ghostyskylogo_text_white2.png","width":169,"height":56,"caption":"Ghostysky"},"image":{"@id":"https:\/\/www.ghostysky.com\/#\/schema\/logo\/image\/"},"sameAs":["https:\/\/www.facebook.com\/people\/Ghostysky\/100057676170234\/","https:\/\/x.com\/Gh0stysky","https:\/\/www.linkedin.com\/company\/34739653","https:\/\/www.instagram.com\/gh0stysky"]}]}},"_links":{"self":[{"href":"https:\/\/www.ghostysky.com\/es\/wp-json\/wp\/v2\/product\/22586","targetHints":{"allow":["GET"]}}],"collection":[{"href":"https:\/\/www.ghostysky.com\/es\/wp-json\/wp\/v2\/product"}],"about":[{"href":"https:\/\/www.ghostysky.com\/es\/wp-json\/wp\/v2\/types\/product"}],"replies":[{"embeddable":true,"href":"https:\/\/www.ghostysky.com\/es\/wp-json\/wp\/v2\/comments?post=22586"}],"wp:featuredmedia":[{"embeddable":true,"href":"https:\/\/www.ghostysky.com\/es\/wp-json\/wp\/v2\/media\/22523"}],"wp:attachment":[{"href":"https:\/\/www.ghostysky.com\/es\/wp-json\/wp\/v2\/media?parent=22586"}],"wp:term":[{"taxonomy":"product_brand","embeddable":true,"href":"https:\/\/www.ghostysky.com\/es\/wp-json\/wp\/v2\/product_brand?post=22586"},{"taxonomy":"product_cat","embeddable":true,"href":"https:\/\/www.ghostysky.com\/es\/wp-json\/wp\/v2\/product_cat?post=22586"},{"taxonomy":"product_tag","embeddable":true,"href":"https:\/\/www.ghostysky.com\/es\/wp-json\/wp\/v2\/product_tag?post=22586"}],"curies":[{"name":"wp","href":"https:\/\/api.w.org\/{rel}","templated":true}]}}