{"id":22593,"date":"2025-10-28T08:12:51","date_gmt":"2025-10-28T08:12:51","guid":{"rendered":"https:\/\/www.ghostysky.com\/?post_type=product&#038;p=22593"},"modified":"2025-10-28T08:17:26","modified_gmt":"2025-10-28T08:17:26","slug":"aplitop-tcpmdt-photovoltaic-network","status":"publish","type":"product","link":"https:\/\/www.ghostysky.com\/es\/product\/aplitop-tcpmdt-photovoltaic-network\/","title":{"rendered":"RED Fotovoltaica Aplitop tcpMDT"},"content":{"rendered":"<h4><b>Caracter\u00edsticas y beneficios clave<\/b><\/h4>\n<ul>\n<li><b><span class=\"citation-169\">Minimizaci\u00f3n y optimizaci\u00f3n de movimiento de tierras:<\/span><\/b><span class=\"citation-169 citation-end-169\"> Analice el terreno existente para definir zonas de proyecto con criterios personalizables, incluidas pendientes m\u00e1ximas, inclinaci\u00f3n y diferencias de elevaci\u00f3n.<\/span> El software calcula y optimiza autom\u00e1ticamente la nivelaci\u00f3n para adaptarse a las limitaciones de los seguidores solares y de la planta, reduciendo dr\u00e1sticamente la necesidad de realizar costosos movimientos de tierra.<\/li>\n<li><b><span class=\"citation-168\">Dise\u00f1o de sitios de precisi\u00f3n:<\/span><\/b><span class=\"citation-168 citation-end-168\"> Defina y coloque f\u00e1cilmente varios tipos de seguidores solares, incluidos modelos de un solo eje y adaptables al terreno, especificando todas las propiedades como dimensiones f\u00edsicas, cantidad de paneles, postes de soporte y clasificaciones de potencia.<\/span> Los rastreadores y postes se numeran y colocan autom\u00e1ticamente mediante herramientas de dise\u00f1o asistido.<\/li>\n<li><b><span class=\"citation-167\">An\u00e1lisis completo del terreno:<\/span><\/b><span class=\"citation-167 citation-end-167\"> Visualice y analice el terreno con modelos 3D y mapas de pendientes.<\/span> <span class=\"citation-166 citation-end-166\">El software proporciona herramientas interactivas para revisar y resolver incidentes de dise\u00f1o como errores de pendiente o saltos entre seguidores, garantizando un dise\u00f1o final s\u00f3lido y compatible.<\/span><\/li>\n<li><b>Resultados e informes precisos:<\/b><span class=\"citation-165 citation-end-165\"> Genere informes detallados y resumidos sobre zonas, seguidores solares, postes y vol\u00famenes de movimiento de tierras.<\/span> <span class=\"citation-164 citation-end-164\">Exporte datos a formatos est\u00e1ndar como Excel para el c\u00e1lculo de cantidades y env\u00ede informes de replanteo directamente a receptores GNSS o estaciones totales para un trabajo de campo eficiente.<\/span><\/li>\n<li><b><span class=\"citation-163\">Integraci\u00f3n OpenBIM:<\/span><\/b><span class=\"citation-163\"> Producir un modelo 3D realista de toda la instalaci\u00f3n, que se puede exportar en <\/span><b><span class=\"citation-163\">Formato IFC<\/span><\/b><span class=\"citation-163 citation-end-163\"> con todas las propiedades asociadas para una integraci\u00f3n perfecta en los flujos de trabajo OpenBIM y la gesti\u00f3n avanzada de proyectos.<\/span><\/li>\n<\/ul>\n<p><b>Aplitop tcpMDT Fotovoltaica<\/b> Transforma los desaf\u00edos complejos del dise\u00f1o fotovoltaico en soluciones eficientes, precisas y rentables, garantizando que su proyecto solar maximice la producci\u00f3n de energ\u00eda y minimice el impacto y el costo de la construcci\u00f3n.<\/p>","protected":false},"excerpt":{"rendered":"<p><b>Software avanzado de optimizaci\u00f3n y dise\u00f1o topogr\u00e1fico para plantas solares<\/b><\/p>\n<p><b><span class=\"citation-171\">Aplitop tcpMDT Fotovoltaica<\/span><\/b><span class=\"citation-171 citation-end-171\"> es la aplicaci\u00f3n CAD especializada desarrollada para la topograf\u00eda de precisi\u00f3n, el dise\u00f1o y la optimizaci\u00f3n de instalaciones fotovoltaicas (PV) a gran escala.<\/span> <span class=\"citation-170 citation-end-170\">Dise\u00f1ada para ingenieros y empresas EPC, esta herramienta esencial se integra perfectamente con su entorno CAD para minimizar los movimientos de tierra, agilizar la colocaci\u00f3n de seguidores solares y generar c\u00e1lculos de cantidades precisos.<\/span><\/p>","protected":false},"featured_media":22523,"comment_status":"open","ping_status":"closed","template":"","meta":[],"product_brand":[1208],"product_cat":[1207,31],"product_tag":[1209,1223],"class_list":{"0":"post-22593","1":"product","2":"type-product","3":"status-publish","4":"has-post-thumbnail","6":"product_brand-aplitop","7":"product_cat-aplitop","8":"product_cat-software","9":"product_tag-aplitop","10":"product_tag-tcpmdt-photovoltaic-network","12":"first","13":"instock","14":"taxable","15":"shipping-taxable","16":"product-type-simple"},"yoast_head":"<!-- This site is optimized with the Yoast SEO plugin v27.4 - https:\/\/yoast.com\/product\/yoast-seo-wordpress\/ -->\n<title>Aplitop tcpMDT Photovoltaic NETWORK - Ghostysky<\/title>\n<meta name=\"description\" content=\"Advanced Topographic Optimization and Design Software for Solar PlantsAplitop tcpMDT Photovoltaic is the specialized CAD application developed for precision surveying, design, and optimization of large-scale photovoltaic (PV) installations. Designed for engineers and EPC companies, this essential tool integrates seamlessly with your CAD environment to minimize earthworks, streamline solar tracker placement, and generate accurate quantity take-offs.\" \/>\n<meta name=\"robots\" content=\"index, follow, max-snippet:-1, max-image-preview:large, max-video-preview:-1\" \/>\n<link rel=\"canonical\" href=\"https:\/\/www.ghostysky.com\/es\/producto-2\/aplitop-tcpmdt-photovoltaic-network\/\" \/>\n<meta property=\"og:locale\" content=\"es_ES\" \/>\n<meta property=\"og:type\" content=\"article\" \/>\n<meta property=\"og:title\" content=\"Aplitop tcpMDT Photovoltaic NETWORK - Ghostysky\" \/>\n<meta property=\"og:description\" content=\"Advanced Topographic Optimization and Design Software for Solar PlantsAplitop tcpMDT Photovoltaic is the specialized CAD application developed for precision surveying, design, and optimization of large-scale photovoltaic (PV) installations. Designed for engineers and EPC companies, this essential tool integrates seamlessly with your CAD environment to minimize earthworks, streamline solar tracker placement, and generate accurate quantity take-offs.\" \/>\n<meta property=\"og:url\" content=\"https:\/\/www.ghostysky.com\/es\/producto-2\/aplitop-tcpmdt-photovoltaic-network\/\" \/>\n<meta property=\"og:site_name\" content=\"Ghostysky\" \/>\n<meta property=\"article:publisher\" content=\"https:\/\/www.facebook.com\/people\/Ghostysky\/100057676170234\/\" \/>\n<meta property=\"article:modified_time\" content=\"2025-10-28T08:17:26+00:00\" \/>\n<meta property=\"og:image\" content=\"https:\/\/www.ghostysky.com\/wp-content\/uploads\/2025\/10\/GH_tcpMDT_1.jpg\" \/>\n\t<meta property=\"og:image:width\" content=\"500\" \/>\n\t<meta property=\"og:image:height\" content=\"500\" \/>\n\t<meta property=\"og:image:type\" content=\"image\/jpeg\" \/>\n<meta name=\"twitter:card\" content=\"summary_large_image\" \/>\n<meta name=\"twitter:site\" content=\"@Gh0stysky\" \/>\n<meta name=\"twitter:label1\" content=\"Tiempo de lectura\" \/>\n\t<meta name=\"twitter:data1\" content=\"2 minutos\" \/>\n<script type=\"application\/ld+json\" class=\"yoast-schema-graph\">{\"@context\":\"https:\\\/\\\/schema.org\",\"@graph\":[{\"@type\":\"WebPage\",\"@id\":\"https:\\\/\\\/www.ghostysky.com\\\/product\\\/aplitop-tcpmdt-photovoltaic-network\\\/\",\"url\":\"https:\\\/\\\/www.ghostysky.com\\\/product\\\/aplitop-tcpmdt-photovoltaic-network\\\/\",\"name\":\"Aplitop tcpMDT Photovoltaic NETWORK - Ghostysky\",\"isPartOf\":{\"@id\":\"https:\\\/\\\/www.ghostysky.com\\\/#website\"},\"primaryImageOfPage\":{\"@id\":\"https:\\\/\\\/www.ghostysky.com\\\/product\\\/aplitop-tcpmdt-photovoltaic-network\\\/#primaryimage\"},\"image\":{\"@id\":\"https:\\\/\\\/www.ghostysky.com\\\/product\\\/aplitop-tcpmdt-photovoltaic-network\\\/#primaryimage\"},\"thumbnailUrl\":\"https:\\\/\\\/www.ghostysky.com\\\/wp-content\\\/uploads\\\/2025\\\/10\\\/GH_tcpMDT_1.jpg\",\"datePublished\":\"2025-10-28T08:12:51+00:00\",\"dateModified\":\"2025-10-28T08:17:26+00:00\",\"description\":\"Advanced Topographic Optimization and Design Software for Solar PlantsAplitop tcpMDT Photovoltaic is the specialized CAD application developed for precision surveying, design, and optimization of large-scale photovoltaic (PV) installations. Designed for engineers and EPC companies, this essential tool integrates seamlessly with your CAD environment to minimize earthworks, streamline solar tracker placement, and generate accurate quantity take-offs.\",\"breadcrumb\":{\"@id\":\"https:\\\/\\\/www.ghostysky.com\\\/product\\\/aplitop-tcpmdt-photovoltaic-network\\\/#breadcrumb\"},\"inLanguage\":\"es\",\"potentialAction\":[{\"@type\":\"ReadAction\",\"target\":[\"https:\\\/\\\/www.ghostysky.com\\\/product\\\/aplitop-tcpmdt-photovoltaic-network\\\/\"]}]},{\"@type\":\"ImageObject\",\"inLanguage\":\"es\",\"@id\":\"https:\\\/\\\/www.ghostysky.com\\\/product\\\/aplitop-tcpmdt-photovoltaic-network\\\/#primaryimage\",\"url\":\"https:\\\/\\\/www.ghostysky.com\\\/wp-content\\\/uploads\\\/2025\\\/10\\\/GH_tcpMDT_1.jpg\",\"contentUrl\":\"https:\\\/\\\/www.ghostysky.com\\\/wp-content\\\/uploads\\\/2025\\\/10\\\/GH_tcpMDT_1.jpg\",\"width\":500,\"height\":500},{\"@type\":\"BreadcrumbList\",\"@id\":\"https:\\\/\\\/www.ghostysky.com\\\/product\\\/aplitop-tcpmdt-photovoltaic-network\\\/#breadcrumb\",\"itemListElement\":[{\"@type\":\"ListItem\",\"position\":1,\"name\":\"Home\",\"item\":\"https:\\\/\\\/www.ghostysky.com\\\/\"},{\"@type\":\"ListItem\",\"position\":2,\"name\":\"Shop\",\"item\":\"https:\\\/\\\/www.ghostysky.com\\\/shop\\\/\"},{\"@type\":\"ListItem\",\"position\":3,\"name\":\"Aplitop tcpMDT Photovoltaic NETWORK\"}]},{\"@type\":\"WebSite\",\"@id\":\"https:\\\/\\\/www.ghostysky.com\\\/#website\",\"url\":\"https:\\\/\\\/www.ghostysky.com\\\/\",\"name\":\"Ghostysky\",\"description\":\"Delivering professional drones and services\",\"publisher\":{\"@id\":\"https:\\\/\\\/www.ghostysky.com\\\/#organization\"},\"potentialAction\":[{\"@type\":\"SearchAction\",\"target\":{\"@type\":\"EntryPoint\",\"urlTemplate\":\"https:\\\/\\\/www.ghostysky.com\\\/?s={search_term_string}\"},\"query-input\":{\"@type\":\"PropertyValueSpecification\",\"valueRequired\":true,\"valueName\":\"search_term_string\"}}],\"inLanguage\":\"es\"},{\"@type\":\"Organization\",\"@id\":\"https:\\\/\\\/www.ghostysky.com\\\/#organization\",\"name\":\"Ghostysky\",\"url\":\"https:\\\/\\\/www.ghostysky.com\\\/\",\"logo\":{\"@type\":\"ImageObject\",\"inLanguage\":\"es\",\"@id\":\"https:\\\/\\\/www.ghostysky.com\\\/#\\\/schema\\\/logo\\\/image\\\/\",\"url\":\"https:\\\/\\\/www.ghostysky.com\\\/wp-content\\\/uploads\\\/2020\\\/06\\\/cropped-ghostyskylogo_text_white2.png\",\"contentUrl\":\"https:\\\/\\\/www.ghostysky.com\\\/wp-content\\\/uploads\\\/2020\\\/06\\\/cropped-ghostyskylogo_text_white2.png\",\"width\":169,\"height\":56,\"caption\":\"Ghostysky\"},\"image\":{\"@id\":\"https:\\\/\\\/www.ghostysky.com\\\/#\\\/schema\\\/logo\\\/image\\\/\"},\"sameAs\":[\"https:\\\/\\\/www.facebook.com\\\/people\\\/Ghostysky\\\/100057676170234\\\/\",\"https:\\\/\\\/x.com\\\/Gh0stysky\",\"https:\\\/\\\/www.linkedin.com\\\/company\\\/34739653\",\"https:\\\/\\\/www.instagram.com\\\/gh0stysky\"]}]}<\/script>\n<!-- \/ Yoast SEO plugin. -->","yoast_head_json":{"title":"Red fotovoltaica Aplitop tcpMDT - Ghostysky","description":"Software avanzado de optimizaci\u00f3n y dise\u00f1o topogr\u00e1fico para plantas solares. Aplitop tcpMDT Photovoltaic es la aplicaci\u00f3n CAD especializada, desarrollada para la topograf\u00eda, el dise\u00f1o y la optimizaci\u00f3n de instalaciones fotovoltaicas (FV) a gran escala. Dise\u00f1ada para ingenieros y empresas EPC, esta herramienta esencial se integra a la perfecci\u00f3n con su entorno CAD para minimizar los movimientos de tierra, optimizar la colocaci\u00f3n de seguidores solares y generar mediciones precisas.","robots":{"index":"index","follow":"follow","max-snippet":"max-snippet:-1","max-image-preview":"max-image-preview:large","max-video-preview":"max-video-preview:-1"},"canonical":"https:\/\/www.ghostysky.com\/es\/producto-2\/aplitop-tcpmdt-photovoltaic-network\/","og_locale":"es_ES","og_type":"article","og_title":"Aplitop tcpMDT Photovoltaic NETWORK - Ghostysky","og_description":"Advanced Topographic Optimization and Design Software for Solar PlantsAplitop tcpMDT Photovoltaic is the specialized CAD application developed for precision surveying, design, and optimization of large-scale photovoltaic (PV) installations. Designed for engineers and EPC companies, this essential tool integrates seamlessly with your CAD environment to minimize earthworks, streamline solar tracker placement, and generate accurate quantity take-offs.","og_url":"https:\/\/www.ghostysky.com\/es\/producto-2\/aplitop-tcpmdt-photovoltaic-network\/","og_site_name":"Ghostysky","article_publisher":"https:\/\/www.facebook.com\/people\/Ghostysky\/100057676170234\/","article_modified_time":"2025-10-28T08:17:26+00:00","og_image":[{"width":500,"height":500,"url":"https:\/\/www.ghostysky.com\/wp-content\/uploads\/2025\/10\/GH_tcpMDT_1.jpg","type":"image\/jpeg"}],"twitter_card":"summary_large_image","twitter_site":"@Gh0stysky","twitter_misc":{"Tiempo de lectura":"2 minutos"},"schema":{"@context":"https:\/\/schema.org","@graph":[{"@type":"WebPage","@id":"https:\/\/www.ghostysky.com\/product\/aplitop-tcpmdt-photovoltaic-network\/","url":"https:\/\/www.ghostysky.com\/product\/aplitop-tcpmdt-photovoltaic-network\/","name":"Red fotovoltaica Aplitop tcpMDT - Ghostysky","isPartOf":{"@id":"https:\/\/www.ghostysky.com\/#website"},"primaryImageOfPage":{"@id":"https:\/\/www.ghostysky.com\/product\/aplitop-tcpmdt-photovoltaic-network\/#primaryimage"},"image":{"@id":"https:\/\/www.ghostysky.com\/product\/aplitop-tcpmdt-photovoltaic-network\/#primaryimage"},"thumbnailUrl":"https:\/\/www.ghostysky.com\/wp-content\/uploads\/2025\/10\/GH_tcpMDT_1.jpg","datePublished":"2025-10-28T08:12:51+00:00","dateModified":"2025-10-28T08:17:26+00:00","description":"Software avanzado de optimizaci\u00f3n y dise\u00f1o topogr\u00e1fico para plantas solares. Aplitop tcpMDT Photovoltaic es la aplicaci\u00f3n CAD especializada, desarrollada para la topograf\u00eda, el dise\u00f1o y la optimizaci\u00f3n de instalaciones fotovoltaicas (FV) a gran escala. Dise\u00f1ada para ingenieros y empresas EPC, esta herramienta esencial se integra a la perfecci\u00f3n con su entorno CAD para minimizar los movimientos de tierra, optimizar la colocaci\u00f3n de seguidores solares y generar mediciones precisas.","breadcrumb":{"@id":"https:\/\/www.ghostysky.com\/product\/aplitop-tcpmdt-photovoltaic-network\/#breadcrumb"},"inLanguage":"es","potentialAction":[{"@type":"ReadAction","target":["https:\/\/www.ghostysky.com\/product\/aplitop-tcpmdt-photovoltaic-network\/"]}]},{"@type":"ImageObject","inLanguage":"es","@id":"https:\/\/www.ghostysky.com\/product\/aplitop-tcpmdt-photovoltaic-network\/#primaryimage","url":"https:\/\/www.ghostysky.com\/wp-content\/uploads\/2025\/10\/GH_tcpMDT_1.jpg","contentUrl":"https:\/\/www.ghostysky.com\/wp-content\/uploads\/2025\/10\/GH_tcpMDT_1.jpg","width":500,"height":500},{"@type":"BreadcrumbList","@id":"https:\/\/www.ghostysky.com\/product\/aplitop-tcpmdt-photovoltaic-network\/#breadcrumb","itemListElement":[{"@type":"ListItem","position":1,"name":"Home","item":"https:\/\/www.ghostysky.com\/"},{"@type":"ListItem","position":2,"name":"Shop","item":"https:\/\/www.ghostysky.com\/shop\/"},{"@type":"ListItem","position":3,"name":"Aplitop tcpMDT Photovoltaic NETWORK"}]},{"@type":"WebSite","@id":"https:\/\/www.ghostysky.com\/#website","url":"https:\/\/www.ghostysky.com\/","name":"Ghostysky","description":"Entrega de drones y servicios profesionales","publisher":{"@id":"https:\/\/www.ghostysky.com\/#organization"},"potentialAction":[{"@type":"SearchAction","target":{"@type":"EntryPoint","urlTemplate":"https:\/\/www.ghostysky.com\/?s={search_term_string}"},"query-input":{"@type":"PropertyValueSpecification","valueRequired":true,"valueName":"search_term_string"}}],"inLanguage":"es"},{"@type":"Organization","@id":"https:\/\/www.ghostysky.com\/#organization","name":"Ghostysky","url":"https:\/\/www.ghostysky.com\/","logo":{"@type":"ImageObject","inLanguage":"es","@id":"https:\/\/www.ghostysky.com\/#\/schema\/logo\/image\/","url":"https:\/\/www.ghostysky.com\/wp-content\/uploads\/2020\/06\/cropped-ghostyskylogo_text_white2.png","contentUrl":"https:\/\/www.ghostysky.com\/wp-content\/uploads\/2020\/06\/cropped-ghostyskylogo_text_white2.png","width":169,"height":56,"caption":"Ghostysky"},"image":{"@id":"https:\/\/www.ghostysky.com\/#\/schema\/logo\/image\/"},"sameAs":["https:\/\/www.facebook.com\/people\/Ghostysky\/100057676170234\/","https:\/\/x.com\/Gh0stysky","https:\/\/www.linkedin.com\/company\/34739653","https:\/\/www.instagram.com\/gh0stysky"]}]}},"_links":{"self":[{"href":"https:\/\/www.ghostysky.com\/es\/wp-json\/wp\/v2\/product\/22593","targetHints":{"allow":["GET"]}}],"collection":[{"href":"https:\/\/www.ghostysky.com\/es\/wp-json\/wp\/v2\/product"}],"about":[{"href":"https:\/\/www.ghostysky.com\/es\/wp-json\/wp\/v2\/types\/product"}],"replies":[{"embeddable":true,"href":"https:\/\/www.ghostysky.com\/es\/wp-json\/wp\/v2\/comments?post=22593"}],"version-history":[{"count":0,"href":"https:\/\/www.ghostysky.com\/es\/wp-json\/wp\/v2\/product\/22593\/revisions"}],"wp:featuredmedia":[{"embeddable":true,"href":"https:\/\/www.ghostysky.com\/es\/wp-json\/wp\/v2\/media\/22523"}],"wp:attachment":[{"href":"https:\/\/www.ghostysky.com\/es\/wp-json\/wp\/v2\/media?parent=22593"}],"wp:term":[{"taxonomy":"product_brand","embeddable":true,"href":"https:\/\/www.ghostysky.com\/es\/wp-json\/wp\/v2\/product_brand?post=22593"},{"taxonomy":"product_cat","embeddable":true,"href":"https:\/\/www.ghostysky.com\/es\/wp-json\/wp\/v2\/product_cat?post=22593"},{"taxonomy":"product_tag","embeddable":true,"href":"https:\/\/www.ghostysky.com\/es\/wp-json\/wp\/v2\/product_tag?post=22593"}],"curies":[{"name":"wp","href":"https:\/\/api.w.org\/{rel}","templated":true}]}}