{"id":22598,"date":"2025-10-28T08:22:18","date_gmt":"2025-10-28T08:22:18","guid":{"rendered":"https:\/\/www.ghostysky.com\/?post_type=product&#038;p=22598"},"modified":"2025-10-28T08:30:46","modified_gmt":"2025-10-28T08:30:46","slug":"aplitop-tcp-pointcloud-editor-network","status":"publish","type":"product","link":"https:\/\/www.ghostysky.com\/es\/product\/aplitop-tcp-pointcloud-editor-network\/","title":{"rendered":"Editor de nubes de puntos TCP de Aplitop RED"},"content":{"rendered":"<h4>Caracter\u00edsticas y beneficios clave<\/h4>\n<ul>\n<li><b>Gesti\u00f3n integral de datos:<\/b><span class=\"citation-192 citation-end-192\"> Importe y administre nubes de puntos e im\u00e1genes en una amplia gama de formatos comunes (por ejemplo, LAS\/LAZ, E57, PTS, PLY, RCS), preservando atributos como color, intensidad, tiempo y categor\u00eda.<\/span> <span class=\"citation-191\">Realizar f\u00e1cilmente <\/span><b><span class=\"citation-191\">registro en la nube<\/span><\/b><span class=\"citation-191 citation-end-191\"> utilizando puntos de control y aplicar transformaciones de coordenadas.<\/span><\/li>\n<li><b>Clasificaci\u00f3n y edici\u00f3n impulsadas por IA:<\/b><span class=\"citation-190\"> Aprovechar <\/span><b><span class=\"citation-190\">Inteligencia artificial<\/span><\/b><span class=\"citation-190 citation-end-190\"> modelos para la clasificaci\u00f3n autom\u00e1tica de puntos en escenas tanto interiores como exteriores, acelerando significativamente su flujo de trabajo.<\/span> <span class=\"citation-189\">Herramientas para <\/span><b><span class=\"citation-189\">eliminaci\u00f3n de ruido<\/span><\/b><span class=\"citation-189 citation-end-189\">, la selecci\u00f3n avanzada por geometr\u00eda o atributos y la edici\u00f3n manual permiten una limpieza y organizaci\u00f3n precisa de los datos.<\/span><\/li>\n<li><b><span class=\"citation-188\">Modelado y an\u00e1lisis de precisi\u00f3n:<\/span><\/b><span class=\"citation-188\"> Sin esfuerzo <\/span><b><span class=\"citation-188\">medir y dibujar<\/span><\/b><span class=\"citation-188 citation-end-188\"> en 3D directamente sobre la nube de puntos o im\u00e1genes 360\u00ba, incluyendo funcionalidades CAD integradas y sincronizaci\u00f3n con plataformas CAD externas como AutoCAD, BricsCAD y GstarCAD.<\/span> <span class=\"citation-187\">Generar r\u00e1pidamente <\/span><b><span class=\"citation-187\">Superficies o mallas 3D<\/span><\/b><span class=\"citation-187\">, curvas de nivel y calcular perfiles y <\/span><b><span class=\"citation-187\">vol\u00famenes de corte y relleno<\/span><\/b><span class=\"citation-187 citation-end-187\"> para proyectos de ingenier\u00eda civil y topograf\u00eda.<\/span><\/li>\n<li><b><span class=\"citation-186\">Integraci\u00f3n y colaboraci\u00f3n perfectas:<\/span><\/b><span class=\"citation-186\"> El software admite la importaci\u00f3n y exportaci\u00f3n de datos en formatos est\u00e1ndar de la industria (DWG, DXF, LandXML, IFC, 3D PDF), lo que garantiza la compatibilidad con <\/span><b><span class=\"citation-186\">CAD, BIM y SIG<\/span><\/b><span class=\"citation-186 citation-end-186\"> software.<\/span> <span class=\"citation-185\">Publicar proyectos en <\/span><b><span class=\"citation-185\">nube<\/span><\/b><span class=\"citation-185 citation-end-185\"> para un f\u00e1cil acceso e inspecci\u00f3n a trav\u00e9s de un visor web en cualquier dispositivo, promoviendo el intercambio sin esfuerzo y el trabajo en equipo.<\/span><\/li>\n<\/ul>\n<p><span class=\"citation-184 citation-end-184\">El editor de nubes de puntos tcp es una herramienta ideal para profesionales de topograf\u00eda, ingenier\u00eda civil, arquitectura y dise\u00f1o que requieren una soluci\u00f3n eficiente, vers\u00e1til y colaborativa para transformar datos sin procesar de nubes de puntos en informaci\u00f3n procesable de ingenier\u00eda y dise\u00f1o.<\/span><\/p>\n<div class=\"source-inline-chip-container ng-star-inserted\"><\/div>\n<p>&nbsp;<\/p>","protected":false},"excerpt":{"rendered":"<p><span class=\"citation-194\">El <\/span><b><span class=\"citation-194\">Editor de nubes de puntos TCP de Aplitop RED<\/span><\/b><span class=\"citation-194\"> es una soluci\u00f3n de software avanzada, independiente y potente para <\/span><b><span class=\"citation-194\">Procesamiento, edici\u00f3n y an\u00e1lisis de conjuntos masivos de datos de nubes de puntos<\/span><\/b><span class=\"citation-194 citation-end-194\"> capturados desde fuentes como esc\u00e1neres fijos o m\u00f3viles, tecnolog\u00eda LiDAR y fotogrametr\u00eda (incluidos veh\u00edculos a\u00e9reos no tripulados y drones).<\/span> <span class=\"citation-193\">La licencia de RED est\u00e1 dise\u00f1ada espec\u00edficamente para organizaciones y ofrece <\/span><b><span class=\"citation-193\">acceso flotante entre m\u00faltiples usuarios<\/span><\/b><span class=\"citation-193 citation-end-193\"> dentro de su empresa para una mejor colaboraci\u00f3n y flexibilidad de recursos.<\/span><\/p>\n<h3><\/h3>","protected":false},"featured_media":22523,"comment_status":"open","ping_status":"closed","template":"","meta":[],"product_brand":[1208],"product_cat":[1207,31],"product_tag":[1209,1224],"class_list":{"0":"post-22598","1":"product","2":"type-product","3":"status-publish","4":"has-post-thumbnail","6":"product_brand-aplitop","7":"product_cat-aplitop","8":"product_cat-software","9":"product_tag-aplitop","10":"product_tag-tcp-pointcloud-editor-network","12":"first","13":"instock","14":"taxable","15":"shipping-taxable","16":"product-type-simple"},"yoast_head":"<!-- This site is optimized with the Yoast SEO plugin v27.4 - https:\/\/yoast.com\/product\/yoast-seo-wordpress\/ -->\n<title>Aplitop tcp PointCloud Editor NETWORK - Ghostysky<\/title>\n<meta name=\"description\" content=\"The Aplitop tcp PointCloud Editor NETWORK is an advanced, standalone, and powerful software solution for processing, editing, and analyzing massive point cloud datasets captured from sources like fixed or mobile scanners, LiDAR technology, and photogrammetry (including UAVs and drones). The NETWORK license is specifically designed for organizations, offering floating access across multiple users within your company for enhanced collaboration and resource flexibility.\" \/>\n<meta name=\"robots\" content=\"index, follow, max-snippet:-1, max-image-preview:large, max-video-preview:-1\" \/>\n<link rel=\"canonical\" href=\"https:\/\/www.ghostysky.com\/es\/producto-2\/aplitop-tcp-pointcloud-editor-network\/\" \/>\n<meta property=\"og:locale\" content=\"es_ES\" \/>\n<meta property=\"og:type\" content=\"article\" \/>\n<meta property=\"og:title\" content=\"Aplitop tcp PointCloud Editor NETWORK - Ghostysky\" \/>\n<meta property=\"og:description\" content=\"The Aplitop tcp PointCloud Editor NETWORK is an advanced, standalone, and powerful software solution for processing, editing, and analyzing massive point cloud datasets captured from sources like fixed or mobile scanners, LiDAR technology, and photogrammetry (including UAVs and drones). The NETWORK license is specifically designed for organizations, offering floating access across multiple users within your company for enhanced collaboration and resource flexibility.\" \/>\n<meta property=\"og:url\" content=\"https:\/\/www.ghostysky.com\/es\/producto-2\/aplitop-tcp-pointcloud-editor-network\/\" \/>\n<meta property=\"og:site_name\" content=\"Ghostysky\" \/>\n<meta property=\"article:publisher\" content=\"https:\/\/www.facebook.com\/people\/Ghostysky\/100057676170234\/\" \/>\n<meta property=\"article:modified_time\" content=\"2025-10-28T08:30:46+00:00\" \/>\n<meta property=\"og:image\" content=\"https:\/\/www.ghostysky.com\/wp-content\/uploads\/2025\/10\/GH_tcpMDT_1.jpg\" \/>\n\t<meta property=\"og:image:width\" content=\"500\" \/>\n\t<meta property=\"og:image:height\" content=\"500\" \/>\n\t<meta property=\"og:image:type\" content=\"image\/jpeg\" \/>\n<meta name=\"twitter:card\" content=\"summary_large_image\" \/>\n<meta name=\"twitter:site\" content=\"@Gh0stysky\" \/>\n<meta name=\"twitter:label1\" content=\"Tiempo de lectura\" \/>\n\t<meta name=\"twitter:data1\" content=\"2 minutos\" \/>\n<script type=\"application\/ld+json\" class=\"yoast-schema-graph\">{\"@context\":\"https:\\\/\\\/schema.org\",\"@graph\":[{\"@type\":\"WebPage\",\"@id\":\"https:\\\/\\\/www.ghostysky.com\\\/product\\\/aplitop-tcp-pointcloud-editor-network\\\/\",\"url\":\"https:\\\/\\\/www.ghostysky.com\\\/product\\\/aplitop-tcp-pointcloud-editor-network\\\/\",\"name\":\"Aplitop tcp PointCloud Editor NETWORK - Ghostysky\",\"isPartOf\":{\"@id\":\"https:\\\/\\\/www.ghostysky.com\\\/#website\"},\"primaryImageOfPage\":{\"@id\":\"https:\\\/\\\/www.ghostysky.com\\\/product\\\/aplitop-tcp-pointcloud-editor-network\\\/#primaryimage\"},\"image\":{\"@id\":\"https:\\\/\\\/www.ghostysky.com\\\/product\\\/aplitop-tcp-pointcloud-editor-network\\\/#primaryimage\"},\"thumbnailUrl\":\"https:\\\/\\\/www.ghostysky.com\\\/wp-content\\\/uploads\\\/2025\\\/10\\\/GH_tcpMDT_1.jpg\",\"datePublished\":\"2025-10-28T08:22:18+00:00\",\"dateModified\":\"2025-10-28T08:30:46+00:00\",\"description\":\"The Aplitop tcp PointCloud Editor NETWORK is an advanced, standalone, and powerful software solution for processing, editing, and analyzing massive point cloud datasets captured from sources like fixed or mobile scanners, LiDAR technology, and photogrammetry (including UAVs and drones). The NETWORK license is specifically designed for organizations, offering floating access across multiple users within your company for enhanced collaboration and resource flexibility.\",\"breadcrumb\":{\"@id\":\"https:\\\/\\\/www.ghostysky.com\\\/product\\\/aplitop-tcp-pointcloud-editor-network\\\/#breadcrumb\"},\"inLanguage\":\"es\",\"potentialAction\":[{\"@type\":\"ReadAction\",\"target\":[\"https:\\\/\\\/www.ghostysky.com\\\/product\\\/aplitop-tcp-pointcloud-editor-network\\\/\"]}]},{\"@type\":\"ImageObject\",\"inLanguage\":\"es\",\"@id\":\"https:\\\/\\\/www.ghostysky.com\\\/product\\\/aplitop-tcp-pointcloud-editor-network\\\/#primaryimage\",\"url\":\"https:\\\/\\\/www.ghostysky.com\\\/wp-content\\\/uploads\\\/2025\\\/10\\\/GH_tcpMDT_1.jpg\",\"contentUrl\":\"https:\\\/\\\/www.ghostysky.com\\\/wp-content\\\/uploads\\\/2025\\\/10\\\/GH_tcpMDT_1.jpg\",\"width\":500,\"height\":500},{\"@type\":\"BreadcrumbList\",\"@id\":\"https:\\\/\\\/www.ghostysky.com\\\/product\\\/aplitop-tcp-pointcloud-editor-network\\\/#breadcrumb\",\"itemListElement\":[{\"@type\":\"ListItem\",\"position\":1,\"name\":\"Home\",\"item\":\"https:\\\/\\\/www.ghostysky.com\\\/\"},{\"@type\":\"ListItem\",\"position\":2,\"name\":\"Shop\",\"item\":\"https:\\\/\\\/www.ghostysky.com\\\/shop\\\/\"},{\"@type\":\"ListItem\",\"position\":3,\"name\":\"Aplitop tcp PointCloud Editor NETWORK\"}]},{\"@type\":\"WebSite\",\"@id\":\"https:\\\/\\\/www.ghostysky.com\\\/#website\",\"url\":\"https:\\\/\\\/www.ghostysky.com\\\/\",\"name\":\"Ghostysky\",\"description\":\"Delivering professional drones and robotics solutions\",\"publisher\":{\"@id\":\"https:\\\/\\\/www.ghostysky.com\\\/#organization\"},\"potentialAction\":[{\"@type\":\"SearchAction\",\"target\":{\"@type\":\"EntryPoint\",\"urlTemplate\":\"https:\\\/\\\/www.ghostysky.com\\\/?s={search_term_string}\"},\"query-input\":{\"@type\":\"PropertyValueSpecification\",\"valueRequired\":true,\"valueName\":\"search_term_string\"}}],\"inLanguage\":\"es\"},{\"@type\":\"Organization\",\"@id\":\"https:\\\/\\\/www.ghostysky.com\\\/#organization\",\"name\":\"Ghostysky\",\"url\":\"https:\\\/\\\/www.ghostysky.com\\\/\",\"logo\":{\"@type\":\"ImageObject\",\"inLanguage\":\"es\",\"@id\":\"https:\\\/\\\/www.ghostysky.com\\\/#\\\/schema\\\/logo\\\/image\\\/\",\"url\":\"https:\\\/\\\/www.ghostysky.com\\\/wp-content\\\/uploads\\\/2020\\\/06\\\/cropped-ghostyskylogo_text_white2.png\",\"contentUrl\":\"https:\\\/\\\/www.ghostysky.com\\\/wp-content\\\/uploads\\\/2020\\\/06\\\/cropped-ghostyskylogo_text_white2.png\",\"width\":169,\"height\":56,\"caption\":\"Ghostysky\"},\"image\":{\"@id\":\"https:\\\/\\\/www.ghostysky.com\\\/#\\\/schema\\\/logo\\\/image\\\/\"},\"sameAs\":[\"https:\\\/\\\/www.facebook.com\\\/people\\\/Ghostysky\\\/100057676170234\\\/\",\"https:\\\/\\\/x.com\\\/Gh0stysky\",\"https:\\\/\\\/www.linkedin.com\\\/company\\\/34739653\",\"https:\\\/\\\/www.instagram.com\\\/gh0stysky\"]}]}<\/script>\n<!-- \/ Yoast SEO plugin. -->","yoast_head_json":{"title":"Editor de nubes de puntos TCP de Aplitop RED - Ghostysky","description":"El editor de nubes de puntos tcp de Aplitop NETWORK es una soluci\u00f3n de software avanzada, independiente y potente para procesar, editar y analizar conjuntos masivos de datos de nubes de puntos capturados desde fuentes como esc\u00e1neres fijos o m\u00f3viles, tecnolog\u00eda LiDAR y fotogrametr\u00eda (incluidos UAV y drones). La licencia NETWORK est\u00e1 dise\u00f1ada espec\u00edficamente para organizaciones y ofrece acceso flotante entre m\u00faltiples usuarios de la empresa para una mejor colaboraci\u00f3n y flexibilidad de recursos.","robots":{"index":"index","follow":"follow","max-snippet":"max-snippet:-1","max-image-preview":"max-image-preview:large","max-video-preview":"max-video-preview:-1"},"canonical":"https:\/\/www.ghostysky.com\/es\/producto-2\/aplitop-tcp-pointcloud-editor-network\/","og_locale":"es_ES","og_type":"article","og_title":"Aplitop tcp PointCloud Editor NETWORK - Ghostysky","og_description":"The Aplitop tcp PointCloud Editor NETWORK is an advanced, standalone, and powerful software solution for processing, editing, and analyzing massive point cloud datasets captured from sources like fixed or mobile scanners, LiDAR technology, and photogrammetry (including UAVs and drones). The NETWORK license is specifically designed for organizations, offering floating access across multiple users within your company for enhanced collaboration and resource flexibility.","og_url":"https:\/\/www.ghostysky.com\/es\/producto-2\/aplitop-tcp-pointcloud-editor-network\/","og_site_name":"Ghostysky","article_publisher":"https:\/\/www.facebook.com\/people\/Ghostysky\/100057676170234\/","article_modified_time":"2025-10-28T08:30:46+00:00","og_image":[{"width":500,"height":500,"url":"https:\/\/www.ghostysky.com\/wp-content\/uploads\/2025\/10\/GH_tcpMDT_1.jpg","type":"image\/jpeg"}],"twitter_card":"summary_large_image","twitter_site":"@Gh0stysky","twitter_misc":{"Tiempo de lectura":"2 minutos"},"schema":{"@context":"https:\/\/schema.org","@graph":[{"@type":"WebPage","@id":"https:\/\/www.ghostysky.com\/product\/aplitop-tcp-pointcloud-editor-network\/","url":"https:\/\/www.ghostysky.com\/product\/aplitop-tcp-pointcloud-editor-network\/","name":"Editor de nubes de puntos TCP de Aplitop RED - Ghostysky","isPartOf":{"@id":"https:\/\/www.ghostysky.com\/#website"},"primaryImageOfPage":{"@id":"https:\/\/www.ghostysky.com\/product\/aplitop-tcp-pointcloud-editor-network\/#primaryimage"},"image":{"@id":"https:\/\/www.ghostysky.com\/product\/aplitop-tcp-pointcloud-editor-network\/#primaryimage"},"thumbnailUrl":"https:\/\/www.ghostysky.com\/wp-content\/uploads\/2025\/10\/GH_tcpMDT_1.jpg","datePublished":"2025-10-28T08:22:18+00:00","dateModified":"2025-10-28T08:30:46+00:00","description":"El editor de nubes de puntos tcp de Aplitop NETWORK es una soluci\u00f3n de software avanzada, independiente y potente para procesar, editar y analizar conjuntos masivos de datos de nubes de puntos capturados desde fuentes como esc\u00e1neres fijos o m\u00f3viles, tecnolog\u00eda LiDAR y fotogrametr\u00eda (incluidos UAV y drones). La licencia NETWORK est\u00e1 dise\u00f1ada espec\u00edficamente para organizaciones y ofrece acceso flotante entre m\u00faltiples usuarios de la empresa para una mejor colaboraci\u00f3n y flexibilidad de recursos.","breadcrumb":{"@id":"https:\/\/www.ghostysky.com\/product\/aplitop-tcp-pointcloud-editor-network\/#breadcrumb"},"inLanguage":"es","potentialAction":[{"@type":"ReadAction","target":["https:\/\/www.ghostysky.com\/product\/aplitop-tcp-pointcloud-editor-network\/"]}]},{"@type":"ImageObject","inLanguage":"es","@id":"https:\/\/www.ghostysky.com\/product\/aplitop-tcp-pointcloud-editor-network\/#primaryimage","url":"https:\/\/www.ghostysky.com\/wp-content\/uploads\/2025\/10\/GH_tcpMDT_1.jpg","contentUrl":"https:\/\/www.ghostysky.com\/wp-content\/uploads\/2025\/10\/GH_tcpMDT_1.jpg","width":500,"height":500},{"@type":"BreadcrumbList","@id":"https:\/\/www.ghostysky.com\/product\/aplitop-tcp-pointcloud-editor-network\/#breadcrumb","itemListElement":[{"@type":"ListItem","position":1,"name":"Home","item":"https:\/\/www.ghostysky.com\/"},{"@type":"ListItem","position":2,"name":"Shop","item":"https:\/\/www.ghostysky.com\/shop\/"},{"@type":"ListItem","position":3,"name":"Aplitop tcp PointCloud Editor NETWORK"}]},{"@type":"WebSite","@id":"https:\/\/www.ghostysky.com\/#website","url":"https:\/\/www.ghostysky.com\/","name":"Ghostysky","description":"Ofrecemos soluciones profesionales de drones y rob\u00f3tica.","publisher":{"@id":"https:\/\/www.ghostysky.com\/#organization"},"potentialAction":[{"@type":"SearchAction","target":{"@type":"EntryPoint","urlTemplate":"https:\/\/www.ghostysky.com\/?s={search_term_string}"},"query-input":{"@type":"PropertyValueSpecification","valueRequired":true,"valueName":"search_term_string"}}],"inLanguage":"es"},{"@type":"Organization","@id":"https:\/\/www.ghostysky.com\/#organization","name":"Ghostysky","url":"https:\/\/www.ghostysky.com\/","logo":{"@type":"ImageObject","inLanguage":"es","@id":"https:\/\/www.ghostysky.com\/#\/schema\/logo\/image\/","url":"https:\/\/www.ghostysky.com\/wp-content\/uploads\/2020\/06\/cropped-ghostyskylogo_text_white2.png","contentUrl":"https:\/\/www.ghostysky.com\/wp-content\/uploads\/2020\/06\/cropped-ghostyskylogo_text_white2.png","width":169,"height":56,"caption":"Ghostysky"},"image":{"@id":"https:\/\/www.ghostysky.com\/#\/schema\/logo\/image\/"},"sameAs":["https:\/\/www.facebook.com\/people\/Ghostysky\/100057676170234\/","https:\/\/x.com\/Gh0stysky","https:\/\/www.linkedin.com\/company\/34739653","https:\/\/www.instagram.com\/gh0stysky"]}]}},"_links":{"self":[{"href":"https:\/\/www.ghostysky.com\/es\/wp-json\/wp\/v2\/product\/22598","targetHints":{"allow":["GET"]}}],"collection":[{"href":"https:\/\/www.ghostysky.com\/es\/wp-json\/wp\/v2\/product"}],"about":[{"href":"https:\/\/www.ghostysky.com\/es\/wp-json\/wp\/v2\/types\/product"}],"replies":[{"embeddable":true,"href":"https:\/\/www.ghostysky.com\/es\/wp-json\/wp\/v2\/comments?post=22598"}],"version-history":[{"count":0,"href":"https:\/\/www.ghostysky.com\/es\/wp-json\/wp\/v2\/product\/22598\/revisions"}],"wp:featuredmedia":[{"embeddable":true,"href":"https:\/\/www.ghostysky.com\/es\/wp-json\/wp\/v2\/media\/22523"}],"wp:attachment":[{"href":"https:\/\/www.ghostysky.com\/es\/wp-json\/wp\/v2\/media?parent=22598"}],"wp:term":[{"taxonomy":"product_brand","embeddable":true,"href":"https:\/\/www.ghostysky.com\/es\/wp-json\/wp\/v2\/product_brand?post=22598"},{"taxonomy":"product_cat","embeddable":true,"href":"https:\/\/www.ghostysky.com\/es\/wp-json\/wp\/v2\/product_cat?post=22598"},{"taxonomy":"product_tag","embeddable":true,"href":"https:\/\/www.ghostysky.com\/es\/wp-json\/wp\/v2\/product_tag?post=22598"}],"curies":[{"name":"wp","href":"https:\/\/api.w.org\/{rel}","templated":true}]}}