{"id":22657,"date":"2025-10-31T08:20:57","date_gmt":"2025-10-31T08:20:57","guid":{"rendered":"https:\/\/www.ghostysky.com\/?post_type=product&#038;p=22657"},"modified":"2025-10-31T08:50:52","modified_gmt":"2025-10-31T08:50:52","slug":"emlid-rs4-rs4-pro-base-rover-kit","status":"publish","type":"product","link":"https:\/\/www.ghostysky.com\/es\/product\/emlid-rs4-rs4-pro-base-rover-kit\/","title":{"rendered":"Kit Emlid RS4 + RS4 Pro Base y Rover"},"content":{"rendered":"<p>El kit suele incluir:<\/p>\n<ul>\n<li><b>Reach RS4 Pro<\/b> (Vagabundo)<\/li>\n<li><b>Reach RS4<\/b> (Estaci\u00f3n base)<\/li>\n<li>Todos los accesorios para el kit<\/li>\n<\/ul>\n<p>Estas son las caracter\u00edsticas y capacidades clave de este kit de nivel profesional:<\/p>\n<h3>\ud83c\udf1f <b>Caracter\u00edsticas clave<\/b><\/h3>\n<ul>\n<li><b>Alta precisi\u00f3n:<\/b> Ofertas <b>precisi\u00f3n a nivel centim\u00e9trico<\/b> (RTK: <span class=\"math-inline\" data-math=\"7\\text{ mm} + 1\\text{ ppm}\">$7\\text{ mm} + 1\\text{ ppm}$<\/span>).<\/li>\n<li><b>GNSS multibanda:<\/b> Admite todas las constelaciones y frecuencias de se\u00f1al principales, incluyendo <b>GPS (L1, L2, L5), GLONASS (L1, L2), Galileo, BeiDou, QZSS y NavIC<\/b>Esto garantiza una soluci\u00f3n r\u00e1pida, una alta fiabilidad y un mejor rendimiento en entornos exigentes.<\/li>\n<li><b>Compensaci\u00f3n de inclinaci\u00f3n:<\/b> Tanto el RS4 Pro como el RS4 cuentan con caracter\u00edsticas avanzadas. <b>compensaci\u00f3n de inclinaci\u00f3n<\/b>, lo que te permite medir puntos sin tener que mantener el poste perfectamente vertical.<\/li>\n<li><b>Sistema de doble c\u00e1mara (RS4 Pro Rover):<\/b> El RS4 Pro es el m\u00e1s destacado, con <b>dos c\u00e1maras Full HD<\/b> para:\n<ul>\n<li><b>Replanteo visual\/Gu\u00eda de realidad aumentada:<\/b> Superponga sus dise\u00f1os directamente sobre el mundo real para un replanteo sencillo.<\/li>\n<li><b>Medidas a partir de im\u00e1genes:<\/b> Medici\u00f3n de puntos inaccesibles (por ejemplo, al otro lado de una carretera concurrida o detr\u00e1s de una valla) a partir de im\u00e1genes capturadas.<\/li>\n<\/ul>\n<\/li>\n<\/ul>\n<p>&nbsp;<\/p>\n<h3>\ud83d\udce1 <b>Funcionalidad de la base y del rover<\/b><\/h3>\n<ul>\n<li><b>Base (Alcance RS4):<\/b> Se utiliza como estaci\u00f3n fija para calcular y transmitir datos de correcci\u00f3n.\n<ul>\n<li>Puede transmitir correcciones a trav\u00e9s de <b>NTRIP<\/b> a trav\u00e9s de internet o mediante <b>Radio LoRa\/UHF<\/b>.<\/li>\n<\/ul>\n<\/li>\n<li><b>Rover (Reach RS4 Pro):<\/b> Se utiliza para recopilar datos en el campo, recibir correcciones desde la base o una red CORS para lograr un posicionamiento cinem\u00e1tico en tiempo real (RTK) de alta precisi\u00f3n.<\/li>\n<\/ul>\n<p>&nbsp;<\/p>\n<h3>\ud83d\udcaa <b>Durabilidad y potencia<\/b><\/h3>\n<p>&nbsp;<\/p>\n<ul>\n<li><b>Dise\u00f1o robusto:<\/b> Presenta un dise\u00f1o ligero pero duradero <b>cuerpo de aleaci\u00f3n de magnesio<\/b> con un <b>clasificaci\u00f3n IP68<\/b> (Polvo e impermeable).<\/li>\n<li><b>Duraci\u00f3n prolongada de la bater\u00eda:<\/b> Proporciona hasta <b>16 horas de autonom\u00eda<\/b> con una sola carga.<\/li>\n<li><b>Amplio rango de temperatura de funcionamiento:<\/b> Dise\u00f1ado para funcionar a la perfecci\u00f3n desde <span class=\"math-inline\" data-math=\"-40^\\circ\\text{C}\">$-40^\\circ\\text{C}$<\/span> a <span class=\"math-inline\" data-math=\"+65^\\circ\\text{C}\">$+65^\\circ\\text{C}$<\/span>.<\/li>\n<\/ul>\n<p>&nbsp;<\/p>\n<h3>\ud83d\udcf1 <b>Software<\/b><\/h3>\n<ul>\n<li>El sistema se alimenta de <b>Emlid Flow<\/b>, una soluci\u00f3n completa de campo y en la nube para iOS y Android, que gestiona todo su flujo de trabajo, la sincronizaci\u00f3n de proyectos y el intercambio de datos.<\/li>\n<\/ul>\n<p>Este kit es una soluci\u00f3n ideal para profesionales en <b>topograf\u00eda, construcci\u00f3n, agricultura de precisi\u00f3n y cartograf\u00eda con drones<\/b> quienes necesitan una configuraci\u00f3n RTK de alta precisi\u00f3n potente, con muchas funciones y relativamente rentable.<\/p>","protected":false},"excerpt":{"rendered":"<p>El kit Emlid RS4 + RS4 Pro Base &amp; Rover es un <b>sistema receptor GNSS RTK multibanda de pr\u00f3xima generaci\u00f3n<\/b> Dise\u00f1ado para levantamientos topogr\u00e1ficos, cartograf\u00eda y trabajo de campo de alta precisi\u00f3n.<\/p>\n<h4>El paquete incluye<\/h4>\n<ul>\n<li><span class=\"discussion-id-273498ed-188c-80b9-bd9e-001c06245666 notion-enable-hover\" data-token-index=\"1\">1x Reach RS4 Pro<\/span><\/li>\n<li><span class=\"discussion-id-273498ed-188c-80b9-bd9e-001c06245666 notion-enable-hover\" data-token-index=\"1\">1x Alcance RS4<\/span><\/li>\n<li><span class=\"discussion-id-273498ed-188c-80b9-bd9e-001c06245666 notion-enable-hover\" data-token-index=\"1\">2 estuches de transporte<\/span><\/li>\n<li><span class=\"discussion-id-273498ed-188c-80b9-bd9e-001c06245666 notion-enable-hover\" data-token-index=\"1\">2 cables USB tipo C<\/span><\/li>\n<li>2 antenas LoRa de 860-930 MHz<\/li>\n<li>2 antenas UHF de 410-470 MHz<\/li>\n<li>2 adaptadores de liberaci\u00f3n r\u00e1pida<\/li>\n<li>1x Parachoques Reach RS4<\/li>\n<li>1x parachoques Reach RS4 Pro<\/li>\n<li>1 kit de accesorios para base y rover<\/li>\n<\/ul>\n<p>&nbsp;<\/p>","protected":false},"featured_media":22658,"comment_status":"open","ping_status":"closed","template":"","meta":[],"product_brand":[1025],"product_cat":[89,1189,30],"product_tag":[58,1225,1187],"class_list":{"0":"post-22657","1":"product","2":"type-product","3":"status-publish","4":"has-post-thumbnail","6":"product_brand-emlid","7":"product_cat-emlid","8":"product_cat-kir-rs4_rs4pro_rs3","9":"product_cat-mobile-station","10":"product_tag-emlid","11":"product_tag-emlid-rs4-kit","12":"product_tag-emlid-rs4-pro-kit","14":"first","15":"onbackorder","16":"taxable","17":"shipping-taxable","18":"purchasable","19":"product-type-woosb"},"yoast_head":"<!-- This site is optimized with the Yoast SEO plugin v27.4 - https:\/\/yoast.com\/product\/yoast-seo-wordpress\/ -->\n<title>Emlid RS4 + RS4 Pro Base &amp; Rover Kit - Ghostysky<\/title>\n<meta name=\"description\" content=\"The Emlid RS4 + RS4 Pro Base &amp; Rover Kit is a next-generation, multi-band RTK GNSS receiver system designed for high-precision surveying, mapping, and fieldwork.Package includes1x Reach RS4 Pro1x Reach RS42x Carrying case2x USB Type-C cable2x LoRa Antenna 860-930 MHz2x UHF Antenna 410-470 MHz2x Quick release adapter1x Reach RS4 Bumper1x Reach RS4 Pro Bumper1x Base and Rover accessories kit\" \/>\n<meta name=\"robots\" content=\"index, follow, max-snippet:-1, max-image-preview:large, max-video-preview:-1\" \/>\n<link rel=\"canonical\" href=\"https:\/\/www.ghostysky.com\/es\/producto-2\/emlid-rs4-rs4-pro-base-rover-kit\/\" \/>\n<meta property=\"og:locale\" content=\"es_ES\" \/>\n<meta property=\"og:type\" content=\"article\" \/>\n<meta property=\"og:title\" content=\"Emlid RS4 + RS4 Pro Base &amp; Rover Kit - Ghostysky\" \/>\n<meta property=\"og:description\" content=\"The Emlid RS4 + RS4 Pro Base &amp; Rover Kit is a next-generation, multi-band RTK GNSS receiver system designed for high-precision surveying, mapping, and fieldwork.Package includes1x Reach RS4 Pro1x Reach RS42x Carrying case2x USB Type-C cable2x LoRa Antenna 860-930 MHz2x UHF Antenna 410-470 MHz2x Quick release adapter1x Reach RS4 Bumper1x Reach RS4 Pro Bumper1x Base and Rover accessories kit\" \/>\n<meta property=\"og:url\" content=\"https:\/\/www.ghostysky.com\/es\/producto-2\/emlid-rs4-rs4-pro-base-rover-kit\/\" \/>\n<meta property=\"og:site_name\" content=\"Ghostysky\" \/>\n<meta property=\"article:publisher\" content=\"https:\/\/www.facebook.com\/people\/Ghostysky\/100057676170234\/\" \/>\n<meta property=\"article:modified_time\" content=\"2025-10-31T08:50:52+00:00\" \/>\n<meta property=\"og:image\" content=\"https:\/\/www.ghostysky.com\/wp-content\/uploads\/2025\/10\/GH_Emlid_RS4_RS4Pro_BaseRover_1-scaled.webp\" \/>\n\t<meta property=\"og:image:width\" content=\"2560\" \/>\n\t<meta property=\"og:image:height\" content=\"1625\" \/>\n\t<meta property=\"og:image:type\" content=\"image\/webp\" \/>\n<meta name=\"twitter:card\" content=\"summary_large_image\" \/>\n<meta name=\"twitter:site\" content=\"@Gh0stysky\" \/>\n<meta name=\"twitter:label1\" content=\"Tiempo de lectura\" \/>\n\t<meta name=\"twitter:data1\" content=\"2 minutos\" \/>\n<script type=\"application\/ld+json\" class=\"yoast-schema-graph\">{\"@context\":\"https:\\\/\\\/schema.org\",\"@graph\":[{\"@type\":\"WebPage\",\"@id\":\"https:\\\/\\\/www.ghostysky.com\\\/product\\\/emlid-rs4-rs4-pro-base-rover-kit\\\/\",\"url\":\"https:\\\/\\\/www.ghostysky.com\\\/product\\\/emlid-rs4-rs4-pro-base-rover-kit\\\/\",\"name\":\"Emlid RS4 + RS4 Pro Base & Rover Kit - Ghostysky\",\"isPartOf\":{\"@id\":\"https:\\\/\\\/www.ghostysky.com\\\/#website\"},\"primaryImageOfPage\":{\"@id\":\"https:\\\/\\\/www.ghostysky.com\\\/product\\\/emlid-rs4-rs4-pro-base-rover-kit\\\/#primaryimage\"},\"image\":{\"@id\":\"https:\\\/\\\/www.ghostysky.com\\\/product\\\/emlid-rs4-rs4-pro-base-rover-kit\\\/#primaryimage\"},\"thumbnailUrl\":\"https:\\\/\\\/www.ghostysky.com\\\/wp-content\\\/uploads\\\/2025\\\/10\\\/GH_Emlid_RS4_RS4Pro_BaseRover_1-scaled.webp\",\"datePublished\":\"2025-10-31T08:20:57+00:00\",\"dateModified\":\"2025-10-31T08:50:52+00:00\",\"description\":\"The Emlid RS4 + RS4 Pro Base & Rover Kit is a next-generation, multi-band RTK GNSS receiver system designed for high-precision surveying, mapping, and fieldwork.Package includes1x Reach RS4 Pro1x Reach RS42x Carrying case2x USB Type-C cable2x LoRa Antenna 860-930 MHz2x UHF Antenna 410-470 MHz2x Quick release adapter1x Reach RS4 Bumper1x Reach RS4 Pro Bumper1x Base and Rover accessories kit\",\"breadcrumb\":{\"@id\":\"https:\\\/\\\/www.ghostysky.com\\\/product\\\/emlid-rs4-rs4-pro-base-rover-kit\\\/#breadcrumb\"},\"inLanguage\":\"es\",\"potentialAction\":[{\"@type\":\"ReadAction\",\"target\":[\"https:\\\/\\\/www.ghostysky.com\\\/product\\\/emlid-rs4-rs4-pro-base-rover-kit\\\/\"]}]},{\"@type\":\"ImageObject\",\"inLanguage\":\"es\",\"@id\":\"https:\\\/\\\/www.ghostysky.com\\\/product\\\/emlid-rs4-rs4-pro-base-rover-kit\\\/#primaryimage\",\"url\":\"https:\\\/\\\/www.ghostysky.com\\\/wp-content\\\/uploads\\\/2025\\\/10\\\/GH_Emlid_RS4_RS4Pro_BaseRover_1-scaled.webp\",\"contentUrl\":\"https:\\\/\\\/www.ghostysky.com\\\/wp-content\\\/uploads\\\/2025\\\/10\\\/GH_Emlid_RS4_RS4Pro_BaseRover_1-scaled.webp\",\"width\":2560,\"height\":1625},{\"@type\":\"BreadcrumbList\",\"@id\":\"https:\\\/\\\/www.ghostysky.com\\\/product\\\/emlid-rs4-rs4-pro-base-rover-kit\\\/#breadcrumb\",\"itemListElement\":[{\"@type\":\"ListItem\",\"position\":1,\"name\":\"Home\",\"item\":\"https:\\\/\\\/www.ghostysky.com\\\/\"},{\"@type\":\"ListItem\",\"position\":2,\"name\":\"Shop\",\"item\":\"https:\\\/\\\/www.ghostysky.com\\\/shop\\\/\"},{\"@type\":\"ListItem\",\"position\":3,\"name\":\"Emlid RS4 + RS4 Pro Base &#038; Rover Kit\"}]},{\"@type\":\"WebSite\",\"@id\":\"https:\\\/\\\/www.ghostysky.com\\\/#website\",\"url\":\"https:\\\/\\\/www.ghostysky.com\\\/\",\"name\":\"Ghostysky\",\"description\":\"Delivering professional drones and services\",\"publisher\":{\"@id\":\"https:\\\/\\\/www.ghostysky.com\\\/#organization\"},\"potentialAction\":[{\"@type\":\"SearchAction\",\"target\":{\"@type\":\"EntryPoint\",\"urlTemplate\":\"https:\\\/\\\/www.ghostysky.com\\\/?s={search_term_string}\"},\"query-input\":{\"@type\":\"PropertyValueSpecification\",\"valueRequired\":true,\"valueName\":\"search_term_string\"}}],\"inLanguage\":\"es\"},{\"@type\":\"Organization\",\"@id\":\"https:\\\/\\\/www.ghostysky.com\\\/#organization\",\"name\":\"Ghostysky\",\"url\":\"https:\\\/\\\/www.ghostysky.com\\\/\",\"logo\":{\"@type\":\"ImageObject\",\"inLanguage\":\"es\",\"@id\":\"https:\\\/\\\/www.ghostysky.com\\\/#\\\/schema\\\/logo\\\/image\\\/\",\"url\":\"https:\\\/\\\/www.ghostysky.com\\\/wp-content\\\/uploads\\\/2020\\\/06\\\/cropped-ghostyskylogo_text_white2.png\",\"contentUrl\":\"https:\\\/\\\/www.ghostysky.com\\\/wp-content\\\/uploads\\\/2020\\\/06\\\/cropped-ghostyskylogo_text_white2.png\",\"width\":169,\"height\":56,\"caption\":\"Ghostysky\"},\"image\":{\"@id\":\"https:\\\/\\\/www.ghostysky.com\\\/#\\\/schema\\\/logo\\\/image\\\/\"},\"sameAs\":[\"https:\\\/\\\/www.facebook.com\\\/people\\\/Ghostysky\\\/100057676170234\\\/\",\"https:\\\/\\\/x.com\\\/Gh0stysky\",\"https:\\\/\\\/www.linkedin.com\\\/company\\\/34739653\",\"https:\\\/\\\/www.instagram.com\\\/gh0stysky\"]}]}<\/script>\n<!-- \/ Yoast SEO plugin. -->","yoast_head_json":{"title":"Kit Emlid RS4 + RS4 Pro Base y Rover - Ghostysky","description":"El kit de base y receptor m\u00f3vil Emlid RS4 + RS4 Pro es un sistema receptor GNSS RTK multibanda de \u00faltima generaci\u00f3n dise\u00f1ado para levantamientos topogr\u00e1ficos, cartograf\u00eda y trabajo de campo de alta precisi\u00f3n. El paquete incluye: 1 receptor Reach RS4 Pro, 1 receptor Reach RS4, 2 estuches de transporte, 2 cables USB tipo C, 2 antenas LoRa de 860-930 MHz, 2 antenas UHF de 410-470 MHz, 2 adaptadores de liberaci\u00f3n r\u00e1pida, 1 protector para el receptor Reach RS4, 1 protector para el receptor Reach RS4 Pro y 1 kit de accesorios para la base y el receptor m\u00f3vil.","robots":{"index":"index","follow":"follow","max-snippet":"max-snippet:-1","max-image-preview":"max-image-preview:large","max-video-preview":"max-video-preview:-1"},"canonical":"https:\/\/www.ghostysky.com\/es\/producto-2\/emlid-rs4-rs4-pro-base-rover-kit\/","og_locale":"es_ES","og_type":"article","og_title":"Emlid RS4 + RS4 Pro Base & Rover Kit - Ghostysky","og_description":"The Emlid RS4 + RS4 Pro Base & Rover Kit is a next-generation, multi-band RTK GNSS receiver system designed for high-precision surveying, mapping, and fieldwork.Package includes1x Reach RS4 Pro1x Reach RS42x Carrying case2x USB Type-C cable2x LoRa Antenna 860-930 MHz2x UHF Antenna 410-470 MHz2x Quick release adapter1x Reach RS4 Bumper1x Reach RS4 Pro Bumper1x Base and Rover accessories kit","og_url":"https:\/\/www.ghostysky.com\/es\/producto-2\/emlid-rs4-rs4-pro-base-rover-kit\/","og_site_name":"Ghostysky","article_publisher":"https:\/\/www.facebook.com\/people\/Ghostysky\/100057676170234\/","article_modified_time":"2025-10-31T08:50:52+00:00","og_image":[{"width":2560,"height":1625,"url":"https:\/\/www.ghostysky.com\/wp-content\/uploads\/2025\/10\/GH_Emlid_RS4_RS4Pro_BaseRover_1-scaled.webp","type":"image\/webp"}],"twitter_card":"summary_large_image","twitter_site":"@Gh0stysky","twitter_misc":{"Tiempo de lectura":"2 minutos"},"schema":{"@context":"https:\/\/schema.org","@graph":[{"@type":"WebPage","@id":"https:\/\/www.ghostysky.com\/product\/emlid-rs4-rs4-pro-base-rover-kit\/","url":"https:\/\/www.ghostysky.com\/product\/emlid-rs4-rs4-pro-base-rover-kit\/","name":"Kit Emlid RS4 + RS4 Pro Base y Rover - Ghostysky","isPartOf":{"@id":"https:\/\/www.ghostysky.com\/#website"},"primaryImageOfPage":{"@id":"https:\/\/www.ghostysky.com\/product\/emlid-rs4-rs4-pro-base-rover-kit\/#primaryimage"},"image":{"@id":"https:\/\/www.ghostysky.com\/product\/emlid-rs4-rs4-pro-base-rover-kit\/#primaryimage"},"thumbnailUrl":"https:\/\/www.ghostysky.com\/wp-content\/uploads\/2025\/10\/GH_Emlid_RS4_RS4Pro_BaseRover_1-scaled.webp","datePublished":"2025-10-31T08:20:57+00:00","dateModified":"2025-10-31T08:50:52+00:00","description":"El kit de base y receptor m\u00f3vil Emlid RS4 + RS4 Pro es un sistema receptor GNSS RTK multibanda de \u00faltima generaci\u00f3n dise\u00f1ado para levantamientos topogr\u00e1ficos, cartograf\u00eda y trabajo de campo de alta precisi\u00f3n. El paquete incluye: 1 receptor Reach RS4 Pro, 1 receptor Reach RS4, 2 estuches de transporte, 2 cables USB tipo C, 2 antenas LoRa de 860-930 MHz, 2 antenas UHF de 410-470 MHz, 2 adaptadores de liberaci\u00f3n r\u00e1pida, 1 protector para el receptor Reach RS4, 1 protector para el receptor Reach RS4 Pro y 1 kit de accesorios para la base y el receptor m\u00f3vil.","breadcrumb":{"@id":"https:\/\/www.ghostysky.com\/product\/emlid-rs4-rs4-pro-base-rover-kit\/#breadcrumb"},"inLanguage":"es","potentialAction":[{"@type":"ReadAction","target":["https:\/\/www.ghostysky.com\/product\/emlid-rs4-rs4-pro-base-rover-kit\/"]}]},{"@type":"ImageObject","inLanguage":"es","@id":"https:\/\/www.ghostysky.com\/product\/emlid-rs4-rs4-pro-base-rover-kit\/#primaryimage","url":"https:\/\/www.ghostysky.com\/wp-content\/uploads\/2025\/10\/GH_Emlid_RS4_RS4Pro_BaseRover_1-scaled.webp","contentUrl":"https:\/\/www.ghostysky.com\/wp-content\/uploads\/2025\/10\/GH_Emlid_RS4_RS4Pro_BaseRover_1-scaled.webp","width":2560,"height":1625},{"@type":"BreadcrumbList","@id":"https:\/\/www.ghostysky.com\/product\/emlid-rs4-rs4-pro-base-rover-kit\/#breadcrumb","itemListElement":[{"@type":"ListItem","position":1,"name":"Home","item":"https:\/\/www.ghostysky.com\/"},{"@type":"ListItem","position":2,"name":"Shop","item":"https:\/\/www.ghostysky.com\/shop\/"},{"@type":"ListItem","position":3,"name":"Emlid RS4 + RS4 Pro Base &#038; Rover Kit"}]},{"@type":"WebSite","@id":"https:\/\/www.ghostysky.com\/#website","url":"https:\/\/www.ghostysky.com\/","name":"Ghostysky","description":"Entrega de drones y servicios profesionales","publisher":{"@id":"https:\/\/www.ghostysky.com\/#organization"},"potentialAction":[{"@type":"SearchAction","target":{"@type":"EntryPoint","urlTemplate":"https:\/\/www.ghostysky.com\/?s={search_term_string}"},"query-input":{"@type":"PropertyValueSpecification","valueRequired":true,"valueName":"search_term_string"}}],"inLanguage":"es"},{"@type":"Organization","@id":"https:\/\/www.ghostysky.com\/#organization","name":"Ghostysky","url":"https:\/\/www.ghostysky.com\/","logo":{"@type":"ImageObject","inLanguage":"es","@id":"https:\/\/www.ghostysky.com\/#\/schema\/logo\/image\/","url":"https:\/\/www.ghostysky.com\/wp-content\/uploads\/2020\/06\/cropped-ghostyskylogo_text_white2.png","contentUrl":"https:\/\/www.ghostysky.com\/wp-content\/uploads\/2020\/06\/cropped-ghostyskylogo_text_white2.png","width":169,"height":56,"caption":"Ghostysky"},"image":{"@id":"https:\/\/www.ghostysky.com\/#\/schema\/logo\/image\/"},"sameAs":["https:\/\/www.facebook.com\/people\/Ghostysky\/100057676170234\/","https:\/\/x.com\/Gh0stysky","https:\/\/www.linkedin.com\/company\/34739653","https:\/\/www.instagram.com\/gh0stysky"]}]}},"_links":{"self":[{"href":"https:\/\/www.ghostysky.com\/es\/wp-json\/wp\/v2\/product\/22657","targetHints":{"allow":["GET"]}}],"collection":[{"href":"https:\/\/www.ghostysky.com\/es\/wp-json\/wp\/v2\/product"}],"about":[{"href":"https:\/\/www.ghostysky.com\/es\/wp-json\/wp\/v2\/types\/product"}],"replies":[{"embeddable":true,"href":"https:\/\/www.ghostysky.com\/es\/wp-json\/wp\/v2\/comments?post=22657"}],"version-history":[{"count":0,"href":"https:\/\/www.ghostysky.com\/es\/wp-json\/wp\/v2\/product\/22657\/revisions"}],"wp:featuredmedia":[{"embeddable":true,"href":"https:\/\/www.ghostysky.com\/es\/wp-json\/wp\/v2\/media\/22658"}],"wp:attachment":[{"href":"https:\/\/www.ghostysky.com\/es\/wp-json\/wp\/v2\/media?parent=22657"}],"wp:term":[{"taxonomy":"product_brand","embeddable":true,"href":"https:\/\/www.ghostysky.com\/es\/wp-json\/wp\/v2\/product_brand?post=22657"},{"taxonomy":"product_cat","embeddable":true,"href":"https:\/\/www.ghostysky.com\/es\/wp-json\/wp\/v2\/product_cat?post=22657"},{"taxonomy":"product_tag","embeddable":true,"href":"https:\/\/www.ghostysky.com\/es\/wp-json\/wp\/v2\/product_tag?post=22657"}],"curies":[{"name":"wp","href":"https:\/\/api.w.org\/{rel}","templated":true}]}}