{"id":22661,"date":"2025-10-31T08:50:25","date_gmt":"2025-10-31T08:50:25","guid":{"rendered":"https:\/\/www.ghostysky.com\/?post_type=product&#038;p=22661"},"modified":"2025-11-09T08:54:07","modified_gmt":"2025-11-09T08:54:07","slug":"dji-matrice-4e-emlid-rs4-base-kit","status":"publish","type":"product","link":"https:\/\/www.ghostysky.com\/es\/product\/dji-matrice-4e-emlid-rs4-base-kit\/","title":{"rendered":"Kit de topograf\u00eda DJI Matrice 4E"},"content":{"rendered":"<h3>\ud83d\ude81 <b>DJI Matrice 4E (M4E)<\/b><\/h3>\n<p>El DJI Matrice 4E es un dron industrial avanzado con m\u00faltiples sensores, dise\u00f1ado principalmente para <b>Levantamiento y cartograf\u00eda de alta eficiencia<\/b>.<\/p>\n<table>\n<thead>\n<tr>\n<td><strong>Caracter\u00edstica<\/strong><\/td>\n<td><strong>Detalle<\/strong><\/td>\n<td><strong>Beneficios de la cartograf\u00eda<\/strong><\/td>\n<\/tr>\n<\/thead>\n<tbody>\n<tr>\n<td><b>M\u00f3dulo RTK integrado<\/b><\/td>\n<td>M\u00f3dulo GNSS\/RTK de alta precisi\u00f3n integrado.<\/td>\n<td>Proporciona un posicionamiento en tiempo real con precisi\u00f3n centim\u00e9trica para el dron.<\/td>\n<\/tr>\n<tr>\n<td><b>Sistema de c\u00e1mara<\/b><\/td>\n<td>C\u00e1mara gran angular (con una <b>obturador mec\u00e1nico<\/b>), Teleobjetivo medio, teleobjetivo y tel\u00e9metro l\u00e1ser.<\/td>\n<td>El obturador mec\u00e1nico elimina la distorsi\u00f3n del obturador rodante, lo cual es fundamental para obtener modelos fotogram\u00e9tricos precisos.<\/td>\n<\/tr>\n<tr>\n<td><b>Fusi\u00f3n GNSS+Visi\u00f3n<\/b><\/td>\n<td>Sistema de posicionamiento avanzado.<\/td>\n<td>Garantiza un vuelo estable y seguro, incluso cuando las se\u00f1ales GNSS son d\u00e9biles (por ejemplo, en entornos urbanos densos).<\/td>\n<\/tr>\n<tr>\n<td><b>Alta eficiencia<\/b><\/td>\n<td>Admite disparos a intervalos r\u00e1pidos (tan bajos como 0,5 s) y modos de vuelo inteligentes.<\/td>\n<td>Cubre grandes \u00e1reas r\u00e1pidamente manteniendo una alta superposici\u00f3n de im\u00e1genes para una mayor precisi\u00f3n del modelo 3D.<\/td>\n<\/tr>\n<tr>\n<td><b>Flujo de datos<\/b><\/td>\n<td>Registra im\u00e1genes con datos posicionales corregidos de alta precisi\u00f3n (datos PPK\/RTK).<\/td>\n<td>Se utiliza para procesar im\u00e1genes a\u00e9reas y convertirlas en ortomosaicos y modelos 3D precisos.<\/td>\n<\/tr>\n<\/tbody>\n<\/table>\n<hr \/>\n<p>&nbsp;<\/p>\n<h3>\ud83d\udef0\ufe0f <b>Kit b\u00e1sico Emlid Reach RS4<\/b><\/h3>\n<p>El Emlid Reach RS4 es un <b>receptor GNSS multibanda<\/b> destinado a servir como un <b>estaci\u00f3n base de referencia fija<\/b> para un flujo de trabajo RTK o PPK.<\/p>\n<table>\n<thead>\n<tr>\n<td><strong>Caracter\u00edstica<\/strong><\/td>\n<td><strong>Detalle<\/strong><\/td>\n<td><strong>Beneficios de la cartograf\u00eda<\/strong><\/td>\n<\/tr>\n<\/thead>\n<tbody>\n<tr>\n<td><b>Funci\u00f3n base<\/b><\/td>\n<td>Permanece en un punto conocido o f\u00e1cilmente medible en el suelo.<\/td>\n<td>Establece una ubicaci\u00f3n est\u00e1tica y de alta precisi\u00f3n que servir\u00e1 como referencia para el dron.<\/td>\n<\/tr>\n<tr>\n<td><b>GNSS multibanda<\/b><\/td>\n<td>Realiza el seguimiento de todas las principales constelaciones de sat\u00e9lites (GPS, GLONASS, Galileo, BeiDou, etc.) en m\u00faltiples frecuencias.<\/td>\n<td>Maximiza la fiabilidad y precisi\u00f3n de los datos de correcci\u00f3n.<\/td>\n<\/tr>\n<tr>\n<td><b>Datos de correcci\u00f3n<\/b><\/td>\n<td>Registra datos GNSS sin procesar para el procesamiento cinem\u00e1tico posterior (PPK) y\/o transmite correcciones cinem\u00e1ticas en tiempo real (RTK).<\/td>\n<td>Proporciona la informaci\u00f3n precisa necesaria para corregir los datos GNSS de baja precisi\u00f3n del dron hasta alcanzar una precisi\u00f3n a nivel centim\u00e9trico.<\/td>\n<\/tr>\n<tr>\n<td><b>Dise\u00f1o robusto<\/b><\/td>\n<td>Clasificaci\u00f3n IP68, cuerpo de aleaci\u00f3n de magnesio duradero.<\/td>\n<td>Apto para su despliegue en lugares de trabajo durante per\u00edodos prolongados.<\/td>\n<\/tr>\n<\/tbody>\n<\/table>\n<hr \/>\n<p>&nbsp;<\/p>\n<h3>\ud83c\udf10 <b>El flujo de trabajo sin\u00e9rgico<\/b><\/h3>\n<p>El Matrice 4E y el kit base Emlid RS4 trabajan conjuntamente para realizar mapeos con drones de alta precisi\u00f3n de dos maneras principales:<\/p>\n<ol start=\"1\">\n<li><b>Flujo de trabajo RTK (en tiempo real):<\/b>\n<ul>\n<li>El <b>Base Emlid RS4<\/b> Est\u00e1 configurado y transmite datos de correcci\u00f3n en tiempo real (a trav\u00e9s de NTRIP por Internet o radio UHF\/LoRa).<\/li>\n<li>El <b>DJI M4E<\/b> Recibe estas correcciones en pleno vuelo, lo que permite al dron etiquetar cada imagen con una coordenada con precisi\u00f3n centim\u00e9trica en tiempo real.<\/li>\n<\/ul>\n<\/li>\n<li><b>Flujo de trabajo PPK (postprocesado):<\/b>\n<ul>\n<li>El <b>Base Emlid RS4<\/b> registra sus datos GNSS sin procesar mientras que <b>DJI M4E<\/b> Tambi\u00e9n registra sus propios datos brutos (o al menos registros de posici\u00f3n de alta calidad).<\/li>\n<li>Tras el vuelo, las posiciones de las im\u00e1genes del dron se corrigen utilizando los datos brutos de alta precisi\u00f3n de la estaci\u00f3n base Emlid RS4. Este m\u00e9todo suele preferirse para la cartograf\u00eda, ya que es generalmente m\u00e1s robusto y menos susceptible a las p\u00e9rdidas moment\u00e1neas de se\u00f1al.<\/li>\n<\/ul>\n<\/li>\n<\/ol>\n<p>Esta combinaci\u00f3n constituye una soluci\u00f3n altamente eficaz y profesional para proyectos que requieren una precisi\u00f3n topogr\u00e1fica en los entregables finales, tales como c\u00e1lculos volum\u00e9tricos, modelos de ingenier\u00eda detallados y levantamientos catastrales.<\/p>","protected":false},"excerpt":{"rendered":"<p>Se trata de una potente combinaci\u00f3n de una plataforma profesional de cartograf\u00eda a\u00e9rea y una estaci\u00f3n de referencia terrestre de alta precisi\u00f3n. Esta configuraci\u00f3n es utilizada habitualmente por top\u00f3grafos y cart\u00f3grafos para lograr <b>datos a\u00e9reos con precisi\u00f3n a nivel centim\u00e9trico<\/b>.<\/p>\n<p>El paquete incluye:<\/p>\n<ul>\n<li>1x DJI Matrice 4E Worry-Free Plus Combo<\/li>\n<li>2x Bater\u00eda DJI Serie Matrice 4<\/li>\n<li>1x Emlid RS4<\/li>\n<li>1x Parachoques Emlid Reach RS4<\/li>\n<li>1 adaptador de liberaci\u00f3n r\u00e1pida Emlid<\/li>\n<li>1 kit de accesorios para la base Emlid<\/li>\n<\/ul>","protected":false},"featured_media":23078,"comment_status":"open","ping_status":"closed","template":"","meta":[],"product_brand":[1031,1025],"product_cat":[37,1118,29,89,1189,1117,30,22],"product_tag":[1226,1227,1026,1225],"class_list":{"0":"post-22661","1":"product","2":"type-product","3":"status-publish","4":"has-post-thumbnail","6":"product_brand-dji","7":"product_brand-emlid","8":"product_cat-dji","9":"product_cat-dji-matrice-4-drones","10":"product_cat-drones","11":"product_cat-emlid","12":"product_cat-kir-rs4_rs4pro_rs3","13":"product_cat-matrice-4","14":"product_cat-mobile-station","15":"product_cat-other","16":"product_tag-dji-emlid-kit","17":"product_tag-dji-matrice-4e","18":"product_tag-emlid-rs4","19":"product_tag-emlid-rs4-kit","21":"first","22":"onbackorder","23":"taxable","24":"shipping-taxable","25":"purchasable","26":"product-type-woosb"},"yoast_head":"<!-- This site is optimized with the Yoast SEO plugin v27.1.1 - https:\/\/yoast.com\/product\/yoast-seo-wordpress\/ -->\n<title>DJI Matrice 4E Topography Kit - Ghostysky<\/title>\n<meta name=\"description\" content=\"This is a powerful combination of a professional aerial mapping platform and a high-precision ground reference station. This setup is commonly used by surveyors and mappers to achieve centimeter-level accurate aerial data.Package includes:1x DJI Matrice 4E Worry-Free Plus Combo2x DJI Matrice 4 Series Battery1x Emlid RS41x Emlid Reach RS4 Bumber1x Emlid Quick release adapter1x Emlid Base accessories kit\" \/>\n<meta name=\"robots\" content=\"index, follow, max-snippet:-1, max-image-preview:large, max-video-preview:-1\" \/>\n<link rel=\"canonical\" href=\"https:\/\/www.ghostysky.com\/es\/producto-2\/dji-matrice-4e-emlid-rs4-base-kit\/\" \/>\n<meta property=\"og:locale\" content=\"es_ES\" \/>\n<meta property=\"og:type\" content=\"article\" \/>\n<meta property=\"og:title\" content=\"DJI Matrice 4E Topography Kit - Ghostysky\" \/>\n<meta property=\"og:description\" content=\"This is a powerful combination of a professional aerial mapping platform and a high-precision ground reference station. This setup is commonly used by surveyors and mappers to achieve centimeter-level accurate aerial data.Package includes:1x DJI Matrice 4E Worry-Free Plus Combo2x DJI Matrice 4 Series Battery1x Emlid RS41x Emlid Reach RS4 Bumber1x Emlid Quick release adapter1x Emlid Base accessories kit\" \/>\n<meta property=\"og:url\" content=\"https:\/\/www.ghostysky.com\/es\/producto-2\/dji-matrice-4e-emlid-rs4-base-kit\/\" \/>\n<meta property=\"og:site_name\" content=\"Ghostysky\" \/>\n<meta property=\"article:publisher\" content=\"https:\/\/www.facebook.com\/people\/Ghostysky\/100057676170234\/\" \/>\n<meta property=\"article:modified_time\" content=\"2025-11-09T08:54:07+00:00\" \/>\n<meta property=\"og:image\" content=\"https:\/\/www.ghostysky.com\/wp-content\/uploads\/2025\/10\/GH_DJI_Matrice_4E_Emlid_RS4.jpg\" \/>\n\t<meta property=\"og:image:width\" content=\"800\" \/>\n\t<meta property=\"og:image:height\" content=\"600\" \/>\n\t<meta property=\"og:image:type\" content=\"image\/jpeg\" \/>\n<meta name=\"twitter:card\" content=\"summary_large_image\" \/>\n<meta name=\"twitter:site\" content=\"@Gh0stysky\" \/>\n<meta name=\"twitter:label1\" content=\"Tiempo de lectura\" \/>\n\t<meta name=\"twitter:data1\" content=\"3 minutos\" \/>\n<script type=\"application\/ld+json\" class=\"yoast-schema-graph\">{\"@context\":\"https:\/\/schema.org\",\"@graph\":[{\"@type\":\"WebPage\",\"@id\":\"https:\/\/www.ghostysky.com\/product\/dji-matrice-4e-emlid-rs4-base-kit\/\",\"url\":\"https:\/\/www.ghostysky.com\/product\/dji-matrice-4e-emlid-rs4-base-kit\/\",\"name\":\"DJI Matrice 4E Topography Kit - Ghostysky\",\"isPartOf\":{\"@id\":\"https:\/\/www.ghostysky.com\/#website\"},\"primaryImageOfPage\":{\"@id\":\"https:\/\/www.ghostysky.com\/product\/dji-matrice-4e-emlid-rs4-base-kit\/#primaryimage\"},\"image\":{\"@id\":\"https:\/\/www.ghostysky.com\/product\/dji-matrice-4e-emlid-rs4-base-kit\/#primaryimage\"},\"thumbnailUrl\":\"https:\/\/www.ghostysky.com\/wp-content\/uploads\/2025\/10\/GH_DJI_Matrice_4E_Emlid_RS4.jpg\",\"datePublished\":\"2025-10-31T08:50:25+00:00\",\"dateModified\":\"2025-11-09T08:54:07+00:00\",\"description\":\"This is a powerful combination of a professional aerial mapping platform and a high-precision ground reference station. This setup is commonly used by surveyors and mappers to achieve centimeter-level accurate aerial data.Package includes:1x DJI Matrice 4E Worry-Free Plus Combo2x DJI Matrice 4 Series Battery1x Emlid RS41x Emlid Reach RS4 Bumber1x Emlid Quick release adapter1x Emlid Base accessories kit\",\"breadcrumb\":{\"@id\":\"https:\/\/www.ghostysky.com\/product\/dji-matrice-4e-emlid-rs4-base-kit\/#breadcrumb\"},\"inLanguage\":\"es\",\"potentialAction\":[{\"@type\":\"ReadAction\",\"target\":[\"https:\/\/www.ghostysky.com\/product\/dji-matrice-4e-emlid-rs4-base-kit\/\"]}]},{\"@type\":\"ImageObject\",\"inLanguage\":\"es\",\"@id\":\"https:\/\/www.ghostysky.com\/product\/dji-matrice-4e-emlid-rs4-base-kit\/#primaryimage\",\"url\":\"https:\/\/www.ghostysky.com\/wp-content\/uploads\/2025\/10\/GH_DJI_Matrice_4E_Emlid_RS4.jpg\",\"contentUrl\":\"https:\/\/www.ghostysky.com\/wp-content\/uploads\/2025\/10\/GH_DJI_Matrice_4E_Emlid_RS4.jpg\",\"width\":800,\"height\":600},{\"@type\":\"BreadcrumbList\",\"@id\":\"https:\/\/www.ghostysky.com\/product\/dji-matrice-4e-emlid-rs4-base-kit\/#breadcrumb\",\"itemListElement\":[{\"@type\":\"ListItem\",\"position\":1,\"name\":\"Home\",\"item\":\"https:\/\/www.ghostysky.com\/\"},{\"@type\":\"ListItem\",\"position\":2,\"name\":\"Shop\",\"item\":\"https:\/\/www.ghostysky.com\/shop\/\"},{\"@type\":\"ListItem\",\"position\":3,\"name\":\"DJI Matrice 4E Topography Kit\"}]},{\"@type\":\"WebSite\",\"@id\":\"https:\/\/www.ghostysky.com\/#website\",\"url\":\"https:\/\/www.ghostysky.com\/\",\"name\":\"Ghostysky\",\"description\":\"Delivering professional drones and services\",\"publisher\":{\"@id\":\"https:\/\/www.ghostysky.com\/#organization\"},\"potentialAction\":[{\"@type\":\"SearchAction\",\"target\":{\"@type\":\"EntryPoint\",\"urlTemplate\":\"https:\/\/www.ghostysky.com\/?s={search_term_string}\"},\"query-input\":{\"@type\":\"PropertyValueSpecification\",\"valueRequired\":true,\"valueName\":\"search_term_string\"}}],\"inLanguage\":\"es\"},{\"@type\":\"Organization\",\"@id\":\"https:\/\/www.ghostysky.com\/#organization\",\"name\":\"Ghostysky\",\"url\":\"https:\/\/www.ghostysky.com\/\",\"logo\":{\"@type\":\"ImageObject\",\"inLanguage\":\"es\",\"@id\":\"https:\/\/www.ghostysky.com\/#\/schema\/logo\/image\/\",\"url\":\"https:\/\/www.ghostysky.com\/wp-content\/uploads\/2020\/06\/cropped-ghostyskylogo_text_white2.png\",\"contentUrl\":\"https:\/\/www.ghostysky.com\/wp-content\/uploads\/2020\/06\/cropped-ghostyskylogo_text_white2.png\",\"width\":169,\"height\":56,\"caption\":\"Ghostysky\"},\"image\":{\"@id\":\"https:\/\/www.ghostysky.com\/#\/schema\/logo\/image\/\"},\"sameAs\":[\"https:\/\/www.facebook.com\/people\/Ghostysky\/100057676170234\/\",\"https:\/\/x.com\/Gh0stysky\",\"https:\/\/www.linkedin.com\/company\/34739653\",\"https:\/\/www.instagram.com\/gh0stysky\"]}]}<\/script>\n<!-- \/ Yoast SEO plugin. -->","yoast_head_json":{"title":"Kit de topograf\u00eda DJI Matrice 4E - Ghostysky","description":"Se trata de una potente combinaci\u00f3n de una plataforma profesional de mapeo a\u00e9reo y una estaci\u00f3n de referencia terrestre de alta precisi\u00f3n. Este sistema es de uso com\u00fan entre top\u00f3grafos y cart\u00f3grafos para obtener datos a\u00e9reos con una precisi\u00f3n centim\u00e9trica. El paquete incluye: 1x DJI Matrice 4E Worry-Free Plus Combo, 2x bater\u00edas DJI Matrice 4 Series, 1x Emlid RS4, 1x parachoques Emlid Reach RS4, 1x adaptador de liberaci\u00f3n r\u00e1pida Emlid, 1x kit de accesorios para la base Emlid.","robots":{"index":"index","follow":"follow","max-snippet":"max-snippet:-1","max-image-preview":"max-image-preview:large","max-video-preview":"max-video-preview:-1"},"canonical":"https:\/\/www.ghostysky.com\/es\/producto-2\/dji-matrice-4e-emlid-rs4-base-kit\/","og_locale":"es_ES","og_type":"article","og_title":"DJI Matrice 4E Topography Kit - Ghostysky","og_description":"This is a powerful combination of a professional aerial mapping platform and a high-precision ground reference station. This setup is commonly used by surveyors and mappers to achieve centimeter-level accurate aerial data.Package includes:1x DJI Matrice 4E Worry-Free Plus Combo2x DJI Matrice 4 Series Battery1x Emlid RS41x Emlid Reach RS4 Bumber1x Emlid Quick release adapter1x Emlid Base accessories kit","og_url":"https:\/\/www.ghostysky.com\/es\/producto-2\/dji-matrice-4e-emlid-rs4-base-kit\/","og_site_name":"Ghostysky","article_publisher":"https:\/\/www.facebook.com\/people\/Ghostysky\/100057676170234\/","article_modified_time":"2025-11-09T08:54:07+00:00","og_image":[{"width":800,"height":600,"url":"https:\/\/www.ghostysky.com\/wp-content\/uploads\/2025\/10\/GH_DJI_Matrice_4E_Emlid_RS4.jpg","type":"image\/jpeg"}],"twitter_card":"summary_large_image","twitter_site":"@Gh0stysky","twitter_misc":{"Tiempo de lectura":"3 minutos"},"schema":{"@context":"https:\/\/schema.org","@graph":[{"@type":"WebPage","@id":"https:\/\/www.ghostysky.com\/product\/dji-matrice-4e-emlid-rs4-base-kit\/","url":"https:\/\/www.ghostysky.com\/product\/dji-matrice-4e-emlid-rs4-base-kit\/","name":"Kit de topograf\u00eda DJI Matrice 4E - Ghostysky","isPartOf":{"@id":"https:\/\/www.ghostysky.com\/#website"},"primaryImageOfPage":{"@id":"https:\/\/www.ghostysky.com\/product\/dji-matrice-4e-emlid-rs4-base-kit\/#primaryimage"},"image":{"@id":"https:\/\/www.ghostysky.com\/product\/dji-matrice-4e-emlid-rs4-base-kit\/#primaryimage"},"thumbnailUrl":"https:\/\/www.ghostysky.com\/wp-content\/uploads\/2025\/10\/GH_DJI_Matrice_4E_Emlid_RS4.jpg","datePublished":"2025-10-31T08:50:25+00:00","dateModified":"2025-11-09T08:54:07+00:00","description":"Se trata de una potente combinaci\u00f3n de una plataforma profesional de mapeo a\u00e9reo y una estaci\u00f3n de referencia terrestre de alta precisi\u00f3n. Este sistema es de uso com\u00fan entre top\u00f3grafos y cart\u00f3grafos para obtener datos a\u00e9reos con una precisi\u00f3n centim\u00e9trica. El paquete incluye: 1x DJI Matrice 4E Worry-Free Plus Combo, 2x bater\u00edas DJI Matrice 4 Series, 1x Emlid RS4, 1x parachoques Emlid Reach RS4, 1x adaptador de liberaci\u00f3n r\u00e1pida Emlid, 1x kit de accesorios para la base Emlid.","breadcrumb":{"@id":"https:\/\/www.ghostysky.com\/product\/dji-matrice-4e-emlid-rs4-base-kit\/#breadcrumb"},"inLanguage":"es","potentialAction":[{"@type":"ReadAction","target":["https:\/\/www.ghostysky.com\/product\/dji-matrice-4e-emlid-rs4-base-kit\/"]}]},{"@type":"ImageObject","inLanguage":"es","@id":"https:\/\/www.ghostysky.com\/product\/dji-matrice-4e-emlid-rs4-base-kit\/#primaryimage","url":"https:\/\/www.ghostysky.com\/wp-content\/uploads\/2025\/10\/GH_DJI_Matrice_4E_Emlid_RS4.jpg","contentUrl":"https:\/\/www.ghostysky.com\/wp-content\/uploads\/2025\/10\/GH_DJI_Matrice_4E_Emlid_RS4.jpg","width":800,"height":600},{"@type":"BreadcrumbList","@id":"https:\/\/www.ghostysky.com\/product\/dji-matrice-4e-emlid-rs4-base-kit\/#breadcrumb","itemListElement":[{"@type":"ListItem","position":1,"name":"Home","item":"https:\/\/www.ghostysky.com\/"},{"@type":"ListItem","position":2,"name":"Shop","item":"https:\/\/www.ghostysky.com\/shop\/"},{"@type":"ListItem","position":3,"name":"DJI Matrice 4E Topography Kit"}]},{"@type":"WebSite","@id":"https:\/\/www.ghostysky.com\/#website","url":"https:\/\/www.ghostysky.com\/","name":"Ghostysky","description":"Entrega de drones y servicios profesionales","publisher":{"@id":"https:\/\/www.ghostysky.com\/#organization"},"potentialAction":[{"@type":"SearchAction","target":{"@type":"EntryPoint","urlTemplate":"https:\/\/www.ghostysky.com\/?s={search_term_string}"},"query-input":{"@type":"PropertyValueSpecification","valueRequired":true,"valueName":"search_term_string"}}],"inLanguage":"es"},{"@type":"Organization","@id":"https:\/\/www.ghostysky.com\/#organization","name":"Ghostysky","url":"https:\/\/www.ghostysky.com\/","logo":{"@type":"ImageObject","inLanguage":"es","@id":"https:\/\/www.ghostysky.com\/#\/schema\/logo\/image\/","url":"https:\/\/www.ghostysky.com\/wp-content\/uploads\/2020\/06\/cropped-ghostyskylogo_text_white2.png","contentUrl":"https:\/\/www.ghostysky.com\/wp-content\/uploads\/2020\/06\/cropped-ghostyskylogo_text_white2.png","width":169,"height":56,"caption":"Ghostysky"},"image":{"@id":"https:\/\/www.ghostysky.com\/#\/schema\/logo\/image\/"},"sameAs":["https:\/\/www.facebook.com\/people\/Ghostysky\/100057676170234\/","https:\/\/x.com\/Gh0stysky","https:\/\/www.linkedin.com\/company\/34739653","https:\/\/www.instagram.com\/gh0stysky"]}]}},"_links":{"self":[{"href":"https:\/\/www.ghostysky.com\/es\/wp-json\/wp\/v2\/product\/22661","targetHints":{"allow":["GET"]}}],"collection":[{"href":"https:\/\/www.ghostysky.com\/es\/wp-json\/wp\/v2\/product"}],"about":[{"href":"https:\/\/www.ghostysky.com\/es\/wp-json\/wp\/v2\/types\/product"}],"replies":[{"embeddable":true,"href":"https:\/\/www.ghostysky.com\/es\/wp-json\/wp\/v2\/comments?post=22661"}],"wp:featuredmedia":[{"embeddable":true,"href":"https:\/\/www.ghostysky.com\/es\/wp-json\/wp\/v2\/media\/23078"}],"wp:attachment":[{"href":"https:\/\/www.ghostysky.com\/es\/wp-json\/wp\/v2\/media?parent=22661"}],"wp:term":[{"taxonomy":"product_brand","embeddable":true,"href":"https:\/\/www.ghostysky.com\/es\/wp-json\/wp\/v2\/product_brand?post=22661"},{"taxonomy":"product_cat","embeddable":true,"href":"https:\/\/www.ghostysky.com\/es\/wp-json\/wp\/v2\/product_cat?post=22661"},{"taxonomy":"product_tag","embeddable":true,"href":"https:\/\/www.ghostysky.com\/es\/wp-json\/wp\/v2\/product_tag?post=22661"}],"curies":[{"name":"wp","href":"https:\/\/api.w.org\/{rel}","templated":true}]}}