{"id":22735,"date":"2025-11-02T09:12:49","date_gmt":"2025-11-02T09:12:49","guid":{"rendered":"https:\/\/www.ghostysky.com\/?post_type=product&#038;p=22735"},"modified":"2025-11-02T09:19:30","modified_gmt":"2025-11-02T09:19:30","slug":"tita-wheeled-bipedal-robot","status":"publish","type":"product","link":"https:\/\/www.ghostysky.com\/es\/product\/tita-wheeled-bipedal-robot\/","title":{"rendered":"Robot b\u00edpedo con ruedas TITA"},"content":{"rendered":"<h4>\ud83e\uddbe TITA de Direct Drive Tech: Plataforma rob\u00f3tica b\u00edpeda con ruedas<\/h4>\n<p><span class=\"citation-80\">El <\/span><b><span class=\"citation-80\">TITA<\/span><\/b><span class=\"citation-80\"> El robot es un avance revolucionario <\/span><b><span class=\"citation-80\">plataforma rob\u00f3tica b\u00edpeda con ruedas<\/span><\/b><span class=\"citation-80\"> que integra a la perfecci\u00f3n el <\/span><b><span class=\"citation-80\">Velocidad y agilidad de un robot con ruedas con la adaptabilidad superior de un robot con patas.<\/span><\/b><span class=\"citation-80 citation-end-80\">.<sup class=\"superscript\" data-turn-source-index=\"2\">2<\/sup><\/span> <span class=\"citation-79\">Aprovechando la tecnolog\u00eda patentada de Direct Drive Tech <\/span><b><span class=\"citation-79\">m\u00f3dulos de juntas de accionamiento cuasi-directo<\/span><\/b><span class=\"citation-79 citation-end-79\">TITA est\u00e1 dise\u00f1ada para una movilidad de alto rendimiento y un funcionamiento aut\u00f3nomo en entornos complejos e irregulares.<\/span><\/p>\n<h4><b>Caracter\u00edsticas principales e innovaci\u00f3n<\/b><\/h4>\n<ul>\n<li><b><span class=\"citation-78 citation-end-78\">Locomoci\u00f3n dual (8 grados de libertad):<sup class=\"superscript\" data-turn-source-index=\"4\">4<\/sup><\/span><\/b><span class=\"citation-77\"> Con <\/span><b><span class=\"citation-77\">8 grados de libertad (DOF)<\/span><\/b><span class=\"citation-77\"> accionadas por juntas de transmisi\u00f3n cuasi directa de alto rendimiento (hasta <\/span><b><span class=\"citation-77\">par m\u00e1ximo de 120 Nm<\/span><\/b><span class=\"citation-77\">), TITA es capaz de realizar ambas cosas r\u00e1pidamente <\/span><b><span class=\"citation-77\">Wheeling<\/span><\/b><span class=\"citation-77\"> y estable <\/span><b><span class=\"citation-77\">paso<\/span><\/b><span class=\"citation-77 citation-end-77\"> para una adaptabilidad superior al terreno.<\/span><\/li>\n<li><b><span class=\"citation-76\">Inteligencia aut\u00f3noma:<\/span><\/b><span class=\"citation-76\"> Equipado con un <\/span><b><span class=\"citation-76\">NVIDIA Jetson Orin NX 16 GB<\/span><\/b><span class=\"citation-76\"> chip, TITA ofrece <\/span><b><span class=\"citation-76\">100 TOPS de potencia de computaci\u00f3n de IA<\/span><\/b><span class=\"citation-76 citation-end-76\">.<sup class=\"superscript\" data-turn-source-index=\"6\">6<\/sup><\/span> <span class=\"citation-75\">Esto permite una robustez <\/span><b><span class=\"citation-75\">Sistema aut\u00f3nomo de toma de decisiones<\/span><\/b><span class=\"citation-75 citation-end-75\"> Con fusi\u00f3n multisensor para una percepci\u00f3n precisa, navegaci\u00f3n aut\u00f3noma y evitaci\u00f3n activa de obst\u00e1culos.<\/span><\/li>\n<li><b><span class=\"citation-74\">Conciencia del terreno TITA:<\/span><\/b><span class=\"citation-74\"> El sistema utiliza un <\/span><b><span class=\"citation-74\">esquema de estructura binocular<\/span><\/b><span class=\"citation-74\">, sensores ultras\u00f3nicos y SPAD TOF para recopilar datos 3D en tiempo real, logrando <\/span><b><span class=\"citation-74\">Precisi\u00f3n a nivel de mil\u00edmetros<\/span><\/b><span class=\"citation-74 citation-end-74\"> para el reconocimiento de terreno y la detecci\u00f3n de objetos de alta precisi\u00f3n.<\/span><\/li>\n<li><b><span class=\"citation-73\">Dise\u00f1o robusto y modular:<\/span><\/b><span class=\"citation-73\"> El fuselaje est\u00e1 construido con un material duradero. <\/span><b><span class=\"citation-73\">aleaci\u00f3n de magnesio<\/span><\/b><span class=\"citation-73 citation-end-73\">, lo que garantiza una alta estabilidad y resistencia a las ca\u00eddas.<\/span> <span class=\"citation-72\">Incluye <\/span><b><span class=\"citation-72\">bater\u00edas intercambiables en caliente<\/span><\/b><span class=\"citation-72 citation-end-72\"> para protecci\u00f3n contra el movimiento y una resistencia pr\u00e1cticamente ilimitada.<\/span><\/li>\n<li><b>Listo para el desarrollo:<\/b><span class=\"citation-71\"> TITA admite el desarrollo secundario completo con una soluci\u00f3n integral. <\/span><b><span class=\"citation-71\">ROS 2<\/span><\/b><span class=\"citation-71 citation-end-71\"> Interfaz API (Sistema Operativo para Robots), un kernel de Linux abierto y control de velocidad de respuesta en microsegundos, lo que lo hace ideal para la investigaci\u00f3n avanzada.<\/span><\/li>\n<li><b><span class=\"citation-70\">Puente TITA:<\/span><\/b><span class=\"citation-70 citation-end-70\"> Un sistema de fijaci\u00f3n universal (rieles en la parte superior del cuerpo) permite la instalaci\u00f3n r\u00e1pida y sencilla de diversos accesorios externos, como m\u00f3dulos de visi\u00f3n, hosts de IA y sensores.<\/span><\/li>\n<\/ul>\n<h4><b>Especificaciones clave<\/b><\/h4>\n<table>\n<thead>\n<tr>\n<td><strong>Par\u00e1metro<\/strong><\/td>\n<td><strong>Especificaci\u00f3n (TITA)<\/strong><\/td>\n<\/tr>\n<\/thead>\n<tbody>\n<tr>\n<td><b>Tipo<\/b><\/td>\n<td>Robot b\u00edpedo con ruedas<\/td>\n<\/tr>\n<tr>\n<td><b>Grados de libertad (DOF)<\/b><\/td>\n<td>8<\/td>\n<\/tr>\n<tr>\n<td><b>Procesador<\/b><\/td>\n<td>NVIDIA Jetson Orin NX 16 GB<\/td>\n<\/tr>\n<tr>\n<td><b>Rendimiento de la IA<\/b><\/td>\n<td>100 TOPS<\/td>\n<\/tr>\n<tr>\n<td><b>M\u00e1xima velocidad<\/b><\/td>\n<td>Hasta 3 m\/s<\/td>\n<\/tr>\n<tr>\n<td><b>Carga \u00fatil m\u00e1xima<\/b><\/td>\n<td>10 kg (en movimiento)<\/td>\n<\/tr>\n<tr>\n<td><b>Altura m\u00e1xima de salto<\/b><\/td>\n<td>20 cm<\/td>\n<\/tr>\n<tr>\n<td><b>Control\/API<\/b><\/td>\n<td>ROS 2, API de enlace completo, interfaz de motor<\/td>\n<\/tr>\n<tr>\n<td><b>Fuerza<\/b><\/td>\n<td>Bater\u00edas intercambiables en caliente (2 unidades)<\/td>\n<\/tr>\n<tr>\n<td><b>Construcci\u00f3n<\/b><\/td>\n<td>Aleaci\u00f3n de magnesio<\/td>\n<\/tr>\n<\/tbody>\n<\/table>\n<p><span class=\"citation-69 citation-end-69\">TITA es una plataforma fiable y potente, una excelente opci\u00f3n para aplicaciones en exploraci\u00f3n, investigaci\u00f3n, automatizaci\u00f3n inteligente y cualquier escenario que requiera alta movilidad y toma de decisiones aut\u00f3noma en entornos dif\u00edciles.<\/span><\/p>","protected":false},"excerpt":{"rendered":"<p><span class=\"citation-80\">El <\/span><b><span class=\"citation-80\">TITA<\/span><\/b><span class=\"citation-80\"> El robot es un avance revolucionario <\/span><b><span class=\"citation-80\">plataforma rob\u00f3tica b\u00edpeda con ruedas<\/span><\/b><span class=\"citation-80\"> que integra a la perfecci\u00f3n el <\/span><b><span class=\"citation-80\">Velocidad y agilidad de un robot con ruedas con la adaptabilidad superior de un robot con patas.<\/span><\/b><span class=\"citation-80 citation-end-80\">.<\/span> <span class=\"citation-79\">Aprovechando la tecnolog\u00eda patentada de Direct Drive Tech <\/span><b><span class=\"citation-79\">m\u00f3dulos de juntas de accionamiento cuasi-directo<\/span><\/b><span class=\"citation-79 citation-end-79\">TITA est\u00e1 dise\u00f1ada para una movilidad de alto rendimiento y un funcionamiento aut\u00f3nomo en entornos complejos e irregulares.<\/span><\/p>","protected":false},"featured_media":22742,"comment_status":"open","ping_status":"closed","template":"","meta":[],"product_brand":[1245],"product_cat":[1241,1242,1243,1037],"product_tag":[1246,1247,1248],"class_list":{"0":"post-22735","1":"product","2":"type-product","3":"status-publish","4":"has-post-thumbnail","6":"product_brand-direct-drive-tech","7":"product_cat-bipedal","8":"product_cat-direct-drive-tech","9":"product_cat-direct-drive-tech-robots","10":"product_cat-robotics","11":"product_tag-direct-drive-tech","12":"product_tag-tita","13":"product_tag-wheeled-bipedal-robot","15":"first","16":"onbackorder","17":"taxable","18":"shipping-taxable","19":"product-type-simple"},"yoast_head":"<!-- This site is optimized with the Yoast SEO plugin v27.4 - https:\/\/yoast.com\/product\/yoast-seo-wordpress\/ -->\n<title>TITA Wheeled Bipedal Robot - Ghostysky<\/title>\n<meta name=\"description\" content=\"The TITA robot is a groundbreaking wheeled bipedal robotic platform that seamlessly integrates the speed and agility of a wheeled robot with the superior adaptability of a legged robot. Leveraging Direct Drive Tech&#039;s proprietary quasi-direct drive joint modules, TITA is engineered for high-performance mobility and autonomous operation in complex and uneven environments.\" \/>\n<meta name=\"robots\" content=\"index, follow, max-snippet:-1, max-image-preview:large, max-video-preview:-1\" \/>\n<link rel=\"canonical\" href=\"https:\/\/www.ghostysky.com\/es\/producto-2\/tita-wheeled-bipedal-robot\/\" \/>\n<meta property=\"og:locale\" content=\"es_ES\" \/>\n<meta property=\"og:type\" content=\"article\" \/>\n<meta property=\"og:title\" content=\"TITA Wheeled Bipedal Robot - Ghostysky\" \/>\n<meta property=\"og:description\" content=\"The TITA robot is a groundbreaking wheeled bipedal robotic platform that seamlessly integrates the speed and agility of a wheeled robot with the superior adaptability of a legged robot. Leveraging Direct Drive Tech&#039;s proprietary quasi-direct drive joint modules, TITA is engineered for high-performance mobility and autonomous operation in complex and uneven environments.\" \/>\n<meta property=\"og:url\" content=\"https:\/\/www.ghostysky.com\/es\/producto-2\/tita-wheeled-bipedal-robot\/\" \/>\n<meta property=\"og:site_name\" content=\"Ghostysky\" \/>\n<meta property=\"article:publisher\" content=\"https:\/\/www.facebook.com\/people\/Ghostysky\/100057676170234\/\" \/>\n<meta property=\"article:modified_time\" content=\"2025-11-02T09:19:30+00:00\" \/>\n<meta property=\"og:image\" content=\"https:\/\/www.ghostysky.com\/wp-content\/uploads\/2025\/11\/GH_DDT_Tita_1.webp\" \/>\n\t<meta property=\"og:image:width\" content=\"800\" \/>\n\t<meta property=\"og:image:height\" content=\"800\" \/>\n\t<meta property=\"og:image:type\" content=\"image\/webp\" \/>\n<meta name=\"twitter:card\" content=\"summary_large_image\" \/>\n<meta name=\"twitter:site\" content=\"@Gh0stysky\" \/>\n<meta name=\"twitter:label1\" content=\"Tiempo de lectura\" \/>\n\t<meta name=\"twitter:data1\" content=\"2 minutos\" \/>\n<script type=\"application\/ld+json\" class=\"yoast-schema-graph\">{\"@context\":\"https:\\\/\\\/schema.org\",\"@graph\":[{\"@type\":\"WebPage\",\"@id\":\"https:\\\/\\\/www.ghostysky.com\\\/product\\\/tita-wheeled-bipedal-robot\\\/\",\"url\":\"https:\\\/\\\/www.ghostysky.com\\\/product\\\/tita-wheeled-bipedal-robot\\\/\",\"name\":\"TITA Wheeled Bipedal Robot - Ghostysky\",\"isPartOf\":{\"@id\":\"https:\\\/\\\/www.ghostysky.com\\\/#website\"},\"primaryImageOfPage\":{\"@id\":\"https:\\\/\\\/www.ghostysky.com\\\/product\\\/tita-wheeled-bipedal-robot\\\/#primaryimage\"},\"image\":{\"@id\":\"https:\\\/\\\/www.ghostysky.com\\\/product\\\/tita-wheeled-bipedal-robot\\\/#primaryimage\"},\"thumbnailUrl\":\"https:\\\/\\\/www.ghostysky.com\\\/wp-content\\\/uploads\\\/2025\\\/11\\\/GH_DDT_Tita_1.webp\",\"datePublished\":\"2025-11-02T09:12:49+00:00\",\"dateModified\":\"2025-11-02T09:19:30+00:00\",\"description\":\"The TITA robot is a groundbreaking wheeled bipedal robotic platform that seamlessly integrates the speed and agility of a wheeled robot with the superior adaptability of a legged robot. Leveraging Direct Drive Tech's proprietary quasi-direct drive joint modules, TITA is engineered for high-performance mobility and autonomous operation in complex and uneven environments.\",\"breadcrumb\":{\"@id\":\"https:\\\/\\\/www.ghostysky.com\\\/product\\\/tita-wheeled-bipedal-robot\\\/#breadcrumb\"},\"inLanguage\":\"es\",\"potentialAction\":[{\"@type\":\"ReadAction\",\"target\":[\"https:\\\/\\\/www.ghostysky.com\\\/product\\\/tita-wheeled-bipedal-robot\\\/\"]}]},{\"@type\":\"ImageObject\",\"inLanguage\":\"es\",\"@id\":\"https:\\\/\\\/www.ghostysky.com\\\/product\\\/tita-wheeled-bipedal-robot\\\/#primaryimage\",\"url\":\"https:\\\/\\\/www.ghostysky.com\\\/wp-content\\\/uploads\\\/2025\\\/11\\\/GH_DDT_Tita_1.webp\",\"contentUrl\":\"https:\\\/\\\/www.ghostysky.com\\\/wp-content\\\/uploads\\\/2025\\\/11\\\/GH_DDT_Tita_1.webp\",\"width\":800,\"height\":800},{\"@type\":\"BreadcrumbList\",\"@id\":\"https:\\\/\\\/www.ghostysky.com\\\/product\\\/tita-wheeled-bipedal-robot\\\/#breadcrumb\",\"itemListElement\":[{\"@type\":\"ListItem\",\"position\":1,\"name\":\"Home\",\"item\":\"https:\\\/\\\/www.ghostysky.com\\\/\"},{\"@type\":\"ListItem\",\"position\":2,\"name\":\"Shop\",\"item\":\"https:\\\/\\\/www.ghostysky.com\\\/shop\\\/\"},{\"@type\":\"ListItem\",\"position\":3,\"name\":\"TITA Wheeled Bipedal Robot\"}]},{\"@type\":\"WebSite\",\"@id\":\"https:\\\/\\\/www.ghostysky.com\\\/#website\",\"url\":\"https:\\\/\\\/www.ghostysky.com\\\/\",\"name\":\"Ghostysky\",\"description\":\"Delivering professional drones and robotics solutions\",\"publisher\":{\"@id\":\"https:\\\/\\\/www.ghostysky.com\\\/#organization\"},\"potentialAction\":[{\"@type\":\"SearchAction\",\"target\":{\"@type\":\"EntryPoint\",\"urlTemplate\":\"https:\\\/\\\/www.ghostysky.com\\\/?s={search_term_string}\"},\"query-input\":{\"@type\":\"PropertyValueSpecification\",\"valueRequired\":true,\"valueName\":\"search_term_string\"}}],\"inLanguage\":\"es\"},{\"@type\":\"Organization\",\"@id\":\"https:\\\/\\\/www.ghostysky.com\\\/#organization\",\"name\":\"Ghostysky\",\"url\":\"https:\\\/\\\/www.ghostysky.com\\\/\",\"logo\":{\"@type\":\"ImageObject\",\"inLanguage\":\"es\",\"@id\":\"https:\\\/\\\/www.ghostysky.com\\\/#\\\/schema\\\/logo\\\/image\\\/\",\"url\":\"https:\\\/\\\/www.ghostysky.com\\\/wp-content\\\/uploads\\\/2020\\\/06\\\/cropped-ghostyskylogo_text_white2.png\",\"contentUrl\":\"https:\\\/\\\/www.ghostysky.com\\\/wp-content\\\/uploads\\\/2020\\\/06\\\/cropped-ghostyskylogo_text_white2.png\",\"width\":169,\"height\":56,\"caption\":\"Ghostysky\"},\"image\":{\"@id\":\"https:\\\/\\\/www.ghostysky.com\\\/#\\\/schema\\\/logo\\\/image\\\/\"},\"sameAs\":[\"https:\\\/\\\/www.facebook.com\\\/people\\\/Ghostysky\\\/100057676170234\\\/\",\"https:\\\/\\\/x.com\\\/Gh0stysky\",\"https:\\\/\\\/www.linkedin.com\\\/company\\\/34739653\",\"https:\\\/\\\/www.instagram.com\\\/gh0stysky\"]}]}<\/script>\n<!-- \/ Yoast SEO plugin. -->","yoast_head_json":{"title":"Robot b\u00edpedo con ruedas TITA - Ghostysky","description":"El robot TITA es una innovadora plataforma rob\u00f3tica b\u00edpeda con ruedas que integra a la perfecci\u00f3n la velocidad y la agilidad de un robot con ruedas con la adaptabilidad superior de un robot con patas. Gracias a los m\u00f3dulos de articulaci\u00f3n de accionamiento cuasi directo patentados por Direct Drive Tech, TITA est\u00e1 dise\u00f1ado para ofrecer movilidad de alto rendimiento y funcionamiento aut\u00f3nomo en entornos complejos e irregulares.","robots":{"index":"index","follow":"follow","max-snippet":"max-snippet:-1","max-image-preview":"max-image-preview:large","max-video-preview":"max-video-preview:-1"},"canonical":"https:\/\/www.ghostysky.com\/es\/producto-2\/tita-wheeled-bipedal-robot\/","og_locale":"es_ES","og_type":"article","og_title":"TITA Wheeled Bipedal Robot - Ghostysky","og_description":"The TITA robot is a groundbreaking wheeled bipedal robotic platform that seamlessly integrates the speed and agility of a wheeled robot with the superior adaptability of a legged robot. Leveraging Direct Drive Tech's proprietary quasi-direct drive joint modules, TITA is engineered for high-performance mobility and autonomous operation in complex and uneven environments.","og_url":"https:\/\/www.ghostysky.com\/es\/producto-2\/tita-wheeled-bipedal-robot\/","og_site_name":"Ghostysky","article_publisher":"https:\/\/www.facebook.com\/people\/Ghostysky\/100057676170234\/","article_modified_time":"2025-11-02T09:19:30+00:00","og_image":[{"width":800,"height":800,"url":"https:\/\/www.ghostysky.com\/wp-content\/uploads\/2025\/11\/GH_DDT_Tita_1.webp","type":"image\/webp"}],"twitter_card":"summary_large_image","twitter_site":"@Gh0stysky","twitter_misc":{"Tiempo de lectura":"2 minutos"},"schema":{"@context":"https:\/\/schema.org","@graph":[{"@type":"WebPage","@id":"https:\/\/www.ghostysky.com\/product\/tita-wheeled-bipedal-robot\/","url":"https:\/\/www.ghostysky.com\/product\/tita-wheeled-bipedal-robot\/","name":"Robot b\u00edpedo con ruedas TITA - Ghostysky","isPartOf":{"@id":"https:\/\/www.ghostysky.com\/#website"},"primaryImageOfPage":{"@id":"https:\/\/www.ghostysky.com\/product\/tita-wheeled-bipedal-robot\/#primaryimage"},"image":{"@id":"https:\/\/www.ghostysky.com\/product\/tita-wheeled-bipedal-robot\/#primaryimage"},"thumbnailUrl":"https:\/\/www.ghostysky.com\/wp-content\/uploads\/2025\/11\/GH_DDT_Tita_1.webp","datePublished":"2025-11-02T09:12:49+00:00","dateModified":"2025-11-02T09:19:30+00:00","description":"El robot TITA es una innovadora plataforma rob\u00f3tica b\u00edpeda con ruedas que integra a la perfecci\u00f3n la velocidad y la agilidad de un robot con ruedas con la adaptabilidad superior de un robot con patas. Gracias a los m\u00f3dulos de articulaci\u00f3n de accionamiento cuasi directo patentados por Direct Drive Tech, TITA est\u00e1 dise\u00f1ado para ofrecer movilidad de alto rendimiento y funcionamiento aut\u00f3nomo en entornos complejos e irregulares.","breadcrumb":{"@id":"https:\/\/www.ghostysky.com\/product\/tita-wheeled-bipedal-robot\/#breadcrumb"},"inLanguage":"es","potentialAction":[{"@type":"ReadAction","target":["https:\/\/www.ghostysky.com\/product\/tita-wheeled-bipedal-robot\/"]}]},{"@type":"ImageObject","inLanguage":"es","@id":"https:\/\/www.ghostysky.com\/product\/tita-wheeled-bipedal-robot\/#primaryimage","url":"https:\/\/www.ghostysky.com\/wp-content\/uploads\/2025\/11\/GH_DDT_Tita_1.webp","contentUrl":"https:\/\/www.ghostysky.com\/wp-content\/uploads\/2025\/11\/GH_DDT_Tita_1.webp","width":800,"height":800},{"@type":"BreadcrumbList","@id":"https:\/\/www.ghostysky.com\/product\/tita-wheeled-bipedal-robot\/#breadcrumb","itemListElement":[{"@type":"ListItem","position":1,"name":"Home","item":"https:\/\/www.ghostysky.com\/"},{"@type":"ListItem","position":2,"name":"Shop","item":"https:\/\/www.ghostysky.com\/shop\/"},{"@type":"ListItem","position":3,"name":"TITA Wheeled Bipedal Robot"}]},{"@type":"WebSite","@id":"https:\/\/www.ghostysky.com\/#website","url":"https:\/\/www.ghostysky.com\/","name":"Ghostysky","description":"Ofrecemos soluciones profesionales de drones y rob\u00f3tica.","publisher":{"@id":"https:\/\/www.ghostysky.com\/#organization"},"potentialAction":[{"@type":"SearchAction","target":{"@type":"EntryPoint","urlTemplate":"https:\/\/www.ghostysky.com\/?s={search_term_string}"},"query-input":{"@type":"PropertyValueSpecification","valueRequired":true,"valueName":"search_term_string"}}],"inLanguage":"es"},{"@type":"Organization","@id":"https:\/\/www.ghostysky.com\/#organization","name":"Ghostysky","url":"https:\/\/www.ghostysky.com\/","logo":{"@type":"ImageObject","inLanguage":"es","@id":"https:\/\/www.ghostysky.com\/#\/schema\/logo\/image\/","url":"https:\/\/www.ghostysky.com\/wp-content\/uploads\/2020\/06\/cropped-ghostyskylogo_text_white2.png","contentUrl":"https:\/\/www.ghostysky.com\/wp-content\/uploads\/2020\/06\/cropped-ghostyskylogo_text_white2.png","width":169,"height":56,"caption":"Ghostysky"},"image":{"@id":"https:\/\/www.ghostysky.com\/#\/schema\/logo\/image\/"},"sameAs":["https:\/\/www.facebook.com\/people\/Ghostysky\/100057676170234\/","https:\/\/x.com\/Gh0stysky","https:\/\/www.linkedin.com\/company\/34739653","https:\/\/www.instagram.com\/gh0stysky"]}]}},"_links":{"self":[{"href":"https:\/\/www.ghostysky.com\/es\/wp-json\/wp\/v2\/product\/22735","targetHints":{"allow":["GET"]}}],"collection":[{"href":"https:\/\/www.ghostysky.com\/es\/wp-json\/wp\/v2\/product"}],"about":[{"href":"https:\/\/www.ghostysky.com\/es\/wp-json\/wp\/v2\/types\/product"}],"replies":[{"embeddable":true,"href":"https:\/\/www.ghostysky.com\/es\/wp-json\/wp\/v2\/comments?post=22735"}],"version-history":[{"count":0,"href":"https:\/\/www.ghostysky.com\/es\/wp-json\/wp\/v2\/product\/22735\/revisions"}],"wp:featuredmedia":[{"embeddable":true,"href":"https:\/\/www.ghostysky.com\/es\/wp-json\/wp\/v2\/media\/22742"}],"wp:attachment":[{"href":"https:\/\/www.ghostysky.com\/es\/wp-json\/wp\/v2\/media?parent=22735"}],"wp:term":[{"taxonomy":"product_brand","embeddable":true,"href":"https:\/\/www.ghostysky.com\/es\/wp-json\/wp\/v2\/product_brand?post=22735"},{"taxonomy":"product_cat","embeddable":true,"href":"https:\/\/www.ghostysky.com\/es\/wp-json\/wp\/v2\/product_cat?post=22735"},{"taxonomy":"product_tag","embeddable":true,"href":"https:\/\/www.ghostysky.com\/es\/wp-json\/wp\/v2\/product_tag?post=22735"}],"curies":[{"name":"wp","href":"https:\/\/api.w.org\/{rel}","templated":true}]}}