{"id":22762,"date":"2025-11-02T09:29:43","date_gmt":"2025-11-02T09:29:43","guid":{"rendered":"https:\/\/www.ghostysky.com\/?post_type=product&#038;p=22762"},"modified":"2025-11-02T09:30:09","modified_gmt":"2025-11-02T09:30:09","slug":"direct-drive-tech-diablo","status":"publish","type":"product","link":"https:\/\/www.ghostysky.com\/es\/product\/direct-drive-tech-diablo\/","title":{"rendered":"Direct Drive Tech Diablo"},"content":{"rendered":"<h4>\u2728 Caracter\u00edsticas y tecnolog\u00eda clave<\/h4>\n<ul>\n<li><b><span class=\"citation-103\">Primer robot del mundo con ruedas y patas de accionamiento directo:<\/span><\/b><span class=\"citation-103 citation-end-103\"> Compuesto \u00edntegramente por juntas de accionamiento directo, ofrece un rendimiento, precisi\u00f3n y eficiencia superiores en comparaci\u00f3n con los sistemas tradicionales accionados por caja de cambios.<\/span><\/li>\n<li><b><span class=\"citation-102\">6 grados de libertad (6-DoF):<\/span><\/b><span class=\"citation-102 citation-end-102\"> Los seis motores de accionamiento directo impulsan un dise\u00f1o transformable \u00fanico que combina la estabilidad y la velocidad de un robot con ruedas con la destreza y la adaptabilidad al terreno de un robot con patas.<\/span><\/li>\n<li><b><span class=\"citation-101\">Autoequilibrio y estabilidad:<\/span><\/b><span class=\"citation-101 citation-end-101\"> Cuenta con capacidades avanzadas de autoequilibrio y autorrecuperaci\u00f3n, con un \u00e1ngulo de inclinaci\u00f3n controlable de hasta <sup class=\"superscript\" data-turn-source-index=\"5\">5<\/sup><\/span><span class=\"math-inline\" data-math=\"37^\\circ\">$37^\\circ$<\/span><span class=\"citation-100 citation-end-100\"> y un rendimiento antica\u00eddas excepcional.<sup class=\"superscript\" data-turn-source-index=\"6\">6<\/sup><\/span> <span class=\"citation-99\">Su control de impedancia de la pierna de accionamiento directo absorbe hasta <\/span><b><span class=\"citation-99\">60% de fuerza de impacto<\/span><\/b><span class=\"citation-99 citation-end-99\"> en terreno accidentado.<\/span><\/li>\n<li><b><span class=\"citation-98\">Funcionamiento casi silencioso:<\/span><\/b><span class=\"citation-98 citation-end-98\"> El sistema de transmisi\u00f3n directa sin caja de cambios funciona con un nivel de ruido de <sup class=\"superscript\" data-turn-source-index=\"8\">8<\/sup><\/span><b><span class=\"math-inline\" data-math=\"&lt;49\\text{ dB}\">$&lt;49\\text{ dB}$<\/span><\/b><span class=\"citation-97 citation-end-97\">, lo que lo hace adecuado para entornos tranquilos como oficinas y laboratorios.<\/span><\/li>\n<\/ul>\n<hr \/>\n<p>&nbsp;<\/p>\n<h4>\ud83d\udee0\ufe0f Versatilidad y rendimiento<\/h4>\n<table>\n<thead>\n<tr>\n<td><strong>Par\u00e1metro<\/strong><\/td>\n<td><strong>Modo de pie<\/strong><\/td>\n<td><strong>Modo de avance sigiloso<\/strong><\/td>\n<td><strong>General<\/strong><\/td>\n<\/tr>\n<\/thead>\n<tbody>\n<tr>\n<td><b>Carga \u00fatil m\u00e1xima<\/b><\/td>\n<td><span class=\"math-inline\" data-math=\"\\text{4 kg}\">$\\text{4 kg}$<\/span><\/td>\n<td><span class=\"math-inline\" data-math=\"\\text{80 kg}\">$\\text{80 kg}$<\/span><\/td>\n<td><span class=\"math-inline\" data-math=\"-\">$-$<\/span><\/td>\n<\/tr>\n<tr>\n<td><b>M\u00e1xima velocidad<\/b><\/td>\n<td><span class=\"math-inline\" data-math=\"-\">$-$<\/span><\/td>\n<td><span class=\"math-inline\" data-math=\"-\">$-$<\/span><\/td>\n<td><span class=\"math-inline\" data-math=\"\\text{2 m\/s}\">$\\text{2 m\/s}$<\/span><\/td>\n<\/tr>\n<tr>\n<td><b>Rango de trabajo<\/b><\/td>\n<td><span class=\"math-inline\" data-math=\"-\">$-$<\/span><\/td>\n<td><span class=\"math-inline\" data-math=\"-\">$-$<\/span><\/td>\n<td>Excelente adaptabilidad al terreno<\/td>\n<\/tr>\n<tr>\n<td><b>Altura m\u00e1xima de salto<\/b><\/td>\n<td><span class=\"math-inline\" data-math=\"-\">$-$<\/span><\/td>\n<td><span class=\"math-inline\" data-math=\"-\">$-$<\/span><\/td>\n<td><span class=\"math-inline\" data-math=\"\\text{8 cm}\">$\\text{8 cm}$<\/span> (sin carga)<\/td>\n<\/tr>\n<\/tbody>\n<\/table>\n<hr \/>\n<p>&nbsp;<\/p>\n<h4>\ud83d\udcbb Plataforma de desarrollo abierta<\/h4>\n<ul>\n<li><b><span class=\"citation-96\">SDK abierto y ecosistema:<\/span><\/b><span class=\"citation-96\"> DIABLO es una plataforma de c\u00f3digo abierto perfecta para I+D, que proporciona una amplia documentaci\u00f3n y un <\/span><b><span class=\"citation-96\">SDK abierto<\/span><\/b><span class=\"citation-96\"> que apoya <\/span><b><span class=\"citation-96\">Python, ROS 1\/2, C++,<\/span><\/b><span class=\"citation-96 citation-end-96\"> y la integraci\u00f3n de m\u00f3dulos de hardware como LiDAR, c\u00e1maras y GPS.<\/span><\/li>\n<li><b><span class=\"citation-95\">Control independiente:<\/span><\/b><span class=\"citation-95 citation-end-95\"> Utiliza una placa inform\u00e1tica principal (por ejemplo, Raspberry Pi 4) y sistemas de control auxiliares, lo que permite a los desarrolladores personalizar completamente la l\u00f3gica de control y los programas de navegaci\u00f3n aut\u00f3noma.<\/span><\/li>\n<\/ul>\n<p><span class=\"citation-94 citation-end-94\">El DIABLO es una herramienta vers\u00e1til y potente, lista para ser desplegada en entornos complejos o para servir como plataforma de vanguardia para la innovaci\u00f3n y la investigaci\u00f3n en rob\u00f3tica.<\/span><\/p>\n<div class=\"source-inline-chip-container ng-star-inserted\"><\/div>\n<p>&nbsp;<\/p>\n<p>&nbsp;<\/p>","protected":false},"excerpt":{"rendered":"<p><span class=\"citation-105\">El <\/span><b><span class=\"citation-105\">Transmisi\u00f3n directa DIABLO<\/span><\/b><span class=\"citation-105\"> Es una plataforma rob\u00f3tica b\u00edpeda con ruedas, autoequilibrada e innovadora que elimina las cajas de cambios tradicionales mediante el uso de <\/span><b><span class=\"citation-105\">seis juntas rob\u00f3ticas de accionamiento directo M1502D<\/span><\/b><span class=\"citation-105 citation-end-105\">.<\/span> <span class=\"citation-104 citation-end-104\">Este dise\u00f1o \u00fanico da como resultado un rendimiento y una agilidad inigualables, as\u00ed como un funcionamiento pr\u00e1cticamente silencioso, lo que lo hace ideal para la investigaci\u00f3n, la inspecci\u00f3n industrial, la log\u00edstica y el desarrollo creativo.<\/span><\/p>","protected":false},"featured_media":22765,"comment_status":"open","ping_status":"closed","template":"","meta":[],"product_brand":[1245],"product_cat":[1241,1242,1243,1037],"product_tag":[1249,1246,1248],"class_list":{"0":"post-22762","1":"product","2":"type-product","3":"status-publish","4":"has-post-thumbnail","6":"product_brand-direct-drive-tech","7":"product_cat-bipedal","8":"product_cat-direct-drive-tech","9":"product_cat-direct-drive-tech-robots","10":"product_cat-robotics","11":"product_tag-diablo","12":"product_tag-direct-drive-tech","13":"product_tag-wheeled-bipedal-robot","15":"first","16":"onbackorder","17":"taxable","18":"shipping-taxable","19":"product-type-simple"},"yoast_head":"<!-- This site is optimized with the Yoast SEO plugin v27.1.1 - https:\/\/yoast.com\/product\/yoast-seo-wordpress\/ -->\n<title>Direct Drive Tech Diablo - Ghostysky<\/title>\n<meta name=\"description\" content=\"The Direct Drive DIABLO is a groundbreaking, self-balancing, wheeled-bipedal robot platform that eliminates traditional gearboxes by utilizing six M1502D Direct-Drive Robot Joints. This unique design results in unparalleled performance, agility, and a nearly silent operation, making it ideal for research, industrial inspection, logistics, and creative development.\" \/>\n<meta name=\"robots\" content=\"index, follow, max-snippet:-1, max-image-preview:large, max-video-preview:-1\" \/>\n<link rel=\"canonical\" href=\"https:\/\/www.ghostysky.com\/es\/producto-2\/direct-drive-tech-diablo\/\" \/>\n<meta property=\"og:locale\" content=\"es_ES\" \/>\n<meta property=\"og:type\" content=\"article\" \/>\n<meta property=\"og:title\" content=\"Direct Drive Tech Diablo - Ghostysky\" \/>\n<meta property=\"og:description\" content=\"The Direct Drive DIABLO is a groundbreaking, self-balancing, wheeled-bipedal robot platform that eliminates traditional gearboxes by utilizing six M1502D Direct-Drive Robot Joints. This unique design results in unparalleled performance, agility, and a nearly silent operation, making it ideal for research, industrial inspection, logistics, and creative development.\" \/>\n<meta property=\"og:url\" content=\"https:\/\/www.ghostysky.com\/es\/producto-2\/direct-drive-tech-diablo\/\" \/>\n<meta property=\"og:site_name\" content=\"Ghostysky\" \/>\n<meta property=\"article:publisher\" content=\"https:\/\/www.facebook.com\/people\/Ghostysky\/100057676170234\/\" \/>\n<meta property=\"article:modified_time\" content=\"2025-11-02T09:30:09+00:00\" \/>\n<meta property=\"og:image\" content=\"https:\/\/www.ghostysky.com\/wp-content\/uploads\/2025\/11\/GH_DDT_Diablo_1.webp\" \/>\n\t<meta property=\"og:image:width\" content=\"800\" \/>\n\t<meta property=\"og:image:height\" content=\"800\" \/>\n\t<meta property=\"og:image:type\" content=\"image\/webp\" \/>\n<meta name=\"twitter:card\" content=\"summary_large_image\" \/>\n<meta name=\"twitter:site\" content=\"@Gh0stysky\" \/>\n<meta name=\"twitter:label1\" content=\"Tiempo de lectura\" \/>\n\t<meta name=\"twitter:data1\" content=\"2 minutos\" \/>\n<script type=\"application\/ld+json\" class=\"yoast-schema-graph\">{\"@context\":\"https:\/\/schema.org\",\"@graph\":[{\"@type\":\"WebPage\",\"@id\":\"https:\/\/www.ghostysky.com\/product\/direct-drive-tech-diablo\/\",\"url\":\"https:\/\/www.ghostysky.com\/product\/direct-drive-tech-diablo\/\",\"name\":\"Direct Drive Tech Diablo - Ghostysky\",\"isPartOf\":{\"@id\":\"https:\/\/www.ghostysky.com\/#website\"},\"primaryImageOfPage\":{\"@id\":\"https:\/\/www.ghostysky.com\/product\/direct-drive-tech-diablo\/#primaryimage\"},\"image\":{\"@id\":\"https:\/\/www.ghostysky.com\/product\/direct-drive-tech-diablo\/#primaryimage\"},\"thumbnailUrl\":\"https:\/\/www.ghostysky.com\/wp-content\/uploads\/2025\/11\/GH_DDT_Diablo_1.webp\",\"datePublished\":\"2025-11-02T09:29:43+00:00\",\"dateModified\":\"2025-11-02T09:30:09+00:00\",\"description\":\"The Direct Drive DIABLO is a groundbreaking, self-balancing, wheeled-bipedal robot platform that eliminates traditional gearboxes by utilizing six M1502D Direct-Drive Robot Joints. This unique design results in unparalleled performance, agility, and a nearly silent operation, making it ideal for research, industrial inspection, logistics, and creative development.\",\"breadcrumb\":{\"@id\":\"https:\/\/www.ghostysky.com\/product\/direct-drive-tech-diablo\/#breadcrumb\"},\"inLanguage\":\"es\",\"potentialAction\":[{\"@type\":\"ReadAction\",\"target\":[\"https:\/\/www.ghostysky.com\/product\/direct-drive-tech-diablo\/\"]}]},{\"@type\":\"ImageObject\",\"inLanguage\":\"es\",\"@id\":\"https:\/\/www.ghostysky.com\/product\/direct-drive-tech-diablo\/#primaryimage\",\"url\":\"https:\/\/www.ghostysky.com\/wp-content\/uploads\/2025\/11\/GH_DDT_Diablo_1.webp\",\"contentUrl\":\"https:\/\/www.ghostysky.com\/wp-content\/uploads\/2025\/11\/GH_DDT_Diablo_1.webp\",\"width\":800,\"height\":800},{\"@type\":\"BreadcrumbList\",\"@id\":\"https:\/\/www.ghostysky.com\/product\/direct-drive-tech-diablo\/#breadcrumb\",\"itemListElement\":[{\"@type\":\"ListItem\",\"position\":1,\"name\":\"Home\",\"item\":\"https:\/\/www.ghostysky.com\/\"},{\"@type\":\"ListItem\",\"position\":2,\"name\":\"Shop\",\"item\":\"https:\/\/www.ghostysky.com\/shop\/\"},{\"@type\":\"ListItem\",\"position\":3,\"name\":\"Direct Drive Tech Diablo\"}]},{\"@type\":\"WebSite\",\"@id\":\"https:\/\/www.ghostysky.com\/#website\",\"url\":\"https:\/\/www.ghostysky.com\/\",\"name\":\"Ghostysky\",\"description\":\"Delivering professional drones and services\",\"publisher\":{\"@id\":\"https:\/\/www.ghostysky.com\/#organization\"},\"potentialAction\":[{\"@type\":\"SearchAction\",\"target\":{\"@type\":\"EntryPoint\",\"urlTemplate\":\"https:\/\/www.ghostysky.com\/?s={search_term_string}\"},\"query-input\":{\"@type\":\"PropertyValueSpecification\",\"valueRequired\":true,\"valueName\":\"search_term_string\"}}],\"inLanguage\":\"es\"},{\"@type\":\"Organization\",\"@id\":\"https:\/\/www.ghostysky.com\/#organization\",\"name\":\"Ghostysky\",\"url\":\"https:\/\/www.ghostysky.com\/\",\"logo\":{\"@type\":\"ImageObject\",\"inLanguage\":\"es\",\"@id\":\"https:\/\/www.ghostysky.com\/#\/schema\/logo\/image\/\",\"url\":\"https:\/\/www.ghostysky.com\/wp-content\/uploads\/2020\/06\/cropped-ghostyskylogo_text_white2.png\",\"contentUrl\":\"https:\/\/www.ghostysky.com\/wp-content\/uploads\/2020\/06\/cropped-ghostyskylogo_text_white2.png\",\"width\":169,\"height\":56,\"caption\":\"Ghostysky\"},\"image\":{\"@id\":\"https:\/\/www.ghostysky.com\/#\/schema\/logo\/image\/\"},\"sameAs\":[\"https:\/\/www.facebook.com\/people\/Ghostysky\/100057676170234\/\",\"https:\/\/x.com\/Gh0stysky\",\"https:\/\/www.linkedin.com\/company\/34739653\",\"https:\/\/www.instagram.com\/gh0stysky\"]}]}<\/script>\n<!-- \/ Yoast SEO plugin. -->","yoast_head_json":{"title":"Direct Drive Tech Diablo - Ghostysky","description":"El DIABLO de accionamiento directo es una plataforma rob\u00f3tica b\u00edpeda con ruedas, autoequilibrada e innovadora que elimina las cajas de cambios tradicionales mediante el uso de seis juntas rob\u00f3ticas de accionamiento directo M1502D. Este dise\u00f1o \u00fanico se traduce en un rendimiento y una agilidad sin precedentes, adem\u00e1s de un funcionamiento pr\u00e1cticamente silencioso, lo que lo hace ideal para la investigaci\u00f3n, la inspecci\u00f3n industrial, la log\u00edstica y el desarrollo creativo.","robots":{"index":"index","follow":"follow","max-snippet":"max-snippet:-1","max-image-preview":"max-image-preview:large","max-video-preview":"max-video-preview:-1"},"canonical":"https:\/\/www.ghostysky.com\/es\/producto-2\/direct-drive-tech-diablo\/","og_locale":"es_ES","og_type":"article","og_title":"Direct Drive Tech Diablo - Ghostysky","og_description":"The Direct Drive DIABLO is a groundbreaking, self-balancing, wheeled-bipedal robot platform that eliminates traditional gearboxes by utilizing six M1502D Direct-Drive Robot Joints. This unique design results in unparalleled performance, agility, and a nearly silent operation, making it ideal for research, industrial inspection, logistics, and creative development.","og_url":"https:\/\/www.ghostysky.com\/es\/producto-2\/direct-drive-tech-diablo\/","og_site_name":"Ghostysky","article_publisher":"https:\/\/www.facebook.com\/people\/Ghostysky\/100057676170234\/","article_modified_time":"2025-11-02T09:30:09+00:00","og_image":[{"width":800,"height":800,"url":"https:\/\/www.ghostysky.com\/wp-content\/uploads\/2025\/11\/GH_DDT_Diablo_1.webp","type":"image\/webp"}],"twitter_card":"summary_large_image","twitter_site":"@Gh0stysky","twitter_misc":{"Tiempo de lectura":"2 minutos"},"schema":{"@context":"https:\/\/schema.org","@graph":[{"@type":"WebPage","@id":"https:\/\/www.ghostysky.com\/product\/direct-drive-tech-diablo\/","url":"https:\/\/www.ghostysky.com\/product\/direct-drive-tech-diablo\/","name":"Direct Drive Tech Diablo - Ghostysky","isPartOf":{"@id":"https:\/\/www.ghostysky.com\/#website"},"primaryImageOfPage":{"@id":"https:\/\/www.ghostysky.com\/product\/direct-drive-tech-diablo\/#primaryimage"},"image":{"@id":"https:\/\/www.ghostysky.com\/product\/direct-drive-tech-diablo\/#primaryimage"},"thumbnailUrl":"https:\/\/www.ghostysky.com\/wp-content\/uploads\/2025\/11\/GH_DDT_Diablo_1.webp","datePublished":"2025-11-02T09:29:43+00:00","dateModified":"2025-11-02T09:30:09+00:00","description":"El DIABLO de accionamiento directo es una plataforma rob\u00f3tica b\u00edpeda con ruedas, autoequilibrada e innovadora que elimina las cajas de cambios tradicionales mediante el uso de seis juntas rob\u00f3ticas de accionamiento directo M1502D. Este dise\u00f1o \u00fanico se traduce en un rendimiento y una agilidad sin precedentes, adem\u00e1s de un funcionamiento pr\u00e1cticamente silencioso, lo que lo hace ideal para la investigaci\u00f3n, la inspecci\u00f3n industrial, la log\u00edstica y el desarrollo creativo.","breadcrumb":{"@id":"https:\/\/www.ghostysky.com\/product\/direct-drive-tech-diablo\/#breadcrumb"},"inLanguage":"es","potentialAction":[{"@type":"ReadAction","target":["https:\/\/www.ghostysky.com\/product\/direct-drive-tech-diablo\/"]}]},{"@type":"ImageObject","inLanguage":"es","@id":"https:\/\/www.ghostysky.com\/product\/direct-drive-tech-diablo\/#primaryimage","url":"https:\/\/www.ghostysky.com\/wp-content\/uploads\/2025\/11\/GH_DDT_Diablo_1.webp","contentUrl":"https:\/\/www.ghostysky.com\/wp-content\/uploads\/2025\/11\/GH_DDT_Diablo_1.webp","width":800,"height":800},{"@type":"BreadcrumbList","@id":"https:\/\/www.ghostysky.com\/product\/direct-drive-tech-diablo\/#breadcrumb","itemListElement":[{"@type":"ListItem","position":1,"name":"Home","item":"https:\/\/www.ghostysky.com\/"},{"@type":"ListItem","position":2,"name":"Shop","item":"https:\/\/www.ghostysky.com\/shop\/"},{"@type":"ListItem","position":3,"name":"Direct Drive Tech Diablo"}]},{"@type":"WebSite","@id":"https:\/\/www.ghostysky.com\/#website","url":"https:\/\/www.ghostysky.com\/","name":"Ghostysky","description":"Entrega de drones y servicios profesionales","publisher":{"@id":"https:\/\/www.ghostysky.com\/#organization"},"potentialAction":[{"@type":"SearchAction","target":{"@type":"EntryPoint","urlTemplate":"https:\/\/www.ghostysky.com\/?s={search_term_string}"},"query-input":{"@type":"PropertyValueSpecification","valueRequired":true,"valueName":"search_term_string"}}],"inLanguage":"es"},{"@type":"Organization","@id":"https:\/\/www.ghostysky.com\/#organization","name":"Ghostysky","url":"https:\/\/www.ghostysky.com\/","logo":{"@type":"ImageObject","inLanguage":"es","@id":"https:\/\/www.ghostysky.com\/#\/schema\/logo\/image\/","url":"https:\/\/www.ghostysky.com\/wp-content\/uploads\/2020\/06\/cropped-ghostyskylogo_text_white2.png","contentUrl":"https:\/\/www.ghostysky.com\/wp-content\/uploads\/2020\/06\/cropped-ghostyskylogo_text_white2.png","width":169,"height":56,"caption":"Ghostysky"},"image":{"@id":"https:\/\/www.ghostysky.com\/#\/schema\/logo\/image\/"},"sameAs":["https:\/\/www.facebook.com\/people\/Ghostysky\/100057676170234\/","https:\/\/x.com\/Gh0stysky","https:\/\/www.linkedin.com\/company\/34739653","https:\/\/www.instagram.com\/gh0stysky"]}]}},"_links":{"self":[{"href":"https:\/\/www.ghostysky.com\/es\/wp-json\/wp\/v2\/product\/22762","targetHints":{"allow":["GET"]}}],"collection":[{"href":"https:\/\/www.ghostysky.com\/es\/wp-json\/wp\/v2\/product"}],"about":[{"href":"https:\/\/www.ghostysky.com\/es\/wp-json\/wp\/v2\/types\/product"}],"replies":[{"embeddable":true,"href":"https:\/\/www.ghostysky.com\/es\/wp-json\/wp\/v2\/comments?post=22762"}],"wp:featuredmedia":[{"embeddable":true,"href":"https:\/\/www.ghostysky.com\/es\/wp-json\/wp\/v2\/media\/22765"}],"wp:attachment":[{"href":"https:\/\/www.ghostysky.com\/es\/wp-json\/wp\/v2\/media?parent=22762"}],"wp:term":[{"taxonomy":"product_brand","embeddable":true,"href":"https:\/\/www.ghostysky.com\/es\/wp-json\/wp\/v2\/product_brand?post=22762"},{"taxonomy":"product_cat","embeddable":true,"href":"https:\/\/www.ghostysky.com\/es\/wp-json\/wp\/v2\/product_cat?post=22762"},{"taxonomy":"product_tag","embeddable":true,"href":"https:\/\/www.ghostysky.com\/es\/wp-json\/wp\/v2\/product_tag?post=22762"}],"curies":[{"name":"wp","href":"https:\/\/api.w.org\/{rel}","templated":true}]}}