{"id":22829,"date":"2025-11-05T16:41:54","date_gmt":"2025-11-05T16:41:54","guid":{"rendered":"https:\/\/www.ghostysky.com\/?post_type=product&#038;p=22829"},"modified":"2025-11-05T16:42:34","modified_gmt":"2025-11-05T16:42:34","slug":"robotera-l7","status":"publish","type":"product","link":"https:\/\/www.ghostysky.com\/es\/product\/robotera-l7\/","title":{"rendered":"Robotera L7"},"content":{"rendered":"<h4>\u26a1 <b>Rendimiento din\u00e1mico sin precedentes<\/b><\/h4>\n<p>Experimenta un robot dise\u00f1ado para una velocidad explosiva y movimientos complejos:<\/p>\n<ul>\n<li><b>Velocidad m\u00e1xima:<\/b><span class=\"citation-30\"> Capaz de funcionar hasta <\/span><b><span class=\"citation-30\">4 m\/s (14,4 km\/h)<\/span><\/b><span class=\"citation-30 citation-end-30\">, lo que lo convierte en uno de los humanoides de tama\u00f1o completo m\u00e1s r\u00e1pidos del mundo.<\/span><\/li>\n<li><b>Potencia m\u00e1xima:<\/b><span class=\"citation-29\"> Incorpora m\u00f3dulos de juntas de alto rendimiento que proporcionan un par m\u00e1ximo de <\/span><b><span class=\"citation-29\">400 N\u00b7m<\/span><\/b><span class=\"citation-29\"> y una velocidad articular m\u00e1xima de <\/span><b><span class=\"citation-29\">25 rad\/s<\/span><\/b><span class=\"citation-29 citation-end-29\">, lo que permite realizar ajustes posturales r\u00e1pidos y movimientos potentes.<\/span><\/li>\n<li><b>Agilidad avanzada:<\/b><span class=\"citation-28\"> Su sistema de control corporal completo permite maniobras de alta din\u00e1mica, incluyendo caminar, correr, saltar y realizar haza\u00f1as impresionantes como <\/span><b><span class=\"citation-28\">saltos rotacionales de 360\u00b0<\/span><\/b><span class=\"citation-28 citation-end-28\"> y breakdance.<\/span><\/li>\n<\/ul>\n<p>&nbsp;<\/p>\n<h4>\ud83d\udd90\ufe0f <b>Manipulaci\u00f3n de precisi\u00f3n y destreza<\/b><\/h4>\n<p><span class=\"citation-27 citation-end-27\">El L7 no solo es r\u00e1pido, sino que adem\u00e1s es incre\u00edblemente capaz de realizar tareas precisas y pr\u00e1cticas:<\/span><\/p>\n<ul>\n<li><b>Brazos bi\u00f3nicos de 7 grados de libertad:<\/b><span class=\"citation-26\"> Brazos de alta precisi\u00f3n de desarrollo propio que replican las habilidades de manipulaci\u00f3n humanas, ofreciendo una amplia gama de posibilidades. <\/span><b><span class=\"citation-26\">2,1 m\u00b2 de espacio de trabajo<\/span><\/b><span class=\"citation-26 citation-end-26\">.<\/span><\/li>\n<li><b>Manos diestras de 12 grados de libertad (XHAND1):<\/b><span class=\"citation-25 citation-end-25\"> Equipada con dedos totalmente activos de accionamiento directo, que permiten realizar tareas de alta precisi\u00f3n, desde sujetar componentes industriales y utilizar herramientas de torque hasta manipular materiales delicados como papel o textiles.<\/span><\/li>\n<li><b>Carga \u00fatil pesada:<\/b><span class=\"citation-24\"> Capaz de levantar y transportar una carga \u00fatil combinada de doble brazo de hasta <\/span><b><span class=\"citation-24\">20 kilos<\/span><\/b><span class=\"citation-24 citation-end-24\">.<\/span><\/li>\n<\/ul>\n<p>&nbsp;<\/p>\n<h4>\ud83e\udde0 <b>Operaci\u00f3n m\u00e1s inteligente y aut\u00f3noma<\/b><\/h4>\n<p>En el n\u00facleo del L7 se encuentra una sofisticada arquitectura de IA para la autonom\u00eda en tiempo real:<\/p>\n<ul>\n<li><b><span class=\"citation-23\">Inteligencia artificial integrada a bordo:<\/span><\/b><span class=\"citation-23\"> Con tecnolog\u00eda patentada de ROBOTERA <\/span><b><span class=\"citation-23\">Modelo ERA-42 Visi\u00f3n-Lenguaje-Acci\u00f3n (VLA)<\/span><\/b><span class=\"citation-23 citation-end-23\">, lo que le permite comprender y ejecutar tareas complejas de varios pasos sin depender de computaci\u00f3n externa.<\/span><\/li>\n<li><b><span class=\"citation-22\">Percepci\u00f3n espacial de 360\u00b0:<\/span><\/b><span class=\"citation-22\"> Un sistema robusto de fusi\u00f3n multisensor integra <\/span><b><span class=\"citation-22\">Visi\u00f3n panor\u00e1mica, detecci\u00f3n de profundidad y LiDAR 3D<\/span><\/b><span class=\"citation-22 citation-end-22\"> para una conciencia espacial integral y en tiempo real, y para la evitaci\u00f3n de obst\u00e1culos en entornos complejos.<\/span><\/li>\n<\/ul>\n<p>&nbsp;<\/p>\n<h4>\ud83c\udfed <b>Vers\u00e1til y personalizable para la industria<\/b><\/h4>\n<p><span class=\"citation-21 citation-end-21\">El L7 est\u00e1 dise\u00f1ado para la viabilidad comercial y la flexibilidad en el mundo real:<\/span><\/p>\n<ul>\n<li><b><span class=\"citation-20\">Diversas aplicaciones:<\/span><\/b><span class=\"citation-20\"> Ideal para tareas en <\/span><b><span class=\"citation-20\">log\u00edstica, almacenamiento, fabricaci\u00f3n e I+D<\/span><\/b><span class=\"citation-20 citation-end-20\">, incluyendo clasificaci\u00f3n inteligente, ensamblaje, teleoperaci\u00f3n remota y recopilaci\u00f3n de datos.<\/span><\/li>\n<li><b><span class=\"citation-19\">Dise\u00f1o modular:<\/span><\/b><span class=\"citation-19\"> Admite un intercambiable <\/span><b><span class=\"citation-19\">cuerpo completo<\/span><\/b><span class=\"citation-19\"> o <\/span><b><span class=\"citation-19\">Solo parte superior del cuerpo (variante M7)<\/span><\/b><span class=\"citation-19 citation-end-19\"> Configuraci\u00f3n para adaptarse a diferentes necesidades comerciales, como minimizar el espacio en las l\u00edneas de montaje de las f\u00e1bricas o realizar tareas de servicio m\u00f3vil.<\/span><\/li>\n<\/ul>\n<p><span class=\"citation-18\">El <\/span><b><span class=\"citation-18\">ROBOTERA L7<\/span><\/b><span class=\"citation-18 citation-end-18\"> representa la convergencia del atletismo de alto dinamismo y la manipulaci\u00f3n fina e inteligente, preparada para convertirse en un socio \u00e1gil y perspicaz en la pr\u00f3xima generaci\u00f3n de colaboraci\u00f3n humano-robot.<\/span><\/p>","protected":false},"excerpt":{"rendered":"<p><span class=\"citation-32\">El <\/span><b><span class=\"citation-32\">ROBOTERA L7<\/span><\/b><span class=\"citation-32 citation-end-32\"> es el robot humanoide insignia de alto rendimiento de ROBOTERA, que combina a la perfecci\u00f3n una agilidad atl\u00e9tica sin precedentes con una destreza manipulativa avanzada.<\/span> <span class=\"citation-31\">De pie en <\/span><b><span class=\"citation-31\">171 cm<\/span><\/b><span class=\"citation-31\"> y jact\u00e1ndose <\/span><b><span class=\"citation-31\">55 grados de libertad (GDL)<\/span><\/b><span class=\"citation-31 citation-end-31\">El L7 est\u00e1 dise\u00f1ado para redefinir el potencial de la rob\u00f3tica humanoide en aplicaciones industriales, log\u00edsticas y de investigaci\u00f3n.<\/span><\/p>","protected":false},"featured_media":22833,"comment_status":"open","ping_status":"closed","template":"","meta":[],"product_brand":[1259],"product_cat":[1038,1256,1257,1037],"product_tag":[1261,1260,1262],"class_list":{"0":"post-22829","1":"product","2":"type-product","3":"status-publish","4":"has-post-thumbnail","6":"product_brand-robotera","7":"product_cat-humanoid","8":"product_cat-robotera","9":"product_cat-robotera-robots","10":"product_cat-robotics","11":"product_tag-l7","12":"product_tag-robotera","13":"product_tag-robotera-humanoid","15":"first","16":"onbackorder","17":"taxable","18":"shipping-taxable","19":"product-type-simple"},"yoast_head":"<!-- This site is optimized with the Yoast SEO plugin v27.1.1 - https:\/\/yoast.com\/product\/yoast-seo-wordpress\/ -->\n<title>Robotera L7 - Ghostysky<\/title>\n<meta name=\"description\" content=\"The ROBOTERA L7 is the flagship high-performance humanoid robot from ROBOTERA, seamlessly blending unprecedented athletic agility with advanced manipulative dexterity. Standing at 171 cm and boasting 55 Degrees of Freedom (DoF), the L7 is engineered to redefine the potential of humanoid robotics across industrial, logistics, and research applications.\" \/>\n<meta name=\"robots\" content=\"index, follow, max-snippet:-1, max-image-preview:large, max-video-preview:-1\" \/>\n<link rel=\"canonical\" href=\"https:\/\/www.ghostysky.com\/es\/producto-2\/robotera-l7\/\" \/>\n<meta property=\"og:locale\" content=\"es_ES\" \/>\n<meta property=\"og:type\" content=\"article\" \/>\n<meta property=\"og:title\" content=\"Robotera L7 - Ghostysky\" \/>\n<meta property=\"og:description\" content=\"The ROBOTERA L7 is the flagship high-performance humanoid robot from ROBOTERA, seamlessly blending unprecedented athletic agility with advanced manipulative dexterity. Standing at 171 cm and boasting 55 Degrees of Freedom (DoF), the L7 is engineered to redefine the potential of humanoid robotics across industrial, logistics, and research applications.\" \/>\n<meta property=\"og:url\" content=\"https:\/\/www.ghostysky.com\/es\/producto-2\/robotera-l7\/\" \/>\n<meta property=\"og:site_name\" content=\"Ghostysky\" \/>\n<meta property=\"article:publisher\" content=\"https:\/\/www.facebook.com\/people\/Ghostysky\/100057676170234\/\" \/>\n<meta property=\"article:modified_time\" content=\"2025-11-05T16:42:34+00:00\" \/>\n<meta property=\"og:image\" content=\"https:\/\/www.ghostysky.com\/wp-content\/uploads\/2025\/11\/GH_Robotera_l7_1.jpg\" \/>\n\t<meta property=\"og:image:width\" content=\"1118\" \/>\n\t<meta property=\"og:image:height\" content=\"1151\" \/>\n\t<meta property=\"og:image:type\" content=\"image\/jpeg\" \/>\n<meta name=\"twitter:card\" content=\"summary_large_image\" \/>\n<meta name=\"twitter:site\" content=\"@Gh0stysky\" \/>\n<meta name=\"twitter:label1\" content=\"Tiempo de lectura\" \/>\n\t<meta name=\"twitter:data1\" content=\"2 minutos\" \/>\n<script type=\"application\/ld+json\" class=\"yoast-schema-graph\">{\"@context\":\"https:\/\/schema.org\",\"@graph\":[{\"@type\":\"WebPage\",\"@id\":\"https:\/\/www.ghostysky.com\/product\/robotera-l7\/\",\"url\":\"https:\/\/www.ghostysky.com\/product\/robotera-l7\/\",\"name\":\"Robotera L7 - Ghostysky\",\"isPartOf\":{\"@id\":\"https:\/\/www.ghostysky.com\/#website\"},\"primaryImageOfPage\":{\"@id\":\"https:\/\/www.ghostysky.com\/product\/robotera-l7\/#primaryimage\"},\"image\":{\"@id\":\"https:\/\/www.ghostysky.com\/product\/robotera-l7\/#primaryimage\"},\"thumbnailUrl\":\"https:\/\/www.ghostysky.com\/wp-content\/uploads\/2025\/11\/GH_Robotera_l7_1.jpg\",\"datePublished\":\"2025-11-05T16:41:54+00:00\",\"dateModified\":\"2025-11-05T16:42:34+00:00\",\"description\":\"The ROBOTERA L7 is the flagship high-performance humanoid robot from ROBOTERA, seamlessly blending unprecedented athletic agility with advanced manipulative dexterity. Standing at 171 cm and boasting 55 Degrees of Freedom (DoF), the L7 is engineered to redefine the potential of humanoid robotics across industrial, logistics, and research applications.\",\"breadcrumb\":{\"@id\":\"https:\/\/www.ghostysky.com\/product\/robotera-l7\/#breadcrumb\"},\"inLanguage\":\"es\",\"potentialAction\":[{\"@type\":\"ReadAction\",\"target\":[\"https:\/\/www.ghostysky.com\/product\/robotera-l7\/\"]}]},{\"@type\":\"ImageObject\",\"inLanguage\":\"es\",\"@id\":\"https:\/\/www.ghostysky.com\/product\/robotera-l7\/#primaryimage\",\"url\":\"https:\/\/www.ghostysky.com\/wp-content\/uploads\/2025\/11\/GH_Robotera_l7_1.jpg\",\"contentUrl\":\"https:\/\/www.ghostysky.com\/wp-content\/uploads\/2025\/11\/GH_Robotera_l7_1.jpg\",\"width\":1118,\"height\":1151},{\"@type\":\"BreadcrumbList\",\"@id\":\"https:\/\/www.ghostysky.com\/product\/robotera-l7\/#breadcrumb\",\"itemListElement\":[{\"@type\":\"ListItem\",\"position\":1,\"name\":\"Home\",\"item\":\"https:\/\/www.ghostysky.com\/\"},{\"@type\":\"ListItem\",\"position\":2,\"name\":\"Shop\",\"item\":\"https:\/\/www.ghostysky.com\/shop\/\"},{\"@type\":\"ListItem\",\"position\":3,\"name\":\"Robotera L7\"}]},{\"@type\":\"WebSite\",\"@id\":\"https:\/\/www.ghostysky.com\/#website\",\"url\":\"https:\/\/www.ghostysky.com\/\",\"name\":\"Ghostysky\",\"description\":\"Delivering professional drones and services\",\"publisher\":{\"@id\":\"https:\/\/www.ghostysky.com\/#organization\"},\"potentialAction\":[{\"@type\":\"SearchAction\",\"target\":{\"@type\":\"EntryPoint\",\"urlTemplate\":\"https:\/\/www.ghostysky.com\/?s={search_term_string}\"},\"query-input\":{\"@type\":\"PropertyValueSpecification\",\"valueRequired\":true,\"valueName\":\"search_term_string\"}}],\"inLanguage\":\"es\"},{\"@type\":\"Organization\",\"@id\":\"https:\/\/www.ghostysky.com\/#organization\",\"name\":\"Ghostysky\",\"url\":\"https:\/\/www.ghostysky.com\/\",\"logo\":{\"@type\":\"ImageObject\",\"inLanguage\":\"es\",\"@id\":\"https:\/\/www.ghostysky.com\/#\/schema\/logo\/image\/\",\"url\":\"https:\/\/www.ghostysky.com\/wp-content\/uploads\/2020\/06\/cropped-ghostyskylogo_text_white2.png\",\"contentUrl\":\"https:\/\/www.ghostysky.com\/wp-content\/uploads\/2020\/06\/cropped-ghostyskylogo_text_white2.png\",\"width\":169,\"height\":56,\"caption\":\"Ghostysky\"},\"image\":{\"@id\":\"https:\/\/www.ghostysky.com\/#\/schema\/logo\/image\/\"},\"sameAs\":[\"https:\/\/www.facebook.com\/people\/Ghostysky\/100057676170234\/\",\"https:\/\/x.com\/Gh0stysky\",\"https:\/\/www.linkedin.com\/company\/34739653\",\"https:\/\/www.instagram.com\/gh0stysky\"]}]}<\/script>\n<!-- \/ Yoast SEO plugin. -->","yoast_head_json":{"title":"Robotera L7 - Ghostysky","description":"El ROBOTERA L7 es el robot humanoide insignia de alto rendimiento de ROBOTERA, que combina a la perfecci\u00f3n una agilidad atl\u00e9tica sin precedentes con una destreza manipulativa avanzada. Con una altura de 171 cm y 55 grados de libertad (GDL), el L7 est\u00e1 dise\u00f1ado para redefinir el potencial de la rob\u00f3tica humanoide en aplicaciones industriales, log\u00edsticas y de investigaci\u00f3n.","robots":{"index":"index","follow":"follow","max-snippet":"max-snippet:-1","max-image-preview":"max-image-preview:large","max-video-preview":"max-video-preview:-1"},"canonical":"https:\/\/www.ghostysky.com\/es\/producto-2\/robotera-l7\/","og_locale":"es_ES","og_type":"article","og_title":"Robotera L7 - Ghostysky","og_description":"The ROBOTERA L7 is the flagship high-performance humanoid robot from ROBOTERA, seamlessly blending unprecedented athletic agility with advanced manipulative dexterity. Standing at 171 cm and boasting 55 Degrees of Freedom (DoF), the L7 is engineered to redefine the potential of humanoid robotics across industrial, logistics, and research applications.","og_url":"https:\/\/www.ghostysky.com\/es\/producto-2\/robotera-l7\/","og_site_name":"Ghostysky","article_publisher":"https:\/\/www.facebook.com\/people\/Ghostysky\/100057676170234\/","article_modified_time":"2025-11-05T16:42:34+00:00","og_image":[{"width":1118,"height":1151,"url":"https:\/\/www.ghostysky.com\/wp-content\/uploads\/2025\/11\/GH_Robotera_l7_1.jpg","type":"image\/jpeg"}],"twitter_card":"summary_large_image","twitter_site":"@Gh0stysky","twitter_misc":{"Tiempo de lectura":"2 minutos"},"schema":{"@context":"https:\/\/schema.org","@graph":[{"@type":"WebPage","@id":"https:\/\/www.ghostysky.com\/product\/robotera-l7\/","url":"https:\/\/www.ghostysky.com\/product\/robotera-l7\/","name":"Robotera L7 - Ghostysky","isPartOf":{"@id":"https:\/\/www.ghostysky.com\/#website"},"primaryImageOfPage":{"@id":"https:\/\/www.ghostysky.com\/product\/robotera-l7\/#primaryimage"},"image":{"@id":"https:\/\/www.ghostysky.com\/product\/robotera-l7\/#primaryimage"},"thumbnailUrl":"https:\/\/www.ghostysky.com\/wp-content\/uploads\/2025\/11\/GH_Robotera_l7_1.jpg","datePublished":"2025-11-05T16:41:54+00:00","dateModified":"2025-11-05T16:42:34+00:00","description":"El ROBOTERA L7 es el robot humanoide insignia de alto rendimiento de ROBOTERA, que combina a la perfecci\u00f3n una agilidad atl\u00e9tica sin precedentes con una destreza manipulativa avanzada. Con una altura de 171 cm y 55 grados de libertad (GDL), el L7 est\u00e1 dise\u00f1ado para redefinir el potencial de la rob\u00f3tica humanoide en aplicaciones industriales, log\u00edsticas y de investigaci\u00f3n.","breadcrumb":{"@id":"https:\/\/www.ghostysky.com\/product\/robotera-l7\/#breadcrumb"},"inLanguage":"es","potentialAction":[{"@type":"ReadAction","target":["https:\/\/www.ghostysky.com\/product\/robotera-l7\/"]}]},{"@type":"ImageObject","inLanguage":"es","@id":"https:\/\/www.ghostysky.com\/product\/robotera-l7\/#primaryimage","url":"https:\/\/www.ghostysky.com\/wp-content\/uploads\/2025\/11\/GH_Robotera_l7_1.jpg","contentUrl":"https:\/\/www.ghostysky.com\/wp-content\/uploads\/2025\/11\/GH_Robotera_l7_1.jpg","width":1118,"height":1151},{"@type":"BreadcrumbList","@id":"https:\/\/www.ghostysky.com\/product\/robotera-l7\/#breadcrumb","itemListElement":[{"@type":"ListItem","position":1,"name":"Home","item":"https:\/\/www.ghostysky.com\/"},{"@type":"ListItem","position":2,"name":"Shop","item":"https:\/\/www.ghostysky.com\/shop\/"},{"@type":"ListItem","position":3,"name":"Robotera L7"}]},{"@type":"WebSite","@id":"https:\/\/www.ghostysky.com\/#website","url":"https:\/\/www.ghostysky.com\/","name":"Ghostysky","description":"Entrega de drones y servicios profesionales","publisher":{"@id":"https:\/\/www.ghostysky.com\/#organization"},"potentialAction":[{"@type":"SearchAction","target":{"@type":"EntryPoint","urlTemplate":"https:\/\/www.ghostysky.com\/?s={search_term_string}"},"query-input":{"@type":"PropertyValueSpecification","valueRequired":true,"valueName":"search_term_string"}}],"inLanguage":"es"},{"@type":"Organization","@id":"https:\/\/www.ghostysky.com\/#organization","name":"Ghostysky","url":"https:\/\/www.ghostysky.com\/","logo":{"@type":"ImageObject","inLanguage":"es","@id":"https:\/\/www.ghostysky.com\/#\/schema\/logo\/image\/","url":"https:\/\/www.ghostysky.com\/wp-content\/uploads\/2020\/06\/cropped-ghostyskylogo_text_white2.png","contentUrl":"https:\/\/www.ghostysky.com\/wp-content\/uploads\/2020\/06\/cropped-ghostyskylogo_text_white2.png","width":169,"height":56,"caption":"Ghostysky"},"image":{"@id":"https:\/\/www.ghostysky.com\/#\/schema\/logo\/image\/"},"sameAs":["https:\/\/www.facebook.com\/people\/Ghostysky\/100057676170234\/","https:\/\/x.com\/Gh0stysky","https:\/\/www.linkedin.com\/company\/34739653","https:\/\/www.instagram.com\/gh0stysky"]}]}},"_links":{"self":[{"href":"https:\/\/www.ghostysky.com\/es\/wp-json\/wp\/v2\/product\/22829","targetHints":{"allow":["GET"]}}],"collection":[{"href":"https:\/\/www.ghostysky.com\/es\/wp-json\/wp\/v2\/product"}],"about":[{"href":"https:\/\/www.ghostysky.com\/es\/wp-json\/wp\/v2\/types\/product"}],"replies":[{"embeddable":true,"href":"https:\/\/www.ghostysky.com\/es\/wp-json\/wp\/v2\/comments?post=22829"}],"wp:featuredmedia":[{"embeddable":true,"href":"https:\/\/www.ghostysky.com\/es\/wp-json\/wp\/v2\/media\/22833"}],"wp:attachment":[{"href":"https:\/\/www.ghostysky.com\/es\/wp-json\/wp\/v2\/media?parent=22829"}],"wp:term":[{"taxonomy":"product_brand","embeddable":true,"href":"https:\/\/www.ghostysky.com\/es\/wp-json\/wp\/v2\/product_brand?post=22829"},{"taxonomy":"product_cat","embeddable":true,"href":"https:\/\/www.ghostysky.com\/es\/wp-json\/wp\/v2\/product_cat?post=22829"},{"taxonomy":"product_tag","embeddable":true,"href":"https:\/\/www.ghostysky.com\/es\/wp-json\/wp\/v2\/product_tag?post=22829"}],"curies":[{"name":"wp","href":"https:\/\/api.w.org\/{rel}","templated":true}]}}