{"id":22834,"date":"2025-11-05T16:48:33","date_gmt":"2025-11-05T16:48:33","guid":{"rendered":"https:\/\/www.ghostysky.com\/?post_type=product&#038;p=22834"},"modified":"2025-11-05T16:49:09","modified_gmt":"2025-11-05T16:49:09","slug":"robotera-q5","status":"publish","type":"product","link":"https:\/\/www.ghostysky.com\/es\/product\/robotera-q5\/","title":{"rendered":"Robotera Q5"},"content":{"rendered":"<h4><b>\u2728 Caracter\u00edsticas clave que redefinen el servicio<\/b><\/h4>\n<ul>\n<li><b><span class=\"citation-59\">Interacci\u00f3n ultrahumana:<\/span><\/b><span class=\"citation-59 citation-end-59\"> El Q5 est\u00e1 equipado con un sistema de voz impulsado por IA y tecnolog\u00eda de modelo de lenguaje amplio, lo que lo convierte en un \u201cexperto en inteligencia emocional\u201d.<\/span> <span class=\"citation-58\">Puede interpretar comandos en <\/span><b><span class=\"citation-58\">m\u00e1s de 37 idiomas<\/span><\/b><span class=\"citation-58 citation-end-58\"> y entablar un di\u00e1logo natural y contextualizado con empat\u00eda y facilidad.<\/span><\/li>\n<li><b><span class=\"citation-57\">Destreza y movilidad excepcionales:<\/span><\/b><span class=\"citation-57\"> Con <\/span><b><span class=\"citation-57\">44 grados de libertad (GDL)<\/span><\/b><span class=\"citation-57 citation-end-57\">, el Q5 se mueve con una gracia extraordinaria.<\/span> <span class=\"citation-56\">Su bi\u00f3nico <\/span><b><span class=\"citation-56\">brazos rob\u00f3ticos de alta precisi\u00f3n de 7 ejes<\/span><\/b><span class=\"citation-56\"> y <\/span><b><span class=\"citation-56\">Manos XHAND Lite de 11 grados de libertad<\/span><\/b><span class=\"citation-56 citation-end-56\"> Ofrecen una destreza a nivel humano.<\/span> <span class=\"citation-55 citation-end-55\">Puede realizar tareas complejas como servir platos, manipular objetos delicados e incluso alcanzar objetos altos o bajos con confianza.<\/span>\n<ul>\n<li><b>M\u00e1ximo de carga \u00fatil:<\/b><span class=\"citation-54 citation-end-54\"> 10 kg por brazo;<\/span><\/li>\n<li><b>Respuesta r\u00e1pida:<\/b><span class=\"citation-53 citation-end-53\"> Hasta 10 clics por segundo;<\/span><\/li>\n<\/ul>\n<\/li>\n<li><b><span class=\"citation-52\">Navegaci\u00f3n \u00e1gil en espacios reducidos:<\/span><\/b><span class=\"citation-52\"> Su base ultracompacta (582 mm x 519 mm) y <\/span><b><span class=\"citation-52\">Sistema de navegaci\u00f3n LiDAR y fusi\u00f3n de visi\u00f3n<\/span><\/b><span class=\"citation-52 citation-end-52\"> permitirle planificar rutas de forma aut\u00f3noma, evitar obst\u00e1culos y maniobrar eficientemente a trav\u00e9s de espacios concurridos o reducidos como un \u201cexperto en transporte espacial\u201d.<\/span><\/li>\n<li><b>Inteligencia Artificial Incorporada y Aprendizaje Continuo:<\/b><span class=\"citation-51\"> Incorpora la tecnolog\u00eda patentada de ROBOTERA. <\/span><b><span class=\"citation-51\">Modelo de IA incorporada ERA-42<\/span><\/b><span class=\"citation-51 citation-end-51\">, el Q5 se vuelve m\u00e1s inteligente con el tiempo.<\/span>\u00a0<span class=\"citation-50\">Es compatible <\/span><b><span class=\"citation-50\">teleoperaci\u00f3n de cuerpo completo<\/span><\/b><span class=\"citation-50 citation-end-50\"> Mediante realidad virtual y guantes de datos, se permite un control remoto preciso y la generaci\u00f3n de datos de movimiento para un aprendizaje e iteraci\u00f3n de modelos m\u00e1s r\u00e1pidos y eficientes.<\/span><\/li>\n<li><b>Versatilidad multirol:<\/b><span class=\"citation-49 citation-end-49\"> El Q5 est\u00e1 listo para ser un trabajador de primera categor\u00eda en diversas industrias de servicios.<sup class=\"superscript\" data-turn-source-index=\"13\">13<\/sup><\/span> Puede cambiar r\u00e1pidamente de rol para servir como:\n<ul>\n<li><b>Asistente de compras<\/b><\/li>\n<li><b>Recepcionista de hotel<\/b><\/li>\n<li><b>Gu\u00eda tur\u00edstico<\/b><\/li>\n<li><b>Mesero<\/b><\/li>\n<li><b>Ayudante de hospital o de cuidado de ancianos<\/b><\/li>\n<\/ul>\n<\/li>\n<\/ul>\n<p>&nbsp;<\/p>\n<h4><b>\ud83d\udccb Especificaciones de un vistazo<\/b><\/h4>\n<table>\n<thead>\n<tr>\n<td><strong>Caracter\u00edstica<\/strong><\/td>\n<td><strong>Detalle<\/strong><\/td>\n<\/tr>\n<\/thead>\n<tbody>\n<tr>\n<td><b>Altura<\/b><\/td>\n<td>1650 mm<\/td>\n<\/tr>\n<tr>\n<td><b>Peso<\/b><\/td>\n<td>70 kilos<\/td>\n<\/tr>\n<tr>\n<td><b>Grados de libertad (GdL)<\/b><\/td>\n<td>44<\/td>\n<\/tr>\n<tr>\n<td><b>Brazos<\/b><\/td>\n<td>Brazos rob\u00f3ticos antropom\u00f3rficos de 7 grados de libertad<\/td>\n<\/tr>\n<tr>\n<td><b>Manos<\/b><\/td>\n<td>XHAND Lite de 11 grados de libertad<\/td>\n<\/tr>\n<tr>\n<td><b>Carga \u00fatil m\u00e1xima de doble brazo<\/b><\/td>\n<td>10 kg<\/td>\n<\/tr>\n<tr>\n<td><b>Navegaci\u00f3n<\/b><\/td>\n<td>Fusi\u00f3n de LiDAR y c\u00e1mara est\u00e9reo<\/td>\n<\/tr>\n<tr>\n<td><b>Modelo de IA<\/b><\/td>\n<td>ERA-42 (Inteligencia Artificial Incorporada Propietaria)<\/td>\n<\/tr>\n<\/tbody>\n<\/table>\n<p><b>Experimente hoy mismo el futuro del servicio.<\/b> <span class=\"citation-48 citation-end-48\">El Robotera Q5 es m\u00e1s que un robot: es un socio adaptable e inteligente, listo para mejorar la experiencia del cliente y la eficiencia operativa de su organizaci\u00f3n.<\/span><\/p>","protected":false},"excerpt":{"rendered":"<p><span class=\"citation-61\">Presentando el <\/span><b><span class=\"citation-61\">Robotera Q5<\/span><\/b><span class=\"citation-61 citation-end-61\">, el robot de servicio ultrahumanoide dise\u00f1ado para integrarse perfectamente en entornos comerciales y de investigaci\u00f3n.<\/span> <span class=\"citation-60\">Conocido como el \u201cProfesional de Cintura Diminuta\u201d por su elegante silueta de aspecto humano, el Q5 es una obra maestra de la IA integrada, que transforma la experiencia de una herramienta r\u00edgida a una <\/span><b><span class=\"citation-60\">compa\u00f1ero cari\u00f1oso e inteligente<\/span><\/b><span class=\"citation-60 citation-end-60\">.<\/span><\/p>","protected":false},"featured_media":22837,"comment_status":"open","ping_status":"closed","template":"","meta":[],"product_brand":[1259],"product_cat":[1038,1256,1257,1037],"product_tag":[1264,1260,1263],"class_list":{"0":"post-22834","1":"product","2":"type-product","3":"status-publish","4":"has-post-thumbnail","6":"product_brand-robotera","7":"product_cat-humanoid","8":"product_cat-robotera","9":"product_cat-robotera-robots","10":"product_cat-robotics","11":"product_tag-q5","12":"product_tag-robotera","13":"product_tag-robotera-q5","15":"first","16":"onbackorder","17":"taxable","18":"shipping-taxable","19":"product-type-simple"},"yoast_head":"<!-- This site is optimized with the Yoast SEO plugin v27.4 - https:\/\/yoast.com\/product\/yoast-seo-wordpress\/ -->\n<title>Robotera Q5 - Ghostysky<\/title>\n<meta name=\"description\" content=\"Introducing the Robotera Q5, the ultra-humanoid service robot designed to seamlessly integrate into commercial and research environments. Nicknamed the &quot;Tiny-Waisted Pro&quot; for its sleek, human-like silhouette, the Q5 is a masterpiece of embodied AI, transforming the experience from a rigid tool to a caring, intelligent companion.\" \/>\n<meta name=\"robots\" content=\"index, follow, max-snippet:-1, max-image-preview:large, max-video-preview:-1\" \/>\n<link rel=\"canonical\" href=\"https:\/\/www.ghostysky.com\/es\/producto-2\/robotera-q5\/\" \/>\n<meta property=\"og:locale\" content=\"es_ES\" \/>\n<meta property=\"og:type\" content=\"article\" \/>\n<meta property=\"og:title\" content=\"Robotera Q5 - Ghostysky\" \/>\n<meta property=\"og:description\" content=\"Introducing the Robotera Q5, the ultra-humanoid service robot designed to seamlessly integrate into commercial and research environments. Nicknamed the &quot;Tiny-Waisted Pro&quot; for its sleek, human-like silhouette, the Q5 is a masterpiece of embodied AI, transforming the experience from a rigid tool to a caring, intelligent companion.\" \/>\n<meta property=\"og:url\" content=\"https:\/\/www.ghostysky.com\/es\/producto-2\/robotera-q5\/\" \/>\n<meta property=\"og:site_name\" content=\"Ghostysky\" \/>\n<meta property=\"article:publisher\" content=\"https:\/\/www.facebook.com\/people\/Ghostysky\/100057676170234\/\" \/>\n<meta property=\"article:modified_time\" content=\"2025-11-05T16:49:09+00:00\" \/>\n<meta property=\"og:image\" content=\"https:\/\/www.ghostysky.com\/wp-content\/uploads\/2025\/11\/GH_Robotera_Q5_1.jpeg\" \/>\n\t<meta property=\"og:image:width\" content=\"231\" \/>\n\t<meta property=\"og:image:height\" content=\"218\" \/>\n\t<meta property=\"og:image:type\" content=\"image\/jpeg\" \/>\n<meta name=\"twitter:card\" content=\"summary_large_image\" \/>\n<meta name=\"twitter:site\" content=\"@Gh0stysky\" \/>\n<meta name=\"twitter:label1\" content=\"Tiempo de lectura\" \/>\n\t<meta name=\"twitter:data1\" content=\"2 minutos\" \/>\n<script type=\"application\/ld+json\" class=\"yoast-schema-graph\">{\"@context\":\"https:\\\/\\\/schema.org\",\"@graph\":[{\"@type\":\"WebPage\",\"@id\":\"https:\\\/\\\/www.ghostysky.com\\\/product\\\/robotera-q5\\\/\",\"url\":\"https:\\\/\\\/www.ghostysky.com\\\/product\\\/robotera-q5\\\/\",\"name\":\"Robotera Q5 - Ghostysky\",\"isPartOf\":{\"@id\":\"https:\\\/\\\/www.ghostysky.com\\\/#website\"},\"primaryImageOfPage\":{\"@id\":\"https:\\\/\\\/www.ghostysky.com\\\/product\\\/robotera-q5\\\/#primaryimage\"},\"image\":{\"@id\":\"https:\\\/\\\/www.ghostysky.com\\\/product\\\/robotera-q5\\\/#primaryimage\"},\"thumbnailUrl\":\"https:\\\/\\\/www.ghostysky.com\\\/wp-content\\\/uploads\\\/2025\\\/11\\\/GH_Robotera_Q5_1.jpeg\",\"datePublished\":\"2025-11-05T16:48:33+00:00\",\"dateModified\":\"2025-11-05T16:49:09+00:00\",\"description\":\"Introducing the Robotera Q5, the ultra-humanoid service robot designed to seamlessly integrate into commercial and research environments. Nicknamed the \\\"Tiny-Waisted Pro\\\" for its sleek, human-like silhouette, the Q5 is a masterpiece of embodied AI, transforming the experience from a rigid tool to a caring, intelligent companion.\",\"breadcrumb\":{\"@id\":\"https:\\\/\\\/www.ghostysky.com\\\/product\\\/robotera-q5\\\/#breadcrumb\"},\"inLanguage\":\"es\",\"potentialAction\":[{\"@type\":\"ReadAction\",\"target\":[\"https:\\\/\\\/www.ghostysky.com\\\/product\\\/robotera-q5\\\/\"]}]},{\"@type\":\"ImageObject\",\"inLanguage\":\"es\",\"@id\":\"https:\\\/\\\/www.ghostysky.com\\\/product\\\/robotera-q5\\\/#primaryimage\",\"url\":\"https:\\\/\\\/www.ghostysky.com\\\/wp-content\\\/uploads\\\/2025\\\/11\\\/GH_Robotera_Q5_1.jpeg\",\"contentUrl\":\"https:\\\/\\\/www.ghostysky.com\\\/wp-content\\\/uploads\\\/2025\\\/11\\\/GH_Robotera_Q5_1.jpeg\",\"width\":231,\"height\":218},{\"@type\":\"BreadcrumbList\",\"@id\":\"https:\\\/\\\/www.ghostysky.com\\\/product\\\/robotera-q5\\\/#breadcrumb\",\"itemListElement\":[{\"@type\":\"ListItem\",\"position\":1,\"name\":\"Home\",\"item\":\"https:\\\/\\\/www.ghostysky.com\\\/\"},{\"@type\":\"ListItem\",\"position\":2,\"name\":\"Shop\",\"item\":\"https:\\\/\\\/www.ghostysky.com\\\/shop\\\/\"},{\"@type\":\"ListItem\",\"position\":3,\"name\":\"Robotera Q5\"}]},{\"@type\":\"WebSite\",\"@id\":\"https:\\\/\\\/www.ghostysky.com\\\/#website\",\"url\":\"https:\\\/\\\/www.ghostysky.com\\\/\",\"name\":\"Ghostysky\",\"description\":\"Delivering professional drones and robotics solutions\",\"publisher\":{\"@id\":\"https:\\\/\\\/www.ghostysky.com\\\/#organization\"},\"potentialAction\":[{\"@type\":\"SearchAction\",\"target\":{\"@type\":\"EntryPoint\",\"urlTemplate\":\"https:\\\/\\\/www.ghostysky.com\\\/?s={search_term_string}\"},\"query-input\":{\"@type\":\"PropertyValueSpecification\",\"valueRequired\":true,\"valueName\":\"search_term_string\"}}],\"inLanguage\":\"es\"},{\"@type\":\"Organization\",\"@id\":\"https:\\\/\\\/www.ghostysky.com\\\/#organization\",\"name\":\"Ghostysky\",\"url\":\"https:\\\/\\\/www.ghostysky.com\\\/\",\"logo\":{\"@type\":\"ImageObject\",\"inLanguage\":\"es\",\"@id\":\"https:\\\/\\\/www.ghostysky.com\\\/#\\\/schema\\\/logo\\\/image\\\/\",\"url\":\"https:\\\/\\\/www.ghostysky.com\\\/wp-content\\\/uploads\\\/2020\\\/06\\\/cropped-ghostyskylogo_text_white2.png\",\"contentUrl\":\"https:\\\/\\\/www.ghostysky.com\\\/wp-content\\\/uploads\\\/2020\\\/06\\\/cropped-ghostyskylogo_text_white2.png\",\"width\":169,\"height\":56,\"caption\":\"Ghostysky\"},\"image\":{\"@id\":\"https:\\\/\\\/www.ghostysky.com\\\/#\\\/schema\\\/logo\\\/image\\\/\"},\"sameAs\":[\"https:\\\/\\\/www.facebook.com\\\/people\\\/Ghostysky\\\/100057676170234\\\/\",\"https:\\\/\\\/x.com\\\/Gh0stysky\",\"https:\\\/\\\/www.linkedin.com\\\/company\\\/34739653\",\"https:\\\/\\\/www.instagram.com\\\/gh0stysky\"]}]}<\/script>\n<!-- \/ Yoast SEO plugin. -->","yoast_head_json":{"title":"Robotera Q5 - Ghostysky","description":"Presentamos el Robotera Q5, el robot de servicio ultrahumanoide dise\u00f1ado para integrarse a la perfecci\u00f3n en entornos comerciales y de investigaci\u00f3n. Apodado el &quot;Profesional de Cintura Diminuta&quot; por su elegante silueta de aspecto humano, el Q5 es una obra maestra de la IA encarnada, que transforma la experiencia de una herramienta r\u00edgida a un compa\u00f1ero inteligente y atento.","robots":{"index":"index","follow":"follow","max-snippet":"max-snippet:-1","max-image-preview":"max-image-preview:large","max-video-preview":"max-video-preview:-1"},"canonical":"https:\/\/www.ghostysky.com\/es\/producto-2\/robotera-q5\/","og_locale":"es_ES","og_type":"article","og_title":"Robotera Q5 - Ghostysky","og_description":"Introducing the Robotera Q5, the ultra-humanoid service robot designed to seamlessly integrate into commercial and research environments. Nicknamed the \"Tiny-Waisted Pro\" for its sleek, human-like silhouette, the Q5 is a masterpiece of embodied AI, transforming the experience from a rigid tool to a caring, intelligent companion.","og_url":"https:\/\/www.ghostysky.com\/es\/producto-2\/robotera-q5\/","og_site_name":"Ghostysky","article_publisher":"https:\/\/www.facebook.com\/people\/Ghostysky\/100057676170234\/","article_modified_time":"2025-11-05T16:49:09+00:00","og_image":[{"width":231,"height":218,"url":"https:\/\/www.ghostysky.com\/wp-content\/uploads\/2025\/11\/GH_Robotera_Q5_1.jpeg","type":"image\/jpeg"}],"twitter_card":"summary_large_image","twitter_site":"@Gh0stysky","twitter_misc":{"Tiempo de lectura":"2 minutos"},"schema":{"@context":"https:\/\/schema.org","@graph":[{"@type":"WebPage","@id":"https:\/\/www.ghostysky.com\/product\/robotera-q5\/","url":"https:\/\/www.ghostysky.com\/product\/robotera-q5\/","name":"Robotera Q5 - Ghostysky","isPartOf":{"@id":"https:\/\/www.ghostysky.com\/#website"},"primaryImageOfPage":{"@id":"https:\/\/www.ghostysky.com\/product\/robotera-q5\/#primaryimage"},"image":{"@id":"https:\/\/www.ghostysky.com\/product\/robotera-q5\/#primaryimage"},"thumbnailUrl":"https:\/\/www.ghostysky.com\/wp-content\/uploads\/2025\/11\/GH_Robotera_Q5_1.jpeg","datePublished":"2025-11-05T16:48:33+00:00","dateModified":"2025-11-05T16:49:09+00:00","description":"Presentamos el Robotera Q5, el robot de servicio ultrahumanoide dise\u00f1ado para integrarse a la perfecci\u00f3n en entornos comerciales y de investigaci\u00f3n. Apodado el &quot;Profesional de Cintura Diminuta&quot; por su elegante silueta de aspecto humano, el Q5 es una obra maestra de la IA encarnada, que transforma la experiencia de una herramienta r\u00edgida a un compa\u00f1ero inteligente y atento.","breadcrumb":{"@id":"https:\/\/www.ghostysky.com\/product\/robotera-q5\/#breadcrumb"},"inLanguage":"es","potentialAction":[{"@type":"ReadAction","target":["https:\/\/www.ghostysky.com\/product\/robotera-q5\/"]}]},{"@type":"ImageObject","inLanguage":"es","@id":"https:\/\/www.ghostysky.com\/product\/robotera-q5\/#primaryimage","url":"https:\/\/www.ghostysky.com\/wp-content\/uploads\/2025\/11\/GH_Robotera_Q5_1.jpeg","contentUrl":"https:\/\/www.ghostysky.com\/wp-content\/uploads\/2025\/11\/GH_Robotera_Q5_1.jpeg","width":231,"height":218},{"@type":"BreadcrumbList","@id":"https:\/\/www.ghostysky.com\/product\/robotera-q5\/#breadcrumb","itemListElement":[{"@type":"ListItem","position":1,"name":"Home","item":"https:\/\/www.ghostysky.com\/"},{"@type":"ListItem","position":2,"name":"Shop","item":"https:\/\/www.ghostysky.com\/shop\/"},{"@type":"ListItem","position":3,"name":"Robotera Q5"}]},{"@type":"WebSite","@id":"https:\/\/www.ghostysky.com\/#website","url":"https:\/\/www.ghostysky.com\/","name":"Ghostysky","description":"Ofrecemos soluciones profesionales de drones y rob\u00f3tica.","publisher":{"@id":"https:\/\/www.ghostysky.com\/#organization"},"potentialAction":[{"@type":"SearchAction","target":{"@type":"EntryPoint","urlTemplate":"https:\/\/www.ghostysky.com\/?s={search_term_string}"},"query-input":{"@type":"PropertyValueSpecification","valueRequired":true,"valueName":"search_term_string"}}],"inLanguage":"es"},{"@type":"Organization","@id":"https:\/\/www.ghostysky.com\/#organization","name":"Ghostysky","url":"https:\/\/www.ghostysky.com\/","logo":{"@type":"ImageObject","inLanguage":"es","@id":"https:\/\/www.ghostysky.com\/#\/schema\/logo\/image\/","url":"https:\/\/www.ghostysky.com\/wp-content\/uploads\/2020\/06\/cropped-ghostyskylogo_text_white2.png","contentUrl":"https:\/\/www.ghostysky.com\/wp-content\/uploads\/2020\/06\/cropped-ghostyskylogo_text_white2.png","width":169,"height":56,"caption":"Ghostysky"},"image":{"@id":"https:\/\/www.ghostysky.com\/#\/schema\/logo\/image\/"},"sameAs":["https:\/\/www.facebook.com\/people\/Ghostysky\/100057676170234\/","https:\/\/x.com\/Gh0stysky","https:\/\/www.linkedin.com\/company\/34739653","https:\/\/www.instagram.com\/gh0stysky"]}]}},"_links":{"self":[{"href":"https:\/\/www.ghostysky.com\/es\/wp-json\/wp\/v2\/product\/22834","targetHints":{"allow":["GET"]}}],"collection":[{"href":"https:\/\/www.ghostysky.com\/es\/wp-json\/wp\/v2\/product"}],"about":[{"href":"https:\/\/www.ghostysky.com\/es\/wp-json\/wp\/v2\/types\/product"}],"replies":[{"embeddable":true,"href":"https:\/\/www.ghostysky.com\/es\/wp-json\/wp\/v2\/comments?post=22834"}],"version-history":[{"count":0,"href":"https:\/\/www.ghostysky.com\/es\/wp-json\/wp\/v2\/product\/22834\/revisions"}],"wp:featuredmedia":[{"embeddable":true,"href":"https:\/\/www.ghostysky.com\/es\/wp-json\/wp\/v2\/media\/22837"}],"wp:attachment":[{"href":"https:\/\/www.ghostysky.com\/es\/wp-json\/wp\/v2\/media?parent=22834"}],"wp:term":[{"taxonomy":"product_brand","embeddable":true,"href":"https:\/\/www.ghostysky.com\/es\/wp-json\/wp\/v2\/product_brand?post=22834"},{"taxonomy":"product_cat","embeddable":true,"href":"https:\/\/www.ghostysky.com\/es\/wp-json\/wp\/v2\/product_cat?post=22834"},{"taxonomy":"product_tag","embeddable":true,"href":"https:\/\/www.ghostysky.com\/es\/wp-json\/wp\/v2\/product_tag?post=22834"}],"curies":[{"name":"wp","href":"https:\/\/api.w.org\/{rel}","templated":true}]}}