{"id":22889,"date":"2025-11-06T07:13:04","date_gmt":"2025-11-06T07:13:04","guid":{"rendered":"https:\/\/www.ghostysky.com\/?post_type=product&#038;p=22889"},"modified":"2025-11-06T07:31:09","modified_gmt":"2025-11-06T07:31:09","slug":"ufactory-6-axis-force-torque-sensor","status":"publish","type":"product","link":"https:\/\/www.ghostysky.com\/es\/product\/ufactory-6-axis-force-torque-sensor\/","title":{"rendered":"Sensor de par de fuerza de 6 ejes Ufactory"},"content":{"rendered":"<h4>Caracter\u00edsticas principales y rendimiento<\/h4>\n<p><span class=\"citation-49 citation-end-49\">Este sensor es un componente invaluable para la automatizaci\u00f3n avanzada y la investigaci\u00f3n, ya que ofrece una combinaci\u00f3n de alta precisi\u00f3n y acceso robusto a los datos:<\/span><\/p>\n<ul>\n<li><b><span class=\"citation-48\">Medici\u00f3n de seis ejes:<\/span><\/b><span class=\"citation-48 citation-end-48\"> Proporciona datos completos de fuerza 3D y par rotacional para una mejor percepci\u00f3n de la situaci\u00f3n.<\/span><\/li>\n<li><b><span class=\"citation-47\">Alta precisi\u00f3n:<\/span><\/b><span class=\"citation-47\"> Ofrece bien <\/span><b><span class=\"citation-47\">resoluci\u00f3n<\/span><\/b><span class=\"citation-47\"> (p. ej., 100 mN para Fx, Fy; 5 mNm para Tx, Ty, Tz) y bajo <\/span><b><span class=\"citation-47\">hist\u00e9resis<\/span><\/b><span class=\"citation-47 citation-end-47\"> para mediciones fiables y repetibles.<\/span><\/li>\n<li><b><span class=\"citation-46\">Alta velocidad de datos:<\/span><\/b><span class=\"citation-46\"> Con una velocidad de datos de <\/span><b><span class=\"citation-46\">200 Hz<\/span><\/b><span class=\"citation-46 citation-end-46\">Proporciona informaci\u00f3n r\u00e1pida y en tiempo real, crucial para el control din\u00e1mico y la detecci\u00f3n de colisiones.<\/span><\/li>\n<li><b><span class=\"citation-45\">Capacidad de carga robusta:<\/span><\/b><span class=\"citation-45\"> Dise\u00f1ado para soportar cargas significativas, como hasta <\/span><b><span class=\"citation-45\">200 N<\/span><\/b><span class=\"citation-45\"> de fuerza en el eje Z (Fz) y <\/span><b><span class=\"citation-45\">4 Nm<\/span><\/b><span class=\"citation-45 citation-end-45\"> de par.<\/span><\/li>\n<li><b><span class=\"citation-44\">Acceso a datos sin procesar:<\/span><\/b><span class=\"citation-44\"> Incluye software espec\u00edfico y una integraci\u00f3n completa. <\/span><b><span class=\"citation-44\">API\/SDK de Python<\/span><\/b><span class=\"citation-44 citation-end-44\"> que otorga a los usuarios acceso completo a los datos brutos del sensor, proporcionando una flexibilidad inigualable para la investigaci\u00f3n, el desarrollo y la creaci\u00f3n de funciones personalizadas.<\/span><\/li>\n<\/ul>\n<h4>Aplicaciones<\/h4>\n<p>La informaci\u00f3n detallada que proporciona el sensor de fuerza y par de 6 ejes es esencial para las aplicaciones rob\u00f3ticas que exigen precisi\u00f3n y adaptabilidad:<\/p>\n<ul>\n<li><b>Ensamblaje complejo:<\/b><span class=\"citation-43 citation-end-43\"> Garantiza la correcta inserci\u00f3n, ajuste a presi\u00f3n y alineaci\u00f3n al permitir el control del movimiento guiado por fuerza y la flexibilidad.<\/span><\/li>\n<li><b>Acabado de superficies:<\/b><span class=\"citation-42\"> Ideal para tareas como <\/span><b><span class=\"citation-42\">pulido<\/span><\/b><span class=\"citation-42\"> y <\/span><b><span class=\"citation-42\">desbarbado<\/span><\/b><span class=\"citation-42 citation-end-42\">, ya que mantiene una presi\u00f3n constante y precisa sobre una superficie, independientemente de sus contornos.<\/span><\/li>\n<li><b><span class=\"citation-41\">Pruebas de producto\/Inspecci\u00f3n de calidad:<\/span><\/b><span class=\"citation-41 citation-end-41\"> Permite que los robots apliquen una fuerza fija y controlada para probar la durabilidad del producto o medir si un objeto est\u00e1 colocado demasiado apretado o suelto.<\/span><\/li>\n<li><b><span class=\"citation-40\">Investigaci\u00f3n rob\u00f3tica:<\/span><\/b><span class=\"citation-40 citation-end-40\"> Proporciona los datos granulares necesarios para desarrollar algoritmos de control avanzados, caracter\u00edsticas de seguridad para la colaboraci\u00f3n humano-robot (HRC) y sistemas de teleoperaci\u00f3n.<\/span><\/li>\n<\/ul>\n<h4>Compatibilidad e integraci\u00f3n<\/h4>\n<p><span class=\"citation-39 citation-end-39\">El sensor est\u00e1 dise\u00f1ado para una f\u00e1cil integraci\u00f3n, en particular con la l\u00ednea de robots colaborativos de UFACTORY:<\/span><\/p>\n<ul>\n<li><b><span class=\"citation-38\">Compatibilidad:<\/span><\/b><span class=\"citation-38 citation-end-38\"> Totalmente compatible con UFACTORY xArm 5, xArm 6, xArm 7 y UFACTORY 850 (comprobar la compatibilidad de la versi\u00f3n espec\u00edfica).<\/span><\/li>\n<li><b><span class=\"citation-37\">Integraci\u00f3n perfecta:<\/span><\/b><span class=\"citation-37 citation-end-37\"> Presenta un dise\u00f1o compacto y una interfaz intuitiva para una configuraci\u00f3n y calibraci\u00f3n r\u00e1pidas, lo que simplifica el proceso de agregar esta capacidad avanzada a los sistemas rob\u00f3ticos existentes.<\/span><\/li>\n<\/ul>\n<p>Este sensor dota a tu brazo rob\u00f3tico de la capacidad de &quot;sentir&quot;, transform\u00e1ndolo de un simple dispositivo de posicionamiento en un verdadero <b>herramienta diestra y adaptable<\/b>.<\/p>","protected":false},"excerpt":{"rendered":"<p><span class=\"citation-51\">El <\/span><b><span class=\"citation-51\">Sensor de fuerza y par de 6 ejes UFACTORY<\/span><\/b><span class=\"citation-51 citation-end-51\"> Es un instrumento de alta precisi\u00f3n dise\u00f1ado para dotar a los brazos rob\u00f3ticos de un sofisticado sentido del tacto, permiti\u00e9ndoles realizar tareas complejas y delicadas con un control meticuloso.<\/span> <span class=\"citation-50\">Al medir ambos <\/span><b><span class=\"citation-50\">fuerza (Fx, Fy, Fz)<\/span><\/b><span class=\"citation-50\"> y <\/span><b><span class=\"citation-50\">par (Tx, Ty, Tz)<\/span><\/b><span class=\"citation-50 citation-end-50\"> Este sensor, que opera simult\u00e1neamente en los seis ejes, proporciona informaci\u00f3n completa y en tiempo real sobre la interacci\u00f3n del robot con su entorno.<\/span><\/p>\n<div class=\"source-inline-chip-container ng-star-inserted\"><\/div>\n<div class=\"source-inline-chip-container ng-star-inserted\"><\/div>","protected":false},"featured_media":22890,"comment_status":"open","ping_status":"closed","template":"","meta":[],"product_brand":[1148],"product_cat":[1041,1037,1145,1147],"product_tag":[1149,1158,1150,1157,1159,1160],"class_list":{"0":"post-22889","1":"product","2":"type-product","3":"status-publish","4":"has-post-thumbnail","6":"product_brand-ufactory","7":"product_cat-arms-grippers","8":"product_cat-robotics","9":"product_cat-ufactory","10":"product_cat-ufactory-accessories","11":"product_tag-ufactory","12":"product_tag-ufactory-850-accessories","13":"product_tag-ufactory-850-series","14":"product_tag-ufactory-accessories","15":"product_tag-ufactory-xarm-accessories","16":"product_tag-ufactory-xarm-series-accessories","18":"first","19":"onbackorder","20":"taxable","21":"shipping-taxable","22":"purchasable","23":"product-type-simple"},"yoast_head":"<!-- This site is optimized with the Yoast SEO plugin v27.1.1 - https:\/\/yoast.com\/product\/yoast-seo-wordpress\/ -->\n<title>Ufactory 6 Axis Force Torque Sensor - Ghostysky<\/title>\n<meta name=\"description\" content=\"The UFACTORY 6-Axis Force Torque Sensor is a high-precision instrument designed to equip robotic arms with a sophisticated sense of touch, enabling them to perform complex and delicate tasks with meticulous control. By measuring both force (Fx, Fy, Fz) and torque (Tx, Ty, Tz) simultaneously across all six axes, this sensor provides real-time, comprehensive feedback on the robot&#039;s interaction with its environment.\" \/>\n<meta name=\"robots\" content=\"index, follow, max-snippet:-1, max-image-preview:large, max-video-preview:-1\" \/>\n<link rel=\"canonical\" href=\"https:\/\/www.ghostysky.com\/es\/producto-2\/ufactory-6-axis-force-torque-sensor\/\" \/>\n<meta property=\"og:locale\" content=\"es_ES\" \/>\n<meta property=\"og:type\" content=\"article\" \/>\n<meta property=\"og:title\" content=\"Ufactory 6 Axis Force Torque Sensor - Ghostysky\" \/>\n<meta property=\"og:description\" content=\"The UFACTORY 6-Axis Force Torque Sensor is a high-precision instrument designed to equip robotic arms with a sophisticated sense of touch, enabling them to perform complex and delicate tasks with meticulous control. By measuring both force (Fx, Fy, Fz) and torque (Tx, Ty, Tz) simultaneously across all six axes, this sensor provides real-time, comprehensive feedback on the robot&#039;s interaction with its environment.\" \/>\n<meta property=\"og:url\" content=\"https:\/\/www.ghostysky.com\/es\/producto-2\/ufactory-6-axis-force-torque-sensor\/\" \/>\n<meta property=\"og:site_name\" content=\"Ghostysky\" \/>\n<meta property=\"article:publisher\" content=\"https:\/\/www.facebook.com\/people\/Ghostysky\/100057676170234\/\" \/>\n<meta property=\"article:modified_time\" content=\"2025-11-06T07:31:09+00:00\" \/>\n<meta property=\"og:image\" content=\"https:\/\/www.ghostysky.com\/wp-content\/uploads\/2025\/11\/GH_6-Axis-Force-Torque-Sensor_1.jpg\" \/>\n\t<meta property=\"og:image:width\" content=\"500\" \/>\n\t<meta property=\"og:image:height\" content=\"500\" \/>\n\t<meta property=\"og:image:type\" content=\"image\/jpeg\" \/>\n<meta name=\"twitter:card\" content=\"summary_large_image\" \/>\n<meta name=\"twitter:site\" content=\"@Gh0stysky\" \/>\n<meta name=\"twitter:label1\" content=\"Tiempo de lectura\" \/>\n\t<meta name=\"twitter:data1\" content=\"2 minutos\" \/>\n<script type=\"application\/ld+json\" class=\"yoast-schema-graph\">{\"@context\":\"https:\/\/schema.org\",\"@graph\":[{\"@type\":\"WebPage\",\"@id\":\"https:\/\/www.ghostysky.com\/product\/ufactory-6-axis-force-torque-sensor\/\",\"url\":\"https:\/\/www.ghostysky.com\/product\/ufactory-6-axis-force-torque-sensor\/\",\"name\":\"Ufactory 6 Axis Force Torque Sensor - Ghostysky\",\"isPartOf\":{\"@id\":\"https:\/\/www.ghostysky.com\/#website\"},\"primaryImageOfPage\":{\"@id\":\"https:\/\/www.ghostysky.com\/product\/ufactory-6-axis-force-torque-sensor\/#primaryimage\"},\"image\":{\"@id\":\"https:\/\/www.ghostysky.com\/product\/ufactory-6-axis-force-torque-sensor\/#primaryimage\"},\"thumbnailUrl\":\"https:\/\/www.ghostysky.com\/wp-content\/uploads\/2025\/11\/GH_6-Axis-Force-Torque-Sensor_1.jpg\",\"datePublished\":\"2025-11-06T07:13:04+00:00\",\"dateModified\":\"2025-11-06T07:31:09+00:00\",\"description\":\"The UFACTORY 6-Axis Force Torque Sensor is a high-precision instrument designed to equip robotic arms with a sophisticated sense of touch, enabling them to perform complex and delicate tasks with meticulous control. By measuring both force (Fx, Fy, Fz) and torque (Tx, Ty, Tz) simultaneously across all six axes, this sensor provides real-time, comprehensive feedback on the robot's interaction with its environment.\",\"breadcrumb\":{\"@id\":\"https:\/\/www.ghostysky.com\/product\/ufactory-6-axis-force-torque-sensor\/#breadcrumb\"},\"inLanguage\":\"es\",\"potentialAction\":[{\"@type\":\"ReadAction\",\"target\":[\"https:\/\/www.ghostysky.com\/product\/ufactory-6-axis-force-torque-sensor\/\"]}]},{\"@type\":\"ImageObject\",\"inLanguage\":\"es\",\"@id\":\"https:\/\/www.ghostysky.com\/product\/ufactory-6-axis-force-torque-sensor\/#primaryimage\",\"url\":\"https:\/\/www.ghostysky.com\/wp-content\/uploads\/2025\/11\/GH_6-Axis-Force-Torque-Sensor_1.jpg\",\"contentUrl\":\"https:\/\/www.ghostysky.com\/wp-content\/uploads\/2025\/11\/GH_6-Axis-Force-Torque-Sensor_1.jpg\",\"width\":500,\"height\":500},{\"@type\":\"BreadcrumbList\",\"@id\":\"https:\/\/www.ghostysky.com\/product\/ufactory-6-axis-force-torque-sensor\/#breadcrumb\",\"itemListElement\":[{\"@type\":\"ListItem\",\"position\":1,\"name\":\"Home\",\"item\":\"https:\/\/www.ghostysky.com\/\"},{\"@type\":\"ListItem\",\"position\":2,\"name\":\"Shop\",\"item\":\"https:\/\/www.ghostysky.com\/shop\/\"},{\"@type\":\"ListItem\",\"position\":3,\"name\":\"Ufactory 6 Axis Force Torque Sensor\"}]},{\"@type\":\"WebSite\",\"@id\":\"https:\/\/www.ghostysky.com\/#website\",\"url\":\"https:\/\/www.ghostysky.com\/\",\"name\":\"Ghostysky\",\"description\":\"Delivering professional drones and services\",\"publisher\":{\"@id\":\"https:\/\/www.ghostysky.com\/#organization\"},\"potentialAction\":[{\"@type\":\"SearchAction\",\"target\":{\"@type\":\"EntryPoint\",\"urlTemplate\":\"https:\/\/www.ghostysky.com\/?s={search_term_string}\"},\"query-input\":{\"@type\":\"PropertyValueSpecification\",\"valueRequired\":true,\"valueName\":\"search_term_string\"}}],\"inLanguage\":\"es\"},{\"@type\":\"Organization\",\"@id\":\"https:\/\/www.ghostysky.com\/#organization\",\"name\":\"Ghostysky\",\"url\":\"https:\/\/www.ghostysky.com\/\",\"logo\":{\"@type\":\"ImageObject\",\"inLanguage\":\"es\",\"@id\":\"https:\/\/www.ghostysky.com\/#\/schema\/logo\/image\/\",\"url\":\"https:\/\/www.ghostysky.com\/wp-content\/uploads\/2020\/06\/cropped-ghostyskylogo_text_white2.png\",\"contentUrl\":\"https:\/\/www.ghostysky.com\/wp-content\/uploads\/2020\/06\/cropped-ghostyskylogo_text_white2.png\",\"width\":169,\"height\":56,\"caption\":\"Ghostysky\"},\"image\":{\"@id\":\"https:\/\/www.ghostysky.com\/#\/schema\/logo\/image\/\"},\"sameAs\":[\"https:\/\/www.facebook.com\/people\/Ghostysky\/100057676170234\/\",\"https:\/\/x.com\/Gh0stysky\",\"https:\/\/www.linkedin.com\/company\/34739653\",\"https:\/\/www.instagram.com\/gh0stysky\"]}]}<\/script>\n<!-- \/ Yoast SEO plugin. -->","yoast_head_json":{"title":"Sensor de par de fuerza de 6 ejes Ufactory - Ghostysky","description":"El sensor de fuerza y par de 6 ejes UFACTORY es un instrumento de alta precisi\u00f3n dise\u00f1ado para dotar a los brazos rob\u00f3ticos de un sofisticado sentido del tacto, permiti\u00e9ndoles realizar tareas complejas y delicadas con un control meticuloso. Al medir simult\u00e1neamente la fuerza (Fx, Fy, Fz) y el par (Tx, Ty, Tz) en los seis ejes, este sensor proporciona informaci\u00f3n completa y en tiempo real sobre la interacci\u00f3n del robot con su entorno.","robots":{"index":"index","follow":"follow","max-snippet":"max-snippet:-1","max-image-preview":"max-image-preview:large","max-video-preview":"max-video-preview:-1"},"canonical":"https:\/\/www.ghostysky.com\/es\/producto-2\/ufactory-6-axis-force-torque-sensor\/","og_locale":"es_ES","og_type":"article","og_title":"Ufactory 6 Axis Force Torque Sensor - Ghostysky","og_description":"The UFACTORY 6-Axis Force Torque Sensor is a high-precision instrument designed to equip robotic arms with a sophisticated sense of touch, enabling them to perform complex and delicate tasks with meticulous control. By measuring both force (Fx, Fy, Fz) and torque (Tx, Ty, Tz) simultaneously across all six axes, this sensor provides real-time, comprehensive feedback on the robot's interaction with its environment.","og_url":"https:\/\/www.ghostysky.com\/es\/producto-2\/ufactory-6-axis-force-torque-sensor\/","og_site_name":"Ghostysky","article_publisher":"https:\/\/www.facebook.com\/people\/Ghostysky\/100057676170234\/","article_modified_time":"2025-11-06T07:31:09+00:00","og_image":[{"width":500,"height":500,"url":"https:\/\/www.ghostysky.com\/wp-content\/uploads\/2025\/11\/GH_6-Axis-Force-Torque-Sensor_1.jpg","type":"image\/jpeg"}],"twitter_card":"summary_large_image","twitter_site":"@Gh0stysky","twitter_misc":{"Tiempo de lectura":"2 minutos"},"schema":{"@context":"https:\/\/schema.org","@graph":[{"@type":"WebPage","@id":"https:\/\/www.ghostysky.com\/product\/ufactory-6-axis-force-torque-sensor\/","url":"https:\/\/www.ghostysky.com\/product\/ufactory-6-axis-force-torque-sensor\/","name":"Sensor de par de fuerza de 6 ejes Ufactory - Ghostysky","isPartOf":{"@id":"https:\/\/www.ghostysky.com\/#website"},"primaryImageOfPage":{"@id":"https:\/\/www.ghostysky.com\/product\/ufactory-6-axis-force-torque-sensor\/#primaryimage"},"image":{"@id":"https:\/\/www.ghostysky.com\/product\/ufactory-6-axis-force-torque-sensor\/#primaryimage"},"thumbnailUrl":"https:\/\/www.ghostysky.com\/wp-content\/uploads\/2025\/11\/GH_6-Axis-Force-Torque-Sensor_1.jpg","datePublished":"2025-11-06T07:13:04+00:00","dateModified":"2025-11-06T07:31:09+00:00","description":"El sensor de fuerza y par de 6 ejes UFACTORY es un instrumento de alta precisi\u00f3n dise\u00f1ado para dotar a los brazos rob\u00f3ticos de un sofisticado sentido del tacto, permiti\u00e9ndoles realizar tareas complejas y delicadas con un control meticuloso. Al medir simult\u00e1neamente la fuerza (Fx, Fy, Fz) y el par (Tx, Ty, Tz) en los seis ejes, este sensor proporciona informaci\u00f3n completa y en tiempo real sobre la interacci\u00f3n del robot con su entorno.","breadcrumb":{"@id":"https:\/\/www.ghostysky.com\/product\/ufactory-6-axis-force-torque-sensor\/#breadcrumb"},"inLanguage":"es","potentialAction":[{"@type":"ReadAction","target":["https:\/\/www.ghostysky.com\/product\/ufactory-6-axis-force-torque-sensor\/"]}]},{"@type":"ImageObject","inLanguage":"es","@id":"https:\/\/www.ghostysky.com\/product\/ufactory-6-axis-force-torque-sensor\/#primaryimage","url":"https:\/\/www.ghostysky.com\/wp-content\/uploads\/2025\/11\/GH_6-Axis-Force-Torque-Sensor_1.jpg","contentUrl":"https:\/\/www.ghostysky.com\/wp-content\/uploads\/2025\/11\/GH_6-Axis-Force-Torque-Sensor_1.jpg","width":500,"height":500},{"@type":"BreadcrumbList","@id":"https:\/\/www.ghostysky.com\/product\/ufactory-6-axis-force-torque-sensor\/#breadcrumb","itemListElement":[{"@type":"ListItem","position":1,"name":"Home","item":"https:\/\/www.ghostysky.com\/"},{"@type":"ListItem","position":2,"name":"Shop","item":"https:\/\/www.ghostysky.com\/shop\/"},{"@type":"ListItem","position":3,"name":"Ufactory 6 Axis Force Torque Sensor"}]},{"@type":"WebSite","@id":"https:\/\/www.ghostysky.com\/#website","url":"https:\/\/www.ghostysky.com\/","name":"Ghostysky","description":"Entrega de drones y servicios profesionales","publisher":{"@id":"https:\/\/www.ghostysky.com\/#organization"},"potentialAction":[{"@type":"SearchAction","target":{"@type":"EntryPoint","urlTemplate":"https:\/\/www.ghostysky.com\/?s={search_term_string}"},"query-input":{"@type":"PropertyValueSpecification","valueRequired":true,"valueName":"search_term_string"}}],"inLanguage":"es"},{"@type":"Organization","@id":"https:\/\/www.ghostysky.com\/#organization","name":"Ghostysky","url":"https:\/\/www.ghostysky.com\/","logo":{"@type":"ImageObject","inLanguage":"es","@id":"https:\/\/www.ghostysky.com\/#\/schema\/logo\/image\/","url":"https:\/\/www.ghostysky.com\/wp-content\/uploads\/2020\/06\/cropped-ghostyskylogo_text_white2.png","contentUrl":"https:\/\/www.ghostysky.com\/wp-content\/uploads\/2020\/06\/cropped-ghostyskylogo_text_white2.png","width":169,"height":56,"caption":"Ghostysky"},"image":{"@id":"https:\/\/www.ghostysky.com\/#\/schema\/logo\/image\/"},"sameAs":["https:\/\/www.facebook.com\/people\/Ghostysky\/100057676170234\/","https:\/\/x.com\/Gh0stysky","https:\/\/www.linkedin.com\/company\/34739653","https:\/\/www.instagram.com\/gh0stysky"]}]}},"_links":{"self":[{"href":"https:\/\/www.ghostysky.com\/es\/wp-json\/wp\/v2\/product\/22889","targetHints":{"allow":["GET"]}}],"collection":[{"href":"https:\/\/www.ghostysky.com\/es\/wp-json\/wp\/v2\/product"}],"about":[{"href":"https:\/\/www.ghostysky.com\/es\/wp-json\/wp\/v2\/types\/product"}],"replies":[{"embeddable":true,"href":"https:\/\/www.ghostysky.com\/es\/wp-json\/wp\/v2\/comments?post=22889"}],"wp:featuredmedia":[{"embeddable":true,"href":"https:\/\/www.ghostysky.com\/es\/wp-json\/wp\/v2\/media\/22890"}],"wp:attachment":[{"href":"https:\/\/www.ghostysky.com\/es\/wp-json\/wp\/v2\/media?parent=22889"}],"wp:term":[{"taxonomy":"product_brand","embeddable":true,"href":"https:\/\/www.ghostysky.com\/es\/wp-json\/wp\/v2\/product_brand?post=22889"},{"taxonomy":"product_cat","embeddable":true,"href":"https:\/\/www.ghostysky.com\/es\/wp-json\/wp\/v2\/product_cat?post=22889"},{"taxonomy":"product_tag","embeddable":true,"href":"https:\/\/www.ghostysky.com\/es\/wp-json\/wp\/v2\/product_tag?post=22889"}],"curies":[{"name":"wp","href":"https:\/\/api.w.org\/{rel}","templated":true}]}}