{"id":22893,"date":"2025-11-06T07:44:44","date_gmt":"2025-11-06T07:44:44","guid":{"rendered":"https:\/\/www.ghostysky.com\/?post_type=product&#038;p=22893"},"modified":"2025-11-06T07:46:20","modified_gmt":"2025-11-06T07:46:20","slug":"ufactory-bio-gripper-g2","status":"publish","type":"product","link":"https:\/\/www.ghostysky.com\/es\/product\/ufactory-bio-gripper-g2\/","title":{"rendered":"Pinza Ufactory BIO G2"},"content":{"rendered":"<h4>Caracter\u00edsticas clave<\/h4>\n<ul>\n<li><b><span class=\"citation-67\">Especializado para el manejo de l\u00edquidos:<\/span><\/b><span class=\"citation-67\"> Dise\u00f1ado espec\u00edficamente para el manejo de material de laboratorio com\u00fan como <\/span><b><span class=\"citation-67\">placas de pocillos, tubos de ensayo y gradillas para pipetas<\/span><\/b><span class=\"citation-67 citation-end-67\"> con estabilidad y precisi\u00f3n.<\/span><\/li>\n<li><b><span class=\"citation-66\">Puntas de los dedos personalizables:<\/span><\/b><span class=\"citation-66\"> Caracter\u00edsticas <\/span><b><span class=\"citation-66\">dedos intercambiables y personalizables<\/span><\/b><span class=\"citation-66 citation-end-66\"> para garantizar un agarre estable y seguro adaptado a diversas formas y tama\u00f1os de productos, maximizando la flexibilidad de agarre.<\/span><\/li>\n<li><b><span class=\"citation-65\">Despliegue r\u00e1pido y f\u00e1cil personalizaci\u00f3n:<\/span><\/b><span class=\"citation-65 citation-end-65\"> Dise\u00f1ado para una implementaci\u00f3n inteligente y r\u00e1pida y una personalizaci\u00f3n sencilla, reduciendo el tiempo de configuraci\u00f3n y programaci\u00f3n.<\/span><\/li>\n<li><b><span class=\"citation-64\">Integraci\u00f3n perfecta de xArm:<\/span><\/b><span class=\"citation-64\"> Altamente integrado con los robots xArm 5, 6 y 7 de UFACTORY, conect\u00e1ndose a menudo a trav\u00e9s de un puerto de E\/S interno para un <\/span><b><span class=\"citation-64\">Sin cables, estable y compacto<\/span><\/b><span class=\"citation-64 citation-end-64\"> configuraci\u00f3n.<\/span><\/li>\n<li><b><span class=\"citation-63\">Retroalimentaci\u00f3n y detecci\u00f3n avanzadas:<\/span><\/b><span class=\"citation-63\"> Incluye funciones avanzadas como <\/span><b><span class=\"citation-63\">detecci\u00f3n de ca\u00eddas<\/span><\/b><span class=\"citation-63\"> y <\/span><b><span class=\"citation-63\">detecci\u00f3n de recogida<\/span><\/b><span class=\"citation-63 citation-end-63\"> para garantizar una manipulaci\u00f3n precisa y segura de los objetos.<\/span><\/li>\n<li><b><span class=\"citation-62\">Control programable:<\/span><\/b><span class=\"citation-62\"> Ofrece control programable sobre las especificaciones de agarre, incluyendo <\/span><b><span class=\"citation-62\">control de velocidad<\/span><\/b><span class=\"citation-62 citation-end-62\">, con informaci\u00f3n en tiempo real sobre el estado de funcionamiento y la energ\u00eda.<\/span><\/li>\n<\/ul>\n<h4>Especificaciones t\u00e9cnicas (Pinza BIO G2)<\/h4>\n<table>\n<thead>\n<tr>\n<td><strong>Especificaci\u00f3n<\/strong><\/td>\n<td><strong>Valor<\/strong><\/td>\n<\/tr>\n<\/thead>\n<tbody>\n<tr>\n<td><b>Solicitud principal<\/b><\/td>\n<td>Manipulaci\u00f3n de l\u00edquidos, automatizaci\u00f3n de laboratorio<\/td>\n<\/tr>\n<tr>\n<td><b>Tensi\u00f3n de alimentaci\u00f3n nominal<\/b><\/td>\n<td>24 V CC<\/td>\n<\/tr>\n<tr>\n<td><b>Fuerza de agarre m\u00e1xima<\/b><\/td>\n<td>20 N<\/td>\n<\/tr>\n<tr>\n<td><b>Rango de carrera\/agarre<\/b><\/td>\n<td>71\u2013150 mm (Dedos por defecto)<\/td>\n<\/tr>\n<tr>\n<td><b>Rango de funcionamiento (dedos por defecto)<\/b><\/td>\n<td>48 \u2013 129 mm<\/td>\n<\/tr>\n<tr>\n<td><b>Tipo de dedo<\/b><\/td>\n<td>Conmutable \/ Personalizable<\/td>\n<\/tr>\n<tr>\n<td><b>Protocolo de comunicaci\u00f3n<\/b><\/td>\n<td>Modbus RTU (sobre RS-485)<\/td>\n<\/tr>\n<tr>\n<td><b>Comentario<\/b><\/td>\n<td>Detecci\u00f3n de ca\u00eddas, detecci\u00f3n de recogida<\/td>\n<\/tr>\n<tr>\n<td><b>Peso<\/b><\/td>\n<td>~816 g<\/td>\n<\/tr>\n<\/tbody>\n<\/table>\n<p><span class=\"citation-61 citation-end-61\">La pinza BIO Gripper G2 destaca por ser una herramienta vers\u00e1til e inteligente, que permite la automatizaci\u00f3n fiable de tareas delicadas y repetitivas en las ciencias de la vida y la investigaci\u00f3n.<\/span><\/p>\n<div class=\"source-inline-chip-container ng-star-inserted\"><\/div>\n<p>&nbsp;<\/p>","protected":false},"excerpt":{"rendered":"<p><span class=\"citation-69\">El <\/span><b><span class=\"citation-69\">UFACTORY BIO Pinza G2<\/span><\/b><span class=\"citation-69\"> es una pinza colaborativa avanzada y flexible dise\u00f1ada espec\u00edficamente para <\/span><b><span class=\"citation-69\">manipulaci\u00f3n de l\u00edquidos y automatizaci\u00f3n de laboratorios<\/span><\/b><span class=\"citation-69 citation-end-69\"> flujos de trabajo.<\/span> <span class=\"citation-68 citation-end-68\">Dise\u00f1ado para una integraci\u00f3n perfecta con la serie de brazos rob\u00f3ticos xArm de UFACTORY, este efector final proporciona la precisi\u00f3n, adaptabilidad y fiabilidad esenciales para entornos biotecnol\u00f3gicos, farmac\u00e9uticos y de investigaci\u00f3n.<\/span><\/p>","protected":false},"featured_media":22897,"comment_status":"open","ping_status":"closed","template":"","meta":[],"product_brand":[1148],"product_cat":[1041,1037,1145,1147],"product_tag":[1149,1158,1150,1157,1159,1160],"class_list":{"0":"post-22893","1":"product","2":"type-product","3":"status-publish","4":"has-post-thumbnail","6":"product_brand-ufactory","7":"product_cat-arms-grippers","8":"product_cat-robotics","9":"product_cat-ufactory","10":"product_cat-ufactory-accessories","11":"product_tag-ufactory","12":"product_tag-ufactory-850-accessories","13":"product_tag-ufactory-850-series","14":"product_tag-ufactory-accessories","15":"product_tag-ufactory-xarm-accessories","16":"product_tag-ufactory-xarm-series-accessories","18":"first","19":"onbackorder","20":"taxable","21":"shipping-taxable","22":"purchasable","23":"product-type-simple"},"yoast_head":"<!-- This site is optimized with the Yoast SEO plugin v27.1.1 - https:\/\/yoast.com\/product\/yoast-seo-wordpress\/ -->\n<title>Ufactory BIO Gripper G2 - Ghostysky<\/title>\n<meta name=\"description\" content=\"The UFACTORY BIO Gripper G2 is an advanced, flexible collaborative gripper specifically engineered for liquid handling and lab automation workflows. Designed for seamless integration with UFACTORY&#039;s xArm series of robotic arms, this end-effector provides the precision, adaptability, and reliability essential for biotech, pharmaceutical, and research environments.\" \/>\n<meta name=\"robots\" content=\"index, follow, max-snippet:-1, max-image-preview:large, max-video-preview:-1\" \/>\n<link rel=\"canonical\" href=\"https:\/\/www.ghostysky.com\/es\/producto-2\/ufactory-bio-gripper-g2\/\" \/>\n<meta property=\"og:locale\" content=\"es_ES\" \/>\n<meta property=\"og:type\" content=\"article\" \/>\n<meta property=\"og:title\" content=\"Ufactory BIO Gripper G2 - Ghostysky\" \/>\n<meta property=\"og:description\" content=\"The UFACTORY BIO Gripper G2 is an advanced, flexible collaborative gripper specifically engineered for liquid handling and lab automation workflows. Designed for seamless integration with UFACTORY&#039;s xArm series of robotic arms, this end-effector provides the precision, adaptability, and reliability essential for biotech, pharmaceutical, and research environments.\" \/>\n<meta property=\"og:url\" content=\"https:\/\/www.ghostysky.com\/es\/producto-2\/ufactory-bio-gripper-g2\/\" \/>\n<meta property=\"og:site_name\" content=\"Ghostysky\" \/>\n<meta property=\"article:publisher\" content=\"https:\/\/www.facebook.com\/people\/Ghostysky\/100057676170234\/\" \/>\n<meta property=\"article:modified_time\" content=\"2025-11-06T07:46:20+00:00\" \/>\n<meta property=\"og:image\" content=\"https:\/\/www.ghostysky.com\/wp-content\/uploads\/2025\/11\/GH_BIO-Gripper-G2_.png\" \/>\n\t<meta property=\"og:image:width\" content=\"2084\" \/>\n\t<meta property=\"og:image:height\" content=\"2084\" \/>\n\t<meta property=\"og:image:type\" content=\"image\/png\" \/>\n<meta name=\"twitter:card\" content=\"summary_large_image\" \/>\n<meta name=\"twitter:site\" content=\"@Gh0stysky\" \/>\n<meta name=\"twitter:label1\" content=\"Tiempo de lectura\" \/>\n\t<meta name=\"twitter:data1\" content=\"2 minutos\" \/>\n<script type=\"application\/ld+json\" class=\"yoast-schema-graph\">{\"@context\":\"https:\/\/schema.org\",\"@graph\":[{\"@type\":\"WebPage\",\"@id\":\"https:\/\/www.ghostysky.com\/product\/ufactory-bio-gripper-g2\/\",\"url\":\"https:\/\/www.ghostysky.com\/product\/ufactory-bio-gripper-g2\/\",\"name\":\"Ufactory BIO Gripper G2 - Ghostysky\",\"isPartOf\":{\"@id\":\"https:\/\/www.ghostysky.com\/#website\"},\"primaryImageOfPage\":{\"@id\":\"https:\/\/www.ghostysky.com\/product\/ufactory-bio-gripper-g2\/#primaryimage\"},\"image\":{\"@id\":\"https:\/\/www.ghostysky.com\/product\/ufactory-bio-gripper-g2\/#primaryimage\"},\"thumbnailUrl\":\"https:\/\/www.ghostysky.com\/wp-content\/uploads\/2025\/11\/GH_BIO-Gripper-G2_.png\",\"datePublished\":\"2025-11-06T07:44:44+00:00\",\"dateModified\":\"2025-11-06T07:46:20+00:00\",\"description\":\"The UFACTORY BIO Gripper G2 is an advanced, flexible collaborative gripper specifically engineered for liquid handling and lab automation workflows. Designed for seamless integration with UFACTORY's xArm series of robotic arms, this end-effector provides the precision, adaptability, and reliability essential for biotech, pharmaceutical, and research environments.\",\"breadcrumb\":{\"@id\":\"https:\/\/www.ghostysky.com\/product\/ufactory-bio-gripper-g2\/#breadcrumb\"},\"inLanguage\":\"es\",\"potentialAction\":[{\"@type\":\"ReadAction\",\"target\":[\"https:\/\/www.ghostysky.com\/product\/ufactory-bio-gripper-g2\/\"]}]},{\"@type\":\"ImageObject\",\"inLanguage\":\"es\",\"@id\":\"https:\/\/www.ghostysky.com\/product\/ufactory-bio-gripper-g2\/#primaryimage\",\"url\":\"https:\/\/www.ghostysky.com\/wp-content\/uploads\/2025\/11\/GH_BIO-Gripper-G2_.png\",\"contentUrl\":\"https:\/\/www.ghostysky.com\/wp-content\/uploads\/2025\/11\/GH_BIO-Gripper-G2_.png\",\"width\":2084,\"height\":2084},{\"@type\":\"BreadcrumbList\",\"@id\":\"https:\/\/www.ghostysky.com\/product\/ufactory-bio-gripper-g2\/#breadcrumb\",\"itemListElement\":[{\"@type\":\"ListItem\",\"position\":1,\"name\":\"Home\",\"item\":\"https:\/\/www.ghostysky.com\/\"},{\"@type\":\"ListItem\",\"position\":2,\"name\":\"Shop\",\"item\":\"https:\/\/www.ghostysky.com\/shop\/\"},{\"@type\":\"ListItem\",\"position\":3,\"name\":\"Ufactory BIO Gripper G2\"}]},{\"@type\":\"WebSite\",\"@id\":\"https:\/\/www.ghostysky.com\/#website\",\"url\":\"https:\/\/www.ghostysky.com\/\",\"name\":\"Ghostysky\",\"description\":\"Delivering professional drones and services\",\"publisher\":{\"@id\":\"https:\/\/www.ghostysky.com\/#organization\"},\"potentialAction\":[{\"@type\":\"SearchAction\",\"target\":{\"@type\":\"EntryPoint\",\"urlTemplate\":\"https:\/\/www.ghostysky.com\/?s={search_term_string}\"},\"query-input\":{\"@type\":\"PropertyValueSpecification\",\"valueRequired\":true,\"valueName\":\"search_term_string\"}}],\"inLanguage\":\"es\"},{\"@type\":\"Organization\",\"@id\":\"https:\/\/www.ghostysky.com\/#organization\",\"name\":\"Ghostysky\",\"url\":\"https:\/\/www.ghostysky.com\/\",\"logo\":{\"@type\":\"ImageObject\",\"inLanguage\":\"es\",\"@id\":\"https:\/\/www.ghostysky.com\/#\/schema\/logo\/image\/\",\"url\":\"https:\/\/www.ghostysky.com\/wp-content\/uploads\/2020\/06\/cropped-ghostyskylogo_text_white2.png\",\"contentUrl\":\"https:\/\/www.ghostysky.com\/wp-content\/uploads\/2020\/06\/cropped-ghostyskylogo_text_white2.png\",\"width\":169,\"height\":56,\"caption\":\"Ghostysky\"},\"image\":{\"@id\":\"https:\/\/www.ghostysky.com\/#\/schema\/logo\/image\/\"},\"sameAs\":[\"https:\/\/www.facebook.com\/people\/Ghostysky\/100057676170234\/\",\"https:\/\/x.com\/Gh0stysky\",\"https:\/\/www.linkedin.com\/company\/34739653\",\"https:\/\/www.instagram.com\/gh0stysky\"]}]}<\/script>\n<!-- \/ Yoast SEO plugin. -->","yoast_head_json":{"title":"Pinza Ufactory BIO G2 - Ghostysky","description":"La pinza UFACTORY BIO Gripper G2 es una pinza colaborativa avanzada y flexible, dise\u00f1ada espec\u00edficamente para la manipulaci\u00f3n de l\u00edquidos y la automatizaci\u00f3n de laboratorios. Concebida para una integraci\u00f3n perfecta con la serie de brazos rob\u00f3ticos xArm de UFACTORY, este efector final proporciona la precisi\u00f3n, la adaptabilidad y la fiabilidad esenciales para entornos biotecnol\u00f3gicos, farmac\u00e9uticos y de investigaci\u00f3n.","robots":{"index":"index","follow":"follow","max-snippet":"max-snippet:-1","max-image-preview":"max-image-preview:large","max-video-preview":"max-video-preview:-1"},"canonical":"https:\/\/www.ghostysky.com\/es\/producto-2\/ufactory-bio-gripper-g2\/","og_locale":"es_ES","og_type":"article","og_title":"Ufactory BIO Gripper G2 - Ghostysky","og_description":"The UFACTORY BIO Gripper G2 is an advanced, flexible collaborative gripper specifically engineered for liquid handling and lab automation workflows. Designed for seamless integration with UFACTORY's xArm series of robotic arms, this end-effector provides the precision, adaptability, and reliability essential for biotech, pharmaceutical, and research environments.","og_url":"https:\/\/www.ghostysky.com\/es\/producto-2\/ufactory-bio-gripper-g2\/","og_site_name":"Ghostysky","article_publisher":"https:\/\/www.facebook.com\/people\/Ghostysky\/100057676170234\/","article_modified_time":"2025-11-06T07:46:20+00:00","og_image":[{"width":2084,"height":2084,"url":"https:\/\/www.ghostysky.com\/wp-content\/uploads\/2025\/11\/GH_BIO-Gripper-G2_.png","type":"image\/png"}],"twitter_card":"summary_large_image","twitter_site":"@Gh0stysky","twitter_misc":{"Tiempo de lectura":"2 minutos"},"schema":{"@context":"https:\/\/schema.org","@graph":[{"@type":"WebPage","@id":"https:\/\/www.ghostysky.com\/product\/ufactory-bio-gripper-g2\/","url":"https:\/\/www.ghostysky.com\/product\/ufactory-bio-gripper-g2\/","name":"Pinza Ufactory BIO G2 - Ghostysky","isPartOf":{"@id":"https:\/\/www.ghostysky.com\/#website"},"primaryImageOfPage":{"@id":"https:\/\/www.ghostysky.com\/product\/ufactory-bio-gripper-g2\/#primaryimage"},"image":{"@id":"https:\/\/www.ghostysky.com\/product\/ufactory-bio-gripper-g2\/#primaryimage"},"thumbnailUrl":"https:\/\/www.ghostysky.com\/wp-content\/uploads\/2025\/11\/GH_BIO-Gripper-G2_.png","datePublished":"2025-11-06T07:44:44+00:00","dateModified":"2025-11-06T07:46:20+00:00","description":"La pinza UFACTORY BIO Gripper G2 es una pinza colaborativa avanzada y flexible, dise\u00f1ada espec\u00edficamente para la manipulaci\u00f3n de l\u00edquidos y la automatizaci\u00f3n de laboratorios. Concebida para una integraci\u00f3n perfecta con la serie de brazos rob\u00f3ticos xArm de UFACTORY, este efector final proporciona la precisi\u00f3n, la adaptabilidad y la fiabilidad esenciales para entornos biotecnol\u00f3gicos, farmac\u00e9uticos y de investigaci\u00f3n.","breadcrumb":{"@id":"https:\/\/www.ghostysky.com\/product\/ufactory-bio-gripper-g2\/#breadcrumb"},"inLanguage":"es","potentialAction":[{"@type":"ReadAction","target":["https:\/\/www.ghostysky.com\/product\/ufactory-bio-gripper-g2\/"]}]},{"@type":"ImageObject","inLanguage":"es","@id":"https:\/\/www.ghostysky.com\/product\/ufactory-bio-gripper-g2\/#primaryimage","url":"https:\/\/www.ghostysky.com\/wp-content\/uploads\/2025\/11\/GH_BIO-Gripper-G2_.png","contentUrl":"https:\/\/www.ghostysky.com\/wp-content\/uploads\/2025\/11\/GH_BIO-Gripper-G2_.png","width":2084,"height":2084},{"@type":"BreadcrumbList","@id":"https:\/\/www.ghostysky.com\/product\/ufactory-bio-gripper-g2\/#breadcrumb","itemListElement":[{"@type":"ListItem","position":1,"name":"Home","item":"https:\/\/www.ghostysky.com\/"},{"@type":"ListItem","position":2,"name":"Shop","item":"https:\/\/www.ghostysky.com\/shop\/"},{"@type":"ListItem","position":3,"name":"Ufactory BIO Gripper G2"}]},{"@type":"WebSite","@id":"https:\/\/www.ghostysky.com\/#website","url":"https:\/\/www.ghostysky.com\/","name":"Ghostysky","description":"Entrega de drones y servicios profesionales","publisher":{"@id":"https:\/\/www.ghostysky.com\/#organization"},"potentialAction":[{"@type":"SearchAction","target":{"@type":"EntryPoint","urlTemplate":"https:\/\/www.ghostysky.com\/?s={search_term_string}"},"query-input":{"@type":"PropertyValueSpecification","valueRequired":true,"valueName":"search_term_string"}}],"inLanguage":"es"},{"@type":"Organization","@id":"https:\/\/www.ghostysky.com\/#organization","name":"Ghostysky","url":"https:\/\/www.ghostysky.com\/","logo":{"@type":"ImageObject","inLanguage":"es","@id":"https:\/\/www.ghostysky.com\/#\/schema\/logo\/image\/","url":"https:\/\/www.ghostysky.com\/wp-content\/uploads\/2020\/06\/cropped-ghostyskylogo_text_white2.png","contentUrl":"https:\/\/www.ghostysky.com\/wp-content\/uploads\/2020\/06\/cropped-ghostyskylogo_text_white2.png","width":169,"height":56,"caption":"Ghostysky"},"image":{"@id":"https:\/\/www.ghostysky.com\/#\/schema\/logo\/image\/"},"sameAs":["https:\/\/www.facebook.com\/people\/Ghostysky\/100057676170234\/","https:\/\/x.com\/Gh0stysky","https:\/\/www.linkedin.com\/company\/34739653","https:\/\/www.instagram.com\/gh0stysky"]}]}},"_links":{"self":[{"href":"https:\/\/www.ghostysky.com\/es\/wp-json\/wp\/v2\/product\/22893","targetHints":{"allow":["GET"]}}],"collection":[{"href":"https:\/\/www.ghostysky.com\/es\/wp-json\/wp\/v2\/product"}],"about":[{"href":"https:\/\/www.ghostysky.com\/es\/wp-json\/wp\/v2\/types\/product"}],"replies":[{"embeddable":true,"href":"https:\/\/www.ghostysky.com\/es\/wp-json\/wp\/v2\/comments?post=22893"}],"wp:featuredmedia":[{"embeddable":true,"href":"https:\/\/www.ghostysky.com\/es\/wp-json\/wp\/v2\/media\/22897"}],"wp:attachment":[{"href":"https:\/\/www.ghostysky.com\/es\/wp-json\/wp\/v2\/media?parent=22893"}],"wp:term":[{"taxonomy":"product_brand","embeddable":true,"href":"https:\/\/www.ghostysky.com\/es\/wp-json\/wp\/v2\/product_brand?post=22893"},{"taxonomy":"product_cat","embeddable":true,"href":"https:\/\/www.ghostysky.com\/es\/wp-json\/wp\/v2\/product_cat?post=22893"},{"taxonomy":"product_tag","embeddable":true,"href":"https:\/\/www.ghostysky.com\/es\/wp-json\/wp\/v2\/product_tag?post=22893"}],"curies":[{"name":"wp","href":"https:\/\/api.w.org\/{rel}","templated":true}]}}