{"id":23014,"date":"2025-11-06T15:30:58","date_gmt":"2025-11-06T15:30:58","guid":{"rendered":"https:\/\/www.ghostysky.com\/?post_type=product&#038;p=23014"},"modified":"2026-02-06T06:51:51","modified_gmt":"2026-02-06T06:51:51","slug":"dji-osmo-mobile-8","status":"publish","type":"product","link":"https:\/\/www.ghostysky.com\/es\/product\/dji-osmo-mobile-8\/","title":{"rendered":"DJI Osmo Mobile 8"},"content":{"rendered":"<h4><b> Caracter\u00edsticas clave para una filmaci\u00f3n sin esfuerzo<\/b><\/h4>\n<p>&nbsp;<\/p>\n<ul>\n<li><b><span class=\"citation-47\">Rotaci\u00f3n de la bandeja de 360\u00b0 sin interrupciones:<\/span><\/b><span class=\"citation-47\"> S\u00e9 el primero de la serie Osmo Mobile en lograrlo <\/span><b><span class=\"citation-47\">rotaci\u00f3n horizontal ilimitada de 360\u00b0<\/span><\/b><span class=\"citation-47 citation-end-47\"> en el eje panor\u00e1mico.<\/span> <span class=\"citation-46 citation-end-46\">Captura tomas panor\u00e1micas fluidas y movimientos giratorios creativos sin detenerte jam\u00e1s.<\/span><\/li>\n<li><b>Seguimiento inteligente para todas tus estrellas:<\/b>\n<ul>\n<li><span class=\"citation-45\">Cuenta con una versi\u00f3n mejorada <\/span><b><span class=\"citation-45\">ActiveTrack 7.0<\/span><\/b><span class=\"citation-45 citation-end-45\"> para un seguimiento del sujeto preciso y resistente, incluso en escenas concurridas o complejas.<\/span><\/li>\n<li><span class=\"citation-44\">El revolucionario <\/span><b><span class=\"citation-44\">M\u00f3dulo multifuncional<\/span><\/b><span class=\"citation-44\"> permite el seguimiento nativo de <\/span><b><span class=\"citation-44\">personas, gatos y perros<\/span><\/b><span class=\"citation-44 citation-end-44\">, garantizando que tus mascotas y seres queridos siempre est\u00e9n perfectamente encuadrados, independientemente de la aplicaci\u00f3n que uses.<\/span>\n<div class=\"source-inline-chip-container ng-star-inserted\"><\/div>\n<\/li>\n<\/ul>\n<\/li>\n<li><b><span class=\"citation-43\">El poder del m\u00f3dulo multifuncional (incluido):<\/span><\/b><span class=\"citation-43 citation-end-43\"> Este accesorio magn\u00e9tico con clip funciona como tu estudio port\u00e1til:<\/span>\n<ul>\n<li><b><span class=\"citation-42\">Luz de relleno integrada:<\/span><\/b><span class=\"citation-42\"> Ofertas <\/span><b><span class=\"citation-42\">ocho niveles de brillo y ocho ajustes de temperatura de color<\/span><\/b><span class=\"citation-42 citation-end-42\"> (ajustable mediante una rueda lateral) para una iluminaci\u00f3n perfecta en cualquier ambiente.<\/span><\/li>\n<li><b><span class=\"citation-41\">Recepci\u00f3n de audio:<\/span><\/b><span class=\"citation-41 citation-end-41\"> Funciona como receptor para los transmisores DJI Mic 3, Mic 2 y Mic Mini para un audio inal\u00e1mbrico n\u00edtido.<\/span>\n<div class=\"source-inline-chip-container ng-star-inserted\"><\/div>\n<\/li>\n<\/ul>\n<\/li>\n<li><b>Conexi\u00f3n directa al tel\u00e9fono y compatibilidad con DockKit:<\/b> \u00a1Empieza a filmar m\u00e1s r\u00e1pido que nunca! <span class=\"citation-40 citation-end-40\">Con\u00e9ctalo mediante un toque NFC al mango para emparejarlo instant\u00e1neamente por Bluetooth.<\/span> <b><span class=\"citation-39\">usuarios de iPhone<\/span><\/b><span class=\"citation-39\"> tambi\u00e9n ganar <\/span><b><span class=\"citation-39\">Compatibilidad con Apple DockKit<\/span><\/b><span class=\"citation-39 citation-end-39\">, lo que permite un seguimiento inteligente directamente dentro de la aplicaci\u00f3n de c\u00e1mara nativa del iPhone y m\u00e1s de 200 aplicaciones iOS compatibles.<\/span><\/li>\n<\/ul>\n<p>&nbsp;<\/p>\n<ul>\n<li><b>Dise\u00f1ado para creadores:<\/b>\n<ul>\n<li><b>Barra de extensi\u00f3n y tr\u00edpode integrados:<\/b><span class=\"citation-38 citation-end-38\"> Extiende tu alcance en 8,5 pulgadas y consigue tomas estables al instante con la base de tr\u00edpode integrada.<\/span><\/li>\n<li><b><span class=\"citation-37\">Agarre ultrac\u00f3modo:<\/span><\/b><span class=\"citation-37\"> La empu\u00f1adura ergon\u00f3mica redise\u00f1ada facilita la captura de im\u00e1genes din\u00e1micas, <\/span><b><span class=\"citation-37\">tomas en \u00e1ngulo bajo<\/span><\/b><span class=\"citation-37 citation-end-37\"> M\u00e1s f\u00e1cil y estable que nunca.<\/span><\/li>\n<li><b>Control por gestos:<\/b> Inicia\/det\u00e9n el seguimiento o la grabaci\u00f3n y toma fotos con simples gestos de la mano.<\/li>\n<\/ul>\n<\/li>\n<\/ul>\n<p>&nbsp;<\/p>\n<h4><b>Potencia y rendimiento<\/b><\/h4>\n<ul>\n<li><b><span class=\"citation-36\">Estabilizaci\u00f3n robusta de 3 ejes:<\/span><\/b><span class=\"citation-36 citation-end-36\"> Utilizando la plataforma de estabilizaci\u00f3n de s\u00e9ptima generaci\u00f3n de DJI, ofrece grabaciones consistentemente estables sin comprometer la calidad de la imagen.<\/span><\/li>\n<li><b>Duraci\u00f3n de la bater\u00eda: 10 horas<\/b> Graba durante todo un d\u00eda con una sola carga. <span class=\"citation-35\">El card\u00e1n tambi\u00e9n puede <\/span><b><span class=\"citation-35\">Carga tu tel\u00e9fono mediante USB-C<\/span><\/b><span class=\"citation-35 citation-end-35\">, lo que la convierte en una fuente de energ\u00eda perfecta para transmisiones en vivo prolongadas o grabaciones en exteriores.<\/span><\/li>\n<\/ul>\n<p>&nbsp;<\/p>\n<p><span class=\"citation-34 interactive-span-hovered\">El <\/span><b><span class=\"citation-34 interactive-span-hovered\">DJI Osmo Mobile 8<\/span><\/b><span class=\"citation-34 citation-end-34 interactive-span-hovered\"> Es la herramienta definitiva para transformar las grabaciones de tu smartphone en contenido de calidad profesional, tanto si grabas tu vida diaria en videoblogs, como si creas v\u00eddeos comerciales o documentas a tus mascotas juguetonas.<\/span><\/p>\n<div class=\"source-inline-chip-container ng-star-inserted\"><\/div>","protected":false},"excerpt":{"rendered":"<p><span class=\"citation-49\">Desata tu creatividad con el <\/span><b><span class=\"citation-49\">DJI Osmo Mobile 8<\/span><\/b><span class=\"citation-49 citation-end-49\">, el estabilizador de tel\u00e9fono inteligente insignia que aporta fluidez cinematogr\u00e1fica y un acabado profesional a tus v\u00eddeos m\u00f3viles.<\/span> <span class=\"citation-48 citation-end-48\">Dise\u00f1ado para creadores, este estabilizador compacto y plegable introduce nuevas y potentes funciones para capturar sin esfuerzo los momentos din\u00e1micos de la vida.<\/span><\/p>","protected":false},"featured_media":23019,"comment_status":"open","ping_status":"closed","template":"","meta":[],"product_brand":[1031],"product_cat":[1273,1272],"product_tag":[42,1276,1275],"class_list":{"0":"post-23014","1":"product","2":"type-product","3":"status-publish","4":"has-post-thumbnail","6":"product_brand-dji","7":"product_cat-dji-osmo-mobile-8","8":"product_cat-handled","9":"product_tag-dji","10":"product_tag-dji-handled","11":"product_tag-dji-osmo-mobile-8","13":"first","14":"instock","15":"taxable","16":"shipping-taxable","17":"purchasable","18":"product-type-simple"},"yoast_head":"<!-- This site is optimized with the Yoast SEO plugin v27.4 - https:\/\/yoast.com\/product\/yoast-seo-wordpress\/ -->\n<title>DJI Osmo Mobile 8 - Ghostysky<\/title>\n<meta name=\"description\" content=\"Unfold your creativity with the DJI Osmo Mobile 8, the flagship intelligent tracking phone gimbal that brings cinematic smoothness and professional polish to your mobile video. Engineered for creators, this compact and foldable stabilizer introduces powerful new features to effortlessly capture life&#039;s dynamic moments.\" \/>\n<meta name=\"robots\" content=\"index, follow, max-snippet:-1, max-image-preview:large, max-video-preview:-1\" \/>\n<link rel=\"canonical\" href=\"https:\/\/www.ghostysky.com\/es\/producto-2\/dji-osmo-mobile-8\/\" \/>\n<meta property=\"og:locale\" content=\"es_ES\" \/>\n<meta property=\"og:type\" content=\"article\" \/>\n<meta property=\"og:title\" content=\"DJI Osmo Mobile 8 - Ghostysky\" \/>\n<meta property=\"og:description\" content=\"Unfold your creativity with the DJI Osmo Mobile 8, the flagship intelligent tracking phone gimbal that brings cinematic smoothness and professional polish to your mobile video. Engineered for creators, this compact and foldable stabilizer introduces powerful new features to effortlessly capture life&#039;s dynamic moments.\" \/>\n<meta property=\"og:url\" content=\"https:\/\/www.ghostysky.com\/es\/producto-2\/dji-osmo-mobile-8\/\" \/>\n<meta property=\"og:site_name\" content=\"Ghostysky\" \/>\n<meta property=\"article:publisher\" content=\"https:\/\/www.facebook.com\/people\/Ghostysky\/100057676170234\/\" \/>\n<meta property=\"article:modified_time\" content=\"2026-02-06T06:51:51+00:00\" \/>\n<meta property=\"og:image\" content=\"https:\/\/www.ghostysky.com\/wp-content\/uploads\/2025\/11\/GH_DJI_Osmo_mobile_8_1.jpg\" \/>\n\t<meta property=\"og:image:width\" content=\"800\" \/>\n\t<meta property=\"og:image:height\" content=\"800\" \/>\n\t<meta property=\"og:image:type\" content=\"image\/jpeg\" \/>\n<meta name=\"twitter:card\" content=\"summary_large_image\" \/>\n<meta name=\"twitter:site\" content=\"@Gh0stysky\" \/>\n<meta name=\"twitter:label1\" content=\"Tiempo de lectura\" \/>\n\t<meta name=\"twitter:data1\" content=\"2 minutos\" \/>\n<script type=\"application\/ld+json\" class=\"yoast-schema-graph\">{\"@context\":\"https:\\\/\\\/schema.org\",\"@graph\":[{\"@type\":\"WebPage\",\"@id\":\"https:\\\/\\\/www.ghostysky.com\\\/product\\\/dji-osmo-mobile-8\\\/\",\"url\":\"https:\\\/\\\/www.ghostysky.com\\\/product\\\/dji-osmo-mobile-8\\\/\",\"name\":\"DJI Osmo Mobile 8 - Ghostysky\",\"isPartOf\":{\"@id\":\"https:\\\/\\\/www.ghostysky.com\\\/#website\"},\"primaryImageOfPage\":{\"@id\":\"https:\\\/\\\/www.ghostysky.com\\\/product\\\/dji-osmo-mobile-8\\\/#primaryimage\"},\"image\":{\"@id\":\"https:\\\/\\\/www.ghostysky.com\\\/product\\\/dji-osmo-mobile-8\\\/#primaryimage\"},\"thumbnailUrl\":\"https:\\\/\\\/www.ghostysky.com\\\/wp-content\\\/uploads\\\/2025\\\/11\\\/GH_DJI_Osmo_mobile_8_1.jpg\",\"datePublished\":\"2025-11-06T15:30:58+00:00\",\"dateModified\":\"2026-02-06T06:51:51+00:00\",\"description\":\"Unfold your creativity with the DJI Osmo Mobile 8, the flagship intelligent tracking phone gimbal that brings cinematic smoothness and professional polish to your mobile video. Engineered for creators, this compact and foldable stabilizer introduces powerful new features to effortlessly capture life's dynamic moments.\",\"breadcrumb\":{\"@id\":\"https:\\\/\\\/www.ghostysky.com\\\/product\\\/dji-osmo-mobile-8\\\/#breadcrumb\"},\"inLanguage\":\"es\",\"potentialAction\":[{\"@type\":\"ReadAction\",\"target\":[\"https:\\\/\\\/www.ghostysky.com\\\/product\\\/dji-osmo-mobile-8\\\/\"]}]},{\"@type\":\"ImageObject\",\"inLanguage\":\"es\",\"@id\":\"https:\\\/\\\/www.ghostysky.com\\\/product\\\/dji-osmo-mobile-8\\\/#primaryimage\",\"url\":\"https:\\\/\\\/www.ghostysky.com\\\/wp-content\\\/uploads\\\/2025\\\/11\\\/GH_DJI_Osmo_mobile_8_1.jpg\",\"contentUrl\":\"https:\\\/\\\/www.ghostysky.com\\\/wp-content\\\/uploads\\\/2025\\\/11\\\/GH_DJI_Osmo_mobile_8_1.jpg\",\"width\":800,\"height\":800},{\"@type\":\"BreadcrumbList\",\"@id\":\"https:\\\/\\\/www.ghostysky.com\\\/product\\\/dji-osmo-mobile-8\\\/#breadcrumb\",\"itemListElement\":[{\"@type\":\"ListItem\",\"position\":1,\"name\":\"Home\",\"item\":\"https:\\\/\\\/www.ghostysky.com\\\/\"},{\"@type\":\"ListItem\",\"position\":2,\"name\":\"Shop\",\"item\":\"https:\\\/\\\/www.ghostysky.com\\\/shop\\\/\"},{\"@type\":\"ListItem\",\"position\":3,\"name\":\"DJI Osmo Mobile 8\"}]},{\"@type\":\"WebSite\",\"@id\":\"https:\\\/\\\/www.ghostysky.com\\\/#website\",\"url\":\"https:\\\/\\\/www.ghostysky.com\\\/\",\"name\":\"Ghostysky\",\"description\":\"Delivering professional drones and robotics solutions\",\"publisher\":{\"@id\":\"https:\\\/\\\/www.ghostysky.com\\\/#organization\"},\"potentialAction\":[{\"@type\":\"SearchAction\",\"target\":{\"@type\":\"EntryPoint\",\"urlTemplate\":\"https:\\\/\\\/www.ghostysky.com\\\/?s={search_term_string}\"},\"query-input\":{\"@type\":\"PropertyValueSpecification\",\"valueRequired\":true,\"valueName\":\"search_term_string\"}}],\"inLanguage\":\"es\"},{\"@type\":\"Organization\",\"@id\":\"https:\\\/\\\/www.ghostysky.com\\\/#organization\",\"name\":\"Ghostysky\",\"url\":\"https:\\\/\\\/www.ghostysky.com\\\/\",\"logo\":{\"@type\":\"ImageObject\",\"inLanguage\":\"es\",\"@id\":\"https:\\\/\\\/www.ghostysky.com\\\/#\\\/schema\\\/logo\\\/image\\\/\",\"url\":\"https:\\\/\\\/www.ghostysky.com\\\/wp-content\\\/uploads\\\/2020\\\/06\\\/cropped-ghostyskylogo_text_white2.png\",\"contentUrl\":\"https:\\\/\\\/www.ghostysky.com\\\/wp-content\\\/uploads\\\/2020\\\/06\\\/cropped-ghostyskylogo_text_white2.png\",\"width\":169,\"height\":56,\"caption\":\"Ghostysky\"},\"image\":{\"@id\":\"https:\\\/\\\/www.ghostysky.com\\\/#\\\/schema\\\/logo\\\/image\\\/\"},\"sameAs\":[\"https:\\\/\\\/www.facebook.com\\\/people\\\/Ghostysky\\\/100057676170234\\\/\",\"https:\\\/\\\/x.com\\\/Gh0stysky\",\"https:\\\/\\\/www.linkedin.com\\\/company\\\/34739653\",\"https:\\\/\\\/www.instagram.com\\\/gh0stysky\"]}]}<\/script>\n<!-- \/ Yoast SEO plugin. -->","yoast_head_json":{"title":"DJI Osmo Mobile 8 - Ghostysky","description":"Desata tu creatividad con el DJI Osmo Mobile 8, el estabilizador inteligente insignia para m\u00f3viles que aporta fluidez cinematogr\u00e1fica y un acabado profesional a tus v\u00eddeos. Dise\u00f1ado para creadores, este estabilizador compacto y plegable incorpora nuevas y potentes funciones para capturar sin esfuerzo los momentos m\u00e1s din\u00e1micos de la vida.","robots":{"index":"index","follow":"follow","max-snippet":"max-snippet:-1","max-image-preview":"max-image-preview:large","max-video-preview":"max-video-preview:-1"},"canonical":"https:\/\/www.ghostysky.com\/es\/producto-2\/dji-osmo-mobile-8\/","og_locale":"es_ES","og_type":"article","og_title":"DJI Osmo Mobile 8 - Ghostysky","og_description":"Unfold your creativity with the DJI Osmo Mobile 8, the flagship intelligent tracking phone gimbal that brings cinematic smoothness and professional polish to your mobile video. Engineered for creators, this compact and foldable stabilizer introduces powerful new features to effortlessly capture life's dynamic moments.","og_url":"https:\/\/www.ghostysky.com\/es\/producto-2\/dji-osmo-mobile-8\/","og_site_name":"Ghostysky","article_publisher":"https:\/\/www.facebook.com\/people\/Ghostysky\/100057676170234\/","article_modified_time":"2026-02-06T06:51:51+00:00","og_image":[{"width":800,"height":800,"url":"https:\/\/www.ghostysky.com\/wp-content\/uploads\/2025\/11\/GH_DJI_Osmo_mobile_8_1.jpg","type":"image\/jpeg"}],"twitter_card":"summary_large_image","twitter_site":"@Gh0stysky","twitter_misc":{"Tiempo de lectura":"2 minutos"},"schema":{"@context":"https:\/\/schema.org","@graph":[{"@type":"WebPage","@id":"https:\/\/www.ghostysky.com\/product\/dji-osmo-mobile-8\/","url":"https:\/\/www.ghostysky.com\/product\/dji-osmo-mobile-8\/","name":"DJI Osmo Mobile 8 - Ghostysky","isPartOf":{"@id":"https:\/\/www.ghostysky.com\/#website"},"primaryImageOfPage":{"@id":"https:\/\/www.ghostysky.com\/product\/dji-osmo-mobile-8\/#primaryimage"},"image":{"@id":"https:\/\/www.ghostysky.com\/product\/dji-osmo-mobile-8\/#primaryimage"},"thumbnailUrl":"https:\/\/www.ghostysky.com\/wp-content\/uploads\/2025\/11\/GH_DJI_Osmo_mobile_8_1.jpg","datePublished":"2025-11-06T15:30:58+00:00","dateModified":"2026-02-06T06:51:51+00:00","description":"Desata tu creatividad con el DJI Osmo Mobile 8, el estabilizador inteligente insignia para m\u00f3viles que aporta fluidez cinematogr\u00e1fica y un acabado profesional a tus v\u00eddeos. Dise\u00f1ado para creadores, este estabilizador compacto y plegable incorpora nuevas y potentes funciones para capturar sin esfuerzo los momentos m\u00e1s din\u00e1micos de la vida.","breadcrumb":{"@id":"https:\/\/www.ghostysky.com\/product\/dji-osmo-mobile-8\/#breadcrumb"},"inLanguage":"es","potentialAction":[{"@type":"ReadAction","target":["https:\/\/www.ghostysky.com\/product\/dji-osmo-mobile-8\/"]}]},{"@type":"ImageObject","inLanguage":"es","@id":"https:\/\/www.ghostysky.com\/product\/dji-osmo-mobile-8\/#primaryimage","url":"https:\/\/www.ghostysky.com\/wp-content\/uploads\/2025\/11\/GH_DJI_Osmo_mobile_8_1.jpg","contentUrl":"https:\/\/www.ghostysky.com\/wp-content\/uploads\/2025\/11\/GH_DJI_Osmo_mobile_8_1.jpg","width":800,"height":800},{"@type":"BreadcrumbList","@id":"https:\/\/www.ghostysky.com\/product\/dji-osmo-mobile-8\/#breadcrumb","itemListElement":[{"@type":"ListItem","position":1,"name":"Home","item":"https:\/\/www.ghostysky.com\/"},{"@type":"ListItem","position":2,"name":"Shop","item":"https:\/\/www.ghostysky.com\/shop\/"},{"@type":"ListItem","position":3,"name":"DJI Osmo Mobile 8"}]},{"@type":"WebSite","@id":"https:\/\/www.ghostysky.com\/#website","url":"https:\/\/www.ghostysky.com\/","name":"Ghostysky","description":"Ofrecemos soluciones profesionales de drones y rob\u00f3tica.","publisher":{"@id":"https:\/\/www.ghostysky.com\/#organization"},"potentialAction":[{"@type":"SearchAction","target":{"@type":"EntryPoint","urlTemplate":"https:\/\/www.ghostysky.com\/?s={search_term_string}"},"query-input":{"@type":"PropertyValueSpecification","valueRequired":true,"valueName":"search_term_string"}}],"inLanguage":"es"},{"@type":"Organization","@id":"https:\/\/www.ghostysky.com\/#organization","name":"Ghostysky","url":"https:\/\/www.ghostysky.com\/","logo":{"@type":"ImageObject","inLanguage":"es","@id":"https:\/\/www.ghostysky.com\/#\/schema\/logo\/image\/","url":"https:\/\/www.ghostysky.com\/wp-content\/uploads\/2020\/06\/cropped-ghostyskylogo_text_white2.png","contentUrl":"https:\/\/www.ghostysky.com\/wp-content\/uploads\/2020\/06\/cropped-ghostyskylogo_text_white2.png","width":169,"height":56,"caption":"Ghostysky"},"image":{"@id":"https:\/\/www.ghostysky.com\/#\/schema\/logo\/image\/"},"sameAs":["https:\/\/www.facebook.com\/people\/Ghostysky\/100057676170234\/","https:\/\/x.com\/Gh0stysky","https:\/\/www.linkedin.com\/company\/34739653","https:\/\/www.instagram.com\/gh0stysky"]}]}},"_links":{"self":[{"href":"https:\/\/www.ghostysky.com\/es\/wp-json\/wp\/v2\/product\/23014","targetHints":{"allow":["GET"]}}],"collection":[{"href":"https:\/\/www.ghostysky.com\/es\/wp-json\/wp\/v2\/product"}],"about":[{"href":"https:\/\/www.ghostysky.com\/es\/wp-json\/wp\/v2\/types\/product"}],"replies":[{"embeddable":true,"href":"https:\/\/www.ghostysky.com\/es\/wp-json\/wp\/v2\/comments?post=23014"}],"version-history":[{"count":0,"href":"https:\/\/www.ghostysky.com\/es\/wp-json\/wp\/v2\/product\/23014\/revisions"}],"wp:featuredmedia":[{"embeddable":true,"href":"https:\/\/www.ghostysky.com\/es\/wp-json\/wp\/v2\/media\/23019"}],"wp:attachment":[{"href":"https:\/\/www.ghostysky.com\/es\/wp-json\/wp\/v2\/media?parent=23014"}],"wp:term":[{"taxonomy":"product_brand","embeddable":true,"href":"https:\/\/www.ghostysky.com\/es\/wp-json\/wp\/v2\/product_brand?post=23014"},{"taxonomy":"product_cat","embeddable":true,"href":"https:\/\/www.ghostysky.com\/es\/wp-json\/wp\/v2\/product_cat?post=23014"},{"taxonomy":"product_tag","embeddable":true,"href":"https:\/\/www.ghostysky.com\/es\/wp-json\/wp\/v2\/product_tag?post=23014"}],"curies":[{"name":"wp","href":"https:\/\/api.w.org\/{rel}","templated":true}]}}