{"id":23044,"date":"2025-11-06T16:53:14","date_gmt":"2025-11-06T16:53:14","guid":{"rendered":"https:\/\/www.ghostysky.com\/?post_type=product&#038;p=23044"},"modified":"2025-11-06T16:53:58","modified_gmt":"2025-11-06T16:53:58","slug":"dji-om-7-series-magnetic-phone-clamp","status":"publish","type":"product","link":"https:\/\/www.ghostysky.com\/es\/product\/dji-om-7-series-magnetic-phone-clamp\/","title":{"rendered":"Abrazadera magn\u00e9tica para tel\u00e9fono DJI serie OM 7"},"content":{"rendered":"<h4>Caracter\u00edsticas clave<\/h4>\n<ul>\n<li><b>Sujeci\u00f3n magn\u00e9tica instant\u00e1nea:<\/b><span class=\"citation-48 citation-end-48\"> Utiliza el dise\u00f1o de liberaci\u00f3n r\u00e1pida magn\u00e9tica caracter\u00edstico de DJI.<sup class=\"superscript\" data-turn-source-index=\"2\">2<\/sup><\/span> <span class=\"citation-47\">La abrazadera instant\u00e1neamente <\/span><b><span class=\"citation-47\">se acopla al card\u00e1n<\/span><\/b><span class=\"citation-47 citation-end-47\"> y sujeta tu tel\u00e9fono de forma segura, permiti\u00e9ndote empezar a grabar en segundos sin tornillos ni ajustes tediosos.<\/span><\/li>\n<li><b><span class=\"citation-46\">Dise\u00f1o delgado y ligero:<\/span><\/b><span class=\"citation-46\"> Con un peso aproximado <\/span><b><span class=\"citation-46\">26 g<\/span><\/b><span class=\"citation-46 citation-end-46\">La abrazadera a\u00f1ade un volumen m\u00ednimo a tu tel\u00e9fono, manteniendo la portabilidad y facilidad de manejo del estabilizador.<\/span><\/li>\n<li><b>Optimizado para el m\u00f3dulo multifuncional OM:<\/b><span class=\"citation-45 citation-end-45\"> Esta abrazadera est\u00e1 dise\u00f1ada espec\u00edficamente para funcionar a la perfecci\u00f3n con el m\u00f3dulo multifuncional DJI OM (disponible en el OM 7P), lo que garantiza una conexi\u00f3n perfecta para habilitar funciones inteligentes como el seguimiento mejorado y la funcionalidad de luz de relleno.<\/span><\/li>\n<li><b><span class=\"citation-44\">Agarre seguro y fiable:<\/span><\/b><span class=\"citation-44\"> A pesar de su naturaleza de liberaci\u00f3n r\u00e1pida, la conexi\u00f3n magn\u00e9tica proporciona una <\/span><b><span class=\"citation-44\">agarre fuerte y seguro<\/span><\/b><span class=\"citation-44 citation-end-44\"> en tu smartphone, brind\u00e1ndote tranquilidad durante los movimientos din\u00e1micos.<\/span><\/li>\n<li><b><span class=\"citation-43\">Compatibilidad universal con tel\u00e9fonos:<\/span><\/b><span class=\"citation-43\"> Dise\u00f1ada para adaptarse a una amplia gama de smartphones, la pinza soporta tel\u00e9fonos con un <\/span><b><span class=\"citation-43\">ancho entre 67 y 84 mm<\/span><\/b><span class=\"citation-43\"> y un <\/span><b><span class=\"citation-43\">espesor entre 6,9 y 10 mm<\/span><\/b><span class=\"citation-43 citation-end-43\">.<\/span><\/li>\n<\/ul>\n<p>&nbsp;<\/p>\n<h4>Resumen de especificaciones<\/h4>\n<table>\n<thead>\n<tr>\n<td><strong>Especificaci\u00f3n<\/strong><\/td>\n<td><strong>Detalle<\/strong><\/td>\n<\/tr>\n<\/thead>\n<tbody>\n<tr>\n<td><b>Peso<\/b><\/td>\n<td>Aprox. 26 g<\/td>\n<\/tr>\n<tr>\n<td><b>Ancho de tel\u00e9fono compatible<\/b><\/td>\n<td>67-84 mm<\/td>\n<\/tr>\n<tr>\n<td><b>Grosor de tel\u00e9fono compatible<\/b><\/td>\n<td>6,9-10 mm<\/td>\n<\/tr>\n<tr>\n<td><b>Peso del tel\u00e9fono compatible<\/b><\/td>\n<td>170-300 g<\/td>\n<\/tr>\n<tr>\n<td><b>Compatibilidad<\/b><\/td>\n<td>Osmo Mobile 7P, Osmo Mobile 7<\/td>\n<\/tr>\n<\/tbody>\n<\/table>\n<hr \/>\n<p><b><span class=\"citation-42 citation-end-42\">Mejora tu experiencia de filmaci\u00f3n m\u00f3vil con la pinza magn\u00e9tica para tel\u00e9fono DJI OM 7 Series: la forma inteligente de conectar y crear.<\/span><\/b><\/p>","protected":false},"excerpt":{"rendered":"<p><span class=\"citation-49\">El <\/span><b><span class=\"citation-49\">Abrazadera magn\u00e9tica para tel\u00e9fono DJI serie OM 7<\/span><\/b><span class=\"citation-49 citation-end-49\"> Es el accesorio esencial dise\u00f1ado para conectar tu smartphone con tu gimbal Osmo Mobile serie 7, transformando tu proceso de configuraci\u00f3n en una experiencia instant\u00e1nea y sin complicaciones.<\/span><\/p>\n<div class=\"source-inline-chip-container ng-star-inserted\"><\/div>\n<p>&nbsp;<\/p>\n<h3><\/h3>","protected":false},"featured_media":23048,"comment_status":"open","ping_status":"closed","template":"","meta":[],"product_brand":[1031],"product_cat":[37,1274,1272],"product_tag":[42,1278],"class_list":{"0":"post-23044","1":"product","2":"type-product","3":"status-publish","4":"has-post-thumbnail","6":"product_brand-dji","7":"product_cat-dji","8":"product_cat-dji-osmo-mobile-8-accessories","9":"product_cat-handled","10":"product_tag-dji","11":"product_tag-dji-osmo-mobile-8-accessories","13":"first","14":"onbackorder","15":"taxable","16":"shipping-taxable","17":"purchasable","18":"product-type-simple"},"yoast_head":"<!-- This site is optimized with the Yoast SEO plugin v27.1.1 - https:\/\/yoast.com\/product\/yoast-seo-wordpress\/ -->\n<title>DJI OM 7 Series Magnetic Phone Clamp - Ghostysky<\/title>\n<meta name=\"description\" content=\"The DJI OM 7 Series Magnetic Phone Clamp is the essential accessory designed to bridge your smartphone and your Osmo Mobile 7 series gimbal, transforming your setup process into an instant, hassle-free experience.\" \/>\n<meta name=\"robots\" content=\"index, follow, max-snippet:-1, max-image-preview:large, max-video-preview:-1\" \/>\n<link rel=\"canonical\" href=\"https:\/\/www.ghostysky.com\/es\/producto-2\/dji-om-7-series-magnetic-phone-clamp\/\" \/>\n<meta property=\"og:locale\" content=\"es_ES\" \/>\n<meta property=\"og:type\" content=\"article\" \/>\n<meta property=\"og:title\" content=\"DJI OM 7 Series Magnetic Phone Clamp - Ghostysky\" \/>\n<meta property=\"og:description\" content=\"The DJI OM 7 Series Magnetic Phone Clamp is the essential accessory designed to bridge your smartphone and your Osmo Mobile 7 series gimbal, transforming your setup process into an instant, hassle-free experience.\" \/>\n<meta property=\"og:url\" content=\"https:\/\/www.ghostysky.com\/es\/producto-2\/dji-om-7-series-magnetic-phone-clamp\/\" \/>\n<meta property=\"og:site_name\" content=\"Ghostysky\" \/>\n<meta property=\"article:publisher\" content=\"https:\/\/www.facebook.com\/people\/Ghostysky\/100057676170234\/\" \/>\n<meta property=\"article:modified_time\" content=\"2025-11-06T16:53:58+00:00\" \/>\n<meta property=\"og:image\" content=\"https:\/\/www.ghostysky.com\/wp-content\/uploads\/2025\/11\/GH_DJI-OM-7-Series-Magnetic-Phone-Clamp_1.jpg\" \/>\n\t<meta property=\"og:image:width\" content=\"800\" \/>\n\t<meta property=\"og:image:height\" content=\"800\" \/>\n\t<meta property=\"og:image:type\" content=\"image\/jpeg\" \/>\n<meta name=\"twitter:card\" content=\"summary_large_image\" \/>\n<meta name=\"twitter:site\" content=\"@Gh0stysky\" \/>\n<meta name=\"twitter:label1\" content=\"Tiempo de lectura\" \/>\n\t<meta name=\"twitter:data1\" content=\"2 minutos\" \/>\n<script type=\"application\/ld+json\" class=\"yoast-schema-graph\">{\"@context\":\"https:\/\/schema.org\",\"@graph\":[{\"@type\":\"WebPage\",\"@id\":\"https:\/\/www.ghostysky.com\/product\/dji-om-7-series-magnetic-phone-clamp\/\",\"url\":\"https:\/\/www.ghostysky.com\/product\/dji-om-7-series-magnetic-phone-clamp\/\",\"name\":\"DJI OM 7 Series Magnetic Phone Clamp - Ghostysky\",\"isPartOf\":{\"@id\":\"https:\/\/www.ghostysky.com\/#website\"},\"primaryImageOfPage\":{\"@id\":\"https:\/\/www.ghostysky.com\/product\/dji-om-7-series-magnetic-phone-clamp\/#primaryimage\"},\"image\":{\"@id\":\"https:\/\/www.ghostysky.com\/product\/dji-om-7-series-magnetic-phone-clamp\/#primaryimage\"},\"thumbnailUrl\":\"https:\/\/www.ghostysky.com\/wp-content\/uploads\/2025\/11\/GH_DJI-OM-7-Series-Magnetic-Phone-Clamp_1.jpg\",\"datePublished\":\"2025-11-06T16:53:14+00:00\",\"dateModified\":\"2025-11-06T16:53:58+00:00\",\"description\":\"The DJI OM 7 Series Magnetic Phone Clamp is the essential accessory designed to bridge your smartphone and your Osmo Mobile 7 series gimbal, transforming your setup process into an instant, hassle-free experience.\",\"breadcrumb\":{\"@id\":\"https:\/\/www.ghostysky.com\/product\/dji-om-7-series-magnetic-phone-clamp\/#breadcrumb\"},\"inLanguage\":\"es\",\"potentialAction\":[{\"@type\":\"ReadAction\",\"target\":[\"https:\/\/www.ghostysky.com\/product\/dji-om-7-series-magnetic-phone-clamp\/\"]}]},{\"@type\":\"ImageObject\",\"inLanguage\":\"es\",\"@id\":\"https:\/\/www.ghostysky.com\/product\/dji-om-7-series-magnetic-phone-clamp\/#primaryimage\",\"url\":\"https:\/\/www.ghostysky.com\/wp-content\/uploads\/2025\/11\/GH_DJI-OM-7-Series-Magnetic-Phone-Clamp_1.jpg\",\"contentUrl\":\"https:\/\/www.ghostysky.com\/wp-content\/uploads\/2025\/11\/GH_DJI-OM-7-Series-Magnetic-Phone-Clamp_1.jpg\",\"width\":800,\"height\":800},{\"@type\":\"BreadcrumbList\",\"@id\":\"https:\/\/www.ghostysky.com\/product\/dji-om-7-series-magnetic-phone-clamp\/#breadcrumb\",\"itemListElement\":[{\"@type\":\"ListItem\",\"position\":1,\"name\":\"Home\",\"item\":\"https:\/\/www.ghostysky.com\/\"},{\"@type\":\"ListItem\",\"position\":2,\"name\":\"Shop\",\"item\":\"https:\/\/www.ghostysky.com\/shop\/\"},{\"@type\":\"ListItem\",\"position\":3,\"name\":\"DJI OM 7 Series Magnetic Phone Clamp\"}]},{\"@type\":\"WebSite\",\"@id\":\"https:\/\/www.ghostysky.com\/#website\",\"url\":\"https:\/\/www.ghostysky.com\/\",\"name\":\"Ghostysky\",\"description\":\"Delivering professional drones and services\",\"publisher\":{\"@id\":\"https:\/\/www.ghostysky.com\/#organization\"},\"potentialAction\":[{\"@type\":\"SearchAction\",\"target\":{\"@type\":\"EntryPoint\",\"urlTemplate\":\"https:\/\/www.ghostysky.com\/?s={search_term_string}\"},\"query-input\":{\"@type\":\"PropertyValueSpecification\",\"valueRequired\":true,\"valueName\":\"search_term_string\"}}],\"inLanguage\":\"es\"},{\"@type\":\"Organization\",\"@id\":\"https:\/\/www.ghostysky.com\/#organization\",\"name\":\"Ghostysky\",\"url\":\"https:\/\/www.ghostysky.com\/\",\"logo\":{\"@type\":\"ImageObject\",\"inLanguage\":\"es\",\"@id\":\"https:\/\/www.ghostysky.com\/#\/schema\/logo\/image\/\",\"url\":\"https:\/\/www.ghostysky.com\/wp-content\/uploads\/2020\/06\/cropped-ghostyskylogo_text_white2.png\",\"contentUrl\":\"https:\/\/www.ghostysky.com\/wp-content\/uploads\/2020\/06\/cropped-ghostyskylogo_text_white2.png\",\"width\":169,\"height\":56,\"caption\":\"Ghostysky\"},\"image\":{\"@id\":\"https:\/\/www.ghostysky.com\/#\/schema\/logo\/image\/\"},\"sameAs\":[\"https:\/\/www.facebook.com\/people\/Ghostysky\/100057676170234\/\",\"https:\/\/x.com\/Gh0stysky\",\"https:\/\/www.linkedin.com\/company\/34739653\",\"https:\/\/www.instagram.com\/gh0stysky\"]}]}<\/script>\n<!-- \/ Yoast SEO plugin. -->","yoast_head_json":{"title":"Soporte magn\u00e9tico para tel\u00e9fono DJI OM 7 Series - Ghostysky","description":"La pinza magn\u00e9tica para tel\u00e9fono DJI OM 7 Series es el accesorio esencial dise\u00f1ado para conectar su smartphone con su gimbal Osmo Mobile serie 7, transformando su proceso de configuraci\u00f3n en una experiencia instant\u00e1nea y sin complicaciones.","robots":{"index":"index","follow":"follow","max-snippet":"max-snippet:-1","max-image-preview":"max-image-preview:large","max-video-preview":"max-video-preview:-1"},"canonical":"https:\/\/www.ghostysky.com\/es\/producto-2\/dji-om-7-series-magnetic-phone-clamp\/","og_locale":"es_ES","og_type":"article","og_title":"DJI OM 7 Series Magnetic Phone Clamp - Ghostysky","og_description":"The DJI OM 7 Series Magnetic Phone Clamp is the essential accessory designed to bridge your smartphone and your Osmo Mobile 7 series gimbal, transforming your setup process into an instant, hassle-free experience.","og_url":"https:\/\/www.ghostysky.com\/es\/producto-2\/dji-om-7-series-magnetic-phone-clamp\/","og_site_name":"Ghostysky","article_publisher":"https:\/\/www.facebook.com\/people\/Ghostysky\/100057676170234\/","article_modified_time":"2025-11-06T16:53:58+00:00","og_image":[{"width":800,"height":800,"url":"https:\/\/www.ghostysky.com\/wp-content\/uploads\/2025\/11\/GH_DJI-OM-7-Series-Magnetic-Phone-Clamp_1.jpg","type":"image\/jpeg"}],"twitter_card":"summary_large_image","twitter_site":"@Gh0stysky","twitter_misc":{"Tiempo de lectura":"2 minutos"},"schema":{"@context":"https:\/\/schema.org","@graph":[{"@type":"WebPage","@id":"https:\/\/www.ghostysky.com\/product\/dji-om-7-series-magnetic-phone-clamp\/","url":"https:\/\/www.ghostysky.com\/product\/dji-om-7-series-magnetic-phone-clamp\/","name":"Soporte magn\u00e9tico para tel\u00e9fono DJI OM 7 Series - Ghostysky","isPartOf":{"@id":"https:\/\/www.ghostysky.com\/#website"},"primaryImageOfPage":{"@id":"https:\/\/www.ghostysky.com\/product\/dji-om-7-series-magnetic-phone-clamp\/#primaryimage"},"image":{"@id":"https:\/\/www.ghostysky.com\/product\/dji-om-7-series-magnetic-phone-clamp\/#primaryimage"},"thumbnailUrl":"https:\/\/www.ghostysky.com\/wp-content\/uploads\/2025\/11\/GH_DJI-OM-7-Series-Magnetic-Phone-Clamp_1.jpg","datePublished":"2025-11-06T16:53:14+00:00","dateModified":"2025-11-06T16:53:58+00:00","description":"La pinza magn\u00e9tica para tel\u00e9fono DJI OM 7 Series es el accesorio esencial dise\u00f1ado para conectar su smartphone con su gimbal Osmo Mobile serie 7, transformando su proceso de configuraci\u00f3n en una experiencia instant\u00e1nea y sin complicaciones.","breadcrumb":{"@id":"https:\/\/www.ghostysky.com\/product\/dji-om-7-series-magnetic-phone-clamp\/#breadcrumb"},"inLanguage":"es","potentialAction":[{"@type":"ReadAction","target":["https:\/\/www.ghostysky.com\/product\/dji-om-7-series-magnetic-phone-clamp\/"]}]},{"@type":"ImageObject","inLanguage":"es","@id":"https:\/\/www.ghostysky.com\/product\/dji-om-7-series-magnetic-phone-clamp\/#primaryimage","url":"https:\/\/www.ghostysky.com\/wp-content\/uploads\/2025\/11\/GH_DJI-OM-7-Series-Magnetic-Phone-Clamp_1.jpg","contentUrl":"https:\/\/www.ghostysky.com\/wp-content\/uploads\/2025\/11\/GH_DJI-OM-7-Series-Magnetic-Phone-Clamp_1.jpg","width":800,"height":800},{"@type":"BreadcrumbList","@id":"https:\/\/www.ghostysky.com\/product\/dji-om-7-series-magnetic-phone-clamp\/#breadcrumb","itemListElement":[{"@type":"ListItem","position":1,"name":"Home","item":"https:\/\/www.ghostysky.com\/"},{"@type":"ListItem","position":2,"name":"Shop","item":"https:\/\/www.ghostysky.com\/shop\/"},{"@type":"ListItem","position":3,"name":"DJI OM 7 Series Magnetic Phone Clamp"}]},{"@type":"WebSite","@id":"https:\/\/www.ghostysky.com\/#website","url":"https:\/\/www.ghostysky.com\/","name":"Ghostysky","description":"Entrega de drones y servicios profesionales","publisher":{"@id":"https:\/\/www.ghostysky.com\/#organization"},"potentialAction":[{"@type":"SearchAction","target":{"@type":"EntryPoint","urlTemplate":"https:\/\/www.ghostysky.com\/?s={search_term_string}"},"query-input":{"@type":"PropertyValueSpecification","valueRequired":true,"valueName":"search_term_string"}}],"inLanguage":"es"},{"@type":"Organization","@id":"https:\/\/www.ghostysky.com\/#organization","name":"Ghostysky","url":"https:\/\/www.ghostysky.com\/","logo":{"@type":"ImageObject","inLanguage":"es","@id":"https:\/\/www.ghostysky.com\/#\/schema\/logo\/image\/","url":"https:\/\/www.ghostysky.com\/wp-content\/uploads\/2020\/06\/cropped-ghostyskylogo_text_white2.png","contentUrl":"https:\/\/www.ghostysky.com\/wp-content\/uploads\/2020\/06\/cropped-ghostyskylogo_text_white2.png","width":169,"height":56,"caption":"Ghostysky"},"image":{"@id":"https:\/\/www.ghostysky.com\/#\/schema\/logo\/image\/"},"sameAs":["https:\/\/www.facebook.com\/people\/Ghostysky\/100057676170234\/","https:\/\/x.com\/Gh0stysky","https:\/\/www.linkedin.com\/company\/34739653","https:\/\/www.instagram.com\/gh0stysky"]}]}},"_links":{"self":[{"href":"https:\/\/www.ghostysky.com\/es\/wp-json\/wp\/v2\/product\/23044","targetHints":{"allow":["GET"]}}],"collection":[{"href":"https:\/\/www.ghostysky.com\/es\/wp-json\/wp\/v2\/product"}],"about":[{"href":"https:\/\/www.ghostysky.com\/es\/wp-json\/wp\/v2\/types\/product"}],"replies":[{"embeddable":true,"href":"https:\/\/www.ghostysky.com\/es\/wp-json\/wp\/v2\/comments?post=23044"}],"wp:featuredmedia":[{"embeddable":true,"href":"https:\/\/www.ghostysky.com\/es\/wp-json\/wp\/v2\/media\/23048"}],"wp:attachment":[{"href":"https:\/\/www.ghostysky.com\/es\/wp-json\/wp\/v2\/media?parent=23044"}],"wp:term":[{"taxonomy":"product_brand","embeddable":true,"href":"https:\/\/www.ghostysky.com\/es\/wp-json\/wp\/v2\/product_brand?post=23044"},{"taxonomy":"product_cat","embeddable":true,"href":"https:\/\/www.ghostysky.com\/es\/wp-json\/wp\/v2\/product_cat?post=23044"},{"taxonomy":"product_tag","embeddable":true,"href":"https:\/\/www.ghostysky.com\/es\/wp-json\/wp\/v2\/product_tag?post=23044"}],"curies":[{"name":"wp","href":"https:\/\/api.w.org\/{rel}","templated":true}]}}