{"id":23056,"date":"2025-11-07T15:23:45","date_gmt":"2025-11-07T15:23:45","guid":{"rendered":"https:\/\/www.ghostysky.com\/?post_type=product&#038;p=23056"},"modified":"2025-11-26T10:34:56","modified_gmt":"2025-11-26T10:34:56","slug":"geosun-gs-120g","status":"publish","type":"product","link":"https:\/\/www.ghostysky.com\/es\/product\/geosun-gs-120g\/","title":{"rendered":"Geosun GS-120G"},"content":{"rendered":"<h4>Caracter\u00edsticas y tecnolog\u00eda clave<\/h4>\n<ul>\n<li><b><span class=\"citation-59\">Tecnolog\u00eda SLAM integrada:<\/span><\/b><span class=\"citation-59 citation-end-59\"> Incorpora algoritmos SLAM de nivel industrial, que permiten un posicionamiento y mapeo precisos y sin interrupciones en \u00e1reas donde las se\u00f1ales GNSS son d\u00e9biles o no est\u00e1n disponibles (por ejemplo, en interiores, t\u00faneles, ca\u00f1ones urbanos densos).<sup class=\"superscript\" data-turn-source-index=\"3\">3<\/sup><\/span> <span class=\"citation-58\">Es compatible con ambos <\/span><b><span class=\"citation-58\">Slam puro<\/span><\/b><span class=\"citation-58\"> y <\/span><b><span class=\"citation-58\">RTK-SLAM<\/span><\/b><span class=\"citation-58 citation-end-58\"> fusi\u00f3n.<\/span><\/li>\n<li><b><span class=\"citation-57\">Captura de datos de alta densidad:<\/span><\/b><span class=\"citation-57\"> Equipado con un <\/span><b><span class=\"citation-57\">Sensor LiDAR giratorio de 32 canales<\/span><\/b><span class=\"citation-57\"> (a menudo la Hesai XT32), el sistema captura hasta <\/span><b><span class=\"citation-57\">1.280.000 puntos por segundo (eco dual)<\/span><\/b><span class=\"citation-57 citation-end-57\">, lo que garantiza una representaci\u00f3n densa y fiable del entorno escaneado.<\/span><\/li>\n<li><b><span class=\"citation-56\">Amplio campo de visi\u00f3n (FOV):<\/span><\/b><span class=\"citation-56\"> Ofrece un amplio rango de escaneo con un <\/span><b><span class=\"citation-56\">360\u00b0 horizontales<\/span><\/b><span class=\"citation-56\"> y <\/span><b><span class=\"citation-56\">270\u00b0 vertical<\/span><\/b><span class=\"citation-56 citation-end-56\"> campo de visi\u00f3n, minimizando los puntos ciegos y maximizando la cobertura con el m\u00ednimo esfuerzo.<\/span><\/li>\n<li><b>Nube de puntos coloreada en tiempo real:<\/b><span class=\"citation-55 citation-end-55\"> La c\u00e1mara RGB de alta definici\u00f3n integrada (normalmente <\/span><span class=\"math-inline\" data-math=\"3 \\times 5 \\text{MP}\">3 x 5 MP<\/span><span class=\"citation-54\">\u00a0resoluci\u00f3n) permite la captura de <\/span><b><span class=\"citation-54\">datos de nube de puntos coloreados en tiempo real<\/span><\/b><span class=\"citation-54 citation-end-54\">, proporcionando un rico contexto visual para facilitar la interpretaci\u00f3n de datos y el modelado 3D.<\/span><\/li>\n<li><b>Alta precisi\u00f3n:<\/b><span class=\"citation-53\"> Logra un <\/span><b><span class=\"citation-53 citation-end-53\">Precisi\u00f3n absoluta de\u00a0<\/span><span class=\"math-inline\" data-math=\"\\le 5\\text{cm}\"> 5 cm<\/span><\/b><span class=\"citation-52\">\u00a0y un <\/span><b><span class=\"citation-52 citation-end-52\">Precisi\u00f3n relativa de <\/span><span class=\"math-inline\" data-math=\"\\le 1.5\\text{cm}\">\u00a01,5 cm<\/span><\/b><span class=\"citation-51 citation-end-51\">, garantizando datos de calidad de nivel de encuesta.<\/span><\/li>\n<\/ul>\n<p>&nbsp;<\/p>\n<h4>Versatilidad y dise\u00f1o<\/h4>\n<ul>\n<li><b><span class=\"citation-50\">Funcionamiento multiplataforma:<\/span><\/b><span class=\"citation-50 citation-end-50\"> El GS-120G presenta un dise\u00f1o minimalista y flexible, lo que permite su montaje en m\u00faltiples plataformas, incluyendo:<\/span>\n<ul>\n<li><b>Port\u00e1til<\/b> (modo primario)<\/li>\n<li><b>Mochila<\/b><\/li>\n<li><b><span class=\"citation-49\">Aerotransportado<\/span><\/b><span class=\"citation-49 citation-end-49\"> (Carga \u00fatil del UAV\/dron)<\/span><\/li>\n<li><b>Veh\u00edculo<\/b><\/li>\n<\/ul>\n<\/li>\n<li><b><span class=\"citation-48\">Sistema de posicionamiento robusto:<\/span><\/b><span class=\"citation-48 citation-end-48\"> Incorpora un sistema de navegaci\u00f3n inercial (INS) de alto rendimiento y un m\u00f3dulo GNSS multiconstelaci\u00f3n (GPS, GLONASS, BDS, GALILEO), lo que garantiza una precisi\u00f3n a nivel de cent\u00edmetros cuando hay se\u00f1ales de sat\u00e9lite disponibles.<\/span><\/li>\n<li><b>Flujo de trabajo f\u00e1cil de usar:<\/b><span class=\"citation-47 citation-end-47\"> Presenta un dise\u00f1o minimalista y un cuerpo ligero (<sup class=\"superscript\" data-turn-source-index=\"15\">15<\/sup><\/span><span class=\"math-inline\" data-math=\"\\approx 2.2\\text{kg}\">$ \u2248 2,2 kg $<\/span><span class=\"citation-46\">), e incluye <\/span><b><span class=\"citation-46\">software de procesamiento de datos con un solo clic<\/span><\/b><span class=\"citation-46 citation-end-46\"> (por ejemplo, PointCreator) y una aplicaci\u00f3n m\u00f3vil intuitiva para la vista previa de nubes de puntos en tiempo real.<\/span><\/li>\n<\/ul>\n<p>&nbsp;<\/p>\n<h4>Resumen de especificaciones t\u00e9cnicas<\/h4>\n<table>\n<thead>\n<tr>\n<td><strong>Especificaci\u00f3n<\/strong><\/td>\n<td><strong>Detalle<\/strong><\/td>\n<\/tr>\n<\/thead>\n<tbody>\n<tr>\n<td><b>Canales l\u00e1ser<\/b><\/td>\n<td>32 l\u00edneas<\/td>\n<\/tr>\n<tr>\n<td><b>Alcance m\u00e1ximo<\/b><\/td>\n<td><span class=\"math-inline\" data-math=\"120\\text{m}\">120 metros<\/span><\/td>\n<\/tr>\n<tr>\n<td><b>Tasa de puntos<\/b><\/td>\n<td>Arriba a <span class=\"math-inline\" data-math=\"1,280,000 \\text{ points\/sec}\">1.280.000 puntos<\/span><\/td>\n<\/tr>\n<tr>\n<td><b>Precisi\u00f3n absoluta<\/b><\/td>\n<td><span class=\"math-inline\" data-math=\"\\le 5\\text{cm}\">5 cm<\/span><\/td>\n<\/tr>\n<tr>\n<td><b>Peso (con bater\u00eda)<\/b><\/td>\n<td><span class=\"math-inline\" data-math=\"\\approx 2.2\\text{kg}\">aproximadamente 2,2 kg<\/span><\/td>\n<\/tr>\n<tr>\n<td><b>Compatibilidad con GNSS<\/b><\/td>\n<td>Constelaci\u00f3n completa (GPS, GLONASS, BDS, GALILEO)<\/td>\n<\/tr>\n<tr>\n<td><b>Almacenamiento de datos<\/b><\/td>\n<td><span class=\"math-inline\" data-math=\"128\\text{GB}\">128GB<\/span>\u00a0Tarjeta SD<\/td>\n<\/tr>\n<tr>\n<td><b>Tiempo de funcionamiento<\/b><\/td>\n<td><span class=\"math-inline\" data-math=\"\\approx 2 \\text{ hours}\">aproximadamente 2 horas <\/span>(Bater\u00eda interna)<\/td>\n<\/tr>\n<\/tbody>\n<\/table>\n<p>&nbsp;<\/p>\n<h3>Aplicaciones ideales<\/h3>\n<p>El Geosun GS-120G es una herramienta indispensable para profesionales en:<\/p>\n<ul>\n<li><b>Modelado de informaci\u00f3n de construcci\u00f3n (BIM)<\/b> y <b>Levantamiento topogr\u00e1fico de obra terminada<\/b><\/li>\n<li><b>Levantamiento topogr\u00e1fico<\/b> y <b>Modelado digital<\/b><\/li>\n<li><b>Cartograf\u00eda de garajes y t\u00faneles subterr\u00e1neos<\/b><\/li>\n<li><b>Medici\u00f3n del volumen de acopio<\/b><\/li>\n<li><b>Estudio minero<\/b> y <b>Inspecci\u00f3n de infraestructura<\/b><\/li>\n<\/ul>\n<p>El GS-120G permite a los usuarios capturar r\u00e1pidamente datos 3D georreferenciados precisos, revolucionando los flujos de trabajo de topograf\u00eda y cartograf\u00eda.<\/p>","protected":false},"excerpt":{"rendered":"<p><span class=\"citation-61\">El <\/span><b><span class=\"citation-61\">Geosun GS-120G<\/span><\/b><span class=\"citation-61 citation-end-61\"> Es un sistema de escaneo LiDAR profesional, ligero y vers\u00e1til, dise\u00f1ado para la adquisici\u00f3n r\u00e1pida y de alta precisi\u00f3n de datos 3D en entornos interiores y exteriores complejos.<\/span> <span class=\"citation-60 citation-end-60\">Utilizando algoritmos avanzados de localizaci\u00f3n y mapeo simult\u00e1neos (SLAM), el GS-120G ofrece nubes de puntos precisas y de alta densidad sin depender exclusivamente de las se\u00f1ales del Sistema Global de Navegaci\u00f3n por Sat\u00e9lite (GNSS).<\/span><\/p>","protected":false},"featured_media":23405,"comment_status":"open","ping_status":"closed","template":"","meta":[],"product_brand":[1280],"product_cat":[650,705],"product_tag":[651,1279],"class_list":{"0":"post-23056","1":"product","2":"type-product","3":"status-publish","4":"has-post-thumbnail","6":"product_brand-geosun","7":"product_cat-geosun","8":"product_cat-sensors","9":"product_tag-geosun","10":"product_tag-geosun-slam","12":"first","13":"onbackorder","14":"taxable","15":"shipping-taxable","16":"purchasable","17":"product-type-simple"},"yoast_head":"<!-- This site is optimized with the Yoast SEO plugin v27.1.1 - https:\/\/yoast.com\/product\/yoast-seo-wordpress\/ -->\n<title>Geosun GS-120G - Ghostysky<\/title>\n<meta name=\"description\" content=\"The Geosun GS-120G is a professional-grade, lightweight, and versatile LiDAR scanning system designed for rapid, high-accuracy 3D data acquisition in complex indoor and outdoor environments. Utilizing advanced Simultaneous Localization and Mapping (SLAM) algorithms, the GS-120G delivers precise, high-density point clouds without being reliant solely on Global Navigation Satellite System (GNSS) signals.\" \/>\n<meta name=\"robots\" content=\"index, follow, max-snippet:-1, max-image-preview:large, max-video-preview:-1\" \/>\n<link rel=\"canonical\" href=\"https:\/\/www.ghostysky.com\/es\/producto-2\/geosun-gs-120g\/\" \/>\n<meta property=\"og:locale\" content=\"es_ES\" \/>\n<meta property=\"og:type\" content=\"article\" \/>\n<meta property=\"og:title\" content=\"Geosun GS-120G - Ghostysky\" \/>\n<meta property=\"og:description\" content=\"The Geosun GS-120G is a professional-grade, lightweight, and versatile LiDAR scanning system designed for rapid, high-accuracy 3D data acquisition in complex indoor and outdoor environments. Utilizing advanced Simultaneous Localization and Mapping (SLAM) algorithms, the GS-120G delivers precise, high-density point clouds without being reliant solely on Global Navigation Satellite System (GNSS) signals.\" \/>\n<meta property=\"og:url\" content=\"https:\/\/www.ghostysky.com\/es\/producto-2\/geosun-gs-120g\/\" \/>\n<meta property=\"og:site_name\" content=\"Ghostysky\" \/>\n<meta property=\"article:publisher\" content=\"https:\/\/www.facebook.com\/people\/Ghostysky\/100057676170234\/\" \/>\n<meta property=\"article:modified_time\" content=\"2025-11-26T10:34:56+00:00\" \/>\n<meta property=\"og:image\" content=\"https:\/\/www.ghostysky.com\/wp-content\/uploads\/2025\/11\/GH_GS120G_0.webp\" \/>\n\t<meta property=\"og:image:width\" content=\"274\" \/>\n\t<meta property=\"og:image:height\" content=\"400\" \/>\n\t<meta property=\"og:image:type\" content=\"image\/webp\" \/>\n<meta name=\"twitter:card\" content=\"summary_large_image\" \/>\n<meta name=\"twitter:site\" content=\"@Gh0stysky\" \/>\n<meta name=\"twitter:label1\" content=\"Tiempo de lectura\" \/>\n\t<meta name=\"twitter:data1\" content=\"2 minutos\" \/>\n<script type=\"application\/ld+json\" class=\"yoast-schema-graph\">{\"@context\":\"https:\/\/schema.org\",\"@graph\":[{\"@type\":\"WebPage\",\"@id\":\"https:\/\/www.ghostysky.com\/product\/geosun-gs-120g\/\",\"url\":\"https:\/\/www.ghostysky.com\/product\/geosun-gs-120g\/\",\"name\":\"Geosun GS-120G - Ghostysky\",\"isPartOf\":{\"@id\":\"https:\/\/www.ghostysky.com\/#website\"},\"primaryImageOfPage\":{\"@id\":\"https:\/\/www.ghostysky.com\/product\/geosun-gs-120g\/#primaryimage\"},\"image\":{\"@id\":\"https:\/\/www.ghostysky.com\/product\/geosun-gs-120g\/#primaryimage\"},\"thumbnailUrl\":\"https:\/\/www.ghostysky.com\/wp-content\/uploads\/2025\/11\/GH_GS120G_0.webp\",\"datePublished\":\"2025-11-07T15:23:45+00:00\",\"dateModified\":\"2025-11-26T10:34:56+00:00\",\"description\":\"The Geosun GS-120G is a professional-grade, lightweight, and versatile LiDAR scanning system designed for rapid, high-accuracy 3D data acquisition in complex indoor and outdoor environments. Utilizing advanced Simultaneous Localization and Mapping (SLAM) algorithms, the GS-120G delivers precise, high-density point clouds without being reliant solely on Global Navigation Satellite System (GNSS) signals.\",\"breadcrumb\":{\"@id\":\"https:\/\/www.ghostysky.com\/product\/geosun-gs-120g\/#breadcrumb\"},\"inLanguage\":\"es\",\"potentialAction\":[{\"@type\":\"ReadAction\",\"target\":[\"https:\/\/www.ghostysky.com\/product\/geosun-gs-120g\/\"]}]},{\"@type\":\"ImageObject\",\"inLanguage\":\"es\",\"@id\":\"https:\/\/www.ghostysky.com\/product\/geosun-gs-120g\/#primaryimage\",\"url\":\"https:\/\/www.ghostysky.com\/wp-content\/uploads\/2025\/11\/GH_GS120G_0.webp\",\"contentUrl\":\"https:\/\/www.ghostysky.com\/wp-content\/uploads\/2025\/11\/GH_GS120G_0.webp\",\"width\":274,\"height\":400},{\"@type\":\"BreadcrumbList\",\"@id\":\"https:\/\/www.ghostysky.com\/product\/geosun-gs-120g\/#breadcrumb\",\"itemListElement\":[{\"@type\":\"ListItem\",\"position\":1,\"name\":\"Home\",\"item\":\"https:\/\/www.ghostysky.com\/\"},{\"@type\":\"ListItem\",\"position\":2,\"name\":\"Shop\",\"item\":\"https:\/\/www.ghostysky.com\/shop\/\"},{\"@type\":\"ListItem\",\"position\":3,\"name\":\"Geosun GS-120G\"}]},{\"@type\":\"WebSite\",\"@id\":\"https:\/\/www.ghostysky.com\/#website\",\"url\":\"https:\/\/www.ghostysky.com\/\",\"name\":\"Ghostysky\",\"description\":\"Delivering professional drones and services\",\"publisher\":{\"@id\":\"https:\/\/www.ghostysky.com\/#organization\"},\"potentialAction\":[{\"@type\":\"SearchAction\",\"target\":{\"@type\":\"EntryPoint\",\"urlTemplate\":\"https:\/\/www.ghostysky.com\/?s={search_term_string}\"},\"query-input\":{\"@type\":\"PropertyValueSpecification\",\"valueRequired\":true,\"valueName\":\"search_term_string\"}}],\"inLanguage\":\"es\"},{\"@type\":\"Organization\",\"@id\":\"https:\/\/www.ghostysky.com\/#organization\",\"name\":\"Ghostysky\",\"url\":\"https:\/\/www.ghostysky.com\/\",\"logo\":{\"@type\":\"ImageObject\",\"inLanguage\":\"es\",\"@id\":\"https:\/\/www.ghostysky.com\/#\/schema\/logo\/image\/\",\"url\":\"https:\/\/www.ghostysky.com\/wp-content\/uploads\/2020\/06\/cropped-ghostyskylogo_text_white2.png\",\"contentUrl\":\"https:\/\/www.ghostysky.com\/wp-content\/uploads\/2020\/06\/cropped-ghostyskylogo_text_white2.png\",\"width\":169,\"height\":56,\"caption\":\"Ghostysky\"},\"image\":{\"@id\":\"https:\/\/www.ghostysky.com\/#\/schema\/logo\/image\/\"},\"sameAs\":[\"https:\/\/www.facebook.com\/people\/Ghostysky\/100057676170234\/\",\"https:\/\/x.com\/Gh0stysky\",\"https:\/\/www.linkedin.com\/company\/34739653\",\"https:\/\/www.instagram.com\/gh0stysky\"]}]}<\/script>\n<!-- \/ Yoast SEO plugin. -->","yoast_head_json":{"title":"Geosun GS-120G - Ghostysky","description":"El Geosun GS-120G es un sistema de escaneo LiDAR profesional, ligero y vers\u00e1til, dise\u00f1ado para la adquisici\u00f3n r\u00e1pida y precisa de datos 3D en entornos interiores y exteriores complejos. Gracias a sus avanzados algoritmos de localizaci\u00f3n y mapeo simult\u00e1neos (SLAM), el GS-120G genera nubes de puntos precisas y de alta densidad sin depender exclusivamente de las se\u00f1ales del Sistema Global de Navegaci\u00f3n por Sat\u00e9lite (GNSS).","robots":{"index":"index","follow":"follow","max-snippet":"max-snippet:-1","max-image-preview":"max-image-preview:large","max-video-preview":"max-video-preview:-1"},"canonical":"https:\/\/www.ghostysky.com\/es\/producto-2\/geosun-gs-120g\/","og_locale":"es_ES","og_type":"article","og_title":"Geosun GS-120G - Ghostysky","og_description":"The Geosun GS-120G is a professional-grade, lightweight, and versatile LiDAR scanning system designed for rapid, high-accuracy 3D data acquisition in complex indoor and outdoor environments. Utilizing advanced Simultaneous Localization and Mapping (SLAM) algorithms, the GS-120G delivers precise, high-density point clouds without being reliant solely on Global Navigation Satellite System (GNSS) signals.","og_url":"https:\/\/www.ghostysky.com\/es\/producto-2\/geosun-gs-120g\/","og_site_name":"Ghostysky","article_publisher":"https:\/\/www.facebook.com\/people\/Ghostysky\/100057676170234\/","article_modified_time":"2025-11-26T10:34:56+00:00","og_image":[{"width":274,"height":400,"url":"https:\/\/www.ghostysky.com\/wp-content\/uploads\/2025\/11\/GH_GS120G_0.webp","type":"image\/webp"}],"twitter_card":"summary_large_image","twitter_site":"@Gh0stysky","twitter_misc":{"Tiempo de lectura":"2 minutos"},"schema":{"@context":"https:\/\/schema.org","@graph":[{"@type":"WebPage","@id":"https:\/\/www.ghostysky.com\/product\/geosun-gs-120g\/","url":"https:\/\/www.ghostysky.com\/product\/geosun-gs-120g\/","name":"Geosun GS-120G - Ghostysky","isPartOf":{"@id":"https:\/\/www.ghostysky.com\/#website"},"primaryImageOfPage":{"@id":"https:\/\/www.ghostysky.com\/product\/geosun-gs-120g\/#primaryimage"},"image":{"@id":"https:\/\/www.ghostysky.com\/product\/geosun-gs-120g\/#primaryimage"},"thumbnailUrl":"https:\/\/www.ghostysky.com\/wp-content\/uploads\/2025\/11\/GH_GS120G_0.webp","datePublished":"2025-11-07T15:23:45+00:00","dateModified":"2025-11-26T10:34:56+00:00","description":"El Geosun GS-120G es un sistema de escaneo LiDAR profesional, ligero y vers\u00e1til, dise\u00f1ado para la adquisici\u00f3n r\u00e1pida y precisa de datos 3D en entornos interiores y exteriores complejos. Gracias a sus avanzados algoritmos de localizaci\u00f3n y mapeo simult\u00e1neos (SLAM), el GS-120G genera nubes de puntos precisas y de alta densidad sin depender exclusivamente de las se\u00f1ales del Sistema Global de Navegaci\u00f3n por Sat\u00e9lite (GNSS).","breadcrumb":{"@id":"https:\/\/www.ghostysky.com\/product\/geosun-gs-120g\/#breadcrumb"},"inLanguage":"es","potentialAction":[{"@type":"ReadAction","target":["https:\/\/www.ghostysky.com\/product\/geosun-gs-120g\/"]}]},{"@type":"ImageObject","inLanguage":"es","@id":"https:\/\/www.ghostysky.com\/product\/geosun-gs-120g\/#primaryimage","url":"https:\/\/www.ghostysky.com\/wp-content\/uploads\/2025\/11\/GH_GS120G_0.webp","contentUrl":"https:\/\/www.ghostysky.com\/wp-content\/uploads\/2025\/11\/GH_GS120G_0.webp","width":274,"height":400},{"@type":"BreadcrumbList","@id":"https:\/\/www.ghostysky.com\/product\/geosun-gs-120g\/#breadcrumb","itemListElement":[{"@type":"ListItem","position":1,"name":"Home","item":"https:\/\/www.ghostysky.com\/"},{"@type":"ListItem","position":2,"name":"Shop","item":"https:\/\/www.ghostysky.com\/shop\/"},{"@type":"ListItem","position":3,"name":"Geosun GS-120G"}]},{"@type":"WebSite","@id":"https:\/\/www.ghostysky.com\/#website","url":"https:\/\/www.ghostysky.com\/","name":"Ghostysky","description":"Entrega de drones y servicios profesionales","publisher":{"@id":"https:\/\/www.ghostysky.com\/#organization"},"potentialAction":[{"@type":"SearchAction","target":{"@type":"EntryPoint","urlTemplate":"https:\/\/www.ghostysky.com\/?s={search_term_string}"},"query-input":{"@type":"PropertyValueSpecification","valueRequired":true,"valueName":"search_term_string"}}],"inLanguage":"es"},{"@type":"Organization","@id":"https:\/\/www.ghostysky.com\/#organization","name":"Ghostysky","url":"https:\/\/www.ghostysky.com\/","logo":{"@type":"ImageObject","inLanguage":"es","@id":"https:\/\/www.ghostysky.com\/#\/schema\/logo\/image\/","url":"https:\/\/www.ghostysky.com\/wp-content\/uploads\/2020\/06\/cropped-ghostyskylogo_text_white2.png","contentUrl":"https:\/\/www.ghostysky.com\/wp-content\/uploads\/2020\/06\/cropped-ghostyskylogo_text_white2.png","width":169,"height":56,"caption":"Ghostysky"},"image":{"@id":"https:\/\/www.ghostysky.com\/#\/schema\/logo\/image\/"},"sameAs":["https:\/\/www.facebook.com\/people\/Ghostysky\/100057676170234\/","https:\/\/x.com\/Gh0stysky","https:\/\/www.linkedin.com\/company\/34739653","https:\/\/www.instagram.com\/gh0stysky"]}]}},"_links":{"self":[{"href":"https:\/\/www.ghostysky.com\/es\/wp-json\/wp\/v2\/product\/23056","targetHints":{"allow":["GET"]}}],"collection":[{"href":"https:\/\/www.ghostysky.com\/es\/wp-json\/wp\/v2\/product"}],"about":[{"href":"https:\/\/www.ghostysky.com\/es\/wp-json\/wp\/v2\/types\/product"}],"replies":[{"embeddable":true,"href":"https:\/\/www.ghostysky.com\/es\/wp-json\/wp\/v2\/comments?post=23056"}],"wp:featuredmedia":[{"embeddable":true,"href":"https:\/\/www.ghostysky.com\/es\/wp-json\/wp\/v2\/media\/23405"}],"wp:attachment":[{"href":"https:\/\/www.ghostysky.com\/es\/wp-json\/wp\/v2\/media?parent=23056"}],"wp:term":[{"taxonomy":"product_brand","embeddable":true,"href":"https:\/\/www.ghostysky.com\/es\/wp-json\/wp\/v2\/product_brand?post=23056"},{"taxonomy":"product_cat","embeddable":true,"href":"https:\/\/www.ghostysky.com\/es\/wp-json\/wp\/v2\/product_cat?post=23056"},{"taxonomy":"product_tag","embeddable":true,"href":"https:\/\/www.ghostysky.com\/es\/wp-json\/wp\/v2\/product_tag?post=23056"}],"curies":[{"name":"wp","href":"https:\/\/api.w.org\/{rel}","templated":true}]}}