{"id":23067,"date":"2025-11-07T16:56:08","date_gmt":"2025-11-07T16:56:08","guid":{"rendered":"https:\/\/www.ghostysky.com\/?post_type=product&#038;p=23067"},"modified":"2025-11-07T16:56:36","modified_gmt":"2025-11-07T16:56:36","slug":"geosun-gs-130g","status":"publish","type":"product","link":"https:\/\/www.ghostysky.com\/es\/product\/geosun-gs-130g\/","title":{"rendered":"Geosun GS-130G"},"content":{"rendered":"<h4>Caracter\u00edsticas y beneficios clave<\/h4>\n<ul>\n<li><b><span class=\"citation-77 interactive-span-hovered\">M\u00e1xima versatilidad (integraci\u00f3n cielo-tierra):<\/span><\/b><span class=\"citation-77 citation-end-77 interactive-span-hovered\"> Su dise\u00f1o ligero y compacto permite un funcionamiento perfecto en m\u00faltiples plataformas:<\/span>\n<ul>\n<li><b>Port\u00e1til:<\/b> Perfecta para mapeo r\u00e1pido en interiores, t\u00faneles y exteriores a corta distancia.<\/li>\n<li><b><span class=\"citation-76 interactive-span-hovered\">UAV\/Dron:<\/span><\/b><span class=\"citation-76 citation-end-76 interactive-span-hovered\"> F\u00e1cilmente montable en plataformas multirrotor para estudios a\u00e9reos a gran escala.<\/span><\/li>\n<li><b>Mochila\/Veh\u00edculo:<\/b> Adaptable para el mapeo m\u00f3vil en \u00e1reas urbanas o industriales complejas<\/li>\n<\/ul>\n<\/li>\n<li><b><span class=\"citation-75 interactive-span-hovered\">Captura de datos de alta densidad:<\/span><\/b><span class=\"citation-75 interactive-span-hovered\"> Equipado con un <\/span><b><span class=\"citation-75 interactive-span-hovered\">32 canales<\/span><\/b><span class=\"citation-75 interactive-span-hovered\"> La unidad l\u00e1ser (Hesai XT32) del GS-130G captura hasta <\/span><b><span class=\"citation-75 interactive-span-hovered\">1.920.000 puntos por segundo (eco triple)<\/span><\/b><span class=\"citation-75 citation-end-75 interactive-span-hovered\">, garantizando datos de nube de puntos 3D densos, fiables y de alta resoluci\u00f3n.<\/span><\/li>\n<li><b><span class=\"citation-74 interactive-span-hovered\">Precisi\u00f3n centim\u00e9trica:<\/span><\/b><span class=\"citation-74 interactive-span-hovered\"> Cuenta con un sofisticado <\/span><b><span class=\"citation-74 interactive-span-hovered\">GNSS\/INS (Unidad POS gSpin 210)<\/span><\/b><span class=\"citation-74 citation-end-74 interactive-span-hovered\"> algoritmo de fusi\u00f3n combinado con algoritmos SLAM avanzados, logrando una alta precisi\u00f3n de posici\u00f3n absoluta:<\/span>\n<ul>\n<li><b>Precisi\u00f3n de alcance: <\/b><span class=\"math-inline\" data-math=\"\\pm 1 \\text{ cm}\">1 cm<\/span><\/li>\n<li><b>Precisi\u00f3n de la posici\u00f3n horizontal:<\/b> <span class=\"math-inline\" data-math=\"0.02 \\text{ m}\">0,02 m<\/span><\/li>\n<\/ul>\n<\/li>\n<li><b>Rango extendido:<\/b><span class=\"citation-73\"> Ofrece un potente rango de detecci\u00f3n de hasta <\/span><b><span class=\"citation-73\">300 metros<\/span><\/b><span class=\"citation-73 citation-end-73\">, proporcionando una cobertura eficiente para grandes proyectos, inspecci\u00f3n de l\u00edneas el\u00e9ctricas y estudios mineros.<\/span><\/li>\n<li><b><span class=\"citation-72\">Funcionamiento impecable:<\/span><\/b><span class=\"citation-72\"> El sistema cuenta con un <\/span><b><span class=\"citation-72\">Campo de visi\u00f3n (FOV) de 360\u00b0 horizontal y 270\u00b0 vertical<\/span><\/b><span class=\"citation-72 citation-end-72\">, garantizando una recopilaci\u00f3n de datos completa y sin puntos ciegos, independientemente del entorno operativo (interior, exterior o subterr\u00e1neo).<\/span><\/li>\n<li><b>Flujo de trabajo intuitivo:<\/b> Admite la previsualizaci\u00f3n en tiempo real mediante una aplicaci\u00f3n m\u00f3vil complementaria y viene con el software de postprocesamiento especializado de Geosun (como <i>gAirHawk<\/i>), simplificando el c\u00e1lculo de trayectorias y la optimizaci\u00f3n de nubes de puntos.<\/li>\n<\/ul>\n<p>&nbsp;<\/p>\n<h4>Resumen de especificaciones t\u00e9cnicas<\/h4>\n<table>\n<thead>\n<tr>\n<td><strong>Componente<\/strong><\/td>\n<td><strong>Especificaci\u00f3n<\/strong><\/td>\n<\/tr>\n<\/thead>\n<tbody>\n<tr>\n<td><b>Sensor l\u00e1ser<\/b><\/td>\n<td>HESAI XT32 (32 canales)<\/td>\n<\/tr>\n<tr>\n<td><b>Tasa de puntos<\/b><\/td>\n<td>Hasta 1.920.000 puntos\/seg (Triple eco)<\/td>\n<\/tr>\n<tr>\n<td><b>Alcance m\u00e1ximo<\/b><\/td>\n<td>300 metros<\/td>\n<\/tr>\n<tr>\n<td><b>Precisi\u00f3n del rango<\/b><\/td>\n<td><span class=\"math-inline\" data-math=\"\\pm 1 \\text{ cm}\">1 cm<\/span><\/td>\n<\/tr>\n<tr>\n<td><b>Peso<\/b><\/td>\n<td>Aprox. 1,7 kg (con bater\u00eda)<\/td>\n<\/tr>\n<tr>\n<td><b>Sistema de posicionamiento<\/b><\/td>\n<td>GNSS+INS (gSpin 210)<\/td>\n<\/tr>\n<tr>\n<td><b>Plataformas de transporte<\/b><\/td>\n<td>UAV multirrotor port\u00e1til, veh\u00edculo, mochila<\/td>\n<\/tr>\n<tr>\n<td><b>Almacenamiento de datos<\/b><\/td>\n<td>128 GB (admite tarjetas microSD de hasta 256 GB)<\/td>\n<\/tr>\n<\/tbody>\n<\/table>\n<hr \/>\n<p><span class=\"citation-71 interactive-span-hovered\">La Geosun GS-130G es la opci\u00f3n profesional para organizaciones que requieren modelado digital 3D de alta precisi\u00f3n, incluyendo <\/span><b><span class=\"citation-71 citation-end-71 interactive-span-hovered\">Levantamiento topogr\u00e1fico, levantamiento de t\u00faneles mineros, construcci\u00f3n de ciudades digitales, patrullaje de l\u00edneas el\u00e9ctricas y levantamiento de edificios.<\/span><\/b><\/p>\n<div class=\"source-inline-chip-container ng-star-inserted\"><\/div>\n<p>&nbsp;<\/p>\n<p>&nbsp;<\/p>","protected":false},"excerpt":{"rendered":"<p><span class=\"citation-79\">El <\/span><b><span class=\"citation-79\">Geosun GS-130G<\/span><\/b><span class=\"citation-79 citation-end-79\"> Es un sistema de escaneo LiDAR SLAM (Localizaci\u00f3n y Mapeo Simult\u00e1neos) de vanguardia y vers\u00e1til, dise\u00f1ado para redefinir la adquisici\u00f3n de datos 3D.<\/span> <span class=\"citation-78 citation-end-78\">Al combinar tecnolog\u00eda l\u00e1ser de alta precisi\u00f3n con un sistema de posicionamiento robusto, el GS-130G ofrece una precisi\u00f3n y flexibilidad inigualables para levantamientos topogr\u00e1ficos y cartograf\u00eda profesionales en cualquier entorno.<\/span><\/p>","protected":false},"featured_media":23069,"comment_status":"open","ping_status":"closed","template":"","meta":[],"product_brand":[1280],"product_cat":[650,705],"product_tag":[651,1279],"class_list":{"0":"post-23067","1":"product","2":"type-product","3":"status-publish","4":"has-post-thumbnail","6":"product_brand-geosun","7":"product_cat-geosun","8":"product_cat-sensors","9":"product_tag-geosun","10":"product_tag-geosun-slam","12":"first","13":"onbackorder","14":"taxable","15":"shipping-taxable","16":"purchasable","17":"product-type-simple"},"yoast_head":"<!-- This site is optimized with the Yoast SEO plugin v27.1.1 - https:\/\/yoast.com\/product\/yoast-seo-wordpress\/ -->\n<title>Geosun GS-130G - Ghostysky<\/title>\n<meta name=\"description\" content=\"The Geosun GS-130G is a cutting-edge, versatile SLAM (Simultaneous Localization and Mapping) LiDAR scanning system designed to redefine 3D data acquisition. Combining high-precision laser technology with a robust positioning system, the GS-130G delivers unmatched accuracy and flexibility for professional surveying and mapping across any environment.\" \/>\n<meta name=\"robots\" content=\"index, follow, max-snippet:-1, max-image-preview:large, max-video-preview:-1\" \/>\n<link rel=\"canonical\" href=\"https:\/\/www.ghostysky.com\/es\/producto-2\/geosun-gs-130g\/\" \/>\n<meta property=\"og:locale\" content=\"es_ES\" \/>\n<meta property=\"og:type\" content=\"article\" \/>\n<meta property=\"og:title\" content=\"Geosun GS-130G - Ghostysky\" \/>\n<meta property=\"og:description\" content=\"The Geosun GS-130G is a cutting-edge, versatile SLAM (Simultaneous Localization and Mapping) LiDAR scanning system designed to redefine 3D data acquisition. Combining high-precision laser technology with a robust positioning system, the GS-130G delivers unmatched accuracy and flexibility for professional surveying and mapping across any environment.\" \/>\n<meta property=\"og:url\" content=\"https:\/\/www.ghostysky.com\/es\/producto-2\/geosun-gs-130g\/\" \/>\n<meta property=\"og:site_name\" content=\"Ghostysky\" \/>\n<meta property=\"article:publisher\" content=\"https:\/\/www.facebook.com\/people\/Ghostysky\/100057676170234\/\" \/>\n<meta property=\"article:modified_time\" content=\"2025-11-07T16:56:36+00:00\" \/>\n<meta property=\"og:image\" content=\"https:\/\/www.ghostysky.com\/wp-content\/uploads\/2025\/11\/GH_Geosun_GS130G_1.webp\" \/>\n\t<meta property=\"og:image:width\" content=\"400\" \/>\n\t<meta property=\"og:image:height\" content=\"400\" \/>\n\t<meta property=\"og:image:type\" content=\"image\/webp\" \/>\n<meta name=\"twitter:card\" content=\"summary_large_image\" \/>\n<meta name=\"twitter:site\" content=\"@Gh0stysky\" \/>\n<meta name=\"twitter:label1\" content=\"Tiempo de lectura\" \/>\n\t<meta name=\"twitter:data1\" content=\"2 minutos\" \/>\n<script type=\"application\/ld+json\" class=\"yoast-schema-graph\">{\"@context\":\"https:\/\/schema.org\",\"@graph\":[{\"@type\":\"WebPage\",\"@id\":\"https:\/\/www.ghostysky.com\/product\/geosun-gs-130g\/\",\"url\":\"https:\/\/www.ghostysky.com\/product\/geosun-gs-130g\/\",\"name\":\"Geosun GS-130G - Ghostysky\",\"isPartOf\":{\"@id\":\"https:\/\/www.ghostysky.com\/#website\"},\"primaryImageOfPage\":{\"@id\":\"https:\/\/www.ghostysky.com\/product\/geosun-gs-130g\/#primaryimage\"},\"image\":{\"@id\":\"https:\/\/www.ghostysky.com\/product\/geosun-gs-130g\/#primaryimage\"},\"thumbnailUrl\":\"https:\/\/www.ghostysky.com\/wp-content\/uploads\/2025\/11\/GH_Geosun_GS130G_1.webp\",\"datePublished\":\"2025-11-07T16:56:08+00:00\",\"dateModified\":\"2025-11-07T16:56:36+00:00\",\"description\":\"The Geosun GS-130G is a cutting-edge, versatile SLAM (Simultaneous Localization and Mapping) LiDAR scanning system designed to redefine 3D data acquisition. Combining high-precision laser technology with a robust positioning system, the GS-130G delivers unmatched accuracy and flexibility for professional surveying and mapping across any environment.\",\"breadcrumb\":{\"@id\":\"https:\/\/www.ghostysky.com\/product\/geosun-gs-130g\/#breadcrumb\"},\"inLanguage\":\"es\",\"potentialAction\":[{\"@type\":\"ReadAction\",\"target\":[\"https:\/\/www.ghostysky.com\/product\/geosun-gs-130g\/\"]}]},{\"@type\":\"ImageObject\",\"inLanguage\":\"es\",\"@id\":\"https:\/\/www.ghostysky.com\/product\/geosun-gs-130g\/#primaryimage\",\"url\":\"https:\/\/www.ghostysky.com\/wp-content\/uploads\/2025\/11\/GH_Geosun_GS130G_1.webp\",\"contentUrl\":\"https:\/\/www.ghostysky.com\/wp-content\/uploads\/2025\/11\/GH_Geosun_GS130G_1.webp\",\"width\":400,\"height\":400},{\"@type\":\"BreadcrumbList\",\"@id\":\"https:\/\/www.ghostysky.com\/product\/geosun-gs-130g\/#breadcrumb\",\"itemListElement\":[{\"@type\":\"ListItem\",\"position\":1,\"name\":\"Home\",\"item\":\"https:\/\/www.ghostysky.com\/\"},{\"@type\":\"ListItem\",\"position\":2,\"name\":\"Shop\",\"item\":\"https:\/\/www.ghostysky.com\/shop\/\"},{\"@type\":\"ListItem\",\"position\":3,\"name\":\"Geosun GS-130G\"}]},{\"@type\":\"WebSite\",\"@id\":\"https:\/\/www.ghostysky.com\/#website\",\"url\":\"https:\/\/www.ghostysky.com\/\",\"name\":\"Ghostysky\",\"description\":\"Delivering professional drones and services\",\"publisher\":{\"@id\":\"https:\/\/www.ghostysky.com\/#organization\"},\"potentialAction\":[{\"@type\":\"SearchAction\",\"target\":{\"@type\":\"EntryPoint\",\"urlTemplate\":\"https:\/\/www.ghostysky.com\/?s={search_term_string}\"},\"query-input\":{\"@type\":\"PropertyValueSpecification\",\"valueRequired\":true,\"valueName\":\"search_term_string\"}}],\"inLanguage\":\"es\"},{\"@type\":\"Organization\",\"@id\":\"https:\/\/www.ghostysky.com\/#organization\",\"name\":\"Ghostysky\",\"url\":\"https:\/\/www.ghostysky.com\/\",\"logo\":{\"@type\":\"ImageObject\",\"inLanguage\":\"es\",\"@id\":\"https:\/\/www.ghostysky.com\/#\/schema\/logo\/image\/\",\"url\":\"https:\/\/www.ghostysky.com\/wp-content\/uploads\/2020\/06\/cropped-ghostyskylogo_text_white2.png\",\"contentUrl\":\"https:\/\/www.ghostysky.com\/wp-content\/uploads\/2020\/06\/cropped-ghostyskylogo_text_white2.png\",\"width\":169,\"height\":56,\"caption\":\"Ghostysky\"},\"image\":{\"@id\":\"https:\/\/www.ghostysky.com\/#\/schema\/logo\/image\/\"},\"sameAs\":[\"https:\/\/www.facebook.com\/people\/Ghostysky\/100057676170234\/\",\"https:\/\/x.com\/Gh0stysky\",\"https:\/\/www.linkedin.com\/company\/34739653\",\"https:\/\/www.instagram.com\/gh0stysky\"]}]}<\/script>\n<!-- \/ Yoast SEO plugin. -->","yoast_head_json":{"title":"Geosun GS-130G - Ghostysky","description":"El Geosun GS-130G es un sistema de escaneo LiDAR SLAM (Localizaci\u00f3n y Mapeo Simult\u00e1neos) de vanguardia y gran versatilidad, dise\u00f1ado para redefinir la adquisici\u00f3n de datos 3D. Al combinar tecnolog\u00eda l\u00e1ser de alta precisi\u00f3n con un robusto sistema de posicionamiento, el GS-130G ofrece una precisi\u00f3n y flexibilidad inigualables para levantamientos topogr\u00e1ficos y mapeos profesionales en cualquier entorno.","robots":{"index":"index","follow":"follow","max-snippet":"max-snippet:-1","max-image-preview":"max-image-preview:large","max-video-preview":"max-video-preview:-1"},"canonical":"https:\/\/www.ghostysky.com\/es\/producto-2\/geosun-gs-130g\/","og_locale":"es_ES","og_type":"article","og_title":"Geosun GS-130G - Ghostysky","og_description":"The Geosun GS-130G is a cutting-edge, versatile SLAM (Simultaneous Localization and Mapping) LiDAR scanning system designed to redefine 3D data acquisition. Combining high-precision laser technology with a robust positioning system, the GS-130G delivers unmatched accuracy and flexibility for professional surveying and mapping across any environment.","og_url":"https:\/\/www.ghostysky.com\/es\/producto-2\/geosun-gs-130g\/","og_site_name":"Ghostysky","article_publisher":"https:\/\/www.facebook.com\/people\/Ghostysky\/100057676170234\/","article_modified_time":"2025-11-07T16:56:36+00:00","og_image":[{"width":400,"height":400,"url":"https:\/\/www.ghostysky.com\/wp-content\/uploads\/2025\/11\/GH_Geosun_GS130G_1.webp","type":"image\/webp"}],"twitter_card":"summary_large_image","twitter_site":"@Gh0stysky","twitter_misc":{"Tiempo de lectura":"2 minutos"},"schema":{"@context":"https:\/\/schema.org","@graph":[{"@type":"WebPage","@id":"https:\/\/www.ghostysky.com\/product\/geosun-gs-130g\/","url":"https:\/\/www.ghostysky.com\/product\/geosun-gs-130g\/","name":"Geosun GS-130G - Ghostysky","isPartOf":{"@id":"https:\/\/www.ghostysky.com\/#website"},"primaryImageOfPage":{"@id":"https:\/\/www.ghostysky.com\/product\/geosun-gs-130g\/#primaryimage"},"image":{"@id":"https:\/\/www.ghostysky.com\/product\/geosun-gs-130g\/#primaryimage"},"thumbnailUrl":"https:\/\/www.ghostysky.com\/wp-content\/uploads\/2025\/11\/GH_Geosun_GS130G_1.webp","datePublished":"2025-11-07T16:56:08+00:00","dateModified":"2025-11-07T16:56:36+00:00","description":"El Geosun GS-130G es un sistema de escaneo LiDAR SLAM (Localizaci\u00f3n y Mapeo Simult\u00e1neos) de vanguardia y gran versatilidad, dise\u00f1ado para redefinir la adquisici\u00f3n de datos 3D. Al combinar tecnolog\u00eda l\u00e1ser de alta precisi\u00f3n con un robusto sistema de posicionamiento, el GS-130G ofrece una precisi\u00f3n y flexibilidad inigualables para levantamientos topogr\u00e1ficos y mapeos profesionales en cualquier entorno.","breadcrumb":{"@id":"https:\/\/www.ghostysky.com\/product\/geosun-gs-130g\/#breadcrumb"},"inLanguage":"es","potentialAction":[{"@type":"ReadAction","target":["https:\/\/www.ghostysky.com\/product\/geosun-gs-130g\/"]}]},{"@type":"ImageObject","inLanguage":"es","@id":"https:\/\/www.ghostysky.com\/product\/geosun-gs-130g\/#primaryimage","url":"https:\/\/www.ghostysky.com\/wp-content\/uploads\/2025\/11\/GH_Geosun_GS130G_1.webp","contentUrl":"https:\/\/www.ghostysky.com\/wp-content\/uploads\/2025\/11\/GH_Geosun_GS130G_1.webp","width":400,"height":400},{"@type":"BreadcrumbList","@id":"https:\/\/www.ghostysky.com\/product\/geosun-gs-130g\/#breadcrumb","itemListElement":[{"@type":"ListItem","position":1,"name":"Home","item":"https:\/\/www.ghostysky.com\/"},{"@type":"ListItem","position":2,"name":"Shop","item":"https:\/\/www.ghostysky.com\/shop\/"},{"@type":"ListItem","position":3,"name":"Geosun GS-130G"}]},{"@type":"WebSite","@id":"https:\/\/www.ghostysky.com\/#website","url":"https:\/\/www.ghostysky.com\/","name":"Ghostysky","description":"Entrega de drones y servicios profesionales","publisher":{"@id":"https:\/\/www.ghostysky.com\/#organization"},"potentialAction":[{"@type":"SearchAction","target":{"@type":"EntryPoint","urlTemplate":"https:\/\/www.ghostysky.com\/?s={search_term_string}"},"query-input":{"@type":"PropertyValueSpecification","valueRequired":true,"valueName":"search_term_string"}}],"inLanguage":"es"},{"@type":"Organization","@id":"https:\/\/www.ghostysky.com\/#organization","name":"Ghostysky","url":"https:\/\/www.ghostysky.com\/","logo":{"@type":"ImageObject","inLanguage":"es","@id":"https:\/\/www.ghostysky.com\/#\/schema\/logo\/image\/","url":"https:\/\/www.ghostysky.com\/wp-content\/uploads\/2020\/06\/cropped-ghostyskylogo_text_white2.png","contentUrl":"https:\/\/www.ghostysky.com\/wp-content\/uploads\/2020\/06\/cropped-ghostyskylogo_text_white2.png","width":169,"height":56,"caption":"Ghostysky"},"image":{"@id":"https:\/\/www.ghostysky.com\/#\/schema\/logo\/image\/"},"sameAs":["https:\/\/www.facebook.com\/people\/Ghostysky\/100057676170234\/","https:\/\/x.com\/Gh0stysky","https:\/\/www.linkedin.com\/company\/34739653","https:\/\/www.instagram.com\/gh0stysky"]}]}},"_links":{"self":[{"href":"https:\/\/www.ghostysky.com\/es\/wp-json\/wp\/v2\/product\/23067","targetHints":{"allow":["GET"]}}],"collection":[{"href":"https:\/\/www.ghostysky.com\/es\/wp-json\/wp\/v2\/product"}],"about":[{"href":"https:\/\/www.ghostysky.com\/es\/wp-json\/wp\/v2\/types\/product"}],"replies":[{"embeddable":true,"href":"https:\/\/www.ghostysky.com\/es\/wp-json\/wp\/v2\/comments?post=23067"}],"wp:featuredmedia":[{"embeddable":true,"href":"https:\/\/www.ghostysky.com\/es\/wp-json\/wp\/v2\/media\/23069"}],"wp:attachment":[{"href":"https:\/\/www.ghostysky.com\/es\/wp-json\/wp\/v2\/media?parent=23067"}],"wp:term":[{"taxonomy":"product_brand","embeddable":true,"href":"https:\/\/www.ghostysky.com\/es\/wp-json\/wp\/v2\/product_brand?post=23067"},{"taxonomy":"product_cat","embeddable":true,"href":"https:\/\/www.ghostysky.com\/es\/wp-json\/wp\/v2\/product_cat?post=23067"},{"taxonomy":"product_tag","embeddable":true,"href":"https:\/\/www.ghostysky.com\/es\/wp-json\/wp\/v2\/product_tag?post=23067"}],"curies":[{"name":"wp","href":"https:\/\/api.w.org\/{rel}","templated":true}]}}