{"id":23073,"date":"2025-11-09T08:41:06","date_gmt":"2025-11-09T08:41:06","guid":{"rendered":"https:\/\/www.ghostysky.com\/?post_type=product&#038;p=23073"},"modified":"2025-11-09T08:52:39","modified_gmt":"2025-11-09T08:52:39","slug":"dji-matrice-400-worry-free-plus-combo-emlid-rs4-base-kit","status":"publish","type":"product","link":"https:\/\/www.ghostysky.com\/es\/product\/dji-matrice-400-worry-free-plus-combo-emlid-rs4-base-kit\/","title":{"rendered":"Kit de topograf\u00eda DJI Matrice 400"},"content":{"rendered":"<h4><b>DJI Matrice 400 Worry-Free Plus Combo: La plataforma de vuelo insignia<\/b><\/h4>\n<p><span class=\"citation-37 citation-end-37\">El M400 es una evoluci\u00f3n de la plataforma de drones industriales, dise\u00f1ada para ofrecer versatilidad, inteligencia y una resistencia extrema.<sup class=\"superscript\" data-turn-source-index=\"1\">1<\/sup><\/span> El paquete Worry-Free Plus garantiza el m\u00e1ximo tiempo de actividad y tranquilidad.<\/p>\n<ul>\n<li><b><span class=\"citation-36\">Rendimiento de largo alcance y en cualquier condici\u00f3n clim\u00e1tica:<\/span><\/b><span class=\"citation-36\"> Alcanza un tiempo de vuelo m\u00e1ximo de hasta <\/span><b><span class=\"citation-36\">59 minutos<\/span><\/b><span class=\"citation-36\"> (con la carga \u00fatil H30T) y funcionan de manera fiable en condiciones adversas gracias a <\/span><b><span class=\"citation-36\">Clasificaci\u00f3n IP55<\/span><\/b><span class=\"citation-36 citation-end-36\"> y un amplio rango de temperatura de funcionamiento (<span style=\"font-size: 13.3333px;\">-20\u00baC a 50\u00baC<\/span><\/span><span class=\"citation-34 citation-end-34\">).<\/span><\/li>\n<li><b>M\u00e1xima seguridad y detecci\u00f3n de obst\u00e1culos:<\/b><span class=\"citation-33\"> Vuela con confianza usando <\/span><b><span class=\"citation-33\">Detecci\u00f3n de obst\u00e1culos a nivel de l\u00ednea el\u00e9ctrica<\/span><\/b><span class=\"citation-33 citation-end-33\">.<\/span> <span class=\"citation-32\">Una fusi\u00f3n de rotaci\u00f3n <\/span><b><span class=\"citation-32\">LiDAR<\/span><\/b><span class=\"citation-32\">, <\/span><b><span class=\"citation-32\">radar de ondas milim\u00e9tricas<\/span><\/b><span class=\"citation-32 citation-end-32\">y los sensores de visi\u00f3n omnidireccional detectan cables finos y obst\u00e1culos, incluso en terrenos complejos, con poca luz o monta\u00f1osos.<\/span><\/li>\n<li><b><span class=\"citation-31\">Gran versatilidad de carga \u00fatil:<\/span><\/b><span class=\"citation-31\"> Con una capacidad m\u00e1xima de carga \u00fatil de <\/span><b><span class=\"citation-31\">6 kilos<\/span><\/b><span class=\"citation-31 citation-end-31\"> y con soporte para hasta siete cargas \u00fatiles simult\u00e1neas (a trav\u00e9s de E-Port V2), el M400 es compatible con los sensores m\u00e1s avanzados de DJI, incluidos Zenmuse L2 (LiDAR), la serie H30 (t\u00e9rmica\/zoom) y P1 (fotogrametr\u00eda), adapt\u00e1ndose a cualquier tarea.<\/span><\/li>\n<li><b><span class=\"citation-30\">Inteligencia y automatizaci\u00f3n avanzadas:<\/span><\/b><span class=\"citation-30\"> Optimiza tu flujo de trabajo con funciones como <\/span><b><span class=\"citation-30\">Seguimiento del terreno en tiempo real<\/span><\/b><span class=\"citation-30\">, <\/span><b><span class=\"citation-30\">Proyecci\u00f3n AR inteligente<\/span><\/b><span class=\"citation-30 citation-end-30\"> de puntos de ruta y l\u00edneas el\u00e9ctricas, y planificaci\u00f3n automatizada de misiones (ruta geom\u00e9trica y de pendiente) a trav\u00e9s de FlightHub 2.<\/span><\/li>\n<li><b><span class=\"citation-29\">Protecci\u00f3n sin preocupaciones:<\/span><\/b><span class=\"citation-29\"> El paquete combinado incluye un <\/span><b><span class=\"citation-29\">Plan de cuidado DJI Plus de 1 a\u00f1o con activaci\u00f3n autom\u00e1tica<\/span><\/b><span class=\"citation-29 citation-end-29\">, brindando asistencia para reparaciones y garantizando a\u00fan m\u00e1s la durabilidad de su inversi\u00f3n.<\/span><\/li>\n<\/ul>\n<p>&nbsp;<\/p>\n<h4><b>Kit b\u00e1sico Emlid RS4: Precisi\u00f3n GNSS de grado topogr\u00e1fico<\/b><\/h4>\n<p><span class=\"citation-28 citation-end-28\">El Emlid RS4 es un receptor GNSS robusto de todas las bandas dise\u00f1ado para proporcionar la referencia terrestre est\u00e1tica de alta precisi\u00f3n (estaci\u00f3n base) esencial para la cartograf\u00eda a\u00e9rea profesional.<\/span><\/p>\n<ul>\n<li><b><span class=\"citation-27\">Precisi\u00f3n a nivel de cent\u00edmetros:<\/span><\/b><span class=\"citation-27 citation-end-27\"> Logre una precisi\u00f3n de posicionamiento excepcional con una precisi\u00f3n horizontal RTK de <\/span><b><span class=\"math-inline\" data-math=\"7\\,\\text{mm} + 1\\,\\text{ppm}\">7 mm + 1 ppm<\/span><\/b><span class=\"citation-26 citation-end-26\">.<\/span>\u00a0<span class=\"citation-25 citation-end-25\">El RS4 rastrea todas las principales constelaciones de sat\u00e9lites (GPS, GLONASS, Galileo, BeiDou, etc.) en m\u00faltiples frecuencias.<\/span><\/li>\n<li><b>Fuente de correcci\u00f3n robusta:<\/b><span class=\"citation-24\"> El kit b\u00e1sico est\u00e1 configurado para registrar datos GNSS sin procesar para <\/span><b><span class=\"citation-24\">Cinem\u00e1tica de postprocesamiento (PPK)<\/span><\/b><span class=\"citation-24\"> flujos de trabajo o transmitir correcciones en tiempo real a trav\u00e9s de <\/span><b><span class=\"citation-24\">NTRIP<\/span><\/b><span class=\"citation-24\"> a trav\u00e9s de internet o mediante su potente <\/span><b><span class=\"citation-24\">radio de doble banda (UHF\/LoRa)<\/span><\/b><\/li>\n<li><b><span class=\"citation-23\">Dise\u00f1ado para el campo:<\/span><\/b><span class=\"citation-23\"> Con una durabilidad <\/span><b><span class=\"citation-23\">cuerpo de aleaci\u00f3n de magnesio<\/span><\/b><span class=\"citation-23\">, un <\/span><b><span class=\"citation-23\">clasificaci\u00f3n de protecci\u00f3n IP68<\/span><\/b><span class=\"citation-23 citation-end-23\">, y un amplio rango de temperatura de funcionamiento (<\/span><span class=\"math-inline\" data-math=\"-40^\\circ\\text{C}\">-40\u00baC<\/span><span class=\"citation-22 citation-end-22\"> a\u00a0<\/span><span class=\"math-inline\" data-math=\"+65^\\circ\\text{C}\">65\u00baC<\/span><span class=\"citation-21 citation-end-21\">), el RS4 est\u00e1 dise\u00f1ado para un despliegue prolongado en los entornos m\u00e1s dif\u00edciles.<\/span><\/li>\n<li><b>Resistencia durante todo el d\u00eda:<\/b><span class=\"citation-20\"> La bater\u00eda interna de iones de litio proporciona hasta <\/span><b><span class=\"citation-20\">16 horas<\/span><\/b><span class=\"citation-20 citation-end-20\"> de autonom\u00eda, garantizando as\u00ed la recopilaci\u00f3n de datos de referencia para un d\u00eda completo.<\/span><\/li>\n<\/ul>\n<p>&nbsp;<\/p>\n<h4><b>El flujo de trabajo sin\u00e9rgico: la cartograf\u00eda con drones redefinida<\/b><\/h4>\n<p>Esta combinaci\u00f3n crea la configuraci\u00f3n definitiva para el mapeo con drones RTK\/PPK. <span class=\"citation-19 citation-end-19\">El M400, cuando est\u00e1 equipado con una carga \u00fatil de mapeo como el Zenmuse P1 o L2, recibe datos posicionales de alta precisi\u00f3n, ya sea en tiempo real (RTK) o mediante post-procesamiento (PPK) utilizando el archivo de registro estacionario y de alta precisi\u00f3n de la estaci\u00f3n base Emlid RS4.<\/span><\/p>\n<p>Esta sinergia de nivel profesional es ideal para:<\/p>\n<ul>\n<li><b>Levantamiento y cartograf\u00eda topogr\u00e1fica de alta precisi\u00f3n<\/b><\/li>\n<li><b>Inspecci\u00f3n de infraestructura de precisi\u00f3n (l\u00edneas el\u00e9ctricas, puentes)<\/b><\/li>\n<li><b>Modelado 3D detallado y c\u00e1lculos volum\u00e9tricos<\/b><\/li>\n<li><b>Monitoreo de obra y verificaci\u00f3n de planos finales<\/b><\/li>\n<\/ul>\n<p><b>Equipe a su equipo con la soluci\u00f3n l\u00edder para la adquisici\u00f3n de datos a\u00e9reos de precisi\u00f3n. La fiabilidad de nivel empresarial del M400, combinada con la precisi\u00f3n topogr\u00e1fica del RS4, garantiza resultados inigualables en cada misi\u00f3n.<\/b><\/p>","protected":false},"excerpt":{"rendered":"<p>Desbloquee una precisi\u00f3n y eficiencia sin precedentes para las misiones empresariales m\u00e1s exigentes con esta soluci\u00f3n integrada. Combinando la robustez <b>DJI Matrice 400 (M400)<\/b> con el grado de encuesta <b>Kit b\u00e1sico Emlid RS4<\/b> Crea un sistema de alto rendimiento para levantamientos topogr\u00e1ficos, cartograf\u00eda, inspecci\u00f3n y m\u00e1s, que ofrece una precisi\u00f3n a nivel centim\u00e9trico con la m\u00e1xima fiabilidad operativa.<\/p>\n<p>El paquete incluye:<\/p>\n<ul>\n<li>1x combo DJI Matrice 400 sin preocupaciones Plus<\/li>\n<li>1x DJI Zenmuse P1<\/li>\n<li>1 bater\u00eda DJI TB100<\/li>\n<li>1x Emlid RS4<\/li>\n<li>1x Parachoques Emlid Reach RS4<\/li>\n<li>1 adaptador de liberaci\u00f3n r\u00e1pida Emlid<\/li>\n<li>1 kit de accesorios para la base Emlid<\/li>\n<\/ul>","protected":false},"featured_media":23075,"comment_status":"open","ping_status":"closed","template":"","meta":[],"product_brand":[1031,1025],"product_cat":[37,29,89,1189,1125,1126,30],"product_tag":[42,1129,1283,47,58,1026,1225,1281,57,1282],"class_list":{"0":"post-23073","1":"product","2":"type-product","3":"status-publish","4":"has-post-thumbnail","6":"product_brand-dji","7":"product_brand-emlid","8":"product_cat-dji","9":"product_cat-drones","10":"product_cat-emlid","11":"product_cat-kir-rs4_rs4pro_rs3","12":"product_cat-matrice-400","13":"product_cat-matrice-400-drones","14":"product_cat-mobile-station","15":"product_tag-dji","16":"product_tag-dji-matrice-400-drones","17":"product_tag-dji-matrice-400-series-kit","18":"product_tag-drones","19":"product_tag-emlid","20":"product_tag-emlid-rs4","21":"product_tag-emlid-rs4-kit","22":"product_tag-kit-rs4_rs4-pro_rs3","23":"product_tag-mobile-station","24":"product_tag-other-tags-dji-emlid-kit","26":"first","27":"onbackorder","28":"taxable","29":"shipping-taxable","30":"purchasable","31":"product-type-woosb"},"yoast_head":"<!-- This site is optimized with the Yoast SEO plugin v27.4 - https:\/\/yoast.com\/product\/yoast-seo-wordpress\/ -->\n<title>DJI Matrice 400 Topography Kit - Ghostysky<\/title>\n<meta name=\"description\" content=\"Unlock unparalleled accuracy and efficiency for your most demanding enterprise missions with this integrated solution. Combining the robust DJI Matrice 400 (M400) with the survey-grade Emlid RS4 Base Kit creates a high-performance system for surveying, mapping, inspection, and more, delivering centimeter-level precision with maximum operational reliability.\" \/>\n<meta name=\"robots\" content=\"index, follow, max-snippet:-1, max-image-preview:large, max-video-preview:-1\" \/>\n<link rel=\"canonical\" href=\"https:\/\/www.ghostysky.com\/es\/producto-2\/dji-matrice-400-worry-free-plus-combo-emlid-rs4-base-kit\/\" \/>\n<meta property=\"og:locale\" content=\"es_ES\" \/>\n<meta property=\"og:type\" content=\"article\" \/>\n<meta property=\"og:title\" content=\"DJI Matrice 400 Topography Kit - Ghostysky\" \/>\n<meta property=\"og:description\" content=\"Unlock unparalleled accuracy and efficiency for your most demanding enterprise missions with this integrated solution. Combining the robust DJI Matrice 400 (M400) with the survey-grade Emlid RS4 Base Kit creates a high-performance system for surveying, mapping, inspection, and more, delivering centimeter-level precision with maximum operational reliability.\" \/>\n<meta property=\"og:url\" content=\"https:\/\/www.ghostysky.com\/es\/producto-2\/dji-matrice-400-worry-free-plus-combo-emlid-rs4-base-kit\/\" \/>\n<meta property=\"og:site_name\" content=\"Ghostysky\" \/>\n<meta property=\"article:publisher\" content=\"https:\/\/www.facebook.com\/people\/Ghostysky\/100057676170234\/\" \/>\n<meta property=\"article:modified_time\" content=\"2025-11-09T08:52:39+00:00\" \/>\n<meta property=\"og:image\" content=\"https:\/\/www.ghostysky.com\/wp-content\/uploads\/2025\/11\/GH_DJI_Matrice_400_Emlid_RS4.jpg\" \/>\n\t<meta property=\"og:image:width\" content=\"800\" \/>\n\t<meta property=\"og:image:height\" content=\"600\" \/>\n\t<meta property=\"og:image:type\" content=\"image\/jpeg\" \/>\n<meta name=\"twitter:card\" content=\"summary_large_image\" \/>\n<meta name=\"twitter:site\" content=\"@Gh0stysky\" \/>\n<meta name=\"twitter:label1\" content=\"Tiempo de lectura\" \/>\n\t<meta name=\"twitter:data1\" content=\"3 minutos\" \/>\n<script type=\"application\/ld+json\" class=\"yoast-schema-graph\">{\"@context\":\"https:\\\/\\\/schema.org\",\"@graph\":[{\"@type\":\"WebPage\",\"@id\":\"https:\\\/\\\/www.ghostysky.com\\\/product\\\/dji-matrice-400-worry-free-plus-combo-emlid-rs4-base-kit\\\/\",\"url\":\"https:\\\/\\\/www.ghostysky.com\\\/product\\\/dji-matrice-400-worry-free-plus-combo-emlid-rs4-base-kit\\\/\",\"name\":\"DJI Matrice 400 Topography Kit - Ghostysky\",\"isPartOf\":{\"@id\":\"https:\\\/\\\/www.ghostysky.com\\\/#website\"},\"primaryImageOfPage\":{\"@id\":\"https:\\\/\\\/www.ghostysky.com\\\/product\\\/dji-matrice-400-worry-free-plus-combo-emlid-rs4-base-kit\\\/#primaryimage\"},\"image\":{\"@id\":\"https:\\\/\\\/www.ghostysky.com\\\/product\\\/dji-matrice-400-worry-free-plus-combo-emlid-rs4-base-kit\\\/#primaryimage\"},\"thumbnailUrl\":\"https:\\\/\\\/www.ghostysky.com\\\/wp-content\\\/uploads\\\/2025\\\/11\\\/GH_DJI_Matrice_400_Emlid_RS4.jpg\",\"datePublished\":\"2025-11-09T08:41:06+00:00\",\"dateModified\":\"2025-11-09T08:52:39+00:00\",\"description\":\"Unlock unparalleled accuracy and efficiency for your most demanding enterprise missions with this integrated solution. Combining the robust DJI Matrice 400 (M400) with the survey-grade Emlid RS4 Base Kit creates a high-performance system for surveying, mapping, inspection, and more, delivering centimeter-level precision with maximum operational reliability.\",\"breadcrumb\":{\"@id\":\"https:\\\/\\\/www.ghostysky.com\\\/product\\\/dji-matrice-400-worry-free-plus-combo-emlid-rs4-base-kit\\\/#breadcrumb\"},\"inLanguage\":\"es\",\"potentialAction\":[{\"@type\":\"ReadAction\",\"target\":[\"https:\\\/\\\/www.ghostysky.com\\\/product\\\/dji-matrice-400-worry-free-plus-combo-emlid-rs4-base-kit\\\/\"]}]},{\"@type\":\"ImageObject\",\"inLanguage\":\"es\",\"@id\":\"https:\\\/\\\/www.ghostysky.com\\\/product\\\/dji-matrice-400-worry-free-plus-combo-emlid-rs4-base-kit\\\/#primaryimage\",\"url\":\"https:\\\/\\\/www.ghostysky.com\\\/wp-content\\\/uploads\\\/2025\\\/11\\\/GH_DJI_Matrice_400_Emlid_RS4.jpg\",\"contentUrl\":\"https:\\\/\\\/www.ghostysky.com\\\/wp-content\\\/uploads\\\/2025\\\/11\\\/GH_DJI_Matrice_400_Emlid_RS4.jpg\",\"width\":800,\"height\":600},{\"@type\":\"BreadcrumbList\",\"@id\":\"https:\\\/\\\/www.ghostysky.com\\\/product\\\/dji-matrice-400-worry-free-plus-combo-emlid-rs4-base-kit\\\/#breadcrumb\",\"itemListElement\":[{\"@type\":\"ListItem\",\"position\":1,\"name\":\"Home\",\"item\":\"https:\\\/\\\/www.ghostysky.com\\\/\"},{\"@type\":\"ListItem\",\"position\":2,\"name\":\"Shop\",\"item\":\"https:\\\/\\\/www.ghostysky.com\\\/shop\\\/\"},{\"@type\":\"ListItem\",\"position\":3,\"name\":\"DJI Matrice 400 Topography Kit\"}]},{\"@type\":\"WebSite\",\"@id\":\"https:\\\/\\\/www.ghostysky.com\\\/#website\",\"url\":\"https:\\\/\\\/www.ghostysky.com\\\/\",\"name\":\"Ghostysky\",\"description\":\"Delivering professional drones and robotics solutions\",\"publisher\":{\"@id\":\"https:\\\/\\\/www.ghostysky.com\\\/#organization\"},\"potentialAction\":[{\"@type\":\"SearchAction\",\"target\":{\"@type\":\"EntryPoint\",\"urlTemplate\":\"https:\\\/\\\/www.ghostysky.com\\\/?s={search_term_string}\"},\"query-input\":{\"@type\":\"PropertyValueSpecification\",\"valueRequired\":true,\"valueName\":\"search_term_string\"}}],\"inLanguage\":\"es\"},{\"@type\":\"Organization\",\"@id\":\"https:\\\/\\\/www.ghostysky.com\\\/#organization\",\"name\":\"Ghostysky\",\"url\":\"https:\\\/\\\/www.ghostysky.com\\\/\",\"logo\":{\"@type\":\"ImageObject\",\"inLanguage\":\"es\",\"@id\":\"https:\\\/\\\/www.ghostysky.com\\\/#\\\/schema\\\/logo\\\/image\\\/\",\"url\":\"https:\\\/\\\/www.ghostysky.com\\\/wp-content\\\/uploads\\\/2020\\\/06\\\/cropped-ghostyskylogo_text_white2.png\",\"contentUrl\":\"https:\\\/\\\/www.ghostysky.com\\\/wp-content\\\/uploads\\\/2020\\\/06\\\/cropped-ghostyskylogo_text_white2.png\",\"width\":169,\"height\":56,\"caption\":\"Ghostysky\"},\"image\":{\"@id\":\"https:\\\/\\\/www.ghostysky.com\\\/#\\\/schema\\\/logo\\\/image\\\/\"},\"sameAs\":[\"https:\\\/\\\/www.facebook.com\\\/people\\\/Ghostysky\\\/100057676170234\\\/\",\"https:\\\/\\\/x.com\\\/Gh0stysky\",\"https:\\\/\\\/www.linkedin.com\\\/company\\\/34739653\",\"https:\\\/\\\/www.instagram.com\\\/gh0stysky\"]}]}<\/script>\n<!-- \/ Yoast SEO plugin. -->","yoast_head_json":{"title":"Kit de topograf\u00eda DJI Matrice 400 - Ghostysky","description":"Desbloquea una precisi\u00f3n y eficiencia sin precedentes para tus misiones empresariales m\u00e1s exigentes con esta soluci\u00f3n integrada. La combinaci\u00f3n del robusto DJI Matrice 400 (M400) con el kit base Emlid RS4 de grado topogr\u00e1fico crea un sistema de alto rendimiento para levantamientos topogr\u00e1ficos, cartograf\u00eda, inspecci\u00f3n y mucho m\u00e1s, ofreciendo una precisi\u00f3n centim\u00e9trica con la m\u00e1xima fiabilidad operativa.","robots":{"index":"index","follow":"follow","max-snippet":"max-snippet:-1","max-image-preview":"max-image-preview:large","max-video-preview":"max-video-preview:-1"},"canonical":"https:\/\/www.ghostysky.com\/es\/producto-2\/dji-matrice-400-worry-free-plus-combo-emlid-rs4-base-kit\/","og_locale":"es_ES","og_type":"article","og_title":"DJI Matrice 400 Topography Kit - Ghostysky","og_description":"Unlock unparalleled accuracy and efficiency for your most demanding enterprise missions with this integrated solution. Combining the robust DJI Matrice 400 (M400) with the survey-grade Emlid RS4 Base Kit creates a high-performance system for surveying, mapping, inspection, and more, delivering centimeter-level precision with maximum operational reliability.","og_url":"https:\/\/www.ghostysky.com\/es\/producto-2\/dji-matrice-400-worry-free-plus-combo-emlid-rs4-base-kit\/","og_site_name":"Ghostysky","article_publisher":"https:\/\/www.facebook.com\/people\/Ghostysky\/100057676170234\/","article_modified_time":"2025-11-09T08:52:39+00:00","og_image":[{"width":800,"height":600,"url":"https:\/\/www.ghostysky.com\/wp-content\/uploads\/2025\/11\/GH_DJI_Matrice_400_Emlid_RS4.jpg","type":"image\/jpeg"}],"twitter_card":"summary_large_image","twitter_site":"@Gh0stysky","twitter_misc":{"Tiempo de lectura":"3 minutos"},"schema":{"@context":"https:\/\/schema.org","@graph":[{"@type":"WebPage","@id":"https:\/\/www.ghostysky.com\/product\/dji-matrice-400-worry-free-plus-combo-emlid-rs4-base-kit\/","url":"https:\/\/www.ghostysky.com\/product\/dji-matrice-400-worry-free-plus-combo-emlid-rs4-base-kit\/","name":"Kit de topograf\u00eda DJI Matrice 400 - Ghostysky","isPartOf":{"@id":"https:\/\/www.ghostysky.com\/#website"},"primaryImageOfPage":{"@id":"https:\/\/www.ghostysky.com\/product\/dji-matrice-400-worry-free-plus-combo-emlid-rs4-base-kit\/#primaryimage"},"image":{"@id":"https:\/\/www.ghostysky.com\/product\/dji-matrice-400-worry-free-plus-combo-emlid-rs4-base-kit\/#primaryimage"},"thumbnailUrl":"https:\/\/www.ghostysky.com\/wp-content\/uploads\/2025\/11\/GH_DJI_Matrice_400_Emlid_RS4.jpg","datePublished":"2025-11-09T08:41:06+00:00","dateModified":"2025-11-09T08:52:39+00:00","description":"Desbloquea una precisi\u00f3n y eficiencia sin precedentes para tus misiones empresariales m\u00e1s exigentes con esta soluci\u00f3n integrada. La combinaci\u00f3n del robusto DJI Matrice 400 (M400) con el kit base Emlid RS4 de grado topogr\u00e1fico crea un sistema de alto rendimiento para levantamientos topogr\u00e1ficos, cartograf\u00eda, inspecci\u00f3n y mucho m\u00e1s, ofreciendo una precisi\u00f3n centim\u00e9trica con la m\u00e1xima fiabilidad operativa.","breadcrumb":{"@id":"https:\/\/www.ghostysky.com\/product\/dji-matrice-400-worry-free-plus-combo-emlid-rs4-base-kit\/#breadcrumb"},"inLanguage":"es","potentialAction":[{"@type":"ReadAction","target":["https:\/\/www.ghostysky.com\/product\/dji-matrice-400-worry-free-plus-combo-emlid-rs4-base-kit\/"]}]},{"@type":"ImageObject","inLanguage":"es","@id":"https:\/\/www.ghostysky.com\/product\/dji-matrice-400-worry-free-plus-combo-emlid-rs4-base-kit\/#primaryimage","url":"https:\/\/www.ghostysky.com\/wp-content\/uploads\/2025\/11\/GH_DJI_Matrice_400_Emlid_RS4.jpg","contentUrl":"https:\/\/www.ghostysky.com\/wp-content\/uploads\/2025\/11\/GH_DJI_Matrice_400_Emlid_RS4.jpg","width":800,"height":600},{"@type":"BreadcrumbList","@id":"https:\/\/www.ghostysky.com\/product\/dji-matrice-400-worry-free-plus-combo-emlid-rs4-base-kit\/#breadcrumb","itemListElement":[{"@type":"ListItem","position":1,"name":"Home","item":"https:\/\/www.ghostysky.com\/"},{"@type":"ListItem","position":2,"name":"Shop","item":"https:\/\/www.ghostysky.com\/shop\/"},{"@type":"ListItem","position":3,"name":"DJI Matrice 400 Topography Kit"}]},{"@type":"WebSite","@id":"https:\/\/www.ghostysky.com\/#website","url":"https:\/\/www.ghostysky.com\/","name":"Ghostysky","description":"Ofrecemos soluciones profesionales de drones y rob\u00f3tica.","publisher":{"@id":"https:\/\/www.ghostysky.com\/#organization"},"potentialAction":[{"@type":"SearchAction","target":{"@type":"EntryPoint","urlTemplate":"https:\/\/www.ghostysky.com\/?s={search_term_string}"},"query-input":{"@type":"PropertyValueSpecification","valueRequired":true,"valueName":"search_term_string"}}],"inLanguage":"es"},{"@type":"Organization","@id":"https:\/\/www.ghostysky.com\/#organization","name":"Ghostysky","url":"https:\/\/www.ghostysky.com\/","logo":{"@type":"ImageObject","inLanguage":"es","@id":"https:\/\/www.ghostysky.com\/#\/schema\/logo\/image\/","url":"https:\/\/www.ghostysky.com\/wp-content\/uploads\/2020\/06\/cropped-ghostyskylogo_text_white2.png","contentUrl":"https:\/\/www.ghostysky.com\/wp-content\/uploads\/2020\/06\/cropped-ghostyskylogo_text_white2.png","width":169,"height":56,"caption":"Ghostysky"},"image":{"@id":"https:\/\/www.ghostysky.com\/#\/schema\/logo\/image\/"},"sameAs":["https:\/\/www.facebook.com\/people\/Ghostysky\/100057676170234\/","https:\/\/x.com\/Gh0stysky","https:\/\/www.linkedin.com\/company\/34739653","https:\/\/www.instagram.com\/gh0stysky"]}]}},"_links":{"self":[{"href":"https:\/\/www.ghostysky.com\/es\/wp-json\/wp\/v2\/product\/23073","targetHints":{"allow":["GET"]}}],"collection":[{"href":"https:\/\/www.ghostysky.com\/es\/wp-json\/wp\/v2\/product"}],"about":[{"href":"https:\/\/www.ghostysky.com\/es\/wp-json\/wp\/v2\/types\/product"}],"replies":[{"embeddable":true,"href":"https:\/\/www.ghostysky.com\/es\/wp-json\/wp\/v2\/comments?post=23073"}],"version-history":[{"count":0,"href":"https:\/\/www.ghostysky.com\/es\/wp-json\/wp\/v2\/product\/23073\/revisions"}],"wp:featuredmedia":[{"embeddable":true,"href":"https:\/\/www.ghostysky.com\/es\/wp-json\/wp\/v2\/media\/23075"}],"wp:attachment":[{"href":"https:\/\/www.ghostysky.com\/es\/wp-json\/wp\/v2\/media?parent=23073"}],"wp:term":[{"taxonomy":"product_brand","embeddable":true,"href":"https:\/\/www.ghostysky.com\/es\/wp-json\/wp\/v2\/product_brand?post=23073"},{"taxonomy":"product_cat","embeddable":true,"href":"https:\/\/www.ghostysky.com\/es\/wp-json\/wp\/v2\/product_cat?post=23073"},{"taxonomy":"product_tag","embeddable":true,"href":"https:\/\/www.ghostysky.com\/es\/wp-json\/wp\/v2\/product_tag?post=23073"}],"curies":[{"name":"wp","href":"https:\/\/api.w.org\/{rel}","templated":true}]}}