{"id":23100,"date":"2025-11-11T15:22:07","date_gmt":"2025-11-11T15:22:07","guid":{"rendered":"https:\/\/www.ghostysky.com\/?post_type=product&#038;p=23100"},"modified":"2025-11-11T16:10:39","modified_gmt":"2025-11-11T16:10:39","slug":"dji-mic-3-2-tx-1-rx-charging-case","status":"publish","type":"product","link":"https:\/\/www.ghostysky.com\/es\/product\/dji-mic-3-2-tx-1-rx-charging-case\/","title":{"rendered":"DJI Mic 3 (2 transmisores + 1 receptor + estuche de carga)"},"content":{"rendered":"<h4>Caracter\u00edsticas clave y rendimiento profesional<\/h4>\n<p>&nbsp;<\/p>\n<h4>1. Calidad de audio superior y seguridad en la grabaci\u00f3n<\/h4>\n<ul>\n<li><b>Grabaci\u00f3n interna de coma flotante de 32 bits:<\/b><span class=\"citation-129 citation-end-129\"> Los transmisores (TX) cuentan con 32 GB de almacenamiento incorporado y admiten grabaci\u00f3n de coma flotante de 32 bits.<\/span> <span class=\"citation-128 citation-end-128\">Esto proporciona un rango din\u00e1mico excepcionalmente alto, evitando la saturaci\u00f3n digital (picos) y haciendo que la postproducci\u00f3n sea lo suficientemente flexible como para recuperar detalles de audio desde susurros hasta gritos.<\/span><\/li>\n<li><b><span class=\"citation-127\">Transmisi\u00f3n de audio sin p\u00e9rdidas:<\/span><\/b><span class=\"citation-127 citation-end-127\"> Admite transmisi\u00f3n de audio sin p\u00e9rdidas de 48 kHz\/24 bits para una calidad de sonido n\u00edtida y sin compresi\u00f3n.<\/span><\/li>\n<li><b>Control de ganancia adaptativo:<\/b><span class=\"citation-126 citation-end-126\"> Incluye un modo autom\u00e1tico para evitar la distorsi\u00f3n en entornos impredecibles y de alto volumen (como eventos deportivos) y un modo din\u00e1mico para un volumen constante en entornos m\u00e1s tranquilos, similares a los de un estudio.<\/span>\n<div class=\"source-inline-chip-container ng-star-inserted\"><\/div>\n<\/li>\n<\/ul>\n<h4>2. Mayor fiabilidad y alcance inal\u00e1mbricos.<\/h4>\n<ul>\n<li><b>Antiinterferencias de doble banda:<\/b><span class=\"citation-125 citation-end-125\"> El sistema cambia autom\u00e1ticamente entre las bandas de 2,4 GHz y 5 GHz para mantener una conexi\u00f3n estable y libre de interferencias.<\/span><\/li>\n<li><b>Rango extendido:<\/b><span class=\"citation-124\"> Ofrece un amplio alcance de transmisi\u00f3n inal\u00e1mbrica de hasta <\/span><b><span class=\"citation-124\">400 metros<\/span><\/b><span class=\"citation-124 citation-end-124\"> (1312 pies) en condiciones abiertas y sin obst\u00e1culos, lo que brinda confianza para las filmaciones al aire libre.<\/span>\n<div class=\"source-inline-chip-container ng-star-inserted\"><\/div>\n<\/li>\n<\/ul>\n<h4>3. Versatilidad y facilidad de uso sin precedentes<\/h4>\n<ul>\n<li><b>C\u00f3digo de tiempo integrado:<\/b><span class=\"citation-123 citation-end-123\"> El sistema admite la sincronizaci\u00f3n de c\u00f3digo de tiempo de alta precisi\u00f3n, lo que garantiza una alineaci\u00f3n perfecta de las pistas de audio con las grabaciones de v\u00eddeo multic\u00e1mara en la postproducci\u00f3n.<\/span><\/li>\n<li><b>Cancelaci\u00f3n activa de ruido:<\/b><span class=\"citation-122 citation-end-122\"> Incorpora cancelaci\u00f3n de ruido de dos niveles (B\u00e1sico y Fuerte) para reducir eficazmente el ruido ambiental de fondo (ventiladores, viento, tr\u00e1fico) al tiempo que preserva la claridad vocal.<\/span><\/li>\n<li><b>Sujeci\u00f3n magn\u00e9tica y con clip:<\/b><span class=\"citation-121 citation-end-121\"> Los transmisores son peque\u00f1os y ligeros (aprox.<\/span> <span class=\"citation-120 citation-end-120\">16 g), y ofrecen m\u00e9todos de sujeci\u00f3n tanto mediante clip como magn\u00e9ticos para una colocaci\u00f3n discreta y flexible.<\/span><\/li>\n<li><b><span class=\"citation-119\">Pantalla t\u00e1ctil del receptor:<\/span><\/b><span class=\"citation-119\"> El receptor compacto (RX) cuenta con un <\/span><b><span class=\"citation-119\">Pantalla t\u00e1ctil AMOLED de 1,1 pulgadas y un dial<\/span><\/b><span class=\"citation-119 citation-end-119\"> Para un acceso r\u00e1pido e intuitivo a ajustes como ganancia, estado de la bater\u00eda y modos de grabaci\u00f3n.<\/span>\n<div class=\"source-inline-chip-container ng-star-inserted\"><\/div>\n<\/li>\n<\/ul>\n<h4>4. <span class=\"citation-118 citation-end-118\">Soluci\u00f3n de alimentaci\u00f3n todo en uno (estuche de carga)<\/span><\/h4>\n<ul>\n<li><b>Duraci\u00f3n prolongada de la bater\u00eda:<\/b><span class=\"citation-117 citation-end-117\"> Los transmisores ofrecen 8 horas de autonom\u00eda y el receptor ofrece 10 horas.<\/span> <span class=\"citation-116\">El estuche de carga incluido proporciona aproximadamente <\/span><b><span class=\"citation-116\">2.4 cargas completas<\/span><\/b><span class=\"citation-116\"> para todos los componentes, extendiendo el tiempo total de funcionamiento hasta un m\u00e1ximo de <\/span><b><span class=\"citation-116\">28 horas<\/span><\/b><span class=\"citation-116 citation-end-116\">.<\/span><\/li>\n<li><b><span class=\"citation-115\">Dise\u00f1o listo para usar:<\/span><\/b><span class=\"citation-115 citation-end-115\"> El estuche de carga guarda ordenadamente ambas unidades TX, la unidad RX y los accesorios esenciales (como pantallas antiviento e imanes) para una configuraci\u00f3n instant\u00e1nea.<\/span><\/li>\n<\/ul>\n<p>&nbsp;<\/p>\n<h3>\u00bfQu\u00e9 incluye la caja?<\/h3>\n<ul>\n<li><span class=\"citation-114 citation-end-114\">2 transmisores DJI Mic 3 (TX)<\/span><\/li>\n<li><span class=\"citation-113 citation-end-113\">1x Receptor DJI Mic 3 (RX)<\/span><\/li>\n<li><span class=\"citation-112 citation-end-112\">1 estuche de carga para DJI Mic 3<\/span><\/li>\n<li><span class=\"citation-111 citation-end-111\">1 adaptador para tel\u00e9fono m\u00f3vil DJI Mic 3 (USB-C)\u00a0<\/span><\/li>\n<li><span class=\"citation-110 citation-end-110\">1 cable adaptador de audio con bloqueo DJI Mic 3 (TRS de 3,5 mm a TRS) \u00d7 1 (para c\u00e1maras)<\/span><\/li>\n<li><span class=\"citation-109 citation-end-109\">2 protectores antiviento para micr\u00f3fono DJI Mic 3 (negro\/gris)<\/span><\/li>\n<li><span class=\"citation-108 citation-end-108\">2 imanes para micr\u00f3fono DJI Mic 3<\/span><\/li>\n<li><span class=\"citation-107 citation-end-107\">Cable de datos USB-C a USB-C<\/span><\/li>\n<li><span class=\"citation-106 citation-end-106\">Funda de transporte para DJI Mic 3<\/span>\n<div class=\"source-inline-chip-container ng-star-inserted\"><\/div>\n<\/li>\n<\/ul>\n<p>Esta combinaci\u00f3n convierte al DJI Mic 3 en una herramienta l\u00edder en su clase para la captura de audio profesional en exteriores.<\/p>","protected":false},"excerpt":{"rendered":"<p><span class=\"citation-131 citation-end-131\">El DJI Mic 3 es un sistema de micr\u00f3fono inal\u00e1mbrico compacto todo en uno avanzado, dise\u00f1ado para creadores de contenido, vloggers, entrevistadores y cineastas que exigen una captura de audio de alta fidelidad y calidad profesional en entornos complejos.<\/span> <span class=\"citation-130\">Este paquete proporciona un <\/span><b><span class=\"citation-130\">soluci\u00f3n completa de grabaci\u00f3n para dos personas<\/span><\/b><span class=\"citation-130 citation-end-130\"> Con dos transmisores, un receptor y un estuche de carga espec\u00edfico, estar\u00e1s listo para grabar al instante.<\/span><\/p>","protected":false},"featured_media":23106,"comment_status":"open","ping_status":"closed","template":"","meta":[],"product_brand":[1031],"product_cat":[37,1272,1284],"product_tag":[42,1285],"class_list":{"0":"post-23100","1":"product","2":"type-product","3":"status-publish","4":"has-post-thumbnail","6":"product_brand-dji","7":"product_cat-dji","8":"product_cat-handled","9":"product_cat-mic-3","10":"product_tag-dji","11":"product_tag-dji-mic-3","13":"first","14":"outofstock","15":"taxable","16":"shipping-taxable","17":"purchasable","18":"product-type-simple"},"yoast_head":"<!-- This site is optimized with the Yoast SEO plugin v27.1.1 - https:\/\/yoast.com\/product\/yoast-seo-wordpress\/ -->\n<title>DJI Mic 3 (2 TX + 1 RX + Charging Case) - Ghostysky<\/title>\n<meta name=\"description\" content=\"The DJI Mic 3 is an advanced, all-in-one compact wireless microphone system designed for content creators, vloggers, interviewers, and filmmakers who demand professional-grade, high-fidelity audio capture in complex environments. This package provides a complete two-person recording solution with two transmitters, one receiver, and a dedicated charging case, ensuring you are ready to record instantly.\" \/>\n<meta name=\"robots\" content=\"index, follow, max-snippet:-1, max-image-preview:large, max-video-preview:-1\" \/>\n<link rel=\"canonical\" href=\"https:\/\/www.ghostysky.com\/es\/producto-2\/dji-mic-3-2-tx-1-rx-charging-case\/\" \/>\n<meta property=\"og:locale\" content=\"es_ES\" \/>\n<meta property=\"og:type\" content=\"article\" \/>\n<meta property=\"og:title\" content=\"DJI Mic 3 (2 TX + 1 RX + Charging Case) - Ghostysky\" \/>\n<meta property=\"og:description\" content=\"The DJI Mic 3 is an advanced, all-in-one compact wireless microphone system designed for content creators, vloggers, interviewers, and filmmakers who demand professional-grade, high-fidelity audio capture in complex environments. This package provides a complete two-person recording solution with two transmitters, one receiver, and a dedicated charging case, ensuring you are ready to record instantly.\" \/>\n<meta property=\"og:url\" content=\"https:\/\/www.ghostysky.com\/es\/producto-2\/dji-mic-3-2-tx-1-rx-charging-case\/\" \/>\n<meta property=\"og:site_name\" content=\"Ghostysky\" \/>\n<meta property=\"article:publisher\" content=\"https:\/\/www.facebook.com\/people\/Ghostysky\/100057676170234\/\" \/>\n<meta property=\"article:modified_time\" content=\"2025-11-11T16:10:39+00:00\" \/>\n<meta property=\"og:image\" content=\"https:\/\/www.ghostysky.com\/wp-content\/uploads\/2025\/11\/GH_DJI-Mic-3-2-TX-1-RX-Charging-Case_1.jpg\" \/>\n\t<meta property=\"og:image:width\" content=\"800\" \/>\n\t<meta property=\"og:image:height\" content=\"800\" \/>\n\t<meta property=\"og:image:type\" content=\"image\/jpeg\" \/>\n<meta name=\"twitter:card\" content=\"summary_large_image\" \/>\n<meta name=\"twitter:site\" content=\"@Gh0stysky\" \/>\n<meta name=\"twitter:label1\" content=\"Tiempo de lectura\" \/>\n\t<meta name=\"twitter:data1\" content=\"2 minutos\" \/>\n<script type=\"application\/ld+json\" class=\"yoast-schema-graph\">{\"@context\":\"https:\/\/schema.org\",\"@graph\":[{\"@type\":\"WebPage\",\"@id\":\"https:\/\/www.ghostysky.com\/product\/dji-mic-3-2-tx-1-rx-charging-case\/\",\"url\":\"https:\/\/www.ghostysky.com\/product\/dji-mic-3-2-tx-1-rx-charging-case\/\",\"name\":\"DJI Mic 3 (2 TX + 1 RX + Charging Case) - Ghostysky\",\"isPartOf\":{\"@id\":\"https:\/\/www.ghostysky.com\/#website\"},\"primaryImageOfPage\":{\"@id\":\"https:\/\/www.ghostysky.com\/product\/dji-mic-3-2-tx-1-rx-charging-case\/#primaryimage\"},\"image\":{\"@id\":\"https:\/\/www.ghostysky.com\/product\/dji-mic-3-2-tx-1-rx-charging-case\/#primaryimage\"},\"thumbnailUrl\":\"https:\/\/www.ghostysky.com\/wp-content\/uploads\/2025\/11\/GH_DJI-Mic-3-2-TX-1-RX-Charging-Case_1.jpg\",\"datePublished\":\"2025-11-11T15:22:07+00:00\",\"dateModified\":\"2025-11-11T16:10:39+00:00\",\"description\":\"The DJI Mic 3 is an advanced, all-in-one compact wireless microphone system designed for content creators, vloggers, interviewers, and filmmakers who demand professional-grade, high-fidelity audio capture in complex environments. This package provides a complete two-person recording solution with two transmitters, one receiver, and a dedicated charging case, ensuring you are ready to record instantly.\",\"breadcrumb\":{\"@id\":\"https:\/\/www.ghostysky.com\/product\/dji-mic-3-2-tx-1-rx-charging-case\/#breadcrumb\"},\"inLanguage\":\"es\",\"potentialAction\":[{\"@type\":\"ReadAction\",\"target\":[\"https:\/\/www.ghostysky.com\/product\/dji-mic-3-2-tx-1-rx-charging-case\/\"]}]},{\"@type\":\"ImageObject\",\"inLanguage\":\"es\",\"@id\":\"https:\/\/www.ghostysky.com\/product\/dji-mic-3-2-tx-1-rx-charging-case\/#primaryimage\",\"url\":\"https:\/\/www.ghostysky.com\/wp-content\/uploads\/2025\/11\/GH_DJI-Mic-3-2-TX-1-RX-Charging-Case_1.jpg\",\"contentUrl\":\"https:\/\/www.ghostysky.com\/wp-content\/uploads\/2025\/11\/GH_DJI-Mic-3-2-TX-1-RX-Charging-Case_1.jpg\",\"width\":800,\"height\":800},{\"@type\":\"BreadcrumbList\",\"@id\":\"https:\/\/www.ghostysky.com\/product\/dji-mic-3-2-tx-1-rx-charging-case\/#breadcrumb\",\"itemListElement\":[{\"@type\":\"ListItem\",\"position\":1,\"name\":\"Home\",\"item\":\"https:\/\/www.ghostysky.com\/\"},{\"@type\":\"ListItem\",\"position\":2,\"name\":\"Shop\",\"item\":\"https:\/\/www.ghostysky.com\/shop\/\"},{\"@type\":\"ListItem\",\"position\":3,\"name\":\"DJI Mic 3 (2 TX + 1 RX + Charging Case)\"}]},{\"@type\":\"WebSite\",\"@id\":\"https:\/\/www.ghostysky.com\/#website\",\"url\":\"https:\/\/www.ghostysky.com\/\",\"name\":\"Ghostysky\",\"description\":\"Delivering professional drones and services\",\"publisher\":{\"@id\":\"https:\/\/www.ghostysky.com\/#organization\"},\"potentialAction\":[{\"@type\":\"SearchAction\",\"target\":{\"@type\":\"EntryPoint\",\"urlTemplate\":\"https:\/\/www.ghostysky.com\/?s={search_term_string}\"},\"query-input\":{\"@type\":\"PropertyValueSpecification\",\"valueRequired\":true,\"valueName\":\"search_term_string\"}}],\"inLanguage\":\"es\"},{\"@type\":\"Organization\",\"@id\":\"https:\/\/www.ghostysky.com\/#organization\",\"name\":\"Ghostysky\",\"url\":\"https:\/\/www.ghostysky.com\/\",\"logo\":{\"@type\":\"ImageObject\",\"inLanguage\":\"es\",\"@id\":\"https:\/\/www.ghostysky.com\/#\/schema\/logo\/image\/\",\"url\":\"https:\/\/www.ghostysky.com\/wp-content\/uploads\/2020\/06\/cropped-ghostyskylogo_text_white2.png\",\"contentUrl\":\"https:\/\/www.ghostysky.com\/wp-content\/uploads\/2020\/06\/cropped-ghostyskylogo_text_white2.png\",\"width\":169,\"height\":56,\"caption\":\"Ghostysky\"},\"image\":{\"@id\":\"https:\/\/www.ghostysky.com\/#\/schema\/logo\/image\/\"},\"sameAs\":[\"https:\/\/www.facebook.com\/people\/Ghostysky\/100057676170234\/\",\"https:\/\/x.com\/Gh0stysky\",\"https:\/\/www.linkedin.com\/company\/34739653\",\"https:\/\/www.instagram.com\/gh0stysky\"]}]}<\/script>\n<!-- \/ Yoast SEO plugin. -->","yoast_head_json":{"title":"DJI Mic 3 (2 transmisores + 1 receptor + estuche de carga) - Ghostysky","description":"El DJI Mic 3 es un sistema de micr\u00f3fono inal\u00e1mbrico compacto y avanzado, dise\u00f1ado para creadores de contenido, vloggers, entrevistadores y cineastas que exigen una captura de audio profesional de alta fidelidad en entornos complejos. Este paquete ofrece una soluci\u00f3n completa de grabaci\u00f3n para dos personas con dos transmisores, un receptor y un estuche de carga, para que puedas empezar a grabar al instante.","robots":{"index":"index","follow":"follow","max-snippet":"max-snippet:-1","max-image-preview":"max-image-preview:large","max-video-preview":"max-video-preview:-1"},"canonical":"https:\/\/www.ghostysky.com\/es\/producto-2\/dji-mic-3-2-tx-1-rx-charging-case\/","og_locale":"es_ES","og_type":"article","og_title":"DJI Mic 3 (2 TX + 1 RX + Charging Case) - Ghostysky","og_description":"The DJI Mic 3 is an advanced, all-in-one compact wireless microphone system designed for content creators, vloggers, interviewers, and filmmakers who demand professional-grade, high-fidelity audio capture in complex environments. This package provides a complete two-person recording solution with two transmitters, one receiver, and a dedicated charging case, ensuring you are ready to record instantly.","og_url":"https:\/\/www.ghostysky.com\/es\/producto-2\/dji-mic-3-2-tx-1-rx-charging-case\/","og_site_name":"Ghostysky","article_publisher":"https:\/\/www.facebook.com\/people\/Ghostysky\/100057676170234\/","article_modified_time":"2025-11-11T16:10:39+00:00","og_image":[{"width":800,"height":800,"url":"https:\/\/www.ghostysky.com\/wp-content\/uploads\/2025\/11\/GH_DJI-Mic-3-2-TX-1-RX-Charging-Case_1.jpg","type":"image\/jpeg"}],"twitter_card":"summary_large_image","twitter_site":"@Gh0stysky","twitter_misc":{"Tiempo de lectura":"2 minutos"},"schema":{"@context":"https:\/\/schema.org","@graph":[{"@type":"WebPage","@id":"https:\/\/www.ghostysky.com\/product\/dji-mic-3-2-tx-1-rx-charging-case\/","url":"https:\/\/www.ghostysky.com\/product\/dji-mic-3-2-tx-1-rx-charging-case\/","name":"DJI Mic 3 (2 transmisores + 1 receptor + estuche de carga) - Ghostysky","isPartOf":{"@id":"https:\/\/www.ghostysky.com\/#website"},"primaryImageOfPage":{"@id":"https:\/\/www.ghostysky.com\/product\/dji-mic-3-2-tx-1-rx-charging-case\/#primaryimage"},"image":{"@id":"https:\/\/www.ghostysky.com\/product\/dji-mic-3-2-tx-1-rx-charging-case\/#primaryimage"},"thumbnailUrl":"https:\/\/www.ghostysky.com\/wp-content\/uploads\/2025\/11\/GH_DJI-Mic-3-2-TX-1-RX-Charging-Case_1.jpg","datePublished":"2025-11-11T15:22:07+00:00","dateModified":"2025-11-11T16:10:39+00:00","description":"El DJI Mic 3 es un sistema de micr\u00f3fono inal\u00e1mbrico compacto y avanzado, dise\u00f1ado para creadores de contenido, vloggers, entrevistadores y cineastas que exigen una captura de audio profesional de alta fidelidad en entornos complejos. Este paquete ofrece una soluci\u00f3n completa de grabaci\u00f3n para dos personas con dos transmisores, un receptor y un estuche de carga, para que puedas empezar a grabar al instante.","breadcrumb":{"@id":"https:\/\/www.ghostysky.com\/product\/dji-mic-3-2-tx-1-rx-charging-case\/#breadcrumb"},"inLanguage":"es","potentialAction":[{"@type":"ReadAction","target":["https:\/\/www.ghostysky.com\/product\/dji-mic-3-2-tx-1-rx-charging-case\/"]}]},{"@type":"ImageObject","inLanguage":"es","@id":"https:\/\/www.ghostysky.com\/product\/dji-mic-3-2-tx-1-rx-charging-case\/#primaryimage","url":"https:\/\/www.ghostysky.com\/wp-content\/uploads\/2025\/11\/GH_DJI-Mic-3-2-TX-1-RX-Charging-Case_1.jpg","contentUrl":"https:\/\/www.ghostysky.com\/wp-content\/uploads\/2025\/11\/GH_DJI-Mic-3-2-TX-1-RX-Charging-Case_1.jpg","width":800,"height":800},{"@type":"BreadcrumbList","@id":"https:\/\/www.ghostysky.com\/product\/dji-mic-3-2-tx-1-rx-charging-case\/#breadcrumb","itemListElement":[{"@type":"ListItem","position":1,"name":"Home","item":"https:\/\/www.ghostysky.com\/"},{"@type":"ListItem","position":2,"name":"Shop","item":"https:\/\/www.ghostysky.com\/shop\/"},{"@type":"ListItem","position":3,"name":"DJI Mic 3 (2 TX + 1 RX + Charging Case)"}]},{"@type":"WebSite","@id":"https:\/\/www.ghostysky.com\/#website","url":"https:\/\/www.ghostysky.com\/","name":"Ghostysky","description":"Entrega de drones y servicios profesionales","publisher":{"@id":"https:\/\/www.ghostysky.com\/#organization"},"potentialAction":[{"@type":"SearchAction","target":{"@type":"EntryPoint","urlTemplate":"https:\/\/www.ghostysky.com\/?s={search_term_string}"},"query-input":{"@type":"PropertyValueSpecification","valueRequired":true,"valueName":"search_term_string"}}],"inLanguage":"es"},{"@type":"Organization","@id":"https:\/\/www.ghostysky.com\/#organization","name":"Ghostysky","url":"https:\/\/www.ghostysky.com\/","logo":{"@type":"ImageObject","inLanguage":"es","@id":"https:\/\/www.ghostysky.com\/#\/schema\/logo\/image\/","url":"https:\/\/www.ghostysky.com\/wp-content\/uploads\/2020\/06\/cropped-ghostyskylogo_text_white2.png","contentUrl":"https:\/\/www.ghostysky.com\/wp-content\/uploads\/2020\/06\/cropped-ghostyskylogo_text_white2.png","width":169,"height":56,"caption":"Ghostysky"},"image":{"@id":"https:\/\/www.ghostysky.com\/#\/schema\/logo\/image\/"},"sameAs":["https:\/\/www.facebook.com\/people\/Ghostysky\/100057676170234\/","https:\/\/x.com\/Gh0stysky","https:\/\/www.linkedin.com\/company\/34739653","https:\/\/www.instagram.com\/gh0stysky"]}]}},"_links":{"self":[{"href":"https:\/\/www.ghostysky.com\/es\/wp-json\/wp\/v2\/product\/23100","targetHints":{"allow":["GET"]}}],"collection":[{"href":"https:\/\/www.ghostysky.com\/es\/wp-json\/wp\/v2\/product"}],"about":[{"href":"https:\/\/www.ghostysky.com\/es\/wp-json\/wp\/v2\/types\/product"}],"replies":[{"embeddable":true,"href":"https:\/\/www.ghostysky.com\/es\/wp-json\/wp\/v2\/comments?post=23100"}],"wp:featuredmedia":[{"embeddable":true,"href":"https:\/\/www.ghostysky.com\/es\/wp-json\/wp\/v2\/media\/23106"}],"wp:attachment":[{"href":"https:\/\/www.ghostysky.com\/es\/wp-json\/wp\/v2\/media?parent=23100"}],"wp:term":[{"taxonomy":"product_brand","embeddable":true,"href":"https:\/\/www.ghostysky.com\/es\/wp-json\/wp\/v2\/product_brand?post=23100"},{"taxonomy":"product_cat","embeddable":true,"href":"https:\/\/www.ghostysky.com\/es\/wp-json\/wp\/v2\/product_cat?post=23100"},{"taxonomy":"product_tag","embeddable":true,"href":"https:\/\/www.ghostysky.com\/es\/wp-json\/wp\/v2\/product_tag?post=23100"}],"curies":[{"name":"wp","href":"https:\/\/api.w.org\/{rel}","templated":true}]}}