{"id":23120,"date":"2025-11-11T15:40:30","date_gmt":"2025-11-11T15:40:30","guid":{"rendered":"https:\/\/www.ghostysky.com\/?post_type=product&#038;p=23120"},"modified":"2025-11-11T16:12:17","modified_gmt":"2025-11-11T16:12:17","slug":"dji-mic-3-receiver","status":"publish","type":"product","link":"https:\/\/www.ghostysky.com\/es\/product\/dji-mic-3-receiver\/","title":{"rendered":"Receptor DJI Mic 3"},"content":{"rendered":"<p><span class=\"citation-188 citation-end-188\">El receptor DJI Mic 3 es una unidad compacta y muy avanzada que conecta sin problemas sus fuentes de audio (hasta cuatro transmisores) con su dispositivo de grabaci\u00f3n, lo que facilita las grabaciones con varias personas y varias c\u00e1maras.<\/span><\/p>\n<h4>Caracter\u00edsticas clave del receptor<\/h4>\n<h4>1. <span class=\"citation-187 citation-end-187\">Control y visualizaci\u00f3n intuitivos<\/span><\/h4>\n<ul>\n<li><b><span class=\"citation-186\">Pantalla t\u00e1ctil AMOLED de 1,1 pulgadas y dial:<\/span><\/b><span class=\"citation-186 citation-end-186\"> Proporciona una interfaz intuitiva para realizar ajustes r\u00e1pidos e inmediatos.<\/span> <span class=\"citation-185 citation-end-185\">Los usuarios pueden supervisar f\u00e1cilmente el estado de la bater\u00eda, la intensidad de la se\u00f1al, el estado de grabaci\u00f3n y ajustar r\u00e1pidamente la ganancia y la configuraci\u00f3n de cancelaci\u00f3n de ruido para todos los transmisores conectados.<\/span><\/li>\n<li><b><span class=\"citation-184\">Ajuste de par\u00e1metros en el receptor:<\/span><\/b><span class=\"citation-184 citation-end-184\"> Te permite controlar ajustes cruciales como la ganancia, la cancelaci\u00f3n de ruido (B\u00e1sica o Fuerte) y los preajustes de tono de voz (Normal, Rico, Brillante) directamente desde el receptor sin necesidad de una aplicaci\u00f3n externa.<\/span><\/li>\n<li><b>Control basado en aplicaciones:<\/b><span class=\"citation-183 citation-end-183\"> Los ajustes tambi\u00e9n se pueden personalizar mediante la aplicaci\u00f3n DJI Mimo en un smartphone conectado.<\/span>\n<div class=\"source-inline-chip-container ng-star-inserted\"><\/div>\n<\/li>\n<\/ul>\n<h4>2. Conectividad y sincronizaci\u00f3n avanzadas<\/h4>\n<ul>\n<li><b><span class=\"citation-182\">Capacidad multicanal (4 TX + 8 RX):<\/span><\/b><span class=\"citation-182\"> El receptor \u00fanico puede conectarse con hasta <\/span><b><span class=\"citation-182\">cuatro transmisores<\/span><\/b><span class=\"citation-182 citation-end-182\"> Capturando simult\u00e1neamente cuatro fuentes de audio independientes.<\/span> Tambi\u00e9n puede sincronizar el audio con hasta siete receptores adicionales para producciones multic\u00e1mara complejas.<\/li>\n<li><b>C\u00f3digo de tiempo integrado:<\/b><span class=\"citation-181 citation-end-181\"> Admite entrada y salida de c\u00f3digo de tiempo de alta precisi\u00f3n, lo que permite al receptor incrustar datos de c\u00f3digo de tiempo en la grabaci\u00f3n.<\/span> <span class=\"citation-180\">Esta funci\u00f3n garantiza <\/span><b><span class=\"citation-180\">Sincronizaci\u00f3n perfecta e inmediata<\/span><\/b><span class=\"citation-180 citation-end-180\"> de metraje multic\u00e1mara en postproducci\u00f3n con una deriva m\u00ednima (menos de un fotograma en 24 horas).<\/span><\/li>\n<li><b>Modos de salida flexibles:<\/b><span class=\"citation-179\"> Admite mono, est\u00e9reo (doble canal) y <\/span><b><span class=\"citation-179\">Cuadraf\u00f3nico<\/span><\/b><span class=\"citation-179 citation-end-179\"> modos.<\/span> <span class=\"citation-178 citation-end-178\">El modo cuadraf\u00f3nico (con c\u00e1maras\/software compatibles) genera cuatro pistas de audio separadas, ofreciendo la m\u00e1xima flexibilidad en la fase de mezcla.<\/span>\n<div class=\"source-inline-chip-container ng-star-inserted\"><\/div>\n<\/li>\n<\/ul>\n<h4>3. Fiabilidad e integridad de audio<\/h4>\n<ul>\n<li><b>Antiinterferencias de doble banda:<\/b><span class=\"citation-177\"> Utiliza el salto de frecuencia autom\u00e1tico entre <\/span><b><span class=\"citation-177\">2,4 GHz y 5 GHz<\/span><\/b><span class=\"citation-177 citation-end-177\"> bandas que proporcionan una gran capacidad antiinterferencias y una fiabilidad de transmisi\u00f3n s\u00f3lida como una roca incluso en entornos inal\u00e1mbricos congestionados.<\/span><\/li>\n<li><b><span class=\"citation-176\">Transmisi\u00f3n de audio sin p\u00e9rdidas:<\/span><\/b><span class=\"citation-176\"> Cuando est\u00e1 habilitado, el receptor acepta <\/span><b><span class=\"citation-176\">Audio sin comprimir de 48 kHz y 24 bits<\/span><\/b><span class=\"citation-176 citation-end-176\"> desde el transmisor, lo que garantiza una alta fidelidad y una calidad de sonido impecable.<\/span><\/li>\n<li><b>Control de ganancia adaptativo:<\/b><span class=\"citation-175 citation-end-175\"> Cuenta con modos Autom\u00e1tico y Din\u00e1mico para evitar la distorsi\u00f3n del audio en entornos con picos de volumen repentinos (modo Autom\u00e1tico) o para garantizar un volumen constante en entornos silenciosos (modo Din\u00e1mico).<\/span><\/li>\n<\/ul>\n<p>&nbsp;<\/p>\n<h4>4. Compatibilidad y potencia vers\u00e1tiles<\/h4>\n<ul>\n<li><b><span class=\"citation-174\">Amplia compatibilidad con dispositivos:<\/span><\/b><span class=\"citation-174\"> Se conecta a las c\u00e1maras mediante un <\/span><b><span class=\"citation-174\">puerto de salida TRS de 3,5 mm con bloqueo<\/span><\/b><span class=\"citation-174\"> (para una conexi\u00f3n estable), tel\u00e9fonos inteligentes a trav\u00e9s de <\/span><b><span class=\"citation-174\">Adaptadores USB-C o Lightning<\/span><\/b><span class=\"citation-174 citation-end-174\">y ordenadores.<\/span><\/li>\n<li><b>Monitoreo en tiempo real:<\/b><span class=\"citation-173\"> Incluye una secci\u00f3n dedicada <\/span><b><span class=\"citation-173\">Puerto de monitorizaci\u00f3n TRRS de 3,5 mm<\/span><\/b><span class=\"citation-173 citation-end-173\"> para conectar auriculares y comprobar la calidad del audio durante la grabaci\u00f3n.<\/span><\/li>\n<li><b>Gesti\u00f3n inteligente de energ\u00eda:<\/b><span class=\"citation-172 citation-end-172\"> Admite la funci\u00f3n \u201cEncendido\/Apagado autom\u00e1tico con la c\u00e1mara\u201d, que enciende y apaga la unidad autom\u00e1ticamente con la c\u00e1mara principal para un flujo de trabajo optimizado.<\/span> <span class=\"citation-171\">El receptor ofrece hasta <\/span><b><span class=\"citation-171\">10 horas de tiempo de funcionamiento<\/span><\/b><span class=\"citation-171 citation-end-171\"> con una sola carga.<\/span><\/li>\n<\/ul>\n<h4>En el cuadro<\/h4>\n<ul>\n<li>1 receptor DJI Mic 3<\/li>\n<li>1 adaptador para tel\u00e9fono m\u00f3vil DJI Mic 3 (USB-C)<\/li>\n<li>1 cable de datos USB-C a USB-C<\/li>\n<li>1 cable adaptador de audio DJI Mic 3 con bloqueo (TRS de 3,5 mm a TRS)<\/li>\n<li>1 estuche de transporte compacto para DJI Mic 3<\/li>\n<\/ul>","protected":false},"excerpt":{"rendered":"<p>El receptor DJI Mic 3 es el centro neur\u00e1lgico del sistema de micr\u00f3fono inal\u00e1mbrico DJI Mic 3, dise\u00f1ado para conectar los transmisores inal\u00e1mbricos a su c\u00e1mara, tel\u00e9fono inteligente o computadora, al tiempo que proporciona monitoreo y control en tiempo real.<\/p>","protected":false},"featured_media":23124,"comment_status":"open","ping_status":"closed","template":"","meta":[],"product_brand":[1031],"product_cat":[37,1272,1284],"product_tag":[42,1285],"class_list":{"0":"post-23120","1":"product","2":"type-product","3":"status-publish","4":"has-post-thumbnail","6":"product_brand-dji","7":"product_cat-dji","8":"product_cat-handled","9":"product_cat-mic-3","10":"product_tag-dji","11":"product_tag-dji-mic-3","13":"first","14":"outofstock","15":"taxable","16":"shipping-taxable","17":"purchasable","18":"product-type-simple"},"yoast_head":"<!-- This site is optimized with the Yoast SEO plugin v27.1.1 - https:\/\/yoast.com\/product\/yoast-seo-wordpress\/ -->\n<title>DJI Mic 3 Receiver - Ghostysky<\/title>\n<meta name=\"description\" content=\"The DJI Mic 3 Receiver is the central hub of the DJI Mic 3 wireless microphone system, designed to connect the wireless transmitters to your camera, smartphone, or computer while providing real-time monitoring and control.\" \/>\n<meta name=\"robots\" content=\"index, follow, max-snippet:-1, max-image-preview:large, max-video-preview:-1\" \/>\n<link rel=\"canonical\" href=\"https:\/\/www.ghostysky.com\/es\/producto-2\/dji-mic-3-receiver\/\" \/>\n<meta property=\"og:locale\" content=\"es_ES\" \/>\n<meta property=\"og:type\" content=\"article\" \/>\n<meta property=\"og:title\" content=\"DJI Mic 3 Receiver - Ghostysky\" \/>\n<meta property=\"og:description\" content=\"The DJI Mic 3 Receiver is the central hub of the DJI Mic 3 wireless microphone system, designed to connect the wireless transmitters to your camera, smartphone, or computer while providing real-time monitoring and control.\" \/>\n<meta property=\"og:url\" content=\"https:\/\/www.ghostysky.com\/es\/producto-2\/dji-mic-3-receiver\/\" \/>\n<meta property=\"og:site_name\" content=\"Ghostysky\" \/>\n<meta property=\"article:publisher\" content=\"https:\/\/www.facebook.com\/people\/Ghostysky\/100057676170234\/\" \/>\n<meta property=\"article:modified_time\" content=\"2025-11-11T16:12:17+00:00\" \/>\n<meta property=\"og:image\" content=\"https:\/\/www.ghostysky.com\/wp-content\/uploads\/2025\/11\/GH_DJI-Mic-3-Receiver_1.jpg\" \/>\n\t<meta property=\"og:image:width\" content=\"800\" \/>\n\t<meta property=\"og:image:height\" content=\"800\" \/>\n\t<meta property=\"og:image:type\" content=\"image\/jpeg\" \/>\n<meta name=\"twitter:card\" content=\"summary_large_image\" \/>\n<meta name=\"twitter:site\" content=\"@Gh0stysky\" \/>\n<meta name=\"twitter:label1\" content=\"Tiempo de lectura\" \/>\n\t<meta name=\"twitter:data1\" content=\"3 minutos\" \/>\n<script type=\"application\/ld+json\" class=\"yoast-schema-graph\">{\"@context\":\"https:\/\/schema.org\",\"@graph\":[{\"@type\":\"WebPage\",\"@id\":\"https:\/\/www.ghostysky.com\/product\/dji-mic-3-receiver\/\",\"url\":\"https:\/\/www.ghostysky.com\/product\/dji-mic-3-receiver\/\",\"name\":\"DJI Mic 3 Receiver - Ghostysky\",\"isPartOf\":{\"@id\":\"https:\/\/www.ghostysky.com\/#website\"},\"primaryImageOfPage\":{\"@id\":\"https:\/\/www.ghostysky.com\/product\/dji-mic-3-receiver\/#primaryimage\"},\"image\":{\"@id\":\"https:\/\/www.ghostysky.com\/product\/dji-mic-3-receiver\/#primaryimage\"},\"thumbnailUrl\":\"https:\/\/www.ghostysky.com\/wp-content\/uploads\/2025\/11\/GH_DJI-Mic-3-Receiver_1.jpg\",\"datePublished\":\"2025-11-11T15:40:30+00:00\",\"dateModified\":\"2025-11-11T16:12:17+00:00\",\"description\":\"The DJI Mic 3 Receiver is the central hub of the DJI Mic 3 wireless microphone system, designed to connect the wireless transmitters to your camera, smartphone, or computer while providing real-time monitoring and control.\",\"breadcrumb\":{\"@id\":\"https:\/\/www.ghostysky.com\/product\/dji-mic-3-receiver\/#breadcrumb\"},\"inLanguage\":\"es\",\"potentialAction\":[{\"@type\":\"ReadAction\",\"target\":[\"https:\/\/www.ghostysky.com\/product\/dji-mic-3-receiver\/\"]}]},{\"@type\":\"ImageObject\",\"inLanguage\":\"es\",\"@id\":\"https:\/\/www.ghostysky.com\/product\/dji-mic-3-receiver\/#primaryimage\",\"url\":\"https:\/\/www.ghostysky.com\/wp-content\/uploads\/2025\/11\/GH_DJI-Mic-3-Receiver_1.jpg\",\"contentUrl\":\"https:\/\/www.ghostysky.com\/wp-content\/uploads\/2025\/11\/GH_DJI-Mic-3-Receiver_1.jpg\",\"width\":800,\"height\":800},{\"@type\":\"BreadcrumbList\",\"@id\":\"https:\/\/www.ghostysky.com\/product\/dji-mic-3-receiver\/#breadcrumb\",\"itemListElement\":[{\"@type\":\"ListItem\",\"position\":1,\"name\":\"Home\",\"item\":\"https:\/\/www.ghostysky.com\/\"},{\"@type\":\"ListItem\",\"position\":2,\"name\":\"Shop\",\"item\":\"https:\/\/www.ghostysky.com\/shop\/\"},{\"@type\":\"ListItem\",\"position\":3,\"name\":\"DJI Mic 3 Receiver\"}]},{\"@type\":\"WebSite\",\"@id\":\"https:\/\/www.ghostysky.com\/#website\",\"url\":\"https:\/\/www.ghostysky.com\/\",\"name\":\"Ghostysky\",\"description\":\"Delivering professional drones and services\",\"publisher\":{\"@id\":\"https:\/\/www.ghostysky.com\/#organization\"},\"potentialAction\":[{\"@type\":\"SearchAction\",\"target\":{\"@type\":\"EntryPoint\",\"urlTemplate\":\"https:\/\/www.ghostysky.com\/?s={search_term_string}\"},\"query-input\":{\"@type\":\"PropertyValueSpecification\",\"valueRequired\":true,\"valueName\":\"search_term_string\"}}],\"inLanguage\":\"es\"},{\"@type\":\"Organization\",\"@id\":\"https:\/\/www.ghostysky.com\/#organization\",\"name\":\"Ghostysky\",\"url\":\"https:\/\/www.ghostysky.com\/\",\"logo\":{\"@type\":\"ImageObject\",\"inLanguage\":\"es\",\"@id\":\"https:\/\/www.ghostysky.com\/#\/schema\/logo\/image\/\",\"url\":\"https:\/\/www.ghostysky.com\/wp-content\/uploads\/2020\/06\/cropped-ghostyskylogo_text_white2.png\",\"contentUrl\":\"https:\/\/www.ghostysky.com\/wp-content\/uploads\/2020\/06\/cropped-ghostyskylogo_text_white2.png\",\"width\":169,\"height\":56,\"caption\":\"Ghostysky\"},\"image\":{\"@id\":\"https:\/\/www.ghostysky.com\/#\/schema\/logo\/image\/\"},\"sameAs\":[\"https:\/\/www.facebook.com\/people\/Ghostysky\/100057676170234\/\",\"https:\/\/x.com\/Gh0stysky\",\"https:\/\/www.linkedin.com\/company\/34739653\",\"https:\/\/www.instagram.com\/gh0stysky\"]}]}<\/script>\n<!-- \/ Yoast SEO plugin. -->","yoast_head_json":{"title":"Receptor DJI Mic 3 - Ghostysky","description":"El receptor DJI Mic 3 es el centro neur\u00e1lgico del sistema de micr\u00f3fono inal\u00e1mbrico DJI Mic 3, dise\u00f1ado para conectar los transmisores inal\u00e1mbricos a su c\u00e1mara, tel\u00e9fono inteligente o computadora, al tiempo que proporciona monitoreo y control en tiempo real.","robots":{"index":"index","follow":"follow","max-snippet":"max-snippet:-1","max-image-preview":"max-image-preview:large","max-video-preview":"max-video-preview:-1"},"canonical":"https:\/\/www.ghostysky.com\/es\/producto-2\/dji-mic-3-receiver\/","og_locale":"es_ES","og_type":"article","og_title":"DJI Mic 3 Receiver - Ghostysky","og_description":"The DJI Mic 3 Receiver is the central hub of the DJI Mic 3 wireless microphone system, designed to connect the wireless transmitters to your camera, smartphone, or computer while providing real-time monitoring and control.","og_url":"https:\/\/www.ghostysky.com\/es\/producto-2\/dji-mic-3-receiver\/","og_site_name":"Ghostysky","article_publisher":"https:\/\/www.facebook.com\/people\/Ghostysky\/100057676170234\/","article_modified_time":"2025-11-11T16:12:17+00:00","og_image":[{"width":800,"height":800,"url":"https:\/\/www.ghostysky.com\/wp-content\/uploads\/2025\/11\/GH_DJI-Mic-3-Receiver_1.jpg","type":"image\/jpeg"}],"twitter_card":"summary_large_image","twitter_site":"@Gh0stysky","twitter_misc":{"Tiempo de lectura":"3 minutos"},"schema":{"@context":"https:\/\/schema.org","@graph":[{"@type":"WebPage","@id":"https:\/\/www.ghostysky.com\/product\/dji-mic-3-receiver\/","url":"https:\/\/www.ghostysky.com\/product\/dji-mic-3-receiver\/","name":"Receptor DJI Mic 3 - Ghostysky","isPartOf":{"@id":"https:\/\/www.ghostysky.com\/#website"},"primaryImageOfPage":{"@id":"https:\/\/www.ghostysky.com\/product\/dji-mic-3-receiver\/#primaryimage"},"image":{"@id":"https:\/\/www.ghostysky.com\/product\/dji-mic-3-receiver\/#primaryimage"},"thumbnailUrl":"https:\/\/www.ghostysky.com\/wp-content\/uploads\/2025\/11\/GH_DJI-Mic-3-Receiver_1.jpg","datePublished":"2025-11-11T15:40:30+00:00","dateModified":"2025-11-11T16:12:17+00:00","description":"El receptor DJI Mic 3 es el centro neur\u00e1lgico del sistema de micr\u00f3fono inal\u00e1mbrico DJI Mic 3, dise\u00f1ado para conectar los transmisores inal\u00e1mbricos a su c\u00e1mara, tel\u00e9fono inteligente o computadora, al tiempo que proporciona monitoreo y control en tiempo real.","breadcrumb":{"@id":"https:\/\/www.ghostysky.com\/product\/dji-mic-3-receiver\/#breadcrumb"},"inLanguage":"es","potentialAction":[{"@type":"ReadAction","target":["https:\/\/www.ghostysky.com\/product\/dji-mic-3-receiver\/"]}]},{"@type":"ImageObject","inLanguage":"es","@id":"https:\/\/www.ghostysky.com\/product\/dji-mic-3-receiver\/#primaryimage","url":"https:\/\/www.ghostysky.com\/wp-content\/uploads\/2025\/11\/GH_DJI-Mic-3-Receiver_1.jpg","contentUrl":"https:\/\/www.ghostysky.com\/wp-content\/uploads\/2025\/11\/GH_DJI-Mic-3-Receiver_1.jpg","width":800,"height":800},{"@type":"BreadcrumbList","@id":"https:\/\/www.ghostysky.com\/product\/dji-mic-3-receiver\/#breadcrumb","itemListElement":[{"@type":"ListItem","position":1,"name":"Home","item":"https:\/\/www.ghostysky.com\/"},{"@type":"ListItem","position":2,"name":"Shop","item":"https:\/\/www.ghostysky.com\/shop\/"},{"@type":"ListItem","position":3,"name":"DJI Mic 3 Receiver"}]},{"@type":"WebSite","@id":"https:\/\/www.ghostysky.com\/#website","url":"https:\/\/www.ghostysky.com\/","name":"Ghostysky","description":"Entrega de drones y servicios profesionales","publisher":{"@id":"https:\/\/www.ghostysky.com\/#organization"},"potentialAction":[{"@type":"SearchAction","target":{"@type":"EntryPoint","urlTemplate":"https:\/\/www.ghostysky.com\/?s={search_term_string}"},"query-input":{"@type":"PropertyValueSpecification","valueRequired":true,"valueName":"search_term_string"}}],"inLanguage":"es"},{"@type":"Organization","@id":"https:\/\/www.ghostysky.com\/#organization","name":"Ghostysky","url":"https:\/\/www.ghostysky.com\/","logo":{"@type":"ImageObject","inLanguage":"es","@id":"https:\/\/www.ghostysky.com\/#\/schema\/logo\/image\/","url":"https:\/\/www.ghostysky.com\/wp-content\/uploads\/2020\/06\/cropped-ghostyskylogo_text_white2.png","contentUrl":"https:\/\/www.ghostysky.com\/wp-content\/uploads\/2020\/06\/cropped-ghostyskylogo_text_white2.png","width":169,"height":56,"caption":"Ghostysky"},"image":{"@id":"https:\/\/www.ghostysky.com\/#\/schema\/logo\/image\/"},"sameAs":["https:\/\/www.facebook.com\/people\/Ghostysky\/100057676170234\/","https:\/\/x.com\/Gh0stysky","https:\/\/www.linkedin.com\/company\/34739653","https:\/\/www.instagram.com\/gh0stysky"]}]}},"_links":{"self":[{"href":"https:\/\/www.ghostysky.com\/es\/wp-json\/wp\/v2\/product\/23120","targetHints":{"allow":["GET"]}}],"collection":[{"href":"https:\/\/www.ghostysky.com\/es\/wp-json\/wp\/v2\/product"}],"about":[{"href":"https:\/\/www.ghostysky.com\/es\/wp-json\/wp\/v2\/types\/product"}],"replies":[{"embeddable":true,"href":"https:\/\/www.ghostysky.com\/es\/wp-json\/wp\/v2\/comments?post=23120"}],"wp:featuredmedia":[{"embeddable":true,"href":"https:\/\/www.ghostysky.com\/es\/wp-json\/wp\/v2\/media\/23124"}],"wp:attachment":[{"href":"https:\/\/www.ghostysky.com\/es\/wp-json\/wp\/v2\/media?parent=23120"}],"wp:term":[{"taxonomy":"product_brand","embeddable":true,"href":"https:\/\/www.ghostysky.com\/es\/wp-json\/wp\/v2\/product_brand?post=23120"},{"taxonomy":"product_cat","embeddable":true,"href":"https:\/\/www.ghostysky.com\/es\/wp-json\/wp\/v2\/product_cat?post=23120"},{"taxonomy":"product_tag","embeddable":true,"href":"https:\/\/www.ghostysky.com\/es\/wp-json\/wp\/v2\/product_tag?post=23120"}],"curies":[{"name":"wp","href":"https:\/\/api.w.org\/{rel}","templated":true}]}}