{"id":23125,"date":"2025-11-11T15:50:22","date_gmt":"2025-11-11T15:50:22","guid":{"rendered":"https:\/\/www.ghostysky.com\/?post_type=product&#038;p=23125"},"modified":"2025-11-11T15:56:24","modified_gmt":"2025-11-11T15:56:24","slug":"dji-mic-3-transmitter","status":"publish","type":"product","link":"https:\/\/www.ghostysky.com\/es\/product\/dji-mic-3-transmitter\/","title":{"rendered":"Transmisor DJI Mic 3"},"content":{"rendered":"<h4>Caracter\u00edsticas clave y puntos de venta<\/h4>\n<h4>1. Audio y seguridad de nivel profesional<\/h4>\n<ul>\n<li><b><span class=\"citation-215 citation-end-215\">Grabaci\u00f3n interna de coma flotante de 32 bits:<\/span><\/b><span class=\"citation-214\"> El transmisor cuenta con almacenamiento incorporado y puede grabar audio directamente en el <\/span><b><span class=\"citation-214\">coma flotante de 32 bits<\/span><\/b><span class=\"citation-214 citation-end-214\"> formato.<\/span> Esto proporciona un rango din\u00e1mico enorme, eliminando pr\u00e1cticamente el riesgo de recorte o saturaci\u00f3n del audio (sobreexposici\u00f3n) durante sonidos fuertes o repentinos, ofreciendo la m\u00e1xima flexibilidad en la postproducci\u00f3n.<\/li>\n<li><b><span class=\"citation-213\">Transmisi\u00f3n de audio sin p\u00e9rdidas:<\/span><\/b><span class=\"citation-213\"> Admite hasta <\/span><b><span class=\"citation-213\">Audio sin p\u00e9rdida de 48 kHz\/24 bits<\/span><\/b><span class=\"citation-213 citation-end-213\"> transmisi\u00f3n al receptor, garantizando una calidad de sonido de alta fidelidad a trav\u00e9s del enlace inal\u00e1mbrico.<\/span><\/li>\n<li><b>Control de ganancia adaptativo:<\/b><span class=\"citation-212\"> Incorpora algoritmos inteligentes, incluyendo un <\/span><b><span class=\"citation-212\">Modo autom\u00e1tico<\/span><\/b><span class=\"citation-212\"> para evitar el recorte en entornos de alta fluctuaci\u00f3n (como eventos deportivos) y un <\/span><b><span class=\"citation-212\">Modo din\u00e1mico<\/span><\/b><span class=\"citation-212 citation-end-212\"> para un volumen constante en entornos silenciosos (como estudios).<\/span>\n<div class=\"source-inline-chip-container ng-star-inserted\"><\/div>\n<\/li>\n<\/ul>\n<h4>2. Dise\u00f1o compacto y versatilidad<\/h4>\n<ul>\n<li><b>Ultracompacto y ligero:<\/b><span class=\"citation-211\"> El transmisor es significativamente m\u00e1s peque\u00f1o y ligero que sus predecesores, con un peso de tan solo unos <\/span><b><span class=\"citation-211\">16 g (con im\u00e1n)<\/span><\/b><span class=\"citation-211 citation-end-211\">, lo que lo hace excepcionalmente discreto y f\u00e1cil de ocultar.<\/span><\/li>\n<li><b>Sujeci\u00f3n flexible:<\/b><span class=\"citation-210\"> Admite ambos <\/span><b><span class=\"citation-210\">magn\u00e9tico y de clip<\/span><\/b><span class=\"citation-210 citation-end-210\"> m\u00e9todos de fijaci\u00f3n que permiten una colocaci\u00f3n r\u00e1pida, segura y flexible del talento.<\/span><\/li>\n<li><b><span class=\"citation-209\">Conexi\u00f3n directa al tel\u00e9fono:<\/span><\/b><span class=\"citation-209\"> El transmisor puede conectarse directamente a un tel\u00e9fono inteligente mediante <\/span><b><span class=\"citation-209\">Bluetooth<\/span><\/b><span class=\"citation-209 citation-end-209\"> sin necesidad del receptor, lo que simplifica la configuraci\u00f3n para videoblogs m\u00f3viles y transmisiones en directo.<\/span><\/li>\n<\/ul>\n<p>&nbsp;<\/p>\n<h4>3. Flujo de trabajo de grabaci\u00f3n mejorado<\/h4>\n<ul>\n<li><b>Grabaci\u00f3n de archivos duales:<\/b><span class=\"citation-208 citation-end-208\"> Por seguridad, el transmisor puede guardar internamente tanto la pista original sin procesar como una versi\u00f3n mejorada mediante algoritmo, proporcionando una copia de seguridad limpia y una pista procesada para una r\u00e1pida entrega.<\/span><\/li>\n<li><b><span class=\"citation-207\">Duraci\u00f3n prolongada de la bater\u00eda:<\/span><\/b><span class=\"citation-207\"> Proporciona hasta <\/span><b><span class=\"citation-207\">8 horas<\/span><\/b><span class=\"citation-207 citation-end-207\"> de funcionamiento aut\u00f3nomo, y el estuche de carga ampl\u00eda significativamente el uso total del sistema.<\/span> <span class=\"citation-206 citation-end-206\">Una carga r\u00e1pida de 5 minutos puede proporcionar hasta 2 horas de uso.<\/span><\/li>\n<li><b><span class=\"citation-205\">Integraci\u00f3n de c\u00f3digo de tiempo:<\/span><\/b><span class=\"citation-205 citation-end-205\"> Incluye soporte de c\u00f3digo de tiempo de alta precisi\u00f3n, lo que permite sincronizar de forma instant\u00e1nea y sin problemas el audio grabado internamente con el material grabado entre varias c\u00e1maras en la postproducci\u00f3n, con una m\u00ednima desviaci\u00f3n.<\/span><\/li>\n<li><b><span class=\"citation-204\">Cancelaci\u00f3n de ruido y preajustes de tono:<\/span><\/b><span class=\"citation-204\"> Ofertas <\/span><b><span class=\"citation-204\">Cancelaci\u00f3n de ruido de dos niveles<\/span><\/b><span class=\"citation-204\"> (B\u00e1sico y Fuerte) para controlar el ruido de fondo y <\/span><b><span class=\"citation-204\">Tres preajustes de tono de voz<\/span><\/b><span class=\"citation-204 citation-end-204\"> (Regular, Rico y Brillante) para ajustar r\u00e1pidamente las caracter\u00edsticas vocales para que coincidan con el escenario o el sujeto.<\/span>\n<div class=\"source-inline-chip-container ng-star-inserted\"><\/div>\n<\/li>\n<\/ul>\n<p>El transmisor DJI Mic 3 est\u00e1 dise\u00f1ado para ser la herramienta de grabaci\u00f3n de audio port\u00e1til definitiva, minimizando el tiempo de configuraci\u00f3n y maximizando la calidad del audio y la seguridad para escenarios de grabaci\u00f3n cr\u00edticos.<\/p>","protected":false},"excerpt":{"rendered":"<p><span class=\"citation-217\">El <\/span><b><span class=\"citation-217\">Transmisor DJI Mic 3<\/span><\/b><span class=\"citation-217 citation-end-217\"> Es una unidad de micr\u00f3fono inal\u00e1mbrico avanzada y ultracompacta dise\u00f1ada para capturar audio n\u00edtido y de calidad profesional para creadores de contenido, vide\u00f3grafos y periodistas.<\/span> <span class=\"citation-216 citation-end-216\">Sirve como fuente discreta de grabaci\u00f3n y transmisi\u00f3n dentro del vers\u00e1til sistema inal\u00e1mbrico DJI Mic 3.<\/span><\/p>","protected":false},"featured_media":23128,"comment_status":"open","ping_status":"closed","template":"","meta":[],"product_brand":[1031],"product_cat":[37,1272,1284],"product_tag":[42,1285],"class_list":{"0":"post-23125","1":"product","2":"type-product","3":"status-publish","4":"has-post-thumbnail","6":"product_brand-dji","7":"product_cat-dji","8":"product_cat-handled","9":"product_cat-mic-3","10":"product_tag-dji","11":"product_tag-dji-mic-3","13":"first","14":"outofstock","15":"taxable","16":"shipping-taxable","17":"purchasable","18":"product-type-simple"},"yoast_head":"<!-- This site is optimized with the Yoast SEO plugin v27.4 - https:\/\/yoast.com\/product\/yoast-seo-wordpress\/ -->\n<title>DJI Mic 3 Transmitter - Ghostysky<\/title>\n<meta name=\"description\" content=\"The DJI Mic 3 Transmitter is an advanced, ultra-compact wireless microphone unit designed to capture pristine, professional-grade audio for content creators, videographers, and journalists. It serves as the discreet recording and transmission source within the versatile DJI Mic 3 wireless system.\" \/>\n<meta name=\"robots\" content=\"index, follow, max-snippet:-1, max-image-preview:large, max-video-preview:-1\" \/>\n<link rel=\"canonical\" href=\"https:\/\/www.ghostysky.com\/es\/producto-2\/dji-mic-3-transmitter\/\" \/>\n<meta property=\"og:locale\" content=\"es_ES\" \/>\n<meta property=\"og:type\" content=\"article\" \/>\n<meta property=\"og:title\" content=\"DJI Mic 3 Transmitter - Ghostysky\" \/>\n<meta property=\"og:description\" content=\"The DJI Mic 3 Transmitter is an advanced, ultra-compact wireless microphone unit designed to capture pristine, professional-grade audio for content creators, videographers, and journalists. It serves as the discreet recording and transmission source within the versatile DJI Mic 3 wireless system.\" \/>\n<meta property=\"og:url\" content=\"https:\/\/www.ghostysky.com\/es\/producto-2\/dji-mic-3-transmitter\/\" \/>\n<meta property=\"og:site_name\" content=\"Ghostysky\" \/>\n<meta property=\"article:publisher\" content=\"https:\/\/www.facebook.com\/people\/Ghostysky\/100057676170234\/\" \/>\n<meta property=\"article:modified_time\" content=\"2025-11-11T15:56:24+00:00\" \/>\n<meta property=\"og:image\" content=\"https:\/\/www.ghostysky.com\/wp-content\/uploads\/2025\/11\/GH_DJI-Mic-3-Transmitter_1.jpg\" \/>\n\t<meta property=\"og:image:width\" content=\"800\" \/>\n\t<meta property=\"og:image:height\" content=\"800\" \/>\n\t<meta property=\"og:image:type\" content=\"image\/jpeg\" \/>\n<meta name=\"twitter:card\" content=\"summary_large_image\" \/>\n<meta name=\"twitter:site\" content=\"@Gh0stysky\" \/>\n<meta name=\"twitter:label1\" content=\"Tiempo de lectura\" \/>\n\t<meta name=\"twitter:data1\" content=\"2 minutos\" \/>\n<script type=\"application\/ld+json\" class=\"yoast-schema-graph\">{\"@context\":\"https:\\\/\\\/schema.org\",\"@graph\":[{\"@type\":\"WebPage\",\"@id\":\"https:\\\/\\\/www.ghostysky.com\\\/product\\\/dji-mic-3-transmitter\\\/\",\"url\":\"https:\\\/\\\/www.ghostysky.com\\\/product\\\/dji-mic-3-transmitter\\\/\",\"name\":\"DJI Mic 3 Transmitter - Ghostysky\",\"isPartOf\":{\"@id\":\"https:\\\/\\\/www.ghostysky.com\\\/#website\"},\"primaryImageOfPage\":{\"@id\":\"https:\\\/\\\/www.ghostysky.com\\\/product\\\/dji-mic-3-transmitter\\\/#primaryimage\"},\"image\":{\"@id\":\"https:\\\/\\\/www.ghostysky.com\\\/product\\\/dji-mic-3-transmitter\\\/#primaryimage\"},\"thumbnailUrl\":\"https:\\\/\\\/www.ghostysky.com\\\/wp-content\\\/uploads\\\/2025\\\/11\\\/GH_DJI-Mic-3-Transmitter_1.jpg\",\"datePublished\":\"2025-11-11T15:50:22+00:00\",\"dateModified\":\"2025-11-11T15:56:24+00:00\",\"description\":\"The DJI Mic 3 Transmitter is an advanced, ultra-compact wireless microphone unit designed to capture pristine, professional-grade audio for content creators, videographers, and journalists. It serves as the discreet recording and transmission source within the versatile DJI Mic 3 wireless system.\",\"breadcrumb\":{\"@id\":\"https:\\\/\\\/www.ghostysky.com\\\/product\\\/dji-mic-3-transmitter\\\/#breadcrumb\"},\"inLanguage\":\"es\",\"potentialAction\":[{\"@type\":\"ReadAction\",\"target\":[\"https:\\\/\\\/www.ghostysky.com\\\/product\\\/dji-mic-3-transmitter\\\/\"]}]},{\"@type\":\"ImageObject\",\"inLanguage\":\"es\",\"@id\":\"https:\\\/\\\/www.ghostysky.com\\\/product\\\/dji-mic-3-transmitter\\\/#primaryimage\",\"url\":\"https:\\\/\\\/www.ghostysky.com\\\/wp-content\\\/uploads\\\/2025\\\/11\\\/GH_DJI-Mic-3-Transmitter_1.jpg\",\"contentUrl\":\"https:\\\/\\\/www.ghostysky.com\\\/wp-content\\\/uploads\\\/2025\\\/11\\\/GH_DJI-Mic-3-Transmitter_1.jpg\",\"width\":800,\"height\":800},{\"@type\":\"BreadcrumbList\",\"@id\":\"https:\\\/\\\/www.ghostysky.com\\\/product\\\/dji-mic-3-transmitter\\\/#breadcrumb\",\"itemListElement\":[{\"@type\":\"ListItem\",\"position\":1,\"name\":\"Home\",\"item\":\"https:\\\/\\\/www.ghostysky.com\\\/\"},{\"@type\":\"ListItem\",\"position\":2,\"name\":\"Shop\",\"item\":\"https:\\\/\\\/www.ghostysky.com\\\/shop\\\/\"},{\"@type\":\"ListItem\",\"position\":3,\"name\":\"DJI Mic 3 Transmitter\"}]},{\"@type\":\"WebSite\",\"@id\":\"https:\\\/\\\/www.ghostysky.com\\\/#website\",\"url\":\"https:\\\/\\\/www.ghostysky.com\\\/\",\"name\":\"Ghostysky\",\"description\":\"Delivering professional drones and robotics solutions\",\"publisher\":{\"@id\":\"https:\\\/\\\/www.ghostysky.com\\\/#organization\"},\"potentialAction\":[{\"@type\":\"SearchAction\",\"target\":{\"@type\":\"EntryPoint\",\"urlTemplate\":\"https:\\\/\\\/www.ghostysky.com\\\/?s={search_term_string}\"},\"query-input\":{\"@type\":\"PropertyValueSpecification\",\"valueRequired\":true,\"valueName\":\"search_term_string\"}}],\"inLanguage\":\"es\"},{\"@type\":\"Organization\",\"@id\":\"https:\\\/\\\/www.ghostysky.com\\\/#organization\",\"name\":\"Ghostysky\",\"url\":\"https:\\\/\\\/www.ghostysky.com\\\/\",\"logo\":{\"@type\":\"ImageObject\",\"inLanguage\":\"es\",\"@id\":\"https:\\\/\\\/www.ghostysky.com\\\/#\\\/schema\\\/logo\\\/image\\\/\",\"url\":\"https:\\\/\\\/www.ghostysky.com\\\/wp-content\\\/uploads\\\/2020\\\/06\\\/cropped-ghostyskylogo_text_white2.png\",\"contentUrl\":\"https:\\\/\\\/www.ghostysky.com\\\/wp-content\\\/uploads\\\/2020\\\/06\\\/cropped-ghostyskylogo_text_white2.png\",\"width\":169,\"height\":56,\"caption\":\"Ghostysky\"},\"image\":{\"@id\":\"https:\\\/\\\/www.ghostysky.com\\\/#\\\/schema\\\/logo\\\/image\\\/\"},\"sameAs\":[\"https:\\\/\\\/www.facebook.com\\\/people\\\/Ghostysky\\\/100057676170234\\\/\",\"https:\\\/\\\/x.com\\\/Gh0stysky\",\"https:\\\/\\\/www.linkedin.com\\\/company\\\/34739653\",\"https:\\\/\\\/www.instagram.com\\\/gh0stysky\"]}]}<\/script>\n<!-- \/ Yoast SEO plugin. -->","yoast_head_json":{"title":"Transmisor DJI Mic 3 - Ghostysky","description":"El transmisor DJI Mic 3 es un micr\u00f3fono inal\u00e1mbrico avanzado y ultracompacto dise\u00f1ado para capturar audio n\u00edtido y de calidad profesional para creadores de contenido, vide\u00f3grafos y periodistas. Funciona como fuente discreta de grabaci\u00f3n y transmisi\u00f3n dentro del vers\u00e1til sistema inal\u00e1mbrico DJI Mic 3.","robots":{"index":"index","follow":"follow","max-snippet":"max-snippet:-1","max-image-preview":"max-image-preview:large","max-video-preview":"max-video-preview:-1"},"canonical":"https:\/\/www.ghostysky.com\/es\/producto-2\/dji-mic-3-transmitter\/","og_locale":"es_ES","og_type":"article","og_title":"DJI Mic 3 Transmitter - Ghostysky","og_description":"The DJI Mic 3 Transmitter is an advanced, ultra-compact wireless microphone unit designed to capture pristine, professional-grade audio for content creators, videographers, and journalists. It serves as the discreet recording and transmission source within the versatile DJI Mic 3 wireless system.","og_url":"https:\/\/www.ghostysky.com\/es\/producto-2\/dji-mic-3-transmitter\/","og_site_name":"Ghostysky","article_publisher":"https:\/\/www.facebook.com\/people\/Ghostysky\/100057676170234\/","article_modified_time":"2025-11-11T15:56:24+00:00","og_image":[{"width":800,"height":800,"url":"https:\/\/www.ghostysky.com\/wp-content\/uploads\/2025\/11\/GH_DJI-Mic-3-Transmitter_1.jpg","type":"image\/jpeg"}],"twitter_card":"summary_large_image","twitter_site":"@Gh0stysky","twitter_misc":{"Tiempo de lectura":"2 minutos"},"schema":{"@context":"https:\/\/schema.org","@graph":[{"@type":"WebPage","@id":"https:\/\/www.ghostysky.com\/product\/dji-mic-3-transmitter\/","url":"https:\/\/www.ghostysky.com\/product\/dji-mic-3-transmitter\/","name":"Transmisor DJI Mic 3 - Ghostysky","isPartOf":{"@id":"https:\/\/www.ghostysky.com\/#website"},"primaryImageOfPage":{"@id":"https:\/\/www.ghostysky.com\/product\/dji-mic-3-transmitter\/#primaryimage"},"image":{"@id":"https:\/\/www.ghostysky.com\/product\/dji-mic-3-transmitter\/#primaryimage"},"thumbnailUrl":"https:\/\/www.ghostysky.com\/wp-content\/uploads\/2025\/11\/GH_DJI-Mic-3-Transmitter_1.jpg","datePublished":"2025-11-11T15:50:22+00:00","dateModified":"2025-11-11T15:56:24+00:00","description":"El transmisor DJI Mic 3 es un micr\u00f3fono inal\u00e1mbrico avanzado y ultracompacto dise\u00f1ado para capturar audio n\u00edtido y de calidad profesional para creadores de contenido, vide\u00f3grafos y periodistas. Funciona como fuente discreta de grabaci\u00f3n y transmisi\u00f3n dentro del vers\u00e1til sistema inal\u00e1mbrico DJI Mic 3.","breadcrumb":{"@id":"https:\/\/www.ghostysky.com\/product\/dji-mic-3-transmitter\/#breadcrumb"},"inLanguage":"es","potentialAction":[{"@type":"ReadAction","target":["https:\/\/www.ghostysky.com\/product\/dji-mic-3-transmitter\/"]}]},{"@type":"ImageObject","inLanguage":"es","@id":"https:\/\/www.ghostysky.com\/product\/dji-mic-3-transmitter\/#primaryimage","url":"https:\/\/www.ghostysky.com\/wp-content\/uploads\/2025\/11\/GH_DJI-Mic-3-Transmitter_1.jpg","contentUrl":"https:\/\/www.ghostysky.com\/wp-content\/uploads\/2025\/11\/GH_DJI-Mic-3-Transmitter_1.jpg","width":800,"height":800},{"@type":"BreadcrumbList","@id":"https:\/\/www.ghostysky.com\/product\/dji-mic-3-transmitter\/#breadcrumb","itemListElement":[{"@type":"ListItem","position":1,"name":"Home","item":"https:\/\/www.ghostysky.com\/"},{"@type":"ListItem","position":2,"name":"Shop","item":"https:\/\/www.ghostysky.com\/shop\/"},{"@type":"ListItem","position":3,"name":"DJI Mic 3 Transmitter"}]},{"@type":"WebSite","@id":"https:\/\/www.ghostysky.com\/#website","url":"https:\/\/www.ghostysky.com\/","name":"Ghostysky","description":"Ofrecemos soluciones profesionales de drones y rob\u00f3tica.","publisher":{"@id":"https:\/\/www.ghostysky.com\/#organization"},"potentialAction":[{"@type":"SearchAction","target":{"@type":"EntryPoint","urlTemplate":"https:\/\/www.ghostysky.com\/?s={search_term_string}"},"query-input":{"@type":"PropertyValueSpecification","valueRequired":true,"valueName":"search_term_string"}}],"inLanguage":"es"},{"@type":"Organization","@id":"https:\/\/www.ghostysky.com\/#organization","name":"Ghostysky","url":"https:\/\/www.ghostysky.com\/","logo":{"@type":"ImageObject","inLanguage":"es","@id":"https:\/\/www.ghostysky.com\/#\/schema\/logo\/image\/","url":"https:\/\/www.ghostysky.com\/wp-content\/uploads\/2020\/06\/cropped-ghostyskylogo_text_white2.png","contentUrl":"https:\/\/www.ghostysky.com\/wp-content\/uploads\/2020\/06\/cropped-ghostyskylogo_text_white2.png","width":169,"height":56,"caption":"Ghostysky"},"image":{"@id":"https:\/\/www.ghostysky.com\/#\/schema\/logo\/image\/"},"sameAs":["https:\/\/www.facebook.com\/people\/Ghostysky\/100057676170234\/","https:\/\/x.com\/Gh0stysky","https:\/\/www.linkedin.com\/company\/34739653","https:\/\/www.instagram.com\/gh0stysky"]}]}},"_links":{"self":[{"href":"https:\/\/www.ghostysky.com\/es\/wp-json\/wp\/v2\/product\/23125","targetHints":{"allow":["GET"]}}],"collection":[{"href":"https:\/\/www.ghostysky.com\/es\/wp-json\/wp\/v2\/product"}],"about":[{"href":"https:\/\/www.ghostysky.com\/es\/wp-json\/wp\/v2\/types\/product"}],"replies":[{"embeddable":true,"href":"https:\/\/www.ghostysky.com\/es\/wp-json\/wp\/v2\/comments?post=23125"}],"version-history":[{"count":0,"href":"https:\/\/www.ghostysky.com\/es\/wp-json\/wp\/v2\/product\/23125\/revisions"}],"wp:featuredmedia":[{"embeddable":true,"href":"https:\/\/www.ghostysky.com\/es\/wp-json\/wp\/v2\/media\/23128"}],"wp:attachment":[{"href":"https:\/\/www.ghostysky.com\/es\/wp-json\/wp\/v2\/media?parent=23125"}],"wp:term":[{"taxonomy":"product_brand","embeddable":true,"href":"https:\/\/www.ghostysky.com\/es\/wp-json\/wp\/v2\/product_brand?post=23125"},{"taxonomy":"product_cat","embeddable":true,"href":"https:\/\/www.ghostysky.com\/es\/wp-json\/wp\/v2\/product_cat?post=23125"},{"taxonomy":"product_tag","embeddable":true,"href":"https:\/\/www.ghostysky.com\/es\/wp-json\/wp\/v2\/product_tag?post=23125"}],"curies":[{"name":"wp","href":"https:\/\/api.w.org\/{rel}","templated":true}]}}