{"id":23165,"date":"2025-11-12T16:40:38","date_gmt":"2025-11-12T16:40:38","guid":{"rendered":"https:\/\/www.ghostysky.com\/?post_type=product&#038;p=23165"},"modified":"2026-03-02T16:05:28","modified_gmt":"2026-03-02T16:05:28","slug":"emlid-rs3-rover-kit","status":"publish","type":"product","link":"https:\/\/www.ghostysky.com\/es\/product\/emlid-rs3-rover-kit\/","title":{"rendered":"Kit Emlid RS3 Rover"},"content":{"rendered":"<h4>Caracter\u00edsticas principales del receptor Emlid Reach RS3<\/h4>\n<p><span class=\"citation-13 citation-end-13\">El coraz\u00f3n del kit es el resistente y completo receptor Reach RS3, dise\u00f1ado para ofrecer eficiencia y durabilidad.<\/span><\/p>\n<p>&nbsp;<\/p>\n<table>\n<thead>\n<tr>\n<td><strong>Caracter\u00edstica<\/strong><\/td>\n<td><strong>Descripci\u00f3n y beneficios<\/strong><\/td>\n<\/tr>\n<\/thead>\n<tbody>\n<tr>\n<td><b>Compensaci\u00f3n de inclinaci\u00f3n de la IMU<\/b><\/td>\n<td><b>Precisi\u00f3n centim\u00e9trica hasta una inclinaci\u00f3n de 60\u00b0.<\/b> La compensaci\u00f3n de inclinaci\u00f3n basada en la IMU permite medir y replantear puntos con precisi\u00f3n sin nivelar el jal\u00f3n, lo que ahorra mucho tiempo en el campo, especialmente en lugares de dif\u00edcil acceso. <b>sin calibraci\u00f3n<\/b> y <b>inmune a las perturbaciones magn\u00e9ticas<\/b>.<\/td>\n<\/tr>\n<tr>\n<td><b>Precisi\u00f3n de grado topogr\u00e1fico<\/b><\/td>\n<td>Proporciona correcciones r\u00e1pidas y precisas al cent\u00edmetro, normalmente en aproximadamente <b>5 segundos<\/b>Los niveles de precisi\u00f3n son excelentes para aplicaciones RTK, PPK y est\u00e1ticas (<span class=\"math-inline\" data-math=\"H: 7 \\text{ mm} + 1 \\text{ ppm} \/ V: 14 \\text{ mm} + 1 \\text{ ppm}\">H: 7 mm + 1 ppm \/ V: 14 mm + 1 ppm<\/span>\u00a0RTK).<\/td>\n<\/tr>\n<tr>\n<td><b>GNSS multibanda<\/b><\/td>\n<td>Rastrea se\u00f1ales de todas las principales constelaciones globales (GPS\/QZSS L1\/L2, GLONASS L1\/L2, BeiDou B1\/B2, Galileo E1\/E5) para una cobertura y confiabilidad satelital m\u00e1xima.<\/td>\n<\/tr>\n<tr>\n<td><b>Conectividad integrada<\/b><\/td>\n<td>Cuenta con un sistema integrado <b>M\u00f3dem LTE global<\/b> (Ranura Nano-SIM para correcciones NTRIP) y <b>Radio de doble banda<\/b> (LoRa 868\/915 MHz para un alcance de hasta 8 km y UHF 450 MHz para recibir correcciones de bases de terceros) para garantizar una comunicaci\u00f3n sin interrupciones y la recepci\u00f3n de datos de correcci\u00f3n en todas las condiciones de trabajo.<\/td>\n<\/tr>\n<tr>\n<td><b>Bater\u00eda con duraci\u00f3n para todo el d\u00eda<\/b><\/td>\n<td>La bater\u00eda de iones de litio de grado industrial proporciona hasta <b>18 horas de funcionamiento como rover RTK con compensaci\u00f3n de inclinaci\u00f3n<\/b> o hasta 22 horas de registro, lo que garantiza una productividad m\u00e1xima durante jornadas laborales exigentes.<\/td>\n<\/tr>\n<tr>\n<td><b>Dise\u00f1o robusto<\/b><\/td>\n<td>Construido para resistir los entornos m\u00e1s hostiles con un <b>Clasificaci\u00f3n IP67<\/b> (a prueba de polvo y agua hasta 1 m de profundidad) y un rango de temperatura de funcionamiento de <span class=\"math-inline\" data-math=\"-20^\\circ \\text{C to } +65^\\circ \\text{C}\">-20\u00baC a +65\u00baC<\/span>.<\/td>\n<\/tr>\n<\/tbody>\n<\/table>\n<p>&nbsp;<\/p>\n<h4>Poste de topograf\u00eda de Emlid<\/h4>\n<p><span class=\"citation-12 citation-end-12\">El m\u00e1stil de reconocimiento Emlid es el complemento esencial para el receptor RS3, ya que proporciona una soluci\u00f3n de montaje estable y flexible para las operaciones del rover.<\/span><\/p>\n<ul>\n<li><b><span class=\"citation-11\">Construcci\u00f3n duradera:<\/span><\/b><span class=\"citation-11\"> Hecho de <\/span><b><span class=\"citation-11\">aluminio anodizado<\/span><\/b><span class=\"citation-11 citation-end-11\"> para mayor resistencia y ligereza.<\/span><\/li>\n<li><b><span class=\"citation-10\">Altura ajustable:<\/span><\/b><span class=\"citation-10\"> Ofrece flexibilidad con una altura m\u00e1xima de <\/span><b><span class=\"citation-10\">1,8 m<\/span><\/b><span class=\"citation-10 citation-end-10\"> y una longitud plegada de 0,74 m.<\/span><\/li>\n<li><b>Soporte integrado para smartphone:<\/b> Normalmente incluye un soporte integrado para asegurar tu dispositivo m\u00f3vil para ejecutar la <b>Emlid Flow<\/b> aplicaci\u00f3n de control.<\/li>\n<\/ul>\n<p>&nbsp;<\/p>\n<h4>Integraci\u00f3n de software<\/h4>\n<p>Todo el flujo de trabajo se gestiona a trav\u00e9s de la interfaz intuitiva. <b>Emlid Flow<\/b> Aplicaci\u00f3n m\u00f3vil (para iOS y Android) que permite:<\/p>\n<ul>\n<li>Configuraci\u00f3n del receptor y comprobaci\u00f3n del estado.<\/li>\n<li><span class=\"citation-9 citation-end-9\">Recopilaci\u00f3n y replanteo de datos eficientes con funciones como codificaci\u00f3n y soporte para mapas de fondo.<\/span><\/li>\n<li><span class=\"citation-8\">Sincronizaci\u00f3n con la nube <\/span><b><span class=\"citation-8\">Emlid Flujo 360<\/span><\/b><span class=\"citation-8 citation-end-8\"> para la gesti\u00f3n de proyectos y el intercambio de datos.<\/span><\/li>\n<\/ul>\n<p>El kit Emlid RS3 Rover establece un nuevo est\u00e1ndar de simplicidad en el trabajo de campo y precisi\u00f3n profesional, convirti\u00e9ndose en la herramienta definitiva para los top\u00f3grafos modernos.<\/p>","protected":false},"excerpt":{"rendered":"<p><span class=\"citation-15 citation-end-15\">El kit Emlid RS3 Rover es una soluci\u00f3n GNSS multibanda de grado profesional dise\u00f1ada para ofrecer una precisi\u00f3n inigualable a nivel centim\u00e9trico para levantamientos topogr\u00e1ficos, construcci\u00f3n, cartograf\u00eda y agricultura de precisi\u00f3n.<\/span> <span class=\"citation-14\">Con tecnolog\u00eda avanzada <\/span><b><span class=\"citation-14\">Receptor Emlid Reach RS3<\/span><\/b><span class=\"citation-14\"> y un dedicado <\/span><b><span class=\"citation-14\">Poste de topograf\u00eda de Emlid<\/span><\/b><span class=\"citation-14 citation-end-14\">Este kit permite a los profesionales de campo realizar mediciones r\u00e1pidas, fiables y de alta precisi\u00f3n en cualquier entorno.<\/span><\/p>","protected":false},"featured_media":23166,"comment_status":"open","ping_status":"closed","template":"","meta":[],"product_brand":[1025],"product_cat":[89,1189,30],"product_tag":[58,554,1286],"class_list":{"0":"post-23165","1":"product","2":"type-product","3":"status-publish","4":"has-post-thumbnail","6":"product_brand-emlid","7":"product_cat-emlid","8":"product_cat-kir-rs4_rs4pro_rs3","9":"product_cat-mobile-station","10":"product_tag-emlid","11":"product_tag-emlid-rs3","12":"product_tag-emlid-rs3-rover-kit","14":"first","15":"instock","16":"taxable","17":"shipping-taxable","18":"purchasable","19":"product-type-woosb"},"yoast_head":"<!-- This site is optimized with the Yoast SEO plugin v27.1.1 - https:\/\/yoast.com\/product\/yoast-seo-wordpress\/ -->\n<title>Emlid RS3 Rover Kit - Ghostysky<\/title>\n<meta name=\"description\" content=\"The Emlid RS3 Rover Kit is a professional-grade, multi-band GNSS solution designed to deliver unparalleled centimeter-level accuracy for land surveying, construction, mapping, and precision agriculture. Featuring the advanced Emlid Reach RS3 receiver and a dedicated Emlid Survey Pole, this kit empowers field professionals to achieve fast, reliable, and highly precise measurements in any environment.\" \/>\n<meta name=\"robots\" content=\"index, follow, max-snippet:-1, max-image-preview:large, max-video-preview:-1\" \/>\n<link rel=\"canonical\" href=\"https:\/\/www.ghostysky.com\/es\/producto-2\/emlid-rs3-rover-kit\/\" \/>\n<meta property=\"og:locale\" content=\"es_ES\" \/>\n<meta property=\"og:type\" content=\"article\" \/>\n<meta property=\"og:title\" content=\"Emlid RS3 Rover Kit - Ghostysky\" \/>\n<meta property=\"og:description\" content=\"The Emlid RS3 Rover Kit is a professional-grade, multi-band GNSS solution designed to deliver unparalleled centimeter-level accuracy for land surveying, construction, mapping, and precision agriculture. Featuring the advanced Emlid Reach RS3 receiver and a dedicated Emlid Survey Pole, this kit empowers field professionals to achieve fast, reliable, and highly precise measurements in any environment.\" \/>\n<meta property=\"og:url\" content=\"https:\/\/www.ghostysky.com\/es\/producto-2\/emlid-rs3-rover-kit\/\" \/>\n<meta property=\"og:site_name\" content=\"Ghostysky\" \/>\n<meta property=\"article:publisher\" content=\"https:\/\/www.facebook.com\/people\/Ghostysky\/100057676170234\/\" \/>\n<meta property=\"article:modified_time\" content=\"2026-03-02T16:05:28+00:00\" \/>\n<meta property=\"og:image\" content=\"https:\/\/www.ghostysky.com\/wp-content\/uploads\/2025\/11\/GH_Emlid_RS3Rover_kit.jpg\" \/>\n\t<meta property=\"og:image:width\" content=\"600\" \/>\n\t<meta property=\"og:image:height\" content=\"600\" \/>\n\t<meta property=\"og:image:type\" content=\"image\/jpeg\" \/>\n<meta name=\"twitter:card\" content=\"summary_large_image\" \/>\n<meta name=\"twitter:site\" content=\"@Gh0stysky\" \/>\n<meta name=\"twitter:label1\" content=\"Tiempo de lectura\" \/>\n\t<meta name=\"twitter:data1\" content=\"2 minutos\" \/>\n<script type=\"application\/ld+json\" class=\"yoast-schema-graph\">{\"@context\":\"https:\/\/schema.org\",\"@graph\":[{\"@type\":\"WebPage\",\"@id\":\"https:\/\/www.ghostysky.com\/product\/emlid-rs3-rover-kit\/\",\"url\":\"https:\/\/www.ghostysky.com\/product\/emlid-rs3-rover-kit\/\",\"name\":\"Emlid RS3 Rover Kit - Ghostysky\",\"isPartOf\":{\"@id\":\"https:\/\/www.ghostysky.com\/#website\"},\"primaryImageOfPage\":{\"@id\":\"https:\/\/www.ghostysky.com\/product\/emlid-rs3-rover-kit\/#primaryimage\"},\"image\":{\"@id\":\"https:\/\/www.ghostysky.com\/product\/emlid-rs3-rover-kit\/#primaryimage\"},\"thumbnailUrl\":\"https:\/\/www.ghostysky.com\/wp-content\/uploads\/2025\/11\/GH_Emlid_RS3Rover_kit.jpg\",\"datePublished\":\"2025-11-12T16:40:38+00:00\",\"dateModified\":\"2026-03-02T16:05:28+00:00\",\"description\":\"The Emlid RS3 Rover Kit is a professional-grade, multi-band GNSS solution designed to deliver unparalleled centimeter-level accuracy for land surveying, construction, mapping, and precision agriculture. Featuring the advanced Emlid Reach RS3 receiver and a dedicated Emlid Survey Pole, this kit empowers field professionals to achieve fast, reliable, and highly precise measurements in any environment.\",\"breadcrumb\":{\"@id\":\"https:\/\/www.ghostysky.com\/product\/emlid-rs3-rover-kit\/#breadcrumb\"},\"inLanguage\":\"es\",\"potentialAction\":[{\"@type\":\"ReadAction\",\"target\":[\"https:\/\/www.ghostysky.com\/product\/emlid-rs3-rover-kit\/\"]}]},{\"@type\":\"ImageObject\",\"inLanguage\":\"es\",\"@id\":\"https:\/\/www.ghostysky.com\/product\/emlid-rs3-rover-kit\/#primaryimage\",\"url\":\"https:\/\/www.ghostysky.com\/wp-content\/uploads\/2025\/11\/GH_Emlid_RS3Rover_kit.jpg\",\"contentUrl\":\"https:\/\/www.ghostysky.com\/wp-content\/uploads\/2025\/11\/GH_Emlid_RS3Rover_kit.jpg\",\"width\":600,\"height\":600},{\"@type\":\"BreadcrumbList\",\"@id\":\"https:\/\/www.ghostysky.com\/product\/emlid-rs3-rover-kit\/#breadcrumb\",\"itemListElement\":[{\"@type\":\"ListItem\",\"position\":1,\"name\":\"Home\",\"item\":\"https:\/\/www.ghostysky.com\/\"},{\"@type\":\"ListItem\",\"position\":2,\"name\":\"Shop\",\"item\":\"https:\/\/www.ghostysky.com\/shop\/\"},{\"@type\":\"ListItem\",\"position\":3,\"name\":\"Emlid RS3 Rover Kit\"}]},{\"@type\":\"WebSite\",\"@id\":\"https:\/\/www.ghostysky.com\/#website\",\"url\":\"https:\/\/www.ghostysky.com\/\",\"name\":\"Ghostysky\",\"description\":\"Delivering professional drones and services\",\"publisher\":{\"@id\":\"https:\/\/www.ghostysky.com\/#organization\"},\"potentialAction\":[{\"@type\":\"SearchAction\",\"target\":{\"@type\":\"EntryPoint\",\"urlTemplate\":\"https:\/\/www.ghostysky.com\/?s={search_term_string}\"},\"query-input\":{\"@type\":\"PropertyValueSpecification\",\"valueRequired\":true,\"valueName\":\"search_term_string\"}}],\"inLanguage\":\"es\"},{\"@type\":\"Organization\",\"@id\":\"https:\/\/www.ghostysky.com\/#organization\",\"name\":\"Ghostysky\",\"url\":\"https:\/\/www.ghostysky.com\/\",\"logo\":{\"@type\":\"ImageObject\",\"inLanguage\":\"es\",\"@id\":\"https:\/\/www.ghostysky.com\/#\/schema\/logo\/image\/\",\"url\":\"https:\/\/www.ghostysky.com\/wp-content\/uploads\/2020\/06\/cropped-ghostyskylogo_text_white2.png\",\"contentUrl\":\"https:\/\/www.ghostysky.com\/wp-content\/uploads\/2020\/06\/cropped-ghostyskylogo_text_white2.png\",\"width\":169,\"height\":56,\"caption\":\"Ghostysky\"},\"image\":{\"@id\":\"https:\/\/www.ghostysky.com\/#\/schema\/logo\/image\/\"},\"sameAs\":[\"https:\/\/www.facebook.com\/people\/Ghostysky\/100057676170234\/\",\"https:\/\/x.com\/Gh0stysky\",\"https:\/\/www.linkedin.com\/company\/34739653\",\"https:\/\/www.instagram.com\/gh0stysky\"]}]}<\/script>\n<!-- \/ Yoast SEO plugin. -->","yoast_head_json":{"title":"Kit Emlid RS3 Rover - Ghostysky","description":"El kit Emlid RS3 Rover es una soluci\u00f3n GNSS multibanda de nivel profesional dise\u00f1ada para ofrecer una precisi\u00f3n centim\u00e9trica sin precedentes en topograf\u00eda, construcci\u00f3n, cartograf\u00eda y agricultura de precisi\u00f3n. Con el avanzado receptor Emlid Reach RS3 y una p\u00e9rtiga de topograf\u00eda Emlid espec\u00edfica, este kit permite a los profesionales de campo realizar mediciones r\u00e1pidas, fiables y de alta precisi\u00f3n en cualquier entorno.","robots":{"index":"index","follow":"follow","max-snippet":"max-snippet:-1","max-image-preview":"max-image-preview:large","max-video-preview":"max-video-preview:-1"},"canonical":"https:\/\/www.ghostysky.com\/es\/producto-2\/emlid-rs3-rover-kit\/","og_locale":"es_ES","og_type":"article","og_title":"Emlid RS3 Rover Kit - Ghostysky","og_description":"The Emlid RS3 Rover Kit is a professional-grade, multi-band GNSS solution designed to deliver unparalleled centimeter-level accuracy for land surveying, construction, mapping, and precision agriculture. Featuring the advanced Emlid Reach RS3 receiver and a dedicated Emlid Survey Pole, this kit empowers field professionals to achieve fast, reliable, and highly precise measurements in any environment.","og_url":"https:\/\/www.ghostysky.com\/es\/producto-2\/emlid-rs3-rover-kit\/","og_site_name":"Ghostysky","article_publisher":"https:\/\/www.facebook.com\/people\/Ghostysky\/100057676170234\/","article_modified_time":"2026-03-02T16:05:28+00:00","og_image":[{"width":600,"height":600,"url":"https:\/\/www.ghostysky.com\/wp-content\/uploads\/2025\/11\/GH_Emlid_RS3Rover_kit.jpg","type":"image\/jpeg"}],"twitter_card":"summary_large_image","twitter_site":"@Gh0stysky","twitter_misc":{"Tiempo de lectura":"2 minutos"},"schema":{"@context":"https:\/\/schema.org","@graph":[{"@type":"WebPage","@id":"https:\/\/www.ghostysky.com\/product\/emlid-rs3-rover-kit\/","url":"https:\/\/www.ghostysky.com\/product\/emlid-rs3-rover-kit\/","name":"Kit Emlid RS3 Rover - Ghostysky","isPartOf":{"@id":"https:\/\/www.ghostysky.com\/#website"},"primaryImageOfPage":{"@id":"https:\/\/www.ghostysky.com\/product\/emlid-rs3-rover-kit\/#primaryimage"},"image":{"@id":"https:\/\/www.ghostysky.com\/product\/emlid-rs3-rover-kit\/#primaryimage"},"thumbnailUrl":"https:\/\/www.ghostysky.com\/wp-content\/uploads\/2025\/11\/GH_Emlid_RS3Rover_kit.jpg","datePublished":"2025-11-12T16:40:38+00:00","dateModified":"2026-03-02T16:05:28+00:00","description":"El kit Emlid RS3 Rover es una soluci\u00f3n GNSS multibanda de nivel profesional dise\u00f1ada para ofrecer una precisi\u00f3n centim\u00e9trica sin precedentes en topograf\u00eda, construcci\u00f3n, cartograf\u00eda y agricultura de precisi\u00f3n. Con el avanzado receptor Emlid Reach RS3 y una p\u00e9rtiga de topograf\u00eda Emlid espec\u00edfica, este kit permite a los profesionales de campo realizar mediciones r\u00e1pidas, fiables y de alta precisi\u00f3n en cualquier entorno.","breadcrumb":{"@id":"https:\/\/www.ghostysky.com\/product\/emlid-rs3-rover-kit\/#breadcrumb"},"inLanguage":"es","potentialAction":[{"@type":"ReadAction","target":["https:\/\/www.ghostysky.com\/product\/emlid-rs3-rover-kit\/"]}]},{"@type":"ImageObject","inLanguage":"es","@id":"https:\/\/www.ghostysky.com\/product\/emlid-rs3-rover-kit\/#primaryimage","url":"https:\/\/www.ghostysky.com\/wp-content\/uploads\/2025\/11\/GH_Emlid_RS3Rover_kit.jpg","contentUrl":"https:\/\/www.ghostysky.com\/wp-content\/uploads\/2025\/11\/GH_Emlid_RS3Rover_kit.jpg","width":600,"height":600},{"@type":"BreadcrumbList","@id":"https:\/\/www.ghostysky.com\/product\/emlid-rs3-rover-kit\/#breadcrumb","itemListElement":[{"@type":"ListItem","position":1,"name":"Home","item":"https:\/\/www.ghostysky.com\/"},{"@type":"ListItem","position":2,"name":"Shop","item":"https:\/\/www.ghostysky.com\/shop\/"},{"@type":"ListItem","position":3,"name":"Emlid RS3 Rover Kit"}]},{"@type":"WebSite","@id":"https:\/\/www.ghostysky.com\/#website","url":"https:\/\/www.ghostysky.com\/","name":"Ghostysky","description":"Entrega de drones y servicios profesionales","publisher":{"@id":"https:\/\/www.ghostysky.com\/#organization"},"potentialAction":[{"@type":"SearchAction","target":{"@type":"EntryPoint","urlTemplate":"https:\/\/www.ghostysky.com\/?s={search_term_string}"},"query-input":{"@type":"PropertyValueSpecification","valueRequired":true,"valueName":"search_term_string"}}],"inLanguage":"es"},{"@type":"Organization","@id":"https:\/\/www.ghostysky.com\/#organization","name":"Ghostysky","url":"https:\/\/www.ghostysky.com\/","logo":{"@type":"ImageObject","inLanguage":"es","@id":"https:\/\/www.ghostysky.com\/#\/schema\/logo\/image\/","url":"https:\/\/www.ghostysky.com\/wp-content\/uploads\/2020\/06\/cropped-ghostyskylogo_text_white2.png","contentUrl":"https:\/\/www.ghostysky.com\/wp-content\/uploads\/2020\/06\/cropped-ghostyskylogo_text_white2.png","width":169,"height":56,"caption":"Ghostysky"},"image":{"@id":"https:\/\/www.ghostysky.com\/#\/schema\/logo\/image\/"},"sameAs":["https:\/\/www.facebook.com\/people\/Ghostysky\/100057676170234\/","https:\/\/x.com\/Gh0stysky","https:\/\/www.linkedin.com\/company\/34739653","https:\/\/www.instagram.com\/gh0stysky"]}]}},"_links":{"self":[{"href":"https:\/\/www.ghostysky.com\/es\/wp-json\/wp\/v2\/product\/23165","targetHints":{"allow":["GET"]}}],"collection":[{"href":"https:\/\/www.ghostysky.com\/es\/wp-json\/wp\/v2\/product"}],"about":[{"href":"https:\/\/www.ghostysky.com\/es\/wp-json\/wp\/v2\/types\/product"}],"replies":[{"embeddable":true,"href":"https:\/\/www.ghostysky.com\/es\/wp-json\/wp\/v2\/comments?post=23165"}],"wp:featuredmedia":[{"embeddable":true,"href":"https:\/\/www.ghostysky.com\/es\/wp-json\/wp\/v2\/media\/23166"}],"wp:attachment":[{"href":"https:\/\/www.ghostysky.com\/es\/wp-json\/wp\/v2\/media?parent=23165"}],"wp:term":[{"taxonomy":"product_brand","embeddable":true,"href":"https:\/\/www.ghostysky.com\/es\/wp-json\/wp\/v2\/product_brand?post=23165"},{"taxonomy":"product_cat","embeddable":true,"href":"https:\/\/www.ghostysky.com\/es\/wp-json\/wp\/v2\/product_cat?post=23165"},{"taxonomy":"product_tag","embeddable":true,"href":"https:\/\/www.ghostysky.com\/es\/wp-json\/wp\/v2\/product_tag?post=23165"}],"curies":[{"name":"wp","href":"https:\/\/api.w.org\/{rel}","templated":true}]}}