{"id":23197,"date":"2025-11-14T14:47:32","date_gmt":"2025-11-14T14:47:32","guid":{"rendered":"https:\/\/www.ghostysky.com\/?post_type=product&#038;p=23197"},"modified":"2025-11-14T14:48:04","modified_gmt":"2025-11-14T14:48:04","slug":"landing-pad-65cm65cm","status":"publish","type":"product","link":"https:\/\/www.ghostysky.com\/es\/product\/landing-pad-65cm65cm\/","title":{"rendered":"Plataforma de aterrizaje de 65 cm x 65 cm"},"content":{"rendered":"<h4>Caracter\u00edsticas clave<\/h4>\n<ul data-path-to-node=\"3\">\n<li>\n<p data-path-to-node=\"3,0,0\"><b>Tama\u00f1o \u00f3ptimo:<\/b> Un generoso <b>65 cm x 65 cm<\/b> La zona de aterrizaje ofrece espacio suficiente para la mayor\u00eda de los drones, tanto de consumo como profesionales, garantizando un aterrizaje seguro en cada ocasi\u00f3n.<\/p>\n<\/li>\n<li>\n<p data-path-to-node=\"3,1,0\"><b>Cuero de poliuretano (PU) de primera calidad:<\/b> Fabricada con cuero PU de alta calidad y resistente a la intemperie, esta almohadilla ofrece una <b>superficie lisa, limpia y duradera<\/b>. <span class=\"citation-1 citation-end-1\">Protege la c\u00e1mara y los sensores sensibles de tu dron del polvo, la suciedad, las piedras y los escombros que se encuentran en el c\u00e9sped, la arena o el pavimento irregular.<\/span><\/p>\n<\/li>\n<li>\n<p data-path-to-node=\"3,2,0\"><b>Dise\u00f1o de alta visibilidad:<\/b> Presenta un dise\u00f1o llamativo de dos colores que garantiza <b>visibilidad m\u00e1xima<\/b> desde el aire, incluso a plena luz del sol o en condiciones de poca luz, lo que permite un aterrizaje de precisi\u00f3n sin esfuerzo.<\/p>\n<\/li>\n<li>\n<p data-path-to-node=\"3,3,0\"><b>Resistente al agua y a las manchas:<\/b> El cuero sint\u00e9tico PU es f\u00e1cil de limpiar, resistente al agua, al aceite y a la suciedad, lo que mantiene su equipo con un aspecto profesional vuelo tras vuelo.<\/p>\n<\/li>\n<li>\n<p data-path-to-node=\"3,4,0\"><b>Port\u00e1til y de r\u00e1pida instalaci\u00f3n:<\/b> Ligero y dise\u00f1ado para <b>doblar o enrollar de forma compacta<\/b> Para un transporte sencillo. Se despliega o se guarda en segundos, encajando perfectamente en la funda de transporte de tu dron.<\/p>\n<\/li>\n<\/ul>\n<p data-path-to-node=\"4\">\n<h4>\u00bfPor qu\u00e9 elegir Launch Pad Pro?<\/h4>\n<p data-path-to-node=\"5\">La protecci\u00f3n de tu inversi\u00f3n comienza en tierra. El Launch Pad Pro minimiza los residuos generados por la h\u00e9lice, prolonga la vida \u00fatil de tu gimbal y c\u00e1mara, y proporciona una base profesional para todos tus despegues y aterrizajes.<\/p>","protected":false},"excerpt":{"rendered":"<p>\u00bfCansado de aterrizajes bruscos y sensores sucios? Dale a tu dron el hogar perfecto con el <b>Launch Pad Pro<\/b>\u2014la soluci\u00f3n de aterrizaje definitiva dise\u00f1ada para ofrecer seguridad, precisi\u00f3n y durabilidad.<\/p>","protected":false},"featured_media":23199,"comment_status":"open","ping_status":"closed","template":"","meta":[],"product_brand":[],"product_cat":[461,559],"product_tag":[561,563,568],"class_list":{"0":"post-23197","1":"product","2":"type-product","3":"status-publish","4":"has-post-thumbnail","6":"product_cat-accessories-2","7":"product_cat-landing-pad-gcp-gound-targets","8":"product_tag-65cm","9":"product_tag-landing-pad","10":"product_tag-pu","12":"first","13":"instock","14":"taxable","15":"shipping-taxable","16":"purchasable","17":"product-type-simple"},"yoast_head":"<!-- This site is optimized with the Yoast SEO plugin v27.1.1 - https:\/\/yoast.com\/product\/yoast-seo-wordpress\/ -->\n<title>Landing pad 65cm*65cm - Ghostysky<\/title>\n<meta name=\"description\" content=\"Tired of rough landings and dirty sensors? Give your drone the perfect home with the Launch Pad Pro\u2014the ultimate landing solution designed for safety, precision, and durability.\" \/>\n<meta name=\"robots\" content=\"index, follow, max-snippet:-1, max-image-preview:large, max-video-preview:-1\" \/>\n<link rel=\"canonical\" href=\"https:\/\/www.ghostysky.com\/es\/producto-2\/landing-pad-65cm65cm\/\" \/>\n<meta property=\"og:locale\" content=\"es_ES\" \/>\n<meta property=\"og:type\" content=\"article\" \/>\n<meta property=\"og:title\" content=\"Landing pad 65cm*65cm - Ghostysky\" \/>\n<meta property=\"og:description\" content=\"Tired of rough landings and dirty sensors? Give your drone the perfect home with the Launch Pad Pro\u2014the ultimate landing solution designed for safety, precision, and durability.\" \/>\n<meta property=\"og:url\" content=\"https:\/\/www.ghostysky.com\/es\/producto-2\/landing-pad-65cm65cm\/\" \/>\n<meta property=\"og:site_name\" content=\"Ghostysky\" \/>\n<meta property=\"article:publisher\" content=\"https:\/\/www.facebook.com\/people\/Ghostysky\/100057676170234\/\" \/>\n<meta property=\"article:modified_time\" content=\"2025-11-14T14:48:04+00:00\" \/>\n<meta property=\"og:image\" content=\"https:\/\/www.ghostysky.com\/wp-content\/uploads\/2025\/11\/GH_Landing_Pad_65cm_65cm_2.webp\" \/>\n\t<meta property=\"og:image:width\" content=\"679\" \/>\n\t<meta property=\"og:image:height\" content=\"667\" \/>\n\t<meta property=\"og:image:type\" content=\"image\/webp\" \/>\n<meta name=\"twitter:card\" content=\"summary_large_image\" \/>\n<meta name=\"twitter:site\" content=\"@Gh0stysky\" \/>\n<meta name=\"twitter:label1\" content=\"Tiempo de lectura\" \/>\n\t<meta name=\"twitter:data1\" content=\"2 minutos\" \/>\n<script type=\"application\/ld+json\" class=\"yoast-schema-graph\">{\"@context\":\"https:\/\/schema.org\",\"@graph\":[{\"@type\":\"WebPage\",\"@id\":\"https:\/\/www.ghostysky.com\/product\/landing-pad-65cm65cm\/\",\"url\":\"https:\/\/www.ghostysky.com\/product\/landing-pad-65cm65cm\/\",\"name\":\"Landing pad 65cm*65cm - Ghostysky\",\"isPartOf\":{\"@id\":\"https:\/\/www.ghostysky.com\/#website\"},\"primaryImageOfPage\":{\"@id\":\"https:\/\/www.ghostysky.com\/product\/landing-pad-65cm65cm\/#primaryimage\"},\"image\":{\"@id\":\"https:\/\/www.ghostysky.com\/product\/landing-pad-65cm65cm\/#primaryimage\"},\"thumbnailUrl\":\"https:\/\/www.ghostysky.com\/wp-content\/uploads\/2025\/11\/GH_Landing_Pad_65cm_65cm_2.webp\",\"datePublished\":\"2025-11-14T14:47:32+00:00\",\"dateModified\":\"2025-11-14T14:48:04+00:00\",\"description\":\"Tired of rough landings and dirty sensors? Give your drone the perfect home with the Launch Pad Pro\u2014the ultimate landing solution designed for safety, precision, and durability.\",\"breadcrumb\":{\"@id\":\"https:\/\/www.ghostysky.com\/product\/landing-pad-65cm65cm\/#breadcrumb\"},\"inLanguage\":\"es\",\"potentialAction\":[{\"@type\":\"ReadAction\",\"target\":[\"https:\/\/www.ghostysky.com\/product\/landing-pad-65cm65cm\/\"]}]},{\"@type\":\"ImageObject\",\"inLanguage\":\"es\",\"@id\":\"https:\/\/www.ghostysky.com\/product\/landing-pad-65cm65cm\/#primaryimage\",\"url\":\"https:\/\/www.ghostysky.com\/wp-content\/uploads\/2025\/11\/GH_Landing_Pad_65cm_65cm_2.webp\",\"contentUrl\":\"https:\/\/www.ghostysky.com\/wp-content\/uploads\/2025\/11\/GH_Landing_Pad_65cm_65cm_2.webp\",\"width\":679,\"height\":667},{\"@type\":\"BreadcrumbList\",\"@id\":\"https:\/\/www.ghostysky.com\/product\/landing-pad-65cm65cm\/#breadcrumb\",\"itemListElement\":[{\"@type\":\"ListItem\",\"position\":1,\"name\":\"Home\",\"item\":\"https:\/\/www.ghostysky.com\/\"},{\"@type\":\"ListItem\",\"position\":2,\"name\":\"Shop\",\"item\":\"https:\/\/www.ghostysky.com\/shop\/\"},{\"@type\":\"ListItem\",\"position\":3,\"name\":\"Landing pad 65cm*65cm\"}]},{\"@type\":\"WebSite\",\"@id\":\"https:\/\/www.ghostysky.com\/#website\",\"url\":\"https:\/\/www.ghostysky.com\/\",\"name\":\"Ghostysky\",\"description\":\"Delivering professional drones and services\",\"publisher\":{\"@id\":\"https:\/\/www.ghostysky.com\/#organization\"},\"potentialAction\":[{\"@type\":\"SearchAction\",\"target\":{\"@type\":\"EntryPoint\",\"urlTemplate\":\"https:\/\/www.ghostysky.com\/?s={search_term_string}\"},\"query-input\":{\"@type\":\"PropertyValueSpecification\",\"valueRequired\":true,\"valueName\":\"search_term_string\"}}],\"inLanguage\":\"es\"},{\"@type\":\"Organization\",\"@id\":\"https:\/\/www.ghostysky.com\/#organization\",\"name\":\"Ghostysky\",\"url\":\"https:\/\/www.ghostysky.com\/\",\"logo\":{\"@type\":\"ImageObject\",\"inLanguage\":\"es\",\"@id\":\"https:\/\/www.ghostysky.com\/#\/schema\/logo\/image\/\",\"url\":\"https:\/\/www.ghostysky.com\/wp-content\/uploads\/2020\/06\/cropped-ghostyskylogo_text_white2.png\",\"contentUrl\":\"https:\/\/www.ghostysky.com\/wp-content\/uploads\/2020\/06\/cropped-ghostyskylogo_text_white2.png\",\"width\":169,\"height\":56,\"caption\":\"Ghostysky\"},\"image\":{\"@id\":\"https:\/\/www.ghostysky.com\/#\/schema\/logo\/image\/\"},\"sameAs\":[\"https:\/\/www.facebook.com\/people\/Ghostysky\/100057676170234\/\",\"https:\/\/x.com\/Gh0stysky\",\"https:\/\/www.linkedin.com\/company\/34739653\",\"https:\/\/www.instagram.com\/gh0stysky\"]}]}<\/script>\n<!-- \/ Yoast SEO plugin. -->","yoast_head_json":{"title":"Plataforma de aterrizaje de 65 cm x 65 cm - Ghostysky","description":"\u00bfCansado de aterrizajes bruscos y sensores sucios? Dale a tu dron el hogar perfecto con Launch Pad Pro: la soluci\u00f3n de aterrizaje definitiva dise\u00f1ada para la seguridad, la precisi\u00f3n y la durabilidad.","robots":{"index":"index","follow":"follow","max-snippet":"max-snippet:-1","max-image-preview":"max-image-preview:large","max-video-preview":"max-video-preview:-1"},"canonical":"https:\/\/www.ghostysky.com\/es\/producto-2\/landing-pad-65cm65cm\/","og_locale":"es_ES","og_type":"article","og_title":"Landing pad 65cm*65cm - Ghostysky","og_description":"Tired of rough landings and dirty sensors? Give your drone the perfect home with the Launch Pad Pro\u2014the ultimate landing solution designed for safety, precision, and durability.","og_url":"https:\/\/www.ghostysky.com\/es\/producto-2\/landing-pad-65cm65cm\/","og_site_name":"Ghostysky","article_publisher":"https:\/\/www.facebook.com\/people\/Ghostysky\/100057676170234\/","article_modified_time":"2025-11-14T14:48:04+00:00","og_image":[{"width":679,"height":667,"url":"https:\/\/www.ghostysky.com\/wp-content\/uploads\/2025\/11\/GH_Landing_Pad_65cm_65cm_2.webp","type":"image\/webp"}],"twitter_card":"summary_large_image","twitter_site":"@Gh0stysky","twitter_misc":{"Tiempo de lectura":"2 minutos"},"schema":{"@context":"https:\/\/schema.org","@graph":[{"@type":"WebPage","@id":"https:\/\/www.ghostysky.com\/product\/landing-pad-65cm65cm\/","url":"https:\/\/www.ghostysky.com\/product\/landing-pad-65cm65cm\/","name":"Plataforma de aterrizaje de 65 cm x 65 cm - Ghostysky","isPartOf":{"@id":"https:\/\/www.ghostysky.com\/#website"},"primaryImageOfPage":{"@id":"https:\/\/www.ghostysky.com\/product\/landing-pad-65cm65cm\/#primaryimage"},"image":{"@id":"https:\/\/www.ghostysky.com\/product\/landing-pad-65cm65cm\/#primaryimage"},"thumbnailUrl":"https:\/\/www.ghostysky.com\/wp-content\/uploads\/2025\/11\/GH_Landing_Pad_65cm_65cm_2.webp","datePublished":"2025-11-14T14:47:32+00:00","dateModified":"2025-11-14T14:48:04+00:00","description":"\u00bfCansado de aterrizajes bruscos y sensores sucios? Dale a tu dron el hogar perfecto con Launch Pad Pro: la soluci\u00f3n de aterrizaje definitiva dise\u00f1ada para la seguridad, la precisi\u00f3n y la durabilidad.","breadcrumb":{"@id":"https:\/\/www.ghostysky.com\/product\/landing-pad-65cm65cm\/#breadcrumb"},"inLanguage":"es","potentialAction":[{"@type":"ReadAction","target":["https:\/\/www.ghostysky.com\/product\/landing-pad-65cm65cm\/"]}]},{"@type":"ImageObject","inLanguage":"es","@id":"https:\/\/www.ghostysky.com\/product\/landing-pad-65cm65cm\/#primaryimage","url":"https:\/\/www.ghostysky.com\/wp-content\/uploads\/2025\/11\/GH_Landing_Pad_65cm_65cm_2.webp","contentUrl":"https:\/\/www.ghostysky.com\/wp-content\/uploads\/2025\/11\/GH_Landing_Pad_65cm_65cm_2.webp","width":679,"height":667},{"@type":"BreadcrumbList","@id":"https:\/\/www.ghostysky.com\/product\/landing-pad-65cm65cm\/#breadcrumb","itemListElement":[{"@type":"ListItem","position":1,"name":"Home","item":"https:\/\/www.ghostysky.com\/"},{"@type":"ListItem","position":2,"name":"Shop","item":"https:\/\/www.ghostysky.com\/shop\/"},{"@type":"ListItem","position":3,"name":"Landing pad 65cm*65cm"}]},{"@type":"WebSite","@id":"https:\/\/www.ghostysky.com\/#website","url":"https:\/\/www.ghostysky.com\/","name":"Ghostysky","description":"Entrega de drones y servicios profesionales","publisher":{"@id":"https:\/\/www.ghostysky.com\/#organization"},"potentialAction":[{"@type":"SearchAction","target":{"@type":"EntryPoint","urlTemplate":"https:\/\/www.ghostysky.com\/?s={search_term_string}"},"query-input":{"@type":"PropertyValueSpecification","valueRequired":true,"valueName":"search_term_string"}}],"inLanguage":"es"},{"@type":"Organization","@id":"https:\/\/www.ghostysky.com\/#organization","name":"Ghostysky","url":"https:\/\/www.ghostysky.com\/","logo":{"@type":"ImageObject","inLanguage":"es","@id":"https:\/\/www.ghostysky.com\/#\/schema\/logo\/image\/","url":"https:\/\/www.ghostysky.com\/wp-content\/uploads\/2020\/06\/cropped-ghostyskylogo_text_white2.png","contentUrl":"https:\/\/www.ghostysky.com\/wp-content\/uploads\/2020\/06\/cropped-ghostyskylogo_text_white2.png","width":169,"height":56,"caption":"Ghostysky"},"image":{"@id":"https:\/\/www.ghostysky.com\/#\/schema\/logo\/image\/"},"sameAs":["https:\/\/www.facebook.com\/people\/Ghostysky\/100057676170234\/","https:\/\/x.com\/Gh0stysky","https:\/\/www.linkedin.com\/company\/34739653","https:\/\/www.instagram.com\/gh0stysky"]}]}},"_links":{"self":[{"href":"https:\/\/www.ghostysky.com\/es\/wp-json\/wp\/v2\/product\/23197","targetHints":{"allow":["GET"]}}],"collection":[{"href":"https:\/\/www.ghostysky.com\/es\/wp-json\/wp\/v2\/product"}],"about":[{"href":"https:\/\/www.ghostysky.com\/es\/wp-json\/wp\/v2\/types\/product"}],"replies":[{"embeddable":true,"href":"https:\/\/www.ghostysky.com\/es\/wp-json\/wp\/v2\/comments?post=23197"}],"wp:featuredmedia":[{"embeddable":true,"href":"https:\/\/www.ghostysky.com\/es\/wp-json\/wp\/v2\/media\/23199"}],"wp:attachment":[{"href":"https:\/\/www.ghostysky.com\/es\/wp-json\/wp\/v2\/media?parent=23197"}],"wp:term":[{"taxonomy":"product_brand","embeddable":true,"href":"https:\/\/www.ghostysky.com\/es\/wp-json\/wp\/v2\/product_brand?post=23197"},{"taxonomy":"product_cat","embeddable":true,"href":"https:\/\/www.ghostysky.com\/es\/wp-json\/wp\/v2\/product_cat?post=23197"},{"taxonomy":"product_tag","embeddable":true,"href":"https:\/\/www.ghostysky.com\/es\/wp-json\/wp\/v2\/product_tag?post=23197"}],"curies":[{"name":"wp","href":"https:\/\/api.w.org\/{rel}","templated":true}]}}