{"id":23240,"date":"2025-11-18T08:05:46","date_gmt":"2025-11-18T08:05:46","guid":{"rendered":"https:\/\/www.ghostysky.com\/?post_type=product&#038;p=23240"},"modified":"2025-11-18T12:34:35","modified_gmt":"2025-11-18T12:34:35","slug":"dji-neo-2-motion-fly-more-combo","status":"publish","type":"product","link":"https:\/\/www.ghostysky.com\/es\/product\/dji-neo-2-motion-fly-more-combo\/","title":{"rendered":"DJI Neo 2 Motion Fly More Combo"},"content":{"rendered":"<h4>Caracter\u00edsticas clave<\/h4>\n<ul data-path-to-node=\"3\">\n<li>\n<p data-path-to-node=\"3,0,0\"><b>Experiencia FPV inmersiva:<\/b><span class=\"citation-38\"> Incluye el <\/span><b><span class=\"citation-38\">DJI RC Motion 3<\/span><\/b><span class=\"citation-38\"> controlador de movimiento y <\/span><b><span class=\"citation-38\">Gafas DJI N3<\/span><\/b><span class=\"citation-38 citation-end-38\">, lo que te permite controlar la trayectoria de vuelo del dron con movimientos intuitivos de la mano y ver el mundo desde una emocionante perspectiva en primera persona.<\/span><\/p>\n<\/li>\n<li>\n<p data-path-to-node=\"3,1,0\"><b><span class=\"citation-37\">La seguridad es lo primero, siempre:<\/span><\/b><span class=\"citation-37\"> Caracter\u00edsticas <\/span><b><span class=\"citation-37\">Detecci\u00f3n omnidireccional de obst\u00e1culos<\/span><\/b><span class=\"citation-37\"> combinado con orientado hacia adelante <\/span><b><span class=\"citation-37\">LiDAR<\/span><\/b><span class=\"citation-37 citation-end-37\"> para la detecci\u00f3n de obst\u00e1culos en tiempo real, brindando tranquilidad y permitiendo incluso a los principiantes volar con confianza.<sup class=\"superscript\" data-turn-source-index=\"3\">3<\/sup><\/span> <span class=\"citation-36\">El dron tambi\u00e9n viene con <\/span><b><span class=\"citation-36\">Protectores de h\u00e9lices de cobertura total<\/span><\/b><span class=\"citation-36 citation-end-36\"> para doble protecci\u00f3n.<\/span><\/p>\n<\/li>\n<li>\n<p data-path-to-node=\"3,2,0\"><b><span class=\"citation-35\">Dominio del control de la palma:<\/span><\/b><span class=\"citation-35\"> Ofertas <\/span><b><span class=\"citation-35\">Palm Takeoff &amp; Landing<\/span><\/b><span class=\"citation-35\"> y un nuevo <\/span><b><span class=\"citation-35\">Regreso a la palma<\/span><\/b><span class=\"citation-35 citation-end-35\"> Funci\u00f3n para un manejo manual sencillo y preciso.<\/span><\/p>\n<\/li>\n<li>\n<p data-path-to-node=\"3,3,0\"><b>Impresionantes im\u00e1genes en 4K:<\/b><span class=\"citation-34\"> El dron est\u00e1 equipado con un <\/span><b><span class=\"citation-34\">Sensor CMOS de 12 MP y 1\/2 pulgada<\/span><\/b><span class=\"citation-34 citation-end-34\"> y un estabilizador mec\u00e1nico de 2 ejes, capaz de grabar im\u00e1genes n\u00edtidas y detalladas:<\/span><\/p>\n<ul data-path-to-node=\"3,3,1\">\n<li>\n<p data-path-to-node=\"3,3,1,0,0\"><b>V\u00eddeo 4K\/60 fps<\/b><\/p>\n<\/li>\n<li>\n<p data-path-to-node=\"3,3,1,1,0\"><b><span class=\"citation-33\">C\u00e1mara lenta 4K\/100 fps<\/span><\/b><span class=\"citation-33 citation-end-33\"> (con control remoto\/de movimiento)<\/span><\/p>\n<\/li>\n<li>\n<p data-path-to-node=\"3,3,1,2,0\"><b><span class=\"citation-32\">V\u00eddeo vertical 2.7K<\/span><\/b><span class=\"citation-32 citation-end-32\"> (ideal para redes sociales)<\/span><\/p>\n<\/li>\n<\/ul>\n<\/li>\n<\/ul>\n<h4>Disparos inteligentes y sin interrupciones<\/h4>\n<ul data-path-to-node=\"5\">\n<li>\n<p data-path-to-node=\"5,0,0\"><b><span class=\"citation-31\">ActiveTrack:<\/span><\/b><span class=\"citation-31\"> Benef\u00edciese de <\/span><b><span class=\"citation-31\">Seguimiento m\u00e1s r\u00e1pido y fluido<\/span><\/b><span class=\"citation-31 citation-end-31\"> a velocidades de hasta <sup class=\"superscript\" data-turn-source-index=\"9\">9<\/sup><\/span><span class=\"math-inline\" data-math=\"12 \\text{ m\/s}\">$12 \\text{ m\/s}$<\/span><span class=\"citation-30 citation-end-30\"> En espacios abiertos, mantener sin esfuerzo al sujeto (corriendo, montando en bicicleta, etc.) centrado en el encuadre.<\/span><\/p>\n<\/li>\n<li>\n<p data-path-to-node=\"5,1,0\"><b><span class=\"citation-29\">Control por gestos y SelfieShot:<\/span><\/b><span class=\"citation-29\"> Controle la direcci\u00f3n de vuelo con simples gestos de la mano o utilice <\/span><b><span class=\"citation-29\">SelfieShot<\/span><\/b><span class=\"citation-29 citation-end-29\"> Para el encuadre automatizado y manos libres de fotos y v\u00eddeos individuales o grupales.<\/span><\/p>\n<\/li>\n<li>\n<p data-path-to-node=\"5,2,0\"><b>Modos inteligentes:<\/b><span class=\"citation-28\"> Desata tu creatividad con m\u00faltiples modos de disparo inteligentes como <\/span><b><span class=\"citation-28\">Zoom de Dolly<\/span><\/b><span class=\"citation-28\">, <\/span><b><span class=\"citation-28\">QuickShots<\/span><\/b><span class=\"citation-28\">, y <\/span><b><span class=\"citation-28\">MasterShots<\/span><\/b><span class=\"citation-28 citation-end-28\"> Para obtener resultados cinematogr\u00e1ficos en segundos.<\/span><\/p>\n<\/li>\n<li>\n<p data-path-to-node=\"5,3,0\"><b>Gran capacidad de almacenamiento interno:<\/b><span class=\"citation-27\"> Viene con <\/span><b><span class=\"citation-27\">49 GB de almacenamiento interno<\/span><\/b><span class=\"citation-27 citation-end-27\"> para una amplia grabaci\u00f3n de v\u00eddeo 4K sin necesidad inmediata de una tarjeta de memoria.<\/span><\/p>\n<\/li>\n<li>\n<p data-path-to-node=\"5,4,0\"><b>Transferencia r\u00e1pida:<\/b><span class=\"citation-26 citation-end-26\"> Transfiere tu contenido de forma f\u00e1cil y r\u00e1pida con velocidades de hasta <\/span><span class=\"math-inline\" data-math=\"80 \\text{ MB\/s}\">80 MB\/s<\/span><span class=\"citation-25 citation-end-25\">.<\/span><\/p>\n<\/li>\n<\/ul>\n<h4>Inclusiones del paquete Fly More Combo<\/h4>\n<p data-path-to-node=\"7\">El <b>Combo Motion Fly More<\/b> Maximiza tu tiempo de vuelo y tu experiencia de control con extras esenciales:<\/p>\n<ul data-path-to-node=\"8\">\n<li>\n<p data-path-to-node=\"8,0,0\"><b>Avi\u00f3n DJI Neo 2<\/b><\/p>\n<\/li>\n<li>\n<p data-path-to-node=\"8,1,0\"><b><span class=\"citation-24\">DJI RC Motion 3<\/span><\/b><span class=\"citation-24 citation-end-24\"> (Controlador de movimiento)<\/span><\/p>\n<\/li>\n<li>\n<p data-path-to-node=\"8,2,0\"><b><span class=\"citation-23\">Gafas DJI N3<\/span><\/b><span class=\"citation-23 citation-end-23\"> (Gafas FPV)<\/span><\/p>\n<\/li>\n<li>\n<p data-path-to-node=\"8,3,0\"><b><span class=\"citation-22\">3 bater\u00edas de vuelo inteligentes DJI Neo 2<\/span><\/b><span class=\"citation-22 citation-end-22\"> (proporcionando aproximadamente <sup class=\"superscript\" data-turn-source-index=\"18\">18<\/sup><\/span><span class=\"math-inline\" data-math=\"57\">$57$<\/span><span class=\"citation-21 citation-end-21\"> minutos de tiempo total de vuelo)<\/span><\/p>\n<\/li>\n<li>\n<p data-path-to-node=\"8,4,0\"><b>Centro de carga bidireccional DJI Neo 2<\/b><\/p>\n<\/li>\n<li>\n<p data-path-to-node=\"8,5,0\"><b>Transceptor digital DJI Neo 2<\/b><\/p>\n<\/li>\n<li>\n<p data-path-to-node=\"8,6,0\"><b><span class=\"citation-20 citation-end-20\">H\u00e9lices de repuesto, protectores de h\u00e9lices y otros accesorios esenciales<\/span><\/b><\/p>\n<\/li>\n<\/ul>\n<p data-path-to-node=\"9\">Experimenta el futuro del vuelo de drones: seguro, inteligente e incre\u00edblemente inmersivo.<\/p>","protected":false},"excerpt":{"rendered":"<p><span class=\"citation-39\">\u00a1Sum\u00e9rgete en los cielos con el <\/span><b><span class=\"citation-39\">DJI Neo 2 Motion Fly More Combo<\/span><\/b><span class=\"citation-39 citation-end-39\">, el paquete definitivo para capturar los momentos de la vida con una emocionante experiencia de visi\u00f3n en primera persona (FPV).<\/span> Este combo, que combina el dron m\u00e1s compacto y repleto de funciones de DJI con un control de movimiento intuitivo y accesorios de vuelo ampliados, es perfecto para principiantes, vloggers y viajeros que buscan calidad cinematogr\u00e1fica y una forma segura y divertida de volar.<\/p>","protected":false},"featured_media":23243,"comment_status":"open","ping_status":"closed","template":"","meta":[],"product_brand":[1031],"product_cat":[37,1290,1292],"product_tag":[42,1295,1297,1294],"class_list":{"0":"post-23240","1":"product","2":"type-product","3":"status-publish","4":"has-post-thumbnail","6":"product_brand-dji","7":"product_cat-dji","8":"product_cat-neo-2","9":"product_cat-neos-drones","10":"product_tag-dji","11":"product_tag-dji-neo-2-drones","12":"product_tag-dji-neos-2","13":"product_tag-motion-fly-more-combo","15":"first","16":"outofstock","17":"taxable","18":"shipping-taxable","19":"purchasable","20":"product-type-simple"},"yoast_head":"<!-- This site is optimized with the Yoast SEO plugin v27.1.1 - https:\/\/yoast.com\/product\/yoast-seo-wordpress\/ -->\n<title>DJI Neo 2 Motion Fly More Combo - Ghostysky<\/title>\n<meta name=\"description\" content=\"Dive into the skies with the DJI Neo 2 Motion Fly More Combo, the ultimate package for capturing life&#039;s moments with an exhilarating First-Person View (FPV) experience. Combining DJI&#039;s most compact and feature-rich drone with intuitive motion control and extended flight accessories, this combo is perfect for beginners, vloggers, and travelers seeking cinematic quality and a safe, fun way to fly.\" \/>\n<meta name=\"robots\" content=\"index, follow, max-snippet:-1, max-image-preview:large, max-video-preview:-1\" \/>\n<link rel=\"canonical\" href=\"https:\/\/www.ghostysky.com\/es\/producto-2\/dji-neo-2-motion-fly-more-combo\/\" \/>\n<meta property=\"og:locale\" content=\"es_ES\" \/>\n<meta property=\"og:type\" content=\"article\" \/>\n<meta property=\"og:title\" content=\"DJI Neo 2 Motion Fly More Combo - Ghostysky\" \/>\n<meta property=\"og:description\" content=\"Dive into the skies with the DJI Neo 2 Motion Fly More Combo, the ultimate package for capturing life&#039;s moments with an exhilarating First-Person View (FPV) experience. Combining DJI&#039;s most compact and feature-rich drone with intuitive motion control and extended flight accessories, this combo is perfect for beginners, vloggers, and travelers seeking cinematic quality and a safe, fun way to fly.\" \/>\n<meta property=\"og:url\" content=\"https:\/\/www.ghostysky.com\/es\/producto-2\/dji-neo-2-motion-fly-more-combo\/\" \/>\n<meta property=\"og:site_name\" content=\"Ghostysky\" \/>\n<meta property=\"article:publisher\" content=\"https:\/\/www.facebook.com\/people\/Ghostysky\/100057676170234\/\" \/>\n<meta property=\"article:modified_time\" content=\"2025-11-18T12:34:35+00:00\" \/>\n<meta property=\"og:image\" content=\"https:\/\/www.ghostysky.com\/wp-content\/uploads\/2025\/11\/GH_DJI-Neo-2-Motion-Fly-More-Combo_1.jpg\" \/>\n\t<meta property=\"og:image:width\" content=\"800\" \/>\n\t<meta property=\"og:image:height\" content=\"800\" \/>\n\t<meta property=\"og:image:type\" content=\"image\/jpeg\" \/>\n<meta name=\"twitter:card\" content=\"summary_large_image\" \/>\n<meta name=\"twitter:site\" content=\"@Gh0stysky\" \/>\n<meta name=\"twitter:label1\" content=\"Tiempo de lectura\" \/>\n\t<meta name=\"twitter:data1\" content=\"2 minutos\" \/>\n<script type=\"application\/ld+json\" class=\"yoast-schema-graph\">{\"@context\":\"https:\/\/schema.org\",\"@graph\":[{\"@type\":\"WebPage\",\"@id\":\"https:\/\/www.ghostysky.com\/product\/dji-neo-2-motion-fly-more-combo\/\",\"url\":\"https:\/\/www.ghostysky.com\/product\/dji-neo-2-motion-fly-more-combo\/\",\"name\":\"DJI Neo 2 Motion Fly More Combo - Ghostysky\",\"isPartOf\":{\"@id\":\"https:\/\/www.ghostysky.com\/#website\"},\"primaryImageOfPage\":{\"@id\":\"https:\/\/www.ghostysky.com\/product\/dji-neo-2-motion-fly-more-combo\/#primaryimage\"},\"image\":{\"@id\":\"https:\/\/www.ghostysky.com\/product\/dji-neo-2-motion-fly-more-combo\/#primaryimage\"},\"thumbnailUrl\":\"https:\/\/www.ghostysky.com\/wp-content\/uploads\/2025\/11\/GH_DJI-Neo-2-Motion-Fly-More-Combo_1.jpg\",\"datePublished\":\"2025-11-18T08:05:46+00:00\",\"dateModified\":\"2025-11-18T12:34:35+00:00\",\"description\":\"Dive into the skies with the DJI Neo 2 Motion Fly More Combo, the ultimate package for capturing life's moments with an exhilarating First-Person View (FPV) experience. Combining DJI's most compact and feature-rich drone with intuitive motion control and extended flight accessories, this combo is perfect for beginners, vloggers, and travelers seeking cinematic quality and a safe, fun way to fly.\",\"breadcrumb\":{\"@id\":\"https:\/\/www.ghostysky.com\/product\/dji-neo-2-motion-fly-more-combo\/#breadcrumb\"},\"inLanguage\":\"es\",\"potentialAction\":[{\"@type\":\"ReadAction\",\"target\":[\"https:\/\/www.ghostysky.com\/product\/dji-neo-2-motion-fly-more-combo\/\"]}]},{\"@type\":\"ImageObject\",\"inLanguage\":\"es\",\"@id\":\"https:\/\/www.ghostysky.com\/product\/dji-neo-2-motion-fly-more-combo\/#primaryimage\",\"url\":\"https:\/\/www.ghostysky.com\/wp-content\/uploads\/2025\/11\/GH_DJI-Neo-2-Motion-Fly-More-Combo_1.jpg\",\"contentUrl\":\"https:\/\/www.ghostysky.com\/wp-content\/uploads\/2025\/11\/GH_DJI-Neo-2-Motion-Fly-More-Combo_1.jpg\",\"width\":800,\"height\":800},{\"@type\":\"BreadcrumbList\",\"@id\":\"https:\/\/www.ghostysky.com\/product\/dji-neo-2-motion-fly-more-combo\/#breadcrumb\",\"itemListElement\":[{\"@type\":\"ListItem\",\"position\":1,\"name\":\"Home\",\"item\":\"https:\/\/www.ghostysky.com\/\"},{\"@type\":\"ListItem\",\"position\":2,\"name\":\"Shop\",\"item\":\"https:\/\/www.ghostysky.com\/shop\/\"},{\"@type\":\"ListItem\",\"position\":3,\"name\":\"DJI Neo 2 Motion Fly More Combo\"}]},{\"@type\":\"WebSite\",\"@id\":\"https:\/\/www.ghostysky.com\/#website\",\"url\":\"https:\/\/www.ghostysky.com\/\",\"name\":\"Ghostysky\",\"description\":\"Delivering professional drones and services\",\"publisher\":{\"@id\":\"https:\/\/www.ghostysky.com\/#organization\"},\"potentialAction\":[{\"@type\":\"SearchAction\",\"target\":{\"@type\":\"EntryPoint\",\"urlTemplate\":\"https:\/\/www.ghostysky.com\/?s={search_term_string}\"},\"query-input\":{\"@type\":\"PropertyValueSpecification\",\"valueRequired\":true,\"valueName\":\"search_term_string\"}}],\"inLanguage\":\"es\"},{\"@type\":\"Organization\",\"@id\":\"https:\/\/www.ghostysky.com\/#organization\",\"name\":\"Ghostysky\",\"url\":\"https:\/\/www.ghostysky.com\/\",\"logo\":{\"@type\":\"ImageObject\",\"inLanguage\":\"es\",\"@id\":\"https:\/\/www.ghostysky.com\/#\/schema\/logo\/image\/\",\"url\":\"https:\/\/www.ghostysky.com\/wp-content\/uploads\/2020\/06\/cropped-ghostyskylogo_text_white2.png\",\"contentUrl\":\"https:\/\/www.ghostysky.com\/wp-content\/uploads\/2020\/06\/cropped-ghostyskylogo_text_white2.png\",\"width\":169,\"height\":56,\"caption\":\"Ghostysky\"},\"image\":{\"@id\":\"https:\/\/www.ghostysky.com\/#\/schema\/logo\/image\/\"},\"sameAs\":[\"https:\/\/www.facebook.com\/people\/Ghostysky\/100057676170234\/\",\"https:\/\/x.com\/Gh0stysky\",\"https:\/\/www.linkedin.com\/company\/34739653\",\"https:\/\/www.instagram.com\/gh0stysky\"]}]}<\/script>\n<!-- \/ Yoast SEO plugin. -->","yoast_head_json":{"title":"DJI Neo 2 Motion Fly More Combo - Ghostysky","description":"\u00a1Surca los cielos con el DJI Neo 2 Motion Fly More Combo, el paquete definitivo para capturar los mejores momentos de la vida con una emocionante experiencia en primera persona (FPV)! Este combo, que combina el dron m\u00e1s compacto y completo de DJI con un control de movimiento intuitivo y accesorios de vuelo adicionales, es perfecto para principiantes, vloggers y viajeros que buscan calidad cinematogr\u00e1fica y una forma segura y divertida de volar.","robots":{"index":"index","follow":"follow","max-snippet":"max-snippet:-1","max-image-preview":"max-image-preview:large","max-video-preview":"max-video-preview:-1"},"canonical":"https:\/\/www.ghostysky.com\/es\/producto-2\/dji-neo-2-motion-fly-more-combo\/","og_locale":"es_ES","og_type":"article","og_title":"DJI Neo 2 Motion Fly More Combo - Ghostysky","og_description":"Dive into the skies with the DJI Neo 2 Motion Fly More Combo, the ultimate package for capturing life's moments with an exhilarating First-Person View (FPV) experience. Combining DJI's most compact and feature-rich drone with intuitive motion control and extended flight accessories, this combo is perfect for beginners, vloggers, and travelers seeking cinematic quality and a safe, fun way to fly.","og_url":"https:\/\/www.ghostysky.com\/es\/producto-2\/dji-neo-2-motion-fly-more-combo\/","og_site_name":"Ghostysky","article_publisher":"https:\/\/www.facebook.com\/people\/Ghostysky\/100057676170234\/","article_modified_time":"2025-11-18T12:34:35+00:00","og_image":[{"width":800,"height":800,"url":"https:\/\/www.ghostysky.com\/wp-content\/uploads\/2025\/11\/GH_DJI-Neo-2-Motion-Fly-More-Combo_1.jpg","type":"image\/jpeg"}],"twitter_card":"summary_large_image","twitter_site":"@Gh0stysky","twitter_misc":{"Tiempo de lectura":"2 minutos"},"schema":{"@context":"https:\/\/schema.org","@graph":[{"@type":"WebPage","@id":"https:\/\/www.ghostysky.com\/product\/dji-neo-2-motion-fly-more-combo\/","url":"https:\/\/www.ghostysky.com\/product\/dji-neo-2-motion-fly-more-combo\/","name":"DJI Neo 2 Motion Fly More Combo - Ghostysky","isPartOf":{"@id":"https:\/\/www.ghostysky.com\/#website"},"primaryImageOfPage":{"@id":"https:\/\/www.ghostysky.com\/product\/dji-neo-2-motion-fly-more-combo\/#primaryimage"},"image":{"@id":"https:\/\/www.ghostysky.com\/product\/dji-neo-2-motion-fly-more-combo\/#primaryimage"},"thumbnailUrl":"https:\/\/www.ghostysky.com\/wp-content\/uploads\/2025\/11\/GH_DJI-Neo-2-Motion-Fly-More-Combo_1.jpg","datePublished":"2025-11-18T08:05:46+00:00","dateModified":"2025-11-18T12:34:35+00:00","description":"\u00a1Surca los cielos con el DJI Neo 2 Motion Fly More Combo, el paquete definitivo para capturar los mejores momentos de la vida con una emocionante experiencia en primera persona (FPV)! Este combo, que combina el dron m\u00e1s compacto y completo de DJI con un control de movimiento intuitivo y accesorios de vuelo adicionales, es perfecto para principiantes, vloggers y viajeros que buscan calidad cinematogr\u00e1fica y una forma segura y divertida de volar.","breadcrumb":{"@id":"https:\/\/www.ghostysky.com\/product\/dji-neo-2-motion-fly-more-combo\/#breadcrumb"},"inLanguage":"es","potentialAction":[{"@type":"ReadAction","target":["https:\/\/www.ghostysky.com\/product\/dji-neo-2-motion-fly-more-combo\/"]}]},{"@type":"ImageObject","inLanguage":"es","@id":"https:\/\/www.ghostysky.com\/product\/dji-neo-2-motion-fly-more-combo\/#primaryimage","url":"https:\/\/www.ghostysky.com\/wp-content\/uploads\/2025\/11\/GH_DJI-Neo-2-Motion-Fly-More-Combo_1.jpg","contentUrl":"https:\/\/www.ghostysky.com\/wp-content\/uploads\/2025\/11\/GH_DJI-Neo-2-Motion-Fly-More-Combo_1.jpg","width":800,"height":800},{"@type":"BreadcrumbList","@id":"https:\/\/www.ghostysky.com\/product\/dji-neo-2-motion-fly-more-combo\/#breadcrumb","itemListElement":[{"@type":"ListItem","position":1,"name":"Home","item":"https:\/\/www.ghostysky.com\/"},{"@type":"ListItem","position":2,"name":"Shop","item":"https:\/\/www.ghostysky.com\/shop\/"},{"@type":"ListItem","position":3,"name":"DJI Neo 2 Motion Fly More Combo"}]},{"@type":"WebSite","@id":"https:\/\/www.ghostysky.com\/#website","url":"https:\/\/www.ghostysky.com\/","name":"Ghostysky","description":"Entrega de drones y servicios profesionales","publisher":{"@id":"https:\/\/www.ghostysky.com\/#organization"},"potentialAction":[{"@type":"SearchAction","target":{"@type":"EntryPoint","urlTemplate":"https:\/\/www.ghostysky.com\/?s={search_term_string}"},"query-input":{"@type":"PropertyValueSpecification","valueRequired":true,"valueName":"search_term_string"}}],"inLanguage":"es"},{"@type":"Organization","@id":"https:\/\/www.ghostysky.com\/#organization","name":"Ghostysky","url":"https:\/\/www.ghostysky.com\/","logo":{"@type":"ImageObject","inLanguage":"es","@id":"https:\/\/www.ghostysky.com\/#\/schema\/logo\/image\/","url":"https:\/\/www.ghostysky.com\/wp-content\/uploads\/2020\/06\/cropped-ghostyskylogo_text_white2.png","contentUrl":"https:\/\/www.ghostysky.com\/wp-content\/uploads\/2020\/06\/cropped-ghostyskylogo_text_white2.png","width":169,"height":56,"caption":"Ghostysky"},"image":{"@id":"https:\/\/www.ghostysky.com\/#\/schema\/logo\/image\/"},"sameAs":["https:\/\/www.facebook.com\/people\/Ghostysky\/100057676170234\/","https:\/\/x.com\/Gh0stysky","https:\/\/www.linkedin.com\/company\/34739653","https:\/\/www.instagram.com\/gh0stysky"]}]}},"_links":{"self":[{"href":"https:\/\/www.ghostysky.com\/es\/wp-json\/wp\/v2\/product\/23240","targetHints":{"allow":["GET"]}}],"collection":[{"href":"https:\/\/www.ghostysky.com\/es\/wp-json\/wp\/v2\/product"}],"about":[{"href":"https:\/\/www.ghostysky.com\/es\/wp-json\/wp\/v2\/types\/product"}],"replies":[{"embeddable":true,"href":"https:\/\/www.ghostysky.com\/es\/wp-json\/wp\/v2\/comments?post=23240"}],"wp:featuredmedia":[{"embeddable":true,"href":"https:\/\/www.ghostysky.com\/es\/wp-json\/wp\/v2\/media\/23243"}],"wp:attachment":[{"href":"https:\/\/www.ghostysky.com\/es\/wp-json\/wp\/v2\/media?parent=23240"}],"wp:term":[{"taxonomy":"product_brand","embeddable":true,"href":"https:\/\/www.ghostysky.com\/es\/wp-json\/wp\/v2\/product_brand?post=23240"},{"taxonomy":"product_cat","embeddable":true,"href":"https:\/\/www.ghostysky.com\/es\/wp-json\/wp\/v2\/product_cat?post=23240"},{"taxonomy":"product_tag","embeddable":true,"href":"https:\/\/www.ghostysky.com\/es\/wp-json\/wp\/v2\/product_tag?post=23240"}],"curies":[{"name":"wp","href":"https:\/\/api.w.org\/{rel}","templated":true}]}}