{"id":23244,"date":"2025-11-18T08:12:23","date_gmt":"2025-11-18T08:12:23","guid":{"rendered":"https:\/\/www.ghostysky.com\/?post_type=product&#038;p=23244"},"modified":"2025-12-30T14:40:33","modified_gmt":"2025-12-30T14:40:33","slug":"dji-neo-2-fly-more-combo","status":"publish","type":"product","link":"https:\/\/www.ghostysky.com\/es\/product\/dji-neo-2-fly-more-combo\/","title":{"rendered":"DJI NEO 2 Fly More Combo"},"content":{"rendered":"<h4>Caracter\u00edsticas principales del DJI Neo 2<\/h4>\n<ul data-path-to-node=\"4\">\n<li>\n<p data-path-to-node=\"4,0,0\"><b><span class=\"citation-63\">Dise\u00f1o ultracompacto y ligero:<\/span><\/b><span class=\"citation-63 citation-end-63\"> F\u00e1cil de transportar y volar, con protectores de h\u00e9lices integrados que cubren toda la superficie para mayor seguridad.<\/span><\/p>\n<\/li>\n<li>\n<p data-path-to-node=\"4,1,0\"><b>Im\u00e1genes 4K de alta calidad:<\/b><span class=\"citation-62 citation-end-62\"> Graba v\u00eddeos impresionantes con un sensor CMOS de 12 MP y 1\/2 pulgada.<sup class=\"superscript\" data-turn-source-index=\"4\">4<\/sup><\/span> <span class=\"citation-61\">Captura im\u00e1genes ultrasuaves en <\/span><b><span class=\"citation-61\">4K\/60 fps<\/span><\/b><span class=\"citation-61\"> y dram\u00e1tico <\/span><b><span class=\"citation-61\">C\u00e1mara lenta 4K\/100 fps<\/span><\/b><span class=\"citation-61 citation-end-61\">.<\/span><\/p>\n<\/li>\n<li>\n<p data-path-to-node=\"4,2,0\"><b>Detecci\u00f3n de obst\u00e1culos omnidireccional:<\/b> Vuela con confianza. <span class=\"citation-60\">El Neo 2 cuenta con un sistema de detecci\u00f3n avanzado, que incluye <\/span><b><span class=\"citation-60\">LiDAR orientado hacia adelante<\/span><\/b><span class=\"citation-60 citation-end-60\">, para detectar obst\u00e1culos en todas las direcciones y lograr un vuelo m\u00e1s seguro y sin preocupaciones.<\/span><\/p>\n<\/li>\n<li>\n<p data-path-to-node=\"4,3,0\"><b>M\u00faltiples modos de control manos libres:<\/b><\/p>\n<ul data-path-to-node=\"4,3,1\">\n<li>\n<p data-path-to-node=\"4,3,1,0,0\"><b>Control por gestos:<\/b><span class=\"citation-59 citation-end-59\"> Utilice movimientos sencillos de las manos para guiar el dron, ajustar la distancia y encuadrar las tomas.<\/span><\/p>\n<\/li>\n<li>\n<p data-path-to-node=\"4,3,1,1,0\"><b><span class=\"citation-58\">SelfieShot:<\/span><\/b><span class=\"citation-58 citation-end-58\"> Encuadra y captura autom\u00e1ticamente momentos individuales o grupales sin usar las manos.<\/span><\/p>\n<\/li>\n<li>\n<p data-path-to-node=\"4,3,1,2,0\"><b>Control por voz:<\/b><span class=\"citation-57 citation-end-57\"> Env\u00eda comandos de vuelo usando tu smartphone o auriculares Bluetooth.<\/span><\/p>\n<\/li>\n<\/ul>\n<\/li>\n<li>\n<p data-path-to-node=\"4,4,0\"><b>Domina el vuelo con facilidad:<\/b><span class=\"citation-56\"> Caracter\u00edsticas como <\/span><b><span class=\"citation-56\">Palm Takeoff &amp; Landing<\/span><\/b><span class=\"citation-56\"> y <\/span><b><span class=\"citation-56\">Regreso a la palma<\/span><\/b><span class=\"citation-56 citation-end-56\"> Hacer que el lanzamiento y la recuperaci\u00f3n del dron sean intuitivos y seguros, incluso para pilotos noveles.<\/span><\/p>\n<\/li>\n<li>\n<p data-path-to-node=\"4,5,0\"><b>ActiveTrack mejorado:<\/b><span class=\"citation-55\"> El sistema mejorado de seguimiento de sujetos sigue a personas como corredores y ciclistas a velocidades de hasta <\/span><b><span class=\"citation-55\">12 m\/s<\/span><\/b><span class=\"citation-55 citation-end-55\"> con mayor estabilidad y m\u00faltiples direcciones de seguimiento.<\/span><\/p>\n<\/li>\n<li>\n<p data-path-to-node=\"4,6,0\"><b>Amplio espacio de almacenamiento interno:<\/b><span class=\"citation-54\"> Viene con <\/span><b><span class=\"citation-54\">49 GB<\/span><\/b><span class=\"citation-54 citation-end-54\"> almacenamiento a bordo para garantizar que nunca te pierdas un tiro.<\/span><\/p>\n<\/li>\n<\/ul>\n<h4>Vuela m\u00e1s, carga menos<\/h4>\n<p data-path-to-node=\"6\">El <b>Combo Vuela M\u00e1s<\/b> Mejora tu experiencia proporcion\u00e1ndote todo lo que necesitas para sesiones de disparos prolongadas:<\/p>\n<table data-path-to-node=\"7\">\n<thead>\n<tr>\n<td><strong>Art\u00edculo<\/strong><\/td>\n<td><strong>Cantidad<\/strong><\/td>\n<td><strong>Beneficio<\/strong><\/td>\n<\/tr>\n<\/thead>\n<tbody>\n<tr>\n<td data-path-to-node=\"7,1,0,0\"><b>Bater\u00eda de vuelo inteligente DJI Neo 2<\/b><\/td>\n<td data-path-to-node=\"7,1,1,0\">3 (Total)<\/td>\n<td data-path-to-node=\"7,1,2,0\">Proporciona hasta <b>57 minutos<\/b> del tiempo total de vuelo.<\/td>\n<\/tr>\n<tr>\n<td data-path-to-node=\"7,2,0,0\"><b>Centro de carga bidireccional DJI Neo 2<\/b><\/td>\n<td data-path-to-node=\"7,2,1,0\">1<\/td>\n<td data-path-to-node=\"7,2,2,0\">Cargue varias bater\u00edas de forma secuencial o simult\u00e1nea, minimizando el tiempo de inactividad.<\/td>\n<\/tr>\n<tr>\n<td data-path-to-node=\"7,3,0,0\"><b>Control remoto DJI RC-N3<\/b><\/td>\n<td data-path-to-node=\"7,3,1,0\">1<\/td>\n<td data-path-to-node=\"7,3,2,0\">Ofrece un control de joystick tradicional y preciso, y hasta <b>10 kil\u00f3metros<\/b> alcance de transmisi\u00f3n de v\u00eddeo (FCC).<\/td>\n<\/tr>\n<tr>\n<td data-path-to-node=\"7,4,0,0\"><b>Transceptor digital DJI Neo 2<\/b><\/td>\n<td data-path-to-node=\"7,4,1,0\">1<\/td>\n<td data-path-to-node=\"7,4,2,0\">Mejora a\u00fan m\u00e1s la fiabilidad de la se\u00f1al y la calidad de la transmisi\u00f3n de v\u00eddeo.<\/td>\n<\/tr>\n<tr>\n<td data-path-to-node=\"7,5,0,0\"><b>H\u00e9lices y tornillos de repuesto<\/b><\/td>\n<td data-path-to-node=\"7,5,1,0\">1 par \/ 4 tornillos<\/td>\n<td data-path-to-node=\"7,5,2,0\">Garantiza que est\u00e9s preparado para un mantenimiento r\u00e1pido en campo.<\/td>\n<\/tr>\n<tr>\n<td data-path-to-node=\"7,6,0,0\"><b>Protector de h\u00e9lice (par)<\/b><\/td>\n<td data-path-to-node=\"7,6,1,0\">1<\/td>\n<td data-path-to-node=\"7,6,2,0\">Proporciona protecci\u00f3n adicional para vuelos en interiores o a baja altitud.<\/td>\n<\/tr>\n<tr>\n<td data-path-to-node=\"7,7,0,0\"><b>Protector de card\u00e1n<\/b><\/td>\n<td data-path-to-node=\"7,7,1,0\">1<\/td>\n<td data-path-to-node=\"7,7,2,0\">Mantiene la c\u00e1mara y el estabilizador seguros durante el transporte.<\/td>\n<\/tr>\n<\/tbody>\n<\/table>\n<p data-path-to-node=\"8\"><span class=\"citation-53 interactive-span-hovered\">El <\/span><b><span class=\"citation-53 interactive-span-hovered\">DJI Neo 2 Fly More Combo<\/span><\/b><span class=\"citation-53 citation-end-53 interactive-span-hovered\"> Es m\u00e1s que un simple dron; es una c\u00e1mara voladora personal todo en uno que simplifica la grabaci\u00f3n de escenas complejas, convirti\u00e9ndola en la herramienta perfecta para capturar tus aventuras desde una nueva perspectiva impresionante.<\/span><\/p>","protected":false},"excerpt":{"rendered":"<p data-path-to-node=\"1\">Captura tu mundo con una facilidad y libertad incomparables. <span class=\"citation-65\">El <\/span><b><span class=\"citation-65\">DJI Neo 2 Fly More Combo<\/span><\/b><span class=\"citation-65 citation-end-65\"> Es el paquete definitivo para principiantes, viajeros y creadores de contenido, ya que ofrece el dron con c\u00e1mara m\u00e1s compacto y repleto de funciones de DJI junto con accesorios esenciales para maximizar el tiempo de vuelo y el potencial creativo.<\/span><\/p>\n<p data-path-to-node=\"2\"><span class=\"citation-64 interactive-span-hovered\">Pesando justo <\/span><b><span class=\"citation-64 interactive-span-hovered\">151 g<\/span><\/b><span class=\"citation-64 citation-end-64 interactive-span-hovered\"> (Por debajo del l\u00edmite de 250 g en muchas regiones), el Neo 2 es incre\u00edblemente port\u00e1til, pero incorpora tecnolog\u00eda avanzada y una c\u00e1mara potente, lo que hace que la videograf\u00eda a\u00e9rea de calidad profesional sea accesible para todos.<\/span><\/p>\n<h3><\/h3>","protected":false},"featured_media":23247,"comment_status":"open","ping_status":"closed","template":"","meta":[],"product_brand":[1031],"product_cat":[37,1290,1292],"product_tag":[42,1293,1295,774],"class_list":{"0":"post-23244","1":"product","2":"type-product","3":"status-publish","4":"has-post-thumbnail","6":"product_brand-dji","7":"product_cat-dji","8":"product_cat-neo-2","9":"product_cat-neos-drones","10":"product_tag-dji","11":"product_tag-dji-neo-2","12":"product_tag-dji-neo-2-drones","13":"product_tag-fly-more-combo","15":"first","16":"instock","17":"taxable","18":"shipping-taxable","19":"purchasable","20":"product-type-simple"},"yoast_head":"<!-- This site is optimized with the Yoast SEO plugin v27.1.1 - https:\/\/yoast.com\/product\/yoast-seo-wordpress\/ -->\n<title>DJI NEO 2 Fly More Combo - Ghostysky<\/title>\n<meta name=\"description\" content=\"Capture your world with unparalleled ease and freedom. The DJI Neo 2 Fly More Combo is the ultimate package for beginners, travelers, and content creators, offering DJI&#039;s most compact and feature-rich camera drone bundled with essential accessories to maximize your flight time and creative potential.Weighing just 151g (under the 250g limit in many regions), the Neo 2 is incredibly portable, yet it packs advanced technology and a powerful camera, making professional-quality aerial videography accessible to everyone.\" \/>\n<meta name=\"robots\" content=\"index, follow, max-snippet:-1, max-image-preview:large, max-video-preview:-1\" \/>\n<link rel=\"canonical\" href=\"https:\/\/www.ghostysky.com\/es\/producto-2\/dji-neo-2-fly-more-combo\/\" \/>\n<meta property=\"og:locale\" content=\"es_ES\" \/>\n<meta property=\"og:type\" content=\"article\" \/>\n<meta property=\"og:title\" content=\"DJI NEO 2 Fly More Combo - Ghostysky\" \/>\n<meta property=\"og:description\" content=\"Capture your world with unparalleled ease and freedom. The DJI Neo 2 Fly More Combo is the ultimate package for beginners, travelers, and content creators, offering DJI&#039;s most compact and feature-rich camera drone bundled with essential accessories to maximize your flight time and creative potential.Weighing just 151g (under the 250g limit in many regions), the Neo 2 is incredibly portable, yet it packs advanced technology and a powerful camera, making professional-quality aerial videography accessible to everyone.\" \/>\n<meta property=\"og:url\" content=\"https:\/\/www.ghostysky.com\/es\/producto-2\/dji-neo-2-fly-more-combo\/\" \/>\n<meta property=\"og:site_name\" content=\"Ghostysky\" \/>\n<meta property=\"article:publisher\" content=\"https:\/\/www.facebook.com\/people\/Ghostysky\/100057676170234\/\" \/>\n<meta property=\"article:modified_time\" content=\"2025-12-30T14:40:33+00:00\" \/>\n<meta property=\"og:image\" content=\"https:\/\/www.ghostysky.com\/wp-content\/uploads\/2025\/11\/GH_DJI-NEO-2-Fly-More-Combo_1.jpg\" \/>\n\t<meta property=\"og:image:width\" content=\"800\" \/>\n\t<meta property=\"og:image:height\" content=\"800\" \/>\n\t<meta property=\"og:image:type\" content=\"image\/jpeg\" \/>\n<meta name=\"twitter:card\" content=\"summary_large_image\" \/>\n<meta name=\"twitter:site\" content=\"@Gh0stysky\" \/>\n<meta name=\"twitter:label1\" content=\"Tiempo de lectura\" \/>\n\t<meta name=\"twitter:data1\" content=\"2 minutos\" \/>\n<script type=\"application\/ld+json\" class=\"yoast-schema-graph\">{\"@context\":\"https:\/\/schema.org\",\"@graph\":[{\"@type\":\"WebPage\",\"@id\":\"https:\/\/www.ghostysky.com\/product\/dji-neo-2-fly-more-combo\/\",\"url\":\"https:\/\/www.ghostysky.com\/product\/dji-neo-2-fly-more-combo\/\",\"name\":\"DJI NEO 2 Fly More Combo - Ghostysky\",\"isPartOf\":{\"@id\":\"https:\/\/www.ghostysky.com\/#website\"},\"primaryImageOfPage\":{\"@id\":\"https:\/\/www.ghostysky.com\/product\/dji-neo-2-fly-more-combo\/#primaryimage\"},\"image\":{\"@id\":\"https:\/\/www.ghostysky.com\/product\/dji-neo-2-fly-more-combo\/#primaryimage\"},\"thumbnailUrl\":\"https:\/\/www.ghostysky.com\/wp-content\/uploads\/2025\/11\/GH_DJI-NEO-2-Fly-More-Combo_1.jpg\",\"datePublished\":\"2025-11-18T08:12:23+00:00\",\"dateModified\":\"2025-12-30T14:40:33+00:00\",\"description\":\"Capture your world with unparalleled ease and freedom. The DJI Neo 2 Fly More Combo is the ultimate package for beginners, travelers, and content creators, offering DJI's most compact and feature-rich camera drone bundled with essential accessories to maximize your flight time and creative potential.Weighing just 151g (under the 250g limit in many regions), the Neo 2 is incredibly portable, yet it packs advanced technology and a powerful camera, making professional-quality aerial videography accessible to everyone.\",\"breadcrumb\":{\"@id\":\"https:\/\/www.ghostysky.com\/product\/dji-neo-2-fly-more-combo\/#breadcrumb\"},\"inLanguage\":\"es\",\"potentialAction\":[{\"@type\":\"ReadAction\",\"target\":[\"https:\/\/www.ghostysky.com\/product\/dji-neo-2-fly-more-combo\/\"]}]},{\"@type\":\"ImageObject\",\"inLanguage\":\"es\",\"@id\":\"https:\/\/www.ghostysky.com\/product\/dji-neo-2-fly-more-combo\/#primaryimage\",\"url\":\"https:\/\/www.ghostysky.com\/wp-content\/uploads\/2025\/11\/GH_DJI-NEO-2-Fly-More-Combo_1.jpg\",\"contentUrl\":\"https:\/\/www.ghostysky.com\/wp-content\/uploads\/2025\/11\/GH_DJI-NEO-2-Fly-More-Combo_1.jpg\",\"width\":800,\"height\":800},{\"@type\":\"BreadcrumbList\",\"@id\":\"https:\/\/www.ghostysky.com\/product\/dji-neo-2-fly-more-combo\/#breadcrumb\",\"itemListElement\":[{\"@type\":\"ListItem\",\"position\":1,\"name\":\"Home\",\"item\":\"https:\/\/www.ghostysky.com\/\"},{\"@type\":\"ListItem\",\"position\":2,\"name\":\"Shop\",\"item\":\"https:\/\/www.ghostysky.com\/shop\/\"},{\"@type\":\"ListItem\",\"position\":3,\"name\":\"DJI NEO 2 Fly More Combo\"}]},{\"@type\":\"WebSite\",\"@id\":\"https:\/\/www.ghostysky.com\/#website\",\"url\":\"https:\/\/www.ghostysky.com\/\",\"name\":\"Ghostysky\",\"description\":\"Delivering professional drones and services\",\"publisher\":{\"@id\":\"https:\/\/www.ghostysky.com\/#organization\"},\"potentialAction\":[{\"@type\":\"SearchAction\",\"target\":{\"@type\":\"EntryPoint\",\"urlTemplate\":\"https:\/\/www.ghostysky.com\/?s={search_term_string}\"},\"query-input\":{\"@type\":\"PropertyValueSpecification\",\"valueRequired\":true,\"valueName\":\"search_term_string\"}}],\"inLanguage\":\"es\"},{\"@type\":\"Organization\",\"@id\":\"https:\/\/www.ghostysky.com\/#organization\",\"name\":\"Ghostysky\",\"url\":\"https:\/\/www.ghostysky.com\/\",\"logo\":{\"@type\":\"ImageObject\",\"inLanguage\":\"es\",\"@id\":\"https:\/\/www.ghostysky.com\/#\/schema\/logo\/image\/\",\"url\":\"https:\/\/www.ghostysky.com\/wp-content\/uploads\/2020\/06\/cropped-ghostyskylogo_text_white2.png\",\"contentUrl\":\"https:\/\/www.ghostysky.com\/wp-content\/uploads\/2020\/06\/cropped-ghostyskylogo_text_white2.png\",\"width\":169,\"height\":56,\"caption\":\"Ghostysky\"},\"image\":{\"@id\":\"https:\/\/www.ghostysky.com\/#\/schema\/logo\/image\/\"},\"sameAs\":[\"https:\/\/www.facebook.com\/people\/Ghostysky\/100057676170234\/\",\"https:\/\/x.com\/Gh0stysky\",\"https:\/\/www.linkedin.com\/company\/34739653\",\"https:\/\/www.instagram.com\/gh0stysky\"]}]}<\/script>\n<!-- \/ Yoast SEO plugin. -->","yoast_head_json":{"title":"DJI NEO 2 Fly More Combo - Ghostysky","description":"Captura tu mundo con una facilidad y libertad incomparables. El DJI Neo 2 Fly More Combo es el paquete definitivo para principiantes, viajeros y creadores de contenido, ya que ofrece el dron con c\u00e1mara m\u00e1s compacto y completo de DJI, junto con accesorios esenciales para maximizar tu tiempo de vuelo y tu potencial creativo. Con un peso de tan solo 151 g (por debajo del l\u00edmite de 250 g en muchas regiones), el Neo 2 es incre\u00edblemente port\u00e1til, pero incorpora tecnolog\u00eda avanzada y una potente c\u00e1mara, poniendo la videograf\u00eda a\u00e9rea de calidad profesional al alcance de todos.","robots":{"index":"index","follow":"follow","max-snippet":"max-snippet:-1","max-image-preview":"max-image-preview:large","max-video-preview":"max-video-preview:-1"},"canonical":"https:\/\/www.ghostysky.com\/es\/producto-2\/dji-neo-2-fly-more-combo\/","og_locale":"es_ES","og_type":"article","og_title":"DJI NEO 2 Fly More Combo - Ghostysky","og_description":"Capture your world with unparalleled ease and freedom. The DJI Neo 2 Fly More Combo is the ultimate package for beginners, travelers, and content creators, offering DJI's most compact and feature-rich camera drone bundled with essential accessories to maximize your flight time and creative potential.Weighing just 151g (under the 250g limit in many regions), the Neo 2 is incredibly portable, yet it packs advanced technology and a powerful camera, making professional-quality aerial videography accessible to everyone.","og_url":"https:\/\/www.ghostysky.com\/es\/producto-2\/dji-neo-2-fly-more-combo\/","og_site_name":"Ghostysky","article_publisher":"https:\/\/www.facebook.com\/people\/Ghostysky\/100057676170234\/","article_modified_time":"2025-12-30T14:40:33+00:00","og_image":[{"width":800,"height":800,"url":"https:\/\/www.ghostysky.com\/wp-content\/uploads\/2025\/11\/GH_DJI-NEO-2-Fly-More-Combo_1.jpg","type":"image\/jpeg"}],"twitter_card":"summary_large_image","twitter_site":"@Gh0stysky","twitter_misc":{"Tiempo de lectura":"2 minutos"},"schema":{"@context":"https:\/\/schema.org","@graph":[{"@type":"WebPage","@id":"https:\/\/www.ghostysky.com\/product\/dji-neo-2-fly-more-combo\/","url":"https:\/\/www.ghostysky.com\/product\/dji-neo-2-fly-more-combo\/","name":"DJI NEO 2 Fly More Combo - Ghostysky","isPartOf":{"@id":"https:\/\/www.ghostysky.com\/#website"},"primaryImageOfPage":{"@id":"https:\/\/www.ghostysky.com\/product\/dji-neo-2-fly-more-combo\/#primaryimage"},"image":{"@id":"https:\/\/www.ghostysky.com\/product\/dji-neo-2-fly-more-combo\/#primaryimage"},"thumbnailUrl":"https:\/\/www.ghostysky.com\/wp-content\/uploads\/2025\/11\/GH_DJI-NEO-2-Fly-More-Combo_1.jpg","datePublished":"2025-11-18T08:12:23+00:00","dateModified":"2025-12-30T14:40:33+00:00","description":"Captura tu mundo con una facilidad y libertad incomparables. El DJI Neo 2 Fly More Combo es el paquete definitivo para principiantes, viajeros y creadores de contenido, ya que ofrece el dron con c\u00e1mara m\u00e1s compacto y completo de DJI, junto con accesorios esenciales para maximizar tu tiempo de vuelo y tu potencial creativo. Con un peso de tan solo 151 g (por debajo del l\u00edmite de 250 g en muchas regiones), el Neo 2 es incre\u00edblemente port\u00e1til, pero incorpora tecnolog\u00eda avanzada y una potente c\u00e1mara, poniendo la videograf\u00eda a\u00e9rea de calidad profesional al alcance de todos.","breadcrumb":{"@id":"https:\/\/www.ghostysky.com\/product\/dji-neo-2-fly-more-combo\/#breadcrumb"},"inLanguage":"es","potentialAction":[{"@type":"ReadAction","target":["https:\/\/www.ghostysky.com\/product\/dji-neo-2-fly-more-combo\/"]}]},{"@type":"ImageObject","inLanguage":"es","@id":"https:\/\/www.ghostysky.com\/product\/dji-neo-2-fly-more-combo\/#primaryimage","url":"https:\/\/www.ghostysky.com\/wp-content\/uploads\/2025\/11\/GH_DJI-NEO-2-Fly-More-Combo_1.jpg","contentUrl":"https:\/\/www.ghostysky.com\/wp-content\/uploads\/2025\/11\/GH_DJI-NEO-2-Fly-More-Combo_1.jpg","width":800,"height":800},{"@type":"BreadcrumbList","@id":"https:\/\/www.ghostysky.com\/product\/dji-neo-2-fly-more-combo\/#breadcrumb","itemListElement":[{"@type":"ListItem","position":1,"name":"Home","item":"https:\/\/www.ghostysky.com\/"},{"@type":"ListItem","position":2,"name":"Shop","item":"https:\/\/www.ghostysky.com\/shop\/"},{"@type":"ListItem","position":3,"name":"DJI NEO 2 Fly More Combo"}]},{"@type":"WebSite","@id":"https:\/\/www.ghostysky.com\/#website","url":"https:\/\/www.ghostysky.com\/","name":"Ghostysky","description":"Entrega de drones y servicios profesionales","publisher":{"@id":"https:\/\/www.ghostysky.com\/#organization"},"potentialAction":[{"@type":"SearchAction","target":{"@type":"EntryPoint","urlTemplate":"https:\/\/www.ghostysky.com\/?s={search_term_string}"},"query-input":{"@type":"PropertyValueSpecification","valueRequired":true,"valueName":"search_term_string"}}],"inLanguage":"es"},{"@type":"Organization","@id":"https:\/\/www.ghostysky.com\/#organization","name":"Ghostysky","url":"https:\/\/www.ghostysky.com\/","logo":{"@type":"ImageObject","inLanguage":"es","@id":"https:\/\/www.ghostysky.com\/#\/schema\/logo\/image\/","url":"https:\/\/www.ghostysky.com\/wp-content\/uploads\/2020\/06\/cropped-ghostyskylogo_text_white2.png","contentUrl":"https:\/\/www.ghostysky.com\/wp-content\/uploads\/2020\/06\/cropped-ghostyskylogo_text_white2.png","width":169,"height":56,"caption":"Ghostysky"},"image":{"@id":"https:\/\/www.ghostysky.com\/#\/schema\/logo\/image\/"},"sameAs":["https:\/\/www.facebook.com\/people\/Ghostysky\/100057676170234\/","https:\/\/x.com\/Gh0stysky","https:\/\/www.linkedin.com\/company\/34739653","https:\/\/www.instagram.com\/gh0stysky"]}]}},"_links":{"self":[{"href":"https:\/\/www.ghostysky.com\/es\/wp-json\/wp\/v2\/product\/23244","targetHints":{"allow":["GET"]}}],"collection":[{"href":"https:\/\/www.ghostysky.com\/es\/wp-json\/wp\/v2\/product"}],"about":[{"href":"https:\/\/www.ghostysky.com\/es\/wp-json\/wp\/v2\/types\/product"}],"replies":[{"embeddable":true,"href":"https:\/\/www.ghostysky.com\/es\/wp-json\/wp\/v2\/comments?post=23244"}],"wp:featuredmedia":[{"embeddable":true,"href":"https:\/\/www.ghostysky.com\/es\/wp-json\/wp\/v2\/media\/23247"}],"wp:attachment":[{"href":"https:\/\/www.ghostysky.com\/es\/wp-json\/wp\/v2\/media?parent=23244"}],"wp:term":[{"taxonomy":"product_brand","embeddable":true,"href":"https:\/\/www.ghostysky.com\/es\/wp-json\/wp\/v2\/product_brand?post=23244"},{"taxonomy":"product_cat","embeddable":true,"href":"https:\/\/www.ghostysky.com\/es\/wp-json\/wp\/v2\/product_cat?post=23244"},{"taxonomy":"product_tag","embeddable":true,"href":"https:\/\/www.ghostysky.com\/es\/wp-json\/wp\/v2\/product_tag?post=23244"}],"curies":[{"name":"wp","href":"https:\/\/api.w.org\/{rel}","templated":true}]}}