{"id":23253,"date":"2025-11-18T08:26:18","date_gmt":"2025-11-18T08:26:18","guid":{"rendered":"https:\/\/www.ghostysky.com\/?post_type=product&#038;p=23253"},"modified":"2025-11-18T12:36:23","modified_gmt":"2025-11-18T12:36:23","slug":"dji-neo-2-intelligent-flight-battery","status":"publish","type":"product","link":"https:\/\/www.ghostysky.com\/es\/product\/dji-neo-2-intelligent-flight-battery\/","title":{"rendered":"Bater\u00eda de vuelo inteligente DJI Neo 2"},"content":{"rendered":"<h4>Caracter\u00edsticas clave<\/h4>\n<ul data-path-to-node=\"5\">\n<li>\n<p data-path-to-node=\"5,0,0\"><b><span class=\"citation-117\">Tiempo de vuelo extendido:<\/span><\/b><span class=\"citation-117\"> Proporciona hasta <\/span><b><span class=\"citation-117\">19 minutos<\/span><\/b><span class=\"citation-117 citation-end-117\"> de tiempo de vuelo con una sola carga (en condiciones \u00f3ptimas), lo que le brinda un rendimiento confiable para r\u00e1fagas cortas y creativas o tomas m\u00faltiples.<\/span><\/p>\n<\/li>\n<li>\n<p data-path-to-node=\"5,1,0\"><b><span class=\"citation-116\">Listos para la acci\u00f3n r\u00e1pida:<\/span><\/b><span class=\"citation-116\"> La capacidad permite que el dron realice <\/span><b><span class=\"citation-116\">m\u00e1s de 20 excursiones consecutivas de despegue y aterrizaje en palmeras<\/span><\/b><span class=\"citation-116 citation-end-116\">, asegur\u00e1ndote de poder grabar los momentos espont\u00e1neos de la vida sin interrupciones.<\/span><\/p>\n<\/li>\n<li>\n<p data-path-to-node=\"5,2,0\"><b><span class=\"citation-115\">Dise\u00f1o ligero:<\/span><\/b><span class=\"citation-115\"> Con un peso aproximado <\/span><b><span class=\"citation-115\">46 g<\/span><\/b><span class=\"citation-115 citation-end-115\">Esta bater\u00eda compacta es f\u00e1cil de transportar, lo que le permite llevar repuestos para salidas m\u00e1s largas sin a\u00f1adir un volumen significativo.<\/span><\/p>\n<\/li>\n<li>\n<p data-path-to-node=\"5,3,0\"><b><span class=\"citation-114\">Gesti\u00f3n inteligente de energ\u00eda:<\/span><\/b><span class=\"citation-114 citation-end-114\"> La tecnolog\u00eda de gesti\u00f3n de bater\u00edas integrada garantiza una salida de energ\u00eda estable y un rendimiento fiable, al tiempo que protege la celda durante la carga y descarga para una fiabilidad a largo plazo.<\/span><\/p>\n<\/li>\n<\/ul>\n<h4>Especificaciones<\/h4>\n<table data-path-to-node=\"7\">\n<thead>\n<tr>\n<td><strong>Caracter\u00edstica<\/strong><\/td>\n<td><strong>Detalle<\/strong><\/td>\n<\/tr>\n<\/thead>\n<tbody>\n<tr>\n<td data-path-to-node=\"7,1,0,0\"><b>Compatibilidad<\/b><\/td>\n<td data-path-to-node=\"7,1,1,0\">Solo para DJI Neo 2<\/td>\n<\/tr>\n<tr>\n<td data-path-to-node=\"7,2,0,0\"><b>Tipo de Bater\u00eda<\/b><\/td>\n<td data-path-to-node=\"7,2,1,0\">Li-ion<\/td>\n<\/tr>\n<tr>\n<td data-path-to-node=\"7,3,0,0\"><b>Capacidad<\/b><\/td>\n<td data-path-to-node=\"7,3,1,0\"><span class=\"math-inline\" data-math=\"1606 \\text{ mAh}\">1606 mAh<\/span><\/td>\n<\/tr>\n<tr>\n<td data-path-to-node=\"7,4,0,0\"><b>Sector energ\u00e9tico<\/b><\/td>\n<td data-path-to-node=\"7,4,1,0\"><span class=\"math-inline\" data-math=\"11.5 \\text{ Wh}\">11,5 Wh<\/span><\/td>\n<\/tr>\n<tr>\n<td data-path-to-node=\"7,5,0,0\"><b>Tensi\u00f3n nominal<\/b><\/td>\n<td data-path-to-node=\"7,5,1,0\"><span class=\"math-inline\" data-math=\"7.16 \\text{ V}\">7,16 V<\/span><\/td>\n<\/tr>\n<tr>\n<td data-path-to-node=\"7,6,0,0\"><b>Tensi\u00f3n m\u00e1xima de carga<\/b><\/td>\n<td data-path-to-node=\"7,6,1,0\"><span class=\"math-inline\" data-math=\"8.6 \\text{ V}\">8,6 V<\/span><\/td>\n<\/tr>\n<tr>\n<td data-path-to-node=\"7,7,0,0\"><b>Peso<\/b><\/td>\n<td data-path-to-node=\"7,7,1,0\">Aprox. <span class=\"math-inline\" data-math=\"46 \\text{ g}\">46 g<\/span><\/td>\n<\/tr>\n<tr>\n<td data-path-to-node=\"7,8,0,0\"><b>Temperatura de carga<\/b><\/td>\n<td data-path-to-node=\"7,8,1,0\"><span class=\"math-inline\" data-math=\"5^\\circ\">5\u00ba<\/span> a <span class=\"math-inline\" data-math=\"40^\\circ \\text{ C}\">40\u00ba C<\/span> (<span class=\"math-inline\" data-math=\"41^\\circ\">41\u00ba<\/span> a <span class=\"math-inline\" data-math=\"104^\\circ \\text{ F}\">104\u00ba F<\/span>)<\/td>\n<\/tr>\n<\/tbody>\n<\/table>\n<p data-path-to-node=\"8\">Tanto si eres un principiante que captura momentos divertidos en familia como si eres un creador que busca una toma a\u00e9rea r\u00e1pida, la bater\u00eda de vuelo inteligente DJI Neo 2 te proporciona la energ\u00eda esencial que necesitas para maximizar tu tiempo en el aire.<\/p>","protected":false},"excerpt":{"rendered":"<p><span class=\"citation-119\">Mant\u00e9n tu dron DJI Neo 2 en el aire durante m\u00e1s tiempo y captura cada momento con la c\u00e1mara dedicada <\/span><b><span class=\"citation-119\">Bater\u00eda de vuelo inteligente DJI Neo 2<\/span><\/b><span class=\"citation-119 citation-end-119\">.<\/span> <span class=\"citation-118 citation-end-118\">Dise\u00f1ada espec\u00edficamente para la Neo 2, esta bater\u00eda de iones de litio ligera y fiable es la opci\u00f3n perfecta para prolongar tus sesiones creativas.<\/span><\/p>","protected":false},"featured_media":23256,"comment_status":"open","ping_status":"closed","template":"","meta":[],"product_brand":[1031],"product_cat":[752,37,1290,1291],"product_tag":[1293,1299,1298],"class_list":{"0":"post-23253","1":"product","2":"type-product","3":"status-publish","4":"has-post-thumbnail","6":"product_brand-dji","7":"product_cat-aerial-photography","8":"product_cat-dji","9":"product_cat-neo-2","10":"product_cat-neo-2-accessories","11":"product_tag-dji-neo-2","12":"product_tag-dji-neo-2-accessories","13":"product_tag-dji-neo-2-intelligent-flight-battery","15":"first","16":"outofstock","17":"taxable","18":"shipping-taxable","19":"purchasable","20":"product-type-simple"},"yoast_head":"<!-- This site is optimized with the Yoast SEO plugin v27.1.1 - https:\/\/yoast.com\/product\/yoast-seo-wordpress\/ -->\n<title>DJI Neo 2 Intelligent Flight Battery - Ghostysky<\/title>\n<meta name=\"description\" content=\"Keep your DJI Neo 2 drone in the air longer and capture every moment with the dedicated DJI Neo 2 Intelligent Flight Battery. Designed specifically for the Neo 2, this lightweight and reliable Li-ion battery is the perfect choice for extending your creative sessions.\" \/>\n<meta name=\"robots\" content=\"index, follow, max-snippet:-1, max-image-preview:large, max-video-preview:-1\" \/>\n<link rel=\"canonical\" href=\"https:\/\/www.ghostysky.com\/es\/producto-2\/dji-neo-2-intelligent-flight-battery\/\" \/>\n<meta property=\"og:locale\" content=\"es_ES\" \/>\n<meta property=\"og:type\" content=\"article\" \/>\n<meta property=\"og:title\" content=\"DJI Neo 2 Intelligent Flight Battery - Ghostysky\" \/>\n<meta property=\"og:description\" content=\"Keep your DJI Neo 2 drone in the air longer and capture every moment with the dedicated DJI Neo 2 Intelligent Flight Battery. Designed specifically for the Neo 2, this lightweight and reliable Li-ion battery is the perfect choice for extending your creative sessions.\" \/>\n<meta property=\"og:url\" content=\"https:\/\/www.ghostysky.com\/es\/producto-2\/dji-neo-2-intelligent-flight-battery\/\" \/>\n<meta property=\"og:site_name\" content=\"Ghostysky\" \/>\n<meta property=\"article:publisher\" content=\"https:\/\/www.facebook.com\/people\/Ghostysky\/100057676170234\/\" \/>\n<meta property=\"article:modified_time\" content=\"2025-11-18T12:36:23+00:00\" \/>\n<meta property=\"og:image\" content=\"https:\/\/www.ghostysky.com\/wp-content\/uploads\/2025\/11\/GH_DJI-Neo-2-Intelligent-Flight-Battery_1.jpg\" \/>\n\t<meta property=\"og:image:width\" content=\"800\" \/>\n\t<meta property=\"og:image:height\" content=\"800\" \/>\n\t<meta property=\"og:image:type\" content=\"image\/jpeg\" \/>\n<meta name=\"twitter:card\" content=\"summary_large_image\" \/>\n<meta name=\"twitter:site\" content=\"@Gh0stysky\" \/>\n<meta name=\"twitter:label1\" content=\"Tiempo de lectura\" \/>\n\t<meta name=\"twitter:data1\" content=\"2 minutos\" \/>\n<script type=\"application\/ld+json\" class=\"yoast-schema-graph\">{\"@context\":\"https:\/\/schema.org\",\"@graph\":[{\"@type\":\"WebPage\",\"@id\":\"https:\/\/www.ghostysky.com\/product\/dji-neo-2-intelligent-flight-battery\/\",\"url\":\"https:\/\/www.ghostysky.com\/product\/dji-neo-2-intelligent-flight-battery\/\",\"name\":\"DJI Neo 2 Intelligent Flight Battery - Ghostysky\",\"isPartOf\":{\"@id\":\"https:\/\/www.ghostysky.com\/#website\"},\"primaryImageOfPage\":{\"@id\":\"https:\/\/www.ghostysky.com\/product\/dji-neo-2-intelligent-flight-battery\/#primaryimage\"},\"image\":{\"@id\":\"https:\/\/www.ghostysky.com\/product\/dji-neo-2-intelligent-flight-battery\/#primaryimage\"},\"thumbnailUrl\":\"https:\/\/www.ghostysky.com\/wp-content\/uploads\/2025\/11\/GH_DJI-Neo-2-Intelligent-Flight-Battery_1.jpg\",\"datePublished\":\"2025-11-18T08:26:18+00:00\",\"dateModified\":\"2025-11-18T12:36:23+00:00\",\"description\":\"Keep your DJI Neo 2 drone in the air longer and capture every moment with the dedicated DJI Neo 2 Intelligent Flight Battery. Designed specifically for the Neo 2, this lightweight and reliable Li-ion battery is the perfect choice for extending your creative sessions.\",\"breadcrumb\":{\"@id\":\"https:\/\/www.ghostysky.com\/product\/dji-neo-2-intelligent-flight-battery\/#breadcrumb\"},\"inLanguage\":\"es\",\"potentialAction\":[{\"@type\":\"ReadAction\",\"target\":[\"https:\/\/www.ghostysky.com\/product\/dji-neo-2-intelligent-flight-battery\/\"]}]},{\"@type\":\"ImageObject\",\"inLanguage\":\"es\",\"@id\":\"https:\/\/www.ghostysky.com\/product\/dji-neo-2-intelligent-flight-battery\/#primaryimage\",\"url\":\"https:\/\/www.ghostysky.com\/wp-content\/uploads\/2025\/11\/GH_DJI-Neo-2-Intelligent-Flight-Battery_1.jpg\",\"contentUrl\":\"https:\/\/www.ghostysky.com\/wp-content\/uploads\/2025\/11\/GH_DJI-Neo-2-Intelligent-Flight-Battery_1.jpg\",\"width\":800,\"height\":800},{\"@type\":\"BreadcrumbList\",\"@id\":\"https:\/\/www.ghostysky.com\/product\/dji-neo-2-intelligent-flight-battery\/#breadcrumb\",\"itemListElement\":[{\"@type\":\"ListItem\",\"position\":1,\"name\":\"Home\",\"item\":\"https:\/\/www.ghostysky.com\/\"},{\"@type\":\"ListItem\",\"position\":2,\"name\":\"Shop\",\"item\":\"https:\/\/www.ghostysky.com\/shop\/\"},{\"@type\":\"ListItem\",\"position\":3,\"name\":\"DJI Neo 2 Intelligent Flight Battery\"}]},{\"@type\":\"WebSite\",\"@id\":\"https:\/\/www.ghostysky.com\/#website\",\"url\":\"https:\/\/www.ghostysky.com\/\",\"name\":\"Ghostysky\",\"description\":\"Delivering professional drones and services\",\"publisher\":{\"@id\":\"https:\/\/www.ghostysky.com\/#organization\"},\"potentialAction\":[{\"@type\":\"SearchAction\",\"target\":{\"@type\":\"EntryPoint\",\"urlTemplate\":\"https:\/\/www.ghostysky.com\/?s={search_term_string}\"},\"query-input\":{\"@type\":\"PropertyValueSpecification\",\"valueRequired\":true,\"valueName\":\"search_term_string\"}}],\"inLanguage\":\"es\"},{\"@type\":\"Organization\",\"@id\":\"https:\/\/www.ghostysky.com\/#organization\",\"name\":\"Ghostysky\",\"url\":\"https:\/\/www.ghostysky.com\/\",\"logo\":{\"@type\":\"ImageObject\",\"inLanguage\":\"es\",\"@id\":\"https:\/\/www.ghostysky.com\/#\/schema\/logo\/image\/\",\"url\":\"https:\/\/www.ghostysky.com\/wp-content\/uploads\/2020\/06\/cropped-ghostyskylogo_text_white2.png\",\"contentUrl\":\"https:\/\/www.ghostysky.com\/wp-content\/uploads\/2020\/06\/cropped-ghostyskylogo_text_white2.png\",\"width\":169,\"height\":56,\"caption\":\"Ghostysky\"},\"image\":{\"@id\":\"https:\/\/www.ghostysky.com\/#\/schema\/logo\/image\/\"},\"sameAs\":[\"https:\/\/www.facebook.com\/people\/Ghostysky\/100057676170234\/\",\"https:\/\/x.com\/Gh0stysky\",\"https:\/\/www.linkedin.com\/company\/34739653\",\"https:\/\/www.instagram.com\/gh0stysky\"]}]}<\/script>\n<!-- \/ Yoast SEO plugin. -->","yoast_head_json":{"title":"Bater\u00eda de vuelo inteligente DJI Neo 2 - Ghostysky","description":"Mant\u00e9n tu dron DJI Neo 2 en el aire por m\u00e1s tiempo y captura cada momento con la bater\u00eda de vuelo inteligente DJI Neo 2. Dise\u00f1ada espec\u00edficamente para el Neo 2, esta bater\u00eda de iones de litio, ligera y fiable, es la opci\u00f3n perfecta para extender tus sesiones creativas.","robots":{"index":"index","follow":"follow","max-snippet":"max-snippet:-1","max-image-preview":"max-image-preview:large","max-video-preview":"max-video-preview:-1"},"canonical":"https:\/\/www.ghostysky.com\/es\/producto-2\/dji-neo-2-intelligent-flight-battery\/","og_locale":"es_ES","og_type":"article","og_title":"DJI Neo 2 Intelligent Flight Battery - Ghostysky","og_description":"Keep your DJI Neo 2 drone in the air longer and capture every moment with the dedicated DJI Neo 2 Intelligent Flight Battery. Designed specifically for the Neo 2, this lightweight and reliable Li-ion battery is the perfect choice for extending your creative sessions.","og_url":"https:\/\/www.ghostysky.com\/es\/producto-2\/dji-neo-2-intelligent-flight-battery\/","og_site_name":"Ghostysky","article_publisher":"https:\/\/www.facebook.com\/people\/Ghostysky\/100057676170234\/","article_modified_time":"2025-11-18T12:36:23+00:00","og_image":[{"width":800,"height":800,"url":"https:\/\/www.ghostysky.com\/wp-content\/uploads\/2025\/11\/GH_DJI-Neo-2-Intelligent-Flight-Battery_1.jpg","type":"image\/jpeg"}],"twitter_card":"summary_large_image","twitter_site":"@Gh0stysky","twitter_misc":{"Tiempo de lectura":"2 minutos"},"schema":{"@context":"https:\/\/schema.org","@graph":[{"@type":"WebPage","@id":"https:\/\/www.ghostysky.com\/product\/dji-neo-2-intelligent-flight-battery\/","url":"https:\/\/www.ghostysky.com\/product\/dji-neo-2-intelligent-flight-battery\/","name":"Bater\u00eda de vuelo inteligente DJI Neo 2 - Ghostysky","isPartOf":{"@id":"https:\/\/www.ghostysky.com\/#website"},"primaryImageOfPage":{"@id":"https:\/\/www.ghostysky.com\/product\/dji-neo-2-intelligent-flight-battery\/#primaryimage"},"image":{"@id":"https:\/\/www.ghostysky.com\/product\/dji-neo-2-intelligent-flight-battery\/#primaryimage"},"thumbnailUrl":"https:\/\/www.ghostysky.com\/wp-content\/uploads\/2025\/11\/GH_DJI-Neo-2-Intelligent-Flight-Battery_1.jpg","datePublished":"2025-11-18T08:26:18+00:00","dateModified":"2025-11-18T12:36:23+00:00","description":"Mant\u00e9n tu dron DJI Neo 2 en el aire por m\u00e1s tiempo y captura cada momento con la bater\u00eda de vuelo inteligente DJI Neo 2. Dise\u00f1ada espec\u00edficamente para el Neo 2, esta bater\u00eda de iones de litio, ligera y fiable, es la opci\u00f3n perfecta para extender tus sesiones creativas.","breadcrumb":{"@id":"https:\/\/www.ghostysky.com\/product\/dji-neo-2-intelligent-flight-battery\/#breadcrumb"},"inLanguage":"es","potentialAction":[{"@type":"ReadAction","target":["https:\/\/www.ghostysky.com\/product\/dji-neo-2-intelligent-flight-battery\/"]}]},{"@type":"ImageObject","inLanguage":"es","@id":"https:\/\/www.ghostysky.com\/product\/dji-neo-2-intelligent-flight-battery\/#primaryimage","url":"https:\/\/www.ghostysky.com\/wp-content\/uploads\/2025\/11\/GH_DJI-Neo-2-Intelligent-Flight-Battery_1.jpg","contentUrl":"https:\/\/www.ghostysky.com\/wp-content\/uploads\/2025\/11\/GH_DJI-Neo-2-Intelligent-Flight-Battery_1.jpg","width":800,"height":800},{"@type":"BreadcrumbList","@id":"https:\/\/www.ghostysky.com\/product\/dji-neo-2-intelligent-flight-battery\/#breadcrumb","itemListElement":[{"@type":"ListItem","position":1,"name":"Home","item":"https:\/\/www.ghostysky.com\/"},{"@type":"ListItem","position":2,"name":"Shop","item":"https:\/\/www.ghostysky.com\/shop\/"},{"@type":"ListItem","position":3,"name":"DJI Neo 2 Intelligent Flight Battery"}]},{"@type":"WebSite","@id":"https:\/\/www.ghostysky.com\/#website","url":"https:\/\/www.ghostysky.com\/","name":"Ghostysky","description":"Entrega de drones y servicios profesionales","publisher":{"@id":"https:\/\/www.ghostysky.com\/#organization"},"potentialAction":[{"@type":"SearchAction","target":{"@type":"EntryPoint","urlTemplate":"https:\/\/www.ghostysky.com\/?s={search_term_string}"},"query-input":{"@type":"PropertyValueSpecification","valueRequired":true,"valueName":"search_term_string"}}],"inLanguage":"es"},{"@type":"Organization","@id":"https:\/\/www.ghostysky.com\/#organization","name":"Ghostysky","url":"https:\/\/www.ghostysky.com\/","logo":{"@type":"ImageObject","inLanguage":"es","@id":"https:\/\/www.ghostysky.com\/#\/schema\/logo\/image\/","url":"https:\/\/www.ghostysky.com\/wp-content\/uploads\/2020\/06\/cropped-ghostyskylogo_text_white2.png","contentUrl":"https:\/\/www.ghostysky.com\/wp-content\/uploads\/2020\/06\/cropped-ghostyskylogo_text_white2.png","width":169,"height":56,"caption":"Ghostysky"},"image":{"@id":"https:\/\/www.ghostysky.com\/#\/schema\/logo\/image\/"},"sameAs":["https:\/\/www.facebook.com\/people\/Ghostysky\/100057676170234\/","https:\/\/x.com\/Gh0stysky","https:\/\/www.linkedin.com\/company\/34739653","https:\/\/www.instagram.com\/gh0stysky"]}]}},"_links":{"self":[{"href":"https:\/\/www.ghostysky.com\/es\/wp-json\/wp\/v2\/product\/23253","targetHints":{"allow":["GET"]}}],"collection":[{"href":"https:\/\/www.ghostysky.com\/es\/wp-json\/wp\/v2\/product"}],"about":[{"href":"https:\/\/www.ghostysky.com\/es\/wp-json\/wp\/v2\/types\/product"}],"replies":[{"embeddable":true,"href":"https:\/\/www.ghostysky.com\/es\/wp-json\/wp\/v2\/comments?post=23253"}],"wp:featuredmedia":[{"embeddable":true,"href":"https:\/\/www.ghostysky.com\/es\/wp-json\/wp\/v2\/media\/23256"}],"wp:attachment":[{"href":"https:\/\/www.ghostysky.com\/es\/wp-json\/wp\/v2\/media?parent=23253"}],"wp:term":[{"taxonomy":"product_brand","embeddable":true,"href":"https:\/\/www.ghostysky.com\/es\/wp-json\/wp\/v2\/product_brand?post=23253"},{"taxonomy":"product_cat","embeddable":true,"href":"https:\/\/www.ghostysky.com\/es\/wp-json\/wp\/v2\/product_cat?post=23253"},{"taxonomy":"product_tag","embeddable":true,"href":"https:\/\/www.ghostysky.com\/es\/wp-json\/wp\/v2\/product_tag?post=23253"}],"curies":[{"name":"wp","href":"https:\/\/api.w.org\/{rel}","templated":true}]}}