{"id":23258,"date":"2025-11-18T12:06:53","date_gmt":"2025-11-18T12:06:53","guid":{"rendered":"https:\/\/www.ghostysky.com\/?post_type=product&#038;p=23258"},"modified":"2025-11-18T12:36:43","modified_gmt":"2025-11-18T12:36:43","slug":"dji-neo-2-two-way-charging-hub","status":"publish","type":"product","link":"https:\/\/www.ghostysky.com\/es\/product\/dji-neo-2-two-way-charging-hub\/","title":{"rendered":"Centro de carga bidireccional DJI Neo 2"},"content":{"rendered":"<h4>Caracter\u00edsticas clave<\/h4>\n<ul data-path-to-node=\"3\">\n<li>\n<p data-path-to-node=\"3,0,0\"><b><span class=\"citation-18\">Carga r\u00e1pida y simult\u00e1nea:<\/span><\/b><span class=\"citation-18\"> Cuando se combina con lo recomendado <\/span><b><span class=\"citation-18\">Cargador port\u00e1til DJI de 65 W<\/span><\/b><span class=\"citation-18\"> o un cargador USB Power Delivery (PD) compatible de alta potencia (m\u00e1s de 45 W), el concentrador puede cargarse completamente <\/span><b><span class=\"citation-18\">tres bater\u00edas de vuelo inteligentes simult\u00e1neamente<\/span><\/b><span class=\"citation-18\"> en aproximadamente <\/span><b><span class=\"citation-18\">68 minutos<\/span><\/b><span class=\"citation-18 citation-end-18\">.<\/span><\/p>\n<\/li>\n<li>\n<p data-path-to-node=\"3,1,0\"><b>Gesti\u00f3n inteligente de la carga:<\/b><span class=\"citation-17 citation-end-17\"> El concentrador ajusta din\u00e1micamente su m\u00e9todo de carga en funci\u00f3n de la potencia de su cargador:<\/span><\/p>\n<p>&nbsp;<\/p>\n<ul data-path-to-node=\"3,1,1\">\n<li>\n<p data-path-to-node=\"3,1,1,0,0\"><b><span class=\"citation-16\">&gt; 45 W:<\/span><\/b><span class=\"citation-16 citation-end-16\"> Carga tres bater\u00edas simult\u00e1neamente.<\/span><\/p>\n<\/li>\n<li>\n<p data-path-to-node=\"3,1,1,1,0\"><b><span class=\"citation-15\">30 W a 45 W:<\/span><\/b><span class=\"citation-15 citation-end-15\"> Carga dos bater\u00edas simult\u00e1neamente.<\/span><\/p>\n<\/li>\n<li>\n<p data-path-to-node=\"3,1,1,2,0\"><b><span class=\"math-inline\" data-math=\"\\le\">&lt;=<\/span><span class=\"citation-14\">\u00a030 W:<\/span><\/b><span class=\"citation-14 citation-end-14\"> Carga las bater\u00edas de forma secuencial, desde la carga m\u00e1s alta a la m\u00e1s baja.<\/span><\/p>\n<div class=\"source-inline-chip-container ng-star-inserted\"><\/div>\n<\/li>\n<\/ul>\n<\/li>\n<li>\n<p data-path-to-node=\"3,2,0\"><b><span class=\"citation-13\">Bater\u00eda externa port\u00e1til:<\/span><\/b><span class=\"citation-13\"> Con al menos una bater\u00eda de vuelo inteligente insertada, el concentrador se transforma en un pr\u00e1ctico <\/span><b><span class=\"citation-13\">bater\u00eda externa<\/span><\/b><span class=\"citation-13 citation-end-13\">.<\/span> <span class=\"citation-12\">Utiliza la energ\u00eda restante de la bater\u00eda para cargar otros dispositivos como tu <\/span><b><span class=\"citation-12\">tel\u00e9fono inteligente, control remoto o gafas DJI<\/span><\/b><span class=\"citation-12 citation-end-12\"> a trav\u00e9s del puerto de salida USB-C (5 V, 2 A).<\/span><\/p>\n<\/li>\n<li>\n<p data-path-to-node=\"3,3,0\"><b>Almacenamiento pr\u00e1ctico:<\/b><span class=\"citation-11\"> El centro est\u00e1 dise\u00f1ado para <\/span><b><span class=\"citation-11\">almacenamiento seguro<\/span><\/b><span class=\"citation-11 citation-end-11\"> Hasta tres bater\u00edas, lo que facilita el transporte y ayuda a proteger las bater\u00edas entre vuelos.<\/span><\/p>\n<\/li>\n<\/ul>\n<h4>Especificaciones y compatibilidad<\/h4>\n<table data-path-to-node=\"5\">\n<thead>\n<tr>\n<td><strong>Caracter\u00edstica<\/strong><\/td>\n<td><strong>Detalle<\/strong><\/td>\n<\/tr>\n<\/thead>\n<tbody>\n<tr>\n<td data-path-to-node=\"5,1,0,0\"><b>Compatibilidad<\/b><\/td>\n<td data-path-to-node=\"5,1,1,0\">Bater\u00eda de vuelo inteligente DJI Neo 2<\/td>\n<\/tr>\n<tr>\n<td data-path-to-node=\"5,2,0,0\"><b>Entrada (USB-C)<\/b><\/td>\n<td data-path-to-node=\"5,2,1,0\">5 V, 9 V, 12 V, 15 V (m\u00e1x. 5 A) \/ 20 V (m\u00e1x. 3,25 A)<\/td>\n<\/tr>\n<tr>\n<td data-path-to-node=\"5,3,0,0\"><b>Salida (Bater\u00eda externa)<\/b><\/td>\n<td data-path-to-node=\"5,3,1,0\">5 V, 2 A<\/td>\n<\/tr>\n<tr>\n<td data-path-to-node=\"5,4,0,0\"><b>Tiempo de carga<\/b><\/td>\n<td data-path-to-node=\"5,4,1,0\">Aproximadamente 68 minutos para tres bater\u00edas (usando el cargador port\u00e1til DJI de 65 W).<\/td>\n<\/tr>\n<tr>\n<td data-path-to-node=\"5,5,0,0\"><b>Funciones<\/b><\/td>\n<td data-path-to-node=\"5,5,1,0\">Carga simult\u00e1nea, almacenamiento de bater\u00eda, bater\u00eda externa<\/td>\n<\/tr>\n<\/tbody>\n<\/table>\n<p data-path-to-node=\"7\"><span class=\"citation-10 citation-end-10\">Mant\u00e9n tu DJI Neo 2 listo para la acci\u00f3n con esta soluci\u00f3n multifuncional de carga y alimentaci\u00f3n.<\/span><\/p>","protected":false},"excerpt":{"rendered":"<p><span class=\"citation-19\">El centro de carga bidireccional DJI Neo 2 es el accesorio esencial para todo piloto de DJI Neo 2, ya que ofrece una soluci\u00f3n eficiente para <\/span><b><span class=\"citation-19\">carga, almacenamiento y energ\u00eda port\u00e1til<\/span><\/b><span class=\"citation-19 citation-end-19\">.<\/span> Dise\u00f1ado para agilizar la preparaci\u00f3n de su vuelo y mantener sus dispositivos cargados durante el viaje, este concentrador le garantiza m\u00e1s tiempo volando y menos tiempo esperando.<\/p>","protected":false},"featured_media":23261,"comment_status":"open","ping_status":"closed","template":"","meta":[],"product_brand":[1031],"product_cat":[752,37,29,1290,1291],"product_tag":[42,1293,812],"class_list":{"0":"post-23258","1":"product","2":"type-product","3":"status-publish","4":"has-post-thumbnail","6":"product_brand-dji","7":"product_cat-aerial-photography","8":"product_cat-dji","9":"product_cat-drones","10":"product_cat-neo-2","11":"product_cat-neo-2-accessories","12":"product_tag-dji","13":"product_tag-dji-neo-2","14":"product_tag-two-way-charging-hub","16":"first","17":"outofstock","18":"taxable","19":"shipping-taxable","20":"purchasable","21":"product-type-simple"},"yoast_head":"<!-- This site is optimized with the Yoast SEO plugin v27.1.1 - https:\/\/yoast.com\/product\/yoast-seo-wordpress\/ -->\n<title>DJI Neo 2 Two-Way Charging Hub - Ghostysky<\/title>\n<meta name=\"description\" content=\"The DJI Neo 2 Two-Way Charging Hub is the essential accessory for every DJI Neo 2 pilot, offering an efficient solution for charging, storage, and portable power. Designed to streamline your flight preparation and keep your devices powered on the go, this hub ensures you spend more time flying and less time waiting.\" \/>\n<meta name=\"robots\" content=\"index, follow, max-snippet:-1, max-image-preview:large, max-video-preview:-1\" \/>\n<link rel=\"canonical\" href=\"https:\/\/www.ghostysky.com\/es\/producto-2\/dji-neo-2-two-way-charging-hub\/\" \/>\n<meta property=\"og:locale\" content=\"es_ES\" \/>\n<meta property=\"og:type\" content=\"article\" \/>\n<meta property=\"og:title\" content=\"DJI Neo 2 Two-Way Charging Hub - Ghostysky\" \/>\n<meta property=\"og:description\" content=\"The DJI Neo 2 Two-Way Charging Hub is the essential accessory for every DJI Neo 2 pilot, offering an efficient solution for charging, storage, and portable power. Designed to streamline your flight preparation and keep your devices powered on the go, this hub ensures you spend more time flying and less time waiting.\" \/>\n<meta property=\"og:url\" content=\"https:\/\/www.ghostysky.com\/es\/producto-2\/dji-neo-2-two-way-charging-hub\/\" \/>\n<meta property=\"og:site_name\" content=\"Ghostysky\" \/>\n<meta property=\"article:publisher\" content=\"https:\/\/www.facebook.com\/people\/Ghostysky\/100057676170234\/\" \/>\n<meta property=\"article:modified_time\" content=\"2025-11-18T12:36:43+00:00\" \/>\n<meta property=\"og:image\" content=\"https:\/\/www.ghostysky.com\/wp-content\/uploads\/2025\/11\/GH_DJI-Neo-2-Two-Way-Charging-Hub_1.jpg\" \/>\n\t<meta property=\"og:image:width\" content=\"800\" \/>\n\t<meta property=\"og:image:height\" content=\"800\" \/>\n\t<meta property=\"og:image:type\" content=\"image\/jpeg\" \/>\n<meta name=\"twitter:card\" content=\"summary_large_image\" \/>\n<meta name=\"twitter:site\" content=\"@Gh0stysky\" \/>\n<meta name=\"twitter:label1\" content=\"Tiempo de lectura\" \/>\n\t<meta name=\"twitter:data1\" content=\"2 minutos\" \/>\n<script type=\"application\/ld+json\" class=\"yoast-schema-graph\">{\"@context\":\"https:\/\/schema.org\",\"@graph\":[{\"@type\":\"WebPage\",\"@id\":\"https:\/\/www.ghostysky.com\/product\/dji-neo-2-two-way-charging-hub\/\",\"url\":\"https:\/\/www.ghostysky.com\/product\/dji-neo-2-two-way-charging-hub\/\",\"name\":\"DJI Neo 2 Two-Way Charging Hub - Ghostysky\",\"isPartOf\":{\"@id\":\"https:\/\/www.ghostysky.com\/#website\"},\"primaryImageOfPage\":{\"@id\":\"https:\/\/www.ghostysky.com\/product\/dji-neo-2-two-way-charging-hub\/#primaryimage\"},\"image\":{\"@id\":\"https:\/\/www.ghostysky.com\/product\/dji-neo-2-two-way-charging-hub\/#primaryimage\"},\"thumbnailUrl\":\"https:\/\/www.ghostysky.com\/wp-content\/uploads\/2025\/11\/GH_DJI-Neo-2-Two-Way-Charging-Hub_1.jpg\",\"datePublished\":\"2025-11-18T12:06:53+00:00\",\"dateModified\":\"2025-11-18T12:36:43+00:00\",\"description\":\"The DJI Neo 2 Two-Way Charging Hub is the essential accessory for every DJI Neo 2 pilot, offering an efficient solution for charging, storage, and portable power. Designed to streamline your flight preparation and keep your devices powered on the go, this hub ensures you spend more time flying and less time waiting.\",\"breadcrumb\":{\"@id\":\"https:\/\/www.ghostysky.com\/product\/dji-neo-2-two-way-charging-hub\/#breadcrumb\"},\"inLanguage\":\"es\",\"potentialAction\":[{\"@type\":\"ReadAction\",\"target\":[\"https:\/\/www.ghostysky.com\/product\/dji-neo-2-two-way-charging-hub\/\"]}]},{\"@type\":\"ImageObject\",\"inLanguage\":\"es\",\"@id\":\"https:\/\/www.ghostysky.com\/product\/dji-neo-2-two-way-charging-hub\/#primaryimage\",\"url\":\"https:\/\/www.ghostysky.com\/wp-content\/uploads\/2025\/11\/GH_DJI-Neo-2-Two-Way-Charging-Hub_1.jpg\",\"contentUrl\":\"https:\/\/www.ghostysky.com\/wp-content\/uploads\/2025\/11\/GH_DJI-Neo-2-Two-Way-Charging-Hub_1.jpg\",\"width\":800,\"height\":800},{\"@type\":\"BreadcrumbList\",\"@id\":\"https:\/\/www.ghostysky.com\/product\/dji-neo-2-two-way-charging-hub\/#breadcrumb\",\"itemListElement\":[{\"@type\":\"ListItem\",\"position\":1,\"name\":\"Home\",\"item\":\"https:\/\/www.ghostysky.com\/\"},{\"@type\":\"ListItem\",\"position\":2,\"name\":\"Shop\",\"item\":\"https:\/\/www.ghostysky.com\/shop\/\"},{\"@type\":\"ListItem\",\"position\":3,\"name\":\"DJI Neo 2 Two-Way Charging Hub\"}]},{\"@type\":\"WebSite\",\"@id\":\"https:\/\/www.ghostysky.com\/#website\",\"url\":\"https:\/\/www.ghostysky.com\/\",\"name\":\"Ghostysky\",\"description\":\"Delivering professional drones and services\",\"publisher\":{\"@id\":\"https:\/\/www.ghostysky.com\/#organization\"},\"potentialAction\":[{\"@type\":\"SearchAction\",\"target\":{\"@type\":\"EntryPoint\",\"urlTemplate\":\"https:\/\/www.ghostysky.com\/?s={search_term_string}\"},\"query-input\":{\"@type\":\"PropertyValueSpecification\",\"valueRequired\":true,\"valueName\":\"search_term_string\"}}],\"inLanguage\":\"es\"},{\"@type\":\"Organization\",\"@id\":\"https:\/\/www.ghostysky.com\/#organization\",\"name\":\"Ghostysky\",\"url\":\"https:\/\/www.ghostysky.com\/\",\"logo\":{\"@type\":\"ImageObject\",\"inLanguage\":\"es\",\"@id\":\"https:\/\/www.ghostysky.com\/#\/schema\/logo\/image\/\",\"url\":\"https:\/\/www.ghostysky.com\/wp-content\/uploads\/2020\/06\/cropped-ghostyskylogo_text_white2.png\",\"contentUrl\":\"https:\/\/www.ghostysky.com\/wp-content\/uploads\/2020\/06\/cropped-ghostyskylogo_text_white2.png\",\"width\":169,\"height\":56,\"caption\":\"Ghostysky\"},\"image\":{\"@id\":\"https:\/\/www.ghostysky.com\/#\/schema\/logo\/image\/\"},\"sameAs\":[\"https:\/\/www.facebook.com\/people\/Ghostysky\/100057676170234\/\",\"https:\/\/x.com\/Gh0stysky\",\"https:\/\/www.linkedin.com\/company\/34739653\",\"https:\/\/www.instagram.com\/gh0stysky\"]}]}<\/script>\n<!-- \/ Yoast SEO plugin. -->","yoast_head_json":{"title":"Centro de carga bidireccional DJI Neo 2 - Ghostysky","description":"El centro de carga bidireccional para DJI Neo 2 es el accesorio esencial para todo piloto de DJI Neo 2, ya que ofrece una soluci\u00f3n eficiente para cargar, almacenar y alimentar dispositivos de forma port\u00e1til. Dise\u00f1ado para optimizar la preparaci\u00f3n del vuelo y mantener tus dispositivos cargados en cualquier lugar, este centro te permite dedicar m\u00e1s tiempo a volar y menos a esperar.","robots":{"index":"index","follow":"follow","max-snippet":"max-snippet:-1","max-image-preview":"max-image-preview:large","max-video-preview":"max-video-preview:-1"},"canonical":"https:\/\/www.ghostysky.com\/es\/producto-2\/dji-neo-2-two-way-charging-hub\/","og_locale":"es_ES","og_type":"article","og_title":"DJI Neo 2 Two-Way Charging Hub - Ghostysky","og_description":"The DJI Neo 2 Two-Way Charging Hub is the essential accessory for every DJI Neo 2 pilot, offering an efficient solution for charging, storage, and portable power. Designed to streamline your flight preparation and keep your devices powered on the go, this hub ensures you spend more time flying and less time waiting.","og_url":"https:\/\/www.ghostysky.com\/es\/producto-2\/dji-neo-2-two-way-charging-hub\/","og_site_name":"Ghostysky","article_publisher":"https:\/\/www.facebook.com\/people\/Ghostysky\/100057676170234\/","article_modified_time":"2025-11-18T12:36:43+00:00","og_image":[{"width":800,"height":800,"url":"https:\/\/www.ghostysky.com\/wp-content\/uploads\/2025\/11\/GH_DJI-Neo-2-Two-Way-Charging-Hub_1.jpg","type":"image\/jpeg"}],"twitter_card":"summary_large_image","twitter_site":"@Gh0stysky","twitter_misc":{"Tiempo de lectura":"2 minutos"},"schema":{"@context":"https:\/\/schema.org","@graph":[{"@type":"WebPage","@id":"https:\/\/www.ghostysky.com\/product\/dji-neo-2-two-way-charging-hub\/","url":"https:\/\/www.ghostysky.com\/product\/dji-neo-2-two-way-charging-hub\/","name":"Centro de carga bidireccional DJI Neo 2 - Ghostysky","isPartOf":{"@id":"https:\/\/www.ghostysky.com\/#website"},"primaryImageOfPage":{"@id":"https:\/\/www.ghostysky.com\/product\/dji-neo-2-two-way-charging-hub\/#primaryimage"},"image":{"@id":"https:\/\/www.ghostysky.com\/product\/dji-neo-2-two-way-charging-hub\/#primaryimage"},"thumbnailUrl":"https:\/\/www.ghostysky.com\/wp-content\/uploads\/2025\/11\/GH_DJI-Neo-2-Two-Way-Charging-Hub_1.jpg","datePublished":"2025-11-18T12:06:53+00:00","dateModified":"2025-11-18T12:36:43+00:00","description":"El centro de carga bidireccional para DJI Neo 2 es el accesorio esencial para todo piloto de DJI Neo 2, ya que ofrece una soluci\u00f3n eficiente para cargar, almacenar y alimentar dispositivos de forma port\u00e1til. Dise\u00f1ado para optimizar la preparaci\u00f3n del vuelo y mantener tus dispositivos cargados en cualquier lugar, este centro te permite dedicar m\u00e1s tiempo a volar y menos a esperar.","breadcrumb":{"@id":"https:\/\/www.ghostysky.com\/product\/dji-neo-2-two-way-charging-hub\/#breadcrumb"},"inLanguage":"es","potentialAction":[{"@type":"ReadAction","target":["https:\/\/www.ghostysky.com\/product\/dji-neo-2-two-way-charging-hub\/"]}]},{"@type":"ImageObject","inLanguage":"es","@id":"https:\/\/www.ghostysky.com\/product\/dji-neo-2-two-way-charging-hub\/#primaryimage","url":"https:\/\/www.ghostysky.com\/wp-content\/uploads\/2025\/11\/GH_DJI-Neo-2-Two-Way-Charging-Hub_1.jpg","contentUrl":"https:\/\/www.ghostysky.com\/wp-content\/uploads\/2025\/11\/GH_DJI-Neo-2-Two-Way-Charging-Hub_1.jpg","width":800,"height":800},{"@type":"BreadcrumbList","@id":"https:\/\/www.ghostysky.com\/product\/dji-neo-2-two-way-charging-hub\/#breadcrumb","itemListElement":[{"@type":"ListItem","position":1,"name":"Home","item":"https:\/\/www.ghostysky.com\/"},{"@type":"ListItem","position":2,"name":"Shop","item":"https:\/\/www.ghostysky.com\/shop\/"},{"@type":"ListItem","position":3,"name":"DJI Neo 2 Two-Way Charging Hub"}]},{"@type":"WebSite","@id":"https:\/\/www.ghostysky.com\/#website","url":"https:\/\/www.ghostysky.com\/","name":"Ghostysky","description":"Entrega de drones y servicios profesionales","publisher":{"@id":"https:\/\/www.ghostysky.com\/#organization"},"potentialAction":[{"@type":"SearchAction","target":{"@type":"EntryPoint","urlTemplate":"https:\/\/www.ghostysky.com\/?s={search_term_string}"},"query-input":{"@type":"PropertyValueSpecification","valueRequired":true,"valueName":"search_term_string"}}],"inLanguage":"es"},{"@type":"Organization","@id":"https:\/\/www.ghostysky.com\/#organization","name":"Ghostysky","url":"https:\/\/www.ghostysky.com\/","logo":{"@type":"ImageObject","inLanguage":"es","@id":"https:\/\/www.ghostysky.com\/#\/schema\/logo\/image\/","url":"https:\/\/www.ghostysky.com\/wp-content\/uploads\/2020\/06\/cropped-ghostyskylogo_text_white2.png","contentUrl":"https:\/\/www.ghostysky.com\/wp-content\/uploads\/2020\/06\/cropped-ghostyskylogo_text_white2.png","width":169,"height":56,"caption":"Ghostysky"},"image":{"@id":"https:\/\/www.ghostysky.com\/#\/schema\/logo\/image\/"},"sameAs":["https:\/\/www.facebook.com\/people\/Ghostysky\/100057676170234\/","https:\/\/x.com\/Gh0stysky","https:\/\/www.linkedin.com\/company\/34739653","https:\/\/www.instagram.com\/gh0stysky"]}]}},"_links":{"self":[{"href":"https:\/\/www.ghostysky.com\/es\/wp-json\/wp\/v2\/product\/23258","targetHints":{"allow":["GET"]}}],"collection":[{"href":"https:\/\/www.ghostysky.com\/es\/wp-json\/wp\/v2\/product"}],"about":[{"href":"https:\/\/www.ghostysky.com\/es\/wp-json\/wp\/v2\/types\/product"}],"replies":[{"embeddable":true,"href":"https:\/\/www.ghostysky.com\/es\/wp-json\/wp\/v2\/comments?post=23258"}],"wp:featuredmedia":[{"embeddable":true,"href":"https:\/\/www.ghostysky.com\/es\/wp-json\/wp\/v2\/media\/23261"}],"wp:attachment":[{"href":"https:\/\/www.ghostysky.com\/es\/wp-json\/wp\/v2\/media?parent=23258"}],"wp:term":[{"taxonomy":"product_brand","embeddable":true,"href":"https:\/\/www.ghostysky.com\/es\/wp-json\/wp\/v2\/product_brand?post=23258"},{"taxonomy":"product_cat","embeddable":true,"href":"https:\/\/www.ghostysky.com\/es\/wp-json\/wp\/v2\/product_cat?post=23258"},{"taxonomy":"product_tag","embeddable":true,"href":"https:\/\/www.ghostysky.com\/es\/wp-json\/wp\/v2\/product_tag?post=23258"}],"curies":[{"name":"wp","href":"https:\/\/api.w.org\/{rel}","templated":true}]}}