{"id":23263,"date":"2025-11-18T12:12:25","date_gmt":"2025-11-18T12:12:25","guid":{"rendered":"https:\/\/www.ghostysky.com\/?post_type=product&#038;p=23263"},"modified":"2025-11-18T12:37:15","modified_gmt":"2025-11-18T12:37:15","slug":"dji-neo-2-digital-transceiver","status":"publish","type":"product","link":"https:\/\/www.ghostysky.com\/es\/product\/dji-neo-2-digital-transceiver\/","title":{"rendered":"Transceptor digital DJI Neo 2"},"content":{"rendered":"<h4>Caracter\u00edsticas clave<\/h4>\n<ul data-path-to-node=\"3\">\n<li>\n<p data-path-to-node=\"3,0,0\"><b><span class=\"citation-35\">Transmisi\u00f3n de v\u00eddeo estable y de baja latencia:<\/span><\/b><span class=\"citation-35 citation-end-35\"> Dise\u00f1ado espec\u00edficamente para el DJI Neo 2, el transceptor proporciona una se\u00f1al de v\u00eddeo en directo clara, fiable y de baja latencia.<sup class=\"superscript\" data-turn-source-index=\"3\">3<\/sup><\/span> <span class=\"citation-34 citation-end-34\">Esto es crucial para un pilotaje preciso y para capturar momentos cr\u00edticos, especialmente al volar con gafas para una experiencia de visi\u00f3n en primera persona (FPV).<\/span><\/p>\n<\/li>\n<li>\n<p data-path-to-node=\"3,1,0\"><b><span class=\"citation-33\">Sistema de transmisi\u00f3n O4:<\/span><\/b><span class=\"citation-33 citation-end-33\"> Una vez instalado, activa todas las capacidades de la tecnolog\u00eda de transmisi\u00f3n de v\u00eddeo O4 de DJI, ampliando significativamente el alcance operativo del dron y mejorando la estabilidad de la se\u00f1al en comparaci\u00f3n con el modo est\u00e1ndar solo Wi-Fi.<\/span><\/p>\n<\/li>\n<li>\n<p data-path-to-node=\"3,2,0\"><b>Compatibilidad con el mando y las gafas:<\/b><span class=\"citation-32\"> Este m\u00f3dulo es necesario para emparejar tu Neo 2 con accesorios compatibles, como el <\/span><b><span class=\"citation-32\">Gafas DJI<\/span><\/b><span class=\"citation-32\"> (como las gafas N3 o las gafas 3) y las <\/span><b><span class=\"citation-32\">Mandos a distancia DJI<\/span><\/b><span class=\"citation-32 citation-end-32\"> (como el RC-N3 o el controlador de movimiento), que te brinda un control de nivel profesional y una perspectiva de vuelo inmersiva.<\/span><\/p>\n<\/li>\n<li>\n<p data-path-to-node=\"3,3,0\"><b><span class=\"citation-31\">Dise\u00f1o ultraligero:<\/span><\/b><span class=\"citation-31\"> Con un peso aproximado <\/span><b><span class=\"citation-31\">9 gramos<\/span><\/b><span class=\"citation-31 citation-end-31\">El transceptor est\u00e1 perfectamente integrado en el dise\u00f1o del Neo 2, a\u00f1adiendo un peso m\u00ednimo para garantizar que el dron siga siendo \u00e1gil y cumpla con las regulaciones locales de menos de 250 g (con protectores de h\u00e9lices instalados).<\/span><\/p>\n<\/li>\n<li>\n<p data-path-to-node=\"3,4,0\"><b><span class=\"citation-30\">Integraci\u00f3n sencilla:<\/span><\/b><span class=\"citation-30 citation-end-30\"> Con un dise\u00f1o plug-and-play, el transceptor se acopla directamente a la parte posterior de tu DJI Neo 2 para una conexi\u00f3n r\u00e1pida y segura.<\/span><\/p>\n<\/li>\n<\/ul>\n<h4>Especificaciones de un vistazo<\/h4>\n<table data-path-to-node=\"5\">\n<thead>\n<tr>\n<td><strong>Caracter\u00edstica<\/strong><\/td>\n<td><strong>Detalle<\/strong><\/td>\n<\/tr>\n<\/thead>\n<tbody>\n<tr>\n<td data-path-to-node=\"5,1,0,0\"><b>Compatibilidad<\/b><\/td>\n<td data-path-to-node=\"5,1,1,0\">Dron DJI Neo 2<\/td>\n<\/tr>\n<tr>\n<td data-path-to-node=\"5,2,0,0\"><b>Funci\u00f3n<\/b><\/td>\n<td data-path-to-node=\"5,2,1,0\">Transmisi\u00f3n estable de v\u00eddeo y datos digitales<\/td>\n<\/tr>\n<tr>\n<td data-path-to-node=\"5,3,0,0\"><b>Sistema de transmisi\u00f3n<\/b><\/td>\n<td data-path-to-node=\"5,3,1,0\">O4 (Permite el uso de mandos a distancia\/gafas compatibles con O4)<\/td>\n<\/tr>\n<tr>\n<td data-path-to-node=\"5,4,0,0\"><b>Dimensiones (L\u00d7A\u00d7H)<\/b><\/td>\n<td data-path-to-node=\"5,4,1,0\"><span class=\"math-inline\" data-math=\"44.6 \\times 27 \\times 44.6 \\text{ mm}\">44,6 x 27 x 44,6 mm<\/span><\/td>\n<\/tr>\n<tr>\n<td data-path-to-node=\"5,5,0,0\"><b>Peso<\/b><\/td>\n<td data-path-to-node=\"5,5,1,0\">Aprox. <span class=\"math-inline\" data-math=\"9 \\text{ g}\">9 g<\/span><\/td>\n<\/tr>\n<tr>\n<td data-path-to-node=\"5,6,0,0\"><b>Montaje<\/b><\/td>\n<td data-path-to-node=\"5,6,1,0\">Conexi\u00f3n directa al dron<\/td>\n<\/tr>\n<\/tbody>\n<\/table>\n<p data-path-to-node=\"6\"><span class=\"citation-29 citation-end-29\">El transceptor digital DJI Neo 2 es un accesorio indispensable para los pilotos que buscan lograr el m\u00e1ximo alcance, capacidad de respuesta y fidelidad de control con su DJI Neo 2.<\/span><\/p>","protected":false},"excerpt":{"rendered":"<p data-path-to-node=\"1\"><span class=\"citation-37 interactive-span-hovered\">El <\/span><b><span class=\"citation-37 interactive-span-hovered\">Transceptor digital DJI Neo 2<\/span><\/b><span class=\"citation-37 citation-end-37 interactive-span-hovered\"> Es el componente adicional esencial dise\u00f1ado para mejorar dr\u00e1sticamente el rendimiento y la experiencia de control de tu dron DJI Neo 2.<\/span> <span class=\"citation-36 citation-end-36\">Ligero, compacto y potente, este transceptor es la clave para desbloquear una transmisi\u00f3n de v\u00eddeo estable, de baja latencia y de largo alcance, elevando tu vuelo desde simples capturas hasta un control inmersivo.<\/span><\/p>","protected":false},"featured_media":23266,"comment_status":"open","ping_status":"closed","template":"","meta":[],"product_brand":[1031],"product_cat":[752,29,1290,1291],"product_tag":[1300,42,1293],"class_list":{"0":"post-23263","1":"product","2":"type-product","3":"status-publish","4":"has-post-thumbnail","6":"product_brand-dji","7":"product_cat-aerial-photography","8":"product_cat-drones","9":"product_cat-neo-2","10":"product_cat-neo-2-accessories","11":"product_tag-digital-transceiver","12":"product_tag-dji","13":"product_tag-dji-neo-2","15":"first","16":"outofstock","17":"taxable","18":"shipping-taxable","19":"purchasable","20":"product-type-simple"},"yoast_head":"<!-- This site is optimized with the Yoast SEO plugin v27.1.1 - https:\/\/yoast.com\/product\/yoast-seo-wordpress\/ -->\n<title>DJI Neo 2 Digital Transceiver - Ghostysky<\/title>\n<meta name=\"description\" content=\"The DJI Neo 2 Digital Transceiver is the essential add-on component designed to dramatically enhance the performance and control experience of your DJI Neo 2 drone. Light, compact, and powerful, this transceiver is the key to unlocking stable, low-latency, and long-range video transmission, elevating your flying from simple captures to immersive control.\" \/>\n<meta name=\"robots\" content=\"index, follow, max-snippet:-1, max-image-preview:large, max-video-preview:-1\" \/>\n<link rel=\"canonical\" href=\"https:\/\/www.ghostysky.com\/es\/producto-2\/dji-neo-2-digital-transceiver\/\" \/>\n<meta property=\"og:locale\" content=\"es_ES\" \/>\n<meta property=\"og:type\" content=\"article\" \/>\n<meta property=\"og:title\" content=\"DJI Neo 2 Digital Transceiver - Ghostysky\" \/>\n<meta property=\"og:description\" content=\"The DJI Neo 2 Digital Transceiver is the essential add-on component designed to dramatically enhance the performance and control experience of your DJI Neo 2 drone. Light, compact, and powerful, this transceiver is the key to unlocking stable, low-latency, and long-range video transmission, elevating your flying from simple captures to immersive control.\" \/>\n<meta property=\"og:url\" content=\"https:\/\/www.ghostysky.com\/es\/producto-2\/dji-neo-2-digital-transceiver\/\" \/>\n<meta property=\"og:site_name\" content=\"Ghostysky\" \/>\n<meta property=\"article:publisher\" content=\"https:\/\/www.facebook.com\/people\/Ghostysky\/100057676170234\/\" \/>\n<meta property=\"article:modified_time\" content=\"2025-11-18T12:37:15+00:00\" \/>\n<meta property=\"og:image\" content=\"https:\/\/www.ghostysky.com\/wp-content\/uploads\/2025\/11\/GHDJI-Neo-2-Digital-Transceiver_1.jpg\" \/>\n\t<meta property=\"og:image:width\" content=\"800\" \/>\n\t<meta property=\"og:image:height\" content=\"800\" \/>\n\t<meta property=\"og:image:type\" content=\"image\/jpeg\" \/>\n<meta name=\"twitter:card\" content=\"summary_large_image\" \/>\n<meta name=\"twitter:site\" content=\"@Gh0stysky\" \/>\n<meta name=\"twitter:label1\" content=\"Tiempo de lectura\" \/>\n\t<meta name=\"twitter:data1\" content=\"2 minutos\" \/>\n<script type=\"application\/ld+json\" class=\"yoast-schema-graph\">{\"@context\":\"https:\/\/schema.org\",\"@graph\":[{\"@type\":\"WebPage\",\"@id\":\"https:\/\/www.ghostysky.com\/product\/dji-neo-2-digital-transceiver\/\",\"url\":\"https:\/\/www.ghostysky.com\/product\/dji-neo-2-digital-transceiver\/\",\"name\":\"DJI Neo 2 Digital Transceiver - Ghostysky\",\"isPartOf\":{\"@id\":\"https:\/\/www.ghostysky.com\/#website\"},\"primaryImageOfPage\":{\"@id\":\"https:\/\/www.ghostysky.com\/product\/dji-neo-2-digital-transceiver\/#primaryimage\"},\"image\":{\"@id\":\"https:\/\/www.ghostysky.com\/product\/dji-neo-2-digital-transceiver\/#primaryimage\"},\"thumbnailUrl\":\"https:\/\/www.ghostysky.com\/wp-content\/uploads\/2025\/11\/GHDJI-Neo-2-Digital-Transceiver_1.jpg\",\"datePublished\":\"2025-11-18T12:12:25+00:00\",\"dateModified\":\"2025-11-18T12:37:15+00:00\",\"description\":\"The DJI Neo 2 Digital Transceiver is the essential add-on component designed to dramatically enhance the performance and control experience of your DJI Neo 2 drone. Light, compact, and powerful, this transceiver is the key to unlocking stable, low-latency, and long-range video transmission, elevating your flying from simple captures to immersive control.\",\"breadcrumb\":{\"@id\":\"https:\/\/www.ghostysky.com\/product\/dji-neo-2-digital-transceiver\/#breadcrumb\"},\"inLanguage\":\"es\",\"potentialAction\":[{\"@type\":\"ReadAction\",\"target\":[\"https:\/\/www.ghostysky.com\/product\/dji-neo-2-digital-transceiver\/\"]}]},{\"@type\":\"ImageObject\",\"inLanguage\":\"es\",\"@id\":\"https:\/\/www.ghostysky.com\/product\/dji-neo-2-digital-transceiver\/#primaryimage\",\"url\":\"https:\/\/www.ghostysky.com\/wp-content\/uploads\/2025\/11\/GHDJI-Neo-2-Digital-Transceiver_1.jpg\",\"contentUrl\":\"https:\/\/www.ghostysky.com\/wp-content\/uploads\/2025\/11\/GHDJI-Neo-2-Digital-Transceiver_1.jpg\",\"width\":800,\"height\":800},{\"@type\":\"BreadcrumbList\",\"@id\":\"https:\/\/www.ghostysky.com\/product\/dji-neo-2-digital-transceiver\/#breadcrumb\",\"itemListElement\":[{\"@type\":\"ListItem\",\"position\":1,\"name\":\"Home\",\"item\":\"https:\/\/www.ghostysky.com\/\"},{\"@type\":\"ListItem\",\"position\":2,\"name\":\"Shop\",\"item\":\"https:\/\/www.ghostysky.com\/shop\/\"},{\"@type\":\"ListItem\",\"position\":3,\"name\":\"DJI Neo 2 Digital Transceiver\"}]},{\"@type\":\"WebSite\",\"@id\":\"https:\/\/www.ghostysky.com\/#website\",\"url\":\"https:\/\/www.ghostysky.com\/\",\"name\":\"Ghostysky\",\"description\":\"Delivering professional drones and services\",\"publisher\":{\"@id\":\"https:\/\/www.ghostysky.com\/#organization\"},\"potentialAction\":[{\"@type\":\"SearchAction\",\"target\":{\"@type\":\"EntryPoint\",\"urlTemplate\":\"https:\/\/www.ghostysky.com\/?s={search_term_string}\"},\"query-input\":{\"@type\":\"PropertyValueSpecification\",\"valueRequired\":true,\"valueName\":\"search_term_string\"}}],\"inLanguage\":\"es\"},{\"@type\":\"Organization\",\"@id\":\"https:\/\/www.ghostysky.com\/#organization\",\"name\":\"Ghostysky\",\"url\":\"https:\/\/www.ghostysky.com\/\",\"logo\":{\"@type\":\"ImageObject\",\"inLanguage\":\"es\",\"@id\":\"https:\/\/www.ghostysky.com\/#\/schema\/logo\/image\/\",\"url\":\"https:\/\/www.ghostysky.com\/wp-content\/uploads\/2020\/06\/cropped-ghostyskylogo_text_white2.png\",\"contentUrl\":\"https:\/\/www.ghostysky.com\/wp-content\/uploads\/2020\/06\/cropped-ghostyskylogo_text_white2.png\",\"width\":169,\"height\":56,\"caption\":\"Ghostysky\"},\"image\":{\"@id\":\"https:\/\/www.ghostysky.com\/#\/schema\/logo\/image\/\"},\"sameAs\":[\"https:\/\/www.facebook.com\/people\/Ghostysky\/100057676170234\/\",\"https:\/\/x.com\/Gh0stysky\",\"https:\/\/www.linkedin.com\/company\/34739653\",\"https:\/\/www.instagram.com\/gh0stysky\"]}]}<\/script>\n<!-- \/ Yoast SEO plugin. -->","yoast_head_json":{"title":"Transceptor digital DJI Neo 2 - Ghostysky","description":"El transceptor digital DJI Neo 2 es el componente adicional esencial dise\u00f1ado para mejorar dr\u00e1sticamente el rendimiento y la experiencia de control de tu dron DJI Neo 2. Ligero, compacto y potente, este transceptor es la clave para lograr una transmisi\u00f3n de video estable, de baja latencia y largo alcance, llevando tu vuelo desde simples capturas hasta un control inmersivo.","robots":{"index":"index","follow":"follow","max-snippet":"max-snippet:-1","max-image-preview":"max-image-preview:large","max-video-preview":"max-video-preview:-1"},"canonical":"https:\/\/www.ghostysky.com\/es\/producto-2\/dji-neo-2-digital-transceiver\/","og_locale":"es_ES","og_type":"article","og_title":"DJI Neo 2 Digital Transceiver - Ghostysky","og_description":"The DJI Neo 2 Digital Transceiver is the essential add-on component designed to dramatically enhance the performance and control experience of your DJI Neo 2 drone. Light, compact, and powerful, this transceiver is the key to unlocking stable, low-latency, and long-range video transmission, elevating your flying from simple captures to immersive control.","og_url":"https:\/\/www.ghostysky.com\/es\/producto-2\/dji-neo-2-digital-transceiver\/","og_site_name":"Ghostysky","article_publisher":"https:\/\/www.facebook.com\/people\/Ghostysky\/100057676170234\/","article_modified_time":"2025-11-18T12:37:15+00:00","og_image":[{"width":800,"height":800,"url":"https:\/\/www.ghostysky.com\/wp-content\/uploads\/2025\/11\/GHDJI-Neo-2-Digital-Transceiver_1.jpg","type":"image\/jpeg"}],"twitter_card":"summary_large_image","twitter_site":"@Gh0stysky","twitter_misc":{"Tiempo de lectura":"2 minutos"},"schema":{"@context":"https:\/\/schema.org","@graph":[{"@type":"WebPage","@id":"https:\/\/www.ghostysky.com\/product\/dji-neo-2-digital-transceiver\/","url":"https:\/\/www.ghostysky.com\/product\/dji-neo-2-digital-transceiver\/","name":"Transceptor digital DJI Neo 2 - Ghostysky","isPartOf":{"@id":"https:\/\/www.ghostysky.com\/#website"},"primaryImageOfPage":{"@id":"https:\/\/www.ghostysky.com\/product\/dji-neo-2-digital-transceiver\/#primaryimage"},"image":{"@id":"https:\/\/www.ghostysky.com\/product\/dji-neo-2-digital-transceiver\/#primaryimage"},"thumbnailUrl":"https:\/\/www.ghostysky.com\/wp-content\/uploads\/2025\/11\/GHDJI-Neo-2-Digital-Transceiver_1.jpg","datePublished":"2025-11-18T12:12:25+00:00","dateModified":"2025-11-18T12:37:15+00:00","description":"El transceptor digital DJI Neo 2 es el componente adicional esencial dise\u00f1ado para mejorar dr\u00e1sticamente el rendimiento y la experiencia de control de tu dron DJI Neo 2. Ligero, compacto y potente, este transceptor es la clave para lograr una transmisi\u00f3n de video estable, de baja latencia y largo alcance, llevando tu vuelo desde simples capturas hasta un control inmersivo.","breadcrumb":{"@id":"https:\/\/www.ghostysky.com\/product\/dji-neo-2-digital-transceiver\/#breadcrumb"},"inLanguage":"es","potentialAction":[{"@type":"ReadAction","target":["https:\/\/www.ghostysky.com\/product\/dji-neo-2-digital-transceiver\/"]}]},{"@type":"ImageObject","inLanguage":"es","@id":"https:\/\/www.ghostysky.com\/product\/dji-neo-2-digital-transceiver\/#primaryimage","url":"https:\/\/www.ghostysky.com\/wp-content\/uploads\/2025\/11\/GHDJI-Neo-2-Digital-Transceiver_1.jpg","contentUrl":"https:\/\/www.ghostysky.com\/wp-content\/uploads\/2025\/11\/GHDJI-Neo-2-Digital-Transceiver_1.jpg","width":800,"height":800},{"@type":"BreadcrumbList","@id":"https:\/\/www.ghostysky.com\/product\/dji-neo-2-digital-transceiver\/#breadcrumb","itemListElement":[{"@type":"ListItem","position":1,"name":"Home","item":"https:\/\/www.ghostysky.com\/"},{"@type":"ListItem","position":2,"name":"Shop","item":"https:\/\/www.ghostysky.com\/shop\/"},{"@type":"ListItem","position":3,"name":"DJI Neo 2 Digital Transceiver"}]},{"@type":"WebSite","@id":"https:\/\/www.ghostysky.com\/#website","url":"https:\/\/www.ghostysky.com\/","name":"Ghostysky","description":"Entrega de drones y servicios profesionales","publisher":{"@id":"https:\/\/www.ghostysky.com\/#organization"},"potentialAction":[{"@type":"SearchAction","target":{"@type":"EntryPoint","urlTemplate":"https:\/\/www.ghostysky.com\/?s={search_term_string}"},"query-input":{"@type":"PropertyValueSpecification","valueRequired":true,"valueName":"search_term_string"}}],"inLanguage":"es"},{"@type":"Organization","@id":"https:\/\/www.ghostysky.com\/#organization","name":"Ghostysky","url":"https:\/\/www.ghostysky.com\/","logo":{"@type":"ImageObject","inLanguage":"es","@id":"https:\/\/www.ghostysky.com\/#\/schema\/logo\/image\/","url":"https:\/\/www.ghostysky.com\/wp-content\/uploads\/2020\/06\/cropped-ghostyskylogo_text_white2.png","contentUrl":"https:\/\/www.ghostysky.com\/wp-content\/uploads\/2020\/06\/cropped-ghostyskylogo_text_white2.png","width":169,"height":56,"caption":"Ghostysky"},"image":{"@id":"https:\/\/www.ghostysky.com\/#\/schema\/logo\/image\/"},"sameAs":["https:\/\/www.facebook.com\/people\/Ghostysky\/100057676170234\/","https:\/\/x.com\/Gh0stysky","https:\/\/www.linkedin.com\/company\/34739653","https:\/\/www.instagram.com\/gh0stysky"]}]}},"_links":{"self":[{"href":"https:\/\/www.ghostysky.com\/es\/wp-json\/wp\/v2\/product\/23263","targetHints":{"allow":["GET"]}}],"collection":[{"href":"https:\/\/www.ghostysky.com\/es\/wp-json\/wp\/v2\/product"}],"about":[{"href":"https:\/\/www.ghostysky.com\/es\/wp-json\/wp\/v2\/types\/product"}],"replies":[{"embeddable":true,"href":"https:\/\/www.ghostysky.com\/es\/wp-json\/wp\/v2\/comments?post=23263"}],"wp:featuredmedia":[{"embeddable":true,"href":"https:\/\/www.ghostysky.com\/es\/wp-json\/wp\/v2\/media\/23266"}],"wp:attachment":[{"href":"https:\/\/www.ghostysky.com\/es\/wp-json\/wp\/v2\/media?parent=23263"}],"wp:term":[{"taxonomy":"product_brand","embeddable":true,"href":"https:\/\/www.ghostysky.com\/es\/wp-json\/wp\/v2\/product_brand?post=23263"},{"taxonomy":"product_cat","embeddable":true,"href":"https:\/\/www.ghostysky.com\/es\/wp-json\/wp\/v2\/product_cat?post=23263"},{"taxonomy":"product_tag","embeddable":true,"href":"https:\/\/www.ghostysky.com\/es\/wp-json\/wp\/v2\/product_tag?post=23263"}],"curies":[{"name":"wp","href":"https:\/\/api.w.org\/{rel}","templated":true}]}}