{"id":23286,"date":"2025-11-19T08:18:26","date_gmt":"2025-11-19T08:18:26","guid":{"rendered":"https:\/\/www.ghostysky.com\/?post_type=product&#038;p=23286"},"modified":"2025-12-08T13:43:47","modified_gmt":"2025-12-08T13:43:47","slug":"dji-osmo-action-6-adventure-combo","status":"publish","type":"product","link":"https:\/\/www.ghostysky.com\/es\/product\/dji-osmo-action-6-adventure-combo\/","title":{"rendered":"Combo de aventura DJI Osmo Action 6"},"content":{"rendered":"<h4>Caracter\u00edsticas principales de la c\u00e1mara Osmo Action 6<\/h4>\n<ul data-path-to-node=\"3\">\n<li>\n<p data-path-to-node=\"3,0,0\"><b><span class=\"citation-193\">Apertura variable pionera:<\/span><\/b><span class=\"citation-193 citation-end-193\"> Como la primera c\u00e1mara de acci\u00f3n de DJI con apertura variable de <\/span><b><span class=\"math-inline\" data-math=\"f\/2.0 - f\/4.0\">f\/2.0 \u2013 f\/4.0<\/span><\/b><span class=\"citation-192 citation-end-192\">, el Osmo Action 6 ofrece un control de exposici\u00f3n sin precedentes.<\/span> <span class=\"citation-191 citation-end-191\">La amplia <\/span><span class=\"math-inline\" data-math=\"f\/2.0\">f\/2.0<\/span><span class=\"citation-190 citation-end-190\">\u00a0La apertura destaca en condiciones de poca luz, mientras que la m\u00e1s estrecha <\/span><span class=\"math-inline\" data-math=\"f\/4.0\">f\/4.0<\/span><span class=\"citation-189 citation-end-189\">\u00a0Proporciona mayor profundidad de campo y control a plena luz del sol.<\/span><\/p>\n<\/li>\n<li>\n<p data-path-to-node=\"3,1,0\"><b>Nuevo sensor cuadrado de 1\/1,1 pulgadas:<\/b><span class=\"citation-188 citation-end-188\"> Este sensor m\u00e1s grande, con \u00a0<\/span><span class=\"math-inline\" data-math=\"2.4\\ \\mu\\text{m}\">2,4 \u00b5m<\/span><span class=\"citation-187 citation-end-187\"> p\u00edxeles, redefine el rendimiento con poca luz y admite grabaci\u00f3n hasta\u00a0<\/span><b><span class=\"math-inline\" data-math=\"4\\text{K}\/120\\text{fps}\">4K\/120 fps<\/span><\/b><span class=\"citation-186 citation-end-186\"> en un <\/span><span class=\"math-inline\" data-math=\"4:3\">4:3<\/span><span class=\"citation-185 citation-end-185\">\u00a0formato.<\/span><span class=\"citation-184\">El sensor cuadrado permite una incre\u00edble flexibilidad en la postproducci\u00f3n gracias a su innovador dise\u00f1o. <\/span><b><span class=\"citation-184\">Modo personalizado 4K<\/span><\/b><span class=\"citation-184 citation-end-184\">\u2014Graba primero y recorta despu\u00e9s a proporciones de aspecto verticales, horizontales o cuadradas sin perder calidad.<\/span><\/p>\n<\/li>\n<li>\n<p data-path-to-node=\"3,2,0\"><b>Almacenamiento integrado:<\/b><span class=\"citation-183 citation-end-183\"> No te pierdas ni un momento con <\/span><b><span class=\"math-inline\" data-math=\"50\\text{GB}\">50 GB<\/span><\/b><span class=\"citation-182 citation-end-182\"> de almacenamiento interno utilizable, complementado por una ranura para tarjeta microSD para expansi\u00f3n hasta\u00a0<\/span><span class=\"math-inline\" data-math=\"1\\text{TB}\">1 TB<\/span><span class=\"citation-181 citation-end-181\">.<\/span><\/p>\n<\/li>\n<li>\n<p data-path-to-node=\"3,3,0\"><b><span class=\"citation-180\">Estabilizaci\u00f3n inigualable:<\/span><\/b><span class=\"citation-180\"> Graba v\u00eddeos incre\u00edblemente fluidos con el avanzado conjunto de estabilizaci\u00f3n, que incluye <\/span><b><span class=\"citation-180\">RockSteady 3.0\/3.0+<\/span><\/b><span class=\"citation-180\">, <\/span><b><span class=\"citation-180\">HorizonBalancing<\/span><\/b><span class=\"citation-180 citation-end-180\"> (corrige la inclinaci\u00f3n hasta\u00a0<\/span><span class=\"math-inline\" data-math=\"\\pm 45^\\circ\">+- 45\u00ba<\/span><span class=\"citation-179\">), y <\/span><b><span class=\"citation-179\">Horizonte constante<\/span><\/b><span class=\"citation-179 citation-end-179\"> (mantiene la grabaci\u00f3n perfectamente nivelada, incluso durante <\/span><span class=\"math-inline\" data-math=\"360^\\circ\">360\u00ba<\/span><span class=\"citation-178 citation-end-178\"> rotaciones).<\/span><\/p>\n<\/li>\n<li>\n<p data-path-to-node=\"3,4,0\"><b><span class=\"citation-177\">Dise\u00f1ado para condiciones extremas:<\/span><\/b><span class=\"citation-177\"> El dise\u00f1o robusto es <\/span><b><span class=\"citation-177 citation-end-177\">resistente al agua hasta <\/span><span class=\"math-inline\" data-math=\"20\\text{m}\">20 metros<\/span><\/b><span class=\"citation-176\">\u00a0(sin estuche) y <\/span><b><span class=\"citation-176\">resistente al fr\u00edo<\/span><\/b><span class=\"citation-176 citation-end-176\"> con funcionamiento estable hasta <\/span><span class=\"math-inline\" data-math=\"-20^\\circ\\text{C}\">-20 \u00b0C <\/span><span class=\"citation-175 citation-end-175\">(<\/span><span class=\"math-inline\" data-math=\"-4^\\circ\\text{F}\">-4 \u00b0F<\/span><span class=\"citation-174 citation-end-174\">), perfecto para deportes de invierno y buceo.<\/span><\/p>\n<\/li>\n<li>\n<p data-path-to-node=\"3,5,0\"><b>Duraci\u00f3n prolongada de la bater\u00eda:<\/b><span class=\"citation-173\"> La c\u00e1mara <\/span><b><span class=\"citation-173\">Bater\u00eda extrema Plus<\/span><\/b><span class=\"citation-173\"> ofrece hasta <\/span><b><span class=\"citation-173\">240 minutos<\/span><\/b><span class=\"citation-173 citation-end-173\"> de tiempo de grabaci\u00f3n y admite carga r\u00e1pida, alcanzando <\/span><span class=\"math-inline\" data-math=\"80\\%\">80%<\/span><span class=\"citation-172 citation-end-172\">\u00a0En tan solo 22 minutos.<\/span><\/p>\n<\/li>\n<li>\n<p data-path-to-node=\"3,6,0\"><b><span class=\"citation-171\">Audio y pantalla profesionales:<\/span><\/b><span class=\"citation-171\"> Caracter\u00edsticas <\/span><b><span class=\"citation-171\">Conexi\u00f3n directa de micr\u00f3fono OsmoAudio\u2122<\/span><\/b><span class=\"citation-171\"> para audio inal\u00e1mbrico de alta calidad y brillante y con buena respuesta <\/span><b><span class=\"citation-171\">pantallas t\u00e1ctiles OLED duales<\/span><\/b><span class=\"citation-171 citation-end-171\"> (1,46 pulgadas delante, 2,5 pulgadas detr\u00e1s) para una monitorizaci\u00f3n y control claros.<\/span><\/p>\n<\/li>\n<\/ul>\n<h4>Inclusiones del Combo Aventura<\/h4>\n<p data-path-to-node=\"5\"><span class=\"citation-170 citation-end-170\">El Adventure Combo es el paquete definitivo de potencia y versatilidad, que incluye todo lo del combo est\u00e1ndar m\u00e1s accesorios esenciales para largas sesiones de tiro y actividades variadas:<\/span><\/p>\n<ul data-path-to-node=\"6\">\n<li>\n<p data-path-to-node=\"6,0,0\"><b>C\u00e1mara DJI Osmo Action 6<\/b><\/p>\n<\/li>\n<li>\n<p data-path-to-node=\"6,1,0\"><b><span class=\"citation-169 citation-end-169\">3\u00a0<\/span><span class=\"math-inline\" data-math=\"\\times\">inc\u00f3gnita<\/span><span class=\"citation-168\"> Bater\u00eda Osmo Action Extreme Plus (1950 mAh)<\/span><\/b><span class=\"citation-168\"> \u2013 <\/span><i><span class=\"citation-168 citation-end-168\">Triplica la potencia para disparar durante todo el d\u00eda.<\/span><\/i><\/p>\n<\/li>\n<li>\n<p data-path-to-node=\"6,2,0\"><b><span class=\"citation-167\">Estuche multifuncional para bater\u00edas Osmo 3<\/span><\/b><span class=\"citation-167\"> \u2013 <\/span><i><span class=\"citation-167 citation-end-167\">Cargue las tres bater\u00edas simult\u00e1neamente.<\/span><\/i><\/p>\n<\/li>\n<li>\n<p data-path-to-node=\"6,3,0\"><b><span class=\"citation-166 citation-end-166\">Osmo <\/span><span class=\"math-inline\" data-math=\"1.5\\text{m}\">1,5 m<\/span><span class=\"citation-165\">\u00a0Varilla de extensi\u00f3n<\/span><\/b><span class=\"citation-165\"> \u2013 <\/span><i><span class=\"citation-165 citation-end-165\">Funciona a la vez como palo selfie y tr\u00edpode para una gran versatilidad de encuadre.<\/span><\/i><\/p>\n<\/li>\n<li>\n<p data-path-to-node=\"6,4,0\"><b><span class=\"citation-164 citation-end-164\">2\u00a0<\/span><span class=\"math-inline\" data-math=\"\\times\">inc\u00f3gnita<\/span><span class=\"citation-163\"> Soporte adaptador de liberaci\u00f3n r\u00e1pida bidireccional Osmo<\/span><\/b><\/p>\n<\/li>\n<li>\n<p data-path-to-node=\"6,5,0\"><b><span class=\"citation-162 citation-end-162\">2\u00a0<\/span><span class=\"math-inline\" data-math=\"\\times\">inc\u00f3gnita<\/span><span class=\"citation-161\"> Tornillo de bloqueo Osmo<\/span><\/b><\/p>\n<\/li>\n<li>\n<p data-path-to-node=\"6,6,0\"><b><span class=\"citation-160 citation-end-160\">Base adhesiva curva Osmo Action<\/span><\/b><\/p>\n<\/li>\n<li>\n<p data-path-to-node=\"6,7,0\"><b><span class=\"citation-159 citation-end-159\">Cable USB-C a USB-C PD<\/span><\/b><\/p>\n<\/li>\n<li>\n<p data-path-to-node=\"6,8,0\"><b><span class=\"citation-158 citation-end-158\">Almohadilla antideslizante Osmo Action<\/span><\/b><\/p>\n<\/li>\n<\/ul>\n<p data-path-to-node=\"7\">El <b>Combo de aventura DJI Osmo Action 6<\/b> Te proporciona las herramientas, la potencia y la tecnolog\u00eda de imagen necesarias para capturar tus momentos m\u00e1s emocionantes con calidad cinematogr\u00e1fica y una fiabilidad excepcional.<\/p>","protected":false},"excerpt":{"rendered":"<p>El <b>Combo de aventura DJI Osmo Action 6<\/b> Es el paquete de c\u00e1mara de acci\u00f3n insignia dise\u00f1ado para creadores que exigen calidad de imagen profesional, mayor autonom\u00eda y un completo conjunto de accesorios listos para usar. Graba durante m\u00e1s tiempo y llega m\u00e1s lejos con este sistema vers\u00e1til, resistente y repleto de funciones.<\/p>","protected":false},"featured_media":23289,"comment_status":"open","ping_status":"closed","template":"","meta":[],"product_brand":[1031],"product_cat":[37,1301,1302,29],"product_tag":[42,1303,1304],"class_list":{"0":"post-23286","1":"product","2":"type-product","3":"status-publish","4":"has-post-thumbnail","6":"product_brand-dji","7":"product_cat-dji","8":"product_cat-dji-handled","9":"product_cat-dji-osmo-action-6","10":"product_cat-drones","11":"product_tag-dji","12":"product_tag-osmo-action-6","13":"product_tag-osmo-action-6-camera","15":"first","16":"onbackorder","17":"taxable","18":"shipping-taxable","19":"purchasable","20":"product-type-simple"},"yoast_head":"<!-- This site is optimized with the Yoast SEO plugin v27.1.1 - https:\/\/yoast.com\/product\/yoast-seo-wordpress\/ -->\n<title>DJI Osmo Action 6 Adventure Combo - Ghostysky<\/title>\n<meta name=\"description\" content=\"The DJI Osmo Action 6 Adventure Combo is the flagship action camera package designed for creators who demand professional-grade image quality, extended power, and a comprehensive set of accessories right out of the box. Go further and shoot longer with this versatile, rugged, and feature-rich system.\" \/>\n<meta name=\"robots\" content=\"index, follow, max-snippet:-1, max-image-preview:large, max-video-preview:-1\" \/>\n<link rel=\"canonical\" href=\"https:\/\/www.ghostysky.com\/es\/producto-2\/dji-osmo-action-6-adventure-combo\/\" \/>\n<meta property=\"og:locale\" content=\"es_ES\" \/>\n<meta property=\"og:type\" content=\"article\" \/>\n<meta property=\"og:title\" content=\"DJI Osmo Action 6 Adventure Combo - Ghostysky\" \/>\n<meta property=\"og:description\" content=\"The DJI Osmo Action 6 Adventure Combo is the flagship action camera package designed for creators who demand professional-grade image quality, extended power, and a comprehensive set of accessories right out of the box. Go further and shoot longer with this versatile, rugged, and feature-rich system.\" \/>\n<meta property=\"og:url\" content=\"https:\/\/www.ghostysky.com\/es\/producto-2\/dji-osmo-action-6-adventure-combo\/\" \/>\n<meta property=\"og:site_name\" content=\"Ghostysky\" \/>\n<meta property=\"article:publisher\" content=\"https:\/\/www.facebook.com\/people\/Ghostysky\/100057676170234\/\" \/>\n<meta property=\"article:modified_time\" content=\"2025-12-08T13:43:47+00:00\" \/>\n<meta property=\"og:image\" content=\"https:\/\/www.ghostysky.com\/wp-content\/uploads\/2025\/11\/GH_DJI-Osmo-Action-6-Adventure-Combo_1.jpg\" \/>\n\t<meta property=\"og:image:width\" content=\"800\" \/>\n\t<meta property=\"og:image:height\" content=\"800\" \/>\n\t<meta property=\"og:image:type\" content=\"image\/jpeg\" \/>\n<meta name=\"twitter:card\" content=\"summary_large_image\" \/>\n<meta name=\"twitter:site\" content=\"@Gh0stysky\" \/>\n<meta name=\"twitter:label1\" content=\"Tiempo de lectura\" \/>\n\t<meta name=\"twitter:data1\" content=\"2 minutos\" \/>\n<script type=\"application\/ld+json\" class=\"yoast-schema-graph\">{\"@context\":\"https:\/\/schema.org\",\"@graph\":[{\"@type\":\"WebPage\",\"@id\":\"https:\/\/www.ghostysky.com\/product\/dji-osmo-action-6-adventure-combo\/\",\"url\":\"https:\/\/www.ghostysky.com\/product\/dji-osmo-action-6-adventure-combo\/\",\"name\":\"DJI Osmo Action 6 Adventure Combo - Ghostysky\",\"isPartOf\":{\"@id\":\"https:\/\/www.ghostysky.com\/#website\"},\"primaryImageOfPage\":{\"@id\":\"https:\/\/www.ghostysky.com\/product\/dji-osmo-action-6-adventure-combo\/#primaryimage\"},\"image\":{\"@id\":\"https:\/\/www.ghostysky.com\/product\/dji-osmo-action-6-adventure-combo\/#primaryimage\"},\"thumbnailUrl\":\"https:\/\/www.ghostysky.com\/wp-content\/uploads\/2025\/11\/GH_DJI-Osmo-Action-6-Adventure-Combo_1.jpg\",\"datePublished\":\"2025-11-19T08:18:26+00:00\",\"dateModified\":\"2025-12-08T13:43:47+00:00\",\"description\":\"The DJI Osmo Action 6 Adventure Combo is the flagship action camera package designed for creators who demand professional-grade image quality, extended power, and a comprehensive set of accessories right out of the box. Go further and shoot longer with this versatile, rugged, and feature-rich system.\",\"breadcrumb\":{\"@id\":\"https:\/\/www.ghostysky.com\/product\/dji-osmo-action-6-adventure-combo\/#breadcrumb\"},\"inLanguage\":\"es\",\"potentialAction\":[{\"@type\":\"ReadAction\",\"target\":[\"https:\/\/www.ghostysky.com\/product\/dji-osmo-action-6-adventure-combo\/\"]}]},{\"@type\":\"ImageObject\",\"inLanguage\":\"es\",\"@id\":\"https:\/\/www.ghostysky.com\/product\/dji-osmo-action-6-adventure-combo\/#primaryimage\",\"url\":\"https:\/\/www.ghostysky.com\/wp-content\/uploads\/2025\/11\/GH_DJI-Osmo-Action-6-Adventure-Combo_1.jpg\",\"contentUrl\":\"https:\/\/www.ghostysky.com\/wp-content\/uploads\/2025\/11\/GH_DJI-Osmo-Action-6-Adventure-Combo_1.jpg\",\"width\":800,\"height\":800},{\"@type\":\"BreadcrumbList\",\"@id\":\"https:\/\/www.ghostysky.com\/product\/dji-osmo-action-6-adventure-combo\/#breadcrumb\",\"itemListElement\":[{\"@type\":\"ListItem\",\"position\":1,\"name\":\"Home\",\"item\":\"https:\/\/www.ghostysky.com\/\"},{\"@type\":\"ListItem\",\"position\":2,\"name\":\"Shop\",\"item\":\"https:\/\/www.ghostysky.com\/shop\/\"},{\"@type\":\"ListItem\",\"position\":3,\"name\":\"DJI Osmo Action 6 Adventure Combo\"}]},{\"@type\":\"WebSite\",\"@id\":\"https:\/\/www.ghostysky.com\/#website\",\"url\":\"https:\/\/www.ghostysky.com\/\",\"name\":\"Ghostysky\",\"description\":\"Delivering professional drones and services\",\"publisher\":{\"@id\":\"https:\/\/www.ghostysky.com\/#organization\"},\"potentialAction\":[{\"@type\":\"SearchAction\",\"target\":{\"@type\":\"EntryPoint\",\"urlTemplate\":\"https:\/\/www.ghostysky.com\/?s={search_term_string}\"},\"query-input\":{\"@type\":\"PropertyValueSpecification\",\"valueRequired\":true,\"valueName\":\"search_term_string\"}}],\"inLanguage\":\"es\"},{\"@type\":\"Organization\",\"@id\":\"https:\/\/www.ghostysky.com\/#organization\",\"name\":\"Ghostysky\",\"url\":\"https:\/\/www.ghostysky.com\/\",\"logo\":{\"@type\":\"ImageObject\",\"inLanguage\":\"es\",\"@id\":\"https:\/\/www.ghostysky.com\/#\/schema\/logo\/image\/\",\"url\":\"https:\/\/www.ghostysky.com\/wp-content\/uploads\/2020\/06\/cropped-ghostyskylogo_text_white2.png\",\"contentUrl\":\"https:\/\/www.ghostysky.com\/wp-content\/uploads\/2020\/06\/cropped-ghostyskylogo_text_white2.png\",\"width\":169,\"height\":56,\"caption\":\"Ghostysky\"},\"image\":{\"@id\":\"https:\/\/www.ghostysky.com\/#\/schema\/logo\/image\/\"},\"sameAs\":[\"https:\/\/www.facebook.com\/people\/Ghostysky\/100057676170234\/\",\"https:\/\/x.com\/Gh0stysky\",\"https:\/\/www.linkedin.com\/company\/34739653\",\"https:\/\/www.instagram.com\/gh0stysky\"]}]}<\/script>\n<!-- \/ Yoast SEO plugin. -->","yoast_head_json":{"title":"DJI Osmo Action 6 Adventure Combo - Ghostysky","description":"El DJI Osmo Action 6 Adventure Combo es el paquete insignia de c\u00e1mara de acci\u00f3n dise\u00f1ado para creadores que exigen calidad de imagen profesional, mayor autonom\u00eda y un completo conjunto de accesorios listos para usar. Graba durante m\u00e1s tiempo y llega m\u00e1s lejos con este sistema vers\u00e1til, resistente y repleto de funciones.","robots":{"index":"index","follow":"follow","max-snippet":"max-snippet:-1","max-image-preview":"max-image-preview:large","max-video-preview":"max-video-preview:-1"},"canonical":"https:\/\/www.ghostysky.com\/es\/producto-2\/dji-osmo-action-6-adventure-combo\/","og_locale":"es_ES","og_type":"article","og_title":"DJI Osmo Action 6 Adventure Combo - Ghostysky","og_description":"The DJI Osmo Action 6 Adventure Combo is the flagship action camera package designed for creators who demand professional-grade image quality, extended power, and a comprehensive set of accessories right out of the box. Go further and shoot longer with this versatile, rugged, and feature-rich system.","og_url":"https:\/\/www.ghostysky.com\/es\/producto-2\/dji-osmo-action-6-adventure-combo\/","og_site_name":"Ghostysky","article_publisher":"https:\/\/www.facebook.com\/people\/Ghostysky\/100057676170234\/","article_modified_time":"2025-12-08T13:43:47+00:00","og_image":[{"width":800,"height":800,"url":"https:\/\/www.ghostysky.com\/wp-content\/uploads\/2025\/11\/GH_DJI-Osmo-Action-6-Adventure-Combo_1.jpg","type":"image\/jpeg"}],"twitter_card":"summary_large_image","twitter_site":"@Gh0stysky","twitter_misc":{"Tiempo de lectura":"2 minutos"},"schema":{"@context":"https:\/\/schema.org","@graph":[{"@type":"WebPage","@id":"https:\/\/www.ghostysky.com\/product\/dji-osmo-action-6-adventure-combo\/","url":"https:\/\/www.ghostysky.com\/product\/dji-osmo-action-6-adventure-combo\/","name":"DJI Osmo Action 6 Adventure Combo - Ghostysky","isPartOf":{"@id":"https:\/\/www.ghostysky.com\/#website"},"primaryImageOfPage":{"@id":"https:\/\/www.ghostysky.com\/product\/dji-osmo-action-6-adventure-combo\/#primaryimage"},"image":{"@id":"https:\/\/www.ghostysky.com\/product\/dji-osmo-action-6-adventure-combo\/#primaryimage"},"thumbnailUrl":"https:\/\/www.ghostysky.com\/wp-content\/uploads\/2025\/11\/GH_DJI-Osmo-Action-6-Adventure-Combo_1.jpg","datePublished":"2025-11-19T08:18:26+00:00","dateModified":"2025-12-08T13:43:47+00:00","description":"El DJI Osmo Action 6 Adventure Combo es el paquete insignia de c\u00e1mara de acci\u00f3n dise\u00f1ado para creadores que exigen calidad de imagen profesional, mayor autonom\u00eda y un completo conjunto de accesorios listos para usar. Graba durante m\u00e1s tiempo y llega m\u00e1s lejos con este sistema vers\u00e1til, resistente y repleto de funciones.","breadcrumb":{"@id":"https:\/\/www.ghostysky.com\/product\/dji-osmo-action-6-adventure-combo\/#breadcrumb"},"inLanguage":"es","potentialAction":[{"@type":"ReadAction","target":["https:\/\/www.ghostysky.com\/product\/dji-osmo-action-6-adventure-combo\/"]}]},{"@type":"ImageObject","inLanguage":"es","@id":"https:\/\/www.ghostysky.com\/product\/dji-osmo-action-6-adventure-combo\/#primaryimage","url":"https:\/\/www.ghostysky.com\/wp-content\/uploads\/2025\/11\/GH_DJI-Osmo-Action-6-Adventure-Combo_1.jpg","contentUrl":"https:\/\/www.ghostysky.com\/wp-content\/uploads\/2025\/11\/GH_DJI-Osmo-Action-6-Adventure-Combo_1.jpg","width":800,"height":800},{"@type":"BreadcrumbList","@id":"https:\/\/www.ghostysky.com\/product\/dji-osmo-action-6-adventure-combo\/#breadcrumb","itemListElement":[{"@type":"ListItem","position":1,"name":"Home","item":"https:\/\/www.ghostysky.com\/"},{"@type":"ListItem","position":2,"name":"Shop","item":"https:\/\/www.ghostysky.com\/shop\/"},{"@type":"ListItem","position":3,"name":"DJI Osmo Action 6 Adventure Combo"}]},{"@type":"WebSite","@id":"https:\/\/www.ghostysky.com\/#website","url":"https:\/\/www.ghostysky.com\/","name":"Ghostysky","description":"Entrega de drones y servicios profesionales","publisher":{"@id":"https:\/\/www.ghostysky.com\/#organization"},"potentialAction":[{"@type":"SearchAction","target":{"@type":"EntryPoint","urlTemplate":"https:\/\/www.ghostysky.com\/?s={search_term_string}"},"query-input":{"@type":"PropertyValueSpecification","valueRequired":true,"valueName":"search_term_string"}}],"inLanguage":"es"},{"@type":"Organization","@id":"https:\/\/www.ghostysky.com\/#organization","name":"Ghostysky","url":"https:\/\/www.ghostysky.com\/","logo":{"@type":"ImageObject","inLanguage":"es","@id":"https:\/\/www.ghostysky.com\/#\/schema\/logo\/image\/","url":"https:\/\/www.ghostysky.com\/wp-content\/uploads\/2020\/06\/cropped-ghostyskylogo_text_white2.png","contentUrl":"https:\/\/www.ghostysky.com\/wp-content\/uploads\/2020\/06\/cropped-ghostyskylogo_text_white2.png","width":169,"height":56,"caption":"Ghostysky"},"image":{"@id":"https:\/\/www.ghostysky.com\/#\/schema\/logo\/image\/"},"sameAs":["https:\/\/www.facebook.com\/people\/Ghostysky\/100057676170234\/","https:\/\/x.com\/Gh0stysky","https:\/\/www.linkedin.com\/company\/34739653","https:\/\/www.instagram.com\/gh0stysky"]}]}},"_links":{"self":[{"href":"https:\/\/www.ghostysky.com\/es\/wp-json\/wp\/v2\/product\/23286","targetHints":{"allow":["GET"]}}],"collection":[{"href":"https:\/\/www.ghostysky.com\/es\/wp-json\/wp\/v2\/product"}],"about":[{"href":"https:\/\/www.ghostysky.com\/es\/wp-json\/wp\/v2\/types\/product"}],"replies":[{"embeddable":true,"href":"https:\/\/www.ghostysky.com\/es\/wp-json\/wp\/v2\/comments?post=23286"}],"wp:featuredmedia":[{"embeddable":true,"href":"https:\/\/www.ghostysky.com\/es\/wp-json\/wp\/v2\/media\/23289"}],"wp:attachment":[{"href":"https:\/\/www.ghostysky.com\/es\/wp-json\/wp\/v2\/media?parent=23286"}],"wp:term":[{"taxonomy":"product_brand","embeddable":true,"href":"https:\/\/www.ghostysky.com\/es\/wp-json\/wp\/v2\/product_brand?post=23286"},{"taxonomy":"product_cat","embeddable":true,"href":"https:\/\/www.ghostysky.com\/es\/wp-json\/wp\/v2\/product_cat?post=23286"},{"taxonomy":"product_tag","embeddable":true,"href":"https:\/\/www.ghostysky.com\/es\/wp-json\/wp\/v2\/product_tag?post=23286"}],"curies":[{"name":"wp","href":"https:\/\/api.w.org\/{rel}","templated":true}]}}