{"id":23291,"date":"2025-11-19T08:23:45","date_gmt":"2025-11-19T08:23:45","guid":{"rendered":"https:\/\/www.ghostysky.com\/?post_type=product&#038;p=23291"},"modified":"2025-11-23T09:29:23","modified_gmt":"2025-11-23T09:29:23","slug":"dji-osmo-action-6-standard-combo","status":"publish","type":"product","link":"https:\/\/www.ghostysky.com\/es\/product\/dji-osmo-action-6-standard-combo\/","title":{"rendered":"DJI Osmo Action 6 Combo est\u00e1ndar"},"content":{"rendered":"<h4><b>Caracter\u00edsticas clave<\/b><\/h4>\n<ul data-path-to-node=\"3\">\n<li>\n<p data-path-to-node=\"3,0,0\"><b><span class=\"citation-229 citation-end-229\">Apertura variable (f\/2.0-f\/4.0):<\/span><\/b><span class=\"citation-228 citation-end-228\"> La primera c\u00e1mara de acci\u00f3n de DJI con apertura variable, que te brinda control manual para manejar mejor la luz brillante o abrirla para un rendimiento superior en condiciones de poca luz.<\/span><\/p>\n<\/li>\n<li>\n<p data-path-to-node=\"3,1,0\"><b>Nuevo sensor cuadrado de 1\/1,1 pulgadas:<\/b><span class=\"citation-227\"> Este gran sensor ofrece una claridad excepcional en condiciones de poca luz, un amplio rango din\u00e1mico de 13,5 pasos y admite hasta <\/span><b><span class=\"citation-227\">4K\/120 fps<\/span><\/b><span class=\"citation-227 citation-end-227\"> V\u00eddeo en un formato vers\u00e1til 4:3, que permite un recorte flexible en la postproducci\u00f3n (Modo personalizado 4K).<\/span><\/p>\n<\/li>\n<li>\n<p data-path-to-node=\"3,2,0\"><b><span class=\"citation-226\">Estabilizaci\u00f3n del buque insignia:<\/span><\/b><span class=\"citation-226\"> Captura im\u00e1genes fluidas y n\u00edtidas con la estabilizaci\u00f3n electr\u00f3nica de imagen avanzada, que incluye <\/span><b><span class=\"citation-226\">RockSteady 3.0<\/span><\/b><span class=\"citation-226\"> y <\/span><b><span class=\"citation-226\">Horizonte constante<\/span><\/b><span class=\"citation-226 citation-end-226\"> (Correcci\u00f3n de horizonte de 360\u00b0 a 4K\/60fps).<\/span><\/p>\n<\/li>\n<li>\n<p data-path-to-node=\"3,3,0\"><b>Dise\u00f1ado para condiciones extremas:<\/b><\/p>\n<ul data-path-to-node=\"3,3,1\">\n<li>\n<p data-path-to-node=\"3,3,1,0,0\"><b><span class=\"citation-225\">Impermeable:<\/span><\/b><span class=\"citation-225\"> Baja a <\/span><b><span class=\"citation-225\">20 metros (65,6 pies)<\/span><\/b><span class=\"citation-225 citation-end-225\"> Sin estuche.<\/span><\/p>\n<\/li>\n<li>\n<p data-path-to-node=\"3,3,1,1,0\"><b><span class=\"citation-224\">Resistente al fr\u00edo:<\/span><\/b><span class=\"citation-224\"> Funcionamiento fiable hasta <\/span><b><span class=\"citation-224\">-20\u00b0 C (-4\u00b0 F)<\/span><\/b><span class=\"citation-224 citation-end-224\">.<\/span><\/p>\n<\/li>\n<li>\n<p data-path-to-node=\"3,3,1,2,0\"><b>Bater\u00eda de larga duraci\u00f3n:<\/b><span class=\"citation-223\"> Disfruta hasta <\/span><b><span class=\"citation-223\">4 horas<\/span><\/b><span class=\"citation-223 citation-end-223\"> de tiempo de funcionamiento.<\/span><\/p>\n<\/li>\n<\/ul>\n<\/li>\n<li>\n<p data-path-to-node=\"3,4,0\"><b><span class=\"citation-222\">Audio profesional:<\/span><\/b><span class=\"citation-222\"> Un conjunto de tres micr\u00f3fonos integrados captura un sonido est\u00e9reo rico, y el <\/span><b><span class=\"citation-222\">Ecosistema OsmoAudio\u2122<\/span><\/b><span class=\"citation-222 citation-end-222\"> Permite la conexi\u00f3n directa a dos transmisores de micr\u00f3fono DJI (opcional) sin un receptor independiente.<\/span><\/p>\n<\/li>\n<li>\n<p data-path-to-node=\"3,5,0\"><b>Almacenamiento integrado:<\/b><span class=\"citation-221\"> Viene con <\/span><b><span class=\"citation-221\">50 GB de almacenamiento interno<\/span><\/b><span class=\"citation-221 citation-end-221\"> Para esos momentos en que olvidas tu tarjeta microSD.<\/span><\/p>\n<div class=\"source-inline-chip-container ng-star-inserted\"><\/div>\n<\/li>\n<\/ul>\n<h4><b>El paquete combinado est\u00e1ndar incluye<\/b><\/h4>\n<p data-path-to-node=\"5\">El paquete DJI Osmo Action 6 Standard Combo incluye todo lo esencial:<\/p>\n<ul data-path-to-node=\"6\">\n<li>\n<p data-path-to-node=\"6,0,0\"><span class=\"citation-220 citation-end-220\">C\u00e1mara DJI Osmo Action 6<\/span><\/p>\n<\/li>\n<li>\n<p data-path-to-node=\"6,1,0\"><span class=\"citation-219 citation-end-219\">Bater\u00eda Osmo Action Extreme Plus (1950 mAh)<\/span><\/p>\n<\/li>\n<li>\n<p data-path-to-node=\"6,2,0\"><span class=\"citation-218 citation-end-218\">Soporte adaptador de liberaci\u00f3n r\u00e1pida bidireccional Osmo<\/span><\/p>\n<\/li>\n<li>\n<p data-path-to-node=\"6,3,0\"><span class=\"citation-217 citation-end-217\">Base adhesiva curva Osmo Action<\/span><\/p>\n<\/li>\n<li>\n<p data-path-to-node=\"6,4,0\"><span class=\"citation-216 citation-end-216\">Tornillo de bloqueo Osmo<\/span><\/p>\n<\/li>\n<li>\n<p data-path-to-node=\"6,5,0\"><span class=\"citation-215 citation-end-215\">Cable USB-C a USB-C PD<\/span><\/p>\n<\/li>\n<li>\n<p data-path-to-node=\"6,6,0\"><span class=\"citation-214 citation-end-214\">Almohadilla antideslizante Osmo Action<\/span><\/p>\n<div class=\"source-inline-chip-container ng-star-inserted\"><\/div>\n<\/li>\n<\/ul>\n<p data-path-to-node=\"8\">\u00bfListo para capturar los momentos m\u00e1s \u00e9picos con claridad y estabilidad de nivel profesional? Av\u00edsame si quieres ver las especificaciones de la opci\u00f3n. <b>Combo de aventura<\/b> \u00a1Para bater\u00edas y accesorios adicionales!<\/p>","protected":false},"excerpt":{"rendered":"<p><span class=\"citation-231\">La DJI Osmo Action 6 redefine la imagen de las c\u00e1maras de acci\u00f3n insignia, combinando una innovadora <\/span><b><span class=\"citation-231\">lente de apertura variable<\/span><\/b><span class=\"citation-231\"> con un <\/span><b><span class=\"citation-231\">sensor completamente nuevo y m\u00e1s grande<\/span><\/b><span class=\"citation-231 citation-end-231\"> para una flexibilidad creativa y una calidad de imagen inigualables en cualquier condici\u00f3n de luz.<\/span> <span class=\"citation-230 citation-end-230\">El paquete Standard Combo te proporciona todo lo que necesitas para empezar a capturar tus aventuras con un detalle y una estabilidad asombrosos.<\/span><\/p>","protected":false},"featured_media":23295,"comment_status":"open","ping_status":"closed","template":"","meta":[],"product_brand":[1031],"product_cat":[37,1301,1302,29],"product_tag":[42,1303,1304],"class_list":{"0":"post-23291","1":"product","2":"type-product","3":"status-publish","4":"has-post-thumbnail","6":"product_brand-dji","7":"product_cat-dji","8":"product_cat-dji-handled","9":"product_cat-dji-osmo-action-6","10":"product_cat-drones","11":"product_tag-dji","12":"product_tag-osmo-action-6","13":"product_tag-osmo-action-6-camera","15":"first","16":"outofstock","17":"taxable","18":"shipping-taxable","19":"purchasable","20":"product-type-simple"},"yoast_head":"<!-- This site is optimized with the Yoast SEO plugin v27.1.1 - https:\/\/yoast.com\/product\/yoast-seo-wordpress\/ -->\n<title>DJI Osmo Action 6 Standard Combo - Ghostysky<\/title>\n<meta name=\"description\" content=\"The DJI Osmo Action 6 redefines flagship action camera imaging, pairing a groundbreaking variable aperture lens with an all-new, larger sensor for unparalleled creative flexibility and image quality in any light. The Standard Combo provides everything you need to start capturing your adventures in stunning detail and stability.\" \/>\n<meta name=\"robots\" content=\"index, follow, max-snippet:-1, max-image-preview:large, max-video-preview:-1\" \/>\n<link rel=\"canonical\" href=\"https:\/\/www.ghostysky.com\/es\/producto-2\/dji-osmo-action-6-standard-combo\/\" \/>\n<meta property=\"og:locale\" content=\"es_ES\" \/>\n<meta property=\"og:type\" content=\"article\" \/>\n<meta property=\"og:title\" content=\"DJI Osmo Action 6 Standard Combo - Ghostysky\" \/>\n<meta property=\"og:description\" content=\"The DJI Osmo Action 6 redefines flagship action camera imaging, pairing a groundbreaking variable aperture lens with an all-new, larger sensor for unparalleled creative flexibility and image quality in any light. The Standard Combo provides everything you need to start capturing your adventures in stunning detail and stability.\" \/>\n<meta property=\"og:url\" content=\"https:\/\/www.ghostysky.com\/es\/producto-2\/dji-osmo-action-6-standard-combo\/\" \/>\n<meta property=\"og:site_name\" content=\"Ghostysky\" \/>\n<meta property=\"article:publisher\" content=\"https:\/\/www.facebook.com\/people\/Ghostysky\/100057676170234\/\" \/>\n<meta property=\"article:modified_time\" content=\"2025-11-23T09:29:23+00:00\" \/>\n<meta property=\"og:image\" content=\"https:\/\/www.ghostysky.com\/wp-content\/uploads\/2025\/11\/GH_DJI-Osmo-Action-6-Standard-Combo_1.jpg\" \/>\n\t<meta property=\"og:image:width\" content=\"800\" \/>\n\t<meta property=\"og:image:height\" content=\"800\" \/>\n\t<meta property=\"og:image:type\" content=\"image\/jpeg\" \/>\n<meta name=\"twitter:card\" content=\"summary_large_image\" \/>\n<meta name=\"twitter:site\" content=\"@Gh0stysky\" \/>\n<meta name=\"twitter:label1\" content=\"Tiempo de lectura\" \/>\n\t<meta name=\"twitter:data1\" content=\"2 minutos\" \/>\n<script type=\"application\/ld+json\" class=\"yoast-schema-graph\">{\"@context\":\"https:\/\/schema.org\",\"@graph\":[{\"@type\":\"WebPage\",\"@id\":\"https:\/\/www.ghostysky.com\/product\/dji-osmo-action-6-standard-combo\/\",\"url\":\"https:\/\/www.ghostysky.com\/product\/dji-osmo-action-6-standard-combo\/\",\"name\":\"DJI Osmo Action 6 Standard Combo - Ghostysky\",\"isPartOf\":{\"@id\":\"https:\/\/www.ghostysky.com\/#website\"},\"primaryImageOfPage\":{\"@id\":\"https:\/\/www.ghostysky.com\/product\/dji-osmo-action-6-standard-combo\/#primaryimage\"},\"image\":{\"@id\":\"https:\/\/www.ghostysky.com\/product\/dji-osmo-action-6-standard-combo\/#primaryimage\"},\"thumbnailUrl\":\"https:\/\/www.ghostysky.com\/wp-content\/uploads\/2025\/11\/GH_DJI-Osmo-Action-6-Standard-Combo_1.jpg\",\"datePublished\":\"2025-11-19T08:23:45+00:00\",\"dateModified\":\"2025-11-23T09:29:23+00:00\",\"description\":\"The DJI Osmo Action 6 redefines flagship action camera imaging, pairing a groundbreaking variable aperture lens with an all-new, larger sensor for unparalleled creative flexibility and image quality in any light. The Standard Combo provides everything you need to start capturing your adventures in stunning detail and stability.\",\"breadcrumb\":{\"@id\":\"https:\/\/www.ghostysky.com\/product\/dji-osmo-action-6-standard-combo\/#breadcrumb\"},\"inLanguage\":\"es\",\"potentialAction\":[{\"@type\":\"ReadAction\",\"target\":[\"https:\/\/www.ghostysky.com\/product\/dji-osmo-action-6-standard-combo\/\"]}]},{\"@type\":\"ImageObject\",\"inLanguage\":\"es\",\"@id\":\"https:\/\/www.ghostysky.com\/product\/dji-osmo-action-6-standard-combo\/#primaryimage\",\"url\":\"https:\/\/www.ghostysky.com\/wp-content\/uploads\/2025\/11\/GH_DJI-Osmo-Action-6-Standard-Combo_1.jpg\",\"contentUrl\":\"https:\/\/www.ghostysky.com\/wp-content\/uploads\/2025\/11\/GH_DJI-Osmo-Action-6-Standard-Combo_1.jpg\",\"width\":800,\"height\":800},{\"@type\":\"BreadcrumbList\",\"@id\":\"https:\/\/www.ghostysky.com\/product\/dji-osmo-action-6-standard-combo\/#breadcrumb\",\"itemListElement\":[{\"@type\":\"ListItem\",\"position\":1,\"name\":\"Home\",\"item\":\"https:\/\/www.ghostysky.com\/\"},{\"@type\":\"ListItem\",\"position\":2,\"name\":\"Shop\",\"item\":\"https:\/\/www.ghostysky.com\/shop\/\"},{\"@type\":\"ListItem\",\"position\":3,\"name\":\"DJI Osmo Action 6 Standard Combo\"}]},{\"@type\":\"WebSite\",\"@id\":\"https:\/\/www.ghostysky.com\/#website\",\"url\":\"https:\/\/www.ghostysky.com\/\",\"name\":\"Ghostysky\",\"description\":\"Delivering professional drones and services\",\"publisher\":{\"@id\":\"https:\/\/www.ghostysky.com\/#organization\"},\"potentialAction\":[{\"@type\":\"SearchAction\",\"target\":{\"@type\":\"EntryPoint\",\"urlTemplate\":\"https:\/\/www.ghostysky.com\/?s={search_term_string}\"},\"query-input\":{\"@type\":\"PropertyValueSpecification\",\"valueRequired\":true,\"valueName\":\"search_term_string\"}}],\"inLanguage\":\"es\"},{\"@type\":\"Organization\",\"@id\":\"https:\/\/www.ghostysky.com\/#organization\",\"name\":\"Ghostysky\",\"url\":\"https:\/\/www.ghostysky.com\/\",\"logo\":{\"@type\":\"ImageObject\",\"inLanguage\":\"es\",\"@id\":\"https:\/\/www.ghostysky.com\/#\/schema\/logo\/image\/\",\"url\":\"https:\/\/www.ghostysky.com\/wp-content\/uploads\/2020\/06\/cropped-ghostyskylogo_text_white2.png\",\"contentUrl\":\"https:\/\/www.ghostysky.com\/wp-content\/uploads\/2020\/06\/cropped-ghostyskylogo_text_white2.png\",\"width\":169,\"height\":56,\"caption\":\"Ghostysky\"},\"image\":{\"@id\":\"https:\/\/www.ghostysky.com\/#\/schema\/logo\/image\/\"},\"sameAs\":[\"https:\/\/www.facebook.com\/people\/Ghostysky\/100057676170234\/\",\"https:\/\/x.com\/Gh0stysky\",\"https:\/\/www.linkedin.com\/company\/34739653\",\"https:\/\/www.instagram.com\/gh0stysky\"]}]}<\/script>\n<!-- \/ Yoast SEO plugin. -->","yoast_head_json":{"title":"DJI Osmo Action 6 Combo Est\u00e1ndar - Ghostysky","description":"La DJI Osmo Action 6 redefine la calidad de imagen de las c\u00e1maras de acci\u00f3n de gama alta, combinando un innovador objetivo de apertura variable con un sensor completamente nuevo y m\u00e1s grande para una flexibilidad creativa y una calidad de imagen sin precedentes en cualquier condici\u00f3n de luz. El paquete Standard Combo incluye todo lo necesario para empezar a capturar tus aventuras con un nivel de detalle y una estabilidad asombrosos.","robots":{"index":"index","follow":"follow","max-snippet":"max-snippet:-1","max-image-preview":"max-image-preview:large","max-video-preview":"max-video-preview:-1"},"canonical":"https:\/\/www.ghostysky.com\/es\/producto-2\/dji-osmo-action-6-standard-combo\/","og_locale":"es_ES","og_type":"article","og_title":"DJI Osmo Action 6 Standard Combo - Ghostysky","og_description":"The DJI Osmo Action 6 redefines flagship action camera imaging, pairing a groundbreaking variable aperture lens with an all-new, larger sensor for unparalleled creative flexibility and image quality in any light. The Standard Combo provides everything you need to start capturing your adventures in stunning detail and stability.","og_url":"https:\/\/www.ghostysky.com\/es\/producto-2\/dji-osmo-action-6-standard-combo\/","og_site_name":"Ghostysky","article_publisher":"https:\/\/www.facebook.com\/people\/Ghostysky\/100057676170234\/","article_modified_time":"2025-11-23T09:29:23+00:00","og_image":[{"width":800,"height":800,"url":"https:\/\/www.ghostysky.com\/wp-content\/uploads\/2025\/11\/GH_DJI-Osmo-Action-6-Standard-Combo_1.jpg","type":"image\/jpeg"}],"twitter_card":"summary_large_image","twitter_site":"@Gh0stysky","twitter_misc":{"Tiempo de lectura":"2 minutos"},"schema":{"@context":"https:\/\/schema.org","@graph":[{"@type":"WebPage","@id":"https:\/\/www.ghostysky.com\/product\/dji-osmo-action-6-standard-combo\/","url":"https:\/\/www.ghostysky.com\/product\/dji-osmo-action-6-standard-combo\/","name":"DJI Osmo Action 6 Combo Est\u00e1ndar - Ghostysky","isPartOf":{"@id":"https:\/\/www.ghostysky.com\/#website"},"primaryImageOfPage":{"@id":"https:\/\/www.ghostysky.com\/product\/dji-osmo-action-6-standard-combo\/#primaryimage"},"image":{"@id":"https:\/\/www.ghostysky.com\/product\/dji-osmo-action-6-standard-combo\/#primaryimage"},"thumbnailUrl":"https:\/\/www.ghostysky.com\/wp-content\/uploads\/2025\/11\/GH_DJI-Osmo-Action-6-Standard-Combo_1.jpg","datePublished":"2025-11-19T08:23:45+00:00","dateModified":"2025-11-23T09:29:23+00:00","description":"La DJI Osmo Action 6 redefine la calidad de imagen de las c\u00e1maras de acci\u00f3n de gama alta, combinando un innovador objetivo de apertura variable con un sensor completamente nuevo y m\u00e1s grande para una flexibilidad creativa y una calidad de imagen sin precedentes en cualquier condici\u00f3n de luz. El paquete Standard Combo incluye todo lo necesario para empezar a capturar tus aventuras con un nivel de detalle y una estabilidad asombrosos.","breadcrumb":{"@id":"https:\/\/www.ghostysky.com\/product\/dji-osmo-action-6-standard-combo\/#breadcrumb"},"inLanguage":"es","potentialAction":[{"@type":"ReadAction","target":["https:\/\/www.ghostysky.com\/product\/dji-osmo-action-6-standard-combo\/"]}]},{"@type":"ImageObject","inLanguage":"es","@id":"https:\/\/www.ghostysky.com\/product\/dji-osmo-action-6-standard-combo\/#primaryimage","url":"https:\/\/www.ghostysky.com\/wp-content\/uploads\/2025\/11\/GH_DJI-Osmo-Action-6-Standard-Combo_1.jpg","contentUrl":"https:\/\/www.ghostysky.com\/wp-content\/uploads\/2025\/11\/GH_DJI-Osmo-Action-6-Standard-Combo_1.jpg","width":800,"height":800},{"@type":"BreadcrumbList","@id":"https:\/\/www.ghostysky.com\/product\/dji-osmo-action-6-standard-combo\/#breadcrumb","itemListElement":[{"@type":"ListItem","position":1,"name":"Home","item":"https:\/\/www.ghostysky.com\/"},{"@type":"ListItem","position":2,"name":"Shop","item":"https:\/\/www.ghostysky.com\/shop\/"},{"@type":"ListItem","position":3,"name":"DJI Osmo Action 6 Standard Combo"}]},{"@type":"WebSite","@id":"https:\/\/www.ghostysky.com\/#website","url":"https:\/\/www.ghostysky.com\/","name":"Ghostysky","description":"Entrega de drones y servicios profesionales","publisher":{"@id":"https:\/\/www.ghostysky.com\/#organization"},"potentialAction":[{"@type":"SearchAction","target":{"@type":"EntryPoint","urlTemplate":"https:\/\/www.ghostysky.com\/?s={search_term_string}"},"query-input":{"@type":"PropertyValueSpecification","valueRequired":true,"valueName":"search_term_string"}}],"inLanguage":"es"},{"@type":"Organization","@id":"https:\/\/www.ghostysky.com\/#organization","name":"Ghostysky","url":"https:\/\/www.ghostysky.com\/","logo":{"@type":"ImageObject","inLanguage":"es","@id":"https:\/\/www.ghostysky.com\/#\/schema\/logo\/image\/","url":"https:\/\/www.ghostysky.com\/wp-content\/uploads\/2020\/06\/cropped-ghostyskylogo_text_white2.png","contentUrl":"https:\/\/www.ghostysky.com\/wp-content\/uploads\/2020\/06\/cropped-ghostyskylogo_text_white2.png","width":169,"height":56,"caption":"Ghostysky"},"image":{"@id":"https:\/\/www.ghostysky.com\/#\/schema\/logo\/image\/"},"sameAs":["https:\/\/www.facebook.com\/people\/Ghostysky\/100057676170234\/","https:\/\/x.com\/Gh0stysky","https:\/\/www.linkedin.com\/company\/34739653","https:\/\/www.instagram.com\/gh0stysky"]}]}},"_links":{"self":[{"href":"https:\/\/www.ghostysky.com\/es\/wp-json\/wp\/v2\/product\/23291","targetHints":{"allow":["GET"]}}],"collection":[{"href":"https:\/\/www.ghostysky.com\/es\/wp-json\/wp\/v2\/product"}],"about":[{"href":"https:\/\/www.ghostysky.com\/es\/wp-json\/wp\/v2\/types\/product"}],"replies":[{"embeddable":true,"href":"https:\/\/www.ghostysky.com\/es\/wp-json\/wp\/v2\/comments?post=23291"}],"wp:featuredmedia":[{"embeddable":true,"href":"https:\/\/www.ghostysky.com\/es\/wp-json\/wp\/v2\/media\/23295"}],"wp:attachment":[{"href":"https:\/\/www.ghostysky.com\/es\/wp-json\/wp\/v2\/media?parent=23291"}],"wp:term":[{"taxonomy":"product_brand","embeddable":true,"href":"https:\/\/www.ghostysky.com\/es\/wp-json\/wp\/v2\/product_brand?post=23291"},{"taxonomy":"product_cat","embeddable":true,"href":"https:\/\/www.ghostysky.com\/es\/wp-json\/wp\/v2\/product_cat?post=23291"},{"taxonomy":"product_tag","embeddable":true,"href":"https:\/\/www.ghostysky.com\/es\/wp-json\/wp\/v2\/product_tag?post=23291"}],"curies":[{"name":"wp","href":"https:\/\/api.w.org\/{rel}","templated":true}]}}