{"id":23302,"date":"2025-11-19T08:42:30","date_gmt":"2025-11-19T08:42:30","guid":{"rendered":"https:\/\/www.ghostysky.com\/?post_type=product&#038;p=23302"},"modified":"2025-11-23T09:27:03","modified_gmt":"2025-11-23T09:27:03","slug":"dji-osmo-action-dual-direction-battery-handle","status":"publish","type":"product","link":"https:\/\/www.ghostysky.com\/es\/product\/dji-osmo-action-dual-direction-battery-handle\/","title":{"rendered":"Mango de bater\u00eda bidireccional DJI Osmo Action"},"content":{"rendered":"<h4>Caracter\u00edsticas clave<\/h4>\n<ul data-path-to-node=\"3\">\n<li>\n<p data-path-to-node=\"3,0,0\"><b>Bater\u00eda integrada de gran capacidad:<\/b><span class=\"citation-274\"> Equipado con una sustancial <\/span><b><span class=\"citation-274\">4900 mAh<\/span><\/b><span class=\"citation-274 citation-end-274\"> La bater\u00eda proporciona una mayor autonom\u00eda a tu c\u00e1mara Osmo Action, aumentando significativamente el tiempo de grabaci\u00f3n para que no te pierdas ni un solo momento.<\/span><\/p>\n<\/li>\n<li>\n<p data-path-to-node=\"3,1,0\"><b><span class=\"citation-273\">Sistema de liberaci\u00f3n r\u00e1pida bidireccional:<\/span><\/b><span class=\"citation-273 citation-end-273\"> Presenta un dise\u00f1o que complementa el sistema de liberaci\u00f3n r\u00e1pida de la c\u00e1mara, permitiendo un montaje y desmontaje r\u00e1pido y sencillo en varias direcciones para ampliar sus posibilidades creativas de disparo.<\/span><\/p>\n<\/li>\n<li>\n<p data-path-to-node=\"3,2,0\"><b><span class=\"citation-272\">Controles integrados:<\/span><\/b><span class=\"citation-272 citation-end-272\"> La empu\u00f1adura puede incluir botones incorporados (como Obturador\/Grabaci\u00f3n, Cambio R\u00e1pido y Encendido) para ofrecer un control c\u00f3modo con una sola mano de las funciones de la c\u00e1mara, incluso en movimiento.<\/span><\/p>\n<\/li>\n<li>\n<p data-path-to-node=\"3,3,0\"><b>Conectividad del micr\u00f3fono:<\/b> Incluye un <b>entrada de micr\u00f3fono TRS de 3,5 mm<\/b> puerto que permite conectar un micr\u00f3fono externo de tres etapas de 3,5 mm para una captura de audio de alta calidad (requiere que el mango est\u00e9 encendido).<\/p>\n<\/li>\n<li>\n<p data-path-to-node=\"3,4,0\"><b><span class=\"citation-271\">Expansi\u00f3n de accesorios:<\/span><\/b><span class=\"citation-271 citation-end-271\"> M\u00e1s all\u00e1 de la alimentaci\u00f3n, la empu\u00f1adura est\u00e1 dise\u00f1ada para soportar m\u00faltiples accesorios, ampliando la utilidad y versatilidad de la c\u00e1mara en diferentes escenarios de disparo.<\/span><\/p>\n<\/li>\n<li>\n<p data-path-to-node=\"3,5,0\"><b><span class=\"citation-270\">Dise\u00f1o ergon\u00f3mico:<\/span><\/b><span class=\"citation-270 citation-end-270\"> Con dimensiones de \u00a0<\/span><span class=\"math-inline\" data-math=\"37.8 \\times 44.2 \\times 181 \\text{ mm}\">37,8 x 44,2 x 181 mm<\/span><span class=\"citation-269 citation-end-269\"> y un peso de\u00a0 <\/span><span class=\"math-inline\" data-math=\"207 \\text{ g}\">207 g<\/span><span class=\"citation-268 citation-end-268\">La empu\u00f1adura proporciona un agarre seguro y c\u00f3modo para disparar a mano alzada.<\/span><\/p>\n<\/li>\n<\/ul>\n<h4>En el cuadro<\/h4>\n<ul data-path-to-node=\"5\">\n<li>\n<p data-path-to-node=\"5,0,0\"><span class=\"citation-267 citation-end-267\">Mango de bater\u00eda bidireccional Osmo Action<\/span><\/p>\n<\/li>\n<li>\n<p data-path-to-node=\"5,1,0\"><span class=\"citation-266 citation-end-266\">Protector de puerto de carga (para mantener la resistencia a las salpicaduras cuando se retira la tapa USB-C de la c\u00e1mara)<\/span><\/p>\n<\/li>\n<li>\n<p data-path-to-node=\"5,2,0\"><span class=\"citation-265 citation-end-265\">Correa de mu\u00f1eca DJI<\/span><\/p>\n<\/li>\n<\/ul>\n<p data-path-to-node=\"6\"><b>Nota:<\/b><span class=\"citation-264 citation-end-264\"> Se recomienda mantener una bater\u00eda instalada en la c\u00e1mara cuando se utilice el asa para garantizar un suministro de energ\u00eda estable.<\/span>\u00a0El mango es <b>no es impermeable<\/b> y no debe colocarse en agua.<\/p>","protected":false},"excerpt":{"rendered":"<p>Mant\u00e9n la acci\u00f3n durante m\u00e1s tiempo con el <b>Mango de bater\u00eda bidireccional DJI Osmo Action<\/b>. <span class=\"citation-275 citation-end-275\">Dise\u00f1ado espec\u00edficamente para el Osmo Action 6 (y potencialmente otros modelos compatibles), este vers\u00e1til accesorio funciona como una empu\u00f1adura c\u00f3moda y una bater\u00eda externa potente y de larga duraci\u00f3n.<\/span><\/p>","protected":false},"featured_media":23304,"comment_status":"open","ping_status":"closed","template":"","meta":[],"product_brand":[],"product_cat":[37,1301,1302],"product_tag":[42,1303,1305],"class_list":{"0":"post-23302","1":"product","2":"type-product","3":"status-publish","4":"has-post-thumbnail","6":"product_cat-dji","7":"product_cat-dji-handled","8":"product_cat-dji-osmo-action-6","9":"product_tag-dji","10":"product_tag-osmo-action-6","11":"product_tag-osmo-action-6-accessories","13":"first","14":"outofstock","15":"taxable","16":"shipping-taxable","17":"purchasable","18":"product-type-simple"},"yoast_head":"<!-- This site is optimized with the Yoast SEO plugin v27.1.1 - https:\/\/yoast.com\/product\/yoast-seo-wordpress\/ -->\n<title>DJI Osmo Action Dual-Direction Battery Handle - Ghostysky<\/title>\n<meta name=\"description\" content=\"Keep the action rolling for longer with the DJI Osmo Action Dual-Direction Battery Handle. Specifically designed for the Osmo Action 6 (and potentially other compatible models), this versatile accessory acts as both a comfortable hand grip and a powerful, long-lasting external battery.\" \/>\n<meta name=\"robots\" content=\"index, follow, max-snippet:-1, max-image-preview:large, max-video-preview:-1\" \/>\n<link rel=\"canonical\" href=\"https:\/\/www.ghostysky.com\/es\/producto-2\/dji-osmo-action-dual-direction-battery-handle\/\" \/>\n<meta property=\"og:locale\" content=\"es_ES\" \/>\n<meta property=\"og:type\" content=\"article\" \/>\n<meta property=\"og:title\" content=\"DJI Osmo Action Dual-Direction Battery Handle - Ghostysky\" \/>\n<meta property=\"og:description\" content=\"Keep the action rolling for longer with the DJI Osmo Action Dual-Direction Battery Handle. Specifically designed for the Osmo Action 6 (and potentially other compatible models), this versatile accessory acts as both a comfortable hand grip and a powerful, long-lasting external battery.\" \/>\n<meta property=\"og:url\" content=\"https:\/\/www.ghostysky.com\/es\/producto-2\/dji-osmo-action-dual-direction-battery-handle\/\" \/>\n<meta property=\"og:site_name\" content=\"Ghostysky\" \/>\n<meta property=\"article:publisher\" content=\"https:\/\/www.facebook.com\/people\/Ghostysky\/100057676170234\/\" \/>\n<meta property=\"article:modified_time\" content=\"2025-11-23T09:27:03+00:00\" \/>\n<meta property=\"og:image\" content=\"https:\/\/www.ghostysky.com\/wp-content\/uploads\/2025\/11\/GH_DJI-Osmo-Action-Dual-Direction-Battery-Handle_1.jpg\" \/>\n\t<meta property=\"og:image:width\" content=\"800\" \/>\n\t<meta property=\"og:image:height\" content=\"800\" \/>\n\t<meta property=\"og:image:type\" content=\"image\/jpeg\" \/>\n<meta name=\"twitter:card\" content=\"summary_large_image\" \/>\n<meta name=\"twitter:site\" content=\"@Gh0stysky\" \/>\n<meta name=\"twitter:label1\" content=\"Tiempo de lectura\" \/>\n\t<meta name=\"twitter:data1\" content=\"2 minutos\" \/>\n<script type=\"application\/ld+json\" class=\"yoast-schema-graph\">{\"@context\":\"https:\/\/schema.org\",\"@graph\":[{\"@type\":\"WebPage\",\"@id\":\"https:\/\/www.ghostysky.com\/product\/dji-osmo-action-dual-direction-battery-handle\/\",\"url\":\"https:\/\/www.ghostysky.com\/product\/dji-osmo-action-dual-direction-battery-handle\/\",\"name\":\"DJI Osmo Action Dual-Direction Battery Handle - Ghostysky\",\"isPartOf\":{\"@id\":\"https:\/\/www.ghostysky.com\/#website\"},\"primaryImageOfPage\":{\"@id\":\"https:\/\/www.ghostysky.com\/product\/dji-osmo-action-dual-direction-battery-handle\/#primaryimage\"},\"image\":{\"@id\":\"https:\/\/www.ghostysky.com\/product\/dji-osmo-action-dual-direction-battery-handle\/#primaryimage\"},\"thumbnailUrl\":\"https:\/\/www.ghostysky.com\/wp-content\/uploads\/2025\/11\/GH_DJI-Osmo-Action-Dual-Direction-Battery-Handle_1.jpg\",\"datePublished\":\"2025-11-19T08:42:30+00:00\",\"dateModified\":\"2025-11-23T09:27:03+00:00\",\"description\":\"Keep the action rolling for longer with the DJI Osmo Action Dual-Direction Battery Handle. Specifically designed for the Osmo Action 6 (and potentially other compatible models), this versatile accessory acts as both a comfortable hand grip and a powerful, long-lasting external battery.\",\"breadcrumb\":{\"@id\":\"https:\/\/www.ghostysky.com\/product\/dji-osmo-action-dual-direction-battery-handle\/#breadcrumb\"},\"inLanguage\":\"es\",\"potentialAction\":[{\"@type\":\"ReadAction\",\"target\":[\"https:\/\/www.ghostysky.com\/product\/dji-osmo-action-dual-direction-battery-handle\/\"]}]},{\"@type\":\"ImageObject\",\"inLanguage\":\"es\",\"@id\":\"https:\/\/www.ghostysky.com\/product\/dji-osmo-action-dual-direction-battery-handle\/#primaryimage\",\"url\":\"https:\/\/www.ghostysky.com\/wp-content\/uploads\/2025\/11\/GH_DJI-Osmo-Action-Dual-Direction-Battery-Handle_1.jpg\",\"contentUrl\":\"https:\/\/www.ghostysky.com\/wp-content\/uploads\/2025\/11\/GH_DJI-Osmo-Action-Dual-Direction-Battery-Handle_1.jpg\",\"width\":800,\"height\":800},{\"@type\":\"BreadcrumbList\",\"@id\":\"https:\/\/www.ghostysky.com\/product\/dji-osmo-action-dual-direction-battery-handle\/#breadcrumb\",\"itemListElement\":[{\"@type\":\"ListItem\",\"position\":1,\"name\":\"Home\",\"item\":\"https:\/\/www.ghostysky.com\/\"},{\"@type\":\"ListItem\",\"position\":2,\"name\":\"Shop\",\"item\":\"https:\/\/www.ghostysky.com\/shop\/\"},{\"@type\":\"ListItem\",\"position\":3,\"name\":\"DJI Osmo Action Dual-Direction Battery Handle\"}]},{\"@type\":\"WebSite\",\"@id\":\"https:\/\/www.ghostysky.com\/#website\",\"url\":\"https:\/\/www.ghostysky.com\/\",\"name\":\"Ghostysky\",\"description\":\"Delivering professional drones and services\",\"publisher\":{\"@id\":\"https:\/\/www.ghostysky.com\/#organization\"},\"potentialAction\":[{\"@type\":\"SearchAction\",\"target\":{\"@type\":\"EntryPoint\",\"urlTemplate\":\"https:\/\/www.ghostysky.com\/?s={search_term_string}\"},\"query-input\":{\"@type\":\"PropertyValueSpecification\",\"valueRequired\":true,\"valueName\":\"search_term_string\"}}],\"inLanguage\":\"es\"},{\"@type\":\"Organization\",\"@id\":\"https:\/\/www.ghostysky.com\/#organization\",\"name\":\"Ghostysky\",\"url\":\"https:\/\/www.ghostysky.com\/\",\"logo\":{\"@type\":\"ImageObject\",\"inLanguage\":\"es\",\"@id\":\"https:\/\/www.ghostysky.com\/#\/schema\/logo\/image\/\",\"url\":\"https:\/\/www.ghostysky.com\/wp-content\/uploads\/2020\/06\/cropped-ghostyskylogo_text_white2.png\",\"contentUrl\":\"https:\/\/www.ghostysky.com\/wp-content\/uploads\/2020\/06\/cropped-ghostyskylogo_text_white2.png\",\"width\":169,\"height\":56,\"caption\":\"Ghostysky\"},\"image\":{\"@id\":\"https:\/\/www.ghostysky.com\/#\/schema\/logo\/image\/\"},\"sameAs\":[\"https:\/\/www.facebook.com\/people\/Ghostysky\/100057676170234\/\",\"https:\/\/x.com\/Gh0stysky\",\"https:\/\/www.linkedin.com\/company\/34739653\",\"https:\/\/www.instagram.com\/gh0stysky\"]}]}<\/script>\n<!-- \/ Yoast SEO plugin. -->","yoast_head_json":{"title":"Mango de bater\u00eda bidireccional para DJI Osmo Action - Ghostysky","description":"Prolonga la acci\u00f3n con la empu\u00f1adura de bater\u00eda bidireccional para DJI Osmo Action. Dise\u00f1ada espec\u00edficamente para la Osmo Action 6 (y posiblemente otros modelos compatibles), este vers\u00e1til accesorio funciona como una c\u00f3moda empu\u00f1adura y una potente bater\u00eda externa de larga duraci\u00f3n.","robots":{"index":"index","follow":"follow","max-snippet":"max-snippet:-1","max-image-preview":"max-image-preview:large","max-video-preview":"max-video-preview:-1"},"canonical":"https:\/\/www.ghostysky.com\/es\/producto-2\/dji-osmo-action-dual-direction-battery-handle\/","og_locale":"es_ES","og_type":"article","og_title":"DJI Osmo Action Dual-Direction Battery Handle - Ghostysky","og_description":"Keep the action rolling for longer with the DJI Osmo Action Dual-Direction Battery Handle. Specifically designed for the Osmo Action 6 (and potentially other compatible models), this versatile accessory acts as both a comfortable hand grip and a powerful, long-lasting external battery.","og_url":"https:\/\/www.ghostysky.com\/es\/producto-2\/dji-osmo-action-dual-direction-battery-handle\/","og_site_name":"Ghostysky","article_publisher":"https:\/\/www.facebook.com\/people\/Ghostysky\/100057676170234\/","article_modified_time":"2025-11-23T09:27:03+00:00","og_image":[{"width":800,"height":800,"url":"https:\/\/www.ghostysky.com\/wp-content\/uploads\/2025\/11\/GH_DJI-Osmo-Action-Dual-Direction-Battery-Handle_1.jpg","type":"image\/jpeg"}],"twitter_card":"summary_large_image","twitter_site":"@Gh0stysky","twitter_misc":{"Tiempo de lectura":"2 minutos"},"schema":{"@context":"https:\/\/schema.org","@graph":[{"@type":"WebPage","@id":"https:\/\/www.ghostysky.com\/product\/dji-osmo-action-dual-direction-battery-handle\/","url":"https:\/\/www.ghostysky.com\/product\/dji-osmo-action-dual-direction-battery-handle\/","name":"Mango de bater\u00eda bidireccional para DJI Osmo Action - Ghostysky","isPartOf":{"@id":"https:\/\/www.ghostysky.com\/#website"},"primaryImageOfPage":{"@id":"https:\/\/www.ghostysky.com\/product\/dji-osmo-action-dual-direction-battery-handle\/#primaryimage"},"image":{"@id":"https:\/\/www.ghostysky.com\/product\/dji-osmo-action-dual-direction-battery-handle\/#primaryimage"},"thumbnailUrl":"https:\/\/www.ghostysky.com\/wp-content\/uploads\/2025\/11\/GH_DJI-Osmo-Action-Dual-Direction-Battery-Handle_1.jpg","datePublished":"2025-11-19T08:42:30+00:00","dateModified":"2025-11-23T09:27:03+00:00","description":"Prolonga la acci\u00f3n con la empu\u00f1adura de bater\u00eda bidireccional para DJI Osmo Action. Dise\u00f1ada espec\u00edficamente para la Osmo Action 6 (y posiblemente otros modelos compatibles), este vers\u00e1til accesorio funciona como una c\u00f3moda empu\u00f1adura y una potente bater\u00eda externa de larga duraci\u00f3n.","breadcrumb":{"@id":"https:\/\/www.ghostysky.com\/product\/dji-osmo-action-dual-direction-battery-handle\/#breadcrumb"},"inLanguage":"es","potentialAction":[{"@type":"ReadAction","target":["https:\/\/www.ghostysky.com\/product\/dji-osmo-action-dual-direction-battery-handle\/"]}]},{"@type":"ImageObject","inLanguage":"es","@id":"https:\/\/www.ghostysky.com\/product\/dji-osmo-action-dual-direction-battery-handle\/#primaryimage","url":"https:\/\/www.ghostysky.com\/wp-content\/uploads\/2025\/11\/GH_DJI-Osmo-Action-Dual-Direction-Battery-Handle_1.jpg","contentUrl":"https:\/\/www.ghostysky.com\/wp-content\/uploads\/2025\/11\/GH_DJI-Osmo-Action-Dual-Direction-Battery-Handle_1.jpg","width":800,"height":800},{"@type":"BreadcrumbList","@id":"https:\/\/www.ghostysky.com\/product\/dji-osmo-action-dual-direction-battery-handle\/#breadcrumb","itemListElement":[{"@type":"ListItem","position":1,"name":"Home","item":"https:\/\/www.ghostysky.com\/"},{"@type":"ListItem","position":2,"name":"Shop","item":"https:\/\/www.ghostysky.com\/shop\/"},{"@type":"ListItem","position":3,"name":"DJI Osmo Action Dual-Direction Battery Handle"}]},{"@type":"WebSite","@id":"https:\/\/www.ghostysky.com\/#website","url":"https:\/\/www.ghostysky.com\/","name":"Ghostysky","description":"Entrega de drones y servicios profesionales","publisher":{"@id":"https:\/\/www.ghostysky.com\/#organization"},"potentialAction":[{"@type":"SearchAction","target":{"@type":"EntryPoint","urlTemplate":"https:\/\/www.ghostysky.com\/?s={search_term_string}"},"query-input":{"@type":"PropertyValueSpecification","valueRequired":true,"valueName":"search_term_string"}}],"inLanguage":"es"},{"@type":"Organization","@id":"https:\/\/www.ghostysky.com\/#organization","name":"Ghostysky","url":"https:\/\/www.ghostysky.com\/","logo":{"@type":"ImageObject","inLanguage":"es","@id":"https:\/\/www.ghostysky.com\/#\/schema\/logo\/image\/","url":"https:\/\/www.ghostysky.com\/wp-content\/uploads\/2020\/06\/cropped-ghostyskylogo_text_white2.png","contentUrl":"https:\/\/www.ghostysky.com\/wp-content\/uploads\/2020\/06\/cropped-ghostyskylogo_text_white2.png","width":169,"height":56,"caption":"Ghostysky"},"image":{"@id":"https:\/\/www.ghostysky.com\/#\/schema\/logo\/image\/"},"sameAs":["https:\/\/www.facebook.com\/people\/Ghostysky\/100057676170234\/","https:\/\/x.com\/Gh0stysky","https:\/\/www.linkedin.com\/company\/34739653","https:\/\/www.instagram.com\/gh0stysky"]}]}},"_links":{"self":[{"href":"https:\/\/www.ghostysky.com\/es\/wp-json\/wp\/v2\/product\/23302","targetHints":{"allow":["GET"]}}],"collection":[{"href":"https:\/\/www.ghostysky.com\/es\/wp-json\/wp\/v2\/product"}],"about":[{"href":"https:\/\/www.ghostysky.com\/es\/wp-json\/wp\/v2\/types\/product"}],"replies":[{"embeddable":true,"href":"https:\/\/www.ghostysky.com\/es\/wp-json\/wp\/v2\/comments?post=23302"}],"wp:featuredmedia":[{"embeddable":true,"href":"https:\/\/www.ghostysky.com\/es\/wp-json\/wp\/v2\/media\/23304"}],"wp:attachment":[{"href":"https:\/\/www.ghostysky.com\/es\/wp-json\/wp\/v2\/media?parent=23302"}],"wp:term":[{"taxonomy":"product_brand","embeddable":true,"href":"https:\/\/www.ghostysky.com\/es\/wp-json\/wp\/v2\/product_brand?post=23302"},{"taxonomy":"product_cat","embeddable":true,"href":"https:\/\/www.ghostysky.com\/es\/wp-json\/wp\/v2\/product_cat?post=23302"},{"taxonomy":"product_tag","embeddable":true,"href":"https:\/\/www.ghostysky.com\/es\/wp-json\/wp\/v2\/product_tag?post=23302"}],"curies":[{"name":"wp","href":"https:\/\/api.w.org\/{rel}","templated":true}]}}