{"id":23327,"date":"2025-11-20T13:21:11","date_gmt":"2025-11-20T13:21:11","guid":{"rendered":"https:\/\/www.ghostysky.com\/?post_type=product&#038;p=23327"},"modified":"2025-11-23T09:24:43","modified_gmt":"2025-11-23T09:24:43","slug":"dji-osmo-action-6-diving-accessory-kit","status":"publish","type":"product","link":"https:\/\/www.ghostysky.com\/es\/product\/dji-osmo-action-6-diving-accessory-kit\/","title":{"rendered":"Kit de accesorios de buceo DJI Osmo Action 6"},"content":{"rendered":"<h4>Caracter\u00edsticas y beneficios clave<\/h4>\n<ul data-path-to-node=\"4\">\n<li>\n<p data-path-to-node=\"4,0,0\"><b><span class=\"citation-20\">M\u00e1xima protecci\u00f3n impermeable:<\/span><\/b><span class=\"citation-20\"> El incluido <\/span><b><span class=\"citation-20\">Estuche impermeable para Osmo Action 6<\/span><\/b><span class=\"citation-20\"> proporciona una carcasa segura y sellada, extendiendo la resistencia al agua de su c\u00e1mara a <\/span><b><span class=\"citation-20\">60 metros (197 pies)<\/span><\/b><span class=\"citation-20 citation-end-20\">, lo que te permite explorar y filmar entornos de aguas profundas de forma segura.<\/span><\/p>\n<\/li>\n<li>\n<p data-path-to-node=\"4,1,0\"><b>Im\u00e1genes n\u00edtidas y sin niebla:<\/b><span class=\"citation-19\"> Combate la condensaci\u00f3n y los cambios de temperatura con <\/span><b><span class=\"citation-19\">Insertos antivaho<\/span><\/b><span class=\"citation-19 citation-end-19\"> (Se incluyen 6 pares).<\/span> <span class=\"citation-18 citation-end-18\">Estas piezas peque\u00f1as pero esenciales caben dentro de la carcasa impermeable para garantizar que la lente permanezca limpia y ofrezca im\u00e1genes n\u00edtidas, incluso durante inmersiones prolongadas.<\/span><\/p>\n<\/li>\n<li>\n<p data-path-to-node=\"4,2,0\"><b>Flotabilidad y seguridad esenciales:<\/b><span class=\"citation-17\"> El naranja brillante <\/span><b><span class=\"citation-17\">Mango flotante DJI<\/span><\/b><span class=\"citation-17 citation-end-17\"> Garantiza que tu c\u00e1mara se mantenga a flote y sea f\u00e1cil de localizar si se cae, lo que la hace perfecta para surfear, hacer kayak o bucear cerca de la superficie.<\/span><\/p>\n<\/li>\n<li>\n<p data-path-to-node=\"4,3,0\"><b>Doble seguridad:<\/b><span class=\"citation-16\"> El <\/span><b><span class=\"citation-16\">Correa de mu\u00f1eca DJI<\/span><\/b><span class=\"citation-16 citation-end-16\"> Proporciona una capa adicional de seguridad, sujetando la c\u00e1mara a la mu\u00f1eca para evitar p\u00e9rdidas accidentales al nadar o durante deportes acu\u00e1ticos de alta intensidad.<\/span><\/p>\n<\/li>\n<li>\n<p data-path-to-node=\"4,4,0\"><b>Montaje estable y seguro:<\/b><span class=\"citation-15\"> El <\/span><b><span class=\"citation-15\">Tornillo de bloqueo Osmo<\/span><\/b><span class=\"citation-15 citation-end-15\"> Garantiza que todos los componentes est\u00e9n firmemente sujetos, manteniendo una instalaci\u00f3n fiable y a prueba de fugas en condiciones de agua a alta presi\u00f3n.<\/span><\/p>\n<div class=\"source-inline-chip-container ng-star-inserted\"><\/div>\n<\/li>\n<\/ul>\n<h4>\u00bfQu\u00e9 hay en la caja?<\/h4>\n<p data-path-to-node=\"7\">El kit incluye todo lo necesario para una experiencia de grabaci\u00f3n subacu\u00e1tica segura y flexible:<\/p>\n<ul data-path-to-node=\"8\">\n<li>\n<p data-path-to-node=\"8,0,0\"><b>1 \u00d7 Estuche impermeable para Osmo Action 6<\/b><\/p>\n<\/li>\n<li>\n<p data-path-to-node=\"8,1,0\"><b><span class=\"citation-14 citation-end-14\">6 \u00d7 Insertos antivaho (pares)<\/span><\/b><\/p>\n<\/li>\n<li>\n<p data-path-to-node=\"8,2,0\"><b><span class=\"citation-13 citation-end-13\">1 \u00d7 Correa de mu\u00f1eca DJI<\/span><\/b><\/p>\n<\/li>\n<li>\n<p data-path-to-node=\"8,3,0\"><b><span class=\"citation-12 citation-end-12\">1 \u00d7 Asa flotante DJI<\/span><\/b><\/p>\n<\/li>\n<li>\n<p data-path-to-node=\"8,4,0\"><b><span class=\"citation-11 citation-end-11\">1 \u00d7 Tornillo de bloqueo Osmo<\/span><\/b><\/p>\n<\/li>\n<\/ul>\n<p data-path-to-node=\"8,4,0\"><b><\/b><b>Captura la magia que se esconde bajo las olas con confianza y claridad.<\/b> El kit de accesorios de buceo DJI Osmo Action 6 es la soluci\u00f3n de nivel profesional para convertir los momentos bajo el agua en recuerdos de v\u00eddeo inolvidables y de alta calidad.<\/p>","protected":false},"excerpt":{"rendered":"<p>Desata todo el potencial subacu\u00e1tico de tu DJI Osmo Action 6 con la completa <b>Kit de accesorios de buceo DJI Osmo Action 6<\/b>. <span class=\"citation-21 citation-end-21\">Dise\u00f1ado para buceadores, practicantes de snorkel y entusiastas de los deportes acu\u00e1ticos, este kit proporciona la m\u00e1xima protecci\u00f3n, flotabilidad y estabilidad para capturar im\u00e1genes impresionantes a profundidades asombrosas.<\/span><\/p>","protected":false},"featured_media":23329,"comment_status":"open","ping_status":"closed","template":"","meta":[],"product_brand":[1031],"product_cat":[1301,1302,29],"product_tag":[42,1303,1305],"class_list":{"0":"post-23327","1":"product","2":"type-product","3":"status-publish","4":"has-post-thumbnail","6":"product_brand-dji","7":"product_cat-dji-handled","8":"product_cat-dji-osmo-action-6","9":"product_cat-drones","10":"product_tag-dji","11":"product_tag-osmo-action-6","12":"product_tag-osmo-action-6-accessories","14":"first","15":"outofstock","16":"taxable","17":"shipping-taxable","18":"purchasable","19":"product-type-simple"},"yoast_head":"<!-- This site is optimized with the Yoast SEO plugin v27.4 - https:\/\/yoast.com\/product\/yoast-seo-wordpress\/ -->\n<title>DJI Osmo Action 6 Diving Accessory Kit - Ghostysky<\/title>\n<meta name=\"description\" content=\"Unleash the full underwater potential of your DJI Osmo Action 6 with the comprehensive DJI Osmo Action 6 Diving Accessory Kit. Designed for divers, snorkelers, and watersports enthusiasts, this kit provides the ultimate protection, buoyancy, and stability for capturing stunning footage down to impressive depths.\" \/>\n<meta name=\"robots\" content=\"index, follow, max-snippet:-1, max-image-preview:large, max-video-preview:-1\" \/>\n<link rel=\"canonical\" href=\"https:\/\/www.ghostysky.com\/es\/producto-2\/dji-osmo-action-6-diving-accessory-kit\/\" \/>\n<meta property=\"og:locale\" content=\"es_ES\" \/>\n<meta property=\"og:type\" content=\"article\" \/>\n<meta property=\"og:title\" content=\"DJI Osmo Action 6 Diving Accessory Kit - Ghostysky\" \/>\n<meta property=\"og:description\" content=\"Unleash the full underwater potential of your DJI Osmo Action 6 with the comprehensive DJI Osmo Action 6 Diving Accessory Kit. Designed for divers, snorkelers, and watersports enthusiasts, this kit provides the ultimate protection, buoyancy, and stability for capturing stunning footage down to impressive depths.\" \/>\n<meta property=\"og:url\" content=\"https:\/\/www.ghostysky.com\/es\/producto-2\/dji-osmo-action-6-diving-accessory-kit\/\" \/>\n<meta property=\"og:site_name\" content=\"Ghostysky\" \/>\n<meta property=\"article:publisher\" content=\"https:\/\/www.facebook.com\/people\/Ghostysky\/100057676170234\/\" \/>\n<meta property=\"article:modified_time\" content=\"2025-11-23T09:24:43+00:00\" \/>\n<meta property=\"og:image\" content=\"https:\/\/www.ghostysky.com\/wp-content\/uploads\/2025\/11\/GH_DJI-Osmo-Action-6-Diving-Accessory-Kit_1.jpg\" \/>\n\t<meta property=\"og:image:width\" content=\"800\" \/>\n\t<meta property=\"og:image:height\" content=\"800\" \/>\n\t<meta property=\"og:image:type\" content=\"image\/jpeg\" \/>\n<meta name=\"twitter:card\" content=\"summary_large_image\" \/>\n<meta name=\"twitter:site\" content=\"@Gh0stysky\" \/>\n<meta name=\"twitter:label1\" content=\"Tiempo de lectura\" \/>\n\t<meta name=\"twitter:data1\" content=\"2 minutos\" \/>\n<script type=\"application\/ld+json\" class=\"yoast-schema-graph\">{\"@context\":\"https:\\\/\\\/schema.org\",\"@graph\":[{\"@type\":\"WebPage\",\"@id\":\"https:\\\/\\\/www.ghostysky.com\\\/product\\\/dji-osmo-action-6-diving-accessory-kit\\\/\",\"url\":\"https:\\\/\\\/www.ghostysky.com\\\/product\\\/dji-osmo-action-6-diving-accessory-kit\\\/\",\"name\":\"DJI Osmo Action 6 Diving Accessory Kit - Ghostysky\",\"isPartOf\":{\"@id\":\"https:\\\/\\\/www.ghostysky.com\\\/#website\"},\"primaryImageOfPage\":{\"@id\":\"https:\\\/\\\/www.ghostysky.com\\\/product\\\/dji-osmo-action-6-diving-accessory-kit\\\/#primaryimage\"},\"image\":{\"@id\":\"https:\\\/\\\/www.ghostysky.com\\\/product\\\/dji-osmo-action-6-diving-accessory-kit\\\/#primaryimage\"},\"thumbnailUrl\":\"https:\\\/\\\/www.ghostysky.com\\\/wp-content\\\/uploads\\\/2025\\\/11\\\/GH_DJI-Osmo-Action-6-Diving-Accessory-Kit_1.jpg\",\"datePublished\":\"2025-11-20T13:21:11+00:00\",\"dateModified\":\"2025-11-23T09:24:43+00:00\",\"description\":\"Unleash the full underwater potential of your DJI Osmo Action 6 with the comprehensive DJI Osmo Action 6 Diving Accessory Kit. Designed for divers, snorkelers, and watersports enthusiasts, this kit provides the ultimate protection, buoyancy, and stability for capturing stunning footage down to impressive depths.\",\"breadcrumb\":{\"@id\":\"https:\\\/\\\/www.ghostysky.com\\\/product\\\/dji-osmo-action-6-diving-accessory-kit\\\/#breadcrumb\"},\"inLanguage\":\"es\",\"potentialAction\":[{\"@type\":\"ReadAction\",\"target\":[\"https:\\\/\\\/www.ghostysky.com\\\/product\\\/dji-osmo-action-6-diving-accessory-kit\\\/\"]}]},{\"@type\":\"ImageObject\",\"inLanguage\":\"es\",\"@id\":\"https:\\\/\\\/www.ghostysky.com\\\/product\\\/dji-osmo-action-6-diving-accessory-kit\\\/#primaryimage\",\"url\":\"https:\\\/\\\/www.ghostysky.com\\\/wp-content\\\/uploads\\\/2025\\\/11\\\/GH_DJI-Osmo-Action-6-Diving-Accessory-Kit_1.jpg\",\"contentUrl\":\"https:\\\/\\\/www.ghostysky.com\\\/wp-content\\\/uploads\\\/2025\\\/11\\\/GH_DJI-Osmo-Action-6-Diving-Accessory-Kit_1.jpg\",\"width\":800,\"height\":800},{\"@type\":\"BreadcrumbList\",\"@id\":\"https:\\\/\\\/www.ghostysky.com\\\/product\\\/dji-osmo-action-6-diving-accessory-kit\\\/#breadcrumb\",\"itemListElement\":[{\"@type\":\"ListItem\",\"position\":1,\"name\":\"Home\",\"item\":\"https:\\\/\\\/www.ghostysky.com\\\/\"},{\"@type\":\"ListItem\",\"position\":2,\"name\":\"Shop\",\"item\":\"https:\\\/\\\/www.ghostysky.com\\\/shop\\\/\"},{\"@type\":\"ListItem\",\"position\":3,\"name\":\"DJI Osmo Action 6 Diving Accessory Kit\"}]},{\"@type\":\"WebSite\",\"@id\":\"https:\\\/\\\/www.ghostysky.com\\\/#website\",\"url\":\"https:\\\/\\\/www.ghostysky.com\\\/\",\"name\":\"Ghostysky\",\"description\":\"Delivering professional drones and services\",\"publisher\":{\"@id\":\"https:\\\/\\\/www.ghostysky.com\\\/#organization\"},\"potentialAction\":[{\"@type\":\"SearchAction\",\"target\":{\"@type\":\"EntryPoint\",\"urlTemplate\":\"https:\\\/\\\/www.ghostysky.com\\\/?s={search_term_string}\"},\"query-input\":{\"@type\":\"PropertyValueSpecification\",\"valueRequired\":true,\"valueName\":\"search_term_string\"}}],\"inLanguage\":\"es\"},{\"@type\":\"Organization\",\"@id\":\"https:\\\/\\\/www.ghostysky.com\\\/#organization\",\"name\":\"Ghostysky\",\"url\":\"https:\\\/\\\/www.ghostysky.com\\\/\",\"logo\":{\"@type\":\"ImageObject\",\"inLanguage\":\"es\",\"@id\":\"https:\\\/\\\/www.ghostysky.com\\\/#\\\/schema\\\/logo\\\/image\\\/\",\"url\":\"https:\\\/\\\/www.ghostysky.com\\\/wp-content\\\/uploads\\\/2020\\\/06\\\/cropped-ghostyskylogo_text_white2.png\",\"contentUrl\":\"https:\\\/\\\/www.ghostysky.com\\\/wp-content\\\/uploads\\\/2020\\\/06\\\/cropped-ghostyskylogo_text_white2.png\",\"width\":169,\"height\":56,\"caption\":\"Ghostysky\"},\"image\":{\"@id\":\"https:\\\/\\\/www.ghostysky.com\\\/#\\\/schema\\\/logo\\\/image\\\/\"},\"sameAs\":[\"https:\\\/\\\/www.facebook.com\\\/people\\\/Ghostysky\\\/100057676170234\\\/\",\"https:\\\/\\\/x.com\\\/Gh0stysky\",\"https:\\\/\\\/www.linkedin.com\\\/company\\\/34739653\",\"https:\\\/\\\/www.instagram.com\\\/gh0stysky\"]}]}<\/script>\n<!-- \/ Yoast SEO plugin. -->","yoast_head_json":{"title":"Kit de accesorios de buceo para DJI Osmo Action 6 - Ghostysky","description":"Desata todo el potencial submarino de tu DJI Osmo Action 6 con el completo kit de accesorios de buceo DJI Osmo Action 6. Dise\u00f1ado para buceadores, practicantes de snorkel y amantes de los deportes acu\u00e1ticos, este kit proporciona la m\u00e1xima protecci\u00f3n, flotabilidad y estabilidad para capturar im\u00e1genes impresionantes a profundidades vertiginosas.","robots":{"index":"index","follow":"follow","max-snippet":"max-snippet:-1","max-image-preview":"max-image-preview:large","max-video-preview":"max-video-preview:-1"},"canonical":"https:\/\/www.ghostysky.com\/es\/producto-2\/dji-osmo-action-6-diving-accessory-kit\/","og_locale":"es_ES","og_type":"article","og_title":"DJI Osmo Action 6 Diving Accessory Kit - Ghostysky","og_description":"Unleash the full underwater potential of your DJI Osmo Action 6 with the comprehensive DJI Osmo Action 6 Diving Accessory Kit. Designed for divers, snorkelers, and watersports enthusiasts, this kit provides the ultimate protection, buoyancy, and stability for capturing stunning footage down to impressive depths.","og_url":"https:\/\/www.ghostysky.com\/es\/producto-2\/dji-osmo-action-6-diving-accessory-kit\/","og_site_name":"Ghostysky","article_publisher":"https:\/\/www.facebook.com\/people\/Ghostysky\/100057676170234\/","article_modified_time":"2025-11-23T09:24:43+00:00","og_image":[{"width":800,"height":800,"url":"https:\/\/www.ghostysky.com\/wp-content\/uploads\/2025\/11\/GH_DJI-Osmo-Action-6-Diving-Accessory-Kit_1.jpg","type":"image\/jpeg"}],"twitter_card":"summary_large_image","twitter_site":"@Gh0stysky","twitter_misc":{"Tiempo de lectura":"2 minutos"},"schema":{"@context":"https:\/\/schema.org","@graph":[{"@type":"WebPage","@id":"https:\/\/www.ghostysky.com\/product\/dji-osmo-action-6-diving-accessory-kit\/","url":"https:\/\/www.ghostysky.com\/product\/dji-osmo-action-6-diving-accessory-kit\/","name":"Kit de accesorios de buceo para DJI Osmo Action 6 - Ghostysky","isPartOf":{"@id":"https:\/\/www.ghostysky.com\/#website"},"primaryImageOfPage":{"@id":"https:\/\/www.ghostysky.com\/product\/dji-osmo-action-6-diving-accessory-kit\/#primaryimage"},"image":{"@id":"https:\/\/www.ghostysky.com\/product\/dji-osmo-action-6-diving-accessory-kit\/#primaryimage"},"thumbnailUrl":"https:\/\/www.ghostysky.com\/wp-content\/uploads\/2025\/11\/GH_DJI-Osmo-Action-6-Diving-Accessory-Kit_1.jpg","datePublished":"2025-11-20T13:21:11+00:00","dateModified":"2025-11-23T09:24:43+00:00","description":"Desata todo el potencial submarino de tu DJI Osmo Action 6 con el completo kit de accesorios de buceo DJI Osmo Action 6. Dise\u00f1ado para buceadores, practicantes de snorkel y amantes de los deportes acu\u00e1ticos, este kit proporciona la m\u00e1xima protecci\u00f3n, flotabilidad y estabilidad para capturar im\u00e1genes impresionantes a profundidades vertiginosas.","breadcrumb":{"@id":"https:\/\/www.ghostysky.com\/product\/dji-osmo-action-6-diving-accessory-kit\/#breadcrumb"},"inLanguage":"es","potentialAction":[{"@type":"ReadAction","target":["https:\/\/www.ghostysky.com\/product\/dji-osmo-action-6-diving-accessory-kit\/"]}]},{"@type":"ImageObject","inLanguage":"es","@id":"https:\/\/www.ghostysky.com\/product\/dji-osmo-action-6-diving-accessory-kit\/#primaryimage","url":"https:\/\/www.ghostysky.com\/wp-content\/uploads\/2025\/11\/GH_DJI-Osmo-Action-6-Diving-Accessory-Kit_1.jpg","contentUrl":"https:\/\/www.ghostysky.com\/wp-content\/uploads\/2025\/11\/GH_DJI-Osmo-Action-6-Diving-Accessory-Kit_1.jpg","width":800,"height":800},{"@type":"BreadcrumbList","@id":"https:\/\/www.ghostysky.com\/product\/dji-osmo-action-6-diving-accessory-kit\/#breadcrumb","itemListElement":[{"@type":"ListItem","position":1,"name":"Home","item":"https:\/\/www.ghostysky.com\/"},{"@type":"ListItem","position":2,"name":"Shop","item":"https:\/\/www.ghostysky.com\/shop\/"},{"@type":"ListItem","position":3,"name":"DJI Osmo Action 6 Diving Accessory Kit"}]},{"@type":"WebSite","@id":"https:\/\/www.ghostysky.com\/#website","url":"https:\/\/www.ghostysky.com\/","name":"Ghostysky","description":"Entrega de drones y servicios profesionales","publisher":{"@id":"https:\/\/www.ghostysky.com\/#organization"},"potentialAction":[{"@type":"SearchAction","target":{"@type":"EntryPoint","urlTemplate":"https:\/\/www.ghostysky.com\/?s={search_term_string}"},"query-input":{"@type":"PropertyValueSpecification","valueRequired":true,"valueName":"search_term_string"}}],"inLanguage":"es"},{"@type":"Organization","@id":"https:\/\/www.ghostysky.com\/#organization","name":"Ghostysky","url":"https:\/\/www.ghostysky.com\/","logo":{"@type":"ImageObject","inLanguage":"es","@id":"https:\/\/www.ghostysky.com\/#\/schema\/logo\/image\/","url":"https:\/\/www.ghostysky.com\/wp-content\/uploads\/2020\/06\/cropped-ghostyskylogo_text_white2.png","contentUrl":"https:\/\/www.ghostysky.com\/wp-content\/uploads\/2020\/06\/cropped-ghostyskylogo_text_white2.png","width":169,"height":56,"caption":"Ghostysky"},"image":{"@id":"https:\/\/www.ghostysky.com\/#\/schema\/logo\/image\/"},"sameAs":["https:\/\/www.facebook.com\/people\/Ghostysky\/100057676170234\/","https:\/\/x.com\/Gh0stysky","https:\/\/www.linkedin.com\/company\/34739653","https:\/\/www.instagram.com\/gh0stysky"]}]}},"_links":{"self":[{"href":"https:\/\/www.ghostysky.com\/es\/wp-json\/wp\/v2\/product\/23327","targetHints":{"allow":["GET"]}}],"collection":[{"href":"https:\/\/www.ghostysky.com\/es\/wp-json\/wp\/v2\/product"}],"about":[{"href":"https:\/\/www.ghostysky.com\/es\/wp-json\/wp\/v2\/types\/product"}],"replies":[{"embeddable":true,"href":"https:\/\/www.ghostysky.com\/es\/wp-json\/wp\/v2\/comments?post=23327"}],"wp:featuredmedia":[{"embeddable":true,"href":"https:\/\/www.ghostysky.com\/es\/wp-json\/wp\/v2\/media\/23329"}],"wp:attachment":[{"href":"https:\/\/www.ghostysky.com\/es\/wp-json\/wp\/v2\/media?parent=23327"}],"wp:term":[{"taxonomy":"product_brand","embeddable":true,"href":"https:\/\/www.ghostysky.com\/es\/wp-json\/wp\/v2\/product_brand?post=23327"},{"taxonomy":"product_cat","embeddable":true,"href":"https:\/\/www.ghostysky.com\/es\/wp-json\/wp\/v2\/product_cat?post=23327"},{"taxonomy":"product_tag","embeddable":true,"href":"https:\/\/www.ghostysky.com\/es\/wp-json\/wp\/v2\/product_tag?post=23327"}],"curies":[{"name":"wp","href":"https:\/\/api.w.org\/{rel}","templated":true}]}}